{"id":70317881,"date":"2020-09-15T16:38:23","date_gmt":"2020-09-15T14:38:23","guid":{"rendered":"https:\/\/bpk-archive.de\/tuellmann\/produkt\/abisag-tuellmann-und-mario-kramer-3\/"},"modified":"2020-09-15T16:47:39","modified_gmt":"2020-09-15T14:47:39","slug":"abisag-tuellmann-und-mario-kramer-3","status":"publish","type":"product","link":"https:\/\/bpk-archive.de\/tuellmann\/produkt\/abisag-tuellmann-und-mario-kramer-3\/","title":{"rendered":"Abisag T\u00fcllmann und Mario Kramer"},"content":{"rendered":"<p>Ausstellungsaufbau zur Ausstellung: Abisag T\u00fcllmann &#8211; Photojounalistische Arbeiten 1958 bis 1992, Szenenwechsel VII, Museum f\u00fcr Moderne Kunst<\/p>\n","protected":false},"excerpt":{"rendered":"<p>Ausstellungsaufbau zur Ausstellung: Abisag T\u00fcllmann &#8211; Photojounalistische Arbeiten 1958 bis 1992, Szenenwechsel VII, Museum f\u00fcr Moderne Kunst<\/p>\n","protected":false},"featured_media":70317537,"template":"","meta":[],"product_brand":[],"product_cat":[75678],"product_tag":[14308,13232,13234,13231,13233,14309,50837,50838,13471,13472,13296,13297,13487,13488,48005,48006,48007,48008,48009,48010,48011,13509,13510,13511,14328,13331,13332,13877,13879,13865,13864,13866,13863,13878,13880],"class_list":{"0":"post-70317881","1":"product","2":"type-product","3":"status-publish","4":"has-post-thumbnail","6":"product_cat-ausstellungen","7":"product_tag-1990er-jahre","8":"product_tag-20-jahrhundert-nach-chr","9":"product_tag-20-jh-n-chr","10":"product_tag-20-jahrhundert","11":"product_tag-20-jh","12":"product_tag-90er","13":"product_tag-ausstellung","14":"product_tag-ausstellungen","15":"product_tag-deutschland","16":"product_tag-deutschlands","17":"product_tag-fotografin","18":"product_tag-fotografinnen","19":"product_tag-frau","20":"product_tag-frauen","21":"product_tag-lachen","22":"product_tag-lachend","23":"product_tag-lachende","24":"product_tag-lachendem","25":"product_tag-lachenden","26":"product_tag-lachender","27":"product_tag-lachendes","28":"product_tag-museen","29":"product_tag-museum","30":"product_tag-museums","31":"product_tag-neunziger","32":"product_tag-photographin","33":"product_tag-photographinnen","34":"product_tag-s-w-fotografie","35":"product_tag-s-w-photographie","36":"product_tag-schwarzweissphotographie","37":"product_tag-schwarz-weiss-fotografie","38":"product_tag-schwarz-weiss-photographie","39":"product_tag-schwarzweissfotografie","40":"product_tag-sw-fotografie","41":"product_tag-sw-photographie","42":"pa_datierung-1-23-1996","43":"pa_fotograf-petra-welzel","44":"pa_geografischer_bezug-aufnahmeort-frankfurt-am-main","45":"pa_grunddaten_material_technik-foto","46":"pa_inventarnummer-mmk-18","47":"pa_mediennummer-75650","48":"pa_objekt_typ-fotografie","50":"first","51":"instock","52":"product-type-simple"},"yoast_head":"<!-- This site is optimized with the Yoast SEO plugin v27.3 - https:\/\/yoast.com\/product\/yoast-seo-wordpress\/ -->\n<title>Abisag T\u00fcllmann und Mario Kramer - Abisag T\u00fcllmann<\/title>\n<meta name=\"robots\" content=\"index, follow, max-snippet:-1, max-image-preview:large, max-video-preview:-1\" \/>\n<link rel=\"canonical\" href=\"https:\/\/bpk-archive.de\/tuellmann\/produkt\/abisag-tuellmann-und-mario-kramer-3\/\" \/>\n<meta property=\"og:locale\" content=\"de_DE\" \/>\n<meta property=\"og:type\" content=\"article\" \/>\n<meta property=\"og:title\" content=\"Abisag T\u00fcllmann und Mario Kramer - Abisag T\u00fcllmann\" \/>\n<meta property=\"og:description\" content=\"Ausstellungsaufbau zur Ausstellung: Abisag T\u00fcllmann &#8211; Photojounalistische Arbeiten 1958 bis 1992, Szenenwechsel VII, Museum f\u00fcr Moderne Kunst\" \/>\n<meta property=\"og:url\" content=\"https:\/\/bpk-archive.de\/tuellmann\/produkt\/abisag-tuellmann-und-mario-kramer-3\/\" \/>\n<meta property=\"og:site_name\" content=\"Abisag T\u00fcllmann\" \/>\n<meta property=\"article:modified_time\" content=\"2020-09-15T14:47:39+00:00\" \/>\n<meta property=\"og:image\" content=\"https:\/\/bpk-archive.de\/tuellmann\/wp-content\/uploads\/2020\/09\/bpk_70590566.jpg\" \/>\n\t<meta property=\"og:image:width\" content=\"1200\" \/>\n\t<meta property=\"og:image:height\" content=\"797\" \/>\n\t<meta property=\"og:image:type\" content=\"image\/jpeg\" \/>\n<meta name=\"twitter:card\" content=\"summary_large_image\" \/>\n<script type=\"application\/ld+json\" class=\"yoast-schema-graph\">{\"@context\":\"https:\\\/\\\/schema.org\",\"@graph\":[{\"@type\":\"WebPage\",\"@id\":\"https:\\\/\\\/bpk-archive.de\\\/tuellmann\\\/produkt\\\/abisag-tuellmann-und-mario-kramer-3\\\/\",\"url\":\"https:\\\/\\\/bpk-archive.de\\\/tuellmann\\\/produkt\\\/abisag-tuellmann-und-mario-kramer-3\\\/\",\"name\":\"Abisag T\u00fcllmann und Mario Kramer - Abisag T\u00fcllmann\",\"isPartOf\":{\"@id\":\"https:\\\/\\\/bpk-archive.de\\\/tuellmann\\\/#website\"},\"primaryImageOfPage\":{\"@id\":\"https:\\\/\\\/bpk-archive.de\\\/tuellmann\\\/produkt\\\/abisag-tuellmann-und-mario-kramer-3\\\/#primaryimage\"},\"image\":{\"@id\":\"https:\\\/\\\/bpk-archive.de\\\/tuellmann\\\/produkt\\\/abisag-tuellmann-und-mario-kramer-3\\\/#primaryimage\"},\"thumbnailUrl\":\"https:\\\/\\\/bpk-archive.de\\\/tuellmann\\\/wp-content\\\/uploads\\\/2020\\\/09\\\/bpk_70590566.jpg\",\"datePublished\":\"2020-09-15T14:38:23+00:00\",\"dateModified\":\"2020-09-15T14:47:39+00:00\",\"breadcrumb\":{\"@id\":\"https:\\\/\\\/bpk-archive.de\\\/tuellmann\\\/produkt\\\/abisag-tuellmann-und-mario-kramer-3\\\/#breadcrumb\"},\"inLanguage\":\"de\",\"potentialAction\":[{\"@type\":\"ReadAction\",\"target\":[\"https:\\\/\\\/bpk-archive.de\\\/tuellmann\\\/produkt\\\/abisag-tuellmann-und-mario-kramer-3\\\/\"]}]},{\"@type\":\"ImageObject\",\"inLanguage\":\"de\",\"@id\":\"https:\\\/\\\/bpk-archive.de\\\/tuellmann\\\/produkt\\\/abisag-tuellmann-und-mario-kramer-3\\\/#primaryimage\",\"url\":\"https:\\\/\\\/bpk-archive.de\\\/tuellmann\\\/wp-content\\\/uploads\\\/2020\\\/09\\\/bpk_70590566.jpg\",\"contentUrl\":\"https:\\\/\\\/bpk-archive.de\\\/tuellmann\\\/wp-content\\\/uploads\\\/2020\\\/09\\\/bpk_70590566.jpg\",\"width\":1200,\"height\":797,\"caption\":\"Ausstellungsaufbau zur Ausstellung: Abisag T\u00fcllmann - Photojounalistische Arbeiten 1958 bis 1992, Szenenwechsel VII, Museum f\u00fcr Moderne Kunst Person: Abisag T\u00fcllmann, [7.10.1935 - 24.9.1996], deutsche Fotografin Aufnahmedatum: 23.01.1996 Material\\\/Technik: Foto Aufnahmeort: Frankfurt am Main Inventar-Nr.: MMK-18\"},{\"@type\":\"BreadcrumbList\",\"@id\":\"https:\\\/\\\/bpk-archive.de\\\/tuellmann\\\/produkt\\\/abisag-tuellmann-und-mario-kramer-3\\\/#breadcrumb\",\"itemListElement\":[{\"@type\":\"ListItem\",\"position\":1,\"name\":\"Startseite\",\"item\":\"https:\\\/\\\/bpk-archive.de\\\/tuellmann\\\/\"},{\"@type\":\"ListItem\",\"position\":2,\"name\":\"Shop\",\"item\":\"https:\\\/\\\/bpk-archive.de\\\/tuellmann\\\/shop\\\/\"},{\"@type\":\"ListItem\",\"position\":3,\"name\":\"Abisag T\u00fcllmann und Mario Kramer\"}]},{\"@type\":\"WebSite\",\"@id\":\"https:\\\/\\\/bpk-archive.de\\\/tuellmann\\\/#website\",\"url\":\"https:\\\/\\\/bpk-archive.de\\\/tuellmann\\\/\",\"name\":\"Abisag T\u00fcllmann\",\"description\":\"Eine weitere WordPress-Website\",\"potentialAction\":[{\"@type\":\"SearchAction\",\"target\":{\"@type\":\"EntryPoint\",\"urlTemplate\":\"https:\\\/\\\/bpk-archive.de\\\/tuellmann\\\/?s={search_term_string}\"},\"query-input\":{\"@type\":\"PropertyValueSpecification\",\"valueRequired\":true,\"valueName\":\"search_term_string\"}}],\"inLanguage\":\"de\"}]}<\/script>\n<!-- \/ Yoast SEO plugin. -->","yoast_head_json":{"title":"Abisag T\u00fcllmann und Mario Kramer - Abisag T\u00fcllmann","robots":{"index":"index","follow":"follow","max-snippet":"max-snippet:-1","max-image-preview":"max-image-preview:large","max-video-preview":"max-video-preview:-1"},"canonical":"https:\/\/bpk-archive.de\/tuellmann\/produkt\/abisag-tuellmann-und-mario-kramer-3\/","og_locale":"de_DE","og_type":"article","og_title":"Abisag T\u00fcllmann und Mario Kramer - Abisag T\u00fcllmann","og_description":"Ausstellungsaufbau zur Ausstellung: Abisag T\u00fcllmann &#8211; Photojounalistische Arbeiten 1958 bis 1992, Szenenwechsel VII, Museum f\u00fcr Moderne Kunst","og_url":"https:\/\/bpk-archive.de\/tuellmann\/produkt\/abisag-tuellmann-und-mario-kramer-3\/","og_site_name":"Abisag T\u00fcllmann","article_modified_time":"2020-09-15T14:47:39+00:00","og_image":[{"width":1200,"height":797,"url":"https:\/\/bpk-archive.de\/tuellmann\/wp-content\/uploads\/2020\/09\/bpk_70590566.jpg","type":"image\/jpeg"}],"twitter_card":"summary_large_image","schema":{"@context":"https:\/\/schema.org","@graph":[{"@type":"WebPage","@id":"https:\/\/bpk-archive.de\/tuellmann\/produkt\/abisag-tuellmann-und-mario-kramer-3\/","url":"https:\/\/bpk-archive.de\/tuellmann\/produkt\/abisag-tuellmann-und-mario-kramer-3\/","name":"Abisag T\u00fcllmann und Mario Kramer - Abisag T\u00fcllmann","isPartOf":{"@id":"https:\/\/bpk-archive.de\/tuellmann\/#website"},"primaryImageOfPage":{"@id":"https:\/\/bpk-archive.de\/tuellmann\/produkt\/abisag-tuellmann-und-mario-kramer-3\/#primaryimage"},"image":{"@id":"https:\/\/bpk-archive.de\/tuellmann\/produkt\/abisag-tuellmann-und-mario-kramer-3\/#primaryimage"},"thumbnailUrl":"https:\/\/bpk-archive.de\/tuellmann\/wp-content\/uploads\/2020\/09\/bpk_70590566.jpg","datePublished":"2020-09-15T14:38:23+00:00","dateModified":"2020-09-15T14:47:39+00:00","breadcrumb":{"@id":"https:\/\/bpk-archive.de\/tuellmann\/produkt\/abisag-tuellmann-und-mario-kramer-3\/#breadcrumb"},"inLanguage":"de","potentialAction":[{"@type":"ReadAction","target":["https:\/\/bpk-archive.de\/tuellmann\/produkt\/abisag-tuellmann-und-mario-kramer-3\/"]}]},{"@type":"ImageObject","inLanguage":"de","@id":"https:\/\/bpk-archive.de\/tuellmann\/produkt\/abisag-tuellmann-und-mario-kramer-3\/#primaryimage","url":"https:\/\/bpk-archive.de\/tuellmann\/wp-content\/uploads\/2020\/09\/bpk_70590566.jpg","contentUrl":"https:\/\/bpk-archive.de\/tuellmann\/wp-content\/uploads\/2020\/09\/bpk_70590566.jpg","width":1200,"height":797,"caption":"Ausstellungsaufbau zur Ausstellung: Abisag T\u00fcllmann - Photojounalistische Arbeiten 1958 bis 1992, Szenenwechsel VII, Museum f\u00fcr Moderne Kunst Person: Abisag T\u00fcllmann, [7.10.1935 - 24.9.1996], deutsche Fotografin Aufnahmedatum: 23.01.1996 Material\/Technik: Foto Aufnahmeort: Frankfurt am Main Inventar-Nr.: MMK-18"},{"@type":"BreadcrumbList","@id":"https:\/\/bpk-archive.de\/tuellmann\/produkt\/abisag-tuellmann-und-mario-kramer-3\/#breadcrumb","itemListElement":[{"@type":"ListItem","position":1,"name":"Startseite","item":"https:\/\/bpk-archive.de\/tuellmann\/"},{"@type":"ListItem","position":2,"name":"Shop","item":"https:\/\/bpk-archive.de\/tuellmann\/shop\/"},{"@type":"ListItem","position":3,"name":"Abisag T\u00fcllmann und Mario Kramer"}]},{"@type":"WebSite","@id":"https:\/\/bpk-archive.de\/tuellmann\/#website","url":"https:\/\/bpk-archive.de\/tuellmann\/","name":"Abisag T\u00fcllmann","description":"Eine weitere WordPress-Website","potentialAction":[{"@type":"SearchAction","target":{"@type":"EntryPoint","urlTemplate":"https:\/\/bpk-archive.de\/tuellmann\/?s={search_term_string}"},"query-input":{"@type":"PropertyValueSpecification","valueRequired":true,"valueName":"search_term_string"}}],"inLanguage":"de"}]}},"_links":{"self":[{"href":"https:\/\/bpk-archive.de\/tuellmann\/wp-json\/wp\/v2\/product\/70317881","targetHints":{"allow":["GET"]}}],"collection":[{"href":"https:\/\/bpk-archive.de\/tuellmann\/wp-json\/wp\/v2\/product"}],"about":[{"href":"https:\/\/bpk-archive.de\/tuellmann\/wp-json\/wp\/v2\/types\/product"}],"wp:featuredmedia":[{"embeddable":true,"href":"https:\/\/bpk-archive.de\/tuellmann\/wp-json\/wp\/v2\/media\/70317537"}],"wp:attachment":[{"href":"https:\/\/bpk-archive.de\/tuellmann\/wp-json\/wp\/v2\/media?parent=70317881"}],"wp:term":[{"taxonomy":"product_brand","embeddable":true,"href":"https:\/\/bpk-archive.de\/tuellmann\/wp-json\/wp\/v2\/product_brand?post=70317881"},{"taxonomy":"product_cat","embeddable":true,"href":"https:\/\/bpk-archive.de\/tuellmann\/wp-json\/wp\/v2\/product_cat?post=70317881"},{"taxonomy":"product_tag","embeddable":true,"href":"https:\/\/bpk-archive.de\/tuellmann\/wp-json\/wp\/v2\/product_tag?post=70317881"}],"curies":[{"name":"wp","href":"https:\/\/api.w.org\/{rel}","templated":true}]}}