{"id":70316526,"date":"2020-05-27T17:18:44","date_gmt":"2020-05-27T15:18:44","guid":{"rendered":"https:\/\/bpk-archive.de\/tuellmann\/\/atbild\/demonstration-auf-dem-markusplatz-waehrend-der-biennale-1968\/"},"modified":"2020-05-27T17:18:46","modified_gmt":"2020-05-27T15:18:46","slug":"demonstration-auf-dem-markusplatz-waehrend-der-biennale-1968","status":"publish","type":"product","link":"https:\/\/bpk-archive.de\/tuellmann\/produkt\/demonstration-auf-dem-markusplatz-waehrend-der-biennale-1968\/","title":{"rendered":"Demonstration auf dem Markusplatz w\u00e4hrend der Biennale 1968"},"content":{"rendered":"<p>Die Demonstranten tragen Spruchb\u00e4nder und Schilder mit den Aufschriften &#8222;La cultura proletaria&#8220;, &#8222;Biennale fascista&#8220;, &#8222;La Svezia dice no alla Biennale della polizia&#8220;. (Scan vom Vintageprint)<\/p>\n","protected":false},"excerpt":{"rendered":"<p>Die Demonstranten tragen Spruchb\u00e4nder und Schilder mit den Aufschriften &#8222;La cultura proletaria&#8220;, &#8222;Biennale fascista&#8220;, &#8222;La Svezia dice no alla Biennale della polizia&#8220;. (Scan vom Vintageprint)<\/p>\n","protected":false},"featured_media":70315935,"template":"","meta":[],"product_brand":[],"product_cat":[],"product_tag":[13774,14054,14055,13232,13234,13231,13233,13775,14056,14057,47921,13777,14058,75363,57510,13250,50837,50838,56064,56065,13607,13608,13609,13610,13611,13612,13613,13615,13616,13617,13618,13619,13620,13621,13622,13623,13624,13253,13254,13255,13256,13257,13260,74708,55800,54071,65142,13293,13786,13787,13294,13295,47556,13301,51508,51509,51510,51511,51512,51513,51514,51515,51516,47894,48063,58644,56080,13499,13500,56081,60267,51518,51519,51520,51521,51522,51523,51524,48917,51597,51599,51600,51602,49229,47561,47562,13328,13827,13828,13329,13330,48266,56439,75364,13843,57524,57525,13641,54789,13642,13643,13644,13645,13646,13647,13648,13649,13653,47958,48924,54275,48925,13877,13879,58675,58676,58677,48499,48500,58369,13343,13344,13865,13864,13866,13858,13859,13860,13861,13862,13863,13867,13357,13358,13359,51537,51538,51539,51540,51541,51542,51543,51544,47967,13878,13880,64613,13655,13656,47968,55983,55984,55985,55986,55987,55988,55989,55990,55991,55992,55993,54859,54860],"class_list":{"0":"post-70316526","1":"product","2":"type-product","3":"status-publish","4":"has-post-thumbnail","6":"product_tag-1960er-jahre","7":"product_tag-1968er","8":"product_tag-1968er-bewegung","9":"product_tag-20-jahrhundert-nach-chr","10":"product_tag-20-jh-n-chr","11":"product_tag-20-jahrhundert","12":"product_tag-20-jh","13":"product_tag-60er","14":"product_tag-68er","15":"product_tag-68er-bewegung","16":"product_tag-abisag","17":"product_tag-abzug","18":"product_tag-achtundsechziger","19":"product_tag-antifaschismus","20":"product_tag-arbeiterklasse","21":"product_tag-aussen","22":"product_tag-ausstellung","23":"product_tag-ausstellungen","24":"product_tag-biennale","25":"product_tag-bildende-kunst","26":"product_tag-demo","27":"product_tag-demonstrant","28":"product_tag-demonstranten","29":"product_tag-demonstration","30":"product_tag-demonstrationen","31":"product_tag-demonstrationsplakat","32":"product_tag-demonstrationsschild","33":"product_tag-demonstrieren","34":"product_tag-demonstrierend","35":"product_tag-demonstrierende","36":"product_tag-demonstrierenden","37":"product_tag-demonstrierender","38":"product_tag-demonstrierendes","39":"product_tag-demonstriert","40":"product_tag-demoplakat","41":"product_tag-demos","42":"product_tag-demoschild","43":"product_tag-deutsch","44":"product_tag-deutsche","45":"product_tag-deutschen","46":"product_tag-deutscher","47":"product_tag-deutsches","48":"product_tag-draussen","49":"product_tag-faschismus","50":"product_tag-film","51":"product_tag-filmen","52":"product_tag-filmkamera","53":"product_tag-foto","54":"product_tag-fotoabzug","55":"product_tag-fotoabzuege","56":"product_tag-fotografie","57":"product_tag-fotografien","58":"product_tag-fussgaenger","59":"product_tag-im-freien","60":"product_tag-italien","61":"product_tag-italiener","62":"product_tag-italienern","63":"product_tag-italienisch","64":"product_tag-italienische","65":"product_tag-italienischen","66":"product_tag-italienischer","67":"product_tag-italienisches","68":"product_tag-italiens","69":"product_tag-journalismus","70":"product_tag-journalist","71":"product_tag-kameramann","72":"product_tag-kunst","73":"product_tag-kunstausstellung","74":"product_tag-kunstausstellungen","75":"product_tag-kuenste","76":"product_tag-markusplatz","77":"product_tag-mediterran","78":"product_tag-mediterrane","79":"product_tag-mediterranen","80":"product_tag-mediterraner","81":"product_tag-mediterranes","82":"product_tag-mittelmeerland","83":"product_tag-mittelmeerlaender","84":"product_tag-nasse","85":"product_tag-norditalien","86":"product_tag-norditalienisch","87":"product_tag-oberitalien","88":"product_tag-oberitalienisch","89":"product_tag-parole","90":"product_tag-passant","91":"product_tag-passanten","92":"product_tag-photo","93":"product_tag-photoabzug","94":"product_tag-photoabzuege","95":"product_tag-photographie","96":"product_tag-photographien","97":"product_tag-plakat","98":"product_tag-polizeigewalt","99":"product_tag-polizeistaat","100":"product_tag-print","101":"product_tag-proletariat","102":"product_tag-proletarier","103":"product_tag-protest","104":"product_tag-protestaktion","105":"product_tag-proteste","106":"product_tag-protestieren","107":"product_tag-protestierend","108":"product_tag-protestierende","109":"product_tag-protestierenden","110":"product_tag-protestierender","111":"product_tag-protestierendes","112":"product_tag-protestiert","113":"product_tag-protestschild","114":"product_tag-querformat","115":"product_tag-regen","116":"product_tag-regenschirm","117":"product_tag-regenwetter","118":"product_tag-s-w-fotografie","119":"product_tag-s-w-photographie","120":"product_tag-schaulustige","121":"product_tag-schaulustigen","122":"product_tag-schaulustiger","123":"product_tag-schild","124":"product_tag-schilder","125":"product_tag-schirm","126":"product_tag-schriftband","127":"product_tag-schriftbaender","128":"product_tag-schwarzweissphotographie","129":"product_tag-schwarz-weiss-fotografie","130":"product_tag-schwarz-weiss-photographie","131":"product_tag-schwarzweiss","132":"product_tag-schwarzweisse","133":"product_tag-schwarzweissen","134":"product_tag-schwarzweisser","135":"product_tag-schwarzweisses","136":"product_tag-schwarzweissfotografie","137":"product_tag-sechziger","138":"product_tag-spruchband","139":"product_tag-spruchbaender","140":"product_tag-spruchbaendern","141":"product_tag-suedeuropa","142":"product_tag-suedeuropaeer","143":"product_tag-suedeuropaeisch","144":"product_tag-suedeuropaeische","145":"product_tag-suedeuropaeischem","146":"product_tag-suedeuropaeischen","147":"product_tag-suedeuropaeischer","148":"product_tag-suedeuropaeisches","149":"product_tag-sw","150":"product_tag-sw-fotografie","151":"product_tag-sw-photographie","152":"product_tag-systematik_105137_id","153":"product_tag-transparent","154":"product_tag-transparente","155":"product_tag-tuellmann","156":"product_tag-venedig","157":"product_tag-venedigs","158":"product_tag-venezianer","159":"product_tag-venezianern","160":"product_tag-venezianers","161":"product_tag-venezianisch","162":"product_tag-venezianische","163":"product_tag-venezianischem","164":"product_tag-venezianischen","165":"product_tag-venezianischer","166":"product_tag-venezianisches","167":"product_tag-vorwurf","168":"product_tag-vorwuerfe","169":"pa_datierung-juni-1968","170":"pa_fotograf-abisag-tuellmann","171":"pa_geografischer_bezug-aufnahmeort-venedig-italien","172":"pa_grunddaten_material_technik-foto","173":"pa_inventarnummer-tue-68-098-32","174":"pa_jahr_von-14267","175":"pa_mediennummer-75361","176":"pa_objekttyp-fotografie","178":"first","179":"instock","180":"product-type-simple"},"yoast_head":"<!-- This site is optimized with the Yoast SEO plugin v27.4 - https:\/\/yoast.com\/product\/yoast-seo-wordpress\/ -->\n<title>Demonstration auf dem Markusplatz w\u00e4hrend der Biennale 1968 - Abisag T\u00fcllmann<\/title>\n<meta name=\"robots\" content=\"index, follow, max-snippet:-1, max-image-preview:large, max-video-preview:-1\" \/>\n<link rel=\"canonical\" href=\"https:\/\/bpk-archive.de\/tuellmann\/produkt\/demonstration-auf-dem-markusplatz-waehrend-der-biennale-1968\/\" \/>\n<meta property=\"og:locale\" content=\"de_DE\" \/>\n<meta property=\"og:type\" content=\"article\" \/>\n<meta property=\"og:title\" content=\"Demonstration auf dem Markusplatz w\u00e4hrend der Biennale 1968 - Abisag T\u00fcllmann\" \/>\n<meta property=\"og:description\" content=\"Die Demonstranten tragen Spruchb\u00e4nder und Schilder mit den Aufschriften &#8222;La cultura proletaria&#8220;, &#8222;Biennale fascista&#8220;, &#8222;La Svezia dice no alla Biennale della polizia&#8220;. (Scan vom Vintageprint)\" \/>\n<meta property=\"og:url\" content=\"https:\/\/bpk-archive.de\/tuellmann\/produkt\/demonstration-auf-dem-markusplatz-waehrend-der-biennale-1968\/\" \/>\n<meta property=\"og:site_name\" content=\"Abisag T\u00fcllmann\" \/>\n<meta property=\"article:modified_time\" content=\"2020-05-27T15:18:46+00:00\" \/>\n<meta property=\"og:image\" content=\"https:\/\/bpk-archive.de\/tuellmann\/wp-content\/uploads\/2020\/05\/bpk_20034628.jpg\" \/>\n\t<meta property=\"og:image:width\" content=\"1200\" \/>\n\t<meta property=\"og:image:height\" content=\"970\" \/>\n\t<meta property=\"og:image:type\" content=\"image\/jpeg\" \/>\n<meta name=\"twitter:card\" content=\"summary_large_image\" \/>\n<script type=\"application\/ld+json\" class=\"yoast-schema-graph\">{\"@context\":\"https:\\\/\\\/schema.org\",\"@graph\":[{\"@type\":\"WebPage\",\"@id\":\"https:\\\/\\\/bpk-archive.de\\\/tuellmann\\\/produkt\\\/demonstration-auf-dem-markusplatz-waehrend-der-biennale-1968\\\/\",\"url\":\"https:\\\/\\\/bpk-archive.de\\\/tuellmann\\\/produkt\\\/demonstration-auf-dem-markusplatz-waehrend-der-biennale-1968\\\/\",\"name\":\"Demonstration auf dem Markusplatz w\u00e4hrend der Biennale 1968 - Abisag T\u00fcllmann\",\"isPartOf\":{\"@id\":\"https:\\\/\\\/bpk-archive.de\\\/tuellmann\\\/#website\"},\"primaryImageOfPage\":{\"@id\":\"https:\\\/\\\/bpk-archive.de\\\/tuellmann\\\/produkt\\\/demonstration-auf-dem-markusplatz-waehrend-der-biennale-1968\\\/#primaryimage\"},\"image\":{\"@id\":\"https:\\\/\\\/bpk-archive.de\\\/tuellmann\\\/produkt\\\/demonstration-auf-dem-markusplatz-waehrend-der-biennale-1968\\\/#primaryimage\"},\"thumbnailUrl\":\"https:\\\/\\\/bpk-archive.de\\\/tuellmann\\\/wp-content\\\/uploads\\\/2020\\\/05\\\/bpk_20034628.jpg\",\"datePublished\":\"2020-05-27T15:18:44+00:00\",\"dateModified\":\"2020-05-27T15:18:46+00:00\",\"breadcrumb\":{\"@id\":\"https:\\\/\\\/bpk-archive.de\\\/tuellmann\\\/produkt\\\/demonstration-auf-dem-markusplatz-waehrend-der-biennale-1968\\\/#breadcrumb\"},\"inLanguage\":\"de\",\"potentialAction\":[{\"@type\":\"ReadAction\",\"target\":[\"https:\\\/\\\/bpk-archive.de\\\/tuellmann\\\/produkt\\\/demonstration-auf-dem-markusplatz-waehrend-der-biennale-1968\\\/\"]}]},{\"@type\":\"ImageObject\",\"inLanguage\":\"de\",\"@id\":\"https:\\\/\\\/bpk-archive.de\\\/tuellmann\\\/produkt\\\/demonstration-auf-dem-markusplatz-waehrend-der-biennale-1968\\\/#primaryimage\",\"url\":\"https:\\\/\\\/bpk-archive.de\\\/tuellmann\\\/wp-content\\\/uploads\\\/2020\\\/05\\\/bpk_20034628.jpg\",\"contentUrl\":\"https:\\\/\\\/bpk-archive.de\\\/tuellmann\\\/wp-content\\\/uploads\\\/2020\\\/05\\\/bpk_20034628.jpg\",\"width\":1200,\"height\":970,\"caption\":\"Die Demonstranten tragen Spruchb\u00e4nder und Schilder mit den Aufschriften \\\"La cultura proletaria\\\", \\\"Biennale fascista\\\", \\\"La Svezia dice no alla Biennale della polizia\\\". (Scan vom Vintageprint) Aufnahmedatum: Juni 1968 Material\\\/Technik: Foto Aufnahmeort: Venedig \\\/ Italien Inventar-Nr.: T\u00fc 68\\\/098-32\"},{\"@type\":\"BreadcrumbList\",\"@id\":\"https:\\\/\\\/bpk-archive.de\\\/tuellmann\\\/produkt\\\/demonstration-auf-dem-markusplatz-waehrend-der-biennale-1968\\\/#breadcrumb\",\"itemListElement\":[{\"@type\":\"ListItem\",\"position\":1,\"name\":\"Startseite\",\"item\":\"https:\\\/\\\/bpk-archive.de\\\/tuellmann\\\/\"},{\"@type\":\"ListItem\",\"position\":2,\"name\":\"Shop\",\"item\":\"https:\\\/\\\/bpk-archive.de\\\/tuellmann\\\/shop\\\/\"},{\"@type\":\"ListItem\",\"position\":3,\"name\":\"Demonstration auf dem Markusplatz w\u00e4hrend der Biennale 1968\"}]},{\"@type\":\"WebSite\",\"@id\":\"https:\\\/\\\/bpk-archive.de\\\/tuellmann\\\/#website\",\"url\":\"https:\\\/\\\/bpk-archive.de\\\/tuellmann\\\/\",\"name\":\"Abisag T\u00fcllmann\",\"description\":\"Eine weitere WordPress-Website\",\"potentialAction\":[{\"@type\":\"SearchAction\",\"target\":{\"@type\":\"EntryPoint\",\"urlTemplate\":\"https:\\\/\\\/bpk-archive.de\\\/tuellmann\\\/?s={search_term_string}\"},\"query-input\":{\"@type\":\"PropertyValueSpecification\",\"valueRequired\":true,\"valueName\":\"search_term_string\"}}],\"inLanguage\":\"de\"}]}<\/script>\n<!-- \/ Yoast SEO plugin. -->","yoast_head_json":{"title":"Demonstration auf dem Markusplatz w\u00e4hrend der Biennale 1968 - Abisag T\u00fcllmann","robots":{"index":"index","follow":"follow","max-snippet":"max-snippet:-1","max-image-preview":"max-image-preview:large","max-video-preview":"max-video-preview:-1"},"canonical":"https:\/\/bpk-archive.de\/tuellmann\/produkt\/demonstration-auf-dem-markusplatz-waehrend-der-biennale-1968\/","og_locale":"de_DE","og_type":"article","og_title":"Demonstration auf dem Markusplatz w\u00e4hrend der Biennale 1968 - Abisag T\u00fcllmann","og_description":"Die Demonstranten tragen Spruchb\u00e4nder und Schilder mit den Aufschriften &#8222;La cultura proletaria&#8220;, &#8222;Biennale fascista&#8220;, &#8222;La Svezia dice no alla Biennale della polizia&#8220;. (Scan vom Vintageprint)","og_url":"https:\/\/bpk-archive.de\/tuellmann\/produkt\/demonstration-auf-dem-markusplatz-waehrend-der-biennale-1968\/","og_site_name":"Abisag T\u00fcllmann","article_modified_time":"2020-05-27T15:18:46+00:00","og_image":[{"width":1200,"height":970,"url":"https:\/\/bpk-archive.de\/tuellmann\/wp-content\/uploads\/2020\/05\/bpk_20034628.jpg","type":"image\/jpeg"}],"twitter_card":"summary_large_image","schema":{"@context":"https:\/\/schema.org","@graph":[{"@type":"WebPage","@id":"https:\/\/bpk-archive.de\/tuellmann\/produkt\/demonstration-auf-dem-markusplatz-waehrend-der-biennale-1968\/","url":"https:\/\/bpk-archive.de\/tuellmann\/produkt\/demonstration-auf-dem-markusplatz-waehrend-der-biennale-1968\/","name":"Demonstration auf dem Markusplatz w\u00e4hrend der Biennale 1968 - Abisag T\u00fcllmann","isPartOf":{"@id":"https:\/\/bpk-archive.de\/tuellmann\/#website"},"primaryImageOfPage":{"@id":"https:\/\/bpk-archive.de\/tuellmann\/produkt\/demonstration-auf-dem-markusplatz-waehrend-der-biennale-1968\/#primaryimage"},"image":{"@id":"https:\/\/bpk-archive.de\/tuellmann\/produkt\/demonstration-auf-dem-markusplatz-waehrend-der-biennale-1968\/#primaryimage"},"thumbnailUrl":"https:\/\/bpk-archive.de\/tuellmann\/wp-content\/uploads\/2020\/05\/bpk_20034628.jpg","datePublished":"2020-05-27T15:18:44+00:00","dateModified":"2020-05-27T15:18:46+00:00","breadcrumb":{"@id":"https:\/\/bpk-archive.de\/tuellmann\/produkt\/demonstration-auf-dem-markusplatz-waehrend-der-biennale-1968\/#breadcrumb"},"inLanguage":"de","potentialAction":[{"@type":"ReadAction","target":["https:\/\/bpk-archive.de\/tuellmann\/produkt\/demonstration-auf-dem-markusplatz-waehrend-der-biennale-1968\/"]}]},{"@type":"ImageObject","inLanguage":"de","@id":"https:\/\/bpk-archive.de\/tuellmann\/produkt\/demonstration-auf-dem-markusplatz-waehrend-der-biennale-1968\/#primaryimage","url":"https:\/\/bpk-archive.de\/tuellmann\/wp-content\/uploads\/2020\/05\/bpk_20034628.jpg","contentUrl":"https:\/\/bpk-archive.de\/tuellmann\/wp-content\/uploads\/2020\/05\/bpk_20034628.jpg","width":1200,"height":970,"caption":"Die Demonstranten tragen Spruchb\u00e4nder und Schilder mit den Aufschriften \"La cultura proletaria\", \"Biennale fascista\", \"La Svezia dice no alla Biennale della polizia\". (Scan vom Vintageprint) Aufnahmedatum: Juni 1968 Material\/Technik: Foto Aufnahmeort: Venedig \/ Italien Inventar-Nr.: T\u00fc 68\/098-32"},{"@type":"BreadcrumbList","@id":"https:\/\/bpk-archive.de\/tuellmann\/produkt\/demonstration-auf-dem-markusplatz-waehrend-der-biennale-1968\/#breadcrumb","itemListElement":[{"@type":"ListItem","position":1,"name":"Startseite","item":"https:\/\/bpk-archive.de\/tuellmann\/"},{"@type":"ListItem","position":2,"name":"Shop","item":"https:\/\/bpk-archive.de\/tuellmann\/shop\/"},{"@type":"ListItem","position":3,"name":"Demonstration auf dem Markusplatz w\u00e4hrend der Biennale 1968"}]},{"@type":"WebSite","@id":"https:\/\/bpk-archive.de\/tuellmann\/#website","url":"https:\/\/bpk-archive.de\/tuellmann\/","name":"Abisag T\u00fcllmann","description":"Eine weitere WordPress-Website","potentialAction":[{"@type":"SearchAction","target":{"@type":"EntryPoint","urlTemplate":"https:\/\/bpk-archive.de\/tuellmann\/?s={search_term_string}"},"query-input":{"@type":"PropertyValueSpecification","valueRequired":true,"valueName":"search_term_string"}}],"inLanguage":"de"}]}},"_links":{"self":[{"href":"https:\/\/bpk-archive.de\/tuellmann\/wp-json\/wp\/v2\/product\/70316526","targetHints":{"allow":["GET"]}}],"collection":[{"href":"https:\/\/bpk-archive.de\/tuellmann\/wp-json\/wp\/v2\/product"}],"about":[{"href":"https:\/\/bpk-archive.de\/tuellmann\/wp-json\/wp\/v2\/types\/product"}],"wp:featuredmedia":[{"embeddable":true,"href":"https:\/\/bpk-archive.de\/tuellmann\/wp-json\/wp\/v2\/media\/70315935"}],"wp:attachment":[{"href":"https:\/\/bpk-archive.de\/tuellmann\/wp-json\/wp\/v2\/media?parent=70316526"}],"wp:term":[{"taxonomy":"product_brand","embeddable":true,"href":"https:\/\/bpk-archive.de\/tuellmann\/wp-json\/wp\/v2\/product_brand?post=70316526"},{"taxonomy":"product_cat","embeddable":true,"href":"https:\/\/bpk-archive.de\/tuellmann\/wp-json\/wp\/v2\/product_cat?post=70316526"},{"taxonomy":"product_tag","embeddable":true,"href":"https:\/\/bpk-archive.de\/tuellmann\/wp-json\/wp\/v2\/product_tag?post=70316526"}],"curies":[{"name":"wp","href":"https:\/\/api.w.org\/{rel}","templated":true}]}}