{"id":70316523,"date":"2020-05-27T17:18:20","date_gmt":"2020-05-27T15:18:20","guid":{"rendered":"https:\/\/bpk-archive.de\/tuellmann\/\/atbild\/notation-des-komponisten-gyoergy-ligeti-bei-den-19-internationalen-ferienkursen-fuer-neue-musik\/"},"modified":"2020-08-11T16:41:24","modified_gmt":"2020-08-11T14:41:24","slug":"notation-des-komponisten-gyoergy-ligeti-bei-den-19-internationalen-ferienkursen-fuer-neue-musik","status":"publish","type":"product","link":"https:\/\/bpk-archive.de\/tuellmann\/produkt\/notation-des-komponisten-gyoergy-ligeti-bei-den-19-internationalen-ferienkursen-fuer-neue-musik\/","title":{"rendered":"Notation des Komponisten Gy\u00f6rgy Ligeti bei den 19. Internationalen Ferienkursen f\u00fcr Neue Musik"},"content":{"rendered":"<p>(Scan vom Vintageprint)<\/p>\n","protected":false},"excerpt":{"rendered":"<p>(Scan vom Vintageprint)<\/p>\n","protected":false},"featured_media":70315938,"template":"","meta":[],"product_brand":[],"product_cat":[73388],"product_tag":[75338,13774,13232,13234,13231,13233,13775,47921,13777,60424,60425,60426,60427,60428,60429,13784,13785,13469,50567,50568,50569,50570,13470,67561,13253,13254,13255,13256,13257,13471,13472,75296,75297,13293,13786,13787,13294,13295,75327,75328,13492,13493,13494,13495,13496,13497,55448,55449,55450,55451,55452,67552,67553,67564,53216,53217,75329,49802,56158,56159,61141,61142,56160,75308,67569,64012,64013,67570,67571,64014,64015,58650,58651,58652,58653,58654,58655,58656,47899,47900,13328,13827,13828,13329,13330,13829,13830,13831,13832,13833,13834,13835,13836,13837,13838,13839,13840,13841,13842,13843,55812,47958,13877,13879,48111,13865,13864,13866,13858,13859,13860,13861,13862,13863,13867,75309,75310,13519,13520,13521,13522,13523,13524,47967,13878,13880,64613,55236,55239,55240,47968,75330,75331,75332,75333,75334,75335,75336,75337,60177,60178,48034,53938,54468,54469,54470,54471,54472],"class_list":{"0":"post-70316523","1":"product","2":"type-product","3":"status-publish","4":"has-post-thumbnail","6":"product_cat-musik-film-theater","7":"product_tag-28-5-1923-12-6-2006","8":"product_tag-1960er-jahre","9":"product_tag-20-jahrhundert-nach-chr","10":"product_tag-20-jh-n-chr","11":"product_tag-20-jahrhundert","12":"product_tag-20-jh","13":"product_tag-60er","14":"product_tag-abisag","15":"product_tag-abzug","16":"product_tag-avantgarde","17":"product_tag-avantgardistisch","18":"product_tag-avantgardistische","19":"product_tag-avantgardistischen","20":"product_tag-avantgardistischer","21":"product_tag-avantgardistisches","22":"product_tag-bildnis","23":"product_tag-bildnisse","24":"product_tag-brd","25":"product_tag-brustbild","26":"product_tag-brustbilder","27":"product_tag-brustbildnis","28":"product_tag-bruststueck","29":"product_tag-bundesrepublik-deutschland","30":"product_tag-composition","31":"product_tag-deutsch","32":"product_tag-deutsche","33":"product_tag-deutschen","34":"product_tag-deutscher","35":"product_tag-deutsches","36":"product_tag-deutschland","37":"product_tag-deutschlands","38":"product_tag-ferienkurs","39":"product_tag-ferienkurse","40":"product_tag-foto","41":"product_tag-fotoabzug","42":"product_tag-fotoabzuege","43":"product_tag-fotografie","44":"product_tag-fotografien","45":"product_tag-gyoergy","46":"product_tag-gyoergy_ligeti","47":"product_tag-hessen","48":"product_tag-hessisch","49":"product_tag-hessische","50":"product_tag-hessischen","51":"product_tag-hessischer","52":"product_tag-hessisches","53":"product_tag-international","54":"product_tag-internationale","55":"product_tag-internationalen","56":"product_tag-internationaler","57":"product_tag-internationales","58":"product_tag-komponist","59":"product_tag-komponisten","60":"product_tag-komposition","61":"product_tag-kurs","62":"product_tag-kurse","63":"product_tag-ligeti","64":"product_tag-musik","65":"product_tag-musiker","66":"product_tag-musikern","67":"product_tag-musikerportrait","68":"product_tag-musikerportraet","69":"product_tag-musikers","70":"product_tag-neue-musik","71":"product_tag-notation","72":"product_tag-notenblatt","73":"product_tag-notenblaetter","74":"product_tag-notenschrift","75":"product_tag-notenschriften","76":"product_tag-notenseite","77":"product_tag-notenseiten","78":"product_tag-oesterreicher","79":"product_tag-oesterreichisch","80":"product_tag-oesterreichische","81":"product_tag-oesterreichischem","82":"product_tag-oesterreichischen","83":"product_tag-oesterreichischer","84":"product_tag-oesterreichisches","85":"product_tag-persoenlichkeit","86":"product_tag-persoenlichkeiten","87":"product_tag-photo","88":"product_tag-photoabzug","89":"product_tag-photoabzuege","90":"product_tag-photographie","91":"product_tag-photographien","92":"product_tag-portrait","93":"product_tag-portraitaufnahme","94":"product_tag-portraitfoto","95":"product_tag-portraitfotografie","96":"product_tag-portraitphoto","97":"product_tag-portraitphotographie","98":"product_tag-portraits","99":"product_tag-portraet","100":"product_tag-portraetaufnahme","101":"product_tag-portraetfoto","102":"product_tag-portraetfotografie","103":"product_tag-portraetphoto","104":"product_tag-portraetphotographie","105":"product_tag-portraets","106":"product_tag-print","107":"product_tag-projektion","108":"product_tag-querformat","109":"product_tag-s-w-fotografie","110":"product_tag-s-w-photographie","111":"product_tag-schatten","112":"product_tag-schwarzweissphotographie","113":"product_tag-schwarz-weiss-fotografie","114":"product_tag-schwarz-weiss-photographie","115":"product_tag-schwarzweiss","116":"product_tag-schwarzweisse","117":"product_tag-schwarzweissen","118":"product_tag-schwarzweisser","119":"product_tag-schwarzweisses","120":"product_tag-schwarzweissfotografie","121":"product_tag-sechziger","122":"product_tag-sommerakademie","123":"product_tag-sommerakademien","124":"product_tag-stehen","125":"product_tag-stehend","126":"product_tag-stehende","127":"product_tag-stehenden","128":"product_tag-stehender","129":"product_tag-stehendes","130":"product_tag-sw","131":"product_tag-sw-fotografie","132":"product_tag-sw-photographie","133":"product_tag-systematik_105137_id","134":"product_tag-teilnehmer","135":"product_tag-teilnehmern","136":"product_tag-teilnehmers","137":"product_tag-tuellmann","138":"product_tag-ungar","139":"product_tag-ungaren","140":"product_tag-ungarisch","141":"product_tag-ungarische","142":"product_tag-ungarischen","143":"product_tag-ungarischer","144":"product_tag-ungarisches","145":"product_tag-ungarn","146":"product_tag-vortrag","147":"product_tag-vortraege","148":"product_tag-zeigen","149":"product_tag-zeigestock","150":"product_tag-zeitgenoessisch","151":"product_tag-zeitgenoessische","152":"product_tag-zeitgenoessischen","153":"product_tag-zeitgenoessischer","154":"product_tag-zeitgenoessisches","155":"pa_datierung-19261","156":"pa_fotograf-abisag-tuellmann","157":"pa_geografischer_bezug-aufnahmeort-darmstadt-deutschland","158":"pa_grunddaten_material_technik-foto","159":"pa_inventarnummer-tue-64-082-29","160":"pa_jahr_von-13885","161":"pa_mediennummer-75345","162":"pa_objekttyp-fotografie","164":"first","165":"instock","166":"product-type-simple"},"yoast_head":"<!-- This site is optimized with the Yoast SEO plugin v27.3 - https:\/\/yoast.com\/product\/yoast-seo-wordpress\/ -->\n<title>Notation des Komponisten Gy\u00f6rgy Ligeti bei den 19. Internationalen Ferienkursen f\u00fcr Neue Musik - Abisag T\u00fcllmann<\/title>\n<meta name=\"robots\" content=\"index, follow, max-snippet:-1, max-image-preview:large, max-video-preview:-1\" \/>\n<link rel=\"canonical\" href=\"https:\/\/bpk-archive.de\/tuellmann\/produkt\/notation-des-komponisten-gyoergy-ligeti-bei-den-19-internationalen-ferienkursen-fuer-neue-musik\/\" \/>\n<meta property=\"og:locale\" content=\"de_DE\" \/>\n<meta property=\"og:type\" content=\"article\" \/>\n<meta property=\"og:title\" content=\"Notation des Komponisten Gy\u00f6rgy Ligeti bei den 19. Internationalen Ferienkursen f\u00fcr Neue Musik - Abisag T\u00fcllmann\" \/>\n<meta property=\"og:description\" content=\"(Scan vom Vintageprint)\" \/>\n<meta property=\"og:url\" content=\"https:\/\/bpk-archive.de\/tuellmann\/produkt\/notation-des-komponisten-gyoergy-ligeti-bei-den-19-internationalen-ferienkursen-fuer-neue-musik\/\" \/>\n<meta property=\"og:site_name\" content=\"Abisag T\u00fcllmann\" \/>\n<meta property=\"article:modified_time\" content=\"2020-08-11T14:41:24+00:00\" \/>\n<meta property=\"og:image\" content=\"https:\/\/bpk-archive.de\/tuellmann\/wp-content\/uploads\/2020\/05\/bpk_20034635.jpg\" \/>\n\t<meta property=\"og:image:width\" content=\"1200\" \/>\n\t<meta property=\"og:image:height\" content=\"940\" \/>\n\t<meta property=\"og:image:type\" content=\"image\/jpeg\" \/>\n<meta name=\"twitter:card\" content=\"summary_large_image\" \/>\n<script type=\"application\/ld+json\" class=\"yoast-schema-graph\">{\"@context\":\"https:\\\/\\\/schema.org\",\"@graph\":[{\"@type\":\"WebPage\",\"@id\":\"https:\\\/\\\/bpk-archive.de\\\/tuellmann\\\/produkt\\\/notation-des-komponisten-gyoergy-ligeti-bei-den-19-internationalen-ferienkursen-fuer-neue-musik\\\/\",\"url\":\"https:\\\/\\\/bpk-archive.de\\\/tuellmann\\\/produkt\\\/notation-des-komponisten-gyoergy-ligeti-bei-den-19-internationalen-ferienkursen-fuer-neue-musik\\\/\",\"name\":\"Notation des Komponisten Gy\u00f6rgy Ligeti bei den 19. Internationalen Ferienkursen f\u00fcr Neue Musik - Abisag T\u00fcllmann\",\"isPartOf\":{\"@id\":\"https:\\\/\\\/bpk-archive.de\\\/tuellmann\\\/#website\"},\"primaryImageOfPage\":{\"@id\":\"https:\\\/\\\/bpk-archive.de\\\/tuellmann\\\/produkt\\\/notation-des-komponisten-gyoergy-ligeti-bei-den-19-internationalen-ferienkursen-fuer-neue-musik\\\/#primaryimage\"},\"image\":{\"@id\":\"https:\\\/\\\/bpk-archive.de\\\/tuellmann\\\/produkt\\\/notation-des-komponisten-gyoergy-ligeti-bei-den-19-internationalen-ferienkursen-fuer-neue-musik\\\/#primaryimage\"},\"thumbnailUrl\":\"https:\\\/\\\/bpk-archive.de\\\/tuellmann\\\/wp-content\\\/uploads\\\/2020\\\/05\\\/bpk_20034635.jpg\",\"datePublished\":\"2020-05-27T15:18:20+00:00\",\"dateModified\":\"2020-08-11T14:41:24+00:00\",\"breadcrumb\":{\"@id\":\"https:\\\/\\\/bpk-archive.de\\\/tuellmann\\\/produkt\\\/notation-des-komponisten-gyoergy-ligeti-bei-den-19-internationalen-ferienkursen-fuer-neue-musik\\\/#breadcrumb\"},\"inLanguage\":\"de\",\"potentialAction\":[{\"@type\":\"ReadAction\",\"target\":[\"https:\\\/\\\/bpk-archive.de\\\/tuellmann\\\/produkt\\\/notation-des-komponisten-gyoergy-ligeti-bei-den-19-internationalen-ferienkursen-fuer-neue-musik\\\/\"]}]},{\"@type\":\"ImageObject\",\"inLanguage\":\"de\",\"@id\":\"https:\\\/\\\/bpk-archive.de\\\/tuellmann\\\/produkt\\\/notation-des-komponisten-gyoergy-ligeti-bei-den-19-internationalen-ferienkursen-fuer-neue-musik\\\/#primaryimage\",\"url\":\"https:\\\/\\\/bpk-archive.de\\\/tuellmann\\\/wp-content\\\/uploads\\\/2020\\\/05\\\/bpk_20034635.jpg\",\"contentUrl\":\"https:\\\/\\\/bpk-archive.de\\\/tuellmann\\\/wp-content\\\/uploads\\\/2020\\\/05\\\/bpk_20034635.jpg\",\"width\":1200,\"height\":940,\"caption\":\"(Scan vom Vintageprint) Aufnahmedatum: 1964 Material\\\/Technik: Foto Aufnahmeort: Darmstadt \\\/ Deutschland Inventar-Nr.: T\u00fc 64\\\/082-29\"},{\"@type\":\"BreadcrumbList\",\"@id\":\"https:\\\/\\\/bpk-archive.de\\\/tuellmann\\\/produkt\\\/notation-des-komponisten-gyoergy-ligeti-bei-den-19-internationalen-ferienkursen-fuer-neue-musik\\\/#breadcrumb\",\"itemListElement\":[{\"@type\":\"ListItem\",\"position\":1,\"name\":\"Startseite\",\"item\":\"https:\\\/\\\/bpk-archive.de\\\/tuellmann\\\/\"},{\"@type\":\"ListItem\",\"position\":2,\"name\":\"Shop\",\"item\":\"https:\\\/\\\/bpk-archive.de\\\/tuellmann\\\/shop\\\/\"},{\"@type\":\"ListItem\",\"position\":3,\"name\":\"Notation des Komponisten Gy\u00f6rgy Ligeti bei den 19. Internationalen Ferienkursen f\u00fcr Neue Musik\"}]},{\"@type\":\"WebSite\",\"@id\":\"https:\\\/\\\/bpk-archive.de\\\/tuellmann\\\/#website\",\"url\":\"https:\\\/\\\/bpk-archive.de\\\/tuellmann\\\/\",\"name\":\"Abisag T\u00fcllmann\",\"description\":\"Eine weitere WordPress-Website\",\"potentialAction\":[{\"@type\":\"SearchAction\",\"target\":{\"@type\":\"EntryPoint\",\"urlTemplate\":\"https:\\\/\\\/bpk-archive.de\\\/tuellmann\\\/?s={search_term_string}\"},\"query-input\":{\"@type\":\"PropertyValueSpecification\",\"valueRequired\":true,\"valueName\":\"search_term_string\"}}],\"inLanguage\":\"de\"}]}<\/script>\n<!-- \/ Yoast SEO plugin. -->","yoast_head_json":{"title":"Notation des Komponisten Gy\u00f6rgy Ligeti bei den 19. Internationalen Ferienkursen f\u00fcr Neue Musik - Abisag T\u00fcllmann","robots":{"index":"index","follow":"follow","max-snippet":"max-snippet:-1","max-image-preview":"max-image-preview:large","max-video-preview":"max-video-preview:-1"},"canonical":"https:\/\/bpk-archive.de\/tuellmann\/produkt\/notation-des-komponisten-gyoergy-ligeti-bei-den-19-internationalen-ferienkursen-fuer-neue-musik\/","og_locale":"de_DE","og_type":"article","og_title":"Notation des Komponisten Gy\u00f6rgy Ligeti bei den 19. Internationalen Ferienkursen f\u00fcr Neue Musik - Abisag T\u00fcllmann","og_description":"(Scan vom Vintageprint)","og_url":"https:\/\/bpk-archive.de\/tuellmann\/produkt\/notation-des-komponisten-gyoergy-ligeti-bei-den-19-internationalen-ferienkursen-fuer-neue-musik\/","og_site_name":"Abisag T\u00fcllmann","article_modified_time":"2020-08-11T14:41:24+00:00","og_image":[{"width":1200,"height":940,"url":"https:\/\/bpk-archive.de\/tuellmann\/wp-content\/uploads\/2020\/05\/bpk_20034635.jpg","type":"image\/jpeg"}],"twitter_card":"summary_large_image","schema":{"@context":"https:\/\/schema.org","@graph":[{"@type":"WebPage","@id":"https:\/\/bpk-archive.de\/tuellmann\/produkt\/notation-des-komponisten-gyoergy-ligeti-bei-den-19-internationalen-ferienkursen-fuer-neue-musik\/","url":"https:\/\/bpk-archive.de\/tuellmann\/produkt\/notation-des-komponisten-gyoergy-ligeti-bei-den-19-internationalen-ferienkursen-fuer-neue-musik\/","name":"Notation des Komponisten Gy\u00f6rgy Ligeti bei den 19. Internationalen Ferienkursen f\u00fcr Neue Musik - Abisag T\u00fcllmann","isPartOf":{"@id":"https:\/\/bpk-archive.de\/tuellmann\/#website"},"primaryImageOfPage":{"@id":"https:\/\/bpk-archive.de\/tuellmann\/produkt\/notation-des-komponisten-gyoergy-ligeti-bei-den-19-internationalen-ferienkursen-fuer-neue-musik\/#primaryimage"},"image":{"@id":"https:\/\/bpk-archive.de\/tuellmann\/produkt\/notation-des-komponisten-gyoergy-ligeti-bei-den-19-internationalen-ferienkursen-fuer-neue-musik\/#primaryimage"},"thumbnailUrl":"https:\/\/bpk-archive.de\/tuellmann\/wp-content\/uploads\/2020\/05\/bpk_20034635.jpg","datePublished":"2020-05-27T15:18:20+00:00","dateModified":"2020-08-11T14:41:24+00:00","breadcrumb":{"@id":"https:\/\/bpk-archive.de\/tuellmann\/produkt\/notation-des-komponisten-gyoergy-ligeti-bei-den-19-internationalen-ferienkursen-fuer-neue-musik\/#breadcrumb"},"inLanguage":"de","potentialAction":[{"@type":"ReadAction","target":["https:\/\/bpk-archive.de\/tuellmann\/produkt\/notation-des-komponisten-gyoergy-ligeti-bei-den-19-internationalen-ferienkursen-fuer-neue-musik\/"]}]},{"@type":"ImageObject","inLanguage":"de","@id":"https:\/\/bpk-archive.de\/tuellmann\/produkt\/notation-des-komponisten-gyoergy-ligeti-bei-den-19-internationalen-ferienkursen-fuer-neue-musik\/#primaryimage","url":"https:\/\/bpk-archive.de\/tuellmann\/wp-content\/uploads\/2020\/05\/bpk_20034635.jpg","contentUrl":"https:\/\/bpk-archive.de\/tuellmann\/wp-content\/uploads\/2020\/05\/bpk_20034635.jpg","width":1200,"height":940,"caption":"(Scan vom Vintageprint) Aufnahmedatum: 1964 Material\/Technik: Foto Aufnahmeort: Darmstadt \/ Deutschland Inventar-Nr.: T\u00fc 64\/082-29"},{"@type":"BreadcrumbList","@id":"https:\/\/bpk-archive.de\/tuellmann\/produkt\/notation-des-komponisten-gyoergy-ligeti-bei-den-19-internationalen-ferienkursen-fuer-neue-musik\/#breadcrumb","itemListElement":[{"@type":"ListItem","position":1,"name":"Startseite","item":"https:\/\/bpk-archive.de\/tuellmann\/"},{"@type":"ListItem","position":2,"name":"Shop","item":"https:\/\/bpk-archive.de\/tuellmann\/shop\/"},{"@type":"ListItem","position":3,"name":"Notation des Komponisten Gy\u00f6rgy Ligeti bei den 19. Internationalen Ferienkursen f\u00fcr Neue Musik"}]},{"@type":"WebSite","@id":"https:\/\/bpk-archive.de\/tuellmann\/#website","url":"https:\/\/bpk-archive.de\/tuellmann\/","name":"Abisag T\u00fcllmann","description":"Eine weitere WordPress-Website","potentialAction":[{"@type":"SearchAction","target":{"@type":"EntryPoint","urlTemplate":"https:\/\/bpk-archive.de\/tuellmann\/?s={search_term_string}"},"query-input":{"@type":"PropertyValueSpecification","valueRequired":true,"valueName":"search_term_string"}}],"inLanguage":"de"}]}},"_links":{"self":[{"href":"https:\/\/bpk-archive.de\/tuellmann\/wp-json\/wp\/v2\/product\/70316523","targetHints":{"allow":["GET"]}}],"collection":[{"href":"https:\/\/bpk-archive.de\/tuellmann\/wp-json\/wp\/v2\/product"}],"about":[{"href":"https:\/\/bpk-archive.de\/tuellmann\/wp-json\/wp\/v2\/types\/product"}],"wp:featuredmedia":[{"embeddable":true,"href":"https:\/\/bpk-archive.de\/tuellmann\/wp-json\/wp\/v2\/media\/70315938"}],"wp:attachment":[{"href":"https:\/\/bpk-archive.de\/tuellmann\/wp-json\/wp\/v2\/media?parent=70316523"}],"wp:term":[{"taxonomy":"product_brand","embeddable":true,"href":"https:\/\/bpk-archive.de\/tuellmann\/wp-json\/wp\/v2\/product_brand?post=70316523"},{"taxonomy":"product_cat","embeddable":true,"href":"https:\/\/bpk-archive.de\/tuellmann\/wp-json\/wp\/v2\/product_cat?post=70316523"},{"taxonomy":"product_tag","embeddable":true,"href":"https:\/\/bpk-archive.de\/tuellmann\/wp-json\/wp\/v2\/product_tag?post=70316523"}],"curies":[{"name":"wp","href":"https:\/\/api.w.org\/{rel}","templated":true}]}}