{"id":70316522,"date":"2020-05-27T17:18:20","date_gmt":"2020-05-27T15:18:20","guid":{"rendered":"https:\/\/bpk-archive.de\/tuellmann\/\/atbild\/notation-des-komponisten-karlheinz-stockhausen-bei-den-19-internationalen-ferienkursen-fuer-neue-musiknotation-des-komponisten-karlheinz-stockhausen-bei-den-19-internationalen-ferienkursen-fuer-neue\/"},"modified":"2020-05-27T17:18:40","modified_gmt":"2020-05-27T15:18:40","slug":"notation-des-komponisten-karlheinz-stockhausen-bei-den-19-internationalen-ferienkursen-fuer-neue-musiknotation-des-komponisten-karlheinz-stockhausen-bei-den-19-internationalen-ferienkursen-fuer-neue","status":"publish","type":"product","link":"https:\/\/bpk-archive.de\/tuellmann\/produkt\/notation-des-komponisten-karlheinz-stockhausen-bei-den-19-internationalen-ferienkursen-fuer-neue-musiknotation-des-komponisten-karlheinz-stockhausen-bei-den-19-internationalen-ferienkursen-fuer-neue\/","title":{"rendered":"Notation des Komponisten Karlheinz Stockhausen bei den 19. Internationalen Ferienkursen f\u00fcr Neue MusikNotation des Komponisten Karlheinz Stockhausen bei den 19. Internationalen Ferienkursen f\u00fcr Neue Musik"},"content":{"rendered":"<p>(Scan vom Vintageprint)<\/p>\n","protected":false},"excerpt":{"rendered":"<p>(Scan vom Vintageprint)<\/p>\n","protected":false},"featured_media":70315939,"template":"","meta":[],"product_brand":[],"product_cat":[],"product_tag":[75344,13774,13232,13234,13231,13233,13775,47921,13777,60424,60425,60426,60427,60428,60429,13784,13785,13469,13470,67561,13253,13254,13255,13256,13257,13471,13472,75296,75297,13293,13786,13787,13294,13295,13492,13493,13494,13495,13496,13497,55448,55449,55450,55451,55452,75341,75342,67552,67553,67564,53216,53217,13818,13819,13826,49802,56158,56159,61141,61142,56160,75308,67569,64012,64013,67570,67571,64014,64015,47899,47900,13328,13827,13828,13329,13330,13829,13830,13831,13832,13833,13834,13835,13836,13837,13838,13839,13840,13841,13842,13843,55812,47958,13877,13879,48111,13865,13864,13866,13858,13859,13860,13861,13862,13863,13867,75309,75310,13519,13520,13521,13522,13523,13524,75343,47967,13878,13880,64613,55236,55239,55240,47968,60177,60178,54468,54469,54470,54471,54472],"class_list":{"0":"post-70316522","1":"product","2":"type-product","3":"status-publish","4":"has-post-thumbnail","6":"product_tag-1928-2007","7":"product_tag-1960er-jahre","8":"product_tag-20-jahrhundert-nach-chr","9":"product_tag-20-jh-n-chr","10":"product_tag-20-jahrhundert","11":"product_tag-20-jh","12":"product_tag-60er","13":"product_tag-abisag","14":"product_tag-abzug","15":"product_tag-avantgarde","16":"product_tag-avantgardistisch","17":"product_tag-avantgardistische","18":"product_tag-avantgardistischen","19":"product_tag-avantgardistischer","20":"product_tag-avantgardistisches","21":"product_tag-bildnis","22":"product_tag-bildnisse","23":"product_tag-brd","24":"product_tag-bundesrepublik-deutschland","25":"product_tag-composition","26":"product_tag-deutsch","27":"product_tag-deutsche","28":"product_tag-deutschen","29":"product_tag-deutscher","30":"product_tag-deutsches","31":"product_tag-deutschland","32":"product_tag-deutschlands","33":"product_tag-ferienkurs","34":"product_tag-ferienkurse","35":"product_tag-foto","36":"product_tag-fotoabzug","37":"product_tag-fotoabzuege","38":"product_tag-fotografie","39":"product_tag-fotografien","40":"product_tag-hessen","41":"product_tag-hessisch","42":"product_tag-hessische","43":"product_tag-hessischen","44":"product_tag-hessischer","45":"product_tag-hessisches","46":"product_tag-international","47":"product_tag-internationale","48":"product_tag-internationalen","49":"product_tag-internationaler","50":"product_tag-internationales","51":"product_tag-karlheinz","52":"product_tag-karlheinz_stockhausen","53":"product_tag-komponist","54":"product_tag-komponisten","55":"product_tag-komposition","56":"product_tag-kurs","57":"product_tag-kurse","58":"product_tag-mann","59":"product_tag-maenner","60":"product_tag-mannes","61":"product_tag-musik","62":"product_tag-musiker","63":"product_tag-musikern","64":"product_tag-musikerportrait","65":"product_tag-musikerportraet","66":"product_tag-musikers","67":"product_tag-neue-musik","68":"product_tag-notation","69":"product_tag-notenblatt","70":"product_tag-notenblaetter","71":"product_tag-notenschrift","72":"product_tag-notenschriften","73":"product_tag-notenseite","74":"product_tag-notenseiten","75":"product_tag-persoenlichkeit","76":"product_tag-persoenlichkeiten","77":"product_tag-photo","78":"product_tag-photoabzug","79":"product_tag-photoabzuege","80":"product_tag-photographie","81":"product_tag-photographien","82":"product_tag-portrait","83":"product_tag-portraitaufnahme","84":"product_tag-portraitfoto","85":"product_tag-portraitfotografie","86":"product_tag-portraitphoto","87":"product_tag-portraitphotographie","88":"product_tag-portraits","89":"product_tag-portraet","90":"product_tag-portraetaufnahme","91":"product_tag-portraetfoto","92":"product_tag-portraetfotografie","93":"product_tag-portraetphoto","94":"product_tag-portraetphotographie","95":"product_tag-portraets","96":"product_tag-print","97":"product_tag-projektion","98":"product_tag-querformat","99":"product_tag-s-w-fotografie","100":"product_tag-s-w-photographie","101":"product_tag-schatten","102":"product_tag-schwarzweissphotographie","103":"product_tag-schwarz-weiss-fotografie","104":"product_tag-schwarz-weiss-photographie","105":"product_tag-schwarzweiss","106":"product_tag-schwarzweisse","107":"product_tag-schwarzweissen","108":"product_tag-schwarzweisser","109":"product_tag-schwarzweisses","110":"product_tag-schwarzweissfotografie","111":"product_tag-sechziger","112":"product_tag-sommerakademie","113":"product_tag-sommerakademien","114":"product_tag-stehen","115":"product_tag-stehend","116":"product_tag-stehende","117":"product_tag-stehenden","118":"product_tag-stehender","119":"product_tag-stehendes","120":"product_tag-stockhausen","121":"product_tag-sw","122":"product_tag-sw-fotografie","123":"product_tag-sw-photographie","124":"product_tag-systematik_105137_id","125":"product_tag-teilnehmer","126":"product_tag-teilnehmern","127":"product_tag-teilnehmers","128":"product_tag-tuellmann","129":"product_tag-vortrag","130":"product_tag-vortraege","131":"product_tag-zeitgenoessisch","132":"product_tag-zeitgenoessische","133":"product_tag-zeitgenoessischen","134":"product_tag-zeitgenoessischer","135":"product_tag-zeitgenoessisches","136":"pa_datierung-19261","137":"pa_fotograf-abisag-tuellmann","138":"pa_geografischer_bezug-aufnahmeort-darmstadt-deutschland","139":"pa_grunddaten_material_technik-foto","140":"pa_inventarnummer-tue-64-089-19","141":"pa_jahr_von-13885","142":"pa_mediennummer-75339","143":"pa_objekttyp-fotografie","145":"first","146":"instock","147":"product-type-simple"},"yoast_head":"<!-- This site is optimized with the Yoast SEO plugin v27.3 - https:\/\/yoast.com\/product\/yoast-seo-wordpress\/ -->\n<title>Notation des Komponisten Karlheinz Stockhausen bei den 19. Internationalen Ferienkursen f\u00fcr Neue MusikNotation des Komponisten Karlheinz Stockhausen bei den 19. Internationalen Ferienkursen f\u00fcr Neue Musik - Abisag T\u00fcllmann<\/title>\n<meta name=\"robots\" content=\"index, follow, max-snippet:-1, max-image-preview:large, max-video-preview:-1\" \/>\n<link rel=\"canonical\" href=\"https:\/\/bpk-archive.de\/tuellmann\/produkt\/notation-des-komponisten-karlheinz-stockhausen-bei-den-19-internationalen-ferienkursen-fuer-neue-musiknotation-des-komponisten-karlheinz-stockhausen-bei-den-19-internationalen-ferienkursen-fuer-neue\/\" \/>\n<meta property=\"og:locale\" content=\"de_DE\" \/>\n<meta property=\"og:type\" content=\"article\" \/>\n<meta property=\"og:title\" content=\"Notation des Komponisten Karlheinz Stockhausen bei den 19. Internationalen Ferienkursen f\u00fcr Neue MusikNotation des Komponisten Karlheinz Stockhausen bei den 19. Internationalen Ferienkursen f\u00fcr Neue Musik - Abisag T\u00fcllmann\" \/>\n<meta property=\"og:description\" content=\"(Scan vom Vintageprint)\" \/>\n<meta property=\"og:url\" content=\"https:\/\/bpk-archive.de\/tuellmann\/produkt\/notation-des-komponisten-karlheinz-stockhausen-bei-den-19-internationalen-ferienkursen-fuer-neue-musiknotation-des-komponisten-karlheinz-stockhausen-bei-den-19-internationalen-ferienkursen-fuer-neue\/\" \/>\n<meta property=\"og:site_name\" content=\"Abisag T\u00fcllmann\" \/>\n<meta property=\"article:modified_time\" content=\"2020-05-27T15:18:40+00:00\" \/>\n<meta property=\"og:image\" content=\"https:\/\/bpk-archive.de\/tuellmann\/wp-content\/uploads\/2020\/05\/bpk_20034636.jpg\" \/>\n\t<meta property=\"og:image:width\" content=\"1200\" \/>\n\t<meta property=\"og:image:height\" content=\"944\" \/>\n\t<meta property=\"og:image:type\" content=\"image\/jpeg\" \/>\n<meta name=\"twitter:card\" content=\"summary_large_image\" \/>\n<script type=\"application\/ld+json\" class=\"yoast-schema-graph\">{\"@context\":\"https:\\\/\\\/schema.org\",\"@graph\":[{\"@type\":\"WebPage\",\"@id\":\"https:\\\/\\\/bpk-archive.de\\\/tuellmann\\\/produkt\\\/notation-des-komponisten-karlheinz-stockhausen-bei-den-19-internationalen-ferienkursen-fuer-neue-musiknotation-des-komponisten-karlheinz-stockhausen-bei-den-19-internationalen-ferienkursen-fuer-neue\\\/\",\"url\":\"https:\\\/\\\/bpk-archive.de\\\/tuellmann\\\/produkt\\\/notation-des-komponisten-karlheinz-stockhausen-bei-den-19-internationalen-ferienkursen-fuer-neue-musiknotation-des-komponisten-karlheinz-stockhausen-bei-den-19-internationalen-ferienkursen-fuer-neue\\\/\",\"name\":\"Notation des Komponisten Karlheinz Stockhausen bei den 19. Internationalen Ferienkursen f\u00fcr Neue MusikNotation des Komponisten Karlheinz Stockhausen bei den 19. Internationalen Ferienkursen f\u00fcr Neue Musik - Abisag T\u00fcllmann\",\"isPartOf\":{\"@id\":\"https:\\\/\\\/bpk-archive.de\\\/tuellmann\\\/#website\"},\"primaryImageOfPage\":{\"@id\":\"https:\\\/\\\/bpk-archive.de\\\/tuellmann\\\/produkt\\\/notation-des-komponisten-karlheinz-stockhausen-bei-den-19-internationalen-ferienkursen-fuer-neue-musiknotation-des-komponisten-karlheinz-stockhausen-bei-den-19-internationalen-ferienkursen-fuer-neue\\\/#primaryimage\"},\"image\":{\"@id\":\"https:\\\/\\\/bpk-archive.de\\\/tuellmann\\\/produkt\\\/notation-des-komponisten-karlheinz-stockhausen-bei-den-19-internationalen-ferienkursen-fuer-neue-musiknotation-des-komponisten-karlheinz-stockhausen-bei-den-19-internationalen-ferienkursen-fuer-neue\\\/#primaryimage\"},\"thumbnailUrl\":\"https:\\\/\\\/bpk-archive.de\\\/tuellmann\\\/wp-content\\\/uploads\\\/2020\\\/05\\\/bpk_20034636.jpg\",\"datePublished\":\"2020-05-27T15:18:20+00:00\",\"dateModified\":\"2020-05-27T15:18:40+00:00\",\"breadcrumb\":{\"@id\":\"https:\\\/\\\/bpk-archive.de\\\/tuellmann\\\/produkt\\\/notation-des-komponisten-karlheinz-stockhausen-bei-den-19-internationalen-ferienkursen-fuer-neue-musiknotation-des-komponisten-karlheinz-stockhausen-bei-den-19-internationalen-ferienkursen-fuer-neue\\\/#breadcrumb\"},\"inLanguage\":\"de\",\"potentialAction\":[{\"@type\":\"ReadAction\",\"target\":[\"https:\\\/\\\/bpk-archive.de\\\/tuellmann\\\/produkt\\\/notation-des-komponisten-karlheinz-stockhausen-bei-den-19-internationalen-ferienkursen-fuer-neue-musiknotation-des-komponisten-karlheinz-stockhausen-bei-den-19-internationalen-ferienkursen-fuer-neue\\\/\"]}]},{\"@type\":\"ImageObject\",\"inLanguage\":\"de\",\"@id\":\"https:\\\/\\\/bpk-archive.de\\\/tuellmann\\\/produkt\\\/notation-des-komponisten-karlheinz-stockhausen-bei-den-19-internationalen-ferienkursen-fuer-neue-musiknotation-des-komponisten-karlheinz-stockhausen-bei-den-19-internationalen-ferienkursen-fuer-neue\\\/#primaryimage\",\"url\":\"https:\\\/\\\/bpk-archive.de\\\/tuellmann\\\/wp-content\\\/uploads\\\/2020\\\/05\\\/bpk_20034636.jpg\",\"contentUrl\":\"https:\\\/\\\/bpk-archive.de\\\/tuellmann\\\/wp-content\\\/uploads\\\/2020\\\/05\\\/bpk_20034636.jpg\",\"width\":1200,\"height\":944,\"caption\":\"(Scan vom Vintageprint) Aufnahmedatum: 1964 Material\\\/Technik: Foto Aufnahmeort: Darmstadt \\\/ Deutschland Inventar-Nr.: T\u00fc 64\\\/089-19\"},{\"@type\":\"BreadcrumbList\",\"@id\":\"https:\\\/\\\/bpk-archive.de\\\/tuellmann\\\/produkt\\\/notation-des-komponisten-karlheinz-stockhausen-bei-den-19-internationalen-ferienkursen-fuer-neue-musiknotation-des-komponisten-karlheinz-stockhausen-bei-den-19-internationalen-ferienkursen-fuer-neue\\\/#breadcrumb\",\"itemListElement\":[{\"@type\":\"ListItem\",\"position\":1,\"name\":\"Startseite\",\"item\":\"https:\\\/\\\/bpk-archive.de\\\/tuellmann\\\/\"},{\"@type\":\"ListItem\",\"position\":2,\"name\":\"Shop\",\"item\":\"https:\\\/\\\/bpk-archive.de\\\/tuellmann\\\/shop\\\/\"},{\"@type\":\"ListItem\",\"position\":3,\"name\":\"Notation des Komponisten Karlheinz Stockhausen bei den 19. Internationalen Ferienkursen f\u00fcr Neue MusikNotation des Komponisten Karlheinz Stockhausen bei den 19. Internationalen Ferienkursen f\u00fcr Neue Musik\"}]},{\"@type\":\"WebSite\",\"@id\":\"https:\\\/\\\/bpk-archive.de\\\/tuellmann\\\/#website\",\"url\":\"https:\\\/\\\/bpk-archive.de\\\/tuellmann\\\/\",\"name\":\"Abisag T\u00fcllmann\",\"description\":\"Eine weitere WordPress-Website\",\"potentialAction\":[{\"@type\":\"SearchAction\",\"target\":{\"@type\":\"EntryPoint\",\"urlTemplate\":\"https:\\\/\\\/bpk-archive.de\\\/tuellmann\\\/?s={search_term_string}\"},\"query-input\":{\"@type\":\"PropertyValueSpecification\",\"valueRequired\":true,\"valueName\":\"search_term_string\"}}],\"inLanguage\":\"de\"}]}<\/script>\n<!-- \/ Yoast SEO plugin. -->","yoast_head_json":{"title":"Notation des Komponisten Karlheinz Stockhausen bei den 19. Internationalen Ferienkursen f\u00fcr Neue MusikNotation des Komponisten Karlheinz Stockhausen bei den 19. Internationalen Ferienkursen f\u00fcr Neue Musik - Abisag T\u00fcllmann","robots":{"index":"index","follow":"follow","max-snippet":"max-snippet:-1","max-image-preview":"max-image-preview:large","max-video-preview":"max-video-preview:-1"},"canonical":"https:\/\/bpk-archive.de\/tuellmann\/produkt\/notation-des-komponisten-karlheinz-stockhausen-bei-den-19-internationalen-ferienkursen-fuer-neue-musiknotation-des-komponisten-karlheinz-stockhausen-bei-den-19-internationalen-ferienkursen-fuer-neue\/","og_locale":"de_DE","og_type":"article","og_title":"Notation des Komponisten Karlheinz Stockhausen bei den 19. Internationalen Ferienkursen f\u00fcr Neue MusikNotation des Komponisten Karlheinz Stockhausen bei den 19. Internationalen Ferienkursen f\u00fcr Neue Musik - Abisag T\u00fcllmann","og_description":"(Scan vom Vintageprint)","og_url":"https:\/\/bpk-archive.de\/tuellmann\/produkt\/notation-des-komponisten-karlheinz-stockhausen-bei-den-19-internationalen-ferienkursen-fuer-neue-musiknotation-des-komponisten-karlheinz-stockhausen-bei-den-19-internationalen-ferienkursen-fuer-neue\/","og_site_name":"Abisag T\u00fcllmann","article_modified_time":"2020-05-27T15:18:40+00:00","og_image":[{"width":1200,"height":944,"url":"https:\/\/bpk-archive.de\/tuellmann\/wp-content\/uploads\/2020\/05\/bpk_20034636.jpg","type":"image\/jpeg"}],"twitter_card":"summary_large_image","schema":{"@context":"https:\/\/schema.org","@graph":[{"@type":"WebPage","@id":"https:\/\/bpk-archive.de\/tuellmann\/produkt\/notation-des-komponisten-karlheinz-stockhausen-bei-den-19-internationalen-ferienkursen-fuer-neue-musiknotation-des-komponisten-karlheinz-stockhausen-bei-den-19-internationalen-ferienkursen-fuer-neue\/","url":"https:\/\/bpk-archive.de\/tuellmann\/produkt\/notation-des-komponisten-karlheinz-stockhausen-bei-den-19-internationalen-ferienkursen-fuer-neue-musiknotation-des-komponisten-karlheinz-stockhausen-bei-den-19-internationalen-ferienkursen-fuer-neue\/","name":"Notation des Komponisten Karlheinz Stockhausen bei den 19. Internationalen Ferienkursen f\u00fcr Neue MusikNotation des Komponisten Karlheinz Stockhausen bei den 19. Internationalen Ferienkursen f\u00fcr Neue Musik - Abisag T\u00fcllmann","isPartOf":{"@id":"https:\/\/bpk-archive.de\/tuellmann\/#website"},"primaryImageOfPage":{"@id":"https:\/\/bpk-archive.de\/tuellmann\/produkt\/notation-des-komponisten-karlheinz-stockhausen-bei-den-19-internationalen-ferienkursen-fuer-neue-musiknotation-des-komponisten-karlheinz-stockhausen-bei-den-19-internationalen-ferienkursen-fuer-neue\/#primaryimage"},"image":{"@id":"https:\/\/bpk-archive.de\/tuellmann\/produkt\/notation-des-komponisten-karlheinz-stockhausen-bei-den-19-internationalen-ferienkursen-fuer-neue-musiknotation-des-komponisten-karlheinz-stockhausen-bei-den-19-internationalen-ferienkursen-fuer-neue\/#primaryimage"},"thumbnailUrl":"https:\/\/bpk-archive.de\/tuellmann\/wp-content\/uploads\/2020\/05\/bpk_20034636.jpg","datePublished":"2020-05-27T15:18:20+00:00","dateModified":"2020-05-27T15:18:40+00:00","breadcrumb":{"@id":"https:\/\/bpk-archive.de\/tuellmann\/produkt\/notation-des-komponisten-karlheinz-stockhausen-bei-den-19-internationalen-ferienkursen-fuer-neue-musiknotation-des-komponisten-karlheinz-stockhausen-bei-den-19-internationalen-ferienkursen-fuer-neue\/#breadcrumb"},"inLanguage":"de","potentialAction":[{"@type":"ReadAction","target":["https:\/\/bpk-archive.de\/tuellmann\/produkt\/notation-des-komponisten-karlheinz-stockhausen-bei-den-19-internationalen-ferienkursen-fuer-neue-musiknotation-des-komponisten-karlheinz-stockhausen-bei-den-19-internationalen-ferienkursen-fuer-neue\/"]}]},{"@type":"ImageObject","inLanguage":"de","@id":"https:\/\/bpk-archive.de\/tuellmann\/produkt\/notation-des-komponisten-karlheinz-stockhausen-bei-den-19-internationalen-ferienkursen-fuer-neue-musiknotation-des-komponisten-karlheinz-stockhausen-bei-den-19-internationalen-ferienkursen-fuer-neue\/#primaryimage","url":"https:\/\/bpk-archive.de\/tuellmann\/wp-content\/uploads\/2020\/05\/bpk_20034636.jpg","contentUrl":"https:\/\/bpk-archive.de\/tuellmann\/wp-content\/uploads\/2020\/05\/bpk_20034636.jpg","width":1200,"height":944,"caption":"(Scan vom Vintageprint) Aufnahmedatum: 1964 Material\/Technik: Foto Aufnahmeort: Darmstadt \/ Deutschland Inventar-Nr.: T\u00fc 64\/089-19"},{"@type":"BreadcrumbList","@id":"https:\/\/bpk-archive.de\/tuellmann\/produkt\/notation-des-komponisten-karlheinz-stockhausen-bei-den-19-internationalen-ferienkursen-fuer-neue-musiknotation-des-komponisten-karlheinz-stockhausen-bei-den-19-internationalen-ferienkursen-fuer-neue\/#breadcrumb","itemListElement":[{"@type":"ListItem","position":1,"name":"Startseite","item":"https:\/\/bpk-archive.de\/tuellmann\/"},{"@type":"ListItem","position":2,"name":"Shop","item":"https:\/\/bpk-archive.de\/tuellmann\/shop\/"},{"@type":"ListItem","position":3,"name":"Notation des Komponisten Karlheinz Stockhausen bei den 19. Internationalen Ferienkursen f\u00fcr Neue MusikNotation des Komponisten Karlheinz Stockhausen bei den 19. Internationalen Ferienkursen f\u00fcr Neue Musik"}]},{"@type":"WebSite","@id":"https:\/\/bpk-archive.de\/tuellmann\/#website","url":"https:\/\/bpk-archive.de\/tuellmann\/","name":"Abisag T\u00fcllmann","description":"Eine weitere WordPress-Website","potentialAction":[{"@type":"SearchAction","target":{"@type":"EntryPoint","urlTemplate":"https:\/\/bpk-archive.de\/tuellmann\/?s={search_term_string}"},"query-input":{"@type":"PropertyValueSpecification","valueRequired":true,"valueName":"search_term_string"}}],"inLanguage":"de"}]}},"_links":{"self":[{"href":"https:\/\/bpk-archive.de\/tuellmann\/wp-json\/wp\/v2\/product\/70316522","targetHints":{"allow":["GET"]}}],"collection":[{"href":"https:\/\/bpk-archive.de\/tuellmann\/wp-json\/wp\/v2\/product"}],"about":[{"href":"https:\/\/bpk-archive.de\/tuellmann\/wp-json\/wp\/v2\/types\/product"}],"wp:featuredmedia":[{"embeddable":true,"href":"https:\/\/bpk-archive.de\/tuellmann\/wp-json\/wp\/v2\/media\/70315939"}],"wp:attachment":[{"href":"https:\/\/bpk-archive.de\/tuellmann\/wp-json\/wp\/v2\/media?parent=70316522"}],"wp:term":[{"taxonomy":"product_brand","embeddable":true,"href":"https:\/\/bpk-archive.de\/tuellmann\/wp-json\/wp\/v2\/product_brand?post=70316522"},{"taxonomy":"product_cat","embeddable":true,"href":"https:\/\/bpk-archive.de\/tuellmann\/wp-json\/wp\/v2\/product_cat?post=70316522"},{"taxonomy":"product_tag","embeddable":true,"href":"https:\/\/bpk-archive.de\/tuellmann\/wp-json\/wp\/v2\/product_tag?post=70316522"}],"curies":[{"name":"wp","href":"https:\/\/api.w.org\/{rel}","templated":true}]}}