{"id":70316497,"date":"2020-05-27T17:17:52","date_gmt":"2020-05-27T15:17:52","guid":{"rendered":"https:\/\/bpk-archive.de\/tuellmann\/\/atbild\/eine-frau-im-weissen-kleid-verlaesst-einen-zirkuswagen\/"},"modified":"2020-05-27T17:18:08","modified_gmt":"2020-05-27T15:18:08","slug":"eine-frau-im-weissen-kleid-verlaesst-einen-zirkuswagen","status":"publish","type":"product","link":"https:\/\/bpk-archive.de\/tuellmann\/produkt\/eine-frau-im-weissen-kleid-verlaesst-einen-zirkuswagen\/","title":{"rendered":"Eine Frau im wei\u00dfen Kleid verl\u00e4\u00dft einen Zirkuswagen"},"content":{"rendered":"<p>(Scan vom Vintageprint)<\/p>\n","protected":false},"excerpt":{"rendered":"<p>(Scan vom Vintageprint)<\/p>\n","protected":false},"featured_media":70315964,"template":"","meta":[],"product_brand":[],"product_cat":[],"product_tag":[53905,13232,13234,13231,13233,53906,47921,13777,13250,48966,48967,13784,13785,13469,13470,57456,13958,13959,13253,13254,13255,13256,13257,13471,13472,13260,13474,13475,13476,13477,13478,13479,13480,13293,13786,13787,13294,13295,13485,13486,13482,13481,13483,13484,13487,13488,13974,13975,13976,13977,13978,53907,13492,13493,13494,13495,13496,13497,13301,50598,50599,50600,13328,13827,13828,13329,13330,13829,13830,13831,13832,13833,13834,13835,13836,13837,13838,13839,13840,13841,13842,13843,13844,13845,48671,48672,13846,13847,48673,48674,48675,48676,47958,13877,13879,57481,13865,13864,13866,13858,13859,13860,13861,13862,13863,13519,13520,13521,13522,13523,13524,47967,13878,13880,64613,48117,48118,47968,48080,48081,48082,48083,48084,48085,50523,50524,47529,47530,47531,47532,47533,47534,56623,56624,56625,56626,56627,56628,49568,14252,14253,57461,75148,61138,57462,57463],"class_list":{"0":"post-70316497","1":"product","2":"type-product","3":"status-publish","4":"has-post-thumbnail","6":"product_tag-1950er-jahre","7":"product_tag-20-jahrhundert-nach-chr","8":"product_tag-20-jh-n-chr","9":"product_tag-20-jahrhundert","10":"product_tag-20-jh","11":"product_tag-50er","12":"product_tag-abisag","13":"product_tag-abzug","14":"product_tag-aussen","15":"product_tag-besucher","16":"product_tag-besuchern","17":"product_tag-bildnis","18":"product_tag-bildnisse","19":"product_tag-brd","20":"product_tag-bundesrepublik-deutschland","21":"product_tag-circus","22":"product_tag-damenportraet","23":"product_tag-damenportraets","24":"product_tag-deutsch","25":"product_tag-deutsche","26":"product_tag-deutschen","27":"product_tag-deutscher","28":"product_tag-deutsches","29":"product_tag-deutschland","30":"product_tag-deutschlands","31":"product_tag-draussen","32":"product_tag-elegant","33":"product_tag-elegante","34":"product_tag-elegantem","35":"product_tag-eleganten","36":"product_tag-eleganter","37":"product_tag-elegantes","38":"product_tag-eleganz","39":"product_tag-foto","40":"product_tag-fotoabzug","41":"product_tag-fotoabzuege","42":"product_tag-fotografie","43":"product_tag-fotografien","44":"product_tag-frankfurt-m","45":"product_tag-frankfurt-main","46":"product_tag-frankfurt-a-main","47":"product_tag-frankfurt-a-m","48":"product_tag-frankfurt-am-main","49":"product_tag-frankfurter","50":"product_tag-frau","51":"product_tag-frauen","52":"product_tag-frauenbildnis","53":"product_tag-frauenportrait","54":"product_tag-frauenportraits","55":"product_tag-frauenportraet","56":"product_tag-frauenportraets","57":"product_tag-fuenfziger","58":"product_tag-hessen","59":"product_tag-hessisch","60":"product_tag-hessische","61":"product_tag-hessischen","62":"product_tag-hessischer","63":"product_tag-hessisches","64":"product_tag-im-freien","65":"product_tag-kleid","66":"product_tag-kleider","67":"product_tag-kleidern","68":"product_tag-photo","69":"product_tag-photoabzug","70":"product_tag-photoabzuege","71":"product_tag-photographie","72":"product_tag-photographien","73":"product_tag-portrait","74":"product_tag-portraitaufnahme","75":"product_tag-portraitfoto","76":"product_tag-portraitfotografie","77":"product_tag-portraitphoto","78":"product_tag-portraitphotographie","79":"product_tag-portraits","80":"product_tag-portraet","81":"product_tag-portraetaufnahme","82":"product_tag-portraetfoto","83":"product_tag-portraetfotografie","84":"product_tag-portraetphoto","85":"product_tag-portraetphotographie","86":"product_tag-portraets","87":"product_tag-print","88":"product_tag-profil","89":"product_tag-profilansicht","90":"product_tag-profilaufnahme","91":"product_tag-profilaufnahmen","92":"product_tag-profilbild","93":"product_tag-profilbildnis","94":"product_tag-profilfoto","95":"product_tag-profilfotos","96":"product_tag-profilphoto","97":"product_tag-profilphotos","98":"product_tag-querformat","99":"product_tag-s-w-fotografie","100":"product_tag-s-w-photographie","101":"product_tag-schausteller","102":"product_tag-schwarzweissphotographie","103":"product_tag-schwarz-weiss-fotografie","104":"product_tag-schwarz-weiss-photographie","105":"product_tag-schwarzweiss","106":"product_tag-schwarzweisse","107":"product_tag-schwarzweissen","108":"product_tag-schwarzweisser","109":"product_tag-schwarzweisses","110":"product_tag-schwarzweissfotografie","111":"product_tag-stehen","112":"product_tag-stehend","113":"product_tag-stehende","114":"product_tag-stehenden","115":"product_tag-stehender","116":"product_tag-stehendes","117":"product_tag-sw","118":"product_tag-sw-fotografie","119":"product_tag-sw-photographie","120":"product_tag-systematik_105137_id","121":"product_tag-treppe","122":"product_tag-treppen","123":"product_tag-tuellmann","124":"product_tag-verlassen","125":"product_tag-verlassene","126":"product_tag-verlassenen","127":"product_tag-verlassener","128":"product_tag-verlassenes","129":"product_tag-verlassenheit","130":"product_tag-wagen","131":"product_tag-wagens","132":"product_tag-warten","133":"product_tag-wartend","134":"product_tag-wartende","135":"product_tag-wartenden","136":"product_tag-wartender","137":"product_tag-wartendes","138":"product_tag-weiss","139":"product_tag-weisse","140":"product_tag-weissem","141":"product_tag-weissen","142":"product_tag-weisser","143":"product_tag-weisses","144":"product_tag-wohnwagen","145":"product_tag-zelt","146":"product_tag-zelte","147":"product_tag-zirkus","148":"product_tag-zirkuskuenstler","149":"product_tag-zirkuswagen","150":"product_tag-zirkuszelt","151":"product_tag-zirkuszelte","152":"pa_datierung-april-1959","153":"pa_fotograf-abisag-tuellmann","154":"pa_geografischer_bezug-aufnahmeort-frankfurt-am-main-deutschland","155":"pa_grunddaten_material_technik-foto","156":"pa_inventarnummer-tue-59-091-12","157":"pa_jahr_von-53903","158":"pa_mediennummer-75146","159":"pa_objekttyp-fotografie","161":"first","162":"instock","163":"product-type-simple"},"yoast_head":"<!-- This site is optimized with the Yoast SEO plugin v27.3 - https:\/\/yoast.com\/product\/yoast-seo-wordpress\/ -->\n<title>Eine Frau im wei\u00dfen Kleid verl\u00e4\u00dft einen Zirkuswagen - Abisag T\u00fcllmann<\/title>\n<meta name=\"robots\" content=\"index, follow, max-snippet:-1, max-image-preview:large, max-video-preview:-1\" \/>\n<link rel=\"canonical\" href=\"https:\/\/bpk-archive.de\/tuellmann\/produkt\/eine-frau-im-weissen-kleid-verlaesst-einen-zirkuswagen\/\" \/>\n<meta property=\"og:locale\" content=\"de_DE\" \/>\n<meta property=\"og:type\" content=\"article\" \/>\n<meta property=\"og:title\" content=\"Eine Frau im wei\u00dfen Kleid verl\u00e4\u00dft einen Zirkuswagen - Abisag T\u00fcllmann\" \/>\n<meta property=\"og:description\" content=\"(Scan vom Vintageprint)\" \/>\n<meta property=\"og:url\" content=\"https:\/\/bpk-archive.de\/tuellmann\/produkt\/eine-frau-im-weissen-kleid-verlaesst-einen-zirkuswagen\/\" \/>\n<meta property=\"og:site_name\" content=\"Abisag T\u00fcllmann\" \/>\n<meta property=\"article:modified_time\" content=\"2020-05-27T15:18:08+00:00\" \/>\n<meta property=\"og:image\" content=\"https:\/\/bpk-archive.de\/tuellmann\/wp-content\/uploads\/2020\/05\/bpk_20034671.jpg\" \/>\n\t<meta property=\"og:image:width\" content=\"1200\" \/>\n\t<meta property=\"og:image:height\" content=\"947\" \/>\n\t<meta property=\"og:image:type\" content=\"image\/jpeg\" \/>\n<meta name=\"twitter:card\" content=\"summary_large_image\" \/>\n<script type=\"application\/ld+json\" class=\"yoast-schema-graph\">{\"@context\":\"https:\\\/\\\/schema.org\",\"@graph\":[{\"@type\":\"WebPage\",\"@id\":\"https:\\\/\\\/bpk-archive.de\\\/tuellmann\\\/produkt\\\/eine-frau-im-weissen-kleid-verlaesst-einen-zirkuswagen\\\/\",\"url\":\"https:\\\/\\\/bpk-archive.de\\\/tuellmann\\\/produkt\\\/eine-frau-im-weissen-kleid-verlaesst-einen-zirkuswagen\\\/\",\"name\":\"Eine Frau im wei\u00dfen Kleid verl\u00e4\u00dft einen Zirkuswagen - Abisag T\u00fcllmann\",\"isPartOf\":{\"@id\":\"https:\\\/\\\/bpk-archive.de\\\/tuellmann\\\/#website\"},\"primaryImageOfPage\":{\"@id\":\"https:\\\/\\\/bpk-archive.de\\\/tuellmann\\\/produkt\\\/eine-frau-im-weissen-kleid-verlaesst-einen-zirkuswagen\\\/#primaryimage\"},\"image\":{\"@id\":\"https:\\\/\\\/bpk-archive.de\\\/tuellmann\\\/produkt\\\/eine-frau-im-weissen-kleid-verlaesst-einen-zirkuswagen\\\/#primaryimage\"},\"thumbnailUrl\":\"https:\\\/\\\/bpk-archive.de\\\/tuellmann\\\/wp-content\\\/uploads\\\/2020\\\/05\\\/bpk_20034671.jpg\",\"datePublished\":\"2020-05-27T15:17:52+00:00\",\"dateModified\":\"2020-05-27T15:18:08+00:00\",\"breadcrumb\":{\"@id\":\"https:\\\/\\\/bpk-archive.de\\\/tuellmann\\\/produkt\\\/eine-frau-im-weissen-kleid-verlaesst-einen-zirkuswagen\\\/#breadcrumb\"},\"inLanguage\":\"de\",\"potentialAction\":[{\"@type\":\"ReadAction\",\"target\":[\"https:\\\/\\\/bpk-archive.de\\\/tuellmann\\\/produkt\\\/eine-frau-im-weissen-kleid-verlaesst-einen-zirkuswagen\\\/\"]}]},{\"@type\":\"ImageObject\",\"inLanguage\":\"de\",\"@id\":\"https:\\\/\\\/bpk-archive.de\\\/tuellmann\\\/produkt\\\/eine-frau-im-weissen-kleid-verlaesst-einen-zirkuswagen\\\/#primaryimage\",\"url\":\"https:\\\/\\\/bpk-archive.de\\\/tuellmann\\\/wp-content\\\/uploads\\\/2020\\\/05\\\/bpk_20034671.jpg\",\"contentUrl\":\"https:\\\/\\\/bpk-archive.de\\\/tuellmann\\\/wp-content\\\/uploads\\\/2020\\\/05\\\/bpk_20034671.jpg\",\"width\":1200,\"height\":947,\"caption\":\"(Scan vom Vintageprint) Aufnahmedatum: April 1959 Material\\\/Technik: Foto Aufnahmeort: Frankfurt am Main \\\/ Deutschland Inventar-Nr.: T\u00fc 59\\\/091-12\"},{\"@type\":\"BreadcrumbList\",\"@id\":\"https:\\\/\\\/bpk-archive.de\\\/tuellmann\\\/produkt\\\/eine-frau-im-weissen-kleid-verlaesst-einen-zirkuswagen\\\/#breadcrumb\",\"itemListElement\":[{\"@type\":\"ListItem\",\"position\":1,\"name\":\"Startseite\",\"item\":\"https:\\\/\\\/bpk-archive.de\\\/tuellmann\\\/\"},{\"@type\":\"ListItem\",\"position\":2,\"name\":\"Shop\",\"item\":\"https:\\\/\\\/bpk-archive.de\\\/tuellmann\\\/shop\\\/\"},{\"@type\":\"ListItem\",\"position\":3,\"name\":\"Eine Frau im wei\u00dfen Kleid verl\u00e4\u00dft einen Zirkuswagen\"}]},{\"@type\":\"WebSite\",\"@id\":\"https:\\\/\\\/bpk-archive.de\\\/tuellmann\\\/#website\",\"url\":\"https:\\\/\\\/bpk-archive.de\\\/tuellmann\\\/\",\"name\":\"Abisag T\u00fcllmann\",\"description\":\"Eine weitere WordPress-Website\",\"potentialAction\":[{\"@type\":\"SearchAction\",\"target\":{\"@type\":\"EntryPoint\",\"urlTemplate\":\"https:\\\/\\\/bpk-archive.de\\\/tuellmann\\\/?s={search_term_string}\"},\"query-input\":{\"@type\":\"PropertyValueSpecification\",\"valueRequired\":true,\"valueName\":\"search_term_string\"}}],\"inLanguage\":\"de\"}]}<\/script>\n<!-- \/ Yoast SEO plugin. -->","yoast_head_json":{"title":"Eine Frau im wei\u00dfen Kleid verl\u00e4\u00dft einen Zirkuswagen - Abisag T\u00fcllmann","robots":{"index":"index","follow":"follow","max-snippet":"max-snippet:-1","max-image-preview":"max-image-preview:large","max-video-preview":"max-video-preview:-1"},"canonical":"https:\/\/bpk-archive.de\/tuellmann\/produkt\/eine-frau-im-weissen-kleid-verlaesst-einen-zirkuswagen\/","og_locale":"de_DE","og_type":"article","og_title":"Eine Frau im wei\u00dfen Kleid verl\u00e4\u00dft einen Zirkuswagen - Abisag T\u00fcllmann","og_description":"(Scan vom Vintageprint)","og_url":"https:\/\/bpk-archive.de\/tuellmann\/produkt\/eine-frau-im-weissen-kleid-verlaesst-einen-zirkuswagen\/","og_site_name":"Abisag T\u00fcllmann","article_modified_time":"2020-05-27T15:18:08+00:00","og_image":[{"width":1200,"height":947,"url":"https:\/\/bpk-archive.de\/tuellmann\/wp-content\/uploads\/2020\/05\/bpk_20034671.jpg","type":"image\/jpeg"}],"twitter_card":"summary_large_image","schema":{"@context":"https:\/\/schema.org","@graph":[{"@type":"WebPage","@id":"https:\/\/bpk-archive.de\/tuellmann\/produkt\/eine-frau-im-weissen-kleid-verlaesst-einen-zirkuswagen\/","url":"https:\/\/bpk-archive.de\/tuellmann\/produkt\/eine-frau-im-weissen-kleid-verlaesst-einen-zirkuswagen\/","name":"Eine Frau im wei\u00dfen Kleid verl\u00e4\u00dft einen Zirkuswagen - Abisag T\u00fcllmann","isPartOf":{"@id":"https:\/\/bpk-archive.de\/tuellmann\/#website"},"primaryImageOfPage":{"@id":"https:\/\/bpk-archive.de\/tuellmann\/produkt\/eine-frau-im-weissen-kleid-verlaesst-einen-zirkuswagen\/#primaryimage"},"image":{"@id":"https:\/\/bpk-archive.de\/tuellmann\/produkt\/eine-frau-im-weissen-kleid-verlaesst-einen-zirkuswagen\/#primaryimage"},"thumbnailUrl":"https:\/\/bpk-archive.de\/tuellmann\/wp-content\/uploads\/2020\/05\/bpk_20034671.jpg","datePublished":"2020-05-27T15:17:52+00:00","dateModified":"2020-05-27T15:18:08+00:00","breadcrumb":{"@id":"https:\/\/bpk-archive.de\/tuellmann\/produkt\/eine-frau-im-weissen-kleid-verlaesst-einen-zirkuswagen\/#breadcrumb"},"inLanguage":"de","potentialAction":[{"@type":"ReadAction","target":["https:\/\/bpk-archive.de\/tuellmann\/produkt\/eine-frau-im-weissen-kleid-verlaesst-einen-zirkuswagen\/"]}]},{"@type":"ImageObject","inLanguage":"de","@id":"https:\/\/bpk-archive.de\/tuellmann\/produkt\/eine-frau-im-weissen-kleid-verlaesst-einen-zirkuswagen\/#primaryimage","url":"https:\/\/bpk-archive.de\/tuellmann\/wp-content\/uploads\/2020\/05\/bpk_20034671.jpg","contentUrl":"https:\/\/bpk-archive.de\/tuellmann\/wp-content\/uploads\/2020\/05\/bpk_20034671.jpg","width":1200,"height":947,"caption":"(Scan vom Vintageprint) Aufnahmedatum: April 1959 Material\/Technik: Foto Aufnahmeort: Frankfurt am Main \/ Deutschland Inventar-Nr.: T\u00fc 59\/091-12"},{"@type":"BreadcrumbList","@id":"https:\/\/bpk-archive.de\/tuellmann\/produkt\/eine-frau-im-weissen-kleid-verlaesst-einen-zirkuswagen\/#breadcrumb","itemListElement":[{"@type":"ListItem","position":1,"name":"Startseite","item":"https:\/\/bpk-archive.de\/tuellmann\/"},{"@type":"ListItem","position":2,"name":"Shop","item":"https:\/\/bpk-archive.de\/tuellmann\/shop\/"},{"@type":"ListItem","position":3,"name":"Eine Frau im wei\u00dfen Kleid verl\u00e4\u00dft einen Zirkuswagen"}]},{"@type":"WebSite","@id":"https:\/\/bpk-archive.de\/tuellmann\/#website","url":"https:\/\/bpk-archive.de\/tuellmann\/","name":"Abisag T\u00fcllmann","description":"Eine weitere WordPress-Website","potentialAction":[{"@type":"SearchAction","target":{"@type":"EntryPoint","urlTemplate":"https:\/\/bpk-archive.de\/tuellmann\/?s={search_term_string}"},"query-input":{"@type":"PropertyValueSpecification","valueRequired":true,"valueName":"search_term_string"}}],"inLanguage":"de"}]}},"_links":{"self":[{"href":"https:\/\/bpk-archive.de\/tuellmann\/wp-json\/wp\/v2\/product\/70316497","targetHints":{"allow":["GET"]}}],"collection":[{"href":"https:\/\/bpk-archive.de\/tuellmann\/wp-json\/wp\/v2\/product"}],"about":[{"href":"https:\/\/bpk-archive.de\/tuellmann\/wp-json\/wp\/v2\/types\/product"}],"wp:featuredmedia":[{"embeddable":true,"href":"https:\/\/bpk-archive.de\/tuellmann\/wp-json\/wp\/v2\/media\/70315964"}],"wp:attachment":[{"href":"https:\/\/bpk-archive.de\/tuellmann\/wp-json\/wp\/v2\/media?parent=70316497"}],"wp:term":[{"taxonomy":"product_brand","embeddable":true,"href":"https:\/\/bpk-archive.de\/tuellmann\/wp-json\/wp\/v2\/product_brand?post=70316497"},{"taxonomy":"product_cat","embeddable":true,"href":"https:\/\/bpk-archive.de\/tuellmann\/wp-json\/wp\/v2\/product_cat?post=70316497"},{"taxonomy":"product_tag","embeddable":true,"href":"https:\/\/bpk-archive.de\/tuellmann\/wp-json\/wp\/v2\/product_tag?post=70316497"}],"curies":[{"name":"wp","href":"https:\/\/api.w.org\/{rel}","templated":true}]}}