{"id":70316491,"date":"2020-05-27T17:17:52","date_gmt":"2020-05-27T15:17:52","guid":{"rendered":"https:\/\/bpk-archive.de\/tuellmann\/\/atbild\/aelterer-herr-vor-dem-verein-fuer-maessigkeit-und-volkswohl\/"},"modified":"2020-08-11T17:02:45","modified_gmt":"2020-08-11T15:02:45","slug":"aelterer-herr-vor-dem-verein-fuer-maessigkeit-und-volkswohl","status":"publish","type":"product","link":"https:\/\/bpk-archive.de\/tuellmann\/produkt\/aelterer-herr-vor-dem-verein-fuer-maessigkeit-und-volkswohl\/","title":{"rendered":"\u00c4lterer Herr vor dem Verein f\u00fcr M\u00e4\u00dfigkeit und Volkswohl"},"content":{"rendered":"<p>(Scan vom Vintageprint)<\/p>\n","protected":false},"excerpt":{"rendered":"<p>(Scan vom Vintageprint)<\/p>\n","protected":false},"featured_media":70315970,"template":"","meta":[],"product_brand":[],"product_cat":[73392],"product_tag":[13774,13232,13234,13231,13233,13775,47921,13777,47418,47419,47420,47421,47422,47423,47424,13250,75116,13784,13785,13469,13470,75117,13253,13254,13255,13256,13257,13471,13472,13260,48698,75118,13293,13786,13787,13294,13295,13485,13486,13482,13481,13483,13484,75119,75120,47650,47651,47652,48821,48822,13492,13493,13494,13495,13496,13497,13301,13818,13819,13820,13821,13822,13823,13824,13825,13826,75121,75122,75123,75124,13328,13827,13828,13329,13330,13829,13830,13831,13832,13833,13834,13835,13836,13837,13838,13839,13840,13841,13842,13843,47958,47594,47595,13877,13879,13865,13864,13866,13858,13859,13860,13861,13862,13863,13867,47967,13878,13880,64613,47968,49447,49448,53572,53573,53574,75125,47615,75126],"class_list":{"0":"post-70316491","1":"product","2":"type-product","3":"status-publish","4":"has-post-thumbnail","6":"product_cat-schilder-schriften","7":"product_tag-1960er-jahre","8":"product_tag-20-jahrhundert-nach-chr","9":"product_tag-20-jh-n-chr","10":"product_tag-20-jahrhundert","11":"product_tag-20-jh","12":"product_tag-60er","13":"product_tag-abisag","14":"product_tag-abzug","15":"product_tag-alt","16":"product_tag-alte","17":"product_tag-alten","18":"product_tag-alter","19":"product_tag-aeltere","20":"product_tag-aelterer","21":"product_tag-altes","22":"product_tag-aussen","23":"product_tag-barmherzigkeit","24":"product_tag-bildnis","25":"product_tag-bildnisse","26":"product_tag-brd","27":"product_tag-bundesrepublik-deutschland","28":"product_tag-caritas","29":"product_tag-deutsch","30":"product_tag-deutsche","31":"product_tag-deutschen","32":"product_tag-deutscher","33":"product_tag-deutsches","34":"product_tag-deutschland","35":"product_tag-deutschlands","36":"product_tag-draussen","37":"product_tag-eingang","38":"product_tag-enthaltsamkeit","39":"product_tag-foto","40":"product_tag-fotoabzug","41":"product_tag-fotoabzuege","42":"product_tag-fotografie","43":"product_tag-fotografien","44":"product_tag-frankfurt-m","45":"product_tag-frankfurt-main","46":"product_tag-frankfurt-a-main","47":"product_tag-frankfurt-a-m","48":"product_tag-frankfurt-am-main","49":"product_tag-frankfurter","50":"product_tag-gemeinnuetzig","51":"product_tag-gemeinwohl","52":"product_tag-greis","53":"product_tag-greise","54":"product_tag-greises","55":"product_tag-haustuer","56":"product_tag-haustueren","57":"product_tag-hessen","58":"product_tag-hessisch","59":"product_tag-hessische","60":"product_tag-hessischen","61":"product_tag-hessischer","62":"product_tag-hessisches","63":"product_tag-im-freien","64":"product_tag-mann","65":"product_tag-maenner","66":"product_tag-maennerbildnis","67":"product_tag-maennerbildnisse","68":"product_tag-maennerportrait","69":"product_tag-maennerportraits","70":"product_tag-maennerportraet","71":"product_tag-maennerportraets","72":"product_tag-mannes","73":"product_tag-maessigkeit","74":"product_tag-maessigung","75":"product_tag-mildtaetigkeit","76":"product_tag-naechstenliebe","77":"product_tag-photo","78":"product_tag-photoabzug","79":"product_tag-photoabzuege","80":"product_tag-photographie","81":"product_tag-photographien","82":"product_tag-portrait","83":"product_tag-portraitaufnahme","84":"product_tag-portraitfoto","85":"product_tag-portraitfotografie","86":"product_tag-portraitphoto","87":"product_tag-portraitphotographie","88":"product_tag-portraits","89":"product_tag-portraet","90":"product_tag-portraetaufnahme","91":"product_tag-portraetfoto","92":"product_tag-portraetfotografie","93":"product_tag-portraetphoto","94":"product_tag-portraetphotographie","95":"product_tag-portraets","96":"product_tag-print","97":"product_tag-querformat","98":"product_tag-rueckansicht","99":"product_tag-rueckseite","100":"product_tag-s-w-fotografie","101":"product_tag-s-w-photographie","102":"product_tag-schwarzweissphotographie","103":"product_tag-schwarz-weiss-fotografie","104":"product_tag-schwarz-weiss-photographie","105":"product_tag-schwarzweiss","106":"product_tag-schwarzweisse","107":"product_tag-schwarzweissen","108":"product_tag-schwarzweisser","109":"product_tag-schwarzweisses","110":"product_tag-schwarzweissfotografie","111":"product_tag-sechziger","112":"product_tag-sw","113":"product_tag-sw-fotografie","114":"product_tag-sw-photographie","115":"product_tag-systematik_105137_id","116":"product_tag-tuellmann","117":"product_tag-tuer","118":"product_tag-tueren","119":"product_tag-verein","120":"product_tag-vereine","121":"product_tag-vereins","122":"product_tag-volkswohl","123":"product_tag-von-hinten","124":"product_tag-wohltaetigkeit","125":"pa_datierung-20403","126":"pa_fotograf-abisag-tuellmann","127":"pa_geografischer_bezug-aufnahmeort-frankfurt-am-main-deutschland","128":"pa_grunddaten_material_technik-foto","129":"pa_inventarnummer-tue-62-022-19","130":"pa_jahr_von-57345","131":"pa_mediennummer-75114","132":"pa_objekttyp-fotografie","134":"first","135":"instock","136":"product-type-simple"},"yoast_head":"<!-- This site is optimized with the Yoast SEO plugin v27.3 - https:\/\/yoast.com\/product\/yoast-seo-wordpress\/ -->\n<title>\u00c4lterer Herr vor dem Verein f\u00fcr M\u00e4\u00dfigkeit und Volkswohl - Abisag T\u00fcllmann<\/title>\n<meta name=\"robots\" content=\"index, follow, max-snippet:-1, max-image-preview:large, max-video-preview:-1\" \/>\n<link rel=\"canonical\" href=\"https:\/\/bpk-archive.de\/tuellmann\/produkt\/aelterer-herr-vor-dem-verein-fuer-maessigkeit-und-volkswohl\/\" \/>\n<meta property=\"og:locale\" content=\"de_DE\" \/>\n<meta property=\"og:type\" content=\"article\" \/>\n<meta property=\"og:title\" content=\"\u00c4lterer Herr vor dem Verein f\u00fcr M\u00e4\u00dfigkeit und Volkswohl - Abisag T\u00fcllmann\" \/>\n<meta property=\"og:description\" content=\"(Scan vom Vintageprint)\" \/>\n<meta property=\"og:url\" content=\"https:\/\/bpk-archive.de\/tuellmann\/produkt\/aelterer-herr-vor-dem-verein-fuer-maessigkeit-und-volkswohl\/\" \/>\n<meta property=\"og:site_name\" content=\"Abisag T\u00fcllmann\" \/>\n<meta property=\"article:modified_time\" content=\"2020-08-11T15:02:45+00:00\" \/>\n<meta property=\"og:image\" content=\"https:\/\/bpk-archive.de\/tuellmann\/wp-content\/uploads\/2020\/05\/bpk_20034680.jpg\" \/>\n\t<meta property=\"og:image:width\" content=\"1200\" \/>\n\t<meta property=\"og:image:height\" content=\"950\" \/>\n\t<meta property=\"og:image:type\" content=\"image\/jpeg\" \/>\n<meta name=\"twitter:card\" content=\"summary_large_image\" \/>\n<script type=\"application\/ld+json\" class=\"yoast-schema-graph\">{\"@context\":\"https:\\\/\\\/schema.org\",\"@graph\":[{\"@type\":\"WebPage\",\"@id\":\"https:\\\/\\\/bpk-archive.de\\\/tuellmann\\\/produkt\\\/aelterer-herr-vor-dem-verein-fuer-maessigkeit-und-volkswohl\\\/\",\"url\":\"https:\\\/\\\/bpk-archive.de\\\/tuellmann\\\/produkt\\\/aelterer-herr-vor-dem-verein-fuer-maessigkeit-und-volkswohl\\\/\",\"name\":\"\u00c4lterer Herr vor dem Verein f\u00fcr M\u00e4\u00dfigkeit und Volkswohl - Abisag T\u00fcllmann\",\"isPartOf\":{\"@id\":\"https:\\\/\\\/bpk-archive.de\\\/tuellmann\\\/#website\"},\"primaryImageOfPage\":{\"@id\":\"https:\\\/\\\/bpk-archive.de\\\/tuellmann\\\/produkt\\\/aelterer-herr-vor-dem-verein-fuer-maessigkeit-und-volkswohl\\\/#primaryimage\"},\"image\":{\"@id\":\"https:\\\/\\\/bpk-archive.de\\\/tuellmann\\\/produkt\\\/aelterer-herr-vor-dem-verein-fuer-maessigkeit-und-volkswohl\\\/#primaryimage\"},\"thumbnailUrl\":\"https:\\\/\\\/bpk-archive.de\\\/tuellmann\\\/wp-content\\\/uploads\\\/2020\\\/05\\\/bpk_20034680.jpg\",\"datePublished\":\"2020-05-27T15:17:52+00:00\",\"dateModified\":\"2020-08-11T15:02:45+00:00\",\"breadcrumb\":{\"@id\":\"https:\\\/\\\/bpk-archive.de\\\/tuellmann\\\/produkt\\\/aelterer-herr-vor-dem-verein-fuer-maessigkeit-und-volkswohl\\\/#breadcrumb\"},\"inLanguage\":\"de\",\"potentialAction\":[{\"@type\":\"ReadAction\",\"target\":[\"https:\\\/\\\/bpk-archive.de\\\/tuellmann\\\/produkt\\\/aelterer-herr-vor-dem-verein-fuer-maessigkeit-und-volkswohl\\\/\"]}]},{\"@type\":\"ImageObject\",\"inLanguage\":\"de\",\"@id\":\"https:\\\/\\\/bpk-archive.de\\\/tuellmann\\\/produkt\\\/aelterer-herr-vor-dem-verein-fuer-maessigkeit-und-volkswohl\\\/#primaryimage\",\"url\":\"https:\\\/\\\/bpk-archive.de\\\/tuellmann\\\/wp-content\\\/uploads\\\/2020\\\/05\\\/bpk_20034680.jpg\",\"contentUrl\":\"https:\\\/\\\/bpk-archive.de\\\/tuellmann\\\/wp-content\\\/uploads\\\/2020\\\/05\\\/bpk_20034680.jpg\",\"width\":1200,\"height\":950,\"caption\":\"(Scan vom Vintageprint) Aufnahmedatum: 1962 Material\\\/Technik: Foto Aufnahmeort: Frankfurt am Main \\\/ Deutschland Inventar-Nr.: T\u00fc 62\\\/022-19\"},{\"@type\":\"BreadcrumbList\",\"@id\":\"https:\\\/\\\/bpk-archive.de\\\/tuellmann\\\/produkt\\\/aelterer-herr-vor-dem-verein-fuer-maessigkeit-und-volkswohl\\\/#breadcrumb\",\"itemListElement\":[{\"@type\":\"ListItem\",\"position\":1,\"name\":\"Startseite\",\"item\":\"https:\\\/\\\/bpk-archive.de\\\/tuellmann\\\/\"},{\"@type\":\"ListItem\",\"position\":2,\"name\":\"Shop\",\"item\":\"https:\\\/\\\/bpk-archive.de\\\/tuellmann\\\/shop\\\/\"},{\"@type\":\"ListItem\",\"position\":3,\"name\":\"\u00c4lterer Herr vor dem Verein f\u00fcr M\u00e4\u00dfigkeit und Volkswohl\"}]},{\"@type\":\"WebSite\",\"@id\":\"https:\\\/\\\/bpk-archive.de\\\/tuellmann\\\/#website\",\"url\":\"https:\\\/\\\/bpk-archive.de\\\/tuellmann\\\/\",\"name\":\"Abisag T\u00fcllmann\",\"description\":\"Eine weitere WordPress-Website\",\"potentialAction\":[{\"@type\":\"SearchAction\",\"target\":{\"@type\":\"EntryPoint\",\"urlTemplate\":\"https:\\\/\\\/bpk-archive.de\\\/tuellmann\\\/?s={search_term_string}\"},\"query-input\":{\"@type\":\"PropertyValueSpecification\",\"valueRequired\":true,\"valueName\":\"search_term_string\"}}],\"inLanguage\":\"de\"}]}<\/script>\n<!-- \/ Yoast SEO plugin. -->","yoast_head_json":{"title":"\u00c4lterer Herr vor dem Verein f\u00fcr M\u00e4\u00dfigkeit und Volkswohl - Abisag T\u00fcllmann","robots":{"index":"index","follow":"follow","max-snippet":"max-snippet:-1","max-image-preview":"max-image-preview:large","max-video-preview":"max-video-preview:-1"},"canonical":"https:\/\/bpk-archive.de\/tuellmann\/produkt\/aelterer-herr-vor-dem-verein-fuer-maessigkeit-und-volkswohl\/","og_locale":"de_DE","og_type":"article","og_title":"\u00c4lterer Herr vor dem Verein f\u00fcr M\u00e4\u00dfigkeit und Volkswohl - Abisag T\u00fcllmann","og_description":"(Scan vom Vintageprint)","og_url":"https:\/\/bpk-archive.de\/tuellmann\/produkt\/aelterer-herr-vor-dem-verein-fuer-maessigkeit-und-volkswohl\/","og_site_name":"Abisag T\u00fcllmann","article_modified_time":"2020-08-11T15:02:45+00:00","og_image":[{"width":1200,"height":950,"url":"https:\/\/bpk-archive.de\/tuellmann\/wp-content\/uploads\/2020\/05\/bpk_20034680.jpg","type":"image\/jpeg"}],"twitter_card":"summary_large_image","schema":{"@context":"https:\/\/schema.org","@graph":[{"@type":"WebPage","@id":"https:\/\/bpk-archive.de\/tuellmann\/produkt\/aelterer-herr-vor-dem-verein-fuer-maessigkeit-und-volkswohl\/","url":"https:\/\/bpk-archive.de\/tuellmann\/produkt\/aelterer-herr-vor-dem-verein-fuer-maessigkeit-und-volkswohl\/","name":"\u00c4lterer Herr vor dem Verein f\u00fcr M\u00e4\u00dfigkeit und Volkswohl - Abisag T\u00fcllmann","isPartOf":{"@id":"https:\/\/bpk-archive.de\/tuellmann\/#website"},"primaryImageOfPage":{"@id":"https:\/\/bpk-archive.de\/tuellmann\/produkt\/aelterer-herr-vor-dem-verein-fuer-maessigkeit-und-volkswohl\/#primaryimage"},"image":{"@id":"https:\/\/bpk-archive.de\/tuellmann\/produkt\/aelterer-herr-vor-dem-verein-fuer-maessigkeit-und-volkswohl\/#primaryimage"},"thumbnailUrl":"https:\/\/bpk-archive.de\/tuellmann\/wp-content\/uploads\/2020\/05\/bpk_20034680.jpg","datePublished":"2020-05-27T15:17:52+00:00","dateModified":"2020-08-11T15:02:45+00:00","breadcrumb":{"@id":"https:\/\/bpk-archive.de\/tuellmann\/produkt\/aelterer-herr-vor-dem-verein-fuer-maessigkeit-und-volkswohl\/#breadcrumb"},"inLanguage":"de","potentialAction":[{"@type":"ReadAction","target":["https:\/\/bpk-archive.de\/tuellmann\/produkt\/aelterer-herr-vor-dem-verein-fuer-maessigkeit-und-volkswohl\/"]}]},{"@type":"ImageObject","inLanguage":"de","@id":"https:\/\/bpk-archive.de\/tuellmann\/produkt\/aelterer-herr-vor-dem-verein-fuer-maessigkeit-und-volkswohl\/#primaryimage","url":"https:\/\/bpk-archive.de\/tuellmann\/wp-content\/uploads\/2020\/05\/bpk_20034680.jpg","contentUrl":"https:\/\/bpk-archive.de\/tuellmann\/wp-content\/uploads\/2020\/05\/bpk_20034680.jpg","width":1200,"height":950,"caption":"(Scan vom Vintageprint) Aufnahmedatum: 1962 Material\/Technik: Foto Aufnahmeort: Frankfurt am Main \/ Deutschland Inventar-Nr.: T\u00fc 62\/022-19"},{"@type":"BreadcrumbList","@id":"https:\/\/bpk-archive.de\/tuellmann\/produkt\/aelterer-herr-vor-dem-verein-fuer-maessigkeit-und-volkswohl\/#breadcrumb","itemListElement":[{"@type":"ListItem","position":1,"name":"Startseite","item":"https:\/\/bpk-archive.de\/tuellmann\/"},{"@type":"ListItem","position":2,"name":"Shop","item":"https:\/\/bpk-archive.de\/tuellmann\/shop\/"},{"@type":"ListItem","position":3,"name":"\u00c4lterer Herr vor dem Verein f\u00fcr M\u00e4\u00dfigkeit und Volkswohl"}]},{"@type":"WebSite","@id":"https:\/\/bpk-archive.de\/tuellmann\/#website","url":"https:\/\/bpk-archive.de\/tuellmann\/","name":"Abisag T\u00fcllmann","description":"Eine weitere WordPress-Website","potentialAction":[{"@type":"SearchAction","target":{"@type":"EntryPoint","urlTemplate":"https:\/\/bpk-archive.de\/tuellmann\/?s={search_term_string}"},"query-input":{"@type":"PropertyValueSpecification","valueRequired":true,"valueName":"search_term_string"}}],"inLanguage":"de"}]}},"_links":{"self":[{"href":"https:\/\/bpk-archive.de\/tuellmann\/wp-json\/wp\/v2\/product\/70316491","targetHints":{"allow":["GET"]}}],"collection":[{"href":"https:\/\/bpk-archive.de\/tuellmann\/wp-json\/wp\/v2\/product"}],"about":[{"href":"https:\/\/bpk-archive.de\/tuellmann\/wp-json\/wp\/v2\/types\/product"}],"wp:featuredmedia":[{"embeddable":true,"href":"https:\/\/bpk-archive.de\/tuellmann\/wp-json\/wp\/v2\/media\/70315970"}],"wp:attachment":[{"href":"https:\/\/bpk-archive.de\/tuellmann\/wp-json\/wp\/v2\/media?parent=70316491"}],"wp:term":[{"taxonomy":"product_brand","embeddable":true,"href":"https:\/\/bpk-archive.de\/tuellmann\/wp-json\/wp\/v2\/product_brand?post=70316491"},{"taxonomy":"product_cat","embeddable":true,"href":"https:\/\/bpk-archive.de\/tuellmann\/wp-json\/wp\/v2\/product_cat?post=70316491"},{"taxonomy":"product_tag","embeddable":true,"href":"https:\/\/bpk-archive.de\/tuellmann\/wp-json\/wp\/v2\/product_tag?post=70316491"}],"curies":[{"name":"wp","href":"https:\/\/api.w.org\/{rel}","templated":true}]}}