{"id":70316477,"date":"2020-05-27T17:17:27","date_gmt":"2020-05-27T15:17:27","guid":{"rendered":"https:\/\/bpk-archive.de\/tuellmann\/\/atbild\/in-einem-kiosk-in-algier-3\/"},"modified":"2020-05-27T17:17:41","modified_gmt":"2020-05-27T15:17:41","slug":"in-einem-kiosk-in-algier-3","status":"publish","type":"product","link":"https:\/\/bpk-archive.de\/tuellmann\/produkt\/in-einem-kiosk-in-algier-3\/","title":{"rendered":"In einem Kiosk in Algier"},"content":{"rendered":"<p>\u00dcber dem Verkaufstresen h\u00e4ngen Bilder von James Dean, Che Guevara und einem Fu\u00dfballteam. (Scan vom Vintageprint)<\/p>\n","protected":false},"excerpt":{"rendered":"<p>\u00dcber dem Verkaufstresen h\u00e4ngen Bilder von James Dean, Che Guevara und einem Fu\u00dfballteam. (Scan vom Vintageprint)<\/p>\n","protected":false},"featured_media":70315984,"template":"","meta":[],"product_brand":[],"product_cat":[],"product_tag":[68837,57643,68840,13230,13232,13234,13231,13233,13235,47921,13777,13595,13596,13597,13598,13599,13600,13601,13602,13603,51250,51251,51252,68824,68825,68826,50489,50490,50491,50492,50493,50494,50495,47988,13784,13785,14177,57645,57646,57647,57648,57649,57650,57651,75025,13253,13254,13255,13256,13257,13473,75026,57652,62562,60545,60546,13293,13786,13787,13294,13295,13296,13297,47849,47850,47851,47852,47853,57377,57775,47557,47558,47559,57653,57656,60618,56809,68827,68828,48246,48247,52091,13498,68838,68839,48251,48252,57657,57658,57659,57660,57661,57662,57663,75027,14000,14001,14002,14003,14004,14005,14006,47560,13818,13819,13820,13821,13822,13823,13824,13825,13826,65678,75028,75029,13633,13634,13635,13636,13637,13638,13639,48451,48452,13328,13827,13828,13329,13330,13331,13332,48266,48267,48268,47901,47902,13829,13830,13831,13832,13833,13834,13835,13836,13837,13838,13839,13840,13841,13842,48269,48270,13843,48271,48272,48273,47958,51055,51056,48274,48275,56538,56539,13877,13879,62563,68829,13865,13864,13866,13858,13859,13860,13861,13862,13863,75030,13354,13869,13870,13871,13872,68830,13519,13520,13521,13522,13523,13524,47967,13878,13880,64613,66568,68831,68832,68833,68834,68835,68836,52102,52103,52104,47968,51272,51273,55329,47829,47830,47615,13525,51057,51058,51059,51060,48284,48285,47914,47915,14081],"class_list":{"0":"post-70316477","1":"product","2":"type-product","3":"status-publish","4":"has-post-thumbnail","6":"product_tag-dean","7":"product_tag-1928-1967","8":"product_tag-8-2-1931-30-9-1955","9":"product_tag-1970er-jahre","10":"product_tag-20-jahrhundert-nach-chr","11":"product_tag-20-jh-n-chr","12":"product_tag-20-jahrhundert","13":"product_tag-20-jh","14":"product_tag-70er","15":"product_tag-abisag","16":"product_tag-abzug","17":"product_tag-alger","18":"product_tag-algerien","19":"product_tag-algeriens","20":"product_tag-algerier","21":"product_tag-algerisch","22":"product_tag-algerische","23":"product_tag-algerischer","24":"product_tag-algerisches","25":"product_tag-algier","26":"product_tag-amerikaner","27":"product_tag-amerikanern","28":"product_tag-amerikaners","29":"product_tag-anfuehrer","30":"product_tag-athlet","31":"product_tag-athleten","32":"product_tag-aufgestuetzt","33":"product_tag-aufgestuetzte","34":"product_tag-aufgestuetztem","35":"product_tag-aufgestuetzten","36":"product_tag-aufgestuetzter","37":"product_tag-aufgestuetztes","38":"product_tag-aufstuetzen","39":"product_tag-bild-im-bild","40":"product_tag-bildnis","41":"product_tag-bildnisse","42":"product_tag-blickkontakt","43":"product_tag-cubaner","44":"product_tag-cubaners","45":"product_tag-cubanisch","46":"product_tag-cubanische","47":"product_tag-cubanischen","48":"product_tag-cubanischer","49":"product_tag-cubanisches","50":"product_tag-de","51":"product_tag-deutsch","52":"product_tag-deutsche","53":"product_tag-deutschen","54":"product_tag-deutscher","55":"product_tag-deutsches","56":"product_tag-drinnen","57":"product_tag-ernesto","58":"product_tag-ernesto-che","59":"product_tag-filmschauspieler","60":"product_tag-filmstar","61":"product_tag-filmstars","62":"product_tag-foto","63":"product_tag-fotoabzug","64":"product_tag-fotoabzuege","65":"product_tag-fotografie","66":"product_tag-fotografien","67":"product_tag-fotografin","68":"product_tag-fotografinnen","69":"product_tag-freundlich","70":"product_tag-freundliche","71":"product_tag-freundlicher","72":"product_tag-freundliches","73":"product_tag-freundlichkeit","74":"product_tag-fussballmannschaft","75":"product_tag-fussballspieler","76":"product_tag-geschaeft","77":"product_tag-geschaefte","78":"product_tag-geschaeftes","79":"product_tag-guerilla","80":"product_tag-guevara-de-la-serna","81":"product_tag-handel","82":"product_tag-haendler","83":"product_tag-held","84":"product_tag-helden","85":"product_tag-idol","86":"product_tag-idole","87":"product_tag-ikone","88":"product_tag-innen","89":"product_tag-james","90":"product_tag-james-byron","91":"product_tag-kiosk","92":"product_tag-kioske","93":"product_tag-kubaner","94":"product_tag-kubaners","95":"product_tag-kubanisch","96":"product_tag-kubanische","97":"product_tag-kubanischen","98":"product_tag-kubanischer","99":"product_tag-kubanisches","100":"product_tag-la","101":"product_tag-laecheln","102":"product_tag-laechelnd","103":"product_tag-laechelnde","104":"product_tag-laechelnden","105":"product_tag-laechelnder","106":"product_tag-laechelndes","107":"product_tag-laechelt","108":"product_tag-laden","109":"product_tag-mann","110":"product_tag-maenner","111":"product_tag-maennerbildnis","112":"product_tag-maennerbildnisse","113":"product_tag-maennerportrait","114":"product_tag-maennerportraits","115":"product_tag-maennerportraet","116":"product_tag-maennerportraets","117":"product_tag-mannes","118":"product_tag-neon","119":"product_tag-neonbeleuchtung","120":"product_tag-neonlicht","121":"product_tag-nordafrika","122":"product_tag-nordafrikaner","123":"product_tag-nordafrikanisch","124":"product_tag-nordafrikanische","125":"product_tag-nordafrikanischen","126":"product_tag-nordafrikanischer","127":"product_tag-nordafrikanisches","128":"product_tag-pendant","129":"product_tag-pendants","130":"product_tag-photo","131":"product_tag-photoabzug","132":"product_tag-photoabzuege","133":"product_tag-photographie","134":"product_tag-photographien","135":"product_tag-photographin","136":"product_tag-photographinnen","137":"product_tag-plakat","138":"product_tag-plakate","139":"product_tag-plakatmotiv","140":"product_tag-politiker","141":"product_tag-politikers","142":"product_tag-portrait","143":"product_tag-portraitaufnahme","144":"product_tag-portraitfoto","145":"product_tag-portraitfotografie","146":"product_tag-portraitphoto","147":"product_tag-portraitphotographie","148":"product_tag-portraits","149":"product_tag-portraet","150":"product_tag-portraetaufnahme","151":"product_tag-portraetfoto","152":"product_tag-portraetfotografie","153":"product_tag-portraetphoto","154":"product_tag-portraetphotographie","155":"product_tag-portraets","156":"product_tag-poster","157":"product_tag-postermotiv","158":"product_tag-print","159":"product_tag-produkt","160":"product_tag-produkte","161":"product_tag-produkten","162":"product_tag-querformat","163":"product_tag-r","164":"product_tag-recto","165":"product_tag-regal","166":"product_tag-regale","167":"product_tag-revolutionaer","168":"product_tag-revolutionaere","169":"product_tag-s-w-fotografie","170":"product_tag-s-w-photographie","171":"product_tag-schauspieler","172":"product_tag-schreibwaren","173":"product_tag-schwarzweissphotographie","174":"product_tag-schwarz-weiss-fotografie","175":"product_tag-schwarz-weiss-photographie","176":"product_tag-schwarzweiss","177":"product_tag-schwarzweisse","178":"product_tag-schwarzweissen","179":"product_tag-schwarzweisser","180":"product_tag-schwarzweisses","181":"product_tag-schwarzweissfotografie","182":"product_tag-serna","183":"product_tag-siebziger","184":"product_tag-silbergelatine","185":"product_tag-silbergelatineabzug","186":"product_tag-silbergelatineabzuege","187":"product_tag-silbergelatineprint","188":"product_tag-sportler","189":"product_tag-stehen","190":"product_tag-stehend","191":"product_tag-stehende","192":"product_tag-stehenden","193":"product_tag-stehender","194":"product_tag-stehendes","195":"product_tag-sw","196":"product_tag-sw-fotografie","197":"product_tag-sw-photographie","198":"product_tag-systematik_105137_id","199":"product_tag-tabak","200":"product_tag-tabakgeschaeft","201":"product_tag-tabakladen","202":"product_tag-tabakwaren","203":"product_tag-tabakwarengeschaeft","204":"product_tag-tabakwarenhandlung","205":"product_tag-tabakwarenladen","206":"product_tag-theke","207":"product_tag-theken","208":"product_tag-tresen","209":"product_tag-tuellmann","210":"product_tag-us-amerikaner","211":"product_tag-us-amerikaners","212":"product_tag-verkauf","213":"product_tag-verkaeufer","214":"product_tag-verkaeufers","215":"product_tag-von-hinten","216":"product_tag-von-innen","217":"product_tag-von-vorn","218":"product_tag-von-vorne","219":"product_tag-vorderansicht","220":"product_tag-vorderseite","221":"product_tag-ware","222":"product_tag-waren","223":"product_tag-zeitschrift","224":"product_tag-zeitschriften","225":"product_tag-zigarette","226":"pa_datierung-13381","227":"pa_fotograf-abisag-tuellmann","228":"pa_geografischer_bezug-aufnahmeort-algier-algerien","229":"pa_grunddaten_material_technik-foto","230":"pa_inventarnummer-tue-70-045-05","231":"pa_jahr_von-53324","232":"pa_mediennummer-75024","233":"pa_objekttyp-fotografie","235":"first","236":"instock","237":"product-type-simple"},"yoast_head":"<!-- This site is optimized with the Yoast SEO plugin v27.4 - https:\/\/yoast.com\/product\/yoast-seo-wordpress\/ -->\n<title>In einem Kiosk in Algier - Abisag T\u00fcllmann<\/title>\n<meta name=\"robots\" content=\"index, follow, max-snippet:-1, max-image-preview:large, max-video-preview:-1\" \/>\n<link rel=\"canonical\" href=\"https:\/\/bpk-archive.de\/tuellmann\/produkt\/in-einem-kiosk-in-algier-3\/\" \/>\n<meta property=\"og:locale\" content=\"de_DE\" \/>\n<meta property=\"og:type\" content=\"article\" \/>\n<meta property=\"og:title\" content=\"In einem Kiosk in Algier - Abisag T\u00fcllmann\" \/>\n<meta property=\"og:description\" content=\"\u00dcber dem Verkaufstresen h\u00e4ngen Bilder von James Dean, Che Guevara und einem Fu\u00dfballteam. (Scan vom Vintageprint)\" \/>\n<meta property=\"og:url\" content=\"https:\/\/bpk-archive.de\/tuellmann\/produkt\/in-einem-kiosk-in-algier-3\/\" \/>\n<meta property=\"og:site_name\" content=\"Abisag T\u00fcllmann\" \/>\n<meta property=\"article:modified_time\" content=\"2020-05-27T15:17:41+00:00\" \/>\n<meta property=\"og:image\" content=\"https:\/\/bpk-archive.de\/tuellmann\/wp-content\/uploads\/2020\/05\/bpk_20034705.jpg\" \/>\n\t<meta property=\"og:image:width\" content=\"1200\" \/>\n\t<meta property=\"og:image:height\" content=\"971\" \/>\n\t<meta property=\"og:image:type\" content=\"image\/jpeg\" \/>\n<meta name=\"twitter:card\" content=\"summary_large_image\" \/>\n<script type=\"application\/ld+json\" class=\"yoast-schema-graph\">{\"@context\":\"https:\\\/\\\/schema.org\",\"@graph\":[{\"@type\":\"WebPage\",\"@id\":\"https:\\\/\\\/bpk-archive.de\\\/tuellmann\\\/produkt\\\/in-einem-kiosk-in-algier-3\\\/\",\"url\":\"https:\\\/\\\/bpk-archive.de\\\/tuellmann\\\/produkt\\\/in-einem-kiosk-in-algier-3\\\/\",\"name\":\"In einem Kiosk in Algier - Abisag T\u00fcllmann\",\"isPartOf\":{\"@id\":\"https:\\\/\\\/bpk-archive.de\\\/tuellmann\\\/#website\"},\"primaryImageOfPage\":{\"@id\":\"https:\\\/\\\/bpk-archive.de\\\/tuellmann\\\/produkt\\\/in-einem-kiosk-in-algier-3\\\/#primaryimage\"},\"image\":{\"@id\":\"https:\\\/\\\/bpk-archive.de\\\/tuellmann\\\/produkt\\\/in-einem-kiosk-in-algier-3\\\/#primaryimage\"},\"thumbnailUrl\":\"https:\\\/\\\/bpk-archive.de\\\/tuellmann\\\/wp-content\\\/uploads\\\/2020\\\/05\\\/bpk_20034705.jpg\",\"datePublished\":\"2020-05-27T15:17:27+00:00\",\"dateModified\":\"2020-05-27T15:17:41+00:00\",\"breadcrumb\":{\"@id\":\"https:\\\/\\\/bpk-archive.de\\\/tuellmann\\\/produkt\\\/in-einem-kiosk-in-algier-3\\\/#breadcrumb\"},\"inLanguage\":\"de\",\"potentialAction\":[{\"@type\":\"ReadAction\",\"target\":[\"https:\\\/\\\/bpk-archive.de\\\/tuellmann\\\/produkt\\\/in-einem-kiosk-in-algier-3\\\/\"]}]},{\"@type\":\"ImageObject\",\"inLanguage\":\"de\",\"@id\":\"https:\\\/\\\/bpk-archive.de\\\/tuellmann\\\/produkt\\\/in-einem-kiosk-in-algier-3\\\/#primaryimage\",\"url\":\"https:\\\/\\\/bpk-archive.de\\\/tuellmann\\\/wp-content\\\/uploads\\\/2020\\\/05\\\/bpk_20034705.jpg\",\"contentUrl\":\"https:\\\/\\\/bpk-archive.de\\\/tuellmann\\\/wp-content\\\/uploads\\\/2020\\\/05\\\/bpk_20034705.jpg\",\"width\":1200,\"height\":971,\"caption\":\"\u00dcber dem Verkaufstresen h\u00e4ngen Bilder von James Dean, Che Guevara und einem Fu\u00dfballteam. (Scan vom Vintageprint) Aufnahmedatum: 1970 Material\\\/Technik: Foto Aufnahmeort: Algier \\\/ Algerien Inventar-Nr.: T\u00fc 70\\\/045-05\"},{\"@type\":\"BreadcrumbList\",\"@id\":\"https:\\\/\\\/bpk-archive.de\\\/tuellmann\\\/produkt\\\/in-einem-kiosk-in-algier-3\\\/#breadcrumb\",\"itemListElement\":[{\"@type\":\"ListItem\",\"position\":1,\"name\":\"Startseite\",\"item\":\"https:\\\/\\\/bpk-archive.de\\\/tuellmann\\\/\"},{\"@type\":\"ListItem\",\"position\":2,\"name\":\"Shop\",\"item\":\"https:\\\/\\\/bpk-archive.de\\\/tuellmann\\\/shop\\\/\"},{\"@type\":\"ListItem\",\"position\":3,\"name\":\"In einem Kiosk in Algier\"}]},{\"@type\":\"WebSite\",\"@id\":\"https:\\\/\\\/bpk-archive.de\\\/tuellmann\\\/#website\",\"url\":\"https:\\\/\\\/bpk-archive.de\\\/tuellmann\\\/\",\"name\":\"Abisag T\u00fcllmann\",\"description\":\"Eine weitere WordPress-Website\",\"potentialAction\":[{\"@type\":\"SearchAction\",\"target\":{\"@type\":\"EntryPoint\",\"urlTemplate\":\"https:\\\/\\\/bpk-archive.de\\\/tuellmann\\\/?s={search_term_string}\"},\"query-input\":{\"@type\":\"PropertyValueSpecification\",\"valueRequired\":true,\"valueName\":\"search_term_string\"}}],\"inLanguage\":\"de\"}]}<\/script>\n<!-- \/ Yoast SEO plugin. -->","yoast_head_json":{"title":"In einem Kiosk in Algier - Abisag T\u00fcllmann","robots":{"index":"index","follow":"follow","max-snippet":"max-snippet:-1","max-image-preview":"max-image-preview:large","max-video-preview":"max-video-preview:-1"},"canonical":"https:\/\/bpk-archive.de\/tuellmann\/produkt\/in-einem-kiosk-in-algier-3\/","og_locale":"de_DE","og_type":"article","og_title":"In einem Kiosk in Algier - Abisag T\u00fcllmann","og_description":"\u00dcber dem Verkaufstresen h\u00e4ngen Bilder von James Dean, Che Guevara und einem Fu\u00dfballteam. (Scan vom Vintageprint)","og_url":"https:\/\/bpk-archive.de\/tuellmann\/produkt\/in-einem-kiosk-in-algier-3\/","og_site_name":"Abisag T\u00fcllmann","article_modified_time":"2020-05-27T15:17:41+00:00","og_image":[{"width":1200,"height":971,"url":"https:\/\/bpk-archive.de\/tuellmann\/wp-content\/uploads\/2020\/05\/bpk_20034705.jpg","type":"image\/jpeg"}],"twitter_card":"summary_large_image","schema":{"@context":"https:\/\/schema.org","@graph":[{"@type":"WebPage","@id":"https:\/\/bpk-archive.de\/tuellmann\/produkt\/in-einem-kiosk-in-algier-3\/","url":"https:\/\/bpk-archive.de\/tuellmann\/produkt\/in-einem-kiosk-in-algier-3\/","name":"In einem Kiosk in Algier - Abisag T\u00fcllmann","isPartOf":{"@id":"https:\/\/bpk-archive.de\/tuellmann\/#website"},"primaryImageOfPage":{"@id":"https:\/\/bpk-archive.de\/tuellmann\/produkt\/in-einem-kiosk-in-algier-3\/#primaryimage"},"image":{"@id":"https:\/\/bpk-archive.de\/tuellmann\/produkt\/in-einem-kiosk-in-algier-3\/#primaryimage"},"thumbnailUrl":"https:\/\/bpk-archive.de\/tuellmann\/wp-content\/uploads\/2020\/05\/bpk_20034705.jpg","datePublished":"2020-05-27T15:17:27+00:00","dateModified":"2020-05-27T15:17:41+00:00","breadcrumb":{"@id":"https:\/\/bpk-archive.de\/tuellmann\/produkt\/in-einem-kiosk-in-algier-3\/#breadcrumb"},"inLanguage":"de","potentialAction":[{"@type":"ReadAction","target":["https:\/\/bpk-archive.de\/tuellmann\/produkt\/in-einem-kiosk-in-algier-3\/"]}]},{"@type":"ImageObject","inLanguage":"de","@id":"https:\/\/bpk-archive.de\/tuellmann\/produkt\/in-einem-kiosk-in-algier-3\/#primaryimage","url":"https:\/\/bpk-archive.de\/tuellmann\/wp-content\/uploads\/2020\/05\/bpk_20034705.jpg","contentUrl":"https:\/\/bpk-archive.de\/tuellmann\/wp-content\/uploads\/2020\/05\/bpk_20034705.jpg","width":1200,"height":971,"caption":"\u00dcber dem Verkaufstresen h\u00e4ngen Bilder von James Dean, Che Guevara und einem Fu\u00dfballteam. (Scan vom Vintageprint) Aufnahmedatum: 1970 Material\/Technik: Foto Aufnahmeort: Algier \/ Algerien Inventar-Nr.: T\u00fc 70\/045-05"},{"@type":"BreadcrumbList","@id":"https:\/\/bpk-archive.de\/tuellmann\/produkt\/in-einem-kiosk-in-algier-3\/#breadcrumb","itemListElement":[{"@type":"ListItem","position":1,"name":"Startseite","item":"https:\/\/bpk-archive.de\/tuellmann\/"},{"@type":"ListItem","position":2,"name":"Shop","item":"https:\/\/bpk-archive.de\/tuellmann\/shop\/"},{"@type":"ListItem","position":3,"name":"In einem Kiosk in Algier"}]},{"@type":"WebSite","@id":"https:\/\/bpk-archive.de\/tuellmann\/#website","url":"https:\/\/bpk-archive.de\/tuellmann\/","name":"Abisag T\u00fcllmann","description":"Eine weitere WordPress-Website","potentialAction":[{"@type":"SearchAction","target":{"@type":"EntryPoint","urlTemplate":"https:\/\/bpk-archive.de\/tuellmann\/?s={search_term_string}"},"query-input":{"@type":"PropertyValueSpecification","valueRequired":true,"valueName":"search_term_string"}}],"inLanguage":"de"}]}},"_links":{"self":[{"href":"https:\/\/bpk-archive.de\/tuellmann\/wp-json\/wp\/v2\/product\/70316477","targetHints":{"allow":["GET"]}}],"collection":[{"href":"https:\/\/bpk-archive.de\/tuellmann\/wp-json\/wp\/v2\/product"}],"about":[{"href":"https:\/\/bpk-archive.de\/tuellmann\/wp-json\/wp\/v2\/types\/product"}],"wp:featuredmedia":[{"embeddable":true,"href":"https:\/\/bpk-archive.de\/tuellmann\/wp-json\/wp\/v2\/media\/70315984"}],"wp:attachment":[{"href":"https:\/\/bpk-archive.de\/tuellmann\/wp-json\/wp\/v2\/media?parent=70316477"}],"wp:term":[{"taxonomy":"product_brand","embeddable":true,"href":"https:\/\/bpk-archive.de\/tuellmann\/wp-json\/wp\/v2\/product_brand?post=70316477"},{"taxonomy":"product_cat","embeddable":true,"href":"https:\/\/bpk-archive.de\/tuellmann\/wp-json\/wp\/v2\/product_cat?post=70316477"},{"taxonomy":"product_tag","embeddable":true,"href":"https:\/\/bpk-archive.de\/tuellmann\/wp-json\/wp\/v2\/product_tag?post=70316477"}],"curies":[{"name":"wp","href":"https:\/\/api.w.org\/{rel}","templated":true}]}}