{"id":70316458,"date":"2020-05-27T17:17:00","date_gmt":"2020-05-27T15:17:00","guid":{"rendered":"https:\/\/bpk-archive.de\/tuellmann\/\/atbild\/israelische-artillerie-beschiesst-den-von-palaestinensern-bewohnten-vorort-burj-al-barajneh-von-beirut\/"},"modified":"2020-05-27T17:17:15","modified_gmt":"2020-05-27T15:17:15","slug":"israelische-artillerie-beschiesst-den-von-palaestinensern-bewohnten-vorort-burj-al-barajneh-von-beirut","status":"publish","type":"product","link":"https:\/\/bpk-archive.de\/tuellmann\/produkt\/israelische-artillerie-beschiesst-den-von-palaestinensern-bewohnten-vorort-burj-al-barajneh-von-beirut\/","title":{"rendered":"Israelische Artillerie beschie\u00dft den von Pal\u00e4stinensern bewohnten Vorort Burj al-Barajneh von Beirut"},"content":{"rendered":"<p>(Scan vom Vintageprint)<\/p>\n","protected":false},"excerpt":{"rendered":"<p>(Scan vom Vintageprint)<\/p>\n","protected":false},"featured_media":70316003,"template":"","meta":[],"product_brand":[],"product_cat":[],"product_tag":[47237,13232,13234,13231,13233,47238,47921,13777,47240,48387,48388,48389,48390,13250,47242,47243,47244,47245,47246,47247,48391,47575,47248,47249,47250,47251,47252,47253,47254,47255,48393,48394,48395,48396,47257,47258,47259,13253,13254,13255,13256,13257,13260,58204,13293,13786,13787,13294,13295,13296,13297,47267,14066,74917,13301,47278,47279,47747,47750,47280,47281,47282,47283,47284,48397,74918,50901,74919,74920,47295,47296,47297,47299,47300,47301,47302,47303,47591,47304,74915,47305,47306,47307,47308,47309,47592,47593,47319,47320,47322,47321,47323,50892,50893,50894,50895,58205,13328,13827,13828,13329,13330,13331,13332,47332,13843,48406,47958,48407,47333,47334,47335,47336,47337,13877,13879,58206,58207,58208,58209,58210,58211,74921,13865,13864,13866,13858,13859,13860,13861,13862,13863,74922,47611,47612,47613,47406,47407,48411,48412,48413,47967,13878,13880,64613,50896,47968,47343],"class_list":{"0":"post-70316458","1":"product","2":"type-product","3":"status-publish","4":"has-post-thumbnail","6":"product_tag-1980er-jahre","7":"product_tag-20-jahrhundert-nach-chr","8":"product_tag-20-jh-n-chr","9":"product_tag-20-jahrhundert","10":"product_tag-20-jh","11":"product_tag-80er","12":"product_tag-abisag","13":"product_tag-abzug","14":"product_tag-achtziger","15":"product_tag-anhoehe","16":"product_tag-anhoehen","17":"product_tag-artillerie","18":"product_tag-artilleriefeuer","19":"product_tag-aussen","20":"product_tag-besatzungsmacht","21":"product_tag-besatzungsmaechte","22":"product_tag-besatzungsmaechten","23":"product_tag-besatzungszeit","24":"product_tag-besatzungszone","25":"product_tag-besatzungszonen","26":"product_tag-beschiessung","27":"product_tag-beschuss","28":"product_tag-besetzen","29":"product_tag-besetzt","30":"product_tag-besetzte","31":"product_tag-besetzten","32":"product_tag-besetzter","33":"product_tag-besetztes","34":"product_tag-besetzung","35":"product_tag-besetzungen","36":"product_tag-brand","37":"product_tag-braende","38":"product_tag-braenden","39":"product_tag-brandes","40":"product_tag-buergerkrieg","41":"product_tag-buergerkriege","42":"product_tag-buergerkrieges","43":"product_tag-deutsch","44":"product_tag-deutsche","45":"product_tag-deutschen","46":"product_tag-deutscher","47":"product_tag-deutsches","48":"product_tag-draussen","49":"product_tag-eroberung","50":"product_tag-foto","51":"product_tag-fotoabzug","52":"product_tag-fotoabzuege","53":"product_tag-fotografie","54":"product_tag-fotografien","55":"product_tag-fotografin","56":"product_tag-fotografinnen","57":"product_tag-fotoreportage","58":"product_tag-geschichte","59":"product_tag-geschuetz","60":"product_tag-im-freien","61":"product_tag-invasion","62":"product_tag-israel","63":"product_tag-israeli","64":"product_tag-israelis","65":"product_tag-israelisch","66":"product_tag-israelische","67":"product_tag-israelischer","68":"product_tag-israelisches","69":"product_tag-israels","70":"product_tag-kampfpanzer","71":"product_tag-kanonade","72":"product_tag-kanone","73":"product_tag-kanonier","74":"product_tag-kettenfahrzeug","75":"product_tag-krieg","76":"product_tag-kriege","77":"product_tag-krieges","78":"product_tag-kriegszerstoerung","79":"product_tag-kriegszerstoerungen","80":"product_tag-krise","81":"product_tag-krisen","82":"product_tag-libanese","83":"product_tag-libanesen","84":"product_tag-libanesisch","85":"product_tag-libanesisch_maerchen","86":"product_tag-libanesische","87":"product_tag-libanesischen","88":"product_tag-libanesischer","89":"product_tag-libanesisches","90":"product_tag-libanon","91":"product_tag-militaer","92":"product_tag-militaers","93":"product_tag-naher-osten","94":"product_tag-nahost","95":"product_tag-nahost-konflikt","96":"product_tag-nahostkonflikt","97":"product_tag-okkupation","98":"product_tag-panzer","99":"product_tag-panzerkampfwagen","100":"product_tag-panzern","101":"product_tag-panzers","102":"product_tag-panzerstellung","103":"product_tag-photo","104":"product_tag-photoabzug","105":"product_tag-photoabzuege","106":"product_tag-photographie","107":"product_tag-photographien","108":"product_tag-photographin","109":"product_tag-photographinnen","110":"product_tag-photoreportage","111":"product_tag-print","112":"product_tag-qualm","113":"product_tag-querformat","114":"product_tag-rauch","115":"product_tag-reportage","116":"product_tag-reportagefoto","117":"product_tag-reportagefotografie","118":"product_tag-reportagephoto","119":"product_tag-reportagephotographie","120":"product_tag-s-w-fotografie","121":"product_tag-s-w-photographie","122":"product_tag-schiessen","123":"product_tag-schiessend","124":"product_tag-schiessende","125":"product_tag-schiessenden","126":"product_tag-schiessender","127":"product_tag-schiessendes","128":"product_tag-schuss","129":"product_tag-schwarzweissphotographie","130":"product_tag-schwarz-weiss-fotografie","131":"product_tag-schwarz-weiss-photographie","132":"product_tag-schwarzweiss","133":"product_tag-schwarzweisse","134":"product_tag-schwarzweissen","135":"product_tag-schwarzweisser","136":"product_tag-schwarzweisses","137":"product_tag-schwarzweissfotografie","138":"product_tag-selbstfahrlafette","139":"product_tag-soldat","140":"product_tag-soldaten","141":"product_tag-soldats","142":"product_tag-stadt","143":"product_tag-staedte","144":"product_tag-stadtpanorama","145":"product_tag-stadtsilhouette","146":"product_tag-stellung","147":"product_tag-sw","148":"product_tag-sw-fotografie","149":"product_tag-sw-photographie","150":"product_tag-systematik_105137_id","151":"product_tag-tanks","152":"product_tag-tuellmann","153":"product_tag-zeitgeschichte","154":"pa_datierung-28396","155":"pa_fotograf-abisag-tuellmann","156":"pa_geografischer_bezug-aufnahmeort-beirut-libanon","157":"pa_grunddaten_material_technik-foto","158":"pa_jahr_von-47235","159":"pa_mediennummer-74916","160":"pa_objekttyp-fotografie","162":"first","163":"instock","164":"product-type-simple"},"yoast_head":"<!-- This site is optimized with the Yoast SEO plugin v27.3 - https:\/\/yoast.com\/product\/yoast-seo-wordpress\/ -->\n<title>Israelische Artillerie beschie\u00dft den von Pal\u00e4stinensern bewohnten Vorort Burj al-Barajneh von Beirut - Abisag T\u00fcllmann<\/title>\n<meta name=\"robots\" content=\"index, follow, max-snippet:-1, max-image-preview:large, max-video-preview:-1\" \/>\n<link rel=\"canonical\" href=\"https:\/\/bpk-archive.de\/tuellmann\/produkt\/israelische-artillerie-beschiesst-den-von-palaestinensern-bewohnten-vorort-burj-al-barajneh-von-beirut\/\" \/>\n<meta property=\"og:locale\" content=\"de_DE\" \/>\n<meta property=\"og:type\" content=\"article\" \/>\n<meta property=\"og:title\" content=\"Israelische Artillerie beschie\u00dft den von Pal\u00e4stinensern bewohnten Vorort Burj al-Barajneh von Beirut - Abisag T\u00fcllmann\" \/>\n<meta property=\"og:description\" content=\"(Scan vom Vintageprint)\" \/>\n<meta property=\"og:url\" content=\"https:\/\/bpk-archive.de\/tuellmann\/produkt\/israelische-artillerie-beschiesst-den-von-palaestinensern-bewohnten-vorort-burj-al-barajneh-von-beirut\/\" \/>\n<meta property=\"og:site_name\" content=\"Abisag T\u00fcllmann\" \/>\n<meta property=\"article:modified_time\" content=\"2020-05-27T15:17:15+00:00\" \/>\n<meta property=\"og:image\" content=\"https:\/\/bpk-archive.de\/tuellmann\/wp-content\/uploads\/2020\/05\/bpk_20034725.jpg\" \/>\n\t<meta property=\"og:image:width\" content=\"1200\" \/>\n\t<meta property=\"og:image:height\" content=\"925\" \/>\n\t<meta property=\"og:image:type\" content=\"image\/jpeg\" \/>\n<meta name=\"twitter:card\" content=\"summary_large_image\" \/>\n<script type=\"application\/ld+json\" class=\"yoast-schema-graph\">{\"@context\":\"https:\\\/\\\/schema.org\",\"@graph\":[{\"@type\":\"WebPage\",\"@id\":\"https:\\\/\\\/bpk-archive.de\\\/tuellmann\\\/produkt\\\/israelische-artillerie-beschiesst-den-von-palaestinensern-bewohnten-vorort-burj-al-barajneh-von-beirut\\\/\",\"url\":\"https:\\\/\\\/bpk-archive.de\\\/tuellmann\\\/produkt\\\/israelische-artillerie-beschiesst-den-von-palaestinensern-bewohnten-vorort-burj-al-barajneh-von-beirut\\\/\",\"name\":\"Israelische Artillerie beschie\u00dft den von Pal\u00e4stinensern bewohnten Vorort Burj al-Barajneh von Beirut - Abisag T\u00fcllmann\",\"isPartOf\":{\"@id\":\"https:\\\/\\\/bpk-archive.de\\\/tuellmann\\\/#website\"},\"primaryImageOfPage\":{\"@id\":\"https:\\\/\\\/bpk-archive.de\\\/tuellmann\\\/produkt\\\/israelische-artillerie-beschiesst-den-von-palaestinensern-bewohnten-vorort-burj-al-barajneh-von-beirut\\\/#primaryimage\"},\"image\":{\"@id\":\"https:\\\/\\\/bpk-archive.de\\\/tuellmann\\\/produkt\\\/israelische-artillerie-beschiesst-den-von-palaestinensern-bewohnten-vorort-burj-al-barajneh-von-beirut\\\/#primaryimage\"},\"thumbnailUrl\":\"https:\\\/\\\/bpk-archive.de\\\/tuellmann\\\/wp-content\\\/uploads\\\/2020\\\/05\\\/bpk_20034725.jpg\",\"datePublished\":\"2020-05-27T15:17:00+00:00\",\"dateModified\":\"2020-05-27T15:17:15+00:00\",\"breadcrumb\":{\"@id\":\"https:\\\/\\\/bpk-archive.de\\\/tuellmann\\\/produkt\\\/israelische-artillerie-beschiesst-den-von-palaestinensern-bewohnten-vorort-burj-al-barajneh-von-beirut\\\/#breadcrumb\"},\"inLanguage\":\"de\",\"potentialAction\":[{\"@type\":\"ReadAction\",\"target\":[\"https:\\\/\\\/bpk-archive.de\\\/tuellmann\\\/produkt\\\/israelische-artillerie-beschiesst-den-von-palaestinensern-bewohnten-vorort-burj-al-barajneh-von-beirut\\\/\"]}]},{\"@type\":\"ImageObject\",\"inLanguage\":\"de\",\"@id\":\"https:\\\/\\\/bpk-archive.de\\\/tuellmann\\\/produkt\\\/israelische-artillerie-beschiesst-den-von-palaestinensern-bewohnten-vorort-burj-al-barajneh-von-beirut\\\/#primaryimage\",\"url\":\"https:\\\/\\\/bpk-archive.de\\\/tuellmann\\\/wp-content\\\/uploads\\\/2020\\\/05\\\/bpk_20034725.jpg\",\"contentUrl\":\"https:\\\/\\\/bpk-archive.de\\\/tuellmann\\\/wp-content\\\/uploads\\\/2020\\\/05\\\/bpk_20034725.jpg\",\"width\":1200,\"height\":925,\"caption\":\"(Scan vom Vintageprint) Aufnahmedatum: 1982 Material\\\/Technik: Foto Aufnahmeort: Beirut \\\/ Libanon\"},{\"@type\":\"BreadcrumbList\",\"@id\":\"https:\\\/\\\/bpk-archive.de\\\/tuellmann\\\/produkt\\\/israelische-artillerie-beschiesst-den-von-palaestinensern-bewohnten-vorort-burj-al-barajneh-von-beirut\\\/#breadcrumb\",\"itemListElement\":[{\"@type\":\"ListItem\",\"position\":1,\"name\":\"Startseite\",\"item\":\"https:\\\/\\\/bpk-archive.de\\\/tuellmann\\\/\"},{\"@type\":\"ListItem\",\"position\":2,\"name\":\"Shop\",\"item\":\"https:\\\/\\\/bpk-archive.de\\\/tuellmann\\\/shop\\\/\"},{\"@type\":\"ListItem\",\"position\":3,\"name\":\"Israelische Artillerie beschie\u00dft den von Pal\u00e4stinensern bewohnten Vorort Burj al-Barajneh von Beirut\"}]},{\"@type\":\"WebSite\",\"@id\":\"https:\\\/\\\/bpk-archive.de\\\/tuellmann\\\/#website\",\"url\":\"https:\\\/\\\/bpk-archive.de\\\/tuellmann\\\/\",\"name\":\"Abisag T\u00fcllmann\",\"description\":\"Eine weitere WordPress-Website\",\"potentialAction\":[{\"@type\":\"SearchAction\",\"target\":{\"@type\":\"EntryPoint\",\"urlTemplate\":\"https:\\\/\\\/bpk-archive.de\\\/tuellmann\\\/?s={search_term_string}\"},\"query-input\":{\"@type\":\"PropertyValueSpecification\",\"valueRequired\":true,\"valueName\":\"search_term_string\"}}],\"inLanguage\":\"de\"}]}<\/script>\n<!-- \/ Yoast SEO plugin. -->","yoast_head_json":{"title":"Israelische Artillerie beschie\u00dft den von Pal\u00e4stinensern bewohnten Vorort Burj al-Barajneh von Beirut - Abisag T\u00fcllmann","robots":{"index":"index","follow":"follow","max-snippet":"max-snippet:-1","max-image-preview":"max-image-preview:large","max-video-preview":"max-video-preview:-1"},"canonical":"https:\/\/bpk-archive.de\/tuellmann\/produkt\/israelische-artillerie-beschiesst-den-von-palaestinensern-bewohnten-vorort-burj-al-barajneh-von-beirut\/","og_locale":"de_DE","og_type":"article","og_title":"Israelische Artillerie beschie\u00dft den von Pal\u00e4stinensern bewohnten Vorort Burj al-Barajneh von Beirut - Abisag T\u00fcllmann","og_description":"(Scan vom Vintageprint)","og_url":"https:\/\/bpk-archive.de\/tuellmann\/produkt\/israelische-artillerie-beschiesst-den-von-palaestinensern-bewohnten-vorort-burj-al-barajneh-von-beirut\/","og_site_name":"Abisag T\u00fcllmann","article_modified_time":"2020-05-27T15:17:15+00:00","og_image":[{"width":1200,"height":925,"url":"https:\/\/bpk-archive.de\/tuellmann\/wp-content\/uploads\/2020\/05\/bpk_20034725.jpg","type":"image\/jpeg"}],"twitter_card":"summary_large_image","schema":{"@context":"https:\/\/schema.org","@graph":[{"@type":"WebPage","@id":"https:\/\/bpk-archive.de\/tuellmann\/produkt\/israelische-artillerie-beschiesst-den-von-palaestinensern-bewohnten-vorort-burj-al-barajneh-von-beirut\/","url":"https:\/\/bpk-archive.de\/tuellmann\/produkt\/israelische-artillerie-beschiesst-den-von-palaestinensern-bewohnten-vorort-burj-al-barajneh-von-beirut\/","name":"Israelische Artillerie beschie\u00dft den von Pal\u00e4stinensern bewohnten Vorort Burj al-Barajneh von Beirut - Abisag T\u00fcllmann","isPartOf":{"@id":"https:\/\/bpk-archive.de\/tuellmann\/#website"},"primaryImageOfPage":{"@id":"https:\/\/bpk-archive.de\/tuellmann\/produkt\/israelische-artillerie-beschiesst-den-von-palaestinensern-bewohnten-vorort-burj-al-barajneh-von-beirut\/#primaryimage"},"image":{"@id":"https:\/\/bpk-archive.de\/tuellmann\/produkt\/israelische-artillerie-beschiesst-den-von-palaestinensern-bewohnten-vorort-burj-al-barajneh-von-beirut\/#primaryimage"},"thumbnailUrl":"https:\/\/bpk-archive.de\/tuellmann\/wp-content\/uploads\/2020\/05\/bpk_20034725.jpg","datePublished":"2020-05-27T15:17:00+00:00","dateModified":"2020-05-27T15:17:15+00:00","breadcrumb":{"@id":"https:\/\/bpk-archive.de\/tuellmann\/produkt\/israelische-artillerie-beschiesst-den-von-palaestinensern-bewohnten-vorort-burj-al-barajneh-von-beirut\/#breadcrumb"},"inLanguage":"de","potentialAction":[{"@type":"ReadAction","target":["https:\/\/bpk-archive.de\/tuellmann\/produkt\/israelische-artillerie-beschiesst-den-von-palaestinensern-bewohnten-vorort-burj-al-barajneh-von-beirut\/"]}]},{"@type":"ImageObject","inLanguage":"de","@id":"https:\/\/bpk-archive.de\/tuellmann\/produkt\/israelische-artillerie-beschiesst-den-von-palaestinensern-bewohnten-vorort-burj-al-barajneh-von-beirut\/#primaryimage","url":"https:\/\/bpk-archive.de\/tuellmann\/wp-content\/uploads\/2020\/05\/bpk_20034725.jpg","contentUrl":"https:\/\/bpk-archive.de\/tuellmann\/wp-content\/uploads\/2020\/05\/bpk_20034725.jpg","width":1200,"height":925,"caption":"(Scan vom Vintageprint) Aufnahmedatum: 1982 Material\/Technik: Foto Aufnahmeort: Beirut \/ Libanon"},{"@type":"BreadcrumbList","@id":"https:\/\/bpk-archive.de\/tuellmann\/produkt\/israelische-artillerie-beschiesst-den-von-palaestinensern-bewohnten-vorort-burj-al-barajneh-von-beirut\/#breadcrumb","itemListElement":[{"@type":"ListItem","position":1,"name":"Startseite","item":"https:\/\/bpk-archive.de\/tuellmann\/"},{"@type":"ListItem","position":2,"name":"Shop","item":"https:\/\/bpk-archive.de\/tuellmann\/shop\/"},{"@type":"ListItem","position":3,"name":"Israelische Artillerie beschie\u00dft den von Pal\u00e4stinensern bewohnten Vorort Burj al-Barajneh von Beirut"}]},{"@type":"WebSite","@id":"https:\/\/bpk-archive.de\/tuellmann\/#website","url":"https:\/\/bpk-archive.de\/tuellmann\/","name":"Abisag T\u00fcllmann","description":"Eine weitere WordPress-Website","potentialAction":[{"@type":"SearchAction","target":{"@type":"EntryPoint","urlTemplate":"https:\/\/bpk-archive.de\/tuellmann\/?s={search_term_string}"},"query-input":{"@type":"PropertyValueSpecification","valueRequired":true,"valueName":"search_term_string"}}],"inLanguage":"de"}]}},"_links":{"self":[{"href":"https:\/\/bpk-archive.de\/tuellmann\/wp-json\/wp\/v2\/product\/70316458","targetHints":{"allow":["GET"]}}],"collection":[{"href":"https:\/\/bpk-archive.de\/tuellmann\/wp-json\/wp\/v2\/product"}],"about":[{"href":"https:\/\/bpk-archive.de\/tuellmann\/wp-json\/wp\/v2\/types\/product"}],"wp:featuredmedia":[{"embeddable":true,"href":"https:\/\/bpk-archive.de\/tuellmann\/wp-json\/wp\/v2\/media\/70316003"}],"wp:attachment":[{"href":"https:\/\/bpk-archive.de\/tuellmann\/wp-json\/wp\/v2\/media?parent=70316458"}],"wp:term":[{"taxonomy":"product_brand","embeddable":true,"href":"https:\/\/bpk-archive.de\/tuellmann\/wp-json\/wp\/v2\/product_brand?post=70316458"},{"taxonomy":"product_cat","embeddable":true,"href":"https:\/\/bpk-archive.de\/tuellmann\/wp-json\/wp\/v2\/product_cat?post=70316458"},{"taxonomy":"product_tag","embeddable":true,"href":"https:\/\/bpk-archive.de\/tuellmann\/wp-json\/wp\/v2\/product_tag?post=70316458"}],"curies":[{"name":"wp","href":"https:\/\/api.w.org\/{rel}","templated":true}]}}