{"id":70316456,"date":"2020-05-27T17:17:00","date_gmt":"2020-05-27T15:17:00","guid":{"rendered":"https:\/\/bpk-archive.de\/tuellmann\/\/atbild\/altes-paar-inmitten-von-truemmern-im-palaestinensischen-fluechtlingslager-burj-al-shamali-bei-tyros-libanon-2\/"},"modified":"2020-05-27T17:17:13","modified_gmt":"2020-05-27T15:17:13","slug":"altes-paar-inmitten-von-truemmern-im-palaestinensischen-fluechtlingslager-burj-al-shamali-bei-tyros-libanon-2","status":"publish","type":"product","link":"https:\/\/bpk-archive.de\/tuellmann\/produkt\/altes-paar-inmitten-von-truemmern-im-palaestinensischen-fluechtlingslager-burj-al-shamali-bei-tyros-libanon-2\/","title":{"rendered":"Altes Paar inmitten von Tr\u00fcmmern im pal\u00e4stinensischen Fl\u00fcchtlingslager Burj Al Shamali bei Tyros, Libanon"},"content":{"rendered":"<p>(Scan vom Vintageprint)<\/p>\n","protected":false},"excerpt":{"rendered":"<p>(Scan vom Vintageprint)<\/p>\n","protected":false},"featured_media":70316005,"template":"","meta":[],"product_brand":[],"product_cat":[],"product_tag":[47237,13232,13234,13231,13233,47238,47921,13777,47240,47418,47419,47420,47421,47422,47423,47424,47456,47457,47458,47459,47460,47461,47462,13250,47628,47242,47243,47244,47245,47246,47247,47248,47249,47250,47251,47252,47253,47254,47255,47463,59884,47257,47258,47259,13253,13254,13255,13256,13257,13260,47629,47630,47631,47632,47633,47634,47635,47636,47637,47638,47464,47465,47466,47467,47468,47469,47470,47471,47472,47473,47474,47475,47476,47477,47478,47479,14186,14187,14188,14189,14190,14191,14192,14193,14194,13293,13786,13787,13294,13295,13296,13297,47267,13487,13488,47643,47644,47645,47646,47378,47379,47380,47381,47382,47647,47648,47649,14066,47650,47651,47652,47653,47654,47383,47656,74911,13301,47278,47279,47280,47281,47282,47283,47284,47657,47658,49482,50413,50414,50415,50416,50417,49245,47295,47296,47297,47299,47300,47301,47302,14222,47303,47304,47305,47306,47307,47308,47309,13818,13819,13826,47447,47448,64324,47319,47320,47322,47321,14225,14226,14227,14228,47323,74912,14007,14008,48070,47324,47325,47326,47327,47328,47329,47330,47331,14009,13328,13827,13828,13329,13330,13331,13332,47332,13843,47958,47333,47334,47335,47336,47337,47404,13877,13879,52376,63267,47480,47481,47482,47483,47484,13865,13864,13866,13858,13859,13860,13861,13862,13863,47967,13878,13880,64613,74913,47663,47664,47665,47666,47667,47668,47485,47486,47487,47412,47413,47488,47968,47702,47671,47672,47343,47349,47350,47351,47352,47353,47354,47355,47356],"class_list":{"0":"post-70316456","1":"product","2":"type-product","3":"status-publish","4":"has-post-thumbnail","6":"product_tag-1980er-jahre","7":"product_tag-20-jahrhundert-nach-chr","8":"product_tag-20-jh-n-chr","9":"product_tag-20-jahrhundert","10":"product_tag-20-jh","11":"product_tag-80er","12":"product_tag-abisag","13":"product_tag-abzug","14":"product_tag-achtziger","15":"product_tag-alt","16":"product_tag-alte","17":"product_tag-alten","18":"product_tag-alter","19":"product_tag-aeltere","20":"product_tag-aelterer","21":"product_tag-altes","22":"product_tag-arbeit","23":"product_tag-arbeiten","24":"product_tag-arbeitend","25":"product_tag-arbeitende","26":"product_tag-arbeitenden","27":"product_tag-arbeitender","28":"product_tag-arbeitendes","29":"product_tag-aussen","30":"product_tag-bauholz","31":"product_tag-besatzungsmacht","32":"product_tag-besatzungsmaechte","33":"product_tag-besatzungsmaechten","34":"product_tag-besatzungszeit","35":"product_tag-besatzungszone","36":"product_tag-besatzungszonen","37":"product_tag-besetzen","38":"product_tag-besetzt","39":"product_tag-besetzte","40":"product_tag-besetzten","41":"product_tag-besetzter","42":"product_tag-besetztes","43":"product_tag-besetzung","44":"product_tag-besetzungen","45":"product_tag-brennholz","46":"product_tag-brett","47":"product_tag-buergerkrieg","48":"product_tag-buergerkriege","49":"product_tag-buergerkrieges","50":"product_tag-deutsch","51":"product_tag-deutsche","52":"product_tag-deutschen","53":"product_tag-deutscher","54":"product_tag-deutsches","55":"product_tag-draussen","56":"product_tag-drei","57":"product_tag-ehefrau","58":"product_tag-ehefrauen","59":"product_tag-eheleute","60":"product_tag-ehemann","61":"product_tag-ehemaenner","62":"product_tag-ehepaar","63":"product_tag-ehepaare","64":"product_tag-ehepaares","65":"product_tag-ehepaars","66":"product_tag-feuerholz","67":"product_tag-fliehen","68":"product_tag-fliehend","69":"product_tag-fliehende","70":"product_tag-fliehenden","71":"product_tag-fliehendes","72":"product_tag-fliehener","73":"product_tag-flieht","74":"product_tag-flucht","75":"product_tag-fluechten","76":"product_tag-fluechtend","77":"product_tag-fluechtende","78":"product_tag-fluechtenden","79":"product_tag-fluechtender","80":"product_tag-fluechtendes","81":"product_tag-fluechtet","82":"product_tag-fluechtling","83":"product_tag-fluechtlinge","84":"product_tag-fluechtlingen","85":"product_tag-fluechtlings","86":"product_tag-fluechtlingsheim","87":"product_tag-fluechtlingsheime","88":"product_tag-fluechtlingslager","89":"product_tag-fluechtlingsunterkunft","90":"product_tag-fluechtlingsunterkuenfte","91":"product_tag-foto","92":"product_tag-fotoabzug","93":"product_tag-fotoabzuege","94":"product_tag-fotografie","95":"product_tag-fotografien","96":"product_tag-fotografin","97":"product_tag-fotografinnen","98":"product_tag-fotoreportage","99":"product_tag-frau","100":"product_tag-frauen","101":"product_tag-gatte","102":"product_tag-gatten","103":"product_tag-gattin","104":"product_tag-gattinnen","105":"product_tag-gehen","106":"product_tag-gehend","107":"product_tag-gehende","108":"product_tag-gehender","109":"product_tag-gehendes","110":"product_tag-gemahl","111":"product_tag-gemahlin","112":"product_tag-gemahlinnen","113":"product_tag-geschichte","114":"product_tag-greis","115":"product_tag-greise","116":"product_tag-greises","117":"product_tag-greisin","118":"product_tag-greisinnen","119":"product_tag-haus","120":"product_tag-holz","121":"product_tag-holzstapel","122":"product_tag-im-freien","123":"product_tag-invasion","124":"product_tag-israel","125":"product_tag-israelisch","126":"product_tag-israelische","127":"product_tag-israelischer","128":"product_tag-israelisches","129":"product_tag-israels","130":"product_tag-katastrophe","131":"product_tag-katastrophen","132":"product_tag-kleidung","133":"product_tag-kontraststark","134":"product_tag-kontraststarke","135":"product_tag-kontraststarken","136":"product_tag-kontraststarker","137":"product_tag-kontraststarkes","138":"product_tag-kopfbedeckung","139":"product_tag-krieg","140":"product_tag-kriege","141":"product_tag-krieges","142":"product_tag-kriegszerstoerung","143":"product_tag-kriegszerstoerungen","144":"product_tag-krise","145":"product_tag-krisen","146":"product_tag-lager","147":"product_tag-libanese","148":"product_tag-libanesisch","149":"product_tag-libanesische","150":"product_tag-libanesischen","151":"product_tag-libanesischer","152":"product_tag-libanesisches","153":"product_tag-libanon","154":"product_tag-mann","155":"product_tag-maenner","156":"product_tag-mannes","157":"product_tag-menschengruppe","158":"product_tag-menschengruppen","159":"product_tag-naeher","160":"product_tag-naher-osten","161":"product_tag-nahost","162":"product_tag-nahost-konflikt","163":"product_tag-nahostkonflikt","164":"product_tag-not","165":"product_tag-noete","166":"product_tag-notlage","167":"product_tag-notlagen","168":"product_tag-okkupation","169":"product_tag-osten","170":"product_tag-paar","171":"product_tag-paare","172":"product_tag-palaestina","173":"product_tag-palaestinenser","174":"product_tag-palaestinenserin","175":"product_tag-palaestinenserinnen","176":"product_tag-palaestinensisch","177":"product_tag-palaestinensische","178":"product_tag-palaestinensischen","179":"product_tag-palaestinensischer","180":"product_tag-palaestinensisches","181":"product_tag-paerchen","182":"product_tag-photo","183":"product_tag-photoabzug","184":"product_tag-photoabzuege","185":"product_tag-photographie","186":"product_tag-photographien","187":"product_tag-photographin","188":"product_tag-photographinnen","189":"product_tag-photoreportage","190":"product_tag-print","191":"product_tag-querformat","192":"product_tag-reportage","193":"product_tag-reportagefoto","194":"product_tag-reportagefotografie","195":"product_tag-reportagephoto","196":"product_tag-reportagephotographie","197":"product_tag-ruine","198":"product_tag-s-w-fotografie","199":"product_tag-s-w-photographie","200":"product_tag-sammeln","201":"product_tag-sammler","202":"product_tag-schutt","203":"product_tag-schuttberg","204":"product_tag-schuttberge","205":"product_tag-schutthaufen","206":"product_tag-schutthaufens","207":"product_tag-schwarzweissphotographie","208":"product_tag-schwarz-weiss-fotografie","209":"product_tag-schwarz-weiss-photographie","210":"product_tag-schwarzweiss","211":"product_tag-schwarzweisse","212":"product_tag-schwarzweissen","213":"product_tag-schwarzweisser","214":"product_tag-schwarzweisses","215":"product_tag-schwarzweissfotografie","216":"product_tag-sw","217":"product_tag-sw-fotografie","218":"product_tag-sw-photographie","219":"product_tag-systematik_105137_id","220":"product_tag-systematik_4189_g","221":"product_tag-tragen","222":"product_tag-tragend","223":"product_tag-tragende","224":"product_tag-tragenden","225":"product_tag-tragender","226":"product_tag-tragendes","227":"product_tag-truemmer","228":"product_tag-truemmerhaufen","229":"product_tag-truemmerhaufens","230":"product_tag-truemmerlandschaft","231":"product_tag-truemmerlandschaften","232":"product_tag-truemmern","233":"product_tag-tuellmann","234":"product_tag-turban","235":"product_tag-vertreibung","236":"product_tag-vertreibungen","237":"product_tag-zeitgeschichte","238":"product_tag-zerstoeren","239":"product_tag-zerstoert","240":"product_tag-zerstoerte","241":"product_tag-zerstoerten","242":"product_tag-zerstoerter","243":"product_tag-zerstoertes","244":"product_tag-zerstoerung","245":"product_tag-zerstoerungen","246":"pa_datierung-28396","247":"pa_fotograf-abisag-tuellmann","248":"pa_geografischer_bezug-aufnahmeort-tyros-libanon","249":"pa_grunddaten_material_technik-foto","250":"pa_inventarnummer-tue-82-072-16a","251":"pa_jahr_von-47235","252":"pa_mediennummer-74909","253":"pa_objekttyp-fotografie","255":"first","256":"instock","257":"product-type-simple"},"yoast_head":"<!-- This site is optimized with the Yoast SEO plugin v27.4 - https:\/\/yoast.com\/product\/yoast-seo-wordpress\/ -->\n<title>Altes Paar inmitten von Tr\u00fcmmern im pal\u00e4stinensischen Fl\u00fcchtlingslager Burj Al Shamali bei Tyros, Libanon - Abisag T\u00fcllmann<\/title>\n<meta name=\"robots\" content=\"index, follow, max-snippet:-1, max-image-preview:large, max-video-preview:-1\" \/>\n<link rel=\"canonical\" href=\"https:\/\/bpk-archive.de\/tuellmann\/produkt\/altes-paar-inmitten-von-truemmern-im-palaestinensischen-fluechtlingslager-burj-al-shamali-bei-tyros-libanon-2\/\" \/>\n<meta property=\"og:locale\" content=\"de_DE\" \/>\n<meta property=\"og:type\" content=\"article\" \/>\n<meta property=\"og:title\" content=\"Altes Paar inmitten von Tr\u00fcmmern im pal\u00e4stinensischen Fl\u00fcchtlingslager Burj Al Shamali bei Tyros, Libanon - Abisag T\u00fcllmann\" \/>\n<meta property=\"og:description\" content=\"(Scan vom Vintageprint)\" \/>\n<meta property=\"og:url\" content=\"https:\/\/bpk-archive.de\/tuellmann\/produkt\/altes-paar-inmitten-von-truemmern-im-palaestinensischen-fluechtlingslager-burj-al-shamali-bei-tyros-libanon-2\/\" \/>\n<meta property=\"og:site_name\" content=\"Abisag T\u00fcllmann\" \/>\n<meta property=\"article:modified_time\" content=\"2020-05-27T15:17:13+00:00\" \/>\n<meta property=\"og:image\" content=\"https:\/\/bpk-archive.de\/tuellmann\/wp-content\/uploads\/2020\/05\/bpk_20034727.jpg\" \/>\n\t<meta property=\"og:image:width\" content=\"1200\" \/>\n\t<meta property=\"og:image:height\" content=\"779\" \/>\n\t<meta property=\"og:image:type\" content=\"image\/jpeg\" \/>\n<meta name=\"twitter:card\" content=\"summary_large_image\" \/>\n<script type=\"application\/ld+json\" class=\"yoast-schema-graph\">{\"@context\":\"https:\\\/\\\/schema.org\",\"@graph\":[{\"@type\":\"WebPage\",\"@id\":\"https:\\\/\\\/bpk-archive.de\\\/tuellmann\\\/produkt\\\/altes-paar-inmitten-von-truemmern-im-palaestinensischen-fluechtlingslager-burj-al-shamali-bei-tyros-libanon-2\\\/\",\"url\":\"https:\\\/\\\/bpk-archive.de\\\/tuellmann\\\/produkt\\\/altes-paar-inmitten-von-truemmern-im-palaestinensischen-fluechtlingslager-burj-al-shamali-bei-tyros-libanon-2\\\/\",\"name\":\"Altes Paar inmitten von Tr\u00fcmmern im pal\u00e4stinensischen Fl\u00fcchtlingslager Burj Al Shamali bei Tyros, Libanon - Abisag T\u00fcllmann\",\"isPartOf\":{\"@id\":\"https:\\\/\\\/bpk-archive.de\\\/tuellmann\\\/#website\"},\"primaryImageOfPage\":{\"@id\":\"https:\\\/\\\/bpk-archive.de\\\/tuellmann\\\/produkt\\\/altes-paar-inmitten-von-truemmern-im-palaestinensischen-fluechtlingslager-burj-al-shamali-bei-tyros-libanon-2\\\/#primaryimage\"},\"image\":{\"@id\":\"https:\\\/\\\/bpk-archive.de\\\/tuellmann\\\/produkt\\\/altes-paar-inmitten-von-truemmern-im-palaestinensischen-fluechtlingslager-burj-al-shamali-bei-tyros-libanon-2\\\/#primaryimage\"},\"thumbnailUrl\":\"https:\\\/\\\/bpk-archive.de\\\/tuellmann\\\/wp-content\\\/uploads\\\/2020\\\/05\\\/bpk_20034727.jpg\",\"datePublished\":\"2020-05-27T15:17:00+00:00\",\"dateModified\":\"2020-05-27T15:17:13+00:00\",\"breadcrumb\":{\"@id\":\"https:\\\/\\\/bpk-archive.de\\\/tuellmann\\\/produkt\\\/altes-paar-inmitten-von-truemmern-im-palaestinensischen-fluechtlingslager-burj-al-shamali-bei-tyros-libanon-2\\\/#breadcrumb\"},\"inLanguage\":\"de\",\"potentialAction\":[{\"@type\":\"ReadAction\",\"target\":[\"https:\\\/\\\/bpk-archive.de\\\/tuellmann\\\/produkt\\\/altes-paar-inmitten-von-truemmern-im-palaestinensischen-fluechtlingslager-burj-al-shamali-bei-tyros-libanon-2\\\/\"]}]},{\"@type\":\"ImageObject\",\"inLanguage\":\"de\",\"@id\":\"https:\\\/\\\/bpk-archive.de\\\/tuellmann\\\/produkt\\\/altes-paar-inmitten-von-truemmern-im-palaestinensischen-fluechtlingslager-burj-al-shamali-bei-tyros-libanon-2\\\/#primaryimage\",\"url\":\"https:\\\/\\\/bpk-archive.de\\\/tuellmann\\\/wp-content\\\/uploads\\\/2020\\\/05\\\/bpk_20034727.jpg\",\"contentUrl\":\"https:\\\/\\\/bpk-archive.de\\\/tuellmann\\\/wp-content\\\/uploads\\\/2020\\\/05\\\/bpk_20034727.jpg\",\"width\":1200,\"height\":779,\"caption\":\"(Scan vom Vintageprint) Aufnahmedatum: 1982 Material\\\/Technik: Foto Aufnahmeort: Tyros \\\/ Libanon Inventar-Nr.: T\u00fc 82\\\/072-16a\"},{\"@type\":\"BreadcrumbList\",\"@id\":\"https:\\\/\\\/bpk-archive.de\\\/tuellmann\\\/produkt\\\/altes-paar-inmitten-von-truemmern-im-palaestinensischen-fluechtlingslager-burj-al-shamali-bei-tyros-libanon-2\\\/#breadcrumb\",\"itemListElement\":[{\"@type\":\"ListItem\",\"position\":1,\"name\":\"Startseite\",\"item\":\"https:\\\/\\\/bpk-archive.de\\\/tuellmann\\\/\"},{\"@type\":\"ListItem\",\"position\":2,\"name\":\"Shop\",\"item\":\"https:\\\/\\\/bpk-archive.de\\\/tuellmann\\\/shop\\\/\"},{\"@type\":\"ListItem\",\"position\":3,\"name\":\"Altes Paar inmitten von Tr\u00fcmmern im pal\u00e4stinensischen Fl\u00fcchtlingslager Burj Al Shamali bei Tyros, Libanon\"}]},{\"@type\":\"WebSite\",\"@id\":\"https:\\\/\\\/bpk-archive.de\\\/tuellmann\\\/#website\",\"url\":\"https:\\\/\\\/bpk-archive.de\\\/tuellmann\\\/\",\"name\":\"Abisag T\u00fcllmann\",\"description\":\"Eine weitere WordPress-Website\",\"potentialAction\":[{\"@type\":\"SearchAction\",\"target\":{\"@type\":\"EntryPoint\",\"urlTemplate\":\"https:\\\/\\\/bpk-archive.de\\\/tuellmann\\\/?s={search_term_string}\"},\"query-input\":{\"@type\":\"PropertyValueSpecification\",\"valueRequired\":true,\"valueName\":\"search_term_string\"}}],\"inLanguage\":\"de\"}]}<\/script>\n<!-- \/ Yoast SEO plugin. -->","yoast_head_json":{"title":"Altes Paar inmitten von Tr\u00fcmmern im pal\u00e4stinensischen Fl\u00fcchtlingslager Burj Al Shamali bei Tyros, Libanon - Abisag T\u00fcllmann","robots":{"index":"index","follow":"follow","max-snippet":"max-snippet:-1","max-image-preview":"max-image-preview:large","max-video-preview":"max-video-preview:-1"},"canonical":"https:\/\/bpk-archive.de\/tuellmann\/produkt\/altes-paar-inmitten-von-truemmern-im-palaestinensischen-fluechtlingslager-burj-al-shamali-bei-tyros-libanon-2\/","og_locale":"de_DE","og_type":"article","og_title":"Altes Paar inmitten von Tr\u00fcmmern im pal\u00e4stinensischen Fl\u00fcchtlingslager Burj Al Shamali bei Tyros, Libanon - Abisag T\u00fcllmann","og_description":"(Scan vom Vintageprint)","og_url":"https:\/\/bpk-archive.de\/tuellmann\/produkt\/altes-paar-inmitten-von-truemmern-im-palaestinensischen-fluechtlingslager-burj-al-shamali-bei-tyros-libanon-2\/","og_site_name":"Abisag T\u00fcllmann","article_modified_time":"2020-05-27T15:17:13+00:00","og_image":[{"width":1200,"height":779,"url":"https:\/\/bpk-archive.de\/tuellmann\/wp-content\/uploads\/2020\/05\/bpk_20034727.jpg","type":"image\/jpeg"}],"twitter_card":"summary_large_image","schema":{"@context":"https:\/\/schema.org","@graph":[{"@type":"WebPage","@id":"https:\/\/bpk-archive.de\/tuellmann\/produkt\/altes-paar-inmitten-von-truemmern-im-palaestinensischen-fluechtlingslager-burj-al-shamali-bei-tyros-libanon-2\/","url":"https:\/\/bpk-archive.de\/tuellmann\/produkt\/altes-paar-inmitten-von-truemmern-im-palaestinensischen-fluechtlingslager-burj-al-shamali-bei-tyros-libanon-2\/","name":"Altes Paar inmitten von Tr\u00fcmmern im pal\u00e4stinensischen Fl\u00fcchtlingslager Burj Al Shamali bei Tyros, Libanon - Abisag T\u00fcllmann","isPartOf":{"@id":"https:\/\/bpk-archive.de\/tuellmann\/#website"},"primaryImageOfPage":{"@id":"https:\/\/bpk-archive.de\/tuellmann\/produkt\/altes-paar-inmitten-von-truemmern-im-palaestinensischen-fluechtlingslager-burj-al-shamali-bei-tyros-libanon-2\/#primaryimage"},"image":{"@id":"https:\/\/bpk-archive.de\/tuellmann\/produkt\/altes-paar-inmitten-von-truemmern-im-palaestinensischen-fluechtlingslager-burj-al-shamali-bei-tyros-libanon-2\/#primaryimage"},"thumbnailUrl":"https:\/\/bpk-archive.de\/tuellmann\/wp-content\/uploads\/2020\/05\/bpk_20034727.jpg","datePublished":"2020-05-27T15:17:00+00:00","dateModified":"2020-05-27T15:17:13+00:00","breadcrumb":{"@id":"https:\/\/bpk-archive.de\/tuellmann\/produkt\/altes-paar-inmitten-von-truemmern-im-palaestinensischen-fluechtlingslager-burj-al-shamali-bei-tyros-libanon-2\/#breadcrumb"},"inLanguage":"de","potentialAction":[{"@type":"ReadAction","target":["https:\/\/bpk-archive.de\/tuellmann\/produkt\/altes-paar-inmitten-von-truemmern-im-palaestinensischen-fluechtlingslager-burj-al-shamali-bei-tyros-libanon-2\/"]}]},{"@type":"ImageObject","inLanguage":"de","@id":"https:\/\/bpk-archive.de\/tuellmann\/produkt\/altes-paar-inmitten-von-truemmern-im-palaestinensischen-fluechtlingslager-burj-al-shamali-bei-tyros-libanon-2\/#primaryimage","url":"https:\/\/bpk-archive.de\/tuellmann\/wp-content\/uploads\/2020\/05\/bpk_20034727.jpg","contentUrl":"https:\/\/bpk-archive.de\/tuellmann\/wp-content\/uploads\/2020\/05\/bpk_20034727.jpg","width":1200,"height":779,"caption":"(Scan vom Vintageprint) Aufnahmedatum: 1982 Material\/Technik: Foto Aufnahmeort: Tyros \/ Libanon Inventar-Nr.: T\u00fc 82\/072-16a"},{"@type":"BreadcrumbList","@id":"https:\/\/bpk-archive.de\/tuellmann\/produkt\/altes-paar-inmitten-von-truemmern-im-palaestinensischen-fluechtlingslager-burj-al-shamali-bei-tyros-libanon-2\/#breadcrumb","itemListElement":[{"@type":"ListItem","position":1,"name":"Startseite","item":"https:\/\/bpk-archive.de\/tuellmann\/"},{"@type":"ListItem","position":2,"name":"Shop","item":"https:\/\/bpk-archive.de\/tuellmann\/shop\/"},{"@type":"ListItem","position":3,"name":"Altes Paar inmitten von Tr\u00fcmmern im pal\u00e4stinensischen Fl\u00fcchtlingslager Burj Al Shamali bei Tyros, Libanon"}]},{"@type":"WebSite","@id":"https:\/\/bpk-archive.de\/tuellmann\/#website","url":"https:\/\/bpk-archive.de\/tuellmann\/","name":"Abisag T\u00fcllmann","description":"Eine weitere WordPress-Website","potentialAction":[{"@type":"SearchAction","target":{"@type":"EntryPoint","urlTemplate":"https:\/\/bpk-archive.de\/tuellmann\/?s={search_term_string}"},"query-input":{"@type":"PropertyValueSpecification","valueRequired":true,"valueName":"search_term_string"}}],"inLanguage":"de"}]}},"_links":{"self":[{"href":"https:\/\/bpk-archive.de\/tuellmann\/wp-json\/wp\/v2\/product\/70316456","targetHints":{"allow":["GET"]}}],"collection":[{"href":"https:\/\/bpk-archive.de\/tuellmann\/wp-json\/wp\/v2\/product"}],"about":[{"href":"https:\/\/bpk-archive.de\/tuellmann\/wp-json\/wp\/v2\/types\/product"}],"wp:featuredmedia":[{"embeddable":true,"href":"https:\/\/bpk-archive.de\/tuellmann\/wp-json\/wp\/v2\/media\/70316005"}],"wp:attachment":[{"href":"https:\/\/bpk-archive.de\/tuellmann\/wp-json\/wp\/v2\/media?parent=70316456"}],"wp:term":[{"taxonomy":"product_brand","embeddable":true,"href":"https:\/\/bpk-archive.de\/tuellmann\/wp-json\/wp\/v2\/product_brand?post=70316456"},{"taxonomy":"product_cat","embeddable":true,"href":"https:\/\/bpk-archive.de\/tuellmann\/wp-json\/wp\/v2\/product_cat?post=70316456"},{"taxonomy":"product_tag","embeddable":true,"href":"https:\/\/bpk-archive.de\/tuellmann\/wp-json\/wp\/v2\/product_tag?post=70316456"}],"curies":[{"name":"wp","href":"https:\/\/api.w.org\/{rel}","templated":true}]}}