{"id":70316452,"date":"2020-05-27T17:17:00","date_gmt":"2020-05-27T15:17:00","guid":{"rendered":"https:\/\/bpk-archive.de\/tuellmann\/\/atbild\/apartheid-in-suedafrika-zwischen-schwarzen-und-weissen-getrennter-einkauf-in-johannesburg-2\/"},"modified":"2020-08-12T10:28:07","modified_gmt":"2020-08-12T08:28:07","slug":"apartheid-in-suedafrika-zwischen-schwarzen-und-weissen-getrennter-einkauf-in-johannesburg-2","status":"publish","type":"product","link":"https:\/\/bpk-archive.de\/tuellmann\/produkt\/apartheid-in-suedafrika-zwischen-schwarzen-und-weissen-getrennter-einkauf-in-johannesburg-2\/","title":{"rendered":"Apartheid in S\u00fcdafrika: Zwischen Schwarzen und Wei\u00dfen getrennter Einkauf in Johannesburg"},"content":{"rendered":"<p>(Scan vom Vintageprint)<\/p>\n","protected":false},"excerpt":{"rendered":"<p>(Scan vom Vintageprint)<\/p>\n","protected":false},"featured_media":70316009,"template":"","meta":[],"product_brand":[],"product_cat":[73397],"product_tag":[13230,13232,13234,13231,13233,13235,47921,13777,13236,13237,13238,13239,13240,13241,13242,13243,13244,13245,48239,48240,48241,47513,56271,47456,47457,47458,47459,47460,47461,47462,49961,13253,13254,13255,13256,13257,49519,13473,13261,47724,47725,47726,13268,13269,13270,13271,13293,13786,13787,13294,13295,13296,13297,47519,47557,47558,47559,64891,60618,53709,13498,62058,62059,50476,48253,47762,47763,47764,47766,47560,48254,48255,48256,48257,74074,13319,13320,13321,13322,13323,48262,48263,13328,13827,13828,13329,13330,13331,13332,13843,47958,62166,62127,62128,62129,62130,62131,62132,62133,13877,13879,13865,13864,13866,13351,13352,13353,13858,13859,13860,13861,13862,13863,13354,13869,13870,13871,13872,13519,13520,13521,13522,13523,13524,13363,51811,56279,56280,13364,13365,13366,13367,13368,13369,47967,13878,13880,64613,52102,52103,64892,52104,47968,48636,48637,13525,47529,47530,47531,47532,47533,47534,56623,56624,56625,56626,56627,56628],"class_list":{"0":"post-70316452","1":"product","2":"type-product","3":"status-publish","4":"has-post-thumbnail","6":"product_cat-suedafrika","7":"product_tag-1970er-jahre","8":"product_tag-20-jahrhundert-nach-chr","9":"product_tag-20-jh-n-chr","10":"product_tag-20-jahrhundert","11":"product_tag-20-jh","12":"product_tag-70er","13":"product_tag-abisag","14":"product_tag-abzug","15":"product_tag-afrika","16":"product_tag-afrikaner","17":"product_tag-afrikanerin","18":"product_tag-afrikanerinnen","19":"product_tag-afrikanisch","20":"product_tag-afrikanische","21":"product_tag-afrikanischen","22":"product_tag-afrikanischer","23":"product_tag-afrikanisches","24":"product_tag-afrikas","25":"product_tag-angestellte","26":"product_tag-angestellten","27":"product_tag-angestellter","28":"product_tag-anstehen","29":"product_tag-apartheid","30":"product_tag-arbeit","31":"product_tag-arbeiten","32":"product_tag-arbeitend","33":"product_tag-arbeitende","34":"product_tag-arbeitenden","35":"product_tag-arbeitender","36":"product_tag-arbeitendes","37":"product_tag-arbeitskleidung","38":"product_tag-deutsch","39":"product_tag-deutsche","40":"product_tag-deutschen","41":"product_tag-deutscher","42":"product_tag-deutsches","43":"product_tag-diskriminierung","44":"product_tag-drinnen","45":"product_tag-dunkelhaeutiger","46":"product_tag-einkauf","47":"product_tag-einkaeufe","48":"product_tag-einkaufen","49":"product_tag-farbige","50":"product_tag-farbigen","51":"product_tag-farbiger","52":"product_tag-farbiges","53":"product_tag-foto","54":"product_tag-fotoabzug","55":"product_tag-fotoabzuege","56":"product_tag-fotografie","57":"product_tag-fotografien","58":"product_tag-fotografin","59":"product_tag-fotografinnen","60":"product_tag-gedraenge","61":"product_tag-geschaeft","62":"product_tag-geschaefte","63":"product_tag-geschaeftes","64":"product_tag-getrennt","65":"product_tag-handel","66":"product_tag-haube","67":"product_tag-innen","68":"product_tag-johannesburg","69":"product_tag-johannesburger","70":"product_tag-kittel","71":"product_tag-konsum","72":"product_tag-kunde","73":"product_tag-kunden","74":"product_tag-kundin","75":"product_tag-kundschaft","76":"product_tag-laden","77":"product_tag-lebensmittel","78":"product_tag-lebensmittelgeschaeft","79":"product_tag-lebensmittelgeschaefte","80":"product_tag-lebensmitteln","81":"product_tag-lebensmittelversorgung","82":"product_tag-menschenansammlung","83":"product_tag-menschenauflauf","84":"product_tag-menschenmassen","85":"product_tag-menschenmenge","86":"product_tag-menschenschar","87":"product_tag-nahrung","88":"product_tag-nahrungsmittel","89":"product_tag-photo","90":"product_tag-photoabzug","91":"product_tag-photoabzuege","92":"product_tag-photographie","93":"product_tag-photographien","94":"product_tag-photographin","95":"product_tag-photographinnen","96":"product_tag-print","97":"product_tag-querformat","98":"product_tag-rassendiskriminierung","99":"product_tag-rassentrennung","100":"product_tag-rassismus","101":"product_tag-rassistisch","102":"product_tag-rassistische","103":"product_tag-rassistischen","104":"product_tag-rassistischer","105":"product_tag-rassistisches","106":"product_tag-s-w-fotografie","107":"product_tag-s-w-photographie","108":"product_tag-schwarzweissphotographie","109":"product_tag-schwarz-weiss-fotografie","110":"product_tag-schwarz-weiss-photographie","111":"product_tag-schwarze","112":"product_tag-schwarzen","113":"product_tag-schwarzer","114":"product_tag-schwarzweiss","115":"product_tag-schwarzweisse","116":"product_tag-schwarzweissen","117":"product_tag-schwarzweisser","118":"product_tag-schwarzweisses","119":"product_tag-schwarzweissfotografie","120":"product_tag-siebziger","121":"product_tag-silbergelatine","122":"product_tag-silbergelatineabzug","123":"product_tag-silbergelatineabzuege","124":"product_tag-silbergelatineprint","125":"product_tag-stehen","126":"product_tag-stehend","127":"product_tag-stehende","128":"product_tag-stehenden","129":"product_tag-stehender","130":"product_tag-stehendes","131":"product_tag-suedafrika","132":"product_tag-suedafrikaner","133":"product_tag-suedafrikanerin","134":"product_tag-suedafrikanerinnen","135":"product_tag-suedafrikanisch","136":"product_tag-suedafrikanische","137":"product_tag-suedafrikanischen","138":"product_tag-suedafrikanischer","139":"product_tag-suedafrikanisches","140":"product_tag-suedafrikas","141":"product_tag-sw","142":"product_tag-sw-fotografie","143":"product_tag-sw-photographie","144":"product_tag-systematik_105137_id","145":"product_tag-theke","146":"product_tag-theken","147":"product_tag-trennwand","148":"product_tag-tresen","149":"product_tag-tuellmann","150":"product_tag-verkaeuferin","151":"product_tag-verkaeuferinnen","152":"product_tag-von-innen","153":"product_tag-warten","154":"product_tag-wartend","155":"product_tag-wartende","156":"product_tag-wartenden","157":"product_tag-wartender","158":"product_tag-wartendes","159":"product_tag-weiss","160":"product_tag-weisse","161":"product_tag-weissem","162":"product_tag-weissen","163":"product_tag-weisser","164":"product_tag-weisses","165":"pa_datierung-16836","166":"pa_fotograf-abisag-tuellmann","167":"pa_geografischer_bezug-aufnahmeort-johannesburg-suedafrika","168":"pa_grunddaten_material_technik-foto","169":"pa_inventarnummer-tue-71-239-19a","170":"pa_jahr_von-49516","171":"pa_mediennummer-74887","172":"pa_objekttyp-fotografie","174":"first","175":"instock","176":"product-type-simple"},"yoast_head":"<!-- This site is optimized with the Yoast SEO plugin v27.3 - https:\/\/yoast.com\/product\/yoast-seo-wordpress\/ -->\n<title>Apartheid in S\u00fcdafrika: Zwischen Schwarzen und Wei\u00dfen getrennter Einkauf in Johannesburg - Abisag T\u00fcllmann<\/title>\n<meta name=\"robots\" content=\"index, follow, max-snippet:-1, max-image-preview:large, max-video-preview:-1\" \/>\n<link rel=\"canonical\" href=\"https:\/\/bpk-archive.de\/tuellmann\/produkt\/apartheid-in-suedafrika-zwischen-schwarzen-und-weissen-getrennter-einkauf-in-johannesburg-2\/\" \/>\n<meta property=\"og:locale\" content=\"de_DE\" \/>\n<meta property=\"og:type\" content=\"article\" \/>\n<meta property=\"og:title\" content=\"Apartheid in S\u00fcdafrika: Zwischen Schwarzen und Wei\u00dfen getrennter Einkauf in Johannesburg - Abisag T\u00fcllmann\" \/>\n<meta property=\"og:description\" content=\"(Scan vom Vintageprint)\" \/>\n<meta property=\"og:url\" content=\"https:\/\/bpk-archive.de\/tuellmann\/produkt\/apartheid-in-suedafrika-zwischen-schwarzen-und-weissen-getrennter-einkauf-in-johannesburg-2\/\" \/>\n<meta property=\"og:site_name\" content=\"Abisag T\u00fcllmann\" \/>\n<meta property=\"article:modified_time\" content=\"2020-08-12T08:28:07+00:00\" \/>\n<meta property=\"og:image\" content=\"https:\/\/bpk-archive.de\/tuellmann\/wp-content\/uploads\/2020\/05\/bpk_20034731.jpg\" \/>\n\t<meta property=\"og:image:width\" content=\"1200\" \/>\n\t<meta property=\"og:image:height\" content=\"965\" \/>\n\t<meta property=\"og:image:type\" content=\"image\/jpeg\" \/>\n<meta name=\"twitter:card\" content=\"summary_large_image\" \/>\n<script type=\"application\/ld+json\" class=\"yoast-schema-graph\">{\"@context\":\"https:\\\/\\\/schema.org\",\"@graph\":[{\"@type\":\"WebPage\",\"@id\":\"https:\\\/\\\/bpk-archive.de\\\/tuellmann\\\/produkt\\\/apartheid-in-suedafrika-zwischen-schwarzen-und-weissen-getrennter-einkauf-in-johannesburg-2\\\/\",\"url\":\"https:\\\/\\\/bpk-archive.de\\\/tuellmann\\\/produkt\\\/apartheid-in-suedafrika-zwischen-schwarzen-und-weissen-getrennter-einkauf-in-johannesburg-2\\\/\",\"name\":\"Apartheid in S\u00fcdafrika: Zwischen Schwarzen und Wei\u00dfen getrennter Einkauf in Johannesburg - Abisag T\u00fcllmann\",\"isPartOf\":{\"@id\":\"https:\\\/\\\/bpk-archive.de\\\/tuellmann\\\/#website\"},\"primaryImageOfPage\":{\"@id\":\"https:\\\/\\\/bpk-archive.de\\\/tuellmann\\\/produkt\\\/apartheid-in-suedafrika-zwischen-schwarzen-und-weissen-getrennter-einkauf-in-johannesburg-2\\\/#primaryimage\"},\"image\":{\"@id\":\"https:\\\/\\\/bpk-archive.de\\\/tuellmann\\\/produkt\\\/apartheid-in-suedafrika-zwischen-schwarzen-und-weissen-getrennter-einkauf-in-johannesburg-2\\\/#primaryimage\"},\"thumbnailUrl\":\"https:\\\/\\\/bpk-archive.de\\\/tuellmann\\\/wp-content\\\/uploads\\\/2020\\\/05\\\/bpk_20034731.jpg\",\"datePublished\":\"2020-05-27T15:17:00+00:00\",\"dateModified\":\"2020-08-12T08:28:07+00:00\",\"breadcrumb\":{\"@id\":\"https:\\\/\\\/bpk-archive.de\\\/tuellmann\\\/produkt\\\/apartheid-in-suedafrika-zwischen-schwarzen-und-weissen-getrennter-einkauf-in-johannesburg-2\\\/#breadcrumb\"},\"inLanguage\":\"de\",\"potentialAction\":[{\"@type\":\"ReadAction\",\"target\":[\"https:\\\/\\\/bpk-archive.de\\\/tuellmann\\\/produkt\\\/apartheid-in-suedafrika-zwischen-schwarzen-und-weissen-getrennter-einkauf-in-johannesburg-2\\\/\"]}]},{\"@type\":\"ImageObject\",\"inLanguage\":\"de\",\"@id\":\"https:\\\/\\\/bpk-archive.de\\\/tuellmann\\\/produkt\\\/apartheid-in-suedafrika-zwischen-schwarzen-und-weissen-getrennter-einkauf-in-johannesburg-2\\\/#primaryimage\",\"url\":\"https:\\\/\\\/bpk-archive.de\\\/tuellmann\\\/wp-content\\\/uploads\\\/2020\\\/05\\\/bpk_20034731.jpg\",\"contentUrl\":\"https:\\\/\\\/bpk-archive.de\\\/tuellmann\\\/wp-content\\\/uploads\\\/2020\\\/05\\\/bpk_20034731.jpg\",\"width\":1200,\"height\":965,\"caption\":\"(Scan vom Vintageprint) Aufnahmedatum: 1971 Material\\\/Technik: Foto Aufnahmeort: Johannesburg \\\/ S\u00fcdafrika Inventar-Nr.: T\u00fc 71\\\/239-19a\"},{\"@type\":\"BreadcrumbList\",\"@id\":\"https:\\\/\\\/bpk-archive.de\\\/tuellmann\\\/produkt\\\/apartheid-in-suedafrika-zwischen-schwarzen-und-weissen-getrennter-einkauf-in-johannesburg-2\\\/#breadcrumb\",\"itemListElement\":[{\"@type\":\"ListItem\",\"position\":1,\"name\":\"Startseite\",\"item\":\"https:\\\/\\\/bpk-archive.de\\\/tuellmann\\\/\"},{\"@type\":\"ListItem\",\"position\":2,\"name\":\"Shop\",\"item\":\"https:\\\/\\\/bpk-archive.de\\\/tuellmann\\\/shop\\\/\"},{\"@type\":\"ListItem\",\"position\":3,\"name\":\"Apartheid in S\u00fcdafrika: Zwischen Schwarzen und Wei\u00dfen getrennter Einkauf in Johannesburg\"}]},{\"@type\":\"WebSite\",\"@id\":\"https:\\\/\\\/bpk-archive.de\\\/tuellmann\\\/#website\",\"url\":\"https:\\\/\\\/bpk-archive.de\\\/tuellmann\\\/\",\"name\":\"Abisag T\u00fcllmann\",\"description\":\"Eine weitere WordPress-Website\",\"potentialAction\":[{\"@type\":\"SearchAction\",\"target\":{\"@type\":\"EntryPoint\",\"urlTemplate\":\"https:\\\/\\\/bpk-archive.de\\\/tuellmann\\\/?s={search_term_string}\"},\"query-input\":{\"@type\":\"PropertyValueSpecification\",\"valueRequired\":true,\"valueName\":\"search_term_string\"}}],\"inLanguage\":\"de\"}]}<\/script>\n<!-- \/ Yoast SEO plugin. -->","yoast_head_json":{"title":"Apartheid in S\u00fcdafrika: Zwischen Schwarzen und Wei\u00dfen getrennter Einkauf in Johannesburg - Abisag T\u00fcllmann","robots":{"index":"index","follow":"follow","max-snippet":"max-snippet:-1","max-image-preview":"max-image-preview:large","max-video-preview":"max-video-preview:-1"},"canonical":"https:\/\/bpk-archive.de\/tuellmann\/produkt\/apartheid-in-suedafrika-zwischen-schwarzen-und-weissen-getrennter-einkauf-in-johannesburg-2\/","og_locale":"de_DE","og_type":"article","og_title":"Apartheid in S\u00fcdafrika: Zwischen Schwarzen und Wei\u00dfen getrennter Einkauf in Johannesburg - Abisag T\u00fcllmann","og_description":"(Scan vom Vintageprint)","og_url":"https:\/\/bpk-archive.de\/tuellmann\/produkt\/apartheid-in-suedafrika-zwischen-schwarzen-und-weissen-getrennter-einkauf-in-johannesburg-2\/","og_site_name":"Abisag T\u00fcllmann","article_modified_time":"2020-08-12T08:28:07+00:00","og_image":[{"width":1200,"height":965,"url":"https:\/\/bpk-archive.de\/tuellmann\/wp-content\/uploads\/2020\/05\/bpk_20034731.jpg","type":"image\/jpeg"}],"twitter_card":"summary_large_image","schema":{"@context":"https:\/\/schema.org","@graph":[{"@type":"WebPage","@id":"https:\/\/bpk-archive.de\/tuellmann\/produkt\/apartheid-in-suedafrika-zwischen-schwarzen-und-weissen-getrennter-einkauf-in-johannesburg-2\/","url":"https:\/\/bpk-archive.de\/tuellmann\/produkt\/apartheid-in-suedafrika-zwischen-schwarzen-und-weissen-getrennter-einkauf-in-johannesburg-2\/","name":"Apartheid in S\u00fcdafrika: Zwischen Schwarzen und Wei\u00dfen getrennter Einkauf in Johannesburg - Abisag T\u00fcllmann","isPartOf":{"@id":"https:\/\/bpk-archive.de\/tuellmann\/#website"},"primaryImageOfPage":{"@id":"https:\/\/bpk-archive.de\/tuellmann\/produkt\/apartheid-in-suedafrika-zwischen-schwarzen-und-weissen-getrennter-einkauf-in-johannesburg-2\/#primaryimage"},"image":{"@id":"https:\/\/bpk-archive.de\/tuellmann\/produkt\/apartheid-in-suedafrika-zwischen-schwarzen-und-weissen-getrennter-einkauf-in-johannesburg-2\/#primaryimage"},"thumbnailUrl":"https:\/\/bpk-archive.de\/tuellmann\/wp-content\/uploads\/2020\/05\/bpk_20034731.jpg","datePublished":"2020-05-27T15:17:00+00:00","dateModified":"2020-08-12T08:28:07+00:00","breadcrumb":{"@id":"https:\/\/bpk-archive.de\/tuellmann\/produkt\/apartheid-in-suedafrika-zwischen-schwarzen-und-weissen-getrennter-einkauf-in-johannesburg-2\/#breadcrumb"},"inLanguage":"de","potentialAction":[{"@type":"ReadAction","target":["https:\/\/bpk-archive.de\/tuellmann\/produkt\/apartheid-in-suedafrika-zwischen-schwarzen-und-weissen-getrennter-einkauf-in-johannesburg-2\/"]}]},{"@type":"ImageObject","inLanguage":"de","@id":"https:\/\/bpk-archive.de\/tuellmann\/produkt\/apartheid-in-suedafrika-zwischen-schwarzen-und-weissen-getrennter-einkauf-in-johannesburg-2\/#primaryimage","url":"https:\/\/bpk-archive.de\/tuellmann\/wp-content\/uploads\/2020\/05\/bpk_20034731.jpg","contentUrl":"https:\/\/bpk-archive.de\/tuellmann\/wp-content\/uploads\/2020\/05\/bpk_20034731.jpg","width":1200,"height":965,"caption":"(Scan vom Vintageprint) Aufnahmedatum: 1971 Material\/Technik: Foto Aufnahmeort: Johannesburg \/ S\u00fcdafrika Inventar-Nr.: T\u00fc 71\/239-19a"},{"@type":"BreadcrumbList","@id":"https:\/\/bpk-archive.de\/tuellmann\/produkt\/apartheid-in-suedafrika-zwischen-schwarzen-und-weissen-getrennter-einkauf-in-johannesburg-2\/#breadcrumb","itemListElement":[{"@type":"ListItem","position":1,"name":"Startseite","item":"https:\/\/bpk-archive.de\/tuellmann\/"},{"@type":"ListItem","position":2,"name":"Shop","item":"https:\/\/bpk-archive.de\/tuellmann\/shop\/"},{"@type":"ListItem","position":3,"name":"Apartheid in S\u00fcdafrika: Zwischen Schwarzen und Wei\u00dfen getrennter Einkauf in Johannesburg"}]},{"@type":"WebSite","@id":"https:\/\/bpk-archive.de\/tuellmann\/#website","url":"https:\/\/bpk-archive.de\/tuellmann\/","name":"Abisag T\u00fcllmann","description":"Eine weitere WordPress-Website","potentialAction":[{"@type":"SearchAction","target":{"@type":"EntryPoint","urlTemplate":"https:\/\/bpk-archive.de\/tuellmann\/?s={search_term_string}"},"query-input":{"@type":"PropertyValueSpecification","valueRequired":true,"valueName":"search_term_string"}}],"inLanguage":"de"}]}},"_links":{"self":[{"href":"https:\/\/bpk-archive.de\/tuellmann\/wp-json\/wp\/v2\/product\/70316452","targetHints":{"allow":["GET"]}}],"collection":[{"href":"https:\/\/bpk-archive.de\/tuellmann\/wp-json\/wp\/v2\/product"}],"about":[{"href":"https:\/\/bpk-archive.de\/tuellmann\/wp-json\/wp\/v2\/types\/product"}],"wp:featuredmedia":[{"embeddable":true,"href":"https:\/\/bpk-archive.de\/tuellmann\/wp-json\/wp\/v2\/media\/70316009"}],"wp:attachment":[{"href":"https:\/\/bpk-archive.de\/tuellmann\/wp-json\/wp\/v2\/media?parent=70316452"}],"wp:term":[{"taxonomy":"product_brand","embeddable":true,"href":"https:\/\/bpk-archive.de\/tuellmann\/wp-json\/wp\/v2\/product_brand?post=70316452"},{"taxonomy":"product_cat","embeddable":true,"href":"https:\/\/bpk-archive.de\/tuellmann\/wp-json\/wp\/v2\/product_cat?post=70316452"},{"taxonomy":"product_tag","embeddable":true,"href":"https:\/\/bpk-archive.de\/tuellmann\/wp-json\/wp\/v2\/product_tag?post=70316452"}],"curies":[{"name":"wp","href":"https:\/\/api.w.org\/{rel}","templated":true}]}}