{"id":70316450,"date":"2020-05-27T17:17:00","date_gmt":"2020-05-27T15:17:00","guid":{"rendered":"https:\/\/bpk-archive.de\/tuellmann\/\/atbild\/apartheid-in-suedafrika-ein-eisenbahnwagen-nur-fuer-weisse\/"},"modified":"2020-08-12T10:28:03","modified_gmt":"2020-08-12T08:28:03","slug":"apartheid-in-suedafrika-ein-eisenbahnwagen-nur-fuer-weisse","status":"publish","type":"product","link":"https:\/\/bpk-archive.de\/tuellmann\/produkt\/apartheid-in-suedafrika-ein-eisenbahnwagen-nur-fuer-weisse\/","title":{"rendered":"Apartheid in S\u00fcdafrika: Ein Eisenbahnwagen nur f\u00fcr Wei\u00dfe"},"content":{"rendered":"<p>(Scan vom Vintageprint)<\/p>\n","protected":false},"excerpt":{"rendered":"<p>(Scan vom Vintageprint)<\/p>\n","protected":false},"featured_media":70316011,"template":"","meta":[],"product_brand":[],"product_cat":[73397],"product_tag":[13230,13232,13234,13231,13233,13235,47921,13777,13236,13237,13238,13239,13240,13241,13242,13243,13244,13245,56271,47456,47457,47458,47459,47460,47461,47462,48438,54006,54007,53291,53292,53293,54010,54011,54012,54013,14178,14179,13253,13254,13255,13256,13257,49519,13473,13261,54020,54021,50496,52624,52625,52626,52627,52628,52629,54775,54776,13268,13269,13270,13271,48526,48527,13293,13786,13787,13294,13295,13487,13488,47743,13498,13813,13814,14203,14204,56739,14205,14206,14207,48376,14213,14218,14219,14220,14221,47762,47763,47766,54787,54788,13328,13827,13828,13329,13330,13843,62166,62127,62128,62129,62130,62131,62132,62133,53930,53931,53932,13877,13879,48364,48365,13865,13864,13866,13351,13352,13353,13858,13859,13860,13861,13862,13863,13354,14243,14244,14245,14246,14247,14248,14249,13519,13520,13521,13522,13523,13524,47823,47824,47825,47826,47827,13363,51811,56279,56280,13364,13365,13366,13367,13368,13369,47967,13878,13880,64613,47968,13525,50525,50526,50527,50528,56623,56624,56625,56626,56627,56628,54036,54037,54038,54039,54041],"class_list":{"0":"post-70316450","1":"product","2":"type-product","3":"status-publish","4":"has-post-thumbnail","6":"product_cat-suedafrika","7":"product_tag-1970er-jahre","8":"product_tag-20-jahrhundert-nach-chr","9":"product_tag-20-jh-n-chr","10":"product_tag-20-jahrhundert","11":"product_tag-20-jh","12":"product_tag-70er","13":"product_tag-abisag","14":"product_tag-abzug","15":"product_tag-afrika","16":"product_tag-afrikaner","17":"product_tag-afrikanerin","18":"product_tag-afrikanerinnen","19":"product_tag-afrikanisch","20":"product_tag-afrikanische","21":"product_tag-afrikanischen","22":"product_tag-afrikanischer","23":"product_tag-afrikanisches","24":"product_tag-afrikas","25":"product_tag-apartheid","26":"product_tag-arbeit","27":"product_tag-arbeiten","28":"product_tag-arbeitend","29":"product_tag-arbeitende","30":"product_tag-arbeitenden","31":"product_tag-arbeitender","32":"product_tag-arbeitendes","33":"product_tag-aufschrift","34":"product_tag-bahn","35":"product_tag-bahnen","36":"product_tag-bahnhof","37":"product_tag-bahnhoefe","38":"product_tag-bahnhofs","39":"product_tag-bahnsteig","40":"product_tag-bahnsteige","41":"product_tag-bahnsteigen","42":"product_tag-bahnsteigs","43":"product_tag-bube","44":"product_tag-buben","45":"product_tag-deutsch","46":"product_tag-deutsche","47":"product_tag-deutschen","48":"product_tag-deutscher","49":"product_tag-deutsches","50":"product_tag-diskriminierung","51":"product_tag-drinnen","52":"product_tag-dunkelhaeutiger","53":"product_tag-eisenbahn","54":"product_tag-eisenbahnen","55":"product_tag-eisenbahnwagen","56":"product_tag-erfrischung","57":"product_tag-erfrischungen","58":"product_tag-erfrischungsgetraenk","59":"product_tag-erfrischungsgetraenke","60":"product_tag-erfrischungsgetraenkes","61":"product_tag-erfrischungsgetraenks","62":"product_tag-fahrgast","63":"product_tag-fahrgaeste","64":"product_tag-farbige","65":"product_tag-farbigen","66":"product_tag-farbiger","67":"product_tag-farbiges","68":"product_tag-fenster","69":"product_tag-fensters","70":"product_tag-foto","71":"product_tag-fotoabzug","72":"product_tag-fotoabzuege","73":"product_tag-fotografie","74":"product_tag-fotografien","75":"product_tag-frau","76":"product_tag-frauen","77":"product_tag-hochformat","78":"product_tag-innen","79":"product_tag-junge","80":"product_tag-jungen","81":"product_tag-jungens","82":"product_tag-jungs","83":"product_tag-kapstadt","84":"product_tag-kind","85":"product_tag-kinde","86":"product_tag-kinder","87":"product_tag-kinderarbeit","88":"product_tag-kindern","89":"product_tag-kindes","90":"product_tag-kindheit","91":"product_tag-knabe","92":"product_tag-knaben","93":"product_tag-kunde","94":"product_tag-kunden","95":"product_tag-kundschaft","96":"product_tag-passagier","97":"product_tag-passagiere","98":"product_tag-photo","99":"product_tag-photoabzug","100":"product_tag-photoabzuege","101":"product_tag-photographie","102":"product_tag-photographien","103":"product_tag-print","104":"product_tag-rassendiskriminierung","105":"product_tag-rassentrennung","106":"product_tag-rassismus","107":"product_tag-rassistisch","108":"product_tag-rassistische","109":"product_tag-rassistischen","110":"product_tag-rassistischer","111":"product_tag-rassistisches","112":"product_tag-reisende","113":"product_tag-reisenden","114":"product_tag-reisender","115":"product_tag-s-w-fotografie","116":"product_tag-s-w-photographie","117":"product_tag-schrift","118":"product_tag-schriften","119":"product_tag-schwarzweissphotographie","120":"product_tag-schwarz-weiss-fotografie","121":"product_tag-schwarz-weiss-photographie","122":"product_tag-schwarze","123":"product_tag-schwarzen","124":"product_tag-schwarzer","125":"product_tag-schwarzweiss","126":"product_tag-schwarzweisse","127":"product_tag-schwarzweissen","128":"product_tag-schwarzweisser","129":"product_tag-schwarzweisses","130":"product_tag-schwarzweissfotografie","131":"product_tag-siebziger","132":"product_tag-sitzen","133":"product_tag-sitzend","134":"product_tag-sitzende","135":"product_tag-sitzenden","136":"product_tag-sitzender","137":"product_tag-sitzendes","138":"product_tag-sitzt","139":"product_tag-stehen","140":"product_tag-stehend","141":"product_tag-stehende","142":"product_tag-stehenden","143":"product_tag-stehender","144":"product_tag-stehendes","145":"product_tag-strassenhaendler","146":"product_tag-strassenhaendlers","147":"product_tag-strassenverkauf","148":"product_tag-strassenverkaeufer","149":"product_tag-strassenverkaeufers","150":"product_tag-suedafrika","151":"product_tag-suedafrikaner","152":"product_tag-suedafrikanerin","153":"product_tag-suedafrikanerinnen","154":"product_tag-suedafrikanisch","155":"product_tag-suedafrikanische","156":"product_tag-suedafrikanischen","157":"product_tag-suedafrikanischer","158":"product_tag-suedafrikanisches","159":"product_tag-suedafrikas","160":"product_tag-sw","161":"product_tag-sw-fotografie","162":"product_tag-sw-photographie","163":"product_tag-systematik_105137_id","164":"product_tag-tuellmann","165":"product_tag-von-innen","166":"product_tag-waggon","167":"product_tag-waggons","168":"product_tag-wagios","169":"product_tag-wagon","170":"product_tag-weiss","171":"product_tag-weisse","172":"product_tag-weissem","173":"product_tag-weissen","174":"product_tag-weisser","175":"product_tag-weisses","176":"product_tag-zug","177":"product_tag-zuege","178":"product_tag-zuegen","179":"product_tag-zuges","180":"product_tag-zugs","181":"pa_datierung-16836","182":"pa_fotograf-abisag-tuellmann","183":"pa_geografischer_bezug-aufnahmeort-kapstadt-suedafrika","184":"pa_grunddaten_material_technik-foto","185":"pa_inventarnummer-tue-71-230-23","186":"pa_jahr_von-49516","187":"pa_mediennummer-74883","188":"pa_objekttyp-fotografie","190":"first","191":"instock","192":"product-type-simple"},"yoast_head":"<!-- This site is optimized with the Yoast SEO plugin v27.3 - https:\/\/yoast.com\/product\/yoast-seo-wordpress\/ -->\n<title>Apartheid in S\u00fcdafrika: Ein Eisenbahnwagen nur f\u00fcr Wei\u00dfe - Abisag T\u00fcllmann<\/title>\n<meta name=\"robots\" content=\"index, follow, max-snippet:-1, max-image-preview:large, max-video-preview:-1\" \/>\n<link rel=\"canonical\" href=\"https:\/\/bpk-archive.de\/tuellmann\/produkt\/apartheid-in-suedafrika-ein-eisenbahnwagen-nur-fuer-weisse\/\" \/>\n<meta property=\"og:locale\" content=\"de_DE\" \/>\n<meta property=\"og:type\" content=\"article\" \/>\n<meta property=\"og:title\" content=\"Apartheid in S\u00fcdafrika: Ein Eisenbahnwagen nur f\u00fcr Wei\u00dfe - Abisag T\u00fcllmann\" \/>\n<meta property=\"og:description\" content=\"(Scan vom Vintageprint)\" \/>\n<meta property=\"og:url\" content=\"https:\/\/bpk-archive.de\/tuellmann\/produkt\/apartheid-in-suedafrika-ein-eisenbahnwagen-nur-fuer-weisse\/\" \/>\n<meta property=\"og:site_name\" content=\"Abisag T\u00fcllmann\" \/>\n<meta property=\"article:modified_time\" content=\"2020-08-12T08:28:03+00:00\" \/>\n<meta property=\"og:image\" content=\"https:\/\/bpk-archive.de\/tuellmann\/wp-content\/uploads\/2020\/05\/bpk_20034733.jpg\" \/>\n\t<meta property=\"og:image:width\" content=\"952\" \/>\n\t<meta property=\"og:image:height\" content=\"1200\" \/>\n\t<meta property=\"og:image:type\" content=\"image\/jpeg\" \/>\n<meta name=\"twitter:card\" content=\"summary_large_image\" \/>\n<script type=\"application\/ld+json\" class=\"yoast-schema-graph\">{\"@context\":\"https:\\\/\\\/schema.org\",\"@graph\":[{\"@type\":\"WebPage\",\"@id\":\"https:\\\/\\\/bpk-archive.de\\\/tuellmann\\\/produkt\\\/apartheid-in-suedafrika-ein-eisenbahnwagen-nur-fuer-weisse\\\/\",\"url\":\"https:\\\/\\\/bpk-archive.de\\\/tuellmann\\\/produkt\\\/apartheid-in-suedafrika-ein-eisenbahnwagen-nur-fuer-weisse\\\/\",\"name\":\"Apartheid in S\u00fcdafrika: Ein Eisenbahnwagen nur f\u00fcr Wei\u00dfe - Abisag T\u00fcllmann\",\"isPartOf\":{\"@id\":\"https:\\\/\\\/bpk-archive.de\\\/tuellmann\\\/#website\"},\"primaryImageOfPage\":{\"@id\":\"https:\\\/\\\/bpk-archive.de\\\/tuellmann\\\/produkt\\\/apartheid-in-suedafrika-ein-eisenbahnwagen-nur-fuer-weisse\\\/#primaryimage\"},\"image\":{\"@id\":\"https:\\\/\\\/bpk-archive.de\\\/tuellmann\\\/produkt\\\/apartheid-in-suedafrika-ein-eisenbahnwagen-nur-fuer-weisse\\\/#primaryimage\"},\"thumbnailUrl\":\"https:\\\/\\\/bpk-archive.de\\\/tuellmann\\\/wp-content\\\/uploads\\\/2020\\\/05\\\/bpk_20034733.jpg\",\"datePublished\":\"2020-05-27T15:17:00+00:00\",\"dateModified\":\"2020-08-12T08:28:03+00:00\",\"breadcrumb\":{\"@id\":\"https:\\\/\\\/bpk-archive.de\\\/tuellmann\\\/produkt\\\/apartheid-in-suedafrika-ein-eisenbahnwagen-nur-fuer-weisse\\\/#breadcrumb\"},\"inLanguage\":\"de\",\"potentialAction\":[{\"@type\":\"ReadAction\",\"target\":[\"https:\\\/\\\/bpk-archive.de\\\/tuellmann\\\/produkt\\\/apartheid-in-suedafrika-ein-eisenbahnwagen-nur-fuer-weisse\\\/\"]}]},{\"@type\":\"ImageObject\",\"inLanguage\":\"de\",\"@id\":\"https:\\\/\\\/bpk-archive.de\\\/tuellmann\\\/produkt\\\/apartheid-in-suedafrika-ein-eisenbahnwagen-nur-fuer-weisse\\\/#primaryimage\",\"url\":\"https:\\\/\\\/bpk-archive.de\\\/tuellmann\\\/wp-content\\\/uploads\\\/2020\\\/05\\\/bpk_20034733.jpg\",\"contentUrl\":\"https:\\\/\\\/bpk-archive.de\\\/tuellmann\\\/wp-content\\\/uploads\\\/2020\\\/05\\\/bpk_20034733.jpg\",\"width\":952,\"height\":1200,\"caption\":\"(Scan vom Vintageprint) Aufnahmedatum: 1971 Material\\\/Technik: Foto Aufnahmeort: Kapstadt \\\/ S\u00fcdafrika Inventar-Nr.: T\u00fc 71\\\/230-23\"},{\"@type\":\"BreadcrumbList\",\"@id\":\"https:\\\/\\\/bpk-archive.de\\\/tuellmann\\\/produkt\\\/apartheid-in-suedafrika-ein-eisenbahnwagen-nur-fuer-weisse\\\/#breadcrumb\",\"itemListElement\":[{\"@type\":\"ListItem\",\"position\":1,\"name\":\"Startseite\",\"item\":\"https:\\\/\\\/bpk-archive.de\\\/tuellmann\\\/\"},{\"@type\":\"ListItem\",\"position\":2,\"name\":\"Shop\",\"item\":\"https:\\\/\\\/bpk-archive.de\\\/tuellmann\\\/shop\\\/\"},{\"@type\":\"ListItem\",\"position\":3,\"name\":\"Apartheid in S\u00fcdafrika: Ein Eisenbahnwagen nur f\u00fcr Wei\u00dfe\"}]},{\"@type\":\"WebSite\",\"@id\":\"https:\\\/\\\/bpk-archive.de\\\/tuellmann\\\/#website\",\"url\":\"https:\\\/\\\/bpk-archive.de\\\/tuellmann\\\/\",\"name\":\"Abisag T\u00fcllmann\",\"description\":\"Eine weitere WordPress-Website\",\"potentialAction\":[{\"@type\":\"SearchAction\",\"target\":{\"@type\":\"EntryPoint\",\"urlTemplate\":\"https:\\\/\\\/bpk-archive.de\\\/tuellmann\\\/?s={search_term_string}\"},\"query-input\":{\"@type\":\"PropertyValueSpecification\",\"valueRequired\":true,\"valueName\":\"search_term_string\"}}],\"inLanguage\":\"de\"}]}<\/script>\n<!-- \/ Yoast SEO plugin. -->","yoast_head_json":{"title":"Apartheid in S\u00fcdafrika: Ein Eisenbahnwagen nur f\u00fcr Wei\u00dfe - Abisag T\u00fcllmann","robots":{"index":"index","follow":"follow","max-snippet":"max-snippet:-1","max-image-preview":"max-image-preview:large","max-video-preview":"max-video-preview:-1"},"canonical":"https:\/\/bpk-archive.de\/tuellmann\/produkt\/apartheid-in-suedafrika-ein-eisenbahnwagen-nur-fuer-weisse\/","og_locale":"de_DE","og_type":"article","og_title":"Apartheid in S\u00fcdafrika: Ein Eisenbahnwagen nur f\u00fcr Wei\u00dfe - Abisag T\u00fcllmann","og_description":"(Scan vom Vintageprint)","og_url":"https:\/\/bpk-archive.de\/tuellmann\/produkt\/apartheid-in-suedafrika-ein-eisenbahnwagen-nur-fuer-weisse\/","og_site_name":"Abisag T\u00fcllmann","article_modified_time":"2020-08-12T08:28:03+00:00","og_image":[{"width":952,"height":1200,"url":"https:\/\/bpk-archive.de\/tuellmann\/wp-content\/uploads\/2020\/05\/bpk_20034733.jpg","type":"image\/jpeg"}],"twitter_card":"summary_large_image","schema":{"@context":"https:\/\/schema.org","@graph":[{"@type":"WebPage","@id":"https:\/\/bpk-archive.de\/tuellmann\/produkt\/apartheid-in-suedafrika-ein-eisenbahnwagen-nur-fuer-weisse\/","url":"https:\/\/bpk-archive.de\/tuellmann\/produkt\/apartheid-in-suedafrika-ein-eisenbahnwagen-nur-fuer-weisse\/","name":"Apartheid in S\u00fcdafrika: Ein Eisenbahnwagen nur f\u00fcr Wei\u00dfe - Abisag T\u00fcllmann","isPartOf":{"@id":"https:\/\/bpk-archive.de\/tuellmann\/#website"},"primaryImageOfPage":{"@id":"https:\/\/bpk-archive.de\/tuellmann\/produkt\/apartheid-in-suedafrika-ein-eisenbahnwagen-nur-fuer-weisse\/#primaryimage"},"image":{"@id":"https:\/\/bpk-archive.de\/tuellmann\/produkt\/apartheid-in-suedafrika-ein-eisenbahnwagen-nur-fuer-weisse\/#primaryimage"},"thumbnailUrl":"https:\/\/bpk-archive.de\/tuellmann\/wp-content\/uploads\/2020\/05\/bpk_20034733.jpg","datePublished":"2020-05-27T15:17:00+00:00","dateModified":"2020-08-12T08:28:03+00:00","breadcrumb":{"@id":"https:\/\/bpk-archive.de\/tuellmann\/produkt\/apartheid-in-suedafrika-ein-eisenbahnwagen-nur-fuer-weisse\/#breadcrumb"},"inLanguage":"de","potentialAction":[{"@type":"ReadAction","target":["https:\/\/bpk-archive.de\/tuellmann\/produkt\/apartheid-in-suedafrika-ein-eisenbahnwagen-nur-fuer-weisse\/"]}]},{"@type":"ImageObject","inLanguage":"de","@id":"https:\/\/bpk-archive.de\/tuellmann\/produkt\/apartheid-in-suedafrika-ein-eisenbahnwagen-nur-fuer-weisse\/#primaryimage","url":"https:\/\/bpk-archive.de\/tuellmann\/wp-content\/uploads\/2020\/05\/bpk_20034733.jpg","contentUrl":"https:\/\/bpk-archive.de\/tuellmann\/wp-content\/uploads\/2020\/05\/bpk_20034733.jpg","width":952,"height":1200,"caption":"(Scan vom Vintageprint) Aufnahmedatum: 1971 Material\/Technik: Foto Aufnahmeort: Kapstadt \/ S\u00fcdafrika Inventar-Nr.: T\u00fc 71\/230-23"},{"@type":"BreadcrumbList","@id":"https:\/\/bpk-archive.de\/tuellmann\/produkt\/apartheid-in-suedafrika-ein-eisenbahnwagen-nur-fuer-weisse\/#breadcrumb","itemListElement":[{"@type":"ListItem","position":1,"name":"Startseite","item":"https:\/\/bpk-archive.de\/tuellmann\/"},{"@type":"ListItem","position":2,"name":"Shop","item":"https:\/\/bpk-archive.de\/tuellmann\/shop\/"},{"@type":"ListItem","position":3,"name":"Apartheid in S\u00fcdafrika: Ein Eisenbahnwagen nur f\u00fcr Wei\u00dfe"}]},{"@type":"WebSite","@id":"https:\/\/bpk-archive.de\/tuellmann\/#website","url":"https:\/\/bpk-archive.de\/tuellmann\/","name":"Abisag T\u00fcllmann","description":"Eine weitere WordPress-Website","potentialAction":[{"@type":"SearchAction","target":{"@type":"EntryPoint","urlTemplate":"https:\/\/bpk-archive.de\/tuellmann\/?s={search_term_string}"},"query-input":{"@type":"PropertyValueSpecification","valueRequired":true,"valueName":"search_term_string"}}],"inLanguage":"de"}]}},"_links":{"self":[{"href":"https:\/\/bpk-archive.de\/tuellmann\/wp-json\/wp\/v2\/product\/70316450","targetHints":{"allow":["GET"]}}],"collection":[{"href":"https:\/\/bpk-archive.de\/tuellmann\/wp-json\/wp\/v2\/product"}],"about":[{"href":"https:\/\/bpk-archive.de\/tuellmann\/wp-json\/wp\/v2\/types\/product"}],"wp:featuredmedia":[{"embeddable":true,"href":"https:\/\/bpk-archive.de\/tuellmann\/wp-json\/wp\/v2\/media\/70316011"}],"wp:attachment":[{"href":"https:\/\/bpk-archive.de\/tuellmann\/wp-json\/wp\/v2\/media?parent=70316450"}],"wp:term":[{"taxonomy":"product_brand","embeddable":true,"href":"https:\/\/bpk-archive.de\/tuellmann\/wp-json\/wp\/v2\/product_brand?post=70316450"},{"taxonomy":"product_cat","embeddable":true,"href":"https:\/\/bpk-archive.de\/tuellmann\/wp-json\/wp\/v2\/product_cat?post=70316450"},{"taxonomy":"product_tag","embeddable":true,"href":"https:\/\/bpk-archive.de\/tuellmann\/wp-json\/wp\/v2\/product_tag?post=70316450"}],"curies":[{"name":"wp","href":"https:\/\/api.w.org\/{rel}","templated":true}]}}