{"id":70316434,"date":"2020-05-27T17:16:33","date_gmt":"2020-05-27T15:16:33","guid":{"rendered":"https:\/\/bpk-archive.de\/tuellmann\/\/atbild\/schwarzfahnendemonstration-des-westendvereins-gegen-immobilienspekulation-und-haeuserabbruch-im-westendschwarzfahnendemonstration-des-westendvereins-gegen-immobilienspekulation-und-haeuserabbruch\/"},"modified":"2020-08-12T10:30:45","modified_gmt":"2020-08-12T08:30:45","slug":"schwarzfahnendemonstration-des-westendvereins-gegen-immobilienspekulation-und-haeuserabbruch-im-westendschwarzfahnendemonstration-des-westendvereins-gegen-immobilienspekulation-und-haeuserabbruch","status":"publish","type":"product","link":"https:\/\/bpk-archive.de\/tuellmann\/produkt\/schwarzfahnendemonstration-des-westendvereins-gegen-immobilienspekulation-und-haeuserabbruch-im-westendschwarzfahnendemonstration-des-westendvereins-gegen-immobilienspekulation-und-haeuserabbruch\/","title":{"rendered":"&#8222;Schwarzfahnendemonstration&#8220; des Westendvereins gegen Immobilienspekulation und H\u00e4userabbruch im Westend&#8220;Schwarzfahnendemonstration&#8220; des Westendvereins gegen Immobilienspekulation und H\u00e4userabbruch im Westend"},"content":{"rendered":"<p>(Scan vom Vintageprint)<\/p>\n","protected":false},"excerpt":{"rendered":"<p>(Scan vom Vintageprint)<\/p>\n","protected":false},"featured_media":70316027,"template":"","meta":[],"product_brand":[],"product_cat":[73398],"product_tag":[13230,13232,13234,13231,13233,13235,53514,54506,53515,47921,53516,53517,53518,53519,13777,53667,13250,51936,51937,51938,53522,51940,51941,49576,49577,49578,13469,13470,48968,53560,54356,48969,48645,48646,53562,13607,13608,13609,13610,13611,13612,13613,13615,13616,13617,13618,13619,13620,13621,13622,13623,13624,13253,13254,13255,13256,13257,13471,13472,13260,51101,51102,53595,53596,51108,51109,13293,13786,13787,13294,13295,13485,13486,13482,13481,13483,13484,48647,48648,48649,48650,54204,54205,47383,47384,53564,47385,47386,48776,48777,13492,13493,13494,13495,13496,13497,47743,13301,53565,53566,53525,13626,13627,74798,47447,47448,13328,13827,13828,13329,13330,53588,13843,13641,13642,13643,13644,13645,13646,13647,13648,13649,13653,13877,13879,50631,13865,13864,13866,13351,50632,13352,13353,50633,13858,13859,13860,13861,13862,13863,13354,73880,74774,53528,48679,48680,48681,13519,13520,13521,13522,13523,13524,47564,47967,13878,13880,64613,55236,55239,55240,48682,48683,47968,53572,53573,53574,74799,53552,53553,51371,51372,47504,47505,47506],"class_list":{"0":"post-70316434","1":"product","2":"type-product","3":"status-publish","4":"has-post-thumbnail","6":"product_cat-westend","7":"product_tag-1970er-jahre","8":"product_tag-20-jahrhundert-nach-chr","9":"product_tag-20-jh-n-chr","10":"product_tag-20-jahrhundert","11":"product_tag-20-jh","12":"product_tag-70er","13":"product_tag-abbruch","14":"product_tag-abbrucharbeiten","15":"product_tag-abbruchhaus","16":"product_tag-abisag","17":"product_tag-abreissen","18":"product_tag-abriss","19":"product_tag-abrissarbeiten","20":"product_tag-abrisshaus","21":"product_tag-abzug","22":"product_tag-anwohner","23":"product_tag-aussen","24":"product_tag-baugeschehen","25":"product_tag-bauplatz","26":"product_tag-bauplaetze","27":"product_tag-bauspekulation","28":"product_tag-baustelle","29":"product_tag-baustellen","30":"product_tag-bewohner","31":"product_tag-bewohnern","32":"product_tag-bewohners","33":"product_tag-brd","34":"product_tag-bundesrepublik-deutschland","35":"product_tag-buerger","36":"product_tag-buergerinitiative","37":"product_tag-buergerinitiativen","38":"product_tag-buergers","39":"product_tag-buergersteig","40":"product_tag-buergersteige","41":"product_tag-buergerverein","42":"product_tag-demo","43":"product_tag-demonstrant","44":"product_tag-demonstranten","45":"product_tag-demonstration","46":"product_tag-demonstrationen","47":"product_tag-demonstrationsplakat","48":"product_tag-demonstrationsschild","49":"product_tag-demonstrieren","50":"product_tag-demonstrierend","51":"product_tag-demonstrierende","52":"product_tag-demonstrierenden","53":"product_tag-demonstrierender","54":"product_tag-demonstrierendes","55":"product_tag-demonstriert","56":"product_tag-demoplakat","57":"product_tag-demos","58":"product_tag-demoschild","59":"product_tag-deutsch","60":"product_tag-deutsche","61":"product_tag-deutschen","62":"product_tag-deutscher","63":"product_tag-deutsches","64":"product_tag-deutschland","65":"product_tag-deutschlands","66":"product_tag-draussen","67":"product_tag-fahne","68":"product_tag-fahnen","69":"product_tag-fassade","70":"product_tag-fassaden","71":"product_tag-flagge","72":"product_tag-flaggen","73":"product_tag-foto","74":"product_tag-fotoabzug","75":"product_tag-fotoabzuege","76":"product_tag-fotografie","77":"product_tag-fotografien","78":"product_tag-frankfurt-m","79":"product_tag-frankfurt-main","80":"product_tag-frankfurt-a-main","81":"product_tag-frankfurt-a-m","82":"product_tag-frankfurt-am-main","83":"product_tag-frankfurter","84":"product_tag-gehsteig","85":"product_tag-gehsteige","86":"product_tag-gehweg","87":"product_tag-gehwege","88":"product_tag-grossbaustelle","89":"product_tag-grossbaustellen","90":"product_tag-haus","91":"product_tag-haeuser","92":"product_tag-haeuserkampf","93":"product_tag-haeusern","94":"product_tag-hauses","95":"product_tag-hausfassade","96":"product_tag-hausfassaden","97":"product_tag-hessen","98":"product_tag-hessisch","99":"product_tag-hessische","100":"product_tag-hessischen","101":"product_tag-hessischer","102":"product_tag-hessisches","103":"product_tag-hochformat","104":"product_tag-im-freien","105":"product_tag-immobilie","106":"product_tag-immobilien","107":"product_tag-immobilienwirtschaft","108":"product_tag-kundgebung","109":"product_tag-kundgebungen","110":"product_tag-mahnwache","111":"product_tag-menschengruppe","112":"product_tag-menschengruppen","113":"product_tag-photo","114":"product_tag-photoabzug","115":"product_tag-photoabzuege","116":"product_tag-photographie","117":"product_tag-photographien","118":"product_tag-plane","119":"product_tag-print","120":"product_tag-protest","121":"product_tag-proteste","122":"product_tag-protestieren","123":"product_tag-protestierend","124":"product_tag-protestierende","125":"product_tag-protestierenden","126":"product_tag-protestierender","127":"product_tag-protestierendes","128":"product_tag-protestiert","129":"product_tag-protestschild","130":"product_tag-s-w-fotografie","131":"product_tag-s-w-photographie","132":"product_tag-schwarz","133":"product_tag-schwarzweissphotographie","134":"product_tag-schwarz-weiss-fotografie","135":"product_tag-schwarz-weiss-photographie","136":"product_tag-schwarze","137":"product_tag-schwarzem","138":"product_tag-schwarzen","139":"product_tag-schwarzer","140":"product_tag-schwarzes","141":"product_tag-schwarzweiss","142":"product_tag-schwarzweisse","143":"product_tag-schwarzweissen","144":"product_tag-schwarzweisser","145":"product_tag-schwarzweisses","146":"product_tag-schwarzweissfotografie","147":"product_tag-siebziger","148":"product_tag-spekulant","149":"product_tag-spekulanten","150":"product_tag-spekulation","151":"product_tag-stadtteil","152":"product_tag-stadtteils","153":"product_tag-stadtviertel","154":"product_tag-stehen","155":"product_tag-stehend","156":"product_tag-stehende","157":"product_tag-stehenden","158":"product_tag-stehender","159":"product_tag-stehendes","160":"product_tag-strassenrand","161":"product_tag-sw","162":"product_tag-sw-fotografie","163":"product_tag-sw-photographie","164":"product_tag-systematik_105137_id","165":"product_tag-teilnehmer","166":"product_tag-teilnehmern","167":"product_tag-teilnehmers","168":"product_tag-trottoir","169":"product_tag-trottoirs","170":"product_tag-tuellmann","171":"product_tag-verein","172":"product_tag-vereine","173":"product_tag-vereins","174":"product_tag-verhaengt","175":"product_tag-westend","176":"product_tag-westends","177":"product_tag-widerstand","178":"product_tag-widerstands","179":"product_tag-wohngebaeude","180":"product_tag-wohnhaus","181":"product_tag-wohnhaeuser","182":"pa_datierung-august-1970","183":"pa_fotograf-abisag-tuellmann","184":"pa_geografischer_bezug-aufnahmeort-frankfurt-am-main-westend-deutschland","185":"pa_grunddaten_material_technik-foto","186":"pa_inventarnummer-tue-w70-059-32","187":"pa_jahr_von-53324","188":"pa_mediennummer-74796","189":"pa_objekttyp-fotografie","191":"first","192":"instock","193":"product-type-simple"},"yoast_head":"<!-- This site is optimized with the Yoast SEO plugin v27.4 - https:\/\/yoast.com\/product\/yoast-seo-wordpress\/ -->\n<title>&quot;Schwarzfahnendemonstration&quot; des Westendvereins gegen Immobilienspekulation und H\u00e4userabbruch im Westend&quot;Schwarzfahnendemonstration&quot; des Westendvereins gegen Immobilienspekulation und H\u00e4userabbruch im Westend - Abisag T\u00fcllmann<\/title>\n<meta name=\"robots\" content=\"index, follow, max-snippet:-1, max-image-preview:large, max-video-preview:-1\" \/>\n<link rel=\"canonical\" href=\"https:\/\/bpk-archive.de\/tuellmann\/produkt\/schwarzfahnendemonstration-des-westendvereins-gegen-immobilienspekulation-und-haeuserabbruch-im-westendschwarzfahnendemonstration-des-westendvereins-gegen-immobilienspekulation-und-haeuserabbruch\/\" \/>\n<meta property=\"og:locale\" content=\"de_DE\" \/>\n<meta property=\"og:type\" content=\"article\" \/>\n<meta property=\"og:title\" content=\"&quot;Schwarzfahnendemonstration&quot; des Westendvereins gegen Immobilienspekulation und H\u00e4userabbruch im Westend&quot;Schwarzfahnendemonstration&quot; des Westendvereins gegen Immobilienspekulation und H\u00e4userabbruch im Westend - Abisag T\u00fcllmann\" \/>\n<meta property=\"og:description\" content=\"(Scan vom Vintageprint)\" \/>\n<meta property=\"og:url\" content=\"https:\/\/bpk-archive.de\/tuellmann\/produkt\/schwarzfahnendemonstration-des-westendvereins-gegen-immobilienspekulation-und-haeuserabbruch-im-westendschwarzfahnendemonstration-des-westendvereins-gegen-immobilienspekulation-und-haeuserabbruch\/\" \/>\n<meta property=\"og:site_name\" content=\"Abisag T\u00fcllmann\" \/>\n<meta property=\"article:modified_time\" content=\"2020-08-12T08:30:45+00:00\" \/>\n<meta property=\"og:image\" content=\"https:\/\/bpk-archive.de\/tuellmann\/wp-content\/uploads\/2020\/05\/bpk_20034751.jpg\" \/>\n\t<meta property=\"og:image:width\" content=\"886\" \/>\n\t<meta property=\"og:image:height\" content=\"1200\" \/>\n\t<meta property=\"og:image:type\" content=\"image\/jpeg\" \/>\n<meta name=\"twitter:card\" content=\"summary_large_image\" \/>\n<script type=\"application\/ld+json\" class=\"yoast-schema-graph\">{\"@context\":\"https:\\\/\\\/schema.org\",\"@graph\":[{\"@type\":\"WebPage\",\"@id\":\"https:\\\/\\\/bpk-archive.de\\\/tuellmann\\\/produkt\\\/schwarzfahnendemonstration-des-westendvereins-gegen-immobilienspekulation-und-haeuserabbruch-im-westendschwarzfahnendemonstration-des-westendvereins-gegen-immobilienspekulation-und-haeuserabbruch\\\/\",\"url\":\"https:\\\/\\\/bpk-archive.de\\\/tuellmann\\\/produkt\\\/schwarzfahnendemonstration-des-westendvereins-gegen-immobilienspekulation-und-haeuserabbruch-im-westendschwarzfahnendemonstration-des-westendvereins-gegen-immobilienspekulation-und-haeuserabbruch\\\/\",\"name\":\"\\\"Schwarzfahnendemonstration\\\" des Westendvereins gegen Immobilienspekulation und H\u00e4userabbruch im Westend\\\"Schwarzfahnendemonstration\\\" des Westendvereins gegen Immobilienspekulation und H\u00e4userabbruch im Westend - Abisag T\u00fcllmann\",\"isPartOf\":{\"@id\":\"https:\\\/\\\/bpk-archive.de\\\/tuellmann\\\/#website\"},\"primaryImageOfPage\":{\"@id\":\"https:\\\/\\\/bpk-archive.de\\\/tuellmann\\\/produkt\\\/schwarzfahnendemonstration-des-westendvereins-gegen-immobilienspekulation-und-haeuserabbruch-im-westendschwarzfahnendemonstration-des-westendvereins-gegen-immobilienspekulation-und-haeuserabbruch\\\/#primaryimage\"},\"image\":{\"@id\":\"https:\\\/\\\/bpk-archive.de\\\/tuellmann\\\/produkt\\\/schwarzfahnendemonstration-des-westendvereins-gegen-immobilienspekulation-und-haeuserabbruch-im-westendschwarzfahnendemonstration-des-westendvereins-gegen-immobilienspekulation-und-haeuserabbruch\\\/#primaryimage\"},\"thumbnailUrl\":\"https:\\\/\\\/bpk-archive.de\\\/tuellmann\\\/wp-content\\\/uploads\\\/2020\\\/05\\\/bpk_20034751.jpg\",\"datePublished\":\"2020-05-27T15:16:33+00:00\",\"dateModified\":\"2020-08-12T08:30:45+00:00\",\"breadcrumb\":{\"@id\":\"https:\\\/\\\/bpk-archive.de\\\/tuellmann\\\/produkt\\\/schwarzfahnendemonstration-des-westendvereins-gegen-immobilienspekulation-und-haeuserabbruch-im-westendschwarzfahnendemonstration-des-westendvereins-gegen-immobilienspekulation-und-haeuserabbruch\\\/#breadcrumb\"},\"inLanguage\":\"de\",\"potentialAction\":[{\"@type\":\"ReadAction\",\"target\":[\"https:\\\/\\\/bpk-archive.de\\\/tuellmann\\\/produkt\\\/schwarzfahnendemonstration-des-westendvereins-gegen-immobilienspekulation-und-haeuserabbruch-im-westendschwarzfahnendemonstration-des-westendvereins-gegen-immobilienspekulation-und-haeuserabbruch\\\/\"]}]},{\"@type\":\"ImageObject\",\"inLanguage\":\"de\",\"@id\":\"https:\\\/\\\/bpk-archive.de\\\/tuellmann\\\/produkt\\\/schwarzfahnendemonstration-des-westendvereins-gegen-immobilienspekulation-und-haeuserabbruch-im-westendschwarzfahnendemonstration-des-westendvereins-gegen-immobilienspekulation-und-haeuserabbruch\\\/#primaryimage\",\"url\":\"https:\\\/\\\/bpk-archive.de\\\/tuellmann\\\/wp-content\\\/uploads\\\/2020\\\/05\\\/bpk_20034751.jpg\",\"contentUrl\":\"https:\\\/\\\/bpk-archive.de\\\/tuellmann\\\/wp-content\\\/uploads\\\/2020\\\/05\\\/bpk_20034751.jpg\",\"width\":886,\"height\":1200,\"caption\":\"(Scan vom Vintageprint) Aufnahmedatum: August 1970 Material\\\/Technik: Foto Aufnahmeort: Frankfurt am Main - Westend \\\/ Deutschland Inventar-Nr.: T\u00fc W70\\\/059-32\"},{\"@type\":\"BreadcrumbList\",\"@id\":\"https:\\\/\\\/bpk-archive.de\\\/tuellmann\\\/produkt\\\/schwarzfahnendemonstration-des-westendvereins-gegen-immobilienspekulation-und-haeuserabbruch-im-westendschwarzfahnendemonstration-des-westendvereins-gegen-immobilienspekulation-und-haeuserabbruch\\\/#breadcrumb\",\"itemListElement\":[{\"@type\":\"ListItem\",\"position\":1,\"name\":\"Startseite\",\"item\":\"https:\\\/\\\/bpk-archive.de\\\/tuellmann\\\/\"},{\"@type\":\"ListItem\",\"position\":2,\"name\":\"Shop\",\"item\":\"https:\\\/\\\/bpk-archive.de\\\/tuellmann\\\/shop\\\/\"},{\"@type\":\"ListItem\",\"position\":3,\"name\":\"&#8220;Schwarzfahnendemonstration&#8221; des Westendvereins gegen Immobilienspekulation und H\u00e4userabbruch im Westend&#8221;Schwarzfahnendemonstration&#8221; des Westendvereins gegen Immobilienspekulation und H\u00e4userabbruch im Westend\"}]},{\"@type\":\"WebSite\",\"@id\":\"https:\\\/\\\/bpk-archive.de\\\/tuellmann\\\/#website\",\"url\":\"https:\\\/\\\/bpk-archive.de\\\/tuellmann\\\/\",\"name\":\"Abisag T\u00fcllmann\",\"description\":\"Eine weitere WordPress-Website\",\"potentialAction\":[{\"@type\":\"SearchAction\",\"target\":{\"@type\":\"EntryPoint\",\"urlTemplate\":\"https:\\\/\\\/bpk-archive.de\\\/tuellmann\\\/?s={search_term_string}\"},\"query-input\":{\"@type\":\"PropertyValueSpecification\",\"valueRequired\":true,\"valueName\":\"search_term_string\"}}],\"inLanguage\":\"de\"}]}<\/script>\n<!-- \/ Yoast SEO plugin. -->","yoast_head_json":{"title":"\"Schwarzfahnendemonstration\" des Westendvereins gegen Immobilienspekulation und H\u00e4userabbruch im Westend\"Schwarzfahnendemonstration\" des Westendvereins gegen Immobilienspekulation und H\u00e4userabbruch im Westend - Abisag T\u00fcllmann","robots":{"index":"index","follow":"follow","max-snippet":"max-snippet:-1","max-image-preview":"max-image-preview:large","max-video-preview":"max-video-preview:-1"},"canonical":"https:\/\/bpk-archive.de\/tuellmann\/produkt\/schwarzfahnendemonstration-des-westendvereins-gegen-immobilienspekulation-und-haeuserabbruch-im-westendschwarzfahnendemonstration-des-westendvereins-gegen-immobilienspekulation-und-haeuserabbruch\/","og_locale":"de_DE","og_type":"article","og_title":"\"Schwarzfahnendemonstration\" des Westendvereins gegen Immobilienspekulation und H\u00e4userabbruch im Westend\"Schwarzfahnendemonstration\" des Westendvereins gegen Immobilienspekulation und H\u00e4userabbruch im Westend - Abisag T\u00fcllmann","og_description":"(Scan vom Vintageprint)","og_url":"https:\/\/bpk-archive.de\/tuellmann\/produkt\/schwarzfahnendemonstration-des-westendvereins-gegen-immobilienspekulation-und-haeuserabbruch-im-westendschwarzfahnendemonstration-des-westendvereins-gegen-immobilienspekulation-und-haeuserabbruch\/","og_site_name":"Abisag T\u00fcllmann","article_modified_time":"2020-08-12T08:30:45+00:00","og_image":[{"width":886,"height":1200,"url":"https:\/\/bpk-archive.de\/tuellmann\/wp-content\/uploads\/2020\/05\/bpk_20034751.jpg","type":"image\/jpeg"}],"twitter_card":"summary_large_image","schema":{"@context":"https:\/\/schema.org","@graph":[{"@type":"WebPage","@id":"https:\/\/bpk-archive.de\/tuellmann\/produkt\/schwarzfahnendemonstration-des-westendvereins-gegen-immobilienspekulation-und-haeuserabbruch-im-westendschwarzfahnendemonstration-des-westendvereins-gegen-immobilienspekulation-und-haeuserabbruch\/","url":"https:\/\/bpk-archive.de\/tuellmann\/produkt\/schwarzfahnendemonstration-des-westendvereins-gegen-immobilienspekulation-und-haeuserabbruch-im-westendschwarzfahnendemonstration-des-westendvereins-gegen-immobilienspekulation-und-haeuserabbruch\/","name":"\"Schwarzfahnendemonstration\" des Westendvereins gegen Immobilienspekulation und H\u00e4userabbruch im Westend\"Schwarzfahnendemonstration\" des Westendvereins gegen Immobilienspekulation und H\u00e4userabbruch im Westend - Abisag T\u00fcllmann","isPartOf":{"@id":"https:\/\/bpk-archive.de\/tuellmann\/#website"},"primaryImageOfPage":{"@id":"https:\/\/bpk-archive.de\/tuellmann\/produkt\/schwarzfahnendemonstration-des-westendvereins-gegen-immobilienspekulation-und-haeuserabbruch-im-westendschwarzfahnendemonstration-des-westendvereins-gegen-immobilienspekulation-und-haeuserabbruch\/#primaryimage"},"image":{"@id":"https:\/\/bpk-archive.de\/tuellmann\/produkt\/schwarzfahnendemonstration-des-westendvereins-gegen-immobilienspekulation-und-haeuserabbruch-im-westendschwarzfahnendemonstration-des-westendvereins-gegen-immobilienspekulation-und-haeuserabbruch\/#primaryimage"},"thumbnailUrl":"https:\/\/bpk-archive.de\/tuellmann\/wp-content\/uploads\/2020\/05\/bpk_20034751.jpg","datePublished":"2020-05-27T15:16:33+00:00","dateModified":"2020-08-12T08:30:45+00:00","breadcrumb":{"@id":"https:\/\/bpk-archive.de\/tuellmann\/produkt\/schwarzfahnendemonstration-des-westendvereins-gegen-immobilienspekulation-und-haeuserabbruch-im-westendschwarzfahnendemonstration-des-westendvereins-gegen-immobilienspekulation-und-haeuserabbruch\/#breadcrumb"},"inLanguage":"de","potentialAction":[{"@type":"ReadAction","target":["https:\/\/bpk-archive.de\/tuellmann\/produkt\/schwarzfahnendemonstration-des-westendvereins-gegen-immobilienspekulation-und-haeuserabbruch-im-westendschwarzfahnendemonstration-des-westendvereins-gegen-immobilienspekulation-und-haeuserabbruch\/"]}]},{"@type":"ImageObject","inLanguage":"de","@id":"https:\/\/bpk-archive.de\/tuellmann\/produkt\/schwarzfahnendemonstration-des-westendvereins-gegen-immobilienspekulation-und-haeuserabbruch-im-westendschwarzfahnendemonstration-des-westendvereins-gegen-immobilienspekulation-und-haeuserabbruch\/#primaryimage","url":"https:\/\/bpk-archive.de\/tuellmann\/wp-content\/uploads\/2020\/05\/bpk_20034751.jpg","contentUrl":"https:\/\/bpk-archive.de\/tuellmann\/wp-content\/uploads\/2020\/05\/bpk_20034751.jpg","width":886,"height":1200,"caption":"(Scan vom Vintageprint) Aufnahmedatum: August 1970 Material\/Technik: Foto Aufnahmeort: Frankfurt am Main - Westend \/ Deutschland Inventar-Nr.: T\u00fc W70\/059-32"},{"@type":"BreadcrumbList","@id":"https:\/\/bpk-archive.de\/tuellmann\/produkt\/schwarzfahnendemonstration-des-westendvereins-gegen-immobilienspekulation-und-haeuserabbruch-im-westendschwarzfahnendemonstration-des-westendvereins-gegen-immobilienspekulation-und-haeuserabbruch\/#breadcrumb","itemListElement":[{"@type":"ListItem","position":1,"name":"Startseite","item":"https:\/\/bpk-archive.de\/tuellmann\/"},{"@type":"ListItem","position":2,"name":"Shop","item":"https:\/\/bpk-archive.de\/tuellmann\/shop\/"},{"@type":"ListItem","position":3,"name":"&#8220;Schwarzfahnendemonstration&#8221; des Westendvereins gegen Immobilienspekulation und H\u00e4userabbruch im Westend&#8221;Schwarzfahnendemonstration&#8221; des Westendvereins gegen Immobilienspekulation und H\u00e4userabbruch im Westend"}]},{"@type":"WebSite","@id":"https:\/\/bpk-archive.de\/tuellmann\/#website","url":"https:\/\/bpk-archive.de\/tuellmann\/","name":"Abisag T\u00fcllmann","description":"Eine weitere WordPress-Website","potentialAction":[{"@type":"SearchAction","target":{"@type":"EntryPoint","urlTemplate":"https:\/\/bpk-archive.de\/tuellmann\/?s={search_term_string}"},"query-input":{"@type":"PropertyValueSpecification","valueRequired":true,"valueName":"search_term_string"}}],"inLanguage":"de"}]}},"_links":{"self":[{"href":"https:\/\/bpk-archive.de\/tuellmann\/wp-json\/wp\/v2\/product\/70316434","targetHints":{"allow":["GET"]}}],"collection":[{"href":"https:\/\/bpk-archive.de\/tuellmann\/wp-json\/wp\/v2\/product"}],"about":[{"href":"https:\/\/bpk-archive.de\/tuellmann\/wp-json\/wp\/v2\/types\/product"}],"wp:featuredmedia":[{"embeddable":true,"href":"https:\/\/bpk-archive.de\/tuellmann\/wp-json\/wp\/v2\/media\/70316027"}],"wp:attachment":[{"href":"https:\/\/bpk-archive.de\/tuellmann\/wp-json\/wp\/v2\/media?parent=70316434"}],"wp:term":[{"taxonomy":"product_brand","embeddable":true,"href":"https:\/\/bpk-archive.de\/tuellmann\/wp-json\/wp\/v2\/product_brand?post=70316434"},{"taxonomy":"product_cat","embeddable":true,"href":"https:\/\/bpk-archive.de\/tuellmann\/wp-json\/wp\/v2\/product_cat?post=70316434"},{"taxonomy":"product_tag","embeddable":true,"href":"https:\/\/bpk-archive.de\/tuellmann\/wp-json\/wp\/v2\/product_tag?post=70316434"}],"curies":[{"name":"wp","href":"https:\/\/api.w.org\/{rel}","templated":true}]}}