{"id":70316429,"date":"2020-05-27T17:16:33","date_gmt":"2020-05-27T15:16:33","guid":{"rendered":"https:\/\/bpk-archive.de\/tuellmann\/\/atbild\/passanten-auf-der-zeil-waehrend-einer-demonstration-gegen-grundstuecksspekulation-und-gentrifizierung-im-westend\/"},"modified":"2020-08-12T10:30:41","modified_gmt":"2020-08-12T08:30:41","slug":"passanten-auf-der-zeil-waehrend-einer-demonstration-gegen-grundstuecksspekulation-und-gentrifizierung-im-westend","status":"publish","type":"product","link":"https:\/\/bpk-archive.de\/tuellmann\/produkt\/passanten-auf-der-zeil-waehrend-einer-demonstration-gegen-grundstuecksspekulation-und-gentrifizierung-im-westend\/","title":{"rendered":"Passanten auf der Zeil w\u00e4hrend einer Demonstration gegen Grundst\u00fccksspekulation und Gentrifizierung im Westend"},"content":{"rendered":"<p>(Scan vom Vintageprint)<\/p>\n","protected":false},"excerpt":{"rendered":"<p>(Scan vom Vintageprint)<\/p>\n","protected":false},"featured_media":70316032,"template":"","meta":[],"product_brand":[],"product_cat":[73398],"product_tag":[13230,13232,13234,13231,13233,13235,47921,13777,51863,13250,53522,13469,13470,48968,53674,13607,13610,13611,13614,13623,13253,13254,13255,13256,13257,13471,13472,13260,74770,74771,74772,74773,49022,49023,13293,13786,13787,13294,13295,13485,13486,13482,13481,13483,13484,13487,47556,47375,47376,57714,48727,48728,48729,48730,48731,58410,58411,66926,66927,50335,50336,53564,13492,13493,13494,13495,13496,13497,13301,53565,53566,53525,51234,49344,49345,57083,47762,13626,13627,47561,47562,47395,47396,13328,13827,13828,13329,13330,13843,13641,13642,13650,13651,13652,47958,47451,13877,13879,50340,50341,50342,50343,50344,50345,58675,58676,58677,50346,13865,13864,13866,13858,13859,13860,13861,13862,13863,47609,47610,13354,73880,74774,53528,48679,48680,48681,51243,51244,51245,13519,13520,13521,13522,13523,13524,47967,13878,13880,64613,47968,53552,53553,51814],"class_list":{"0":"post-70316429","1":"product","2":"type-product","3":"status-publish","4":"has-post-thumbnail","6":"product_cat-westend","7":"product_tag-1970er-jahre","8":"product_tag-20-jahrhundert-nach-chr","9":"product_tag-20-jh-n-chr","10":"product_tag-20-jahrhundert","11":"product_tag-20-jh","12":"product_tag-70er","13":"product_tag-abisag","14":"product_tag-abzug","15":"product_tag-aengstlich","16":"product_tag-aussen","17":"product_tag-bauspekulation","18":"product_tag-brd","19":"product_tag-bundesrepublik-deutschland","20":"product_tag-buerger","21":"product_tag-buergertum","22":"product_tag-demo","23":"product_tag-demonstration","24":"product_tag-demonstrationen","25":"product_tag-demonstrationszug","26":"product_tag-demos","27":"product_tag-deutsch","28":"product_tag-deutsche","29":"product_tag-deutschen","30":"product_tag-deutscher","31":"product_tag-deutsches","32":"product_tag-deutschland","33":"product_tag-deutschlands","34":"product_tag-draussen","35":"product_tag-eingeschlossen","36":"product_tag-eingeschlossene","37":"product_tag-eingeschlossener","38":"product_tag-eingeschlossenes","39":"product_tag-einkaufsstrasse","40":"product_tag-einkaufsstrassen","41":"product_tag-foto","42":"product_tag-fotoabzug","43":"product_tag-fotoabzuege","44":"product_tag-fotografie","45":"product_tag-fotografien","46":"product_tag-frankfurt-m","47":"product_tag-frankfurt-main","48":"product_tag-frankfurt-a-main","49":"product_tag-frankfurt-a-m","50":"product_tag-frankfurt-am-main","51":"product_tag-frankfurter","52":"product_tag-frau","53":"product_tag-fussgaenger","54":"product_tag-fussgaengerin","55":"product_tag-fussgaengerinnen","56":"product_tag-fussgaengerzone","57":"product_tag-geschlossen","58":"product_tag-geschlossene","59":"product_tag-geschlossenen","60":"product_tag-geschlossener","61":"product_tag-geschlossenes","62":"product_tag-gitter","63":"product_tag-gittern","64":"product_tag-gittertor","65":"product_tag-gittertore","66":"product_tag-gucken","67":"product_tag-guckt","68":"product_tag-haeuserkampf","69":"product_tag-hessen","70":"product_tag-hessisch","71":"product_tag-hessische","72":"product_tag-hessischen","73":"product_tag-hessischer","74":"product_tag-hessisches","75":"product_tag-im-freien","76":"product_tag-immobilie","77":"product_tag-immobilien","78":"product_tag-immobilienwirtschaft","79":"product_tag-innenstadt","80":"product_tag-jalousie","81":"product_tag-jalousien","82":"product_tag-kaufhaus","83":"product_tag-kunde","84":"product_tag-kundgebung","85":"product_tag-kundgebungen","86":"product_tag-passant","87":"product_tag-passanten","88":"product_tag-passantin","89":"product_tag-passantinnen","90":"product_tag-photo","91":"product_tag-photoabzug","92":"product_tag-photoabzuege","93":"product_tag-photographie","94":"product_tag-photographien","95":"product_tag-print","96":"product_tag-protest","97":"product_tag-proteste","98":"product_tag-protestmarsch","99":"product_tag-protestmarsches","100":"product_tag-protestmarschs","101":"product_tag-querformat","102":"product_tag-rolltor","103":"product_tag-s-w-fotografie","104":"product_tag-s-w-photographie","105":"product_tag-schauen","106":"product_tag-schauend","107":"product_tag-schauende","108":"product_tag-schauenden","109":"product_tag-schauender","110":"product_tag-schauendes","111":"product_tag-schaulustige","112":"product_tag-schaulustigen","113":"product_tag-schaulustiger","114":"product_tag-schaut","115":"product_tag-schwarzweissphotographie","116":"product_tag-schwarz-weiss-fotografie","117":"product_tag-schwarz-weiss-photographie","118":"product_tag-schwarzweiss","119":"product_tag-schwarzweisse","120":"product_tag-schwarzweissen","121":"product_tag-schwarzweisser","122":"product_tag-schwarzweisses","123":"product_tag-schwarzweissfotografie","124":"product_tag-sicherheitsvorkehrung","125":"product_tag-sicherheitsvorkehrungen","126":"product_tag-siebziger","127":"product_tag-spekulant","128":"product_tag-spekulanten","129":"product_tag-spekulation","130":"product_tag-stadtteil","131":"product_tag-stadtteils","132":"product_tag-stadtviertel","133":"product_tag-stadtzentren","134":"product_tag-stadtzentrum","135":"product_tag-stadtzentrums","136":"product_tag-stehen","137":"product_tag-stehend","138":"product_tag-stehende","139":"product_tag-stehenden","140":"product_tag-stehender","141":"product_tag-stehendes","142":"product_tag-sw","143":"product_tag-sw-fotografie","144":"product_tag-sw-photographie","145":"product_tag-systematik_105137_id","146":"product_tag-tuellmann","147":"product_tag-westend","148":"product_tag-westends","149":"product_tag-zuschauer","150":"pa_datierung-13074","151":"pa_fotograf-abisag-tuellmann","152":"pa_geografischer_bezug-aufnahmeort-frankfurt-am-main-westend-deutschland","153":"pa_grunddaten_material_technik-foto","154":"pa_jahr_von-51802","155":"pa_mediennummer-74769","156":"pa_objekttyp-fotografie","158":"first","159":"instock","160":"product-type-simple"},"yoast_head":"<!-- This site is optimized with the Yoast SEO plugin v27.4 - https:\/\/yoast.com\/product\/yoast-seo-wordpress\/ -->\n<title>Passanten auf der Zeil w\u00e4hrend einer Demonstration gegen Grundst\u00fccksspekulation und Gentrifizierung im Westend - Abisag T\u00fcllmann<\/title>\n<meta name=\"robots\" content=\"index, follow, max-snippet:-1, max-image-preview:large, max-video-preview:-1\" \/>\n<link rel=\"canonical\" href=\"https:\/\/bpk-archive.de\/tuellmann\/produkt\/passanten-auf-der-zeil-waehrend-einer-demonstration-gegen-grundstuecksspekulation-und-gentrifizierung-im-westend\/\" \/>\n<meta property=\"og:locale\" content=\"de_DE\" \/>\n<meta property=\"og:type\" content=\"article\" \/>\n<meta property=\"og:title\" content=\"Passanten auf der Zeil w\u00e4hrend einer Demonstration gegen Grundst\u00fccksspekulation und Gentrifizierung im Westend - Abisag T\u00fcllmann\" \/>\n<meta property=\"og:description\" content=\"(Scan vom Vintageprint)\" \/>\n<meta property=\"og:url\" content=\"https:\/\/bpk-archive.de\/tuellmann\/produkt\/passanten-auf-der-zeil-waehrend-einer-demonstration-gegen-grundstuecksspekulation-und-gentrifizierung-im-westend\/\" \/>\n<meta property=\"og:site_name\" content=\"Abisag T\u00fcllmann\" \/>\n<meta property=\"article:modified_time\" content=\"2020-08-12T08:30:41+00:00\" \/>\n<meta property=\"og:image\" content=\"https:\/\/bpk-archive.de\/tuellmann\/wp-content\/uploads\/2020\/05\/bpk_20034756.jpg\" \/>\n\t<meta property=\"og:image:width\" content=\"1200\" \/>\n\t<meta property=\"og:image:height\" content=\"930\" \/>\n\t<meta property=\"og:image:type\" content=\"image\/jpeg\" \/>\n<meta name=\"twitter:card\" content=\"summary_large_image\" \/>\n<script type=\"application\/ld+json\" class=\"yoast-schema-graph\">{\"@context\":\"https:\\\/\\\/schema.org\",\"@graph\":[{\"@type\":\"WebPage\",\"@id\":\"https:\\\/\\\/bpk-archive.de\\\/tuellmann\\\/produkt\\\/passanten-auf-der-zeil-waehrend-einer-demonstration-gegen-grundstuecksspekulation-und-gentrifizierung-im-westend\\\/\",\"url\":\"https:\\\/\\\/bpk-archive.de\\\/tuellmann\\\/produkt\\\/passanten-auf-der-zeil-waehrend-einer-demonstration-gegen-grundstuecksspekulation-und-gentrifizierung-im-westend\\\/\",\"name\":\"Passanten auf der Zeil w\u00e4hrend einer Demonstration gegen Grundst\u00fccksspekulation und Gentrifizierung im Westend - Abisag T\u00fcllmann\",\"isPartOf\":{\"@id\":\"https:\\\/\\\/bpk-archive.de\\\/tuellmann\\\/#website\"},\"primaryImageOfPage\":{\"@id\":\"https:\\\/\\\/bpk-archive.de\\\/tuellmann\\\/produkt\\\/passanten-auf-der-zeil-waehrend-einer-demonstration-gegen-grundstuecksspekulation-und-gentrifizierung-im-westend\\\/#primaryimage\"},\"image\":{\"@id\":\"https:\\\/\\\/bpk-archive.de\\\/tuellmann\\\/produkt\\\/passanten-auf-der-zeil-waehrend-einer-demonstration-gegen-grundstuecksspekulation-und-gentrifizierung-im-westend\\\/#primaryimage\"},\"thumbnailUrl\":\"https:\\\/\\\/bpk-archive.de\\\/tuellmann\\\/wp-content\\\/uploads\\\/2020\\\/05\\\/bpk_20034756.jpg\",\"datePublished\":\"2020-05-27T15:16:33+00:00\",\"dateModified\":\"2020-08-12T08:30:41+00:00\",\"breadcrumb\":{\"@id\":\"https:\\\/\\\/bpk-archive.de\\\/tuellmann\\\/produkt\\\/passanten-auf-der-zeil-waehrend-einer-demonstration-gegen-grundstuecksspekulation-und-gentrifizierung-im-westend\\\/#breadcrumb\"},\"inLanguage\":\"de\",\"potentialAction\":[{\"@type\":\"ReadAction\",\"target\":[\"https:\\\/\\\/bpk-archive.de\\\/tuellmann\\\/produkt\\\/passanten-auf-der-zeil-waehrend-einer-demonstration-gegen-grundstuecksspekulation-und-gentrifizierung-im-westend\\\/\"]}]},{\"@type\":\"ImageObject\",\"inLanguage\":\"de\",\"@id\":\"https:\\\/\\\/bpk-archive.de\\\/tuellmann\\\/produkt\\\/passanten-auf-der-zeil-waehrend-einer-demonstration-gegen-grundstuecksspekulation-und-gentrifizierung-im-westend\\\/#primaryimage\",\"url\":\"https:\\\/\\\/bpk-archive.de\\\/tuellmann\\\/wp-content\\\/uploads\\\/2020\\\/05\\\/bpk_20034756.jpg\",\"contentUrl\":\"https:\\\/\\\/bpk-archive.de\\\/tuellmann\\\/wp-content\\\/uploads\\\/2020\\\/05\\\/bpk_20034756.jpg\",\"width\":1200,\"height\":930,\"caption\":\"(Scan vom Vintageprint) Aufnahmedatum: 1974 Material\\\/Technik: Foto Aufnahmeort: Frankfurt am Main - Westend \\\/ Deutschland\"},{\"@type\":\"BreadcrumbList\",\"@id\":\"https:\\\/\\\/bpk-archive.de\\\/tuellmann\\\/produkt\\\/passanten-auf-der-zeil-waehrend-einer-demonstration-gegen-grundstuecksspekulation-und-gentrifizierung-im-westend\\\/#breadcrumb\",\"itemListElement\":[{\"@type\":\"ListItem\",\"position\":1,\"name\":\"Startseite\",\"item\":\"https:\\\/\\\/bpk-archive.de\\\/tuellmann\\\/\"},{\"@type\":\"ListItem\",\"position\":2,\"name\":\"Shop\",\"item\":\"https:\\\/\\\/bpk-archive.de\\\/tuellmann\\\/shop\\\/\"},{\"@type\":\"ListItem\",\"position\":3,\"name\":\"Passanten auf der Zeil w\u00e4hrend einer Demonstration gegen Grundst\u00fccksspekulation und Gentrifizierung im Westend\"}]},{\"@type\":\"WebSite\",\"@id\":\"https:\\\/\\\/bpk-archive.de\\\/tuellmann\\\/#website\",\"url\":\"https:\\\/\\\/bpk-archive.de\\\/tuellmann\\\/\",\"name\":\"Abisag T\u00fcllmann\",\"description\":\"Eine weitere WordPress-Website\",\"potentialAction\":[{\"@type\":\"SearchAction\",\"target\":{\"@type\":\"EntryPoint\",\"urlTemplate\":\"https:\\\/\\\/bpk-archive.de\\\/tuellmann\\\/?s={search_term_string}\"},\"query-input\":{\"@type\":\"PropertyValueSpecification\",\"valueRequired\":true,\"valueName\":\"search_term_string\"}}],\"inLanguage\":\"de\"}]}<\/script>\n<!-- \/ Yoast SEO plugin. -->","yoast_head_json":{"title":"Passanten auf der Zeil w\u00e4hrend einer Demonstration gegen Grundst\u00fccksspekulation und Gentrifizierung im Westend - Abisag T\u00fcllmann","robots":{"index":"index","follow":"follow","max-snippet":"max-snippet:-1","max-image-preview":"max-image-preview:large","max-video-preview":"max-video-preview:-1"},"canonical":"https:\/\/bpk-archive.de\/tuellmann\/produkt\/passanten-auf-der-zeil-waehrend-einer-demonstration-gegen-grundstuecksspekulation-und-gentrifizierung-im-westend\/","og_locale":"de_DE","og_type":"article","og_title":"Passanten auf der Zeil w\u00e4hrend einer Demonstration gegen Grundst\u00fccksspekulation und Gentrifizierung im Westend - Abisag T\u00fcllmann","og_description":"(Scan vom Vintageprint)","og_url":"https:\/\/bpk-archive.de\/tuellmann\/produkt\/passanten-auf-der-zeil-waehrend-einer-demonstration-gegen-grundstuecksspekulation-und-gentrifizierung-im-westend\/","og_site_name":"Abisag T\u00fcllmann","article_modified_time":"2020-08-12T08:30:41+00:00","og_image":[{"width":1200,"height":930,"url":"https:\/\/bpk-archive.de\/tuellmann\/wp-content\/uploads\/2020\/05\/bpk_20034756.jpg","type":"image\/jpeg"}],"twitter_card":"summary_large_image","schema":{"@context":"https:\/\/schema.org","@graph":[{"@type":"WebPage","@id":"https:\/\/bpk-archive.de\/tuellmann\/produkt\/passanten-auf-der-zeil-waehrend-einer-demonstration-gegen-grundstuecksspekulation-und-gentrifizierung-im-westend\/","url":"https:\/\/bpk-archive.de\/tuellmann\/produkt\/passanten-auf-der-zeil-waehrend-einer-demonstration-gegen-grundstuecksspekulation-und-gentrifizierung-im-westend\/","name":"Passanten auf der Zeil w\u00e4hrend einer Demonstration gegen Grundst\u00fccksspekulation und Gentrifizierung im Westend - Abisag T\u00fcllmann","isPartOf":{"@id":"https:\/\/bpk-archive.de\/tuellmann\/#website"},"primaryImageOfPage":{"@id":"https:\/\/bpk-archive.de\/tuellmann\/produkt\/passanten-auf-der-zeil-waehrend-einer-demonstration-gegen-grundstuecksspekulation-und-gentrifizierung-im-westend\/#primaryimage"},"image":{"@id":"https:\/\/bpk-archive.de\/tuellmann\/produkt\/passanten-auf-der-zeil-waehrend-einer-demonstration-gegen-grundstuecksspekulation-und-gentrifizierung-im-westend\/#primaryimage"},"thumbnailUrl":"https:\/\/bpk-archive.de\/tuellmann\/wp-content\/uploads\/2020\/05\/bpk_20034756.jpg","datePublished":"2020-05-27T15:16:33+00:00","dateModified":"2020-08-12T08:30:41+00:00","breadcrumb":{"@id":"https:\/\/bpk-archive.de\/tuellmann\/produkt\/passanten-auf-der-zeil-waehrend-einer-demonstration-gegen-grundstuecksspekulation-und-gentrifizierung-im-westend\/#breadcrumb"},"inLanguage":"de","potentialAction":[{"@type":"ReadAction","target":["https:\/\/bpk-archive.de\/tuellmann\/produkt\/passanten-auf-der-zeil-waehrend-einer-demonstration-gegen-grundstuecksspekulation-und-gentrifizierung-im-westend\/"]}]},{"@type":"ImageObject","inLanguage":"de","@id":"https:\/\/bpk-archive.de\/tuellmann\/produkt\/passanten-auf-der-zeil-waehrend-einer-demonstration-gegen-grundstuecksspekulation-und-gentrifizierung-im-westend\/#primaryimage","url":"https:\/\/bpk-archive.de\/tuellmann\/wp-content\/uploads\/2020\/05\/bpk_20034756.jpg","contentUrl":"https:\/\/bpk-archive.de\/tuellmann\/wp-content\/uploads\/2020\/05\/bpk_20034756.jpg","width":1200,"height":930,"caption":"(Scan vom Vintageprint) Aufnahmedatum: 1974 Material\/Technik: Foto Aufnahmeort: Frankfurt am Main - Westend \/ Deutschland"},{"@type":"BreadcrumbList","@id":"https:\/\/bpk-archive.de\/tuellmann\/produkt\/passanten-auf-der-zeil-waehrend-einer-demonstration-gegen-grundstuecksspekulation-und-gentrifizierung-im-westend\/#breadcrumb","itemListElement":[{"@type":"ListItem","position":1,"name":"Startseite","item":"https:\/\/bpk-archive.de\/tuellmann\/"},{"@type":"ListItem","position":2,"name":"Shop","item":"https:\/\/bpk-archive.de\/tuellmann\/shop\/"},{"@type":"ListItem","position":3,"name":"Passanten auf der Zeil w\u00e4hrend einer Demonstration gegen Grundst\u00fccksspekulation und Gentrifizierung im Westend"}]},{"@type":"WebSite","@id":"https:\/\/bpk-archive.de\/tuellmann\/#website","url":"https:\/\/bpk-archive.de\/tuellmann\/","name":"Abisag T\u00fcllmann","description":"Eine weitere WordPress-Website","potentialAction":[{"@type":"SearchAction","target":{"@type":"EntryPoint","urlTemplate":"https:\/\/bpk-archive.de\/tuellmann\/?s={search_term_string}"},"query-input":{"@type":"PropertyValueSpecification","valueRequired":true,"valueName":"search_term_string"}}],"inLanguage":"de"}]}},"_links":{"self":[{"href":"https:\/\/bpk-archive.de\/tuellmann\/wp-json\/wp\/v2\/product\/70316429","targetHints":{"allow":["GET"]}}],"collection":[{"href":"https:\/\/bpk-archive.de\/tuellmann\/wp-json\/wp\/v2\/product"}],"about":[{"href":"https:\/\/bpk-archive.de\/tuellmann\/wp-json\/wp\/v2\/types\/product"}],"wp:featuredmedia":[{"embeddable":true,"href":"https:\/\/bpk-archive.de\/tuellmann\/wp-json\/wp\/v2\/media\/70316032"}],"wp:attachment":[{"href":"https:\/\/bpk-archive.de\/tuellmann\/wp-json\/wp\/v2\/media?parent=70316429"}],"wp:term":[{"taxonomy":"product_brand","embeddable":true,"href":"https:\/\/bpk-archive.de\/tuellmann\/wp-json\/wp\/v2\/product_brand?post=70316429"},{"taxonomy":"product_cat","embeddable":true,"href":"https:\/\/bpk-archive.de\/tuellmann\/wp-json\/wp\/v2\/product_cat?post=70316429"},{"taxonomy":"product_tag","embeddable":true,"href":"https:\/\/bpk-archive.de\/tuellmann\/wp-json\/wp\/v2\/product_tag?post=70316429"}],"curies":[{"name":"wp","href":"https:\/\/api.w.org\/{rel}","templated":true}]}}