{"id":70316417,"date":"2020-05-27T17:16:05","date_gmt":"2020-05-27T15:16:05","guid":{"rendered":"https:\/\/bpk-archive.de\/tuellmann\/\/atbild\/treffen-von-bundeskanzler-willy-brandt-mit-dem-vorsitzenden-des-ministerrates-der-ddr-willi-stoph-in-kassel-2\/"},"modified":"2020-08-11T16:45:12","modified_gmt":"2020-08-11T14:45:12","slug":"treffen-von-bundeskanzler-willy-brandt-mit-dem-vorsitzenden-des-ministerrates-der-ddr-willi-stoph-in-kassel-2","status":"publish","type":"product","link":"https:\/\/bpk-archive.de\/tuellmann\/produkt\/treffen-von-bundeskanzler-willy-brandt-mit-dem-vorsitzenden-des-ministerrates-der-ddr-willi-stoph-in-kassel-2\/","title":{"rendered":"Treffen von Bundeskanzler Willy Brandt mit dem Vorsitzenden des Ministerrates der DDR Willi Stoph in Kassel"},"content":{"rendered":"<p>Verabschiedung des DDR-Vorsitzenden abends auf dem Bahnhof Wilhelmsh\u00f6he: H\u00e4ndedruck zwischen Brandt (auf dem Bahnsteig stehend) und Stoph. (Scan vom Vintageprint)<\/p>\n","protected":false},"excerpt":{"rendered":"<p>Verabschiedung des DDR-Vorsitzenden abends auf dem Bahnhof Wilhelmsh\u00f6he: H\u00e4ndedruck zwischen Brandt (auf dem Bahnsteig stehend) und Stoph. (Scan vom Vintageprint)<\/p>\n","protected":false},"featured_media":70315804,"template":"","meta":[],"product_brand":[],"product_cat":[73390],"product_tag":[65153,65139,65140,13230,13232,13234,13231,13233,13235,47921,54002,54003,54004,13777,47512,47514,50314,13250,54006,54007,53291,53292,53293,54122,54123,54124,54125,65106,65107,13784,13785,65141,13469,62760,62761,13470,53393,13253,62762,62763,13254,53398,13255,53399,13256,13257,13471,13472,62764,50315,13260,54020,54021,48972,48526,48527,13293,13786,13787,13294,13295,47372,47267,65112,74537,47519,48986,74702,74703,74704,63780,65144,13492,13493,13494,13495,13496,13497,13301,62765,62766,48063,48064,62767,62768,58159,56871,56872,50411,50412,50413,50414,50415,50416,50417,48065,48066,13319,13320,47447,47448,13321,13322,13323,65145,48309,48734,48735,48310,48311,48312,48313,48314,48315,47899,47900,13328,13827,13828,13329,13330,47401,47332,65114,48322,47901,48020,48021,48022,48023,47902,13829,13830,13831,13832,13833,13834,13835,13836,13837,13838,13839,13840,13841,13842,48073,74705,53482,65115,65116,53803,53483,53484,65117,65118,53804,53485,13843,47958,47333,47334,47335,47336,47337,48074,48075,13877,13879,13865,13864,13866,13858,13859,13860,13861,13862,13863,13354,62769,62770,53107,53108,53109,53110,53111,62552,62553,62554,13519,13520,13521,13522,13523,13524,65146,47967,13878,13880,64613,49651,49652,47968,54030,54031,67377,65147,65148,65149,65150,65151,74699,65152,74538,54036,54037,54038,54039,54040,54041,54930,54931],"class_list":{"0":"post-70316417","1":"product","2":"type-product","3":"status-publish","4":"has-post-thumbnail","6":"product_cat-politische-buehne","7":"product_tag-willy-brandt","8":"product_tag-18-12-1913-08-10-1992","9":"product_tag-9-7-1914-13-4-1999","10":"product_tag-1970er-jahre","11":"product_tag-20-jahrhundert-nach-chr","12":"product_tag-20-jh-n-chr","13":"product_tag-20-jahrhundert","14":"product_tag-20-jh","15":"product_tag-70er","16":"product_tag-abisag","17":"product_tag-abschied","18":"product_tag-abschied-nehmen","19":"product_tag-abteilfenster","20":"product_tag-abzug","21":"product_tag-andrang","22":"product_tag-ansturm","23":"product_tag-aufsicht","24":"product_tag-aussen","25":"product_tag-bahn","26":"product_tag-bahnen","27":"product_tag-bahnhof","28":"product_tag-bahnhoefe","29":"product_tag-bahnhofs","30":"product_tag-begegnen","31":"product_tag-begegnet","32":"product_tag-begegnung","33":"product_tag-begegnungen","34":"product_tag-bildberichter","35":"product_tag-bildberichterstatter","36":"product_tag-bildnis","37":"product_tag-bildnisse","38":"product_tag-brandt","39":"product_tag-brd","40":"product_tag-bundeskanzler","41":"product_tag-bundeskanzlers","42":"product_tag-bundesrepublik-deutschland","43":"product_tag-ddr","44":"product_tag-deutsch","45":"product_tag-deutsch-deutsche-beziehungen","46":"product_tag-deutsch-deutschen-beziehungen","47":"product_tag-deutsche","48":"product_tag-deutsche-demokratische-republik","49":"product_tag-deutschen","50":"product_tag-deutschen-demokratischen-republik","51":"product_tag-deutscher","52":"product_tag-deutsches","53":"product_tag-deutschland","54":"product_tag-deutschlands","55":"product_tag-diplomatie","56":"product_tag-draufsicht","57":"product_tag-draussen","58":"product_tag-eisenbahn","59":"product_tag-eisenbahnen","60":"product_tag-ernst","61":"product_tag-fenster","62":"product_tag-fensters","63":"product_tag-foto","64":"product_tag-fotoabzug","65":"product_tag-fotoabzuege","66":"product_tag-fotografie","67":"product_tag-fotografien","68":"product_tag-fotografieren","69":"product_tag-fotoreportage","70":"product_tag-fotoreporter","71":"product_tag-frahm","72":"product_tag-gedraenge","73":"product_tag-geste","74":"product_tag-haendedruck","75":"product_tag-haendeschuetteln","76":"product_tag-handschlag","77":"product_tag-herbert","78":"product_tag-herbert-ernst-karl-frahm","79":"product_tag-hessen","80":"product_tag-hessisch","81":"product_tag-hessische","82":"product_tag-hessischen","83":"product_tag-hessischer","84":"product_tag-hessisches","85":"product_tag-im-freien","86":"product_tag-innerdeutsche-beziehungen","87":"product_tag-innerdeutschen-beziehungen","88":"product_tag-journalist","89":"product_tag-journalisten","90":"product_tag-kanzler","91":"product_tag-kanzlers","92":"product_tag-karl","93":"product_tag-kassel","94":"product_tag-kasseler","95":"product_tag-kontrast","96":"product_tag-kontraste","97":"product_tag-kontraststark","98":"product_tag-kontraststarke","99":"product_tag-kontraststarken","100":"product_tag-kontraststarker","101":"product_tag-kontraststarkes","102":"product_tag-korrespondent","103":"product_tag-korrespondenten","104":"product_tag-menschenansammlung","105":"product_tag-menschenauflauf","106":"product_tag-menschengruppe","107":"product_tag-menschengruppen","108":"product_tag-menschenmassen","109":"product_tag-menschenmenge","110":"product_tag-menschenschar","111":"product_tag-ministerrat","112":"product_tag-nacht","113":"product_tag-nachtaufnahme","114":"product_tag-nachtaufnahmen","115":"product_tag-naechtlich","116":"product_tag-naechtliche","117":"product_tag-naechtlichen","118":"product_tag-naechtlicher","119":"product_tag-naechtliches","120":"product_tag-nachts","121":"product_tag-persoenlichkeit","122":"product_tag-persoenlichkeiten","123":"product_tag-photo","124":"product_tag-photoabzug","125":"product_tag-photoabzuege","126":"product_tag-photographie","127":"product_tag-photographien","128":"product_tag-photographieren","129":"product_tag-photoreportage","130":"product_tag-photoreporter","131":"product_tag-politik","132":"product_tag-politiker","133":"product_tag-politikerportrait","134":"product_tag-politikerportraits","135":"product_tag-politikerportraet","136":"product_tag-politikerportraets","137":"product_tag-politikers","138":"product_tag-portrait","139":"product_tag-portraitaufnahme","140":"product_tag-portraitfoto","141":"product_tag-portraitfotografie","142":"product_tag-portraitphoto","143":"product_tag-portraitphotographie","144":"product_tag-portraits","145":"product_tag-portraet","146":"product_tag-portraetaufnahme","147":"product_tag-portraetfoto","148":"product_tag-portraetfotografie","149":"product_tag-portraetphoto","150":"product_tag-portraetphotographie","151":"product_tag-portraets","152":"product_tag-presse","153":"product_tag-presseaufgebot","154":"product_tag-pressefoto","155":"product_tag-pressefotograf","156":"product_tag-pressefotografen","157":"product_tag-pressefotografie","158":"product_tag-pressefotos","159":"product_tag-pressephoto","160":"product_tag-pressephotograph","161":"product_tag-pressephotographen","162":"product_tag-pressephotographie","163":"product_tag-pressephotos","164":"product_tag-print","165":"product_tag-querformat","166":"product_tag-reportage","167":"product_tag-reportagefoto","168":"product_tag-reportagefotografie","169":"product_tag-reportagephoto","170":"product_tag-reportagephotographie","171":"product_tag-reporter","172":"product_tag-reporters","173":"product_tag-s-w-fotografie","174":"product_tag-s-w-photographie","175":"product_tag-schwarzweissphotographie","176":"product_tag-schwarz-weiss-fotografie","177":"product_tag-schwarz-weiss-photographie","178":"product_tag-schwarzweiss","179":"product_tag-schwarzweisse","180":"product_tag-schwarzweissen","181":"product_tag-schwarzweisser","182":"product_tag-schwarzweisses","183":"product_tag-schwarzweissfotografie","184":"product_tag-siebziger","185":"product_tag-staatsakt","186":"product_tag-staatsakte","187":"product_tag-staatschef","188":"product_tag-staatschefs","189":"product_tag-staatsoberhaupt","190":"product_tag-staatsoberhauptes","191":"product_tag-staatsoberhaupts","192":"product_tag-staatsratsvorsitzende","193":"product_tag-staatsratsvorsitzenden","194":"product_tag-staatsratsvorsitzender","195":"product_tag-stehen","196":"product_tag-stehend","197":"product_tag-stehende","198":"product_tag-stehenden","199":"product_tag-stehender","200":"product_tag-stehendes","201":"product_tag-stoph","202":"product_tag-sw","203":"product_tag-sw-fotografie","204":"product_tag-sw-photographie","205":"product_tag-systematik_105137_id","206":"product_tag-treffen","207":"product_tag-treffens","208":"product_tag-tuellmann","209":"product_tag-verabschieden","210":"product_tag-verabschiedet","211":"product_tag-verabschiedung","212":"product_tag-vorsitz","213":"product_tag-vorsitzende","214":"product_tag-vorsitzenden","215":"product_tag-vorsitzender","216":"product_tag-willi","217":"product_tag-willi_stoph","218":"product_tag-willy","219":"product_tag-willy_brandt","220":"product_tag-zug","221":"product_tag-zuege","222":"product_tag-zuegen","223":"product_tag-zuges","224":"product_tag-zugfenster","225":"product_tag-zugs","226":"product_tag-zusammenkunft","227":"product_tag-zusammenkuenfte","228":"pa_datierung-mai-1970","229":"pa_fotograf-abisag-tuellmann","230":"pa_geografischer_bezug-aufnahmeort-kassel-deutschland","231":"pa_grunddaten_material_technik-foto","232":"pa_inventarnummer-tue-70-157-32a","233":"pa_jahr_von-53324","234":"pa_mediennummer-74700","235":"pa_objekttyp-fotografie","237":"first","238":"instock","239":"product-type-simple"},"yoast_head":"<!-- This site is optimized with the Yoast SEO plugin v27.3 - https:\/\/yoast.com\/product\/yoast-seo-wordpress\/ -->\n<title>Treffen von Bundeskanzler Willy Brandt mit dem Vorsitzenden des Ministerrates der DDR Willi Stoph in Kassel - Abisag T\u00fcllmann<\/title>\n<meta name=\"robots\" content=\"index, follow, max-snippet:-1, max-image-preview:large, max-video-preview:-1\" \/>\n<link rel=\"canonical\" href=\"https:\/\/bpk-archive.de\/tuellmann\/produkt\/treffen-von-bundeskanzler-willy-brandt-mit-dem-vorsitzenden-des-ministerrates-der-ddr-willi-stoph-in-kassel-2\/\" \/>\n<meta property=\"og:locale\" content=\"de_DE\" \/>\n<meta property=\"og:type\" content=\"article\" \/>\n<meta property=\"og:title\" content=\"Treffen von Bundeskanzler Willy Brandt mit dem Vorsitzenden des Ministerrates der DDR Willi Stoph in Kassel - Abisag T\u00fcllmann\" \/>\n<meta property=\"og:description\" content=\"Verabschiedung des DDR-Vorsitzenden abends auf dem Bahnhof Wilhelmsh\u00f6he: H\u00e4ndedruck zwischen Brandt (auf dem Bahnsteig stehend) und Stoph. (Scan vom Vintageprint)\" \/>\n<meta property=\"og:url\" content=\"https:\/\/bpk-archive.de\/tuellmann\/produkt\/treffen-von-bundeskanzler-willy-brandt-mit-dem-vorsitzenden-des-ministerrates-der-ddr-willi-stoph-in-kassel-2\/\" \/>\n<meta property=\"og:site_name\" content=\"Abisag T\u00fcllmann\" \/>\n<meta property=\"article:modified_time\" content=\"2020-08-11T14:45:12+00:00\" \/>\n<meta property=\"og:image\" content=\"https:\/\/bpk-archive.de\/tuellmann\/wp-content\/uploads\/2020\/05\/bpk_20034768.jpg\" \/>\n\t<meta property=\"og:image:width\" content=\"1200\" \/>\n\t<meta property=\"og:image:height\" content=\"968\" \/>\n\t<meta property=\"og:image:type\" content=\"image\/jpeg\" \/>\n<meta name=\"twitter:card\" content=\"summary_large_image\" \/>\n<script type=\"application\/ld+json\" class=\"yoast-schema-graph\">{\"@context\":\"https:\\\/\\\/schema.org\",\"@graph\":[{\"@type\":\"WebPage\",\"@id\":\"https:\\\/\\\/bpk-archive.de\\\/tuellmann\\\/produkt\\\/treffen-von-bundeskanzler-willy-brandt-mit-dem-vorsitzenden-des-ministerrates-der-ddr-willi-stoph-in-kassel-2\\\/\",\"url\":\"https:\\\/\\\/bpk-archive.de\\\/tuellmann\\\/produkt\\\/treffen-von-bundeskanzler-willy-brandt-mit-dem-vorsitzenden-des-ministerrates-der-ddr-willi-stoph-in-kassel-2\\\/\",\"name\":\"Treffen von Bundeskanzler Willy Brandt mit dem Vorsitzenden des Ministerrates der DDR Willi Stoph in Kassel - Abisag T\u00fcllmann\",\"isPartOf\":{\"@id\":\"https:\\\/\\\/bpk-archive.de\\\/tuellmann\\\/#website\"},\"primaryImageOfPage\":{\"@id\":\"https:\\\/\\\/bpk-archive.de\\\/tuellmann\\\/produkt\\\/treffen-von-bundeskanzler-willy-brandt-mit-dem-vorsitzenden-des-ministerrates-der-ddr-willi-stoph-in-kassel-2\\\/#primaryimage\"},\"image\":{\"@id\":\"https:\\\/\\\/bpk-archive.de\\\/tuellmann\\\/produkt\\\/treffen-von-bundeskanzler-willy-brandt-mit-dem-vorsitzenden-des-ministerrates-der-ddr-willi-stoph-in-kassel-2\\\/#primaryimage\"},\"thumbnailUrl\":\"https:\\\/\\\/bpk-archive.de\\\/tuellmann\\\/wp-content\\\/uploads\\\/2020\\\/05\\\/bpk_20034768.jpg\",\"datePublished\":\"2020-05-27T15:16:05+00:00\",\"dateModified\":\"2020-08-11T14:45:12+00:00\",\"breadcrumb\":{\"@id\":\"https:\\\/\\\/bpk-archive.de\\\/tuellmann\\\/produkt\\\/treffen-von-bundeskanzler-willy-brandt-mit-dem-vorsitzenden-des-ministerrates-der-ddr-willi-stoph-in-kassel-2\\\/#breadcrumb\"},\"inLanguage\":\"de\",\"potentialAction\":[{\"@type\":\"ReadAction\",\"target\":[\"https:\\\/\\\/bpk-archive.de\\\/tuellmann\\\/produkt\\\/treffen-von-bundeskanzler-willy-brandt-mit-dem-vorsitzenden-des-ministerrates-der-ddr-willi-stoph-in-kassel-2\\\/\"]}]},{\"@type\":\"ImageObject\",\"inLanguage\":\"de\",\"@id\":\"https:\\\/\\\/bpk-archive.de\\\/tuellmann\\\/produkt\\\/treffen-von-bundeskanzler-willy-brandt-mit-dem-vorsitzenden-des-ministerrates-der-ddr-willi-stoph-in-kassel-2\\\/#primaryimage\",\"url\":\"https:\\\/\\\/bpk-archive.de\\\/tuellmann\\\/wp-content\\\/uploads\\\/2020\\\/05\\\/bpk_20034768.jpg\",\"contentUrl\":\"https:\\\/\\\/bpk-archive.de\\\/tuellmann\\\/wp-content\\\/uploads\\\/2020\\\/05\\\/bpk_20034768.jpg\",\"width\":1200,\"height\":968,\"caption\":\"Verabschiedung des DDR-Vorsitzenden abends auf dem Bahnhof Wilhelmsh\u00f6he: H\u00e4ndedruck zwischen Brandt (auf dem Bahnsteig stehend) und Stoph. (Scan vom Vintageprint) Aufnahmedatum: Mai 1970 Material\\\/Technik: Foto Aufnahmeort: Kassel \\\/ Deutschland Inventar-Nr.: T\u00fc 70\\\/157-32a\"},{\"@type\":\"BreadcrumbList\",\"@id\":\"https:\\\/\\\/bpk-archive.de\\\/tuellmann\\\/produkt\\\/treffen-von-bundeskanzler-willy-brandt-mit-dem-vorsitzenden-des-ministerrates-der-ddr-willi-stoph-in-kassel-2\\\/#breadcrumb\",\"itemListElement\":[{\"@type\":\"ListItem\",\"position\":1,\"name\":\"Startseite\",\"item\":\"https:\\\/\\\/bpk-archive.de\\\/tuellmann\\\/\"},{\"@type\":\"ListItem\",\"position\":2,\"name\":\"Shop\",\"item\":\"https:\\\/\\\/bpk-archive.de\\\/tuellmann\\\/shop\\\/\"},{\"@type\":\"ListItem\",\"position\":3,\"name\":\"Treffen von Bundeskanzler Willy Brandt mit dem Vorsitzenden des Ministerrates der DDR Willi Stoph in Kassel\"}]},{\"@type\":\"WebSite\",\"@id\":\"https:\\\/\\\/bpk-archive.de\\\/tuellmann\\\/#website\",\"url\":\"https:\\\/\\\/bpk-archive.de\\\/tuellmann\\\/\",\"name\":\"Abisag T\u00fcllmann\",\"description\":\"Eine weitere WordPress-Website\",\"potentialAction\":[{\"@type\":\"SearchAction\",\"target\":{\"@type\":\"EntryPoint\",\"urlTemplate\":\"https:\\\/\\\/bpk-archive.de\\\/tuellmann\\\/?s={search_term_string}\"},\"query-input\":{\"@type\":\"PropertyValueSpecification\",\"valueRequired\":true,\"valueName\":\"search_term_string\"}}],\"inLanguage\":\"de\"}]}<\/script>\n<!-- \/ Yoast SEO plugin. -->","yoast_head_json":{"title":"Treffen von Bundeskanzler Willy Brandt mit dem Vorsitzenden des Ministerrates der DDR Willi Stoph in Kassel - Abisag T\u00fcllmann","robots":{"index":"index","follow":"follow","max-snippet":"max-snippet:-1","max-image-preview":"max-image-preview:large","max-video-preview":"max-video-preview:-1"},"canonical":"https:\/\/bpk-archive.de\/tuellmann\/produkt\/treffen-von-bundeskanzler-willy-brandt-mit-dem-vorsitzenden-des-ministerrates-der-ddr-willi-stoph-in-kassel-2\/","og_locale":"de_DE","og_type":"article","og_title":"Treffen von Bundeskanzler Willy Brandt mit dem Vorsitzenden des Ministerrates der DDR Willi Stoph in Kassel - Abisag T\u00fcllmann","og_description":"Verabschiedung des DDR-Vorsitzenden abends auf dem Bahnhof Wilhelmsh\u00f6he: H\u00e4ndedruck zwischen Brandt (auf dem Bahnsteig stehend) und Stoph. (Scan vom Vintageprint)","og_url":"https:\/\/bpk-archive.de\/tuellmann\/produkt\/treffen-von-bundeskanzler-willy-brandt-mit-dem-vorsitzenden-des-ministerrates-der-ddr-willi-stoph-in-kassel-2\/","og_site_name":"Abisag T\u00fcllmann","article_modified_time":"2020-08-11T14:45:12+00:00","og_image":[{"width":1200,"height":968,"url":"https:\/\/bpk-archive.de\/tuellmann\/wp-content\/uploads\/2020\/05\/bpk_20034768.jpg","type":"image\/jpeg"}],"twitter_card":"summary_large_image","schema":{"@context":"https:\/\/schema.org","@graph":[{"@type":"WebPage","@id":"https:\/\/bpk-archive.de\/tuellmann\/produkt\/treffen-von-bundeskanzler-willy-brandt-mit-dem-vorsitzenden-des-ministerrates-der-ddr-willi-stoph-in-kassel-2\/","url":"https:\/\/bpk-archive.de\/tuellmann\/produkt\/treffen-von-bundeskanzler-willy-brandt-mit-dem-vorsitzenden-des-ministerrates-der-ddr-willi-stoph-in-kassel-2\/","name":"Treffen von Bundeskanzler Willy Brandt mit dem Vorsitzenden des Ministerrates der DDR Willi Stoph in Kassel - Abisag T\u00fcllmann","isPartOf":{"@id":"https:\/\/bpk-archive.de\/tuellmann\/#website"},"primaryImageOfPage":{"@id":"https:\/\/bpk-archive.de\/tuellmann\/produkt\/treffen-von-bundeskanzler-willy-brandt-mit-dem-vorsitzenden-des-ministerrates-der-ddr-willi-stoph-in-kassel-2\/#primaryimage"},"image":{"@id":"https:\/\/bpk-archive.de\/tuellmann\/produkt\/treffen-von-bundeskanzler-willy-brandt-mit-dem-vorsitzenden-des-ministerrates-der-ddr-willi-stoph-in-kassel-2\/#primaryimage"},"thumbnailUrl":"https:\/\/bpk-archive.de\/tuellmann\/wp-content\/uploads\/2020\/05\/bpk_20034768.jpg","datePublished":"2020-05-27T15:16:05+00:00","dateModified":"2020-08-11T14:45:12+00:00","breadcrumb":{"@id":"https:\/\/bpk-archive.de\/tuellmann\/produkt\/treffen-von-bundeskanzler-willy-brandt-mit-dem-vorsitzenden-des-ministerrates-der-ddr-willi-stoph-in-kassel-2\/#breadcrumb"},"inLanguage":"de","potentialAction":[{"@type":"ReadAction","target":["https:\/\/bpk-archive.de\/tuellmann\/produkt\/treffen-von-bundeskanzler-willy-brandt-mit-dem-vorsitzenden-des-ministerrates-der-ddr-willi-stoph-in-kassel-2\/"]}]},{"@type":"ImageObject","inLanguage":"de","@id":"https:\/\/bpk-archive.de\/tuellmann\/produkt\/treffen-von-bundeskanzler-willy-brandt-mit-dem-vorsitzenden-des-ministerrates-der-ddr-willi-stoph-in-kassel-2\/#primaryimage","url":"https:\/\/bpk-archive.de\/tuellmann\/wp-content\/uploads\/2020\/05\/bpk_20034768.jpg","contentUrl":"https:\/\/bpk-archive.de\/tuellmann\/wp-content\/uploads\/2020\/05\/bpk_20034768.jpg","width":1200,"height":968,"caption":"Verabschiedung des DDR-Vorsitzenden abends auf dem Bahnhof Wilhelmsh\u00f6he: H\u00e4ndedruck zwischen Brandt (auf dem Bahnsteig stehend) und Stoph. (Scan vom Vintageprint) Aufnahmedatum: Mai 1970 Material\/Technik: Foto Aufnahmeort: Kassel \/ Deutschland Inventar-Nr.: T\u00fc 70\/157-32a"},{"@type":"BreadcrumbList","@id":"https:\/\/bpk-archive.de\/tuellmann\/produkt\/treffen-von-bundeskanzler-willy-brandt-mit-dem-vorsitzenden-des-ministerrates-der-ddr-willi-stoph-in-kassel-2\/#breadcrumb","itemListElement":[{"@type":"ListItem","position":1,"name":"Startseite","item":"https:\/\/bpk-archive.de\/tuellmann\/"},{"@type":"ListItem","position":2,"name":"Shop","item":"https:\/\/bpk-archive.de\/tuellmann\/shop\/"},{"@type":"ListItem","position":3,"name":"Treffen von Bundeskanzler Willy Brandt mit dem Vorsitzenden des Ministerrates der DDR Willi Stoph in Kassel"}]},{"@type":"WebSite","@id":"https:\/\/bpk-archive.de\/tuellmann\/#website","url":"https:\/\/bpk-archive.de\/tuellmann\/","name":"Abisag T\u00fcllmann","description":"Eine weitere WordPress-Website","potentialAction":[{"@type":"SearchAction","target":{"@type":"EntryPoint","urlTemplate":"https:\/\/bpk-archive.de\/tuellmann\/?s={search_term_string}"},"query-input":{"@type":"PropertyValueSpecification","valueRequired":true,"valueName":"search_term_string"}}],"inLanguage":"de"}]}},"_links":{"self":[{"href":"https:\/\/bpk-archive.de\/tuellmann\/wp-json\/wp\/v2\/product\/70316417","targetHints":{"allow":["GET"]}}],"collection":[{"href":"https:\/\/bpk-archive.de\/tuellmann\/wp-json\/wp\/v2\/product"}],"about":[{"href":"https:\/\/bpk-archive.de\/tuellmann\/wp-json\/wp\/v2\/types\/product"}],"wp:featuredmedia":[{"embeddable":true,"href":"https:\/\/bpk-archive.de\/tuellmann\/wp-json\/wp\/v2\/media\/70315804"}],"wp:attachment":[{"href":"https:\/\/bpk-archive.de\/tuellmann\/wp-json\/wp\/v2\/media?parent=70316417"}],"wp:term":[{"taxonomy":"product_brand","embeddable":true,"href":"https:\/\/bpk-archive.de\/tuellmann\/wp-json\/wp\/v2\/product_brand?post=70316417"},{"taxonomy":"product_cat","embeddable":true,"href":"https:\/\/bpk-archive.de\/tuellmann\/wp-json\/wp\/v2\/product_cat?post=70316417"},{"taxonomy":"product_tag","embeddable":true,"href":"https:\/\/bpk-archive.de\/tuellmann\/wp-json\/wp\/v2\/product_tag?post=70316417"}],"curies":[{"name":"wp","href":"https:\/\/api.w.org\/{rel}","templated":true}]}}