{"id":70316409,"date":"2020-05-27T17:16:05","date_gmt":"2020-05-27T15:16:05","guid":{"rendered":"https:\/\/bpk-archive.de\/tuellmann\/\/atbild\/tuerkische-schulklasse-in-der-elsa-brandstroem-schule-6\/"},"modified":"2020-05-27T17:16:11","modified_gmt":"2020-05-27T15:16:11","slug":"tuerkische-schulklasse-in-der-elsa-brandstroem-schule-6","status":"publish","type":"product","link":"https:\/\/bpk-archive.de\/tuellmann\/produkt\/tuerkische-schulklasse-in-der-elsa-brandstroem-schule-6\/","title":{"rendered":"T\u00fcrkische Schulklasse in der Elsa-Brandstr\u00f6m-Schule"},"content":{"rendered":"<p>(Scan vom VINTAGEPRINT)<\/p>\n","protected":false},"excerpt":{"rendered":"<p>(Scan vom VINTAGEPRINT)<\/p>\n","protected":false},"featured_media":70315812,"template":"","meta":[],"product_brand":[],"product_cat":[],"product_tag":[13774,13232,13234,13231,13233,13775,47921,13777,47456,47457,47458,47459,47460,47461,47462,53193,53194,53196,53197,47720,47721,47722,47723,47876,47877,47878,47879,47988,13784,13785,50141,62694,14177,13469,14178,14179,13470,13253,13254,13255,13256,13257,13471,13472,13473,47727,47728,47729,47730,47731,47734,48972,48973,48974,48975,48976,48977,48978,48979,48980,48981,48982,48983,13293,13786,13787,13294,13295,47267,13485,13486,13482,13481,13483,13484,53202,53203,53204,74665,74666,74667,74668,53206,53209,53210,62575,62576,65337,74669,74670,74671,14195,14196,14197,14198,14199,14200,49101,49102,49103,49104,49105,49106,49107,13492,13493,13494,13495,13496,13497,47744,47745,47746,13498,49581,13813,13814,14203,14204,14205,14206,14207,14208,14209,14210,14213,14214,14215,14216,14217,64398,64399,14218,14219,52297,52298,14220,14221,50152,50153,50154,50155,50156,50157,50158,50119,13310,13311,49816,47786,47787,54028,13328,13827,13828,13329,13330,47332,48020,48021,48022,48023,13829,13830,13831,13832,13833,13834,13835,13836,13837,13838,13839,13840,13841,13842,13843,47958,47333,47334,47335,47336,47337,13877,13879,50179,50180,50181,50182,50183,62338,62339,62340,50163,50164,54158,53860,53861,55073,55074,13865,13864,13866,13858,13859,13860,13861,13862,13863,13867,14243,14244,14245,14246,14247,14248,14249,74672,74673,74674,47967,13878,13880,64613,47968,47702,47703,53270,53271,53487,53488,53272,53273,53274,53275,53276,53277,52832,52834,52835,13525,64406,64407,47792],"class_list":{"0":"post-70316409","1":"product","2":"type-product","3":"status-publish","4":"has-post-thumbnail","6":"product_tag-1960er-jahre","7":"product_tag-20-jahrhundert-nach-chr","8":"product_tag-20-jh-n-chr","9":"product_tag-20-jahrhundert","10":"product_tag-20-jh","11":"product_tag-60er","12":"product_tag-abisag","13":"product_tag-abzug","14":"product_tag-arbeit","15":"product_tag-arbeiten","16":"product_tag-arbeitend","17":"product_tag-arbeitende","18":"product_tag-arbeitenden","19":"product_tag-arbeitender","20":"product_tag-arbeitendes","21":"product_tag-arbeitsmigrant","22":"product_tag-arbeitsmigranten","23":"product_tag-ausland","24":"product_tag-auslaender","25":"product_tag-auswanderer","26":"product_tag-auswanderern","27":"product_tag-auswandern","28":"product_tag-auswanderung","29":"product_tag-beruf","30":"product_tag-berufe","31":"product_tag-berufes","32":"product_tag-berufs","33":"product_tag-bild-im-bild","34":"product_tag-bildnis","35":"product_tag-bildnisse","36":"product_tag-bildung","37":"product_tag-bildungswesen","38":"product_tag-blickkontakt","39":"product_tag-brd","40":"product_tag-bube","41":"product_tag-buben","42":"product_tag-bundesrepublik-deutschland","43":"product_tag-deutsch","44":"product_tag-deutsche","45":"product_tag-deutschen","46":"product_tag-deutscher","47":"product_tag-deutsches","48":"product_tag-deutschland","49":"product_tag-deutschlands","50":"product_tag-drinnen","51":"product_tag-einwanderer","52":"product_tag-einwandern","53":"product_tag-einwanderung","54":"product_tag-emigrant","55":"product_tag-emigranten","56":"product_tag-emigration","57":"product_tag-ernst","58":"product_tag-ernste","59":"product_tag-ernstem","60":"product_tag-ernsten","61":"product_tag-ernster","62":"product_tag-ernstes","63":"product_tag-ernsthaft","64":"product_tag-ernsthafte","65":"product_tag-ernsthaften","66":"product_tag-ernsthafter","67":"product_tag-ernsthaftes","68":"product_tag-ernsthaftigkeit","69":"product_tag-foto","70":"product_tag-fotoabzug","71":"product_tag-fotoabzuege","72":"product_tag-fotografie","73":"product_tag-fotografien","74":"product_tag-fotoreportage","75":"product_tag-frankfurt-m","76":"product_tag-frankfurt-main","77":"product_tag-frankfurt-a-main","78":"product_tag-frankfurt-a-m","79":"product_tag-frankfurt-am-main","80":"product_tag-frankfurter","81":"product_tag-fremdarbeiter","82":"product_tag-fremdarbeitern","83":"product_tag-fremdarbeiters","84":"product_tag-fuerstenportrait","85":"product_tag-fuerstenportraits","86":"product_tag-fuerstenportraet","87":"product_tag-fuerstenportraets","88":"product_tag-gastarbeiter","89":"product_tag-gastarbeitern","90":"product_tag-gastarbeiters","91":"product_tag-grundschule","92":"product_tag-grundschulen","93":"product_tag-grundschueler","94":"product_tag-grundschulkind","95":"product_tag-grundschulkinder","96":"product_tag-grundschulklasse","97":"product_tag-gruppenbild","98":"product_tag-gruppenbilder","99":"product_tag-gruppenportrait","100":"product_tag-gruppenportraits","101":"product_tag-gruppenportraet","102":"product_tag-gruppenportraets","103":"product_tag-herrscherbildnis","104":"product_tag-herrscherbildnisse","105":"product_tag-herrscherbildnisses","106":"product_tag-herrscherportrait","107":"product_tag-herrscherportraits","108":"product_tag-herrscherportraet","109":"product_tag-herrscherportraets","110":"product_tag-hessen","111":"product_tag-hessisch","112":"product_tag-hessische","113":"product_tag-hessischen","114":"product_tag-hessischer","115":"product_tag-hessisches","116":"product_tag-immigrant","117":"product_tag-immigranten","118":"product_tag-immigration","119":"product_tag-innen","120":"product_tag-integration","121":"product_tag-junge","122":"product_tag-jungen","123":"product_tag-jungens","124":"product_tag-jungs","125":"product_tag-kind","126":"product_tag-kinde","127":"product_tag-kinder","128":"product_tag-kinderbild","129":"product_tag-kinderbildnis","130":"product_tag-kinderbildnisse","131":"product_tag-kindern","132":"product_tag-kinderportrait","133":"product_tag-kinderportraits","134":"product_tag-kinderportraet","135":"product_tag-kinderportraets","136":"product_tag-kinderzeichnung","137":"product_tag-kinderzeichnungen","138":"product_tag-kindes","139":"product_tag-kindheit","140":"product_tag-klassenraum","141":"product_tag-klassenzimmer","142":"product_tag-knabe","143":"product_tag-knaben","144":"product_tag-konzentiertes","145":"product_tag-konzentration","146":"product_tag-konzentrieren","147":"product_tag-konzentriert","148":"product_tag-konzentrierte","149":"product_tag-konzentrierten","150":"product_tag-konzentrierter","151":"product_tag-lernen","152":"product_tag-maedchen","153":"product_tag-maedchens","154":"product_tag-migrant","155":"product_tag-migranten","156":"product_tag-migration","157":"product_tag-paedagogik","158":"product_tag-photo","159":"product_tag-photoabzug","160":"product_tag-photoabzuege","161":"product_tag-photographie","162":"product_tag-photographien","163":"product_tag-photoreportage","164":"product_tag-politikerportrait","165":"product_tag-politikerportraits","166":"product_tag-politikerportraet","167":"product_tag-politikerportraets","168":"product_tag-portrait","169":"product_tag-portraitaufnahme","170":"product_tag-portraitfoto","171":"product_tag-portraitfotografie","172":"product_tag-portraitphoto","173":"product_tag-portraitphotographie","174":"product_tag-portraits","175":"product_tag-portraet","176":"product_tag-portraetaufnahme","177":"product_tag-portraetfoto","178":"product_tag-portraetfotografie","179":"product_tag-portraetphoto","180":"product_tag-portraetphotographie","181":"product_tag-portraets","182":"product_tag-print","183":"product_tag-querformat","184":"product_tag-reportage","185":"product_tag-reportagefoto","186":"product_tag-reportagefotografie","187":"product_tag-reportagephoto","188":"product_tag-reportagephotographie","189":"product_tag-s-w-fotografie","190":"product_tag-s-w-photographie","191":"product_tag-schreibend","192":"product_tag-schreibende","193":"product_tag-schreibenden","194":"product_tag-schreibender","195":"product_tag-schreibendes","196":"product_tag-schulbank","197":"product_tag-schulbaenke","198":"product_tag-schulbaenken","199":"product_tag-schule","200":"product_tag-schulen","201":"product_tag-schueler","202":"product_tag-schulkind","203":"product_tag-schulkinder","204":"product_tag-schulklasse","205":"product_tag-schulklassen","206":"product_tag-schwarzweissphotographie","207":"product_tag-schwarz-weiss-fotografie","208":"product_tag-schwarz-weiss-photographie","209":"product_tag-schwarzweiss","210":"product_tag-schwarzweisse","211":"product_tag-schwarzweissen","212":"product_tag-schwarzweisser","213":"product_tag-schwarzweisses","214":"product_tag-schwarzweissfotografie","215":"product_tag-sechziger","216":"product_tag-sitzen","217":"product_tag-sitzend","218":"product_tag-sitzende","219":"product_tag-sitzenden","220":"product_tag-sitzender","221":"product_tag-sitzendes","222":"product_tag-sitzt","223":"product_tag-sultan","224":"product_tag-sultane","225":"product_tag-sultans","226":"product_tag-sw","227":"product_tag-sw-fotografie","228":"product_tag-sw-photographie","229":"product_tag-systematik_105137_id","230":"product_tag-tuellmann","231":"product_tag-turban","232":"product_tag-turbane","233":"product_tag-tuerke","234":"product_tag-tuerken","235":"product_tag-tuerkin","236":"product_tag-tuerkinnen","237":"product_tag-tuerkisch","238":"product_tag-tuerkische","239":"product_tag-tuerkischem","240":"product_tag-tuerkischen","241":"product_tag-tuerkischer","242":"product_tag-tuerkisches","243":"product_tag-unterricht","244":"product_tag-unterrichtes","245":"product_tag-unterrichts","246":"product_tag-von-innen","247":"product_tag-zeichnung","248":"product_tag-zeichnungen","249":"product_tag-zuwanderer","250":"pa_datierung-januar-1969","251":"pa_fotograf-abisag-tuellmann","252":"pa_geografischer_bezug-aufnahmeort-frankfurt-am-main-deutschland","253":"pa_grunddaten_material_technik-foto","254":"pa_inventarnummer-tue-69-045-06a","255":"pa_jahr_von-14258","256":"pa_mediennummer-74663","257":"pa_objekttyp-fotografie","259":"first","260":"instock","261":"product-type-simple"},"yoast_head":"<!-- This site is optimized with the Yoast SEO plugin v27.3 - https:\/\/yoast.com\/product\/yoast-seo-wordpress\/ -->\n<title>T\u00fcrkische Schulklasse in der Elsa-Brandstr\u00f6m-Schule - Abisag T\u00fcllmann<\/title>\n<meta name=\"robots\" content=\"index, follow, max-snippet:-1, max-image-preview:large, max-video-preview:-1\" \/>\n<link rel=\"canonical\" href=\"https:\/\/bpk-archive.de\/tuellmann\/produkt\/tuerkische-schulklasse-in-der-elsa-brandstroem-schule-6\/\" \/>\n<meta property=\"og:locale\" content=\"de_DE\" \/>\n<meta property=\"og:type\" content=\"article\" \/>\n<meta property=\"og:title\" content=\"T\u00fcrkische Schulklasse in der Elsa-Brandstr\u00f6m-Schule - Abisag T\u00fcllmann\" \/>\n<meta property=\"og:description\" content=\"(Scan vom VINTAGEPRINT)\" \/>\n<meta property=\"og:url\" content=\"https:\/\/bpk-archive.de\/tuellmann\/produkt\/tuerkische-schulklasse-in-der-elsa-brandstroem-schule-6\/\" \/>\n<meta property=\"og:site_name\" content=\"Abisag T\u00fcllmann\" \/>\n<meta property=\"article:modified_time\" content=\"2020-05-27T15:16:11+00:00\" \/>\n<meta property=\"og:image\" content=\"https:\/\/bpk-archive.de\/tuellmann\/wp-content\/uploads\/2020\/05\/bpk_20034779.jpg\" \/>\n\t<meta property=\"og:image:width\" content=\"1200\" \/>\n\t<meta property=\"og:image:height\" content=\"860\" \/>\n\t<meta property=\"og:image:type\" content=\"image\/jpeg\" \/>\n<meta name=\"twitter:card\" content=\"summary_large_image\" \/>\n<script type=\"application\/ld+json\" class=\"yoast-schema-graph\">{\"@context\":\"https:\\\/\\\/schema.org\",\"@graph\":[{\"@type\":\"WebPage\",\"@id\":\"https:\\\/\\\/bpk-archive.de\\\/tuellmann\\\/produkt\\\/tuerkische-schulklasse-in-der-elsa-brandstroem-schule-6\\\/\",\"url\":\"https:\\\/\\\/bpk-archive.de\\\/tuellmann\\\/produkt\\\/tuerkische-schulklasse-in-der-elsa-brandstroem-schule-6\\\/\",\"name\":\"T\u00fcrkische Schulklasse in der Elsa-Brandstr\u00f6m-Schule - Abisag T\u00fcllmann\",\"isPartOf\":{\"@id\":\"https:\\\/\\\/bpk-archive.de\\\/tuellmann\\\/#website\"},\"primaryImageOfPage\":{\"@id\":\"https:\\\/\\\/bpk-archive.de\\\/tuellmann\\\/produkt\\\/tuerkische-schulklasse-in-der-elsa-brandstroem-schule-6\\\/#primaryimage\"},\"image\":{\"@id\":\"https:\\\/\\\/bpk-archive.de\\\/tuellmann\\\/produkt\\\/tuerkische-schulklasse-in-der-elsa-brandstroem-schule-6\\\/#primaryimage\"},\"thumbnailUrl\":\"https:\\\/\\\/bpk-archive.de\\\/tuellmann\\\/wp-content\\\/uploads\\\/2020\\\/05\\\/bpk_20034779.jpg\",\"datePublished\":\"2020-05-27T15:16:05+00:00\",\"dateModified\":\"2020-05-27T15:16:11+00:00\",\"breadcrumb\":{\"@id\":\"https:\\\/\\\/bpk-archive.de\\\/tuellmann\\\/produkt\\\/tuerkische-schulklasse-in-der-elsa-brandstroem-schule-6\\\/#breadcrumb\"},\"inLanguage\":\"de\",\"potentialAction\":[{\"@type\":\"ReadAction\",\"target\":[\"https:\\\/\\\/bpk-archive.de\\\/tuellmann\\\/produkt\\\/tuerkische-schulklasse-in-der-elsa-brandstroem-schule-6\\\/\"]}]},{\"@type\":\"ImageObject\",\"inLanguage\":\"de\",\"@id\":\"https:\\\/\\\/bpk-archive.de\\\/tuellmann\\\/produkt\\\/tuerkische-schulklasse-in-der-elsa-brandstroem-schule-6\\\/#primaryimage\",\"url\":\"https:\\\/\\\/bpk-archive.de\\\/tuellmann\\\/wp-content\\\/uploads\\\/2020\\\/05\\\/bpk_20034779.jpg\",\"contentUrl\":\"https:\\\/\\\/bpk-archive.de\\\/tuellmann\\\/wp-content\\\/uploads\\\/2020\\\/05\\\/bpk_20034779.jpg\",\"width\":1200,\"height\":860,\"caption\":\"(Scan vom VINTAGEPRINT) Aufnahmedatum: Januar 1969 Material\\\/Technik: Foto Aufnahmeort: Frankfurt am Main \\\/ Deutschland Inventar-Nr.: T\u00fc 69\\\/045-06a\"},{\"@type\":\"BreadcrumbList\",\"@id\":\"https:\\\/\\\/bpk-archive.de\\\/tuellmann\\\/produkt\\\/tuerkische-schulklasse-in-der-elsa-brandstroem-schule-6\\\/#breadcrumb\",\"itemListElement\":[{\"@type\":\"ListItem\",\"position\":1,\"name\":\"Startseite\",\"item\":\"https:\\\/\\\/bpk-archive.de\\\/tuellmann\\\/\"},{\"@type\":\"ListItem\",\"position\":2,\"name\":\"Shop\",\"item\":\"https:\\\/\\\/bpk-archive.de\\\/tuellmann\\\/shop\\\/\"},{\"@type\":\"ListItem\",\"position\":3,\"name\":\"T\u00fcrkische Schulklasse in der Elsa-Brandstr\u00f6m-Schule\"}]},{\"@type\":\"WebSite\",\"@id\":\"https:\\\/\\\/bpk-archive.de\\\/tuellmann\\\/#website\",\"url\":\"https:\\\/\\\/bpk-archive.de\\\/tuellmann\\\/\",\"name\":\"Abisag T\u00fcllmann\",\"description\":\"Eine weitere WordPress-Website\",\"potentialAction\":[{\"@type\":\"SearchAction\",\"target\":{\"@type\":\"EntryPoint\",\"urlTemplate\":\"https:\\\/\\\/bpk-archive.de\\\/tuellmann\\\/?s={search_term_string}\"},\"query-input\":{\"@type\":\"PropertyValueSpecification\",\"valueRequired\":true,\"valueName\":\"search_term_string\"}}],\"inLanguage\":\"de\"}]}<\/script>\n<!-- \/ Yoast SEO plugin. -->","yoast_head_json":{"title":"T\u00fcrkische Schulklasse in der Elsa-Brandstr\u00f6m-Schule - Abisag T\u00fcllmann","robots":{"index":"index","follow":"follow","max-snippet":"max-snippet:-1","max-image-preview":"max-image-preview:large","max-video-preview":"max-video-preview:-1"},"canonical":"https:\/\/bpk-archive.de\/tuellmann\/produkt\/tuerkische-schulklasse-in-der-elsa-brandstroem-schule-6\/","og_locale":"de_DE","og_type":"article","og_title":"T\u00fcrkische Schulklasse in der Elsa-Brandstr\u00f6m-Schule - Abisag T\u00fcllmann","og_description":"(Scan vom VINTAGEPRINT)","og_url":"https:\/\/bpk-archive.de\/tuellmann\/produkt\/tuerkische-schulklasse-in-der-elsa-brandstroem-schule-6\/","og_site_name":"Abisag T\u00fcllmann","article_modified_time":"2020-05-27T15:16:11+00:00","og_image":[{"width":1200,"height":860,"url":"https:\/\/bpk-archive.de\/tuellmann\/wp-content\/uploads\/2020\/05\/bpk_20034779.jpg","type":"image\/jpeg"}],"twitter_card":"summary_large_image","schema":{"@context":"https:\/\/schema.org","@graph":[{"@type":"WebPage","@id":"https:\/\/bpk-archive.de\/tuellmann\/produkt\/tuerkische-schulklasse-in-der-elsa-brandstroem-schule-6\/","url":"https:\/\/bpk-archive.de\/tuellmann\/produkt\/tuerkische-schulklasse-in-der-elsa-brandstroem-schule-6\/","name":"T\u00fcrkische Schulklasse in der Elsa-Brandstr\u00f6m-Schule - Abisag T\u00fcllmann","isPartOf":{"@id":"https:\/\/bpk-archive.de\/tuellmann\/#website"},"primaryImageOfPage":{"@id":"https:\/\/bpk-archive.de\/tuellmann\/produkt\/tuerkische-schulklasse-in-der-elsa-brandstroem-schule-6\/#primaryimage"},"image":{"@id":"https:\/\/bpk-archive.de\/tuellmann\/produkt\/tuerkische-schulklasse-in-der-elsa-brandstroem-schule-6\/#primaryimage"},"thumbnailUrl":"https:\/\/bpk-archive.de\/tuellmann\/wp-content\/uploads\/2020\/05\/bpk_20034779.jpg","datePublished":"2020-05-27T15:16:05+00:00","dateModified":"2020-05-27T15:16:11+00:00","breadcrumb":{"@id":"https:\/\/bpk-archive.de\/tuellmann\/produkt\/tuerkische-schulklasse-in-der-elsa-brandstroem-schule-6\/#breadcrumb"},"inLanguage":"de","potentialAction":[{"@type":"ReadAction","target":["https:\/\/bpk-archive.de\/tuellmann\/produkt\/tuerkische-schulklasse-in-der-elsa-brandstroem-schule-6\/"]}]},{"@type":"ImageObject","inLanguage":"de","@id":"https:\/\/bpk-archive.de\/tuellmann\/produkt\/tuerkische-schulklasse-in-der-elsa-brandstroem-schule-6\/#primaryimage","url":"https:\/\/bpk-archive.de\/tuellmann\/wp-content\/uploads\/2020\/05\/bpk_20034779.jpg","contentUrl":"https:\/\/bpk-archive.de\/tuellmann\/wp-content\/uploads\/2020\/05\/bpk_20034779.jpg","width":1200,"height":860,"caption":"(Scan vom VINTAGEPRINT) Aufnahmedatum: Januar 1969 Material\/Technik: Foto Aufnahmeort: Frankfurt am Main \/ Deutschland Inventar-Nr.: T\u00fc 69\/045-06a"},{"@type":"BreadcrumbList","@id":"https:\/\/bpk-archive.de\/tuellmann\/produkt\/tuerkische-schulklasse-in-der-elsa-brandstroem-schule-6\/#breadcrumb","itemListElement":[{"@type":"ListItem","position":1,"name":"Startseite","item":"https:\/\/bpk-archive.de\/tuellmann\/"},{"@type":"ListItem","position":2,"name":"Shop","item":"https:\/\/bpk-archive.de\/tuellmann\/shop\/"},{"@type":"ListItem","position":3,"name":"T\u00fcrkische Schulklasse in der Elsa-Brandstr\u00f6m-Schule"}]},{"@type":"WebSite","@id":"https:\/\/bpk-archive.de\/tuellmann\/#website","url":"https:\/\/bpk-archive.de\/tuellmann\/","name":"Abisag T\u00fcllmann","description":"Eine weitere WordPress-Website","potentialAction":[{"@type":"SearchAction","target":{"@type":"EntryPoint","urlTemplate":"https:\/\/bpk-archive.de\/tuellmann\/?s={search_term_string}"},"query-input":{"@type":"PropertyValueSpecification","valueRequired":true,"valueName":"search_term_string"}}],"inLanguage":"de"}]}},"_links":{"self":[{"href":"https:\/\/bpk-archive.de\/tuellmann\/wp-json\/wp\/v2\/product\/70316409","targetHints":{"allow":["GET"]}}],"collection":[{"href":"https:\/\/bpk-archive.de\/tuellmann\/wp-json\/wp\/v2\/product"}],"about":[{"href":"https:\/\/bpk-archive.de\/tuellmann\/wp-json\/wp\/v2\/types\/product"}],"wp:featuredmedia":[{"embeddable":true,"href":"https:\/\/bpk-archive.de\/tuellmann\/wp-json\/wp\/v2\/media\/70315812"}],"wp:attachment":[{"href":"https:\/\/bpk-archive.de\/tuellmann\/wp-json\/wp\/v2\/media?parent=70316409"}],"wp:term":[{"taxonomy":"product_brand","embeddable":true,"href":"https:\/\/bpk-archive.de\/tuellmann\/wp-json\/wp\/v2\/product_brand?post=70316409"},{"taxonomy":"product_cat","embeddable":true,"href":"https:\/\/bpk-archive.de\/tuellmann\/wp-json\/wp\/v2\/product_cat?post=70316409"},{"taxonomy":"product_tag","embeddable":true,"href":"https:\/\/bpk-archive.de\/tuellmann\/wp-json\/wp\/v2\/product_tag?post=70316409"}],"curies":[{"name":"wp","href":"https:\/\/api.w.org\/{rel}","templated":true}]}}