{"id":70316375,"date":"2020-05-27T17:15:16","date_gmt":"2020-05-27T15:15:16","guid":{"rendered":"https:\/\/bpk-archive.de\/tuellmann\/\/atbild\/junge-frau-und-aelterer-herr-warten-auf-die-strassenbahn\/"},"modified":"2020-06-25T16:07:08","modified_gmt":"2020-06-25T14:07:08","slug":"junge-frau-und-aelterer-herr-warten-auf-die-strassenbahn","status":"publish","type":"product","link":"https:\/\/bpk-archive.de\/tuellmann\/produkt\/junge-frau-und-aelterer-herr-warten-auf-die-strassenbahn\/","title":{"rendered":"Junge Frau und \u00e4lterer Herr warten auf die Stra\u00dfenbahn"},"content":{"rendered":"<p>(Scan vom Vintageprint)<\/p>\n","protected":false},"excerpt":{"rendered":"<p>(Scan vom Vintageprint)<\/p>\n","protected":false},"featured_media":70315846,"template":"","meta":[],"product_brand":[],"product_cat":[73376],"product_tag":[13774,13232,13234,13231,13233,13775,47921,13777,47418,47419,47420,47421,47422,47423,47424,13250,13784,13785,13469,13470,55203,54699,13253,13254,13255,13256,13257,13471,13472,13960,13961,13962,13963,13964,13965,13260,74439,13293,13786,13787,13294,13295,13485,13486,13482,13481,13483,13484,13487,13488,48621,74440,47556,49214,49215,61554,61555,13492,13493,13494,13495,13496,13497,13798,13301,13804,13806,13807,13808,13809,13810,13811,13812,13813,13814,13815,13816,49482,50411,50412,49747,49748,49749,49750,49751,49752,49753,61805,13310,13818,13819,13826,47561,47562,13328,13827,13828,13329,13330,13829,13830,13831,13832,13833,13834,13835,13836,13837,13838,13839,13840,13841,13842,13843,47958,58174,13877,13879,13865,13864,13866,13858,13859,13860,13861,13862,13863,13867,58177,58178,74441,74442,13519,13520,13521,13522,13523,13524,53746,53747,61557,47408,47409,50196,50197,47967,13878,13880,64613,50016,53754,47968,47529,47530,47531,47532,47533,47534,50018,55994,53951],"class_list":{"0":"post-70316375","1":"product","2":"type-product","3":"status-publish","4":"has-post-thumbnail","6":"product_cat-grossstadt-frankfurt","7":"product_tag-1960er-jahre","8":"product_tag-20-jahrhundert-nach-chr","9":"product_tag-20-jh-n-chr","10":"product_tag-20-jahrhundert","11":"product_tag-20-jh","12":"product_tag-60er","13":"product_tag-abisag","14":"product_tag-abzug","15":"product_tag-alt","16":"product_tag-alte","17":"product_tag-alten","18":"product_tag-alter","19":"product_tag-aeltere","20":"product_tag-aelterer","21":"product_tag-altes","22":"product_tag-aussen","23":"product_tag-bildnis","24":"product_tag-bildnisse","25":"product_tag-brd","26":"product_tag-bundesrepublik-deutschland","27":"product_tag-damenhut","28":"product_tag-der","29":"product_tag-deutsch","30":"product_tag-deutsche","31":"product_tag-deutschen","32":"product_tag-deutscher","33":"product_tag-deutsches","34":"product_tag-deutschland","35":"product_tag-deutschlands","36":"product_tag-doppelbildnis","37":"product_tag-doppelbildnisse","38":"product_tag-doppelportrait","39":"product_tag-doppelportraits","40":"product_tag-doppelportraet","41":"product_tag-doppelportraets","42":"product_tag-draussen","43":"product_tag-fidele","44":"product_tag-foto","45":"product_tag-fotoabzug","46":"product_tag-fotoabzuege","47":"product_tag-fotografie","48":"product_tag-fotografien","49":"product_tag-frankfurt-m","50":"product_tag-frankfurt-main","51":"product_tag-frankfurt-a-main","52":"product_tag-frankfurt-a-m","53":"product_tag-frankfurt-am-main","54":"product_tag-frankfurter","55":"product_tag-frau","56":"product_tag-frauen","57":"product_tag-freizeit","58":"product_tag-freizeitkleidung","59":"product_tag-fussgaenger","60":"product_tag-gegensatz","61":"product_tag-gegensaetze","62":"product_tag-haltestelle","63":"product_tag-haltestellen","64":"product_tag-hessen","65":"product_tag-hessisch","66":"product_tag-hessische","67":"product_tag-hessischen","68":"product_tag-hessischer","69":"product_tag-hessisches","70":"product_tag-hut","71":"product_tag-im-freien","72":"product_tag-jugend","73":"product_tag-jugendlich","74":"product_tag-jugendliche","75":"product_tag-jugendlichen","76":"product_tag-jugendlicher","77":"product_tag-jugendliches","78":"product_tag-jugendlichkeit","79":"product_tag-jung","80":"product_tag-junge","81":"product_tag-jungen","82":"product_tag-junger","83":"product_tag-junges","84":"product_tag-kleidung","85":"product_tag-kontrast","86":"product_tag-kontraste","87":"product_tag-lektuere","88":"product_tag-lesen","89":"product_tag-lesend","90":"product_tag-lesende","91":"product_tag-lesenden","92":"product_tag-lesender","93":"product_tag-lesendes","94":"product_tag-leser","95":"product_tag-maedchen","96":"product_tag-mann","97":"product_tag-maenner","98":"product_tag-mannes","99":"product_tag-passant","100":"product_tag-passanten","101":"product_tag-photo","102":"product_tag-photoabzug","103":"product_tag-photoabzuege","104":"product_tag-photographie","105":"product_tag-photographien","106":"product_tag-portrait","107":"product_tag-portraitaufnahme","108":"product_tag-portraitfoto","109":"product_tag-portraitfotografie","110":"product_tag-portraitphoto","111":"product_tag-portraitphotographie","112":"product_tag-portraits","113":"product_tag-portraet","114":"product_tag-portraetaufnahme","115":"product_tag-portraetfoto","116":"product_tag-portraetfotografie","117":"product_tag-portraetphoto","118":"product_tag-portraetphotographie","119":"product_tag-portraets","120":"product_tag-print","121":"product_tag-querformat","122":"product_tag-rentner","123":"product_tag-s-w-fotografie","124":"product_tag-s-w-photographie","125":"product_tag-schwarzweissphotographie","126":"product_tag-schwarz-weiss-fotografie","127":"product_tag-schwarz-weiss-photographie","128":"product_tag-schwarzweiss","129":"product_tag-schwarzweisse","130":"product_tag-schwarzweissen","131":"product_tag-schwarzweisser","132":"product_tag-schwarzweisses","133":"product_tag-schwarzweissfotografie","134":"product_tag-sechziger","135":"product_tag-senior","136":"product_tag-senioren","137":"product_tag-sommerhut","138":"product_tag-sommerhuete","139":"product_tag-stehen","140":"product_tag-stehend","141":"product_tag-stehende","142":"product_tag-stehenden","143":"product_tag-stehender","144":"product_tag-stehendes","145":"product_tag-strassenbahn","146":"product_tag-strassenbahnen","147":"product_tag-strassenbahnhaltestelle","148":"product_tag-strassenleben","149":"product_tag-strassenszene","150":"product_tag-strohhut","151":"product_tag-strohhuete","152":"product_tag-sw","153":"product_tag-sw-fotografie","154":"product_tag-sw-photographie","155":"product_tag-systematik_105137_id","156":"product_tag-tasche","157":"product_tag-tram","158":"product_tag-tuellmann","159":"product_tag-warten","160":"product_tag-wartend","161":"product_tag-wartende","162":"product_tag-wartenden","163":"product_tag-wartender","164":"product_tag-wartendes","165":"product_tag-zeitung","166":"product_tag-zeitungslektuere","167":"product_tag-zeitungsleser","168":"pa_datierung-21067","169":"pa_fotograf-abisag-tuellmann","170":"pa_geografischer_bezug-aufnahmeort-frankfurt-am-main-deutschland","171":"pa_grunddaten_material_technik-foto","172":"pa_inventarnummer-tue-61-166-25a","173":"pa_jahr_von-55112","174":"pa_mediennummer-74437","175":"pa_objekttyp-fotografie","177":"first","178":"instock","179":"product-type-simple"},"yoast_head":"<!-- This site is optimized with the Yoast SEO plugin v27.4 - https:\/\/yoast.com\/product\/yoast-seo-wordpress\/ -->\n<title>Junge Frau und \u00e4lterer Herr warten auf die Stra\u00dfenbahn - Abisag T\u00fcllmann<\/title>\n<meta name=\"robots\" content=\"index, follow, max-snippet:-1, max-image-preview:large, max-video-preview:-1\" \/>\n<link rel=\"canonical\" href=\"https:\/\/bpk-archive.de\/tuellmann\/produkt\/junge-frau-und-aelterer-herr-warten-auf-die-strassenbahn\/\" \/>\n<meta property=\"og:locale\" content=\"de_DE\" \/>\n<meta property=\"og:type\" content=\"article\" \/>\n<meta property=\"og:title\" content=\"Junge Frau und \u00e4lterer Herr warten auf die Stra\u00dfenbahn - Abisag T\u00fcllmann\" \/>\n<meta property=\"og:description\" content=\"(Scan vom Vintageprint)\" \/>\n<meta property=\"og:url\" content=\"https:\/\/bpk-archive.de\/tuellmann\/produkt\/junge-frau-und-aelterer-herr-warten-auf-die-strassenbahn\/\" \/>\n<meta property=\"og:site_name\" content=\"Abisag T\u00fcllmann\" \/>\n<meta property=\"article:modified_time\" content=\"2020-06-25T14:07:08+00:00\" \/>\n<meta property=\"og:image\" content=\"https:\/\/bpk-archive.de\/tuellmann\/wp-content\/uploads\/2020\/05\/bpk_20034836.jpg\" \/>\n\t<meta property=\"og:image:width\" content=\"1200\" \/>\n\t<meta property=\"og:image:height\" content=\"884\" \/>\n\t<meta property=\"og:image:type\" content=\"image\/jpeg\" \/>\n<meta name=\"twitter:card\" content=\"summary_large_image\" \/>\n<script type=\"application\/ld+json\" class=\"yoast-schema-graph\">{\"@context\":\"https:\\\/\\\/schema.org\",\"@graph\":[{\"@type\":\"WebPage\",\"@id\":\"https:\\\/\\\/bpk-archive.de\\\/tuellmann\\\/produkt\\\/junge-frau-und-aelterer-herr-warten-auf-die-strassenbahn\\\/\",\"url\":\"https:\\\/\\\/bpk-archive.de\\\/tuellmann\\\/produkt\\\/junge-frau-und-aelterer-herr-warten-auf-die-strassenbahn\\\/\",\"name\":\"Junge Frau und \u00e4lterer Herr warten auf die Stra\u00dfenbahn - Abisag T\u00fcllmann\",\"isPartOf\":{\"@id\":\"https:\\\/\\\/bpk-archive.de\\\/tuellmann\\\/#website\"},\"primaryImageOfPage\":{\"@id\":\"https:\\\/\\\/bpk-archive.de\\\/tuellmann\\\/produkt\\\/junge-frau-und-aelterer-herr-warten-auf-die-strassenbahn\\\/#primaryimage\"},\"image\":{\"@id\":\"https:\\\/\\\/bpk-archive.de\\\/tuellmann\\\/produkt\\\/junge-frau-und-aelterer-herr-warten-auf-die-strassenbahn\\\/#primaryimage\"},\"thumbnailUrl\":\"https:\\\/\\\/bpk-archive.de\\\/tuellmann\\\/wp-content\\\/uploads\\\/2020\\\/05\\\/bpk_20034836.jpg\",\"datePublished\":\"2020-05-27T15:15:16+00:00\",\"dateModified\":\"2020-06-25T14:07:08+00:00\",\"breadcrumb\":{\"@id\":\"https:\\\/\\\/bpk-archive.de\\\/tuellmann\\\/produkt\\\/junge-frau-und-aelterer-herr-warten-auf-die-strassenbahn\\\/#breadcrumb\"},\"inLanguage\":\"de\",\"potentialAction\":[{\"@type\":\"ReadAction\",\"target\":[\"https:\\\/\\\/bpk-archive.de\\\/tuellmann\\\/produkt\\\/junge-frau-und-aelterer-herr-warten-auf-die-strassenbahn\\\/\"]}]},{\"@type\":\"ImageObject\",\"inLanguage\":\"de\",\"@id\":\"https:\\\/\\\/bpk-archive.de\\\/tuellmann\\\/produkt\\\/junge-frau-und-aelterer-herr-warten-auf-die-strassenbahn\\\/#primaryimage\",\"url\":\"https:\\\/\\\/bpk-archive.de\\\/tuellmann\\\/wp-content\\\/uploads\\\/2020\\\/05\\\/bpk_20034836.jpg\",\"contentUrl\":\"https:\\\/\\\/bpk-archive.de\\\/tuellmann\\\/wp-content\\\/uploads\\\/2020\\\/05\\\/bpk_20034836.jpg\",\"width\":1200,\"height\":884,\"caption\":\"(Scan vom Vintageprint) Aufnahmedatum: 1961 Material\\\/Technik: Foto Aufnahmeort: Frankfurt am Main \\\/ Deutschland Inventar-Nr.: T\u00fc 61\\\/166-25a\"},{\"@type\":\"BreadcrumbList\",\"@id\":\"https:\\\/\\\/bpk-archive.de\\\/tuellmann\\\/produkt\\\/junge-frau-und-aelterer-herr-warten-auf-die-strassenbahn\\\/#breadcrumb\",\"itemListElement\":[{\"@type\":\"ListItem\",\"position\":1,\"name\":\"Startseite\",\"item\":\"https:\\\/\\\/bpk-archive.de\\\/tuellmann\\\/\"},{\"@type\":\"ListItem\",\"position\":2,\"name\":\"Shop\",\"item\":\"https:\\\/\\\/bpk-archive.de\\\/tuellmann\\\/shop\\\/\"},{\"@type\":\"ListItem\",\"position\":3,\"name\":\"Junge Frau und \u00e4lterer Herr warten auf die Stra\u00dfenbahn\"}]},{\"@type\":\"WebSite\",\"@id\":\"https:\\\/\\\/bpk-archive.de\\\/tuellmann\\\/#website\",\"url\":\"https:\\\/\\\/bpk-archive.de\\\/tuellmann\\\/\",\"name\":\"Abisag T\u00fcllmann\",\"description\":\"Eine weitere WordPress-Website\",\"potentialAction\":[{\"@type\":\"SearchAction\",\"target\":{\"@type\":\"EntryPoint\",\"urlTemplate\":\"https:\\\/\\\/bpk-archive.de\\\/tuellmann\\\/?s={search_term_string}\"},\"query-input\":{\"@type\":\"PropertyValueSpecification\",\"valueRequired\":true,\"valueName\":\"search_term_string\"}}],\"inLanguage\":\"de\"}]}<\/script>\n<!-- \/ Yoast SEO plugin. -->","yoast_head_json":{"title":"Junge Frau und \u00e4lterer Herr warten auf die Stra\u00dfenbahn - Abisag T\u00fcllmann","robots":{"index":"index","follow":"follow","max-snippet":"max-snippet:-1","max-image-preview":"max-image-preview:large","max-video-preview":"max-video-preview:-1"},"canonical":"https:\/\/bpk-archive.de\/tuellmann\/produkt\/junge-frau-und-aelterer-herr-warten-auf-die-strassenbahn\/","og_locale":"de_DE","og_type":"article","og_title":"Junge Frau und \u00e4lterer Herr warten auf die Stra\u00dfenbahn - Abisag T\u00fcllmann","og_description":"(Scan vom Vintageprint)","og_url":"https:\/\/bpk-archive.de\/tuellmann\/produkt\/junge-frau-und-aelterer-herr-warten-auf-die-strassenbahn\/","og_site_name":"Abisag T\u00fcllmann","article_modified_time":"2020-06-25T14:07:08+00:00","og_image":[{"width":1200,"height":884,"url":"https:\/\/bpk-archive.de\/tuellmann\/wp-content\/uploads\/2020\/05\/bpk_20034836.jpg","type":"image\/jpeg"}],"twitter_card":"summary_large_image","schema":{"@context":"https:\/\/schema.org","@graph":[{"@type":"WebPage","@id":"https:\/\/bpk-archive.de\/tuellmann\/produkt\/junge-frau-und-aelterer-herr-warten-auf-die-strassenbahn\/","url":"https:\/\/bpk-archive.de\/tuellmann\/produkt\/junge-frau-und-aelterer-herr-warten-auf-die-strassenbahn\/","name":"Junge Frau und \u00e4lterer Herr warten auf die Stra\u00dfenbahn - Abisag T\u00fcllmann","isPartOf":{"@id":"https:\/\/bpk-archive.de\/tuellmann\/#website"},"primaryImageOfPage":{"@id":"https:\/\/bpk-archive.de\/tuellmann\/produkt\/junge-frau-und-aelterer-herr-warten-auf-die-strassenbahn\/#primaryimage"},"image":{"@id":"https:\/\/bpk-archive.de\/tuellmann\/produkt\/junge-frau-und-aelterer-herr-warten-auf-die-strassenbahn\/#primaryimage"},"thumbnailUrl":"https:\/\/bpk-archive.de\/tuellmann\/wp-content\/uploads\/2020\/05\/bpk_20034836.jpg","datePublished":"2020-05-27T15:15:16+00:00","dateModified":"2020-06-25T14:07:08+00:00","breadcrumb":{"@id":"https:\/\/bpk-archive.de\/tuellmann\/produkt\/junge-frau-und-aelterer-herr-warten-auf-die-strassenbahn\/#breadcrumb"},"inLanguage":"de","potentialAction":[{"@type":"ReadAction","target":["https:\/\/bpk-archive.de\/tuellmann\/produkt\/junge-frau-und-aelterer-herr-warten-auf-die-strassenbahn\/"]}]},{"@type":"ImageObject","inLanguage":"de","@id":"https:\/\/bpk-archive.de\/tuellmann\/produkt\/junge-frau-und-aelterer-herr-warten-auf-die-strassenbahn\/#primaryimage","url":"https:\/\/bpk-archive.de\/tuellmann\/wp-content\/uploads\/2020\/05\/bpk_20034836.jpg","contentUrl":"https:\/\/bpk-archive.de\/tuellmann\/wp-content\/uploads\/2020\/05\/bpk_20034836.jpg","width":1200,"height":884,"caption":"(Scan vom Vintageprint) Aufnahmedatum: 1961 Material\/Technik: Foto Aufnahmeort: Frankfurt am Main \/ Deutschland Inventar-Nr.: T\u00fc 61\/166-25a"},{"@type":"BreadcrumbList","@id":"https:\/\/bpk-archive.de\/tuellmann\/produkt\/junge-frau-und-aelterer-herr-warten-auf-die-strassenbahn\/#breadcrumb","itemListElement":[{"@type":"ListItem","position":1,"name":"Startseite","item":"https:\/\/bpk-archive.de\/tuellmann\/"},{"@type":"ListItem","position":2,"name":"Shop","item":"https:\/\/bpk-archive.de\/tuellmann\/shop\/"},{"@type":"ListItem","position":3,"name":"Junge Frau und \u00e4lterer Herr warten auf die Stra\u00dfenbahn"}]},{"@type":"WebSite","@id":"https:\/\/bpk-archive.de\/tuellmann\/#website","url":"https:\/\/bpk-archive.de\/tuellmann\/","name":"Abisag T\u00fcllmann","description":"Eine weitere WordPress-Website","potentialAction":[{"@type":"SearchAction","target":{"@type":"EntryPoint","urlTemplate":"https:\/\/bpk-archive.de\/tuellmann\/?s={search_term_string}"},"query-input":{"@type":"PropertyValueSpecification","valueRequired":true,"valueName":"search_term_string"}}],"inLanguage":"de"}]}},"_links":{"self":[{"href":"https:\/\/bpk-archive.de\/tuellmann\/wp-json\/wp\/v2\/product\/70316375","targetHints":{"allow":["GET"]}}],"collection":[{"href":"https:\/\/bpk-archive.de\/tuellmann\/wp-json\/wp\/v2\/product"}],"about":[{"href":"https:\/\/bpk-archive.de\/tuellmann\/wp-json\/wp\/v2\/types\/product"}],"wp:featuredmedia":[{"embeddable":true,"href":"https:\/\/bpk-archive.de\/tuellmann\/wp-json\/wp\/v2\/media\/70315846"}],"wp:attachment":[{"href":"https:\/\/bpk-archive.de\/tuellmann\/wp-json\/wp\/v2\/media?parent=70316375"}],"wp:term":[{"taxonomy":"product_brand","embeddable":true,"href":"https:\/\/bpk-archive.de\/tuellmann\/wp-json\/wp\/v2\/product_brand?post=70316375"},{"taxonomy":"product_cat","embeddable":true,"href":"https:\/\/bpk-archive.de\/tuellmann\/wp-json\/wp\/v2\/product_cat?post=70316375"},{"taxonomy":"product_tag","embeddable":true,"href":"https:\/\/bpk-archive.de\/tuellmann\/wp-json\/wp\/v2\/product_tag?post=70316375"}],"curies":[{"name":"wp","href":"https:\/\/api.w.org\/{rel}","templated":true}]}}