{"id":70316347,"date":"2020-05-27T17:14:51","date_gmt":"2020-05-27T15:14:51","guid":{"rendered":"https:\/\/bpk-archive.de\/tuellmann\/\/atbild\/im-aprikoesche-in-einer-aeppelwoi-kneipe-in-frankfurt-sachsenhausen\/"},"modified":"2020-05-27T17:14:54","modified_gmt":"2020-05-27T15:14:54","slug":"im-aprikoesche-in-einer-aeppelwoi-kneipe-in-frankfurt-sachsenhausen","status":"publish","type":"product","link":"https:\/\/bpk-archive.de\/tuellmann\/produkt\/im-aprikoesche-in-einer-aeppelwoi-kneipe-in-frankfurt-sachsenhausen\/","title":{"rendered":"&#8222;Im Aprik\u00f6sche&#8220;. In einer &#8222;\u00c4ppelwoi&#8220;-Kneipe in Frankfurt-Sachsenhausen"},"content":{"rendered":"<p>(Scan vom Vintageprint)<\/p>\n","protected":false},"excerpt":{"rendered":"<p>(Scan vom Vintageprint)<\/p>\n","protected":false},"featured_media":70315874,"template":"","meta":[],"product_brand":[],"product_cat":[],"product_tag":[13774,13232,13234,13231,13233,13775,47921,13777,55081,55082,47418,47419,47420,47421,47422,47423,47424,57197,13784,13785,13469,13470,13253,13254,13255,13256,13257,13471,13472,13960,13961,13962,13963,13964,13965,13473,13293,13786,13787,13294,13295,13485,13486,13482,13481,13483,13484,13979,13980,13981,50037,50038,50039,50040,47579,47580,47581,47582,57141,59873,59874,59875,13492,13493,13494,13495,13496,13497,47743,13498,56317,56318,47589,47590,48778,48779,13818,13819,13820,13821,13822,13823,13824,13825,13826,13328,13827,13828,13329,13330,13829,13830,13831,13832,13833,13834,13835,13836,13837,13838,13839,13840,13841,13842,13843,13844,13845,48671,48672,13846,13847,48673,48674,48675,48676,58174,13877,13879,50043,50044,50045,50046,13865,13864,13866,13858,13859,13860,13861,13862,13863,13867,13868,58177,58178,14243,14244,14245,14246,14247,14248,14249,57067,47967,13878,13880,64613,50047,50048,50049,50050,50051,50052,50053,50054,47968,13525,50055,50056,74206,13882,47359],"class_list":{"0":"post-70316347","1":"product","2":"type-product","3":"status-publish","4":"has-post-thumbnail","6":"product_tag-1960er-jahre","7":"product_tag-20-jahrhundert-nach-chr","8":"product_tag-20-jh-n-chr","9":"product_tag-20-jahrhundert","10":"product_tag-20-jh","11":"product_tag-60er","12":"product_tag-abisag","13":"product_tag-abzug","14":"product_tag-alkohol","15":"product_tag-alkoholika","16":"product_tag-alt","17":"product_tag-alte","18":"product_tag-alten","19":"product_tag-alter","20":"product_tag-aeltere","21":"product_tag-aelterer","22":"product_tag-altes","23":"product_tag-apfelwein","24":"product_tag-bildnis","25":"product_tag-bildnisse","26":"product_tag-brd","27":"product_tag-bundesrepublik-deutschland","28":"product_tag-deutsch","29":"product_tag-deutsche","30":"product_tag-deutschen","31":"product_tag-deutscher","32":"product_tag-deutsches","33":"product_tag-deutschland","34":"product_tag-deutschlands","35":"product_tag-doppelbildnis","36":"product_tag-doppelbildnisse","37":"product_tag-doppelportrait","38":"product_tag-doppelportraits","39":"product_tag-doppelportraet","40":"product_tag-doppelportraets","41":"product_tag-drinnen","42":"product_tag-foto","43":"product_tag-fotoabzug","44":"product_tag-fotoabzuege","45":"product_tag-fotografie","46":"product_tag-fotografien","47":"product_tag-frankfurt-m","48":"product_tag-frankfurt-main","49":"product_tag-frankfurt-a-main","50":"product_tag-frankfurt-a-m","51":"product_tag-frankfurt-am-main","52":"product_tag-frankfurter","53":"product_tag-gast","54":"product_tag-gaeste","55":"product_tag-gaesten","56":"product_tag-gasthaus","57":"product_tag-gasthaeuser","58":"product_tag-gaststaette","59":"product_tag-gaststaetten","60":"product_tag-gespraech","61":"product_tag-gespraeche","62":"product_tag-gespraeches","63":"product_tag-gespraechs","64":"product_tag-glas","65":"product_tag-herr","66":"product_tag-herren","67":"product_tag-herrn","68":"product_tag-hessen","69":"product_tag-hessisch","70":"product_tag-hessische","71":"product_tag-hessischen","72":"product_tag-hessischer","73":"product_tag-hessisches","74":"product_tag-hochformat","75":"product_tag-innen","76":"product_tag-kneipe","77":"product_tag-kneipen","78":"product_tag-konversation","79":"product_tag-konversationen","80":"product_tag-lokal","81":"product_tag-lokale","82":"product_tag-mann","83":"product_tag-maenner","84":"product_tag-maennerbildnis","85":"product_tag-maennerbildnisse","86":"product_tag-maennerportrait","87":"product_tag-maennerportraits","88":"product_tag-maennerportraet","89":"product_tag-maennerportraets","90":"product_tag-mannes","91":"product_tag-photo","92":"product_tag-photoabzug","93":"product_tag-photoabzuege","94":"product_tag-photographie","95":"product_tag-photographien","96":"product_tag-portrait","97":"product_tag-portraitaufnahme","98":"product_tag-portraitfoto","99":"product_tag-portraitfotografie","100":"product_tag-portraitphoto","101":"product_tag-portraitphotographie","102":"product_tag-portraits","103":"product_tag-portraet","104":"product_tag-portraetaufnahme","105":"product_tag-portraetfoto","106":"product_tag-portraetfotografie","107":"product_tag-portraetphoto","108":"product_tag-portraetphotographie","109":"product_tag-portraets","110":"product_tag-print","111":"product_tag-profil","112":"product_tag-profilansicht","113":"product_tag-profilaufnahme","114":"product_tag-profilaufnahmen","115":"product_tag-profilbild","116":"product_tag-profilbildnis","117":"product_tag-profilfoto","118":"product_tag-profilfotos","119":"product_tag-profilphoto","120":"product_tag-profilphotos","121":"product_tag-rentner","122":"product_tag-s-w-fotografie","123":"product_tag-s-w-photographie","124":"product_tag-schaenke","125":"product_tag-schaenken","126":"product_tag-schenke","127":"product_tag-schenken","128":"product_tag-schwarzweissphotographie","129":"product_tag-schwarz-weiss-fotografie","130":"product_tag-schwarz-weiss-photographie","131":"product_tag-schwarzweiss","132":"product_tag-schwarzweisse","133":"product_tag-schwarzweissen","134":"product_tag-schwarzweisser","135":"product_tag-schwarzweisses","136":"product_tag-schwarzweissfotografie","137":"product_tag-sechziger","138":"product_tag-seitlich","139":"product_tag-senior","140":"product_tag-senioren","141":"product_tag-sitzen","142":"product_tag-sitzend","143":"product_tag-sitzende","144":"product_tag-sitzenden","145":"product_tag-sitzender","146":"product_tag-sitzendes","147":"product_tag-sitzt","148":"product_tag-stammtisch","149":"product_tag-sw","150":"product_tag-sw-fotografie","151":"product_tag-sw-photographie","152":"product_tag-systematik_105137_id","153":"product_tag-taverne","154":"product_tag-tavernen","155":"product_tag-trinken","156":"product_tag-trinkend","157":"product_tag-trinkende","158":"product_tag-trinkenden","159":"product_tag-trinkender","160":"product_tag-trinkendes","161":"product_tag-tuellmann","162":"product_tag-von-innen","163":"product_tag-wirtshaus","164":"product_tag-wirtshaeuser","165":"product_tag-zecher","166":"product_tag-zur-seite","167":"product_tag-zwei","168":"pa_datierung-19828","169":"pa_fotograf-abisag-tuellmann","170":"pa_geografischer_bezug-aufnahmeort-frankfurt-am-main-sachsenhausen-deutschland","171":"pa_grunddaten_material_technik-foto","172":"pa_inventarnummer-tue-63-021-29","173":"pa_jahr_von-55020","174":"pa_mediennummer-74203","175":"pa_objekttyp-fotografie","177":"first","178":"instock","179":"product-type-simple"},"yoast_head":"<!-- This site is optimized with the Yoast SEO plugin v27.4 - https:\/\/yoast.com\/product\/yoast-seo-wordpress\/ -->\n<title>&quot;Im Aprik\u00f6sche&quot;. In einer &quot;\u00c4ppelwoi&quot;-Kneipe in Frankfurt-Sachsenhausen - Abisag T\u00fcllmann<\/title>\n<meta name=\"robots\" content=\"index, follow, max-snippet:-1, max-image-preview:large, max-video-preview:-1\" \/>\n<link rel=\"canonical\" href=\"https:\/\/bpk-archive.de\/tuellmann\/produkt\/im-aprikoesche-in-einer-aeppelwoi-kneipe-in-frankfurt-sachsenhausen\/\" \/>\n<meta property=\"og:locale\" content=\"de_DE\" \/>\n<meta property=\"og:type\" content=\"article\" \/>\n<meta property=\"og:title\" content=\"&quot;Im Aprik\u00f6sche&quot;. In einer &quot;\u00c4ppelwoi&quot;-Kneipe in Frankfurt-Sachsenhausen - Abisag T\u00fcllmann\" \/>\n<meta property=\"og:description\" content=\"(Scan vom Vintageprint)\" \/>\n<meta property=\"og:url\" content=\"https:\/\/bpk-archive.de\/tuellmann\/produkt\/im-aprikoesche-in-einer-aeppelwoi-kneipe-in-frankfurt-sachsenhausen\/\" \/>\n<meta property=\"og:site_name\" content=\"Abisag T\u00fcllmann\" \/>\n<meta property=\"article:modified_time\" content=\"2020-05-27T15:14:54+00:00\" \/>\n<meta property=\"og:image\" content=\"https:\/\/bpk-archive.de\/tuellmann\/wp-content\/uploads\/2020\/05\/bpk_20034868.jpg\" \/>\n\t<meta property=\"og:image:width\" content=\"939\" \/>\n\t<meta property=\"og:image:height\" content=\"1200\" \/>\n\t<meta property=\"og:image:type\" content=\"image\/jpeg\" \/>\n<meta name=\"twitter:card\" content=\"summary_large_image\" \/>\n<script type=\"application\/ld+json\" class=\"yoast-schema-graph\">{\"@context\":\"https:\\\/\\\/schema.org\",\"@graph\":[{\"@type\":\"WebPage\",\"@id\":\"https:\\\/\\\/bpk-archive.de\\\/tuellmann\\\/produkt\\\/im-aprikoesche-in-einer-aeppelwoi-kneipe-in-frankfurt-sachsenhausen\\\/\",\"url\":\"https:\\\/\\\/bpk-archive.de\\\/tuellmann\\\/produkt\\\/im-aprikoesche-in-einer-aeppelwoi-kneipe-in-frankfurt-sachsenhausen\\\/\",\"name\":\"\\\"Im Aprik\u00f6sche\\\". In einer \\\"\u00c4ppelwoi\\\"-Kneipe in Frankfurt-Sachsenhausen - Abisag T\u00fcllmann\",\"isPartOf\":{\"@id\":\"https:\\\/\\\/bpk-archive.de\\\/tuellmann\\\/#website\"},\"primaryImageOfPage\":{\"@id\":\"https:\\\/\\\/bpk-archive.de\\\/tuellmann\\\/produkt\\\/im-aprikoesche-in-einer-aeppelwoi-kneipe-in-frankfurt-sachsenhausen\\\/#primaryimage\"},\"image\":{\"@id\":\"https:\\\/\\\/bpk-archive.de\\\/tuellmann\\\/produkt\\\/im-aprikoesche-in-einer-aeppelwoi-kneipe-in-frankfurt-sachsenhausen\\\/#primaryimage\"},\"thumbnailUrl\":\"https:\\\/\\\/bpk-archive.de\\\/tuellmann\\\/wp-content\\\/uploads\\\/2020\\\/05\\\/bpk_20034868.jpg\",\"datePublished\":\"2020-05-27T15:14:51+00:00\",\"dateModified\":\"2020-05-27T15:14:54+00:00\",\"breadcrumb\":{\"@id\":\"https:\\\/\\\/bpk-archive.de\\\/tuellmann\\\/produkt\\\/im-aprikoesche-in-einer-aeppelwoi-kneipe-in-frankfurt-sachsenhausen\\\/#breadcrumb\"},\"inLanguage\":\"de\",\"potentialAction\":[{\"@type\":\"ReadAction\",\"target\":[\"https:\\\/\\\/bpk-archive.de\\\/tuellmann\\\/produkt\\\/im-aprikoesche-in-einer-aeppelwoi-kneipe-in-frankfurt-sachsenhausen\\\/\"]}]},{\"@type\":\"ImageObject\",\"inLanguage\":\"de\",\"@id\":\"https:\\\/\\\/bpk-archive.de\\\/tuellmann\\\/produkt\\\/im-aprikoesche-in-einer-aeppelwoi-kneipe-in-frankfurt-sachsenhausen\\\/#primaryimage\",\"url\":\"https:\\\/\\\/bpk-archive.de\\\/tuellmann\\\/wp-content\\\/uploads\\\/2020\\\/05\\\/bpk_20034868.jpg\",\"contentUrl\":\"https:\\\/\\\/bpk-archive.de\\\/tuellmann\\\/wp-content\\\/uploads\\\/2020\\\/05\\\/bpk_20034868.jpg\",\"width\":939,\"height\":1200,\"caption\":\"(Scan vom Vintageprint) Aufnahmedatum: 1963 Material\\\/Technik: Foto Aufnahmeort: Frankfurt am Main - Sachsenhausen \\\/ Deutschland Inventar-Nr.: T\u00fc 63\\\/021-29\"},{\"@type\":\"BreadcrumbList\",\"@id\":\"https:\\\/\\\/bpk-archive.de\\\/tuellmann\\\/produkt\\\/im-aprikoesche-in-einer-aeppelwoi-kneipe-in-frankfurt-sachsenhausen\\\/#breadcrumb\",\"itemListElement\":[{\"@type\":\"ListItem\",\"position\":1,\"name\":\"Startseite\",\"item\":\"https:\\\/\\\/bpk-archive.de\\\/tuellmann\\\/\"},{\"@type\":\"ListItem\",\"position\":2,\"name\":\"Shop\",\"item\":\"https:\\\/\\\/bpk-archive.de\\\/tuellmann\\\/shop\\\/\"},{\"@type\":\"ListItem\",\"position\":3,\"name\":\"&#8220;Im Aprik\u00f6sche&#8221;. In einer &#8220;\u00c4ppelwoi&#8221;-Kneipe in Frankfurt-Sachsenhausen\"}]},{\"@type\":\"WebSite\",\"@id\":\"https:\\\/\\\/bpk-archive.de\\\/tuellmann\\\/#website\",\"url\":\"https:\\\/\\\/bpk-archive.de\\\/tuellmann\\\/\",\"name\":\"Abisag T\u00fcllmann\",\"description\":\"Eine weitere WordPress-Website\",\"potentialAction\":[{\"@type\":\"SearchAction\",\"target\":{\"@type\":\"EntryPoint\",\"urlTemplate\":\"https:\\\/\\\/bpk-archive.de\\\/tuellmann\\\/?s={search_term_string}\"},\"query-input\":{\"@type\":\"PropertyValueSpecification\",\"valueRequired\":true,\"valueName\":\"search_term_string\"}}],\"inLanguage\":\"de\"}]}<\/script>\n<!-- \/ Yoast SEO plugin. -->","yoast_head_json":{"title":"\"Im Aprik\u00f6sche\". In einer \"\u00c4ppelwoi\"-Kneipe in Frankfurt-Sachsenhausen - Abisag T\u00fcllmann","robots":{"index":"index","follow":"follow","max-snippet":"max-snippet:-1","max-image-preview":"max-image-preview:large","max-video-preview":"max-video-preview:-1"},"canonical":"https:\/\/bpk-archive.de\/tuellmann\/produkt\/im-aprikoesche-in-einer-aeppelwoi-kneipe-in-frankfurt-sachsenhausen\/","og_locale":"de_DE","og_type":"article","og_title":"\"Im Aprik\u00f6sche\". In einer \"\u00c4ppelwoi\"-Kneipe in Frankfurt-Sachsenhausen - Abisag T\u00fcllmann","og_description":"(Scan vom Vintageprint)","og_url":"https:\/\/bpk-archive.de\/tuellmann\/produkt\/im-aprikoesche-in-einer-aeppelwoi-kneipe-in-frankfurt-sachsenhausen\/","og_site_name":"Abisag T\u00fcllmann","article_modified_time":"2020-05-27T15:14:54+00:00","og_image":[{"width":939,"height":1200,"url":"https:\/\/bpk-archive.de\/tuellmann\/wp-content\/uploads\/2020\/05\/bpk_20034868.jpg","type":"image\/jpeg"}],"twitter_card":"summary_large_image","schema":{"@context":"https:\/\/schema.org","@graph":[{"@type":"WebPage","@id":"https:\/\/bpk-archive.de\/tuellmann\/produkt\/im-aprikoesche-in-einer-aeppelwoi-kneipe-in-frankfurt-sachsenhausen\/","url":"https:\/\/bpk-archive.de\/tuellmann\/produkt\/im-aprikoesche-in-einer-aeppelwoi-kneipe-in-frankfurt-sachsenhausen\/","name":"\"Im Aprik\u00f6sche\". In einer \"\u00c4ppelwoi\"-Kneipe in Frankfurt-Sachsenhausen - Abisag T\u00fcllmann","isPartOf":{"@id":"https:\/\/bpk-archive.de\/tuellmann\/#website"},"primaryImageOfPage":{"@id":"https:\/\/bpk-archive.de\/tuellmann\/produkt\/im-aprikoesche-in-einer-aeppelwoi-kneipe-in-frankfurt-sachsenhausen\/#primaryimage"},"image":{"@id":"https:\/\/bpk-archive.de\/tuellmann\/produkt\/im-aprikoesche-in-einer-aeppelwoi-kneipe-in-frankfurt-sachsenhausen\/#primaryimage"},"thumbnailUrl":"https:\/\/bpk-archive.de\/tuellmann\/wp-content\/uploads\/2020\/05\/bpk_20034868.jpg","datePublished":"2020-05-27T15:14:51+00:00","dateModified":"2020-05-27T15:14:54+00:00","breadcrumb":{"@id":"https:\/\/bpk-archive.de\/tuellmann\/produkt\/im-aprikoesche-in-einer-aeppelwoi-kneipe-in-frankfurt-sachsenhausen\/#breadcrumb"},"inLanguage":"de","potentialAction":[{"@type":"ReadAction","target":["https:\/\/bpk-archive.de\/tuellmann\/produkt\/im-aprikoesche-in-einer-aeppelwoi-kneipe-in-frankfurt-sachsenhausen\/"]}]},{"@type":"ImageObject","inLanguage":"de","@id":"https:\/\/bpk-archive.de\/tuellmann\/produkt\/im-aprikoesche-in-einer-aeppelwoi-kneipe-in-frankfurt-sachsenhausen\/#primaryimage","url":"https:\/\/bpk-archive.de\/tuellmann\/wp-content\/uploads\/2020\/05\/bpk_20034868.jpg","contentUrl":"https:\/\/bpk-archive.de\/tuellmann\/wp-content\/uploads\/2020\/05\/bpk_20034868.jpg","width":939,"height":1200,"caption":"(Scan vom Vintageprint) Aufnahmedatum: 1963 Material\/Technik: Foto Aufnahmeort: Frankfurt am Main - Sachsenhausen \/ Deutschland Inventar-Nr.: T\u00fc 63\/021-29"},{"@type":"BreadcrumbList","@id":"https:\/\/bpk-archive.de\/tuellmann\/produkt\/im-aprikoesche-in-einer-aeppelwoi-kneipe-in-frankfurt-sachsenhausen\/#breadcrumb","itemListElement":[{"@type":"ListItem","position":1,"name":"Startseite","item":"https:\/\/bpk-archive.de\/tuellmann\/"},{"@type":"ListItem","position":2,"name":"Shop","item":"https:\/\/bpk-archive.de\/tuellmann\/shop\/"},{"@type":"ListItem","position":3,"name":"&#8220;Im Aprik\u00f6sche&#8221;. In einer &#8220;\u00c4ppelwoi&#8221;-Kneipe in Frankfurt-Sachsenhausen"}]},{"@type":"WebSite","@id":"https:\/\/bpk-archive.de\/tuellmann\/#website","url":"https:\/\/bpk-archive.de\/tuellmann\/","name":"Abisag T\u00fcllmann","description":"Eine weitere WordPress-Website","potentialAction":[{"@type":"SearchAction","target":{"@type":"EntryPoint","urlTemplate":"https:\/\/bpk-archive.de\/tuellmann\/?s={search_term_string}"},"query-input":{"@type":"PropertyValueSpecification","valueRequired":true,"valueName":"search_term_string"}}],"inLanguage":"de"}]}},"_links":{"self":[{"href":"https:\/\/bpk-archive.de\/tuellmann\/wp-json\/wp\/v2\/product\/70316347","targetHints":{"allow":["GET"]}}],"collection":[{"href":"https:\/\/bpk-archive.de\/tuellmann\/wp-json\/wp\/v2\/product"}],"about":[{"href":"https:\/\/bpk-archive.de\/tuellmann\/wp-json\/wp\/v2\/types\/product"}],"wp:featuredmedia":[{"embeddable":true,"href":"https:\/\/bpk-archive.de\/tuellmann\/wp-json\/wp\/v2\/media\/70315874"}],"wp:attachment":[{"href":"https:\/\/bpk-archive.de\/tuellmann\/wp-json\/wp\/v2\/media?parent=70316347"}],"wp:term":[{"taxonomy":"product_brand","embeddable":true,"href":"https:\/\/bpk-archive.de\/tuellmann\/wp-json\/wp\/v2\/product_brand?post=70316347"},{"taxonomy":"product_cat","embeddable":true,"href":"https:\/\/bpk-archive.de\/tuellmann\/wp-json\/wp\/v2\/product_cat?post=70316347"},{"taxonomy":"product_tag","embeddable":true,"href":"https:\/\/bpk-archive.de\/tuellmann\/wp-json\/wp\/v2\/product_tag?post=70316347"}],"curies":[{"name":"wp","href":"https:\/\/api.w.org\/{rel}","templated":true}]}}