{"id":70316346,"date":"2020-05-27T17:14:51","date_gmt":"2020-05-27T15:14:51","guid":{"rendered":"https:\/\/bpk-archive.de\/tuellmann\/\/atbild\/junge-schiesst-mit-wasserpistole-auf-eine-strassenbahn\/"},"modified":"2020-08-11T16:30:57","modified_gmt":"2020-08-11T14:30:57","slug":"junge-schiesst-mit-wasserpistole-auf-eine-strassenbahn","status":"publish","type":"product","link":"https:\/\/bpk-archive.de\/tuellmann\/produkt\/junge-schiesst-mit-wasserpistole-auf-eine-strassenbahn\/","title":{"rendered":"Junge schie\u00dft mit Wasserpistole auf eine Stra\u00dfenbahn"},"content":{"rendered":"<p>(Scan vom Vintageprint)<\/p>\n","protected":false},"excerpt":{"rendered":"<p>(Scan vom Vintageprint)<\/p>\n","protected":false},"featured_media":70315875,"template":"","meta":[],"product_brand":[],"product_cat":[73382],"product_tag":[13774,13232,13234,13231,13233,13775,47921,13777,13250,13784,13785,13469,14178,14179,13470,13253,13254,13255,13256,13257,13471,13472,13260,13293,13786,13787,13294,13295,13485,13486,13482,13481,13483,13484,52497,52498,52499,52500,52501,52502,13492,13493,13494,13495,13496,13497,13301,13813,13814,14203,14204,14205,14206,14207,14208,14209,14210,14213,14214,14215,14216,14217,14218,14219,14220,14221,56319,13328,13827,13828,13329,13330,13829,13830,13831,13832,13833,13834,13835,13836,13837,13838,13839,13840,13841,13842,13843,47958,13877,13879,13865,13864,13866,13858,13859,13860,13861,13862,13863,13867,50004,50068,50184,53746,53747,74197,74198,74199,47967,13878,13880,64613,53754,47968,50660,74200,74201,74202,49048],"class_list":{"0":"post-70316346","1":"product","2":"type-product","3":"status-publish","4":"has-post-thumbnail","6":"product_cat-konsum-freizeit","7":"product_tag-1960er-jahre","8":"product_tag-20-jahrhundert-nach-chr","9":"product_tag-20-jh-n-chr","10":"product_tag-20-jahrhundert","11":"product_tag-20-jh","12":"product_tag-60er","13":"product_tag-abisag","14":"product_tag-abzug","15":"product_tag-aussen","16":"product_tag-bildnis","17":"product_tag-bildnisse","18":"product_tag-brd","19":"product_tag-bube","20":"product_tag-buben","21":"product_tag-bundesrepublik-deutschland","22":"product_tag-deutsch","23":"product_tag-deutsche","24":"product_tag-deutschen","25":"product_tag-deutscher","26":"product_tag-deutsches","27":"product_tag-deutschland","28":"product_tag-deutschlands","29":"product_tag-draussen","30":"product_tag-foto","31":"product_tag-fotoabzug","32":"product_tag-fotoabzuege","33":"product_tag-fotografie","34":"product_tag-fotografien","35":"product_tag-frankfurt-m","36":"product_tag-frankfurt-main","37":"product_tag-frankfurt-a-main","38":"product_tag-frankfurt-a-m","39":"product_tag-frankfurt-am-main","40":"product_tag-frankfurter","41":"product_tag-frech","42":"product_tag-freche","43":"product_tag-frechen","44":"product_tag-frecher","45":"product_tag-freches","46":"product_tag-frechheit","47":"product_tag-hessen","48":"product_tag-hessisch","49":"product_tag-hessische","50":"product_tag-hessischen","51":"product_tag-hessischer","52":"product_tag-hessisches","53":"product_tag-im-freien","54":"product_tag-junge","55":"product_tag-jungen","56":"product_tag-jungens","57":"product_tag-jungs","58":"product_tag-kind","59":"product_tag-kinde","60":"product_tag-kinder","61":"product_tag-kinderbild","62":"product_tag-kinderbildnis","63":"product_tag-kinderbildnisse","64":"product_tag-kindern","65":"product_tag-kinderportrait","66":"product_tag-kinderportraits","67":"product_tag-kinderportraet","68":"product_tag-kinderportraets","69":"product_tag-kindes","70":"product_tag-kindheit","71":"product_tag-knabe","72":"product_tag-knaben","73":"product_tag-martini","74":"product_tag-photo","75":"product_tag-photoabzug","76":"product_tag-photoabzuege","77":"product_tag-photographie","78":"product_tag-photographien","79":"product_tag-portrait","80":"product_tag-portraitaufnahme","81":"product_tag-portraitfoto","82":"product_tag-portraitfotografie","83":"product_tag-portraitphoto","84":"product_tag-portraitphotographie","85":"product_tag-portraits","86":"product_tag-portraet","87":"product_tag-portraetaufnahme","88":"product_tag-portraetfoto","89":"product_tag-portraetfotografie","90":"product_tag-portraetphoto","91":"product_tag-portraetphotographie","92":"product_tag-portraets","93":"product_tag-print","94":"product_tag-querformat","95":"product_tag-s-w-fotografie","96":"product_tag-s-w-photographie","97":"product_tag-schwarzweissphotographie","98":"product_tag-schwarz-weiss-fotografie","99":"product_tag-schwarz-weiss-photographie","100":"product_tag-schwarzweiss","101":"product_tag-schwarzweisse","102":"product_tag-schwarzweissen","103":"product_tag-schwarzweisser","104":"product_tag-schwarzweisses","105":"product_tag-schwarzweissfotografie","106":"product_tag-sechziger","107":"product_tag-spass","108":"product_tag-spiel","109":"product_tag-spielzeug","110":"product_tag-strassenbahn","111":"product_tag-strassenbahnen","112":"product_tag-streich","113":"product_tag-streiche","114":"product_tag-streichen","115":"product_tag-sw","116":"product_tag-sw-fotografie","117":"product_tag-sw-photographie","118":"product_tag-systematik_105137_id","119":"product_tag-tram","120":"product_tag-tuellmann","121":"product_tag-wasser","122":"product_tag-wasserpistole","123":"product_tag-wasserpistolen","124":"product_tag-wasserstrahl","125":"product_tag-werbung","126":"pa_datierung-19828","127":"pa_fotograf-abisag-tuellmann","128":"pa_geografischer_bezug-aufnahmeort-frankfurt-am-main-deutschland","129":"pa_grunddaten_material_technik-foto","130":"pa_inventarnummer-tue-63-087-23","131":"pa_jahr_von-55020","132":"pa_mediennummer-74195","133":"pa_objekttyp-fotografie","135":"first","136":"instock","137":"product-type-simple"},"yoast_head":"<!-- This site is optimized with the Yoast SEO plugin v27.4 - https:\/\/yoast.com\/product\/yoast-seo-wordpress\/ -->\n<title>Junge schie\u00dft mit Wasserpistole auf eine Stra\u00dfenbahn - Abisag T\u00fcllmann<\/title>\n<meta name=\"robots\" content=\"index, follow, max-snippet:-1, max-image-preview:large, max-video-preview:-1\" \/>\n<link rel=\"canonical\" href=\"https:\/\/bpk-archive.de\/tuellmann\/produkt\/junge-schiesst-mit-wasserpistole-auf-eine-strassenbahn\/\" \/>\n<meta property=\"og:locale\" content=\"de_DE\" \/>\n<meta property=\"og:type\" content=\"article\" \/>\n<meta property=\"og:title\" content=\"Junge schie\u00dft mit Wasserpistole auf eine Stra\u00dfenbahn - Abisag T\u00fcllmann\" \/>\n<meta property=\"og:description\" content=\"(Scan vom Vintageprint)\" \/>\n<meta property=\"og:url\" content=\"https:\/\/bpk-archive.de\/tuellmann\/produkt\/junge-schiesst-mit-wasserpistole-auf-eine-strassenbahn\/\" \/>\n<meta property=\"og:site_name\" content=\"Abisag T\u00fcllmann\" \/>\n<meta property=\"article:modified_time\" content=\"2020-08-11T14:30:57+00:00\" \/>\n<meta property=\"og:image\" content=\"https:\/\/bpk-archive.de\/tuellmann\/wp-content\/uploads\/2020\/05\/bpk_20034870.jpg\" \/>\n\t<meta property=\"og:image:width\" content=\"1200\" \/>\n\t<meta property=\"og:image:height\" content=\"945\" \/>\n\t<meta property=\"og:image:type\" content=\"image\/jpeg\" \/>\n<meta name=\"twitter:card\" content=\"summary_large_image\" \/>\n<script type=\"application\/ld+json\" class=\"yoast-schema-graph\">{\"@context\":\"https:\\\/\\\/schema.org\",\"@graph\":[{\"@type\":\"WebPage\",\"@id\":\"https:\\\/\\\/bpk-archive.de\\\/tuellmann\\\/produkt\\\/junge-schiesst-mit-wasserpistole-auf-eine-strassenbahn\\\/\",\"url\":\"https:\\\/\\\/bpk-archive.de\\\/tuellmann\\\/produkt\\\/junge-schiesst-mit-wasserpistole-auf-eine-strassenbahn\\\/\",\"name\":\"Junge schie\u00dft mit Wasserpistole auf eine Stra\u00dfenbahn - Abisag T\u00fcllmann\",\"isPartOf\":{\"@id\":\"https:\\\/\\\/bpk-archive.de\\\/tuellmann\\\/#website\"},\"primaryImageOfPage\":{\"@id\":\"https:\\\/\\\/bpk-archive.de\\\/tuellmann\\\/produkt\\\/junge-schiesst-mit-wasserpistole-auf-eine-strassenbahn\\\/#primaryimage\"},\"image\":{\"@id\":\"https:\\\/\\\/bpk-archive.de\\\/tuellmann\\\/produkt\\\/junge-schiesst-mit-wasserpistole-auf-eine-strassenbahn\\\/#primaryimage\"},\"thumbnailUrl\":\"https:\\\/\\\/bpk-archive.de\\\/tuellmann\\\/wp-content\\\/uploads\\\/2020\\\/05\\\/bpk_20034870.jpg\",\"datePublished\":\"2020-05-27T15:14:51+00:00\",\"dateModified\":\"2020-08-11T14:30:57+00:00\",\"breadcrumb\":{\"@id\":\"https:\\\/\\\/bpk-archive.de\\\/tuellmann\\\/produkt\\\/junge-schiesst-mit-wasserpistole-auf-eine-strassenbahn\\\/#breadcrumb\"},\"inLanguage\":\"de\",\"potentialAction\":[{\"@type\":\"ReadAction\",\"target\":[\"https:\\\/\\\/bpk-archive.de\\\/tuellmann\\\/produkt\\\/junge-schiesst-mit-wasserpistole-auf-eine-strassenbahn\\\/\"]}]},{\"@type\":\"ImageObject\",\"inLanguage\":\"de\",\"@id\":\"https:\\\/\\\/bpk-archive.de\\\/tuellmann\\\/produkt\\\/junge-schiesst-mit-wasserpistole-auf-eine-strassenbahn\\\/#primaryimage\",\"url\":\"https:\\\/\\\/bpk-archive.de\\\/tuellmann\\\/wp-content\\\/uploads\\\/2020\\\/05\\\/bpk_20034870.jpg\",\"contentUrl\":\"https:\\\/\\\/bpk-archive.de\\\/tuellmann\\\/wp-content\\\/uploads\\\/2020\\\/05\\\/bpk_20034870.jpg\",\"width\":1200,\"height\":945,\"caption\":\"(Scan vom Vintageprint) Aufnahmedatum: 1963 Material\\\/Technik: Foto Aufnahmeort: Frankfurt am Main \\\/ Deutschland Inventar-Nr.: T\u00fc 63\\\/087-23\"},{\"@type\":\"BreadcrumbList\",\"@id\":\"https:\\\/\\\/bpk-archive.de\\\/tuellmann\\\/produkt\\\/junge-schiesst-mit-wasserpistole-auf-eine-strassenbahn\\\/#breadcrumb\",\"itemListElement\":[{\"@type\":\"ListItem\",\"position\":1,\"name\":\"Startseite\",\"item\":\"https:\\\/\\\/bpk-archive.de\\\/tuellmann\\\/\"},{\"@type\":\"ListItem\",\"position\":2,\"name\":\"Shop\",\"item\":\"https:\\\/\\\/bpk-archive.de\\\/tuellmann\\\/shop\\\/\"},{\"@type\":\"ListItem\",\"position\":3,\"name\":\"Junge schie\u00dft mit Wasserpistole auf eine Stra\u00dfenbahn\"}]},{\"@type\":\"WebSite\",\"@id\":\"https:\\\/\\\/bpk-archive.de\\\/tuellmann\\\/#website\",\"url\":\"https:\\\/\\\/bpk-archive.de\\\/tuellmann\\\/\",\"name\":\"Abisag T\u00fcllmann\",\"description\":\"Eine weitere WordPress-Website\",\"potentialAction\":[{\"@type\":\"SearchAction\",\"target\":{\"@type\":\"EntryPoint\",\"urlTemplate\":\"https:\\\/\\\/bpk-archive.de\\\/tuellmann\\\/?s={search_term_string}\"},\"query-input\":{\"@type\":\"PropertyValueSpecification\",\"valueRequired\":true,\"valueName\":\"search_term_string\"}}],\"inLanguage\":\"de\"}]}<\/script>\n<!-- \/ Yoast SEO plugin. -->","yoast_head_json":{"title":"Junge schie\u00dft mit Wasserpistole auf eine Stra\u00dfenbahn - Abisag T\u00fcllmann","robots":{"index":"index","follow":"follow","max-snippet":"max-snippet:-1","max-image-preview":"max-image-preview:large","max-video-preview":"max-video-preview:-1"},"canonical":"https:\/\/bpk-archive.de\/tuellmann\/produkt\/junge-schiesst-mit-wasserpistole-auf-eine-strassenbahn\/","og_locale":"de_DE","og_type":"article","og_title":"Junge schie\u00dft mit Wasserpistole auf eine Stra\u00dfenbahn - Abisag T\u00fcllmann","og_description":"(Scan vom Vintageprint)","og_url":"https:\/\/bpk-archive.de\/tuellmann\/produkt\/junge-schiesst-mit-wasserpistole-auf-eine-strassenbahn\/","og_site_name":"Abisag T\u00fcllmann","article_modified_time":"2020-08-11T14:30:57+00:00","og_image":[{"width":1200,"height":945,"url":"https:\/\/bpk-archive.de\/tuellmann\/wp-content\/uploads\/2020\/05\/bpk_20034870.jpg","type":"image\/jpeg"}],"twitter_card":"summary_large_image","schema":{"@context":"https:\/\/schema.org","@graph":[{"@type":"WebPage","@id":"https:\/\/bpk-archive.de\/tuellmann\/produkt\/junge-schiesst-mit-wasserpistole-auf-eine-strassenbahn\/","url":"https:\/\/bpk-archive.de\/tuellmann\/produkt\/junge-schiesst-mit-wasserpistole-auf-eine-strassenbahn\/","name":"Junge schie\u00dft mit Wasserpistole auf eine Stra\u00dfenbahn - Abisag T\u00fcllmann","isPartOf":{"@id":"https:\/\/bpk-archive.de\/tuellmann\/#website"},"primaryImageOfPage":{"@id":"https:\/\/bpk-archive.de\/tuellmann\/produkt\/junge-schiesst-mit-wasserpistole-auf-eine-strassenbahn\/#primaryimage"},"image":{"@id":"https:\/\/bpk-archive.de\/tuellmann\/produkt\/junge-schiesst-mit-wasserpistole-auf-eine-strassenbahn\/#primaryimage"},"thumbnailUrl":"https:\/\/bpk-archive.de\/tuellmann\/wp-content\/uploads\/2020\/05\/bpk_20034870.jpg","datePublished":"2020-05-27T15:14:51+00:00","dateModified":"2020-08-11T14:30:57+00:00","breadcrumb":{"@id":"https:\/\/bpk-archive.de\/tuellmann\/produkt\/junge-schiesst-mit-wasserpistole-auf-eine-strassenbahn\/#breadcrumb"},"inLanguage":"de","potentialAction":[{"@type":"ReadAction","target":["https:\/\/bpk-archive.de\/tuellmann\/produkt\/junge-schiesst-mit-wasserpistole-auf-eine-strassenbahn\/"]}]},{"@type":"ImageObject","inLanguage":"de","@id":"https:\/\/bpk-archive.de\/tuellmann\/produkt\/junge-schiesst-mit-wasserpistole-auf-eine-strassenbahn\/#primaryimage","url":"https:\/\/bpk-archive.de\/tuellmann\/wp-content\/uploads\/2020\/05\/bpk_20034870.jpg","contentUrl":"https:\/\/bpk-archive.de\/tuellmann\/wp-content\/uploads\/2020\/05\/bpk_20034870.jpg","width":1200,"height":945,"caption":"(Scan vom Vintageprint) Aufnahmedatum: 1963 Material\/Technik: Foto Aufnahmeort: Frankfurt am Main \/ Deutschland Inventar-Nr.: T\u00fc 63\/087-23"},{"@type":"BreadcrumbList","@id":"https:\/\/bpk-archive.de\/tuellmann\/produkt\/junge-schiesst-mit-wasserpistole-auf-eine-strassenbahn\/#breadcrumb","itemListElement":[{"@type":"ListItem","position":1,"name":"Startseite","item":"https:\/\/bpk-archive.de\/tuellmann\/"},{"@type":"ListItem","position":2,"name":"Shop","item":"https:\/\/bpk-archive.de\/tuellmann\/shop\/"},{"@type":"ListItem","position":3,"name":"Junge schie\u00dft mit Wasserpistole auf eine Stra\u00dfenbahn"}]},{"@type":"WebSite","@id":"https:\/\/bpk-archive.de\/tuellmann\/#website","url":"https:\/\/bpk-archive.de\/tuellmann\/","name":"Abisag T\u00fcllmann","description":"Eine weitere WordPress-Website","potentialAction":[{"@type":"SearchAction","target":{"@type":"EntryPoint","urlTemplate":"https:\/\/bpk-archive.de\/tuellmann\/?s={search_term_string}"},"query-input":{"@type":"PropertyValueSpecification","valueRequired":true,"valueName":"search_term_string"}}],"inLanguage":"de"}]}},"_links":{"self":[{"href":"https:\/\/bpk-archive.de\/tuellmann\/wp-json\/wp\/v2\/product\/70316346","targetHints":{"allow":["GET"]}}],"collection":[{"href":"https:\/\/bpk-archive.de\/tuellmann\/wp-json\/wp\/v2\/product"}],"about":[{"href":"https:\/\/bpk-archive.de\/tuellmann\/wp-json\/wp\/v2\/types\/product"}],"wp:featuredmedia":[{"embeddable":true,"href":"https:\/\/bpk-archive.de\/tuellmann\/wp-json\/wp\/v2\/media\/70315875"}],"wp:attachment":[{"href":"https:\/\/bpk-archive.de\/tuellmann\/wp-json\/wp\/v2\/media?parent=70316346"}],"wp:term":[{"taxonomy":"product_brand","embeddable":true,"href":"https:\/\/bpk-archive.de\/tuellmann\/wp-json\/wp\/v2\/product_brand?post=70316346"},{"taxonomy":"product_cat","embeddable":true,"href":"https:\/\/bpk-archive.de\/tuellmann\/wp-json\/wp\/v2\/product_cat?post=70316346"},{"taxonomy":"product_tag","embeddable":true,"href":"https:\/\/bpk-archive.de\/tuellmann\/wp-json\/wp\/v2\/product_tag?post=70316346"}],"curies":[{"name":"wp","href":"https:\/\/api.w.org\/{rel}","templated":true}]}}