{"id":70316345,"date":"2020-05-27T17:14:51","date_gmt":"2020-05-27T15:14:51","guid":{"rendered":"https:\/\/bpk-archive.de\/tuellmann\/\/atbild\/maedchen-hilft-bei-der-autowaesche\/"},"modified":"2020-05-27T17:14:51","modified_gmt":"2020-05-27T15:14:51","slug":"maedchen-hilft-bei-der-autowaesche","status":"publish","type":"product","link":"https:\/\/bpk-archive.de\/tuellmann\/produkt\/maedchen-hilft-bei-der-autowaesche\/","title":{"rendered":"M\u00e4dchen hilft bei der Autow\u00e4sche"},"content":{"rendered":"<p>(Scan vom Vintageprint)<\/p>\n","protected":false},"excerpt":{"rendered":"<p>(Scan vom Vintageprint)<\/p>\n","protected":false},"featured_media":70315876,"template":"","meta":[],"product_brand":[],"product_cat":[],"product_tag":[13230,13232,13234,13231,13233,13235,47921,13777,13250,47549,47550,47551,47552,47553,47554,13784,13785,13469,13470,13253,13254,13255,13256,13257,13471,13472,13260,74184,74185,74186,74187,74188,48217,48218,48219,74189,74190,13293,13786,13787,13294,13295,13485,13486,13482,13481,13483,13484,51328,51329,51330,51331,51332,51333,51334,49948,49949,49950,49951,49952,49953,74191,74192,13492,13493,13494,13495,13496,13497,49954,50151,48654,48655,48656,48657,48658,48659,48660,13301,61654,14205,14206,14207,14208,14209,14210,14213,14214,14215,14216,14217,14218,14219,48548,48549,48550,61655,61656,61657,13310,47313,47314,47315,47316,47317,47318,13311,54429,13328,13827,13828,13329,13330,54430,13829,13830,13831,13832,13833,13834,13835,13836,13837,13838,13839,13840,13841,13842,13843,13844,13845,48671,48672,13846,13847,48673,48674,48675,48676,47958,49976,49977,49978,49979,49980,49981,13877,13879,49983,53027,53028,74193,74194,13865,13864,13866,13858,13859,13860,13861,13862,13863,13354,14243,14244,14245,14246,14247,14248,14249,49642,49643,49644,49645,49646,47967,13878,13880,64613,47968,50382,50383,50384,50385,50386,50387,50390],"class_list":{"0":"post-70316345","1":"product","2":"type-product","3":"status-publish","4":"has-post-thumbnail","6":"product_tag-1970er-jahre","7":"product_tag-20-jahrhundert-nach-chr","8":"product_tag-20-jh-n-chr","9":"product_tag-20-jahrhundert","10":"product_tag-20-jh","11":"product_tag-70er","12":"product_tag-abisag","13":"product_tag-abzug","14":"product_tag-aussen","15":"product_tag-auto","16":"product_tag-automobil","17":"product_tag-automobile","18":"product_tag-automobils","19":"product_tag-autos","20":"product_tag-autowaesche","21":"product_tag-bildnis","22":"product_tag-bildnisse","23":"product_tag-brd","24":"product_tag-bundesrepublik-deutschland","25":"product_tag-deutsch","26":"product_tag-deutsche","27":"product_tag-deutschen","28":"product_tag-deutscher","29":"product_tag-deutsches","30":"product_tag-deutschland","31":"product_tag-deutschlands","32":"product_tag-draussen","33":"product_tag-ehrgeiz","34":"product_tag-ehrgeizig","35":"product_tag-ehrgeizige","36":"product_tag-ehrgeiziger","37":"product_tag-ehrgeiziges","38":"product_tag-fahrzeug","39":"product_tag-fahrzeuge","40":"product_tag-fahrzeugen","41":"product_tag-felge","42":"product_tag-felgen","43":"product_tag-foto","44":"product_tag-fotoabzug","45":"product_tag-fotoabzuege","46":"product_tag-fotografie","47":"product_tag-fotografien","48":"product_tag-frankfurt-m","49":"product_tag-frankfurt-main","50":"product_tag-frankfurt-a-main","51":"product_tag-frankfurt-a-m","52":"product_tag-frankfurt-am-main","53":"product_tag-frankfurter","54":"product_tag-halbakt","55":"product_tag-halbakte","56":"product_tag-halbnackt","57":"product_tag-halbnackte","58":"product_tag-halbnackten","59":"product_tag-halbnackter","60":"product_tag-halbnacktes","61":"product_tag-helfen","62":"product_tag-helfend","63":"product_tag-helfende","64":"product_tag-helfenden","65":"product_tag-helfender","66":"product_tag-helfendes","67":"product_tag-helferin","68":"product_tag-helferinnen","69":"product_tag-hessen","70":"product_tag-hessisch","71":"product_tag-hessische","72":"product_tag-hessischen","73":"product_tag-hessischer","74":"product_tag-hessisches","75":"product_tag-hilfe","76":"product_tag-hilft","77":"product_tag-hocke","78":"product_tag-hocken","79":"product_tag-hockend","80":"product_tag-hockende","81":"product_tag-hockenden","82":"product_tag-hockender","83":"product_tag-hockendes","84":"product_tag-im-freien","85":"product_tag-kfz","86":"product_tag-kind","87":"product_tag-kinde","88":"product_tag-kinder","89":"product_tag-kinderbild","90":"product_tag-kinderbildnis","91":"product_tag-kinderbildnisse","92":"product_tag-kindern","93":"product_tag-kinderportrait","94":"product_tag-kinderportraits","95":"product_tag-kinderportraet","96":"product_tag-kinderportraets","97":"product_tag-kindes","98":"product_tag-kindheit","99":"product_tag-kleinkind","100":"product_tag-kleinkinder","101":"product_tag-kleinkindern","102":"product_tag-kraftfahrzeug","103":"product_tag-kraftfahrzeuge","104":"product_tag-kraftfahrzeugen","105":"product_tag-maedchen","106":"product_tag-maedchenbildnis","107":"product_tag-maedchenbildnisse","108":"product_tag-maedchenportrait","109":"product_tag-maedchenportraits","110":"product_tag-maedchenportraet","111":"product_tag-maedchenportraets","112":"product_tag-maedchens","113":"product_tag-personenkraftwagen","114":"product_tag-photo","115":"product_tag-photoabzug","116":"product_tag-photoabzuege","117":"product_tag-photographie","118":"product_tag-photographien","119":"product_tag-pkw","120":"product_tag-portrait","121":"product_tag-portraitaufnahme","122":"product_tag-portraitfoto","123":"product_tag-portraitfotografie","124":"product_tag-portraitphoto","125":"product_tag-portraitphotographie","126":"product_tag-portraits","127":"product_tag-portraet","128":"product_tag-portraetaufnahme","129":"product_tag-portraetfoto","130":"product_tag-portraetfotografie","131":"product_tag-portraetphoto","132":"product_tag-portraetphotographie","133":"product_tag-portraets","134":"product_tag-print","135":"product_tag-profil","136":"product_tag-profilansicht","137":"product_tag-profilaufnahme","138":"product_tag-profilaufnahmen","139":"product_tag-profilbild","140":"product_tag-profilbildnis","141":"product_tag-profilfoto","142":"product_tag-profilfotos","143":"product_tag-profilphoto","144":"product_tag-profilphotos","145":"product_tag-querformat","146":"product_tag-reinigen","147":"product_tag-reinigend","148":"product_tag-reinigende","149":"product_tag-reinigenden","150":"product_tag-reinigendes","151":"product_tag-reinigener","152":"product_tag-s-w-fotografie","153":"product_tag-s-w-photographie","154":"product_tag-sauber-machen","155":"product_tag-saeubern","156":"product_tag-saeuberung","157":"product_tag-schwamm","158":"product_tag-schwaemme","159":"product_tag-schwarzweissphotographie","160":"product_tag-schwarz-weiss-fotografie","161":"product_tag-schwarz-weiss-photographie","162":"product_tag-schwarzweiss","163":"product_tag-schwarzweisse","164":"product_tag-schwarzweissen","165":"product_tag-schwarzweisser","166":"product_tag-schwarzweisses","167":"product_tag-schwarzweissfotografie","168":"product_tag-siebziger","169":"product_tag-sitzen","170":"product_tag-sitzend","171":"product_tag-sitzende","172":"product_tag-sitzenden","173":"product_tag-sitzender","174":"product_tag-sitzendes","175":"product_tag-sitzt","176":"product_tag-stolz","177":"product_tag-stolze","178":"product_tag-stolzen","179":"product_tag-stolzer","180":"product_tag-stolzes","181":"product_tag-sw","182":"product_tag-sw-fotografie","183":"product_tag-sw-photographie","184":"product_tag-systematik_105137_id","185":"product_tag-tuellmann","186":"product_tag-waschen","187":"product_tag-waschend","188":"product_tag-waschende","189":"product_tag-waschenden","190":"product_tag-waschender","191":"product_tag-waschendes","192":"product_tag-waescht","193":"pa_datierung-15981","194":"pa_fotograf-abisag-tuellmann","195":"pa_geografischer_bezug-aufnahmeort-frankfurt-am-main-deutschland","196":"pa_grunddaten_material_technik-foto","197":"pa_inventarnummer-tue-73-082-27a","198":"pa_jahr_von-54245","199":"pa_mediennummer-74182","200":"pa_objekttyp-fotografie","202":"first","203":"instock","204":"product-type-simple"},"yoast_head":"<!-- This site is optimized with the Yoast SEO plugin v27.3 - https:\/\/yoast.com\/product\/yoast-seo-wordpress\/ -->\n<title>M\u00e4dchen hilft bei der Autow\u00e4sche - Abisag T\u00fcllmann<\/title>\n<meta name=\"robots\" content=\"index, follow, max-snippet:-1, max-image-preview:large, max-video-preview:-1\" \/>\n<link rel=\"canonical\" href=\"https:\/\/bpk-archive.de\/tuellmann\/produkt\/maedchen-hilft-bei-der-autowaesche\/\" \/>\n<meta property=\"og:locale\" content=\"de_DE\" \/>\n<meta property=\"og:type\" content=\"article\" \/>\n<meta property=\"og:title\" content=\"M\u00e4dchen hilft bei der Autow\u00e4sche - Abisag T\u00fcllmann\" \/>\n<meta property=\"og:description\" content=\"(Scan vom Vintageprint)\" \/>\n<meta property=\"og:url\" content=\"https:\/\/bpk-archive.de\/tuellmann\/produkt\/maedchen-hilft-bei-der-autowaesche\/\" \/>\n<meta property=\"og:site_name\" content=\"Abisag T\u00fcllmann\" \/>\n<meta property=\"og:image\" content=\"https:\/\/bpk-archive.de\/tuellmann\/wp-content\/uploads\/2020\/05\/bpk_20034871.jpg\" \/>\n\t<meta property=\"og:image:width\" content=\"1200\" \/>\n\t<meta property=\"og:image:height\" content=\"924\" \/>\n\t<meta property=\"og:image:type\" content=\"image\/jpeg\" \/>\n<meta name=\"twitter:card\" content=\"summary_large_image\" \/>\n<script type=\"application\/ld+json\" class=\"yoast-schema-graph\">{\"@context\":\"https:\\\/\\\/schema.org\",\"@graph\":[{\"@type\":\"WebPage\",\"@id\":\"https:\\\/\\\/bpk-archive.de\\\/tuellmann\\\/produkt\\\/maedchen-hilft-bei-der-autowaesche\\\/\",\"url\":\"https:\\\/\\\/bpk-archive.de\\\/tuellmann\\\/produkt\\\/maedchen-hilft-bei-der-autowaesche\\\/\",\"name\":\"M\u00e4dchen hilft bei der Autow\u00e4sche - Abisag T\u00fcllmann\",\"isPartOf\":{\"@id\":\"https:\\\/\\\/bpk-archive.de\\\/tuellmann\\\/#website\"},\"primaryImageOfPage\":{\"@id\":\"https:\\\/\\\/bpk-archive.de\\\/tuellmann\\\/produkt\\\/maedchen-hilft-bei-der-autowaesche\\\/#primaryimage\"},\"image\":{\"@id\":\"https:\\\/\\\/bpk-archive.de\\\/tuellmann\\\/produkt\\\/maedchen-hilft-bei-der-autowaesche\\\/#primaryimage\"},\"thumbnailUrl\":\"https:\\\/\\\/bpk-archive.de\\\/tuellmann\\\/wp-content\\\/uploads\\\/2020\\\/05\\\/bpk_20034871.jpg\",\"datePublished\":\"2020-05-27T15:14:51+00:00\",\"breadcrumb\":{\"@id\":\"https:\\\/\\\/bpk-archive.de\\\/tuellmann\\\/produkt\\\/maedchen-hilft-bei-der-autowaesche\\\/#breadcrumb\"},\"inLanguage\":\"de\",\"potentialAction\":[{\"@type\":\"ReadAction\",\"target\":[\"https:\\\/\\\/bpk-archive.de\\\/tuellmann\\\/produkt\\\/maedchen-hilft-bei-der-autowaesche\\\/\"]}]},{\"@type\":\"ImageObject\",\"inLanguage\":\"de\",\"@id\":\"https:\\\/\\\/bpk-archive.de\\\/tuellmann\\\/produkt\\\/maedchen-hilft-bei-der-autowaesche\\\/#primaryimage\",\"url\":\"https:\\\/\\\/bpk-archive.de\\\/tuellmann\\\/wp-content\\\/uploads\\\/2020\\\/05\\\/bpk_20034871.jpg\",\"contentUrl\":\"https:\\\/\\\/bpk-archive.de\\\/tuellmann\\\/wp-content\\\/uploads\\\/2020\\\/05\\\/bpk_20034871.jpg\",\"width\":1200,\"height\":924,\"caption\":\"(Scan vom Vintageprint) Aufnahmedatum: 1973 Material\\\/Technik: Foto Aufnahmeort: Frankfurt am Main \\\/ Deutschland Inventar-Nr.: T\u00fc 73\\\/082-27a\"},{\"@type\":\"BreadcrumbList\",\"@id\":\"https:\\\/\\\/bpk-archive.de\\\/tuellmann\\\/produkt\\\/maedchen-hilft-bei-der-autowaesche\\\/#breadcrumb\",\"itemListElement\":[{\"@type\":\"ListItem\",\"position\":1,\"name\":\"Startseite\",\"item\":\"https:\\\/\\\/bpk-archive.de\\\/tuellmann\\\/\"},{\"@type\":\"ListItem\",\"position\":2,\"name\":\"Shop\",\"item\":\"https:\\\/\\\/bpk-archive.de\\\/tuellmann\\\/shop\\\/\"},{\"@type\":\"ListItem\",\"position\":3,\"name\":\"M\u00e4dchen hilft bei der Autow\u00e4sche\"}]},{\"@type\":\"WebSite\",\"@id\":\"https:\\\/\\\/bpk-archive.de\\\/tuellmann\\\/#website\",\"url\":\"https:\\\/\\\/bpk-archive.de\\\/tuellmann\\\/\",\"name\":\"Abisag T\u00fcllmann\",\"description\":\"Eine weitere WordPress-Website\",\"potentialAction\":[{\"@type\":\"SearchAction\",\"target\":{\"@type\":\"EntryPoint\",\"urlTemplate\":\"https:\\\/\\\/bpk-archive.de\\\/tuellmann\\\/?s={search_term_string}\"},\"query-input\":{\"@type\":\"PropertyValueSpecification\",\"valueRequired\":true,\"valueName\":\"search_term_string\"}}],\"inLanguage\":\"de\"}]}<\/script>\n<!-- \/ Yoast SEO plugin. -->","yoast_head_json":{"title":"M\u00e4dchen hilft bei der Autow\u00e4sche - Abisag T\u00fcllmann","robots":{"index":"index","follow":"follow","max-snippet":"max-snippet:-1","max-image-preview":"max-image-preview:large","max-video-preview":"max-video-preview:-1"},"canonical":"https:\/\/bpk-archive.de\/tuellmann\/produkt\/maedchen-hilft-bei-der-autowaesche\/","og_locale":"de_DE","og_type":"article","og_title":"M\u00e4dchen hilft bei der Autow\u00e4sche - Abisag T\u00fcllmann","og_description":"(Scan vom Vintageprint)","og_url":"https:\/\/bpk-archive.de\/tuellmann\/produkt\/maedchen-hilft-bei-der-autowaesche\/","og_site_name":"Abisag T\u00fcllmann","og_image":[{"width":1200,"height":924,"url":"https:\/\/bpk-archive.de\/tuellmann\/wp-content\/uploads\/2020\/05\/bpk_20034871.jpg","type":"image\/jpeg"}],"twitter_card":"summary_large_image","schema":{"@context":"https:\/\/schema.org","@graph":[{"@type":"WebPage","@id":"https:\/\/bpk-archive.de\/tuellmann\/produkt\/maedchen-hilft-bei-der-autowaesche\/","url":"https:\/\/bpk-archive.de\/tuellmann\/produkt\/maedchen-hilft-bei-der-autowaesche\/","name":"M\u00e4dchen hilft bei der Autow\u00e4sche - Abisag T\u00fcllmann","isPartOf":{"@id":"https:\/\/bpk-archive.de\/tuellmann\/#website"},"primaryImageOfPage":{"@id":"https:\/\/bpk-archive.de\/tuellmann\/produkt\/maedchen-hilft-bei-der-autowaesche\/#primaryimage"},"image":{"@id":"https:\/\/bpk-archive.de\/tuellmann\/produkt\/maedchen-hilft-bei-der-autowaesche\/#primaryimage"},"thumbnailUrl":"https:\/\/bpk-archive.de\/tuellmann\/wp-content\/uploads\/2020\/05\/bpk_20034871.jpg","datePublished":"2020-05-27T15:14:51+00:00","breadcrumb":{"@id":"https:\/\/bpk-archive.de\/tuellmann\/produkt\/maedchen-hilft-bei-der-autowaesche\/#breadcrumb"},"inLanguage":"de","potentialAction":[{"@type":"ReadAction","target":["https:\/\/bpk-archive.de\/tuellmann\/produkt\/maedchen-hilft-bei-der-autowaesche\/"]}]},{"@type":"ImageObject","inLanguage":"de","@id":"https:\/\/bpk-archive.de\/tuellmann\/produkt\/maedchen-hilft-bei-der-autowaesche\/#primaryimage","url":"https:\/\/bpk-archive.de\/tuellmann\/wp-content\/uploads\/2020\/05\/bpk_20034871.jpg","contentUrl":"https:\/\/bpk-archive.de\/tuellmann\/wp-content\/uploads\/2020\/05\/bpk_20034871.jpg","width":1200,"height":924,"caption":"(Scan vom Vintageprint) Aufnahmedatum: 1973 Material\/Technik: Foto Aufnahmeort: Frankfurt am Main \/ Deutschland Inventar-Nr.: T\u00fc 73\/082-27a"},{"@type":"BreadcrumbList","@id":"https:\/\/bpk-archive.de\/tuellmann\/produkt\/maedchen-hilft-bei-der-autowaesche\/#breadcrumb","itemListElement":[{"@type":"ListItem","position":1,"name":"Startseite","item":"https:\/\/bpk-archive.de\/tuellmann\/"},{"@type":"ListItem","position":2,"name":"Shop","item":"https:\/\/bpk-archive.de\/tuellmann\/shop\/"},{"@type":"ListItem","position":3,"name":"M\u00e4dchen hilft bei der Autow\u00e4sche"}]},{"@type":"WebSite","@id":"https:\/\/bpk-archive.de\/tuellmann\/#website","url":"https:\/\/bpk-archive.de\/tuellmann\/","name":"Abisag T\u00fcllmann","description":"Eine weitere WordPress-Website","potentialAction":[{"@type":"SearchAction","target":{"@type":"EntryPoint","urlTemplate":"https:\/\/bpk-archive.de\/tuellmann\/?s={search_term_string}"},"query-input":{"@type":"PropertyValueSpecification","valueRequired":true,"valueName":"search_term_string"}}],"inLanguage":"de"}]}},"_links":{"self":[{"href":"https:\/\/bpk-archive.de\/tuellmann\/wp-json\/wp\/v2\/product\/70316345","targetHints":{"allow":["GET"]}}],"collection":[{"href":"https:\/\/bpk-archive.de\/tuellmann\/wp-json\/wp\/v2\/product"}],"about":[{"href":"https:\/\/bpk-archive.de\/tuellmann\/wp-json\/wp\/v2\/types\/product"}],"wp:featuredmedia":[{"embeddable":true,"href":"https:\/\/bpk-archive.de\/tuellmann\/wp-json\/wp\/v2\/media\/70315876"}],"wp:attachment":[{"href":"https:\/\/bpk-archive.de\/tuellmann\/wp-json\/wp\/v2\/media?parent=70316345"}],"wp:term":[{"taxonomy":"product_brand","embeddable":true,"href":"https:\/\/bpk-archive.de\/tuellmann\/wp-json\/wp\/v2\/product_brand?post=70316345"},{"taxonomy":"product_cat","embeddable":true,"href":"https:\/\/bpk-archive.de\/tuellmann\/wp-json\/wp\/v2\/product_cat?post=70316345"},{"taxonomy":"product_tag","embeddable":true,"href":"https:\/\/bpk-archive.de\/tuellmann\/wp-json\/wp\/v2\/product_tag?post=70316345"}],"curies":[{"name":"wp","href":"https:\/\/api.w.org\/{rel}","templated":true}]}}