{"id":70316329,"date":"2020-05-27T17:14:27","date_gmt":"2020-05-27T15:14:27","guid":{"rendered":"https:\/\/bpk-archive.de\/tuellmann\/\/atbild\/gemuesehaendler-bei-den-pariser-hallen-halles-centrales\/"},"modified":"2020-05-27T17:14:31","modified_gmt":"2020-05-27T15:14:31","slug":"gemuesehaendler-bei-den-pariser-hallen-halles-centrales","status":"publish","type":"product","link":"https:\/\/bpk-archive.de\/tuellmann\/produkt\/gemuesehaendler-bei-den-pariser-hallen-halles-centrales\/","title":{"rendered":"Gem\u00fcseh\u00e4ndler bei den Pariser Hallen (Halles Centrales)"},"content":{"rendered":"<p>(Scan vom Vintageprint)<\/p>\n","protected":false},"excerpt":{"rendered":"<p>(Scan vom Vintageprint)<\/p>\n","protected":false},"featured_media":70315892,"template":"","meta":[],"product_brand":[],"product_cat":[],"product_tag":[13774,13232,13234,13231,13233,13775,47921,13777,47456,47457,47458,47459,47460,47461,47462,13604,13605,51750,14177,13958,13959,13253,13254,13255,13256,13257,13473,47724,47725,47726,57081,57082,48211,48212,48213,48214,48215,48216,48217,48218,48219,13293,13786,13787,13294,13295,47267,57697,57698,51355,51356,51379,51380,51357,51358,51359,51360,51361,13487,13488,13974,13975,13976,13977,13978,47378,47379,47380,47381,47382,47803,48374,47737,47738,47739,47740,56232,60618,56809,47497,47498,63199,63200,13498,50639,50640,47808,47809,74073,50411,50412,50413,50414,50415,50416,50417,47760,47762,47763,47766,48254,74074,56044,47767,47768,47769,56342,56343,47818,47775,47776,47777,58023,58024,64286,64287,13328,13827,13828,13329,13330,47332,13843,13844,13845,48671,48672,13846,13847,48673,48674,48675,48676,47958,47333,47334,47335,47336,47337,13877,13879,13865,13864,13866,13858,13859,13860,13861,13862,13863,13867,47406,47407,48679,48680,48681,47967,13878,13880,64613,74075,52075,47968,51774,51775,51776,51777,51778,13525],"class_list":{"0":"post-70316329","1":"product","2":"type-product","3":"status-publish","4":"has-post-thumbnail","6":"product_tag-1960er-jahre","7":"product_tag-20-jahrhundert-nach-chr","8":"product_tag-20-jh-n-chr","9":"product_tag-20-jahrhundert","10":"product_tag-20-jh","11":"product_tag-60er","12":"product_tag-abisag","13":"product_tag-abzug","14":"product_tag-arbeit","15":"product_tag-arbeiten","16":"product_tag-arbeitend","17":"product_tag-arbeitende","18":"product_tag-arbeitenden","19":"product_tag-arbeitender","20":"product_tag-arbeitendes","21":"product_tag-arbeiter","22":"product_tag-arbeitern","23":"product_tag-bewegungsunschaerfe","24":"product_tag-blickkontakt","25":"product_tag-damenportraet","26":"product_tag-damenportraets","27":"product_tag-deutsch","28":"product_tag-deutsche","29":"product_tag-deutschen","30":"product_tag-deutscher","31":"product_tag-deutsches","32":"product_tag-drinnen","33":"product_tag-einkauf","34":"product_tag-einkaeufe","35":"product_tag-einkaufen","36":"product_tag-einkaufswagen","37":"product_tag-einkaufswagens","38":"product_tag-fahren","39":"product_tag-fahrend","40":"product_tag-fahrende","41":"product_tag-fahrender","42":"product_tag-fahrendes","43":"product_tag-faehrt","44":"product_tag-fahrzeug","45":"product_tag-fahrzeuge","46":"product_tag-fahrzeugen","47":"product_tag-foto","48":"product_tag-fotoabzug","49":"product_tag-fotoabzuege","50":"product_tag-fotografie","51":"product_tag-fotografien","52":"product_tag-fotoreportage","53":"product_tag-frankreich","54":"product_tag-frankreichs","55":"product_tag-franzose","56":"product_tag-franzosen","57":"product_tag-franzoesin","58":"product_tag-franzoesinnen","59":"product_tag-franzoesisch","60":"product_tag-franzoesische","61":"product_tag-franzoesischen","62":"product_tag-franzoesischer","63":"product_tag-franzoesisches","64":"product_tag-frau","65":"product_tag-frauen","66":"product_tag-frauenbildnis","67":"product_tag-frauenportrait","68":"product_tag-frauenportraits","69":"product_tag-frauenportraet","70":"product_tag-frauenportraets","71":"product_tag-gehen","72":"product_tag-gehend","73":"product_tag-gehende","74":"product_tag-gehender","75":"product_tag-gehendes","76":"product_tag-gemuese","77":"product_tag-gemuesehaendler","78":"product_tag-gemuesekiste","79":"product_tag-gemuesekisten","80":"product_tag-gemuesemarkt","81":"product_tag-gemuesemaerkte","82":"product_tag-grossmarkt","83":"product_tag-handel","84":"product_tag-haendler","85":"product_tag-hauptstadt","86":"product_tag-hauptstaedte","87":"product_tag-holzkiste","88":"product_tag-holzkisten","89":"product_tag-innen","90":"product_tag-kinderwagen","91":"product_tag-kinderwagens","92":"product_tag-kiste","93":"product_tag-kisten","94":"product_tag-knoblauch","95":"product_tag-kontrast","96":"product_tag-kontraste","97":"product_tag-kontraststark","98":"product_tag-kontraststarke","99":"product_tag-kontraststarken","100":"product_tag-kontraststarker","101":"product_tag-kontraststarkes","102":"product_tag-kopftuch","103":"product_tag-kunde","104":"product_tag-kunden","105":"product_tag-kundschaft","106":"product_tag-lebensmittel","107":"product_tag-lebensmittelversorgung","108":"product_tag-lieferwagen","109":"product_tag-markt","110":"product_tag-maerkte","111":"product_tag-marktfrau","112":"product_tag-markthalle","113":"product_tag-markthallen","114":"product_tag-markthaendler","115":"product_tag-marktszene","116":"product_tag-marktszenen","117":"product_tag-markttreiben","118":"product_tag-paris","119":"product_tag-pariser","120":"product_tag-pariserin","121":"product_tag-pariserinnen","122":"product_tag-photo","123":"product_tag-photoabzug","124":"product_tag-photoabzuege","125":"product_tag-photographie","126":"product_tag-photographien","127":"product_tag-photoreportage","128":"product_tag-print","129":"product_tag-profil","130":"product_tag-profilansicht","131":"product_tag-profilaufnahme","132":"product_tag-profilaufnahmen","133":"product_tag-profilbild","134":"product_tag-profilbildnis","135":"product_tag-profilfoto","136":"product_tag-profilfotos","137":"product_tag-profilphoto","138":"product_tag-profilphotos","139":"product_tag-querformat","140":"product_tag-reportage","141":"product_tag-reportagefoto","142":"product_tag-reportagefotografie","143":"product_tag-reportagephoto","144":"product_tag-reportagephotographie","145":"product_tag-s-w-fotografie","146":"product_tag-s-w-photographie","147":"product_tag-schwarzweissphotographie","148":"product_tag-schwarz-weiss-fotografie","149":"product_tag-schwarz-weiss-photographie","150":"product_tag-schwarzweiss","151":"product_tag-schwarzweisse","152":"product_tag-schwarzweissen","153":"product_tag-schwarzweisser","154":"product_tag-schwarzweisses","155":"product_tag-schwarzweissfotografie","156":"product_tag-sechziger","157":"product_tag-stadt","158":"product_tag-staedte","159":"product_tag-stadtteil","160":"product_tag-stadtteils","161":"product_tag-stadtviertel","162":"product_tag-sw","163":"product_tag-sw-fotografie","164":"product_tag-sw-photographie","165":"product_tag-systematik_105137_id","166":"product_tag-systematik_486_b","167":"product_tag-transport","168":"product_tag-tuellmann","169":"product_tag-unscharf","170":"product_tag-unscharfe","171":"product_tag-unscharfen","172":"product_tag-unscharfer","173":"product_tag-unscharfes","174":"product_tag-von-innen","175":"pa_datierung-18738","176":"pa_fotograf-abisag-tuellmann","177":"pa_geografischer_bezug-aufnahmeort-paris-frankreich","178":"pa_grunddaten_material_technik-foto","179":"pa_inventarnummer-tue-65-081-02a","180":"pa_jahr_von-53959","181":"pa_mediennummer-74071","182":"pa_objekttyp-fotografie","184":"first","185":"instock","186":"product-type-simple"},"yoast_head":"<!-- This site is optimized with the Yoast SEO plugin v27.3 - https:\/\/yoast.com\/product\/yoast-seo-wordpress\/ -->\n<title>Gem\u00fcseh\u00e4ndler bei den Pariser Hallen (Halles Centrales) - Abisag T\u00fcllmann<\/title>\n<meta name=\"robots\" content=\"index, follow, max-snippet:-1, max-image-preview:large, max-video-preview:-1\" \/>\n<link rel=\"canonical\" href=\"https:\/\/bpk-archive.de\/tuellmann\/produkt\/gemuesehaendler-bei-den-pariser-hallen-halles-centrales\/\" \/>\n<meta property=\"og:locale\" content=\"de_DE\" \/>\n<meta property=\"og:type\" content=\"article\" \/>\n<meta property=\"og:title\" content=\"Gem\u00fcseh\u00e4ndler bei den Pariser Hallen (Halles Centrales) - Abisag T\u00fcllmann\" \/>\n<meta property=\"og:description\" content=\"(Scan vom Vintageprint)\" \/>\n<meta property=\"og:url\" content=\"https:\/\/bpk-archive.de\/tuellmann\/produkt\/gemuesehaendler-bei-den-pariser-hallen-halles-centrales\/\" \/>\n<meta property=\"og:site_name\" content=\"Abisag T\u00fcllmann\" \/>\n<meta property=\"article:modified_time\" content=\"2020-05-27T15:14:31+00:00\" \/>\n<meta property=\"og:image\" content=\"https:\/\/bpk-archive.de\/tuellmann\/wp-content\/uploads\/2020\/05\/bpk_20034890.jpg\" \/>\n\t<meta property=\"og:image:width\" content=\"1200\" \/>\n\t<meta property=\"og:image:height\" content=\"948\" \/>\n\t<meta property=\"og:image:type\" content=\"image\/jpeg\" \/>\n<meta name=\"twitter:card\" content=\"summary_large_image\" \/>\n<script type=\"application\/ld+json\" class=\"yoast-schema-graph\">{\"@context\":\"https:\\\/\\\/schema.org\",\"@graph\":[{\"@type\":\"WebPage\",\"@id\":\"https:\\\/\\\/bpk-archive.de\\\/tuellmann\\\/produkt\\\/gemuesehaendler-bei-den-pariser-hallen-halles-centrales\\\/\",\"url\":\"https:\\\/\\\/bpk-archive.de\\\/tuellmann\\\/produkt\\\/gemuesehaendler-bei-den-pariser-hallen-halles-centrales\\\/\",\"name\":\"Gem\u00fcseh\u00e4ndler bei den Pariser Hallen (Halles Centrales) - Abisag T\u00fcllmann\",\"isPartOf\":{\"@id\":\"https:\\\/\\\/bpk-archive.de\\\/tuellmann\\\/#website\"},\"primaryImageOfPage\":{\"@id\":\"https:\\\/\\\/bpk-archive.de\\\/tuellmann\\\/produkt\\\/gemuesehaendler-bei-den-pariser-hallen-halles-centrales\\\/#primaryimage\"},\"image\":{\"@id\":\"https:\\\/\\\/bpk-archive.de\\\/tuellmann\\\/produkt\\\/gemuesehaendler-bei-den-pariser-hallen-halles-centrales\\\/#primaryimage\"},\"thumbnailUrl\":\"https:\\\/\\\/bpk-archive.de\\\/tuellmann\\\/wp-content\\\/uploads\\\/2020\\\/05\\\/bpk_20034890.jpg\",\"datePublished\":\"2020-05-27T15:14:27+00:00\",\"dateModified\":\"2020-05-27T15:14:31+00:00\",\"breadcrumb\":{\"@id\":\"https:\\\/\\\/bpk-archive.de\\\/tuellmann\\\/produkt\\\/gemuesehaendler-bei-den-pariser-hallen-halles-centrales\\\/#breadcrumb\"},\"inLanguage\":\"de\",\"potentialAction\":[{\"@type\":\"ReadAction\",\"target\":[\"https:\\\/\\\/bpk-archive.de\\\/tuellmann\\\/produkt\\\/gemuesehaendler-bei-den-pariser-hallen-halles-centrales\\\/\"]}]},{\"@type\":\"ImageObject\",\"inLanguage\":\"de\",\"@id\":\"https:\\\/\\\/bpk-archive.de\\\/tuellmann\\\/produkt\\\/gemuesehaendler-bei-den-pariser-hallen-halles-centrales\\\/#primaryimage\",\"url\":\"https:\\\/\\\/bpk-archive.de\\\/tuellmann\\\/wp-content\\\/uploads\\\/2020\\\/05\\\/bpk_20034890.jpg\",\"contentUrl\":\"https:\\\/\\\/bpk-archive.de\\\/tuellmann\\\/wp-content\\\/uploads\\\/2020\\\/05\\\/bpk_20034890.jpg\",\"width\":1200,\"height\":948,\"caption\":\"(Scan vom Vintageprint) Aufnahmedatum: 1965 Material\\\/Technik: Foto Aufnahmeort: Paris \\\/ Frankreich Inventar-Nr.: T\u00fc 65\\\/081-02a\"},{\"@type\":\"BreadcrumbList\",\"@id\":\"https:\\\/\\\/bpk-archive.de\\\/tuellmann\\\/produkt\\\/gemuesehaendler-bei-den-pariser-hallen-halles-centrales\\\/#breadcrumb\",\"itemListElement\":[{\"@type\":\"ListItem\",\"position\":1,\"name\":\"Startseite\",\"item\":\"https:\\\/\\\/bpk-archive.de\\\/tuellmann\\\/\"},{\"@type\":\"ListItem\",\"position\":2,\"name\":\"Shop\",\"item\":\"https:\\\/\\\/bpk-archive.de\\\/tuellmann\\\/shop\\\/\"},{\"@type\":\"ListItem\",\"position\":3,\"name\":\"Gem\u00fcseh\u00e4ndler bei den Pariser Hallen (Halles Centrales)\"}]},{\"@type\":\"WebSite\",\"@id\":\"https:\\\/\\\/bpk-archive.de\\\/tuellmann\\\/#website\",\"url\":\"https:\\\/\\\/bpk-archive.de\\\/tuellmann\\\/\",\"name\":\"Abisag T\u00fcllmann\",\"description\":\"Eine weitere WordPress-Website\",\"potentialAction\":[{\"@type\":\"SearchAction\",\"target\":{\"@type\":\"EntryPoint\",\"urlTemplate\":\"https:\\\/\\\/bpk-archive.de\\\/tuellmann\\\/?s={search_term_string}\"},\"query-input\":{\"@type\":\"PropertyValueSpecification\",\"valueRequired\":true,\"valueName\":\"search_term_string\"}}],\"inLanguage\":\"de\"}]}<\/script>\n<!-- \/ Yoast SEO plugin. -->","yoast_head_json":{"title":"Gem\u00fcseh\u00e4ndler bei den Pariser Hallen (Halles Centrales) - Abisag T\u00fcllmann","robots":{"index":"index","follow":"follow","max-snippet":"max-snippet:-1","max-image-preview":"max-image-preview:large","max-video-preview":"max-video-preview:-1"},"canonical":"https:\/\/bpk-archive.de\/tuellmann\/produkt\/gemuesehaendler-bei-den-pariser-hallen-halles-centrales\/","og_locale":"de_DE","og_type":"article","og_title":"Gem\u00fcseh\u00e4ndler bei den Pariser Hallen (Halles Centrales) - Abisag T\u00fcllmann","og_description":"(Scan vom Vintageprint)","og_url":"https:\/\/bpk-archive.de\/tuellmann\/produkt\/gemuesehaendler-bei-den-pariser-hallen-halles-centrales\/","og_site_name":"Abisag T\u00fcllmann","article_modified_time":"2020-05-27T15:14:31+00:00","og_image":[{"width":1200,"height":948,"url":"https:\/\/bpk-archive.de\/tuellmann\/wp-content\/uploads\/2020\/05\/bpk_20034890.jpg","type":"image\/jpeg"}],"twitter_card":"summary_large_image","schema":{"@context":"https:\/\/schema.org","@graph":[{"@type":"WebPage","@id":"https:\/\/bpk-archive.de\/tuellmann\/produkt\/gemuesehaendler-bei-den-pariser-hallen-halles-centrales\/","url":"https:\/\/bpk-archive.de\/tuellmann\/produkt\/gemuesehaendler-bei-den-pariser-hallen-halles-centrales\/","name":"Gem\u00fcseh\u00e4ndler bei den Pariser Hallen (Halles Centrales) - Abisag T\u00fcllmann","isPartOf":{"@id":"https:\/\/bpk-archive.de\/tuellmann\/#website"},"primaryImageOfPage":{"@id":"https:\/\/bpk-archive.de\/tuellmann\/produkt\/gemuesehaendler-bei-den-pariser-hallen-halles-centrales\/#primaryimage"},"image":{"@id":"https:\/\/bpk-archive.de\/tuellmann\/produkt\/gemuesehaendler-bei-den-pariser-hallen-halles-centrales\/#primaryimage"},"thumbnailUrl":"https:\/\/bpk-archive.de\/tuellmann\/wp-content\/uploads\/2020\/05\/bpk_20034890.jpg","datePublished":"2020-05-27T15:14:27+00:00","dateModified":"2020-05-27T15:14:31+00:00","breadcrumb":{"@id":"https:\/\/bpk-archive.de\/tuellmann\/produkt\/gemuesehaendler-bei-den-pariser-hallen-halles-centrales\/#breadcrumb"},"inLanguage":"de","potentialAction":[{"@type":"ReadAction","target":["https:\/\/bpk-archive.de\/tuellmann\/produkt\/gemuesehaendler-bei-den-pariser-hallen-halles-centrales\/"]}]},{"@type":"ImageObject","inLanguage":"de","@id":"https:\/\/bpk-archive.de\/tuellmann\/produkt\/gemuesehaendler-bei-den-pariser-hallen-halles-centrales\/#primaryimage","url":"https:\/\/bpk-archive.de\/tuellmann\/wp-content\/uploads\/2020\/05\/bpk_20034890.jpg","contentUrl":"https:\/\/bpk-archive.de\/tuellmann\/wp-content\/uploads\/2020\/05\/bpk_20034890.jpg","width":1200,"height":948,"caption":"(Scan vom Vintageprint) Aufnahmedatum: 1965 Material\/Technik: Foto Aufnahmeort: Paris \/ Frankreich Inventar-Nr.: T\u00fc 65\/081-02a"},{"@type":"BreadcrumbList","@id":"https:\/\/bpk-archive.de\/tuellmann\/produkt\/gemuesehaendler-bei-den-pariser-hallen-halles-centrales\/#breadcrumb","itemListElement":[{"@type":"ListItem","position":1,"name":"Startseite","item":"https:\/\/bpk-archive.de\/tuellmann\/"},{"@type":"ListItem","position":2,"name":"Shop","item":"https:\/\/bpk-archive.de\/tuellmann\/shop\/"},{"@type":"ListItem","position":3,"name":"Gem\u00fcseh\u00e4ndler bei den Pariser Hallen (Halles Centrales)"}]},{"@type":"WebSite","@id":"https:\/\/bpk-archive.de\/tuellmann\/#website","url":"https:\/\/bpk-archive.de\/tuellmann\/","name":"Abisag T\u00fcllmann","description":"Eine weitere WordPress-Website","potentialAction":[{"@type":"SearchAction","target":{"@type":"EntryPoint","urlTemplate":"https:\/\/bpk-archive.de\/tuellmann\/?s={search_term_string}"},"query-input":{"@type":"PropertyValueSpecification","valueRequired":true,"valueName":"search_term_string"}}],"inLanguage":"de"}]}},"_links":{"self":[{"href":"https:\/\/bpk-archive.de\/tuellmann\/wp-json\/wp\/v2\/product\/70316329","targetHints":{"allow":["GET"]}}],"collection":[{"href":"https:\/\/bpk-archive.de\/tuellmann\/wp-json\/wp\/v2\/product"}],"about":[{"href":"https:\/\/bpk-archive.de\/tuellmann\/wp-json\/wp\/v2\/types\/product"}],"wp:featuredmedia":[{"embeddable":true,"href":"https:\/\/bpk-archive.de\/tuellmann\/wp-json\/wp\/v2\/media\/70315892"}],"wp:attachment":[{"href":"https:\/\/bpk-archive.de\/tuellmann\/wp-json\/wp\/v2\/media?parent=70316329"}],"wp:term":[{"taxonomy":"product_brand","embeddable":true,"href":"https:\/\/bpk-archive.de\/tuellmann\/wp-json\/wp\/v2\/product_brand?post=70316329"},{"taxonomy":"product_cat","embeddable":true,"href":"https:\/\/bpk-archive.de\/tuellmann\/wp-json\/wp\/v2\/product_cat?post=70316329"},{"taxonomy":"product_tag","embeddable":true,"href":"https:\/\/bpk-archive.de\/tuellmann\/wp-json\/wp\/v2\/product_tag?post=70316329"}],"curies":[{"name":"wp","href":"https:\/\/api.w.org\/{rel}","templated":true}]}}