{"id":70316321,"date":"2020-05-27T17:14:00","date_gmt":"2020-05-27T15:14:00","guid":{"rendered":"https:\/\/bpk-archive.de\/tuellmann\/\/atbild\/strassenszene-im-geschaefts-und-vergnuegungsviertel-ginza-in-tokio-3\/"},"modified":"2020-08-11T16:28:57","modified_gmt":"2020-08-11T14:28:57","slug":"strassenszene-im-geschaefts-und-vergnuegungsviertel-ginza-in-tokio-3","status":"publish","type":"product","link":"https:\/\/bpk-archive.de\/tuellmann\/produkt\/strassenszene-im-geschaefts-und-vergnuegungsviertel-ginza-in-tokio-3\/","title":{"rendered":"Stra\u00dfenszene im Gesch\u00e4fts- und Vergn\u00fcgungsviertel Ginza in Tokio"},"content":{"rendered":"<p>(Scan vom Vintageprint)<\/p>\n","protected":false},"excerpt":{"rendered":"<p>(Scan vom Vintageprint)<\/p>\n","protected":false},"featured_media":70315900,"template":"","meta":[],"product_brand":[],"product_cat":[73381],"product_tag":[13230,13232,13234,13231,13233,13235,47921,13777,50425,50426,56103,56104,56105,56175,56176,56106,56107,56108,56109,56110,56111,56112,56113,49359,49360,13250,74033,74034,14177,13253,13254,13255,13256,13257,13260,13474,13475,13476,13477,13478,13479,13480,13293,13786,13787,13294,13295,47267,13487,13488,48621,48622,48623,51408,47556,47375,47376,47378,47379,47380,47381,47382,74035,74036,47886,14327,74037,74038,47887,47888,13301,56118,56119,56120,56121,56122,56123,56124,56125,56126,56127,56128,56129,50413,50414,50415,50416,50417,14000,14001,14002,14003,14004,14005,14006,60410,60411,13818,13819,13826,47447,47448,48734,48735,57562,56131,56133,56135,56137,56139,56141,56142,56770,56771,56130,56132,56134,56136,56138,56140,47561,47562,47395,47396,13328,13827,13828,13329,13330,47332,13843,47958,47333,47334,47335,47336,47337,13877,13879,13865,13864,13866,13858,13859,13860,13861,13862,13863,13354,47408,47409,47967,13878,13880,64613,56146,56147,47968,67783,52299],"class_list":{"0":"post-70316321","1":"product","2":"type-product","3":"status-publish","4":"has-post-thumbnail","6":"product_cat-japan","7":"product_tag-1970er-jahre","8":"product_tag-20-jahrhundert-nach-chr","9":"product_tag-20-jh-n-chr","10":"product_tag-20-jahrhundert","11":"product_tag-20-jh","12":"product_tag-70er","13":"product_tag-abisag","14":"product_tag-abzug","15":"product_tag-anzug","16":"product_tag-anzuege","17":"product_tag-asiat","18":"product_tag-asiate","19":"product_tag-asiaten","20":"product_tag-asiatin","21":"product_tag-asiatinnen","22":"product_tag-asiatisch","23":"product_tag-asiatische","24":"product_tag-asiatischem","25":"product_tag-asiatischen","26":"product_tag-asiatischer","27":"product_tag-asiatisches","28":"product_tag-asien","29":"product_tag-asiens","30":"product_tag-ausgelassen","31":"product_tag-ausgelassenheit","32":"product_tag-aussen","33":"product_tag-begleiterin","34":"product_tag-begleiterinnen","35":"product_tag-blickkontakt","36":"product_tag-deutsch","37":"product_tag-deutsche","38":"product_tag-deutschen","39":"product_tag-deutscher","40":"product_tag-deutsches","41":"product_tag-draussen","42":"product_tag-elegant","43":"product_tag-elegante","44":"product_tag-elegantem","45":"product_tag-eleganten","46":"product_tag-eleganter","47":"product_tag-elegantes","48":"product_tag-eleganz","49":"product_tag-foto","50":"product_tag-fotoabzug","51":"product_tag-fotoabzuege","52":"product_tag-fotografie","53":"product_tag-fotografien","54":"product_tag-fotoreportage","55":"product_tag-frau","56":"product_tag-frauen","57":"product_tag-freizeit","58":"product_tag-freizeitbeschaeftigung","59":"product_tag-freizeitgestaltung","60":"product_tag-freizeitvergnuegen","61":"product_tag-fussgaenger","62":"product_tag-fussgaengerin","63":"product_tag-fussgaengerinnen","64":"product_tag-gehen","65":"product_tag-gehend","66":"product_tag-gehende","67":"product_tag-gehender","68":"product_tag-gehendes","69":"product_tag-geisha","70":"product_tag-geishas","71":"product_tag-geschaeftsmann","72":"product_tag-gesellschaft","73":"product_tag-gesellschafterin","74":"product_tag-gesellschafterinnen","75":"product_tag-grossstadt","76":"product_tag-grossstaedte","77":"product_tag-im-freien","78":"product_tag-japan","79":"product_tag-japaner","80":"product_tag-japanerin","81":"product_tag-japanerinnen","82":"product_tag-japanern","83":"product_tag-japaners","84":"product_tag-japanisch","85":"product_tag-japanische","86":"product_tag-japanischen","87":"product_tag-japanischer","88":"product_tag-japanisches","89":"product_tag-japans","90":"product_tag-kontraststark","91":"product_tag-kontraststarke","92":"product_tag-kontraststarken","93":"product_tag-kontraststarker","94":"product_tag-kontraststarkes","95":"product_tag-laecheln","96":"product_tag-laechelnd","97":"product_tag-laechelnde","98":"product_tag-laechelnden","99":"product_tag-laechelnder","100":"product_tag-laechelndes","101":"product_tag-laechelt","102":"product_tag-leuchtreklame","103":"product_tag-leuchtreklamen","104":"product_tag-mann","105":"product_tag-maenner","106":"product_tag-mannes","107":"product_tag-menschengruppe","108":"product_tag-menschengruppen","109":"product_tag-nachtaufnahme","110":"product_tag-nachtaufnahmen","111":"product_tag-nachtleben","112":"product_tag-ost-asiatisch","113":"product_tag-ost-asiatische","114":"product_tag-ost-asiatischen","115":"product_tag-ost-asiatischer","116":"product_tag-ost-asiatisches","117":"product_tag-ost-asien","118":"product_tag-ost-asiens","119":"product_tag-ostasiatin","120":"product_tag-ostasiatinnen","121":"product_tag-ostasiatisch","122":"product_tag-ostasiatische","123":"product_tag-ostasiatischen","124":"product_tag-ostasiatischer","125":"product_tag-ostasiatisches","126":"product_tag-ostasien","127":"product_tag-passant","128":"product_tag-passanten","129":"product_tag-passantin","130":"product_tag-passantinnen","131":"product_tag-photo","132":"product_tag-photoabzug","133":"product_tag-photoabzuege","134":"product_tag-photographie","135":"product_tag-photographien","136":"product_tag-photoreportage","137":"product_tag-print","138":"product_tag-querformat","139":"product_tag-reportage","140":"product_tag-reportagefoto","141":"product_tag-reportagefotografie","142":"product_tag-reportagephoto","143":"product_tag-reportagephotographie","144":"product_tag-s-w-fotografie","145":"product_tag-s-w-photographie","146":"product_tag-schwarzweissphotographie","147":"product_tag-schwarz-weiss-fotografie","148":"product_tag-schwarz-weiss-photographie","149":"product_tag-schwarzweiss","150":"product_tag-schwarzweisse","151":"product_tag-schwarzweissen","152":"product_tag-schwarzweisser","153":"product_tag-schwarzweisses","154":"product_tag-schwarzweissfotografie","155":"product_tag-siebziger","156":"product_tag-strassenleben","157":"product_tag-strassenszene","158":"product_tag-sw","159":"product_tag-sw-fotografie","160":"product_tag-sw-photographie","161":"product_tag-systematik_105137_id","162":"product_tag-tokio","163":"product_tag-tokyo","164":"product_tag-tuellmann","165":"product_tag-vergnuegungsviertel","166":"product_tag-zeitvertreib","167":"pa_datierung-mai-1973","168":"pa_fotograf-abisag-tuellmann","169":"pa_geografischer_bezug-aufnahmeort-tokio-japan","170":"pa_grunddaten_material_technik-foto","171":"pa_inventarnummer-tue-73-045-11","172":"pa_jahr_von-54245","173":"pa_mediennummer-74031","174":"pa_objekttyp-fotografie","176":"first","177":"instock","178":"product-type-simple"},"yoast_head":"<!-- This site is optimized with the Yoast SEO plugin v27.4 - https:\/\/yoast.com\/product\/yoast-seo-wordpress\/ -->\n<title>Stra\u00dfenszene im Gesch\u00e4fts- und Vergn\u00fcgungsviertel Ginza in Tokio - Abisag T\u00fcllmann<\/title>\n<meta name=\"robots\" content=\"index, follow, max-snippet:-1, max-image-preview:large, max-video-preview:-1\" \/>\n<link rel=\"canonical\" href=\"https:\/\/bpk-archive.de\/tuellmann\/produkt\/strassenszene-im-geschaefts-und-vergnuegungsviertel-ginza-in-tokio-3\/\" \/>\n<meta property=\"og:locale\" content=\"de_DE\" \/>\n<meta property=\"og:type\" content=\"article\" \/>\n<meta property=\"og:title\" content=\"Stra\u00dfenszene im Gesch\u00e4fts- und Vergn\u00fcgungsviertel Ginza in Tokio - Abisag T\u00fcllmann\" \/>\n<meta property=\"og:description\" content=\"(Scan vom Vintageprint)\" \/>\n<meta property=\"og:url\" content=\"https:\/\/bpk-archive.de\/tuellmann\/produkt\/strassenszene-im-geschaefts-und-vergnuegungsviertel-ginza-in-tokio-3\/\" \/>\n<meta property=\"og:site_name\" content=\"Abisag T\u00fcllmann\" \/>\n<meta property=\"article:modified_time\" content=\"2020-08-11T14:28:57+00:00\" \/>\n<meta property=\"og:image\" content=\"https:\/\/bpk-archive.de\/tuellmann\/wp-content\/uploads\/2020\/05\/bpk_20034899.jpg\" \/>\n\t<meta property=\"og:image:width\" content=\"1200\" \/>\n\t<meta property=\"og:image:height\" content=\"930\" \/>\n\t<meta property=\"og:image:type\" content=\"image\/jpeg\" \/>\n<meta name=\"twitter:card\" content=\"summary_large_image\" \/>\n<script type=\"application\/ld+json\" class=\"yoast-schema-graph\">{\"@context\":\"https:\\\/\\\/schema.org\",\"@graph\":[{\"@type\":\"WebPage\",\"@id\":\"https:\\\/\\\/bpk-archive.de\\\/tuellmann\\\/produkt\\\/strassenszene-im-geschaefts-und-vergnuegungsviertel-ginza-in-tokio-3\\\/\",\"url\":\"https:\\\/\\\/bpk-archive.de\\\/tuellmann\\\/produkt\\\/strassenszene-im-geschaefts-und-vergnuegungsviertel-ginza-in-tokio-3\\\/\",\"name\":\"Stra\u00dfenszene im Gesch\u00e4fts- und Vergn\u00fcgungsviertel Ginza in Tokio - Abisag T\u00fcllmann\",\"isPartOf\":{\"@id\":\"https:\\\/\\\/bpk-archive.de\\\/tuellmann\\\/#website\"},\"primaryImageOfPage\":{\"@id\":\"https:\\\/\\\/bpk-archive.de\\\/tuellmann\\\/produkt\\\/strassenszene-im-geschaefts-und-vergnuegungsviertel-ginza-in-tokio-3\\\/#primaryimage\"},\"image\":{\"@id\":\"https:\\\/\\\/bpk-archive.de\\\/tuellmann\\\/produkt\\\/strassenszene-im-geschaefts-und-vergnuegungsviertel-ginza-in-tokio-3\\\/#primaryimage\"},\"thumbnailUrl\":\"https:\\\/\\\/bpk-archive.de\\\/tuellmann\\\/wp-content\\\/uploads\\\/2020\\\/05\\\/bpk_20034899.jpg\",\"datePublished\":\"2020-05-27T15:14:00+00:00\",\"dateModified\":\"2020-08-11T14:28:57+00:00\",\"breadcrumb\":{\"@id\":\"https:\\\/\\\/bpk-archive.de\\\/tuellmann\\\/produkt\\\/strassenszene-im-geschaefts-und-vergnuegungsviertel-ginza-in-tokio-3\\\/#breadcrumb\"},\"inLanguage\":\"de\",\"potentialAction\":[{\"@type\":\"ReadAction\",\"target\":[\"https:\\\/\\\/bpk-archive.de\\\/tuellmann\\\/produkt\\\/strassenszene-im-geschaefts-und-vergnuegungsviertel-ginza-in-tokio-3\\\/\"]}]},{\"@type\":\"ImageObject\",\"inLanguage\":\"de\",\"@id\":\"https:\\\/\\\/bpk-archive.de\\\/tuellmann\\\/produkt\\\/strassenszene-im-geschaefts-und-vergnuegungsviertel-ginza-in-tokio-3\\\/#primaryimage\",\"url\":\"https:\\\/\\\/bpk-archive.de\\\/tuellmann\\\/wp-content\\\/uploads\\\/2020\\\/05\\\/bpk_20034899.jpg\",\"contentUrl\":\"https:\\\/\\\/bpk-archive.de\\\/tuellmann\\\/wp-content\\\/uploads\\\/2020\\\/05\\\/bpk_20034899.jpg\",\"width\":1200,\"height\":930,\"caption\":\"(Scan vom Vintageprint) Aufnahmedatum: Mai 1973 Material\\\/Technik: Foto Aufnahmeort: Tokio \\\/ Japan Inventar-Nr.: T\u00fc 73\\\/045-11\"},{\"@type\":\"BreadcrumbList\",\"@id\":\"https:\\\/\\\/bpk-archive.de\\\/tuellmann\\\/produkt\\\/strassenszene-im-geschaefts-und-vergnuegungsviertel-ginza-in-tokio-3\\\/#breadcrumb\",\"itemListElement\":[{\"@type\":\"ListItem\",\"position\":1,\"name\":\"Startseite\",\"item\":\"https:\\\/\\\/bpk-archive.de\\\/tuellmann\\\/\"},{\"@type\":\"ListItem\",\"position\":2,\"name\":\"Shop\",\"item\":\"https:\\\/\\\/bpk-archive.de\\\/tuellmann\\\/shop\\\/\"},{\"@type\":\"ListItem\",\"position\":3,\"name\":\"Stra\u00dfenszene im Gesch\u00e4fts- und Vergn\u00fcgungsviertel Ginza in Tokio\"}]},{\"@type\":\"WebSite\",\"@id\":\"https:\\\/\\\/bpk-archive.de\\\/tuellmann\\\/#website\",\"url\":\"https:\\\/\\\/bpk-archive.de\\\/tuellmann\\\/\",\"name\":\"Abisag T\u00fcllmann\",\"description\":\"Eine weitere WordPress-Website\",\"potentialAction\":[{\"@type\":\"SearchAction\",\"target\":{\"@type\":\"EntryPoint\",\"urlTemplate\":\"https:\\\/\\\/bpk-archive.de\\\/tuellmann\\\/?s={search_term_string}\"},\"query-input\":{\"@type\":\"PropertyValueSpecification\",\"valueRequired\":true,\"valueName\":\"search_term_string\"}}],\"inLanguage\":\"de\"}]}<\/script>\n<!-- \/ Yoast SEO plugin. -->","yoast_head_json":{"title":"Stra\u00dfenszene im Gesch\u00e4fts- und Vergn\u00fcgungsviertel Ginza in Tokio - Abisag T\u00fcllmann","robots":{"index":"index","follow":"follow","max-snippet":"max-snippet:-1","max-image-preview":"max-image-preview:large","max-video-preview":"max-video-preview:-1"},"canonical":"https:\/\/bpk-archive.de\/tuellmann\/produkt\/strassenszene-im-geschaefts-und-vergnuegungsviertel-ginza-in-tokio-3\/","og_locale":"de_DE","og_type":"article","og_title":"Stra\u00dfenszene im Gesch\u00e4fts- und Vergn\u00fcgungsviertel Ginza in Tokio - Abisag T\u00fcllmann","og_description":"(Scan vom Vintageprint)","og_url":"https:\/\/bpk-archive.de\/tuellmann\/produkt\/strassenszene-im-geschaefts-und-vergnuegungsviertel-ginza-in-tokio-3\/","og_site_name":"Abisag T\u00fcllmann","article_modified_time":"2020-08-11T14:28:57+00:00","og_image":[{"width":1200,"height":930,"url":"https:\/\/bpk-archive.de\/tuellmann\/wp-content\/uploads\/2020\/05\/bpk_20034899.jpg","type":"image\/jpeg"}],"twitter_card":"summary_large_image","schema":{"@context":"https:\/\/schema.org","@graph":[{"@type":"WebPage","@id":"https:\/\/bpk-archive.de\/tuellmann\/produkt\/strassenszene-im-geschaefts-und-vergnuegungsviertel-ginza-in-tokio-3\/","url":"https:\/\/bpk-archive.de\/tuellmann\/produkt\/strassenszene-im-geschaefts-und-vergnuegungsviertel-ginza-in-tokio-3\/","name":"Stra\u00dfenszene im Gesch\u00e4fts- und Vergn\u00fcgungsviertel Ginza in Tokio - Abisag T\u00fcllmann","isPartOf":{"@id":"https:\/\/bpk-archive.de\/tuellmann\/#website"},"primaryImageOfPage":{"@id":"https:\/\/bpk-archive.de\/tuellmann\/produkt\/strassenszene-im-geschaefts-und-vergnuegungsviertel-ginza-in-tokio-3\/#primaryimage"},"image":{"@id":"https:\/\/bpk-archive.de\/tuellmann\/produkt\/strassenszene-im-geschaefts-und-vergnuegungsviertel-ginza-in-tokio-3\/#primaryimage"},"thumbnailUrl":"https:\/\/bpk-archive.de\/tuellmann\/wp-content\/uploads\/2020\/05\/bpk_20034899.jpg","datePublished":"2020-05-27T15:14:00+00:00","dateModified":"2020-08-11T14:28:57+00:00","breadcrumb":{"@id":"https:\/\/bpk-archive.de\/tuellmann\/produkt\/strassenszene-im-geschaefts-und-vergnuegungsviertel-ginza-in-tokio-3\/#breadcrumb"},"inLanguage":"de","potentialAction":[{"@type":"ReadAction","target":["https:\/\/bpk-archive.de\/tuellmann\/produkt\/strassenszene-im-geschaefts-und-vergnuegungsviertel-ginza-in-tokio-3\/"]}]},{"@type":"ImageObject","inLanguage":"de","@id":"https:\/\/bpk-archive.de\/tuellmann\/produkt\/strassenszene-im-geschaefts-und-vergnuegungsviertel-ginza-in-tokio-3\/#primaryimage","url":"https:\/\/bpk-archive.de\/tuellmann\/wp-content\/uploads\/2020\/05\/bpk_20034899.jpg","contentUrl":"https:\/\/bpk-archive.de\/tuellmann\/wp-content\/uploads\/2020\/05\/bpk_20034899.jpg","width":1200,"height":930,"caption":"(Scan vom Vintageprint) Aufnahmedatum: Mai 1973 Material\/Technik: Foto Aufnahmeort: Tokio \/ Japan Inventar-Nr.: T\u00fc 73\/045-11"},{"@type":"BreadcrumbList","@id":"https:\/\/bpk-archive.de\/tuellmann\/produkt\/strassenszene-im-geschaefts-und-vergnuegungsviertel-ginza-in-tokio-3\/#breadcrumb","itemListElement":[{"@type":"ListItem","position":1,"name":"Startseite","item":"https:\/\/bpk-archive.de\/tuellmann\/"},{"@type":"ListItem","position":2,"name":"Shop","item":"https:\/\/bpk-archive.de\/tuellmann\/shop\/"},{"@type":"ListItem","position":3,"name":"Stra\u00dfenszene im Gesch\u00e4fts- und Vergn\u00fcgungsviertel Ginza in Tokio"}]},{"@type":"WebSite","@id":"https:\/\/bpk-archive.de\/tuellmann\/#website","url":"https:\/\/bpk-archive.de\/tuellmann\/","name":"Abisag T\u00fcllmann","description":"Eine weitere WordPress-Website","potentialAction":[{"@type":"SearchAction","target":{"@type":"EntryPoint","urlTemplate":"https:\/\/bpk-archive.de\/tuellmann\/?s={search_term_string}"},"query-input":{"@type":"PropertyValueSpecification","valueRequired":true,"valueName":"search_term_string"}}],"inLanguage":"de"}]}},"_links":{"self":[{"href":"https:\/\/bpk-archive.de\/tuellmann\/wp-json\/wp\/v2\/product\/70316321","targetHints":{"allow":["GET"]}}],"collection":[{"href":"https:\/\/bpk-archive.de\/tuellmann\/wp-json\/wp\/v2\/product"}],"about":[{"href":"https:\/\/bpk-archive.de\/tuellmann\/wp-json\/wp\/v2\/types\/product"}],"wp:featuredmedia":[{"embeddable":true,"href":"https:\/\/bpk-archive.de\/tuellmann\/wp-json\/wp\/v2\/media\/70315900"}],"wp:attachment":[{"href":"https:\/\/bpk-archive.de\/tuellmann\/wp-json\/wp\/v2\/media?parent=70316321"}],"wp:term":[{"taxonomy":"product_brand","embeddable":true,"href":"https:\/\/bpk-archive.de\/tuellmann\/wp-json\/wp\/v2\/product_brand?post=70316321"},{"taxonomy":"product_cat","embeddable":true,"href":"https:\/\/bpk-archive.de\/tuellmann\/wp-json\/wp\/v2\/product_cat?post=70316321"},{"taxonomy":"product_tag","embeddable":true,"href":"https:\/\/bpk-archive.de\/tuellmann\/wp-json\/wp\/v2\/product_tag?post=70316321"}],"curies":[{"name":"wp","href":"https:\/\/api.w.org\/{rel}","templated":true}]}}