{"id":70316316,"date":"2020-05-27T17:14:00","date_gmt":"2020-05-27T15:14:00","guid":{"rendered":"https:\/\/bpk-archive.de\/tuellmann\/\/atbild\/fuehrung-im-kloster-certosa-di-pavia\/"},"modified":"2020-08-11T16:27:15","modified_gmt":"2020-08-11T14:27:15","slug":"fuehrung-im-kloster-certosa-di-pavia","status":"publish","type":"product","link":"https:\/\/bpk-archive.de\/tuellmann\/produkt\/fuehrung-im-kloster-certosa-di-pavia\/","title":{"rendered":"F\u00fchrung im Kloster Certosa di Pavia"},"content":{"rendered":"<p>Ein M\u00f6nch h\u00e4lt vor Besuchern einen Vortrag. Im Vordergrund ein Kind mit Spielzeugpistole. (Scan vom Vintageprint)<\/p>\n","protected":false},"excerpt":{"rendered":"<p>Ein M\u00f6nch h\u00e4lt vor Besuchern einen Vortrag. Im Vordergrund ein Kind mit Spielzeugpistole. (Scan vom Vintageprint)<\/p>\n","protected":false},"featured_media":70315744,"template":"","meta":[],"product_brand":[],"product_cat":[73380],"product_tag":[47237,13232,13234,13231,13233,47238,47921,13777,47240,60874,64074,64075,64076,64077,64078,51288,51289,48966,48967,56376,56377,56378,73968,56383,73969,13253,13254,13255,13256,13257,13473,13293,13786,13787,13294,13295,13487,13488,49477,49478,56570,52887,52889,48988,51628,13498,51508,51509,51510,51511,51512,51513,51514,51515,51516,73970,73971,73972,73973,14205,14206,14207,14213,50251,14218,14219,51580,51565,73974,73975,51571,50413,50414,50415,50416,50417,73976,73977,73978,73979,73980,73981,73982,13310,13311,13818,51518,51519,51520,51521,51522,73869,51523,51524,73983,73984,73985,73986,51597,51598,51599,51600,51601,51602,13328,13827,13828,13329,13330,48071,13843,47958,13877,13879,49125,48024,48025,58206,13865,13864,13866,13858,13859,13860,13861,13862,13863,48872,50068,50184,13519,13520,13521,13522,13523,13524,51537,51538,51539,51540,51541,51542,51543,51544,47967,13878,13880,64613,49491,50322,50323,49492,51613,51614,47968,50324,50325,13525,49008,49009,49010,49011,49012,49013],"class_list":{"0":"post-70316316","1":"product","2":"type-product","3":"status-publish","4":"has-post-thumbnail","6":"product_cat-italien","7":"product_tag-1980er-jahre","8":"product_tag-20-jahrhundert-nach-chr","9":"product_tag-20-jh-n-chr","10":"product_tag-20-jahrhundert","11":"product_tag-20-jh","12":"product_tag-80er","13":"product_tag-abisag","14":"product_tag-abzug","15":"product_tag-achtziger","16":"product_tag-albern","17":"product_tag-alberne","18":"product_tag-albernen","19":"product_tag-alberner","20":"product_tag-albernes","21":"product_tag-albernheit","22":"product_tag-bedrohung","23":"product_tag-bedrohungen","24":"product_tag-besucher","25":"product_tag-besuchern","26":"product_tag-chor","27":"product_tag-choere","28":"product_tag-chores","29":"product_tag-chorgestuehl","30":"product_tag-chors","31":"product_tag-chorstuhl","32":"product_tag-deutsch","33":"product_tag-deutsche","34":"product_tag-deutschen","35":"product_tag-deutscher","36":"product_tag-deutsches","37":"product_tag-drinnen","38":"product_tag-foto","39":"product_tag-fotoabzug","40":"product_tag-fotoabzuege","41":"product_tag-fotografie","42":"product_tag-fotografien","43":"product_tag-frau","44":"product_tag-frauen","45":"product_tag-fremdenverkehr","46":"product_tag-fremdenverkehrs","47":"product_tag-fuehrung","48":"product_tag-geistliche","49":"product_tag-geistlicher","50":"product_tag-gestik","51":"product_tag-hand","52":"product_tag-innen","53":"product_tag-italien","54":"product_tag-italiener","55":"product_tag-italienern","56":"product_tag-italienisch","57":"product_tag-italienische","58":"product_tag-italienischen","59":"product_tag-italienischer","60":"product_tag-italienisches","61":"product_tag-italiens","62":"product_tag-kartause","63":"product_tag-kartaeuser","64":"product_tag-kartaeuserorden","65":"product_tag-karthause","66":"product_tag-kind","67":"product_tag-kinde","68":"product_tag-kinder","69":"product_tag-kindern","70":"product_tag-kinderspiel","71":"product_tag-kindes","72":"product_tag-kindheit","73":"product_tag-kirche","74":"product_tag-kloster","75":"product_tag-klosterkirche","76":"product_tag-klosterkirchen","77":"product_tag-klosters","78":"product_tag-kontraststark","79":"product_tag-kontraststarke","80":"product_tag-kontraststarken","81":"product_tag-kontraststarker","82":"product_tag-kontraststarkes","83":"product_tag-kriegsspielzeug","84":"product_tag-lombardei","85":"product_tag-lombardisch","86":"product_tag-lombardische","87":"product_tag-lombardischen","88":"product_tag-lombardischer","89":"product_tag-lombardisches","90":"product_tag-maedchen","91":"product_tag-maedchens","92":"product_tag-mann","93":"product_tag-mediterran","94":"product_tag-mediterrane","95":"product_tag-mediterranen","96":"product_tag-mediterraner","97":"product_tag-mediterranes","98":"product_tag-mimik","99":"product_tag-mittelmeerland","100":"product_tag-mittelmeerlaender","101":"product_tag-moench","102":"product_tag-moenche","103":"product_tag-moenchen","104":"product_tag-moenchs","105":"product_tag-norditalien","106":"product_tag-norditaliener","107":"product_tag-norditalienisch","108":"product_tag-oberitalien","109":"product_tag-oberitaliener","110":"product_tag-oberitalienisch","111":"product_tag-photo","112":"product_tag-photoabzug","113":"product_tag-photoabzuege","114":"product_tag-photographie","115":"product_tag-photographien","116":"product_tag-pistole","117":"product_tag-print","118":"product_tag-querformat","119":"product_tag-s-w-fotografie","120":"product_tag-s-w-photographie","121":"product_tag-sakralbau","122":"product_tag-scherz","123":"product_tag-scherzen","124":"product_tag-schiessen","125":"product_tag-schwarzweissphotographie","126":"product_tag-schwarz-weiss-fotografie","127":"product_tag-schwarz-weiss-photographie","128":"product_tag-schwarzweiss","129":"product_tag-schwarzweisse","130":"product_tag-schwarzweissen","131":"product_tag-schwarzweisser","132":"product_tag-schwarzweisses","133":"product_tag-schwarzweissfotografie","134":"product_tag-sitzbank","135":"product_tag-spiel","136":"product_tag-spielzeug","137":"product_tag-stehen","138":"product_tag-stehend","139":"product_tag-stehende","140":"product_tag-stehenden","141":"product_tag-stehender","142":"product_tag-stehendes","143":"product_tag-suedeuropa","144":"product_tag-suedeuropaeer","145":"product_tag-suedeuropaeisch","146":"product_tag-suedeuropaeische","147":"product_tag-suedeuropaeischem","148":"product_tag-suedeuropaeischen","149":"product_tag-suedeuropaeischer","150":"product_tag-suedeuropaeisches","151":"product_tag-sw","152":"product_tag-sw-fotografie","153":"product_tag-sw-photographie","154":"product_tag-systematik_105137_id","155":"product_tag-tourismus","156":"product_tag-tourist","157":"product_tag-touristen","158":"product_tag-touristik","159":"product_tag-touristin","160":"product_tag-touristinnen","161":"product_tag-tuellmann","162":"product_tag-turist","163":"product_tag-turisten","164":"product_tag-von-innen","165":"product_tag-zuhoeren","166":"product_tag-zuhoerend","167":"product_tag-zuhoerende","168":"product_tag-zuhoerenden","169":"product_tag-zuhoerender","170":"product_tag-zuhoerendes","171":"pa_datierung-28396","172":"pa_fotograf-abisag-tuellmann","173":"pa_geografischer_bezug-aufnahmeort-pavia-italien","174":"pa_grunddaten_material_technik-foto","175":"pa_inventarnummer-tue-w89-101-05a","176":"pa_jahr_von-47235","177":"pa_mediennummer-73965","178":"pa_objekttyp-fotografie","180":"first","181":"instock","182":"product-type-simple"},"yoast_head":"<!-- This site is optimized with the Yoast SEO plugin v27.4 - https:\/\/yoast.com\/product\/yoast-seo-wordpress\/ -->\n<title>F\u00fchrung im Kloster Certosa di Pavia - Abisag T\u00fcllmann<\/title>\n<meta name=\"robots\" content=\"index, follow, max-snippet:-1, max-image-preview:large, max-video-preview:-1\" \/>\n<link rel=\"canonical\" href=\"https:\/\/bpk-archive.de\/tuellmann\/produkt\/fuehrung-im-kloster-certosa-di-pavia\/\" \/>\n<meta property=\"og:locale\" content=\"de_DE\" \/>\n<meta property=\"og:type\" content=\"article\" \/>\n<meta property=\"og:title\" content=\"F\u00fchrung im Kloster Certosa di Pavia - Abisag T\u00fcllmann\" \/>\n<meta property=\"og:description\" content=\"Ein M\u00f6nch h\u00e4lt vor Besuchern einen Vortrag. Im Vordergrund ein Kind mit Spielzeugpistole. (Scan vom Vintageprint)\" \/>\n<meta property=\"og:url\" content=\"https:\/\/bpk-archive.de\/tuellmann\/produkt\/fuehrung-im-kloster-certosa-di-pavia\/\" \/>\n<meta property=\"og:site_name\" content=\"Abisag T\u00fcllmann\" \/>\n<meta property=\"article:modified_time\" content=\"2020-08-11T14:27:15+00:00\" \/>\n<meta property=\"og:image\" content=\"https:\/\/bpk-archive.de\/tuellmann\/wp-content\/uploads\/2020\/05\/bpk_20034909.jpg\" \/>\n\t<meta property=\"og:image:width\" content=\"1200\" \/>\n\t<meta property=\"og:image:height\" content=\"875\" \/>\n\t<meta property=\"og:image:type\" content=\"image\/jpeg\" \/>\n<meta name=\"twitter:card\" content=\"summary_large_image\" \/>\n<script type=\"application\/ld+json\" class=\"yoast-schema-graph\">{\"@context\":\"https:\\\/\\\/schema.org\",\"@graph\":[{\"@type\":\"WebPage\",\"@id\":\"https:\\\/\\\/bpk-archive.de\\\/tuellmann\\\/produkt\\\/fuehrung-im-kloster-certosa-di-pavia\\\/\",\"url\":\"https:\\\/\\\/bpk-archive.de\\\/tuellmann\\\/produkt\\\/fuehrung-im-kloster-certosa-di-pavia\\\/\",\"name\":\"F\u00fchrung im Kloster Certosa di Pavia - Abisag T\u00fcllmann\",\"isPartOf\":{\"@id\":\"https:\\\/\\\/bpk-archive.de\\\/tuellmann\\\/#website\"},\"primaryImageOfPage\":{\"@id\":\"https:\\\/\\\/bpk-archive.de\\\/tuellmann\\\/produkt\\\/fuehrung-im-kloster-certosa-di-pavia\\\/#primaryimage\"},\"image\":{\"@id\":\"https:\\\/\\\/bpk-archive.de\\\/tuellmann\\\/produkt\\\/fuehrung-im-kloster-certosa-di-pavia\\\/#primaryimage\"},\"thumbnailUrl\":\"https:\\\/\\\/bpk-archive.de\\\/tuellmann\\\/wp-content\\\/uploads\\\/2020\\\/05\\\/bpk_20034909.jpg\",\"datePublished\":\"2020-05-27T15:14:00+00:00\",\"dateModified\":\"2020-08-11T14:27:15+00:00\",\"breadcrumb\":{\"@id\":\"https:\\\/\\\/bpk-archive.de\\\/tuellmann\\\/produkt\\\/fuehrung-im-kloster-certosa-di-pavia\\\/#breadcrumb\"},\"inLanguage\":\"de\",\"potentialAction\":[{\"@type\":\"ReadAction\",\"target\":[\"https:\\\/\\\/bpk-archive.de\\\/tuellmann\\\/produkt\\\/fuehrung-im-kloster-certosa-di-pavia\\\/\"]}]},{\"@type\":\"ImageObject\",\"inLanguage\":\"de\",\"@id\":\"https:\\\/\\\/bpk-archive.de\\\/tuellmann\\\/produkt\\\/fuehrung-im-kloster-certosa-di-pavia\\\/#primaryimage\",\"url\":\"https:\\\/\\\/bpk-archive.de\\\/tuellmann\\\/wp-content\\\/uploads\\\/2020\\\/05\\\/bpk_20034909.jpg\",\"contentUrl\":\"https:\\\/\\\/bpk-archive.de\\\/tuellmann\\\/wp-content\\\/uploads\\\/2020\\\/05\\\/bpk_20034909.jpg\",\"width\":1200,\"height\":875,\"caption\":\"Ein M\u00f6nch h\u00e4lt vor Besuchern einen Vortrag. Im Vordergrund ein Kind mit Spielzeugpistole. (Scan vom Vintageprint) Aufnahmedatum: 1982 Material\\\/Technik: Foto Aufnahmeort: Pavia \\\/ Italien Inventar-Nr.: T\u00fc W89\\\/101-05a\"},{\"@type\":\"BreadcrumbList\",\"@id\":\"https:\\\/\\\/bpk-archive.de\\\/tuellmann\\\/produkt\\\/fuehrung-im-kloster-certosa-di-pavia\\\/#breadcrumb\",\"itemListElement\":[{\"@type\":\"ListItem\",\"position\":1,\"name\":\"Startseite\",\"item\":\"https:\\\/\\\/bpk-archive.de\\\/tuellmann\\\/\"},{\"@type\":\"ListItem\",\"position\":2,\"name\":\"Shop\",\"item\":\"https:\\\/\\\/bpk-archive.de\\\/tuellmann\\\/shop\\\/\"},{\"@type\":\"ListItem\",\"position\":3,\"name\":\"F\u00fchrung im Kloster Certosa di Pavia\"}]},{\"@type\":\"WebSite\",\"@id\":\"https:\\\/\\\/bpk-archive.de\\\/tuellmann\\\/#website\",\"url\":\"https:\\\/\\\/bpk-archive.de\\\/tuellmann\\\/\",\"name\":\"Abisag T\u00fcllmann\",\"description\":\"Eine weitere WordPress-Website\",\"potentialAction\":[{\"@type\":\"SearchAction\",\"target\":{\"@type\":\"EntryPoint\",\"urlTemplate\":\"https:\\\/\\\/bpk-archive.de\\\/tuellmann\\\/?s={search_term_string}\"},\"query-input\":{\"@type\":\"PropertyValueSpecification\",\"valueRequired\":true,\"valueName\":\"search_term_string\"}}],\"inLanguage\":\"de\"}]}<\/script>\n<!-- \/ Yoast SEO plugin. -->","yoast_head_json":{"title":"F\u00fchrung im Kloster Certosa di Pavia - Abisag T\u00fcllmann","robots":{"index":"index","follow":"follow","max-snippet":"max-snippet:-1","max-image-preview":"max-image-preview:large","max-video-preview":"max-video-preview:-1"},"canonical":"https:\/\/bpk-archive.de\/tuellmann\/produkt\/fuehrung-im-kloster-certosa-di-pavia\/","og_locale":"de_DE","og_type":"article","og_title":"F\u00fchrung im Kloster Certosa di Pavia - Abisag T\u00fcllmann","og_description":"Ein M\u00f6nch h\u00e4lt vor Besuchern einen Vortrag. Im Vordergrund ein Kind mit Spielzeugpistole. (Scan vom Vintageprint)","og_url":"https:\/\/bpk-archive.de\/tuellmann\/produkt\/fuehrung-im-kloster-certosa-di-pavia\/","og_site_name":"Abisag T\u00fcllmann","article_modified_time":"2020-08-11T14:27:15+00:00","og_image":[{"width":1200,"height":875,"url":"https:\/\/bpk-archive.de\/tuellmann\/wp-content\/uploads\/2020\/05\/bpk_20034909.jpg","type":"image\/jpeg"}],"twitter_card":"summary_large_image","schema":{"@context":"https:\/\/schema.org","@graph":[{"@type":"WebPage","@id":"https:\/\/bpk-archive.de\/tuellmann\/produkt\/fuehrung-im-kloster-certosa-di-pavia\/","url":"https:\/\/bpk-archive.de\/tuellmann\/produkt\/fuehrung-im-kloster-certosa-di-pavia\/","name":"F\u00fchrung im Kloster Certosa di Pavia - Abisag T\u00fcllmann","isPartOf":{"@id":"https:\/\/bpk-archive.de\/tuellmann\/#website"},"primaryImageOfPage":{"@id":"https:\/\/bpk-archive.de\/tuellmann\/produkt\/fuehrung-im-kloster-certosa-di-pavia\/#primaryimage"},"image":{"@id":"https:\/\/bpk-archive.de\/tuellmann\/produkt\/fuehrung-im-kloster-certosa-di-pavia\/#primaryimage"},"thumbnailUrl":"https:\/\/bpk-archive.de\/tuellmann\/wp-content\/uploads\/2020\/05\/bpk_20034909.jpg","datePublished":"2020-05-27T15:14:00+00:00","dateModified":"2020-08-11T14:27:15+00:00","breadcrumb":{"@id":"https:\/\/bpk-archive.de\/tuellmann\/produkt\/fuehrung-im-kloster-certosa-di-pavia\/#breadcrumb"},"inLanguage":"de","potentialAction":[{"@type":"ReadAction","target":["https:\/\/bpk-archive.de\/tuellmann\/produkt\/fuehrung-im-kloster-certosa-di-pavia\/"]}]},{"@type":"ImageObject","inLanguage":"de","@id":"https:\/\/bpk-archive.de\/tuellmann\/produkt\/fuehrung-im-kloster-certosa-di-pavia\/#primaryimage","url":"https:\/\/bpk-archive.de\/tuellmann\/wp-content\/uploads\/2020\/05\/bpk_20034909.jpg","contentUrl":"https:\/\/bpk-archive.de\/tuellmann\/wp-content\/uploads\/2020\/05\/bpk_20034909.jpg","width":1200,"height":875,"caption":"Ein M\u00f6nch h\u00e4lt vor Besuchern einen Vortrag. Im Vordergrund ein Kind mit Spielzeugpistole. (Scan vom Vintageprint) Aufnahmedatum: 1982 Material\/Technik: Foto Aufnahmeort: Pavia \/ Italien Inventar-Nr.: T\u00fc W89\/101-05a"},{"@type":"BreadcrumbList","@id":"https:\/\/bpk-archive.de\/tuellmann\/produkt\/fuehrung-im-kloster-certosa-di-pavia\/#breadcrumb","itemListElement":[{"@type":"ListItem","position":1,"name":"Startseite","item":"https:\/\/bpk-archive.de\/tuellmann\/"},{"@type":"ListItem","position":2,"name":"Shop","item":"https:\/\/bpk-archive.de\/tuellmann\/shop\/"},{"@type":"ListItem","position":3,"name":"F\u00fchrung im Kloster Certosa di Pavia"}]},{"@type":"WebSite","@id":"https:\/\/bpk-archive.de\/tuellmann\/#website","url":"https:\/\/bpk-archive.de\/tuellmann\/","name":"Abisag T\u00fcllmann","description":"Eine weitere WordPress-Website","potentialAction":[{"@type":"SearchAction","target":{"@type":"EntryPoint","urlTemplate":"https:\/\/bpk-archive.de\/tuellmann\/?s={search_term_string}"},"query-input":{"@type":"PropertyValueSpecification","valueRequired":true,"valueName":"search_term_string"}}],"inLanguage":"de"}]}},"_links":{"self":[{"href":"https:\/\/bpk-archive.de\/tuellmann\/wp-json\/wp\/v2\/product\/70316316","targetHints":{"allow":["GET"]}}],"collection":[{"href":"https:\/\/bpk-archive.de\/tuellmann\/wp-json\/wp\/v2\/product"}],"about":[{"href":"https:\/\/bpk-archive.de\/tuellmann\/wp-json\/wp\/v2\/types\/product"}],"wp:featuredmedia":[{"embeddable":true,"href":"https:\/\/bpk-archive.de\/tuellmann\/wp-json\/wp\/v2\/media\/70315744"}],"wp:attachment":[{"href":"https:\/\/bpk-archive.de\/tuellmann\/wp-json\/wp\/v2\/media?parent=70316316"}],"wp:term":[{"taxonomy":"product_brand","embeddable":true,"href":"https:\/\/bpk-archive.de\/tuellmann\/wp-json\/wp\/v2\/product_brand?post=70316316"},{"taxonomy":"product_cat","embeddable":true,"href":"https:\/\/bpk-archive.de\/tuellmann\/wp-json\/wp\/v2\/product_cat?post=70316316"},{"taxonomy":"product_tag","embeddable":true,"href":"https:\/\/bpk-archive.de\/tuellmann\/wp-json\/wp\/v2\/product_tag?post=70316316"}],"curies":[{"name":"wp","href":"https:\/\/api.w.org\/{rel}","templated":true}]}}