{"id":70316303,"date":"2020-05-27T17:13:34","date_gmt":"2020-05-27T15:13:34","guid":{"rendered":"https:\/\/bpk-archive.de\/tuellmann\/\/atbild\/vollversammlung-der-soziologen-im-hoersaal-vi-waehrend-des-studentenstreiks-der-johann-wolfgang-goethe-universitaet\/"},"modified":"2020-08-11T16:57:41","modified_gmt":"2020-08-11T14:57:41","slug":"vollversammlung-der-soziologen-im-hoersaal-vi-waehrend-des-studentenstreiks-der-johann-wolfgang-goethe-universitaet","status":"publish","type":"product","link":"https:\/\/bpk-archive.de\/tuellmann\/produkt\/vollversammlung-der-soziologen-im-hoersaal-vi-waehrend-des-studentenstreiks-der-johann-wolfgang-goethe-universitaet\/","title":{"rendered":"Vollversammlung der Soziologen im H\u00f6rsaal VI w\u00e4hrend des Studentenstreiks der Johann Wolfgang Goethe-Universit\u00e4t"},"content":{"rendered":"<p>Hans-J\u00fcrgen Krahl spricht. Parole an der Wand: &#8222;Alle Macht den R\u00e4ten!&#8220; (Scan vom Vintageprint)<\/p>\n","protected":false},"excerpt":{"rendered":"<p>Hans-J\u00fcrgen Krahl spricht. Parole an der Wand: &#8222;Alle Macht den R\u00e4ten!&#8220; (Scan vom Vintageprint)<\/p>\n","protected":false},"featured_media":70315757,"template":"","meta":[],"product_brand":[],"product_cat":[73391],"product_tag":[13774,14054,14055,13232,13234,13231,13233,13775,14056,14057,47921,13777,14058,54769,54770,49061,54332,54333,47248,47249,47250,47251,47252,47253,47254,47255,13784,13785,13469,13470,73883,73884,13253,13254,13255,13256,13257,13471,13472,14062,14063,59613,13473,49500,49501,13293,13786,13787,13294,13295,13485,13486,13482,13481,13483,13484,48986,48987,48988,48989,48990,48991,48992,48993,48994,48995,48996,49216,49217,63285,73885,13492,13493,13494,13495,13496,13497,55422,55423,13498,58156,58157,58158,63286,55424,55425,13818,13819,13820,13821,13822,13823,13824,13825,13826,47323,49229,49230,13328,13827,13828,13329,13330,13829,13830,13831,13832,13833,13834,13835,13836,13837,13838,13839,13840,13841,13842,13843,13641,13642,13643,13644,13645,13646,13647,13648,13649,47958,49065,60477,49066,49067,49068,49070,13877,13879,13865,13864,13866,13858,13859,13860,13861,13862,13863,13867,14243,14244,14245,14246,14247,14248,14249,49236,56233,56234,56235,56236,56237,56238,56239,63291,63292,67973,49006,13519,13520,13521,13522,13523,13524,56588,63293,63294,63295,63296,63297,63298,56589,63299,13874,13875,13876,62481,56590,56591,63020,47967,13878,13880,64613,47968,65261,65262,49653,49654,49655,49656,13525,49014],"class_list":{"0":"post-70316303","1":"product","2":"type-product","3":"status-publish","4":"has-post-thumbnail","6":"product_cat-protestedemonstrationen","7":"product_tag-1960er-jahre","8":"product_tag-1968er","9":"product_tag-1968er-bewegung","10":"product_tag-20-jahrhundert-nach-chr","11":"product_tag-20-jh-n-chr","12":"product_tag-20-jahrhundert","13":"product_tag-20-jh","14":"product_tag-60er","15":"product_tag-68er","16":"product_tag-68er-bewegung","17":"product_tag-abisag","18":"product_tag-abzug","19":"product_tag-achtundsechziger","20":"product_tag-aktivist","21":"product_tag-aktivisten","22":"product_tag-ansprache","23":"product_tag-apo","24":"product_tag-ausserparlamentarische-opposition","25":"product_tag-besetzen","26":"product_tag-besetzt","27":"product_tag-besetzte","28":"product_tag-besetzten","29":"product_tag-besetzter","30":"product_tag-besetztes","31":"product_tag-besetzung","32":"product_tag-besetzungen","33":"product_tag-bildnis","34":"product_tag-bildnisse","35":"product_tag-brd","36":"product_tag-bundesrepublik-deutschland","37":"product_tag-debatte","38":"product_tag-debattieren","39":"product_tag-deutsch","40":"product_tag-deutsche","41":"product_tag-deutschen","42":"product_tag-deutscher","43":"product_tag-deutsches","44":"product_tag-deutschland","45":"product_tag-deutschlands","46":"product_tag-diskussion","47":"product_tag-diskussionen","48":"product_tag-diskutieren","49":"product_tag-drinnen","50":"product_tag-forderung","51":"product_tag-forderungen","52":"product_tag-foto","53":"product_tag-fotoabzug","54":"product_tag-fotoabzuege","55":"product_tag-fotografie","56":"product_tag-fotografien","57":"product_tag-frankfurt-m","58":"product_tag-frankfurt-main","59":"product_tag-frankfurt-a-main","60":"product_tag-frankfurt-a-m","61":"product_tag-frankfurt-am-main","62":"product_tag-frankfurter","63":"product_tag-geste","64":"product_tag-gesten","65":"product_tag-gestik","66":"product_tag-gestikulation","67":"product_tag-gestikulieren","68":"product_tag-gestikulierend","69":"product_tag-gestikulierende","70":"product_tag-gestikulierenden","71":"product_tag-gestikulierender","72":"product_tag-gestikulierendes","73":"product_tag-gestikuliert","74":"product_tag-graffiti","75":"product_tag-graffito","76":"product_tag-hans-juergen","77":"product_tag-hans-juergen_krahl","78":"product_tag-hessen","79":"product_tag-hessisch","80":"product_tag-hessische","81":"product_tag-hessischen","82":"product_tag-hessischer","83":"product_tag-hessisches","84":"product_tag-hoersaal","85":"product_tag-hoersaele","86":"product_tag-innen","87":"product_tag-institut","88":"product_tag-institute","89":"product_tag-instituts","90":"product_tag-krahl","91":"product_tag-lehrsaal","92":"product_tag-lehrsaele","93":"product_tag-mann","94":"product_tag-maenner","95":"product_tag-maennerbildnis","96":"product_tag-maennerbildnisse","97":"product_tag-maennerportrait","98":"product_tag-maennerportraits","99":"product_tag-maennerportraet","100":"product_tag-maennerportraets","101":"product_tag-mannes","102":"product_tag-okkupation","103":"product_tag-parole","104":"product_tag-parolen","105":"product_tag-photo","106":"product_tag-photoabzug","107":"product_tag-photoabzuege","108":"product_tag-photographie","109":"product_tag-photographien","110":"product_tag-portrait","111":"product_tag-portraitaufnahme","112":"product_tag-portraitfoto","113":"product_tag-portraitfotografie","114":"product_tag-portraitphoto","115":"product_tag-portraitphotographie","116":"product_tag-portraits","117":"product_tag-portraet","118":"product_tag-portraetaufnahme","119":"product_tag-portraetfoto","120":"product_tag-portraetfotografie","121":"product_tag-portraetphoto","122":"product_tag-portraetphotographie","123":"product_tag-portraets","124":"product_tag-print","125":"product_tag-protest","126":"product_tag-proteste","127":"product_tag-protestieren","128":"product_tag-protestierend","129":"product_tag-protestierende","130":"product_tag-protestierenden","131":"product_tag-protestierender","132":"product_tag-protestierendes","133":"product_tag-protestiert","134":"product_tag-querformat","135":"product_tag-rede","136":"product_tag-reden","137":"product_tag-redner","138":"product_tag-rednerpose","139":"product_tag-rednerposen","140":"product_tag-redners","141":"product_tag-s-w-fotografie","142":"product_tag-s-w-photographie","143":"product_tag-schwarzweissphotographie","144":"product_tag-schwarz-weiss-fotografie","145":"product_tag-schwarz-weiss-photographie","146":"product_tag-schwarzweiss","147":"product_tag-schwarzweisse","148":"product_tag-schwarzweissen","149":"product_tag-schwarzweisser","150":"product_tag-schwarzweisses","151":"product_tag-schwarzweissfotografie","152":"product_tag-sechziger","153":"product_tag-sitzen","154":"product_tag-sitzend","155":"product_tag-sitzende","156":"product_tag-sitzenden","157":"product_tag-sitzender","158":"product_tag-sitzendes","159":"product_tag-sitzt","160":"product_tag-slogan","161":"product_tag-sozialismus","162":"product_tag-sozialistisch","163":"product_tag-sozialistische","164":"product_tag-sozialistischem","165":"product_tag-sozialistischen","166":"product_tag-sozialistischer","167":"product_tag-sozialistisches","168":"product_tag-soziologe","169":"product_tag-soziologen","170":"product_tag-soziologie","171":"product_tag-sprechen","172":"product_tag-stehen","173":"product_tag-stehend","174":"product_tag-stehende","175":"product_tag-stehenden","176":"product_tag-stehender","177":"product_tag-stehendes","178":"product_tag-streik","179":"product_tag-streiken","180":"product_tag-streikend","181":"product_tag-streikende","182":"product_tag-streikenden","183":"product_tag-streikender","184":"product_tag-streikendes","185":"product_tag-streiks","186":"product_tag-streikt","187":"product_tag-student","188":"product_tag-studenten","189":"product_tag-studentenbewegung","190":"product_tag-studentenbund","191":"product_tag-studentenstreik","192":"product_tag-studentenstreiks","193":"product_tag-studentenunruhen","194":"product_tag-sw","195":"product_tag-sw-fotografie","196":"product_tag-sw-photographie","197":"product_tag-systematik_105137_id","198":"product_tag-tuellmann","199":"product_tag-unruhe","200":"product_tag-unruhen","201":"product_tag-versammeln","202":"product_tag-versammelt","203":"product_tag-versammlung","204":"product_tag-versammlungen","205":"product_tag-von-innen","206":"product_tag-zuhoerer","207":"pa_datierung-dezember-1968","208":"pa_fotograf-abisag-tuellmann","209":"pa_geografischer_bezug-aufnahmeort-frankfurt-am-main-deutschland","210":"pa_grunddaten_material_technik-foto","211":"pa_inventarnummer-tue-68-326-13a","212":"pa_jahr_von-14267","213":"pa_mediennummer-73881","214":"pa_objekttyp-fotografie","216":"first","217":"instock","218":"product-type-simple"},"yoast_head":"<!-- This site is optimized with the Yoast SEO plugin v27.4 - https:\/\/yoast.com\/product\/yoast-seo-wordpress\/ -->\n<title>Vollversammlung der Soziologen im H\u00f6rsaal VI w\u00e4hrend des Studentenstreiks der Johann Wolfgang Goethe-Universit\u00e4t - Abisag T\u00fcllmann<\/title>\n<meta name=\"robots\" content=\"index, follow, max-snippet:-1, max-image-preview:large, max-video-preview:-1\" \/>\n<link rel=\"canonical\" href=\"https:\/\/bpk-archive.de\/tuellmann\/produkt\/vollversammlung-der-soziologen-im-hoersaal-vi-waehrend-des-studentenstreiks-der-johann-wolfgang-goethe-universitaet\/\" \/>\n<meta property=\"og:locale\" content=\"de_DE\" \/>\n<meta property=\"og:type\" content=\"article\" \/>\n<meta property=\"og:title\" content=\"Vollversammlung der Soziologen im H\u00f6rsaal VI w\u00e4hrend des Studentenstreiks der Johann Wolfgang Goethe-Universit\u00e4t - Abisag T\u00fcllmann\" \/>\n<meta property=\"og:description\" content=\"Hans-J\u00fcrgen Krahl spricht. Parole an der Wand: &#8222;Alle Macht den R\u00e4ten!&#8220; (Scan vom Vintageprint)\" \/>\n<meta property=\"og:url\" content=\"https:\/\/bpk-archive.de\/tuellmann\/produkt\/vollversammlung-der-soziologen-im-hoersaal-vi-waehrend-des-studentenstreiks-der-johann-wolfgang-goethe-universitaet\/\" \/>\n<meta property=\"og:site_name\" content=\"Abisag T\u00fcllmann\" \/>\n<meta property=\"article:modified_time\" content=\"2020-08-11T14:57:41+00:00\" \/>\n<meta property=\"og:image\" content=\"https:\/\/bpk-archive.de\/tuellmann\/wp-content\/uploads\/2020\/05\/bpk_20034924.jpg\" \/>\n\t<meta property=\"og:image:width\" content=\"1200\" \/>\n\t<meta property=\"og:image:height\" content=\"913\" \/>\n\t<meta property=\"og:image:type\" content=\"image\/jpeg\" \/>\n<meta name=\"twitter:card\" content=\"summary_large_image\" \/>\n<script type=\"application\/ld+json\" class=\"yoast-schema-graph\">{\"@context\":\"https:\\\/\\\/schema.org\",\"@graph\":[{\"@type\":\"WebPage\",\"@id\":\"https:\\\/\\\/bpk-archive.de\\\/tuellmann\\\/produkt\\\/vollversammlung-der-soziologen-im-hoersaal-vi-waehrend-des-studentenstreiks-der-johann-wolfgang-goethe-universitaet\\\/\",\"url\":\"https:\\\/\\\/bpk-archive.de\\\/tuellmann\\\/produkt\\\/vollversammlung-der-soziologen-im-hoersaal-vi-waehrend-des-studentenstreiks-der-johann-wolfgang-goethe-universitaet\\\/\",\"name\":\"Vollversammlung der Soziologen im H\u00f6rsaal VI w\u00e4hrend des Studentenstreiks der Johann Wolfgang Goethe-Universit\u00e4t - Abisag T\u00fcllmann\",\"isPartOf\":{\"@id\":\"https:\\\/\\\/bpk-archive.de\\\/tuellmann\\\/#website\"},\"primaryImageOfPage\":{\"@id\":\"https:\\\/\\\/bpk-archive.de\\\/tuellmann\\\/produkt\\\/vollversammlung-der-soziologen-im-hoersaal-vi-waehrend-des-studentenstreiks-der-johann-wolfgang-goethe-universitaet\\\/#primaryimage\"},\"image\":{\"@id\":\"https:\\\/\\\/bpk-archive.de\\\/tuellmann\\\/produkt\\\/vollversammlung-der-soziologen-im-hoersaal-vi-waehrend-des-studentenstreiks-der-johann-wolfgang-goethe-universitaet\\\/#primaryimage\"},\"thumbnailUrl\":\"https:\\\/\\\/bpk-archive.de\\\/tuellmann\\\/wp-content\\\/uploads\\\/2020\\\/05\\\/bpk_20034924.jpg\",\"datePublished\":\"2020-05-27T15:13:34+00:00\",\"dateModified\":\"2020-08-11T14:57:41+00:00\",\"breadcrumb\":{\"@id\":\"https:\\\/\\\/bpk-archive.de\\\/tuellmann\\\/produkt\\\/vollversammlung-der-soziologen-im-hoersaal-vi-waehrend-des-studentenstreiks-der-johann-wolfgang-goethe-universitaet\\\/#breadcrumb\"},\"inLanguage\":\"de\",\"potentialAction\":[{\"@type\":\"ReadAction\",\"target\":[\"https:\\\/\\\/bpk-archive.de\\\/tuellmann\\\/produkt\\\/vollversammlung-der-soziologen-im-hoersaal-vi-waehrend-des-studentenstreiks-der-johann-wolfgang-goethe-universitaet\\\/\"]}]},{\"@type\":\"ImageObject\",\"inLanguage\":\"de\",\"@id\":\"https:\\\/\\\/bpk-archive.de\\\/tuellmann\\\/produkt\\\/vollversammlung-der-soziologen-im-hoersaal-vi-waehrend-des-studentenstreiks-der-johann-wolfgang-goethe-universitaet\\\/#primaryimage\",\"url\":\"https:\\\/\\\/bpk-archive.de\\\/tuellmann\\\/wp-content\\\/uploads\\\/2020\\\/05\\\/bpk_20034924.jpg\",\"contentUrl\":\"https:\\\/\\\/bpk-archive.de\\\/tuellmann\\\/wp-content\\\/uploads\\\/2020\\\/05\\\/bpk_20034924.jpg\",\"width\":1200,\"height\":913,\"caption\":\"Hans-J\u00fcrgen Krahl spricht. Parole an der Wand: \\\"Alle Macht den R\u00e4ten!\\\" (Scan vom Vintageprint) Aufnahmedatum: Dezember 1968 Material\\\/Technik: Foto Aufnahmeort: Frankfurt am Main \\\/ Deutschland Inventar-Nr.: T\u00fc 68\\\/326-13a\"},{\"@type\":\"BreadcrumbList\",\"@id\":\"https:\\\/\\\/bpk-archive.de\\\/tuellmann\\\/produkt\\\/vollversammlung-der-soziologen-im-hoersaal-vi-waehrend-des-studentenstreiks-der-johann-wolfgang-goethe-universitaet\\\/#breadcrumb\",\"itemListElement\":[{\"@type\":\"ListItem\",\"position\":1,\"name\":\"Startseite\",\"item\":\"https:\\\/\\\/bpk-archive.de\\\/tuellmann\\\/\"},{\"@type\":\"ListItem\",\"position\":2,\"name\":\"Shop\",\"item\":\"https:\\\/\\\/bpk-archive.de\\\/tuellmann\\\/shop\\\/\"},{\"@type\":\"ListItem\",\"position\":3,\"name\":\"Vollversammlung der Soziologen im H\u00f6rsaal VI w\u00e4hrend des Studentenstreiks der Johann Wolfgang Goethe-Universit\u00e4t\"}]},{\"@type\":\"WebSite\",\"@id\":\"https:\\\/\\\/bpk-archive.de\\\/tuellmann\\\/#website\",\"url\":\"https:\\\/\\\/bpk-archive.de\\\/tuellmann\\\/\",\"name\":\"Abisag T\u00fcllmann\",\"description\":\"Eine weitere WordPress-Website\",\"potentialAction\":[{\"@type\":\"SearchAction\",\"target\":{\"@type\":\"EntryPoint\",\"urlTemplate\":\"https:\\\/\\\/bpk-archive.de\\\/tuellmann\\\/?s={search_term_string}\"},\"query-input\":{\"@type\":\"PropertyValueSpecification\",\"valueRequired\":true,\"valueName\":\"search_term_string\"}}],\"inLanguage\":\"de\"}]}<\/script>\n<!-- \/ Yoast SEO plugin. -->","yoast_head_json":{"title":"Vollversammlung der Soziologen im H\u00f6rsaal VI w\u00e4hrend des Studentenstreiks der Johann Wolfgang Goethe-Universit\u00e4t - Abisag T\u00fcllmann","robots":{"index":"index","follow":"follow","max-snippet":"max-snippet:-1","max-image-preview":"max-image-preview:large","max-video-preview":"max-video-preview:-1"},"canonical":"https:\/\/bpk-archive.de\/tuellmann\/produkt\/vollversammlung-der-soziologen-im-hoersaal-vi-waehrend-des-studentenstreiks-der-johann-wolfgang-goethe-universitaet\/","og_locale":"de_DE","og_type":"article","og_title":"Vollversammlung der Soziologen im H\u00f6rsaal VI w\u00e4hrend des Studentenstreiks der Johann Wolfgang Goethe-Universit\u00e4t - Abisag T\u00fcllmann","og_description":"Hans-J\u00fcrgen Krahl spricht. Parole an der Wand: &#8222;Alle Macht den R\u00e4ten!&#8220; (Scan vom Vintageprint)","og_url":"https:\/\/bpk-archive.de\/tuellmann\/produkt\/vollversammlung-der-soziologen-im-hoersaal-vi-waehrend-des-studentenstreiks-der-johann-wolfgang-goethe-universitaet\/","og_site_name":"Abisag T\u00fcllmann","article_modified_time":"2020-08-11T14:57:41+00:00","og_image":[{"width":1200,"height":913,"url":"https:\/\/bpk-archive.de\/tuellmann\/wp-content\/uploads\/2020\/05\/bpk_20034924.jpg","type":"image\/jpeg"}],"twitter_card":"summary_large_image","schema":{"@context":"https:\/\/schema.org","@graph":[{"@type":"WebPage","@id":"https:\/\/bpk-archive.de\/tuellmann\/produkt\/vollversammlung-der-soziologen-im-hoersaal-vi-waehrend-des-studentenstreiks-der-johann-wolfgang-goethe-universitaet\/","url":"https:\/\/bpk-archive.de\/tuellmann\/produkt\/vollversammlung-der-soziologen-im-hoersaal-vi-waehrend-des-studentenstreiks-der-johann-wolfgang-goethe-universitaet\/","name":"Vollversammlung der Soziologen im H\u00f6rsaal VI w\u00e4hrend des Studentenstreiks der Johann Wolfgang Goethe-Universit\u00e4t - Abisag T\u00fcllmann","isPartOf":{"@id":"https:\/\/bpk-archive.de\/tuellmann\/#website"},"primaryImageOfPage":{"@id":"https:\/\/bpk-archive.de\/tuellmann\/produkt\/vollversammlung-der-soziologen-im-hoersaal-vi-waehrend-des-studentenstreiks-der-johann-wolfgang-goethe-universitaet\/#primaryimage"},"image":{"@id":"https:\/\/bpk-archive.de\/tuellmann\/produkt\/vollversammlung-der-soziologen-im-hoersaal-vi-waehrend-des-studentenstreiks-der-johann-wolfgang-goethe-universitaet\/#primaryimage"},"thumbnailUrl":"https:\/\/bpk-archive.de\/tuellmann\/wp-content\/uploads\/2020\/05\/bpk_20034924.jpg","datePublished":"2020-05-27T15:13:34+00:00","dateModified":"2020-08-11T14:57:41+00:00","breadcrumb":{"@id":"https:\/\/bpk-archive.de\/tuellmann\/produkt\/vollversammlung-der-soziologen-im-hoersaal-vi-waehrend-des-studentenstreiks-der-johann-wolfgang-goethe-universitaet\/#breadcrumb"},"inLanguage":"de","potentialAction":[{"@type":"ReadAction","target":["https:\/\/bpk-archive.de\/tuellmann\/produkt\/vollversammlung-der-soziologen-im-hoersaal-vi-waehrend-des-studentenstreiks-der-johann-wolfgang-goethe-universitaet\/"]}]},{"@type":"ImageObject","inLanguage":"de","@id":"https:\/\/bpk-archive.de\/tuellmann\/produkt\/vollversammlung-der-soziologen-im-hoersaal-vi-waehrend-des-studentenstreiks-der-johann-wolfgang-goethe-universitaet\/#primaryimage","url":"https:\/\/bpk-archive.de\/tuellmann\/wp-content\/uploads\/2020\/05\/bpk_20034924.jpg","contentUrl":"https:\/\/bpk-archive.de\/tuellmann\/wp-content\/uploads\/2020\/05\/bpk_20034924.jpg","width":1200,"height":913,"caption":"Hans-J\u00fcrgen Krahl spricht. Parole an der Wand: \"Alle Macht den R\u00e4ten!\" (Scan vom Vintageprint) Aufnahmedatum: Dezember 1968 Material\/Technik: Foto Aufnahmeort: Frankfurt am Main \/ Deutschland Inventar-Nr.: T\u00fc 68\/326-13a"},{"@type":"BreadcrumbList","@id":"https:\/\/bpk-archive.de\/tuellmann\/produkt\/vollversammlung-der-soziologen-im-hoersaal-vi-waehrend-des-studentenstreiks-der-johann-wolfgang-goethe-universitaet\/#breadcrumb","itemListElement":[{"@type":"ListItem","position":1,"name":"Startseite","item":"https:\/\/bpk-archive.de\/tuellmann\/"},{"@type":"ListItem","position":2,"name":"Shop","item":"https:\/\/bpk-archive.de\/tuellmann\/shop\/"},{"@type":"ListItem","position":3,"name":"Vollversammlung der Soziologen im H\u00f6rsaal VI w\u00e4hrend des Studentenstreiks der Johann Wolfgang Goethe-Universit\u00e4t"}]},{"@type":"WebSite","@id":"https:\/\/bpk-archive.de\/tuellmann\/#website","url":"https:\/\/bpk-archive.de\/tuellmann\/","name":"Abisag T\u00fcllmann","description":"Eine weitere WordPress-Website","potentialAction":[{"@type":"SearchAction","target":{"@type":"EntryPoint","urlTemplate":"https:\/\/bpk-archive.de\/tuellmann\/?s={search_term_string}"},"query-input":{"@type":"PropertyValueSpecification","valueRequired":true,"valueName":"search_term_string"}}],"inLanguage":"de"}]}},"_links":{"self":[{"href":"https:\/\/bpk-archive.de\/tuellmann\/wp-json\/wp\/v2\/product\/70316303","targetHints":{"allow":["GET"]}}],"collection":[{"href":"https:\/\/bpk-archive.de\/tuellmann\/wp-json\/wp\/v2\/product"}],"about":[{"href":"https:\/\/bpk-archive.de\/tuellmann\/wp-json\/wp\/v2\/types\/product"}],"wp:featuredmedia":[{"embeddable":true,"href":"https:\/\/bpk-archive.de\/tuellmann\/wp-json\/wp\/v2\/media\/70315757"}],"wp:attachment":[{"href":"https:\/\/bpk-archive.de\/tuellmann\/wp-json\/wp\/v2\/media?parent=70316303"}],"wp:term":[{"taxonomy":"product_brand","embeddable":true,"href":"https:\/\/bpk-archive.de\/tuellmann\/wp-json\/wp\/v2\/product_brand?post=70316303"},{"taxonomy":"product_cat","embeddable":true,"href":"https:\/\/bpk-archive.de\/tuellmann\/wp-json\/wp\/v2\/product_cat?post=70316303"},{"taxonomy":"product_tag","embeddable":true,"href":"https:\/\/bpk-archive.de\/tuellmann\/wp-json\/wp\/v2\/product_tag?post=70316303"}],"curies":[{"name":"wp","href":"https:\/\/api.w.org\/{rel}","templated":true}]}}