{"id":70316301,"date":"2020-05-27T17:13:34","date_gmt":"2020-05-27T15:13:34","guid":{"rendered":"https:\/\/bpk-archive.de\/tuellmann\/\/atbild\/demonstration-fuer-die-freilassung-des-in-den-usa-inhaftierten-buergerrechtlers-bobby-seale-von-der-black-panther-party\/"},"modified":"2020-06-25T16:03:58","modified_gmt":"2020-06-25T14:03:58","slug":"demonstration-fuer-die-freilassung-des-in-den-usa-inhaftierten-buergerrechtlers-bobby-seale-von-der-black-panther-party","status":"publish","type":"product","link":"https:\/\/bpk-archive.de\/tuellmann\/produkt\/demonstration-fuer-die-freilassung-des-in-den-usa-inhaftierten-buergerrechtlers-bobby-seale-von-der-black-panther-party\/","title":{"rendered":"Demonstration f\u00fcr die Freilassung des in den USA inhaftierten B\u00fcrgerrechtlers Bobby Seale von der Black Panther Party"},"content":{"rendered":"<p>In der Mitte vorn mit Brille: KD (Karl-Dietrich) Wolff. (Scan vom Vintageprint)<\/p>\n","protected":false},"excerpt":{"rendered":"<p>In der Mitte vorn mit Brille: KD (Karl-Dietrich) Wolff. (Scan vom Vintageprint)<\/p>\n","protected":false},"featured_media":70315759,"template":"","meta":[],"product_brand":[],"product_cat":[73373],"product_tag":[59068,63307,13774,13232,13234,13231,13233,13775,47921,13777,58810,51250,51251,51252,58812,58813,58814,58815,58816,54332,13250,63322,54333,47988,55409,55410,63309,73873,13469,13470,56798,56799,63310,63311,55411,13607,13608,13609,13610,13611,13612,13613,13614,13615,13616,13617,13618,13619,13620,13621,13622,13623,13624,13253,13254,13255,13256,13257,13471,13472,73874,13260,13261,51101,51102,73875,13268,13269,13270,13271,51108,51109,13293,13786,13787,13294,13295,13485,13486,13482,13481,13483,13484,63312,47378,47379,47380,47381,47382,13492,13493,13494,13495,13496,13497,13301,58159,59069,73876,73877,59070,13626,13627,13312,13313,13314,13315,13316,13317,48491,49229,49230,47899,47900,13328,13827,13828,13329,13330,48266,48267,48269,13843,13641,62470,13642,13643,13644,13645,13646,13647,13648,13649,13650,13651,13652,13653,57322,57323,47958,62166,53115,53116,53117,53118,53119,53120,13877,13879,13865,13864,13866,13351,13352,13353,13858,13859,13860,13861,13862,13863,49381,63316,13867,50281,50282,50283,50284,50285,50286,54987,49236,53808,13874,13875,13876,47967,13878,13880,64613,47968,58838,58836,51272,51273,51274,51275,51276,51277,51278,58837,13375,13376,58840,58839,63317,63318,59071,59072,59073],"class_list":{"0":"post-70316301","1":"product","2":"type-product","3":"status-publish","4":"has-post-thumbnail","6":"product_cat-black-panther","7":"product_tag-59068","8":"product_tag-22-10-1936","9":"product_tag-1960er-jahre","10":"product_tag-20-jahrhundert-nach-chr","11":"product_tag-20-jh-n-chr","12":"product_tag-20-jahrhundert","13":"product_tag-20-jh","14":"product_tag-60er","15":"product_tag-abisag","16":"product_tag-abzug","17":"product_tag-american","18":"product_tag-amerikaner","19":"product_tag-amerikanern","20":"product_tag-amerikaners","21":"product_tag-amerikanisch","22":"product_tag-amerikanische","23":"product_tag-amerikanischen","24":"product_tag-amerikanischer","25":"product_tag-amerikanisches","26":"product_tag-apo","27":"product_tag-aussen","28":"product_tag-ausserparlamentarische","29":"product_tag-ausserparlamentarische-opposition","30":"product_tag-bild-im-bild","31":"product_tag-black-panther","32":"product_tag-black-power","33":"product_tag-bobby","34":"product_tag-bobby_seale","35":"product_tag-brd","36":"product_tag-bundesrepublik-deutschland","37":"product_tag-buergerrecht","38":"product_tag-buergerrechte","39":"product_tag-buergerrechtler","40":"product_tag-buergerrechtlern","41":"product_tag-buergerrechtsbewegung","42":"product_tag-demo","43":"product_tag-demonstrant","44":"product_tag-demonstranten","45":"product_tag-demonstration","46":"product_tag-demonstrationen","47":"product_tag-demonstrationsplakat","48":"product_tag-demonstrationsschild","49":"product_tag-demonstrationszug","50":"product_tag-demonstrieren","51":"product_tag-demonstrierend","52":"product_tag-demonstrierende","53":"product_tag-demonstrierenden","54":"product_tag-demonstrierender","55":"product_tag-demonstrierendes","56":"product_tag-demonstriert","57":"product_tag-demoplakat","58":"product_tag-demos","59":"product_tag-demoschild","60":"product_tag-deutsch","61":"product_tag-deutsche","62":"product_tag-deutschen","63":"product_tag-deutscher","64":"product_tag-deutsches","65":"product_tag-deutschland","66":"product_tag-deutschlands","67":"product_tag-dietrich","68":"product_tag-draussen","69":"product_tag-dunkelhaeutiger","70":"product_tag-fahne","71":"product_tag-fahnen","72":"product_tag-fahnentraeger","73":"product_tag-farbige","74":"product_tag-farbigen","75":"product_tag-farbiger","76":"product_tag-farbiges","77":"product_tag-flagge","78":"product_tag-flaggen","79":"product_tag-foto","80":"product_tag-fotoabzug","81":"product_tag-fotoabzuege","82":"product_tag-fotografie","83":"product_tag-fotografien","84":"product_tag-frankfurt-m","85":"product_tag-frankfurt-main","86":"product_tag-frankfurt-a-main","87":"product_tag-frankfurt-a-m","88":"product_tag-frankfurt-am-main","89":"product_tag-frankfurter","90":"product_tag-freilassung","91":"product_tag-gehen","92":"product_tag-gehend","93":"product_tag-gehende","94":"product_tag-gehender","95":"product_tag-gehendes","96":"product_tag-hessen","97":"product_tag-hessisch","98":"product_tag-hessische","99":"product_tag-hessischen","100":"product_tag-hessischer","101":"product_tag-hessisches","102":"product_tag-im-freien","103":"product_tag-karl","104":"product_tag-karl-dietrich","105":"product_tag-karl_dietrich_wolff","106":"product_tag-kd","107":"product_tag-kd-wolff","108":"product_tag-kundgebung","109":"product_tag-kundgebungen","110":"product_tag-marschieren","111":"product_tag-marschierend","112":"product_tag-marschierende","113":"product_tag-marschierenden","114":"product_tag-marschierender","115":"product_tag-marschierendes","116":"product_tag-opposition","117":"product_tag-parole","118":"product_tag-parolen","119":"product_tag-persoenlichkeit","120":"product_tag-persoenlichkeiten","121":"product_tag-photo","122":"product_tag-photoabzug","123":"product_tag-photoabzuege","124":"product_tag-photographie","125":"product_tag-photographien","126":"product_tag-plakat","127":"product_tag-plakate","128":"product_tag-poster","129":"product_tag-print","130":"product_tag-protest","131":"product_tag-protestbewegung","132":"product_tag-proteste","133":"product_tag-protestieren","134":"product_tag-protestierend","135":"product_tag-protestierende","136":"product_tag-protestierenden","137":"product_tag-protestierender","138":"product_tag-protestierendes","139":"product_tag-protestiert","140":"product_tag-protestmarsch","141":"product_tag-protestmarsches","142":"product_tag-protestmarschs","143":"product_tag-protestschild","144":"product_tag-publizist","145":"product_tag-publizisten","146":"product_tag-querformat","147":"product_tag-rassendiskriminierung","148":"product_tag-rufen","149":"product_tag-rufend","150":"product_tag-rufende","151":"product_tag-rufenden","152":"product_tag-rufender","153":"product_tag-rufendes","154":"product_tag-s-w-fotografie","155":"product_tag-s-w-photographie","156":"product_tag-schwarzweissphotographie","157":"product_tag-schwarz-weiss-fotografie","158":"product_tag-schwarz-weiss-photographie","159":"product_tag-schwarze","160":"product_tag-schwarzen","161":"product_tag-schwarzer","162":"product_tag-schwarzweiss","163":"product_tag-schwarzweisse","164":"product_tag-schwarzweissen","165":"product_tag-schwarzweisser","166":"product_tag-schwarzweisses","167":"product_tag-schwarzweissfotografie","168":"product_tag-schwenken","169":"product_tag-seale","170":"product_tag-sechziger","171":"product_tag-singen","172":"product_tag-singend","173":"product_tag-singende","174":"product_tag-singenden","175":"product_tag-singender","176":"product_tag-singendes","177":"product_tag-skandieren","178":"product_tag-slogan","179":"product_tag-solidaritaet","180":"product_tag-student","181":"product_tag-studenten","182":"product_tag-studentenbewegung","183":"product_tag-sw","184":"product_tag-sw-fotografie","185":"product_tag-sw-photographie","186":"product_tag-systematik_105137_id","187":"product_tag-tuellmann","188":"product_tag-u-s-a","189":"product_tag-united-states-of-america","190":"product_tag-us-amerikaner","191":"product_tag-us-amerikaners","192":"product_tag-us-amerikanisch","193":"product_tag-us-amerikanische","194":"product_tag-us-amerikanischen","195":"product_tag-us-amerikanischer","196":"product_tag-us-amerikanisches","197":"product_tag-usa","198":"product_tag-veranstaltung","199":"product_tag-veranstaltungen","200":"product_tag-vereinigte-staaten-von-amerika","201":"product_tag-vereinigten-staaten-von-amerika","202":"product_tag-verhaftung","203":"product_tag-verhaftungen","204":"product_tag-verleger","205":"product_tag-verlegers","206":"product_tag-wolff","207":"pa_datierung-55664","208":"pa_fotograf-abisag-tuellmann","209":"pa_geografischer_bezug-aufnahmeort-frankfurt-am-main-deutschland","210":"pa_grunddaten_material_technik-foto","211":"pa_inventarnummer-tue-69-375-08","212":"pa_jahr_von-14258","213":"pa_mediennummer-73871","214":"pa_objekttyp-fotografie","216":"first","217":"instock","218":"product-type-simple"},"yoast_head":"<!-- This site is optimized with the Yoast SEO plugin v27.3 - https:\/\/yoast.com\/product\/yoast-seo-wordpress\/ -->\n<title>Demonstration f\u00fcr die Freilassung des in den USA inhaftierten B\u00fcrgerrechtlers Bobby Seale von der Black Panther Party - Abisag T\u00fcllmann<\/title>\n<meta name=\"robots\" content=\"index, follow, max-snippet:-1, max-image-preview:large, max-video-preview:-1\" \/>\n<link rel=\"canonical\" href=\"https:\/\/bpk-archive.de\/tuellmann\/produkt\/demonstration-fuer-die-freilassung-des-in-den-usa-inhaftierten-buergerrechtlers-bobby-seale-von-der-black-panther-party\/\" \/>\n<meta property=\"og:locale\" content=\"de_DE\" \/>\n<meta property=\"og:type\" content=\"article\" \/>\n<meta property=\"og:title\" content=\"Demonstration f\u00fcr die Freilassung des in den USA inhaftierten B\u00fcrgerrechtlers Bobby Seale von der Black Panther Party - Abisag T\u00fcllmann\" \/>\n<meta property=\"og:description\" content=\"In der Mitte vorn mit Brille: KD (Karl-Dietrich) Wolff. (Scan vom Vintageprint)\" \/>\n<meta property=\"og:url\" content=\"https:\/\/bpk-archive.de\/tuellmann\/produkt\/demonstration-fuer-die-freilassung-des-in-den-usa-inhaftierten-buergerrechtlers-bobby-seale-von-der-black-panther-party\/\" \/>\n<meta property=\"og:site_name\" content=\"Abisag T\u00fcllmann\" \/>\n<meta property=\"article:modified_time\" content=\"2020-06-25T14:03:58+00:00\" \/>\n<meta property=\"og:image\" content=\"https:\/\/bpk-archive.de\/tuellmann\/wp-content\/uploads\/2020\/05\/bpk_20034926.jpg\" \/>\n\t<meta property=\"og:image:width\" content=\"1200\" \/>\n\t<meta property=\"og:image:height\" content=\"818\" \/>\n\t<meta property=\"og:image:type\" content=\"image\/jpeg\" \/>\n<meta name=\"twitter:card\" content=\"summary_large_image\" \/>\n<script type=\"application\/ld+json\" class=\"yoast-schema-graph\">{\"@context\":\"https:\\\/\\\/schema.org\",\"@graph\":[{\"@type\":\"WebPage\",\"@id\":\"https:\\\/\\\/bpk-archive.de\\\/tuellmann\\\/produkt\\\/demonstration-fuer-die-freilassung-des-in-den-usa-inhaftierten-buergerrechtlers-bobby-seale-von-der-black-panther-party\\\/\",\"url\":\"https:\\\/\\\/bpk-archive.de\\\/tuellmann\\\/produkt\\\/demonstration-fuer-die-freilassung-des-in-den-usa-inhaftierten-buergerrechtlers-bobby-seale-von-der-black-panther-party\\\/\",\"name\":\"Demonstration f\u00fcr die Freilassung des in den USA inhaftierten B\u00fcrgerrechtlers Bobby Seale von der Black Panther Party - Abisag T\u00fcllmann\",\"isPartOf\":{\"@id\":\"https:\\\/\\\/bpk-archive.de\\\/tuellmann\\\/#website\"},\"primaryImageOfPage\":{\"@id\":\"https:\\\/\\\/bpk-archive.de\\\/tuellmann\\\/produkt\\\/demonstration-fuer-die-freilassung-des-in-den-usa-inhaftierten-buergerrechtlers-bobby-seale-von-der-black-panther-party\\\/#primaryimage\"},\"image\":{\"@id\":\"https:\\\/\\\/bpk-archive.de\\\/tuellmann\\\/produkt\\\/demonstration-fuer-die-freilassung-des-in-den-usa-inhaftierten-buergerrechtlers-bobby-seale-von-der-black-panther-party\\\/#primaryimage\"},\"thumbnailUrl\":\"https:\\\/\\\/bpk-archive.de\\\/tuellmann\\\/wp-content\\\/uploads\\\/2020\\\/05\\\/bpk_20034926.jpg\",\"datePublished\":\"2020-05-27T15:13:34+00:00\",\"dateModified\":\"2020-06-25T14:03:58+00:00\",\"breadcrumb\":{\"@id\":\"https:\\\/\\\/bpk-archive.de\\\/tuellmann\\\/produkt\\\/demonstration-fuer-die-freilassung-des-in-den-usa-inhaftierten-buergerrechtlers-bobby-seale-von-der-black-panther-party\\\/#breadcrumb\"},\"inLanguage\":\"de\",\"potentialAction\":[{\"@type\":\"ReadAction\",\"target\":[\"https:\\\/\\\/bpk-archive.de\\\/tuellmann\\\/produkt\\\/demonstration-fuer-die-freilassung-des-in-den-usa-inhaftierten-buergerrechtlers-bobby-seale-von-der-black-panther-party\\\/\"]}]},{\"@type\":\"ImageObject\",\"inLanguage\":\"de\",\"@id\":\"https:\\\/\\\/bpk-archive.de\\\/tuellmann\\\/produkt\\\/demonstration-fuer-die-freilassung-des-in-den-usa-inhaftierten-buergerrechtlers-bobby-seale-von-der-black-panther-party\\\/#primaryimage\",\"url\":\"https:\\\/\\\/bpk-archive.de\\\/tuellmann\\\/wp-content\\\/uploads\\\/2020\\\/05\\\/bpk_20034926.jpg\",\"contentUrl\":\"https:\\\/\\\/bpk-archive.de\\\/tuellmann\\\/wp-content\\\/uploads\\\/2020\\\/05\\\/bpk_20034926.jpg\",\"width\":1200,\"height\":818,\"caption\":\"In der Mitte vorn mit Brille: KD (Karl-Dietrich) Wolff. (Scan vom Vintageprint) Aufnahmedatum: 1969 Material\\\/Technik: Foto Aufnahmeort: Frankfurt am Main \\\/ Deutschland Inventar-Nr.: T\u00fc 69\\\/375-08\"},{\"@type\":\"BreadcrumbList\",\"@id\":\"https:\\\/\\\/bpk-archive.de\\\/tuellmann\\\/produkt\\\/demonstration-fuer-die-freilassung-des-in-den-usa-inhaftierten-buergerrechtlers-bobby-seale-von-der-black-panther-party\\\/#breadcrumb\",\"itemListElement\":[{\"@type\":\"ListItem\",\"position\":1,\"name\":\"Startseite\",\"item\":\"https:\\\/\\\/bpk-archive.de\\\/tuellmann\\\/\"},{\"@type\":\"ListItem\",\"position\":2,\"name\":\"Shop\",\"item\":\"https:\\\/\\\/bpk-archive.de\\\/tuellmann\\\/shop\\\/\"},{\"@type\":\"ListItem\",\"position\":3,\"name\":\"Demonstration f\u00fcr die Freilassung des in den USA inhaftierten B\u00fcrgerrechtlers Bobby Seale von der Black Panther Party\"}]},{\"@type\":\"WebSite\",\"@id\":\"https:\\\/\\\/bpk-archive.de\\\/tuellmann\\\/#website\",\"url\":\"https:\\\/\\\/bpk-archive.de\\\/tuellmann\\\/\",\"name\":\"Abisag T\u00fcllmann\",\"description\":\"Eine weitere WordPress-Website\",\"potentialAction\":[{\"@type\":\"SearchAction\",\"target\":{\"@type\":\"EntryPoint\",\"urlTemplate\":\"https:\\\/\\\/bpk-archive.de\\\/tuellmann\\\/?s={search_term_string}\"},\"query-input\":{\"@type\":\"PropertyValueSpecification\",\"valueRequired\":true,\"valueName\":\"search_term_string\"}}],\"inLanguage\":\"de\"}]}<\/script>\n<!-- \/ Yoast SEO plugin. -->","yoast_head_json":{"title":"Demonstration f\u00fcr die Freilassung des in den USA inhaftierten B\u00fcrgerrechtlers Bobby Seale von der Black Panther Party - Abisag T\u00fcllmann","robots":{"index":"index","follow":"follow","max-snippet":"max-snippet:-1","max-image-preview":"max-image-preview:large","max-video-preview":"max-video-preview:-1"},"canonical":"https:\/\/bpk-archive.de\/tuellmann\/produkt\/demonstration-fuer-die-freilassung-des-in-den-usa-inhaftierten-buergerrechtlers-bobby-seale-von-der-black-panther-party\/","og_locale":"de_DE","og_type":"article","og_title":"Demonstration f\u00fcr die Freilassung des in den USA inhaftierten B\u00fcrgerrechtlers Bobby Seale von der Black Panther Party - Abisag T\u00fcllmann","og_description":"In der Mitte vorn mit Brille: KD (Karl-Dietrich) Wolff. (Scan vom Vintageprint)","og_url":"https:\/\/bpk-archive.de\/tuellmann\/produkt\/demonstration-fuer-die-freilassung-des-in-den-usa-inhaftierten-buergerrechtlers-bobby-seale-von-der-black-panther-party\/","og_site_name":"Abisag T\u00fcllmann","article_modified_time":"2020-06-25T14:03:58+00:00","og_image":[{"width":1200,"height":818,"url":"https:\/\/bpk-archive.de\/tuellmann\/wp-content\/uploads\/2020\/05\/bpk_20034926.jpg","type":"image\/jpeg"}],"twitter_card":"summary_large_image","schema":{"@context":"https:\/\/schema.org","@graph":[{"@type":"WebPage","@id":"https:\/\/bpk-archive.de\/tuellmann\/produkt\/demonstration-fuer-die-freilassung-des-in-den-usa-inhaftierten-buergerrechtlers-bobby-seale-von-der-black-panther-party\/","url":"https:\/\/bpk-archive.de\/tuellmann\/produkt\/demonstration-fuer-die-freilassung-des-in-den-usa-inhaftierten-buergerrechtlers-bobby-seale-von-der-black-panther-party\/","name":"Demonstration f\u00fcr die Freilassung des in den USA inhaftierten B\u00fcrgerrechtlers Bobby Seale von der Black Panther Party - Abisag T\u00fcllmann","isPartOf":{"@id":"https:\/\/bpk-archive.de\/tuellmann\/#website"},"primaryImageOfPage":{"@id":"https:\/\/bpk-archive.de\/tuellmann\/produkt\/demonstration-fuer-die-freilassung-des-in-den-usa-inhaftierten-buergerrechtlers-bobby-seale-von-der-black-panther-party\/#primaryimage"},"image":{"@id":"https:\/\/bpk-archive.de\/tuellmann\/produkt\/demonstration-fuer-die-freilassung-des-in-den-usa-inhaftierten-buergerrechtlers-bobby-seale-von-der-black-panther-party\/#primaryimage"},"thumbnailUrl":"https:\/\/bpk-archive.de\/tuellmann\/wp-content\/uploads\/2020\/05\/bpk_20034926.jpg","datePublished":"2020-05-27T15:13:34+00:00","dateModified":"2020-06-25T14:03:58+00:00","breadcrumb":{"@id":"https:\/\/bpk-archive.de\/tuellmann\/produkt\/demonstration-fuer-die-freilassung-des-in-den-usa-inhaftierten-buergerrechtlers-bobby-seale-von-der-black-panther-party\/#breadcrumb"},"inLanguage":"de","potentialAction":[{"@type":"ReadAction","target":["https:\/\/bpk-archive.de\/tuellmann\/produkt\/demonstration-fuer-die-freilassung-des-in-den-usa-inhaftierten-buergerrechtlers-bobby-seale-von-der-black-panther-party\/"]}]},{"@type":"ImageObject","inLanguage":"de","@id":"https:\/\/bpk-archive.de\/tuellmann\/produkt\/demonstration-fuer-die-freilassung-des-in-den-usa-inhaftierten-buergerrechtlers-bobby-seale-von-der-black-panther-party\/#primaryimage","url":"https:\/\/bpk-archive.de\/tuellmann\/wp-content\/uploads\/2020\/05\/bpk_20034926.jpg","contentUrl":"https:\/\/bpk-archive.de\/tuellmann\/wp-content\/uploads\/2020\/05\/bpk_20034926.jpg","width":1200,"height":818,"caption":"In der Mitte vorn mit Brille: KD (Karl-Dietrich) Wolff. (Scan vom Vintageprint) Aufnahmedatum: 1969 Material\/Technik: Foto Aufnahmeort: Frankfurt am Main \/ Deutschland Inventar-Nr.: T\u00fc 69\/375-08"},{"@type":"BreadcrumbList","@id":"https:\/\/bpk-archive.de\/tuellmann\/produkt\/demonstration-fuer-die-freilassung-des-in-den-usa-inhaftierten-buergerrechtlers-bobby-seale-von-der-black-panther-party\/#breadcrumb","itemListElement":[{"@type":"ListItem","position":1,"name":"Startseite","item":"https:\/\/bpk-archive.de\/tuellmann\/"},{"@type":"ListItem","position":2,"name":"Shop","item":"https:\/\/bpk-archive.de\/tuellmann\/shop\/"},{"@type":"ListItem","position":3,"name":"Demonstration f\u00fcr die Freilassung des in den USA inhaftierten B\u00fcrgerrechtlers Bobby Seale von der Black Panther Party"}]},{"@type":"WebSite","@id":"https:\/\/bpk-archive.de\/tuellmann\/#website","url":"https:\/\/bpk-archive.de\/tuellmann\/","name":"Abisag T\u00fcllmann","description":"Eine weitere WordPress-Website","potentialAction":[{"@type":"SearchAction","target":{"@type":"EntryPoint","urlTemplate":"https:\/\/bpk-archive.de\/tuellmann\/?s={search_term_string}"},"query-input":{"@type":"PropertyValueSpecification","valueRequired":true,"valueName":"search_term_string"}}],"inLanguage":"de"}]}},"_links":{"self":[{"href":"https:\/\/bpk-archive.de\/tuellmann\/wp-json\/wp\/v2\/product\/70316301","targetHints":{"allow":["GET"]}}],"collection":[{"href":"https:\/\/bpk-archive.de\/tuellmann\/wp-json\/wp\/v2\/product"}],"about":[{"href":"https:\/\/bpk-archive.de\/tuellmann\/wp-json\/wp\/v2\/types\/product"}],"wp:featuredmedia":[{"embeddable":true,"href":"https:\/\/bpk-archive.de\/tuellmann\/wp-json\/wp\/v2\/media\/70315759"}],"wp:attachment":[{"href":"https:\/\/bpk-archive.de\/tuellmann\/wp-json\/wp\/v2\/media?parent=70316301"}],"wp:term":[{"taxonomy":"product_brand","embeddable":true,"href":"https:\/\/bpk-archive.de\/tuellmann\/wp-json\/wp\/v2\/product_brand?post=70316301"},{"taxonomy":"product_cat","embeddable":true,"href":"https:\/\/bpk-archive.de\/tuellmann\/wp-json\/wp\/v2\/product_cat?post=70316301"},{"taxonomy":"product_tag","embeddable":true,"href":"https:\/\/bpk-archive.de\/tuellmann\/wp-json\/wp\/v2\/product_tag?post=70316301"}],"curies":[{"name":"wp","href":"https:\/\/api.w.org\/{rel}","templated":true}]}}