{"id":70316281,"date":"2020-05-27T17:13:15","date_gmt":"2020-05-27T15:13:15","guid":{"rendered":"https:\/\/bpk-archive.de\/tuellmann\/\/atbild\/werbung-fuer-den-sommerschlussverkauf-fuer-wenig-geld-die-schoenste-ware\/"},"modified":"2020-05-27T17:13:28","modified_gmt":"2020-05-27T15:13:28","slug":"werbung-fuer-den-sommerschlussverkauf-fuer-wenig-geld-die-schoenste-ware","status":"publish","type":"product","link":"https:\/\/bpk-archive.de\/tuellmann\/produkt\/werbung-fuer-den-sommerschlussverkauf-fuer-wenig-geld-die-schoenste-ware\/","title":{"rendered":"Werbung f\u00fcr den Sommerschlussverkauf: &#8222;F\u00fcr wenig Geld die sch\u00f6nste Ware&#8220;"},"content":{"rendered":"<p>Scan vom VINTAGEPRINT<\/p>\n","protected":false},"excerpt":{"rendered":"<p>Scan vom VINTAGEPRINT<\/p>\n","protected":false},"featured_media":70315778,"template":"","meta":[],"product_brand":[],"product_cat":[],"product_tag":[13774,13232,13234,13231,13233,13775,48910,48911,48912,47921,13777,48913,13250,48185,48186,49019,49020,47549,47550,47551,47552,47553,59209,51093,51094,51750,13469,13470,13253,13254,13255,13256,13257,13471,13472,13260,48211,48212,48213,48214,48215,48216,13293,13786,13787,13294,13295,13485,13486,13482,13481,13483,13484,58330,13492,13493,13494,13495,13496,13497,13301,57083,57084,57085,73726,48309,48734,48735,48310,48311,48312,48313,48314,48315,13328,13827,13828,13329,13330,13843,47958,49046,49047,13877,13879,57102,13865,13864,13866,13858,13859,13860,13861,13862,13863,13867,49236,57105,57106,58986,48226,47967,13878,13880,73727,47968,51774,51775,51776,51777,51778,50946,48228,48284,48285,57086,57087,57088,60694,60695,60696,60697,49048],"class_list":{"0":"post-70316281","1":"product","2":"type-product","3":"status-publish","4":"has-post-thumbnail","6":"product_tag-1960er-jahre","7":"product_tag-20-jahrhundert-nach-chr","8":"product_tag-20-jh-n-chr","9":"product_tag-20-jahrhundert","10":"product_tag-20-jh","11":"product_tag-60er","12":"product_tag-abend","13":"product_tag-abende","14":"product_tag-abends","15":"product_tag-abisag","16":"product_tag-abzug","17":"product_tag-am-abend","18":"product_tag-aussen","19":"product_tag-aussenansicht","20":"product_tag-aussenansichten","21":"product_tag-aussenreklame","22":"product_tag-aussenwerbung","23":"product_tag-auto","24":"product_tag-automobil","25":"product_tag-automobile","26":"product_tag-automobils","27":"product_tag-autos","28":"product_tag-beleuchtung","29":"product_tag-bewegung","30":"product_tag-bewegungen","31":"product_tag-bewegungsunschaerfe","32":"product_tag-brd","33":"product_tag-bundesrepublik-deutschland","34":"product_tag-deutsch","35":"product_tag-deutsche","36":"product_tag-deutschen","37":"product_tag-deutscher","38":"product_tag-deutsches","39":"product_tag-deutschland","40":"product_tag-deutschlands","41":"product_tag-draussen","42":"product_tag-fahren","43":"product_tag-fahrend","44":"product_tag-fahrende","45":"product_tag-fahrender","46":"product_tag-fahrendes","47":"product_tag-faehrt","48":"product_tag-foto","49":"product_tag-fotoabzug","50":"product_tag-fotoabzuege","51":"product_tag-fotografie","52":"product_tag-fotografien","53":"product_tag-frankfurt-m","54":"product_tag-frankfurt-main","55":"product_tag-frankfurt-a-main","56":"product_tag-frankfurt-a-m","57":"product_tag-frankfurt-am-main","58":"product_tag-frankfurter","59":"product_tag-geld","60":"product_tag-hessen","61":"product_tag-hessisch","62":"product_tag-hessische","63":"product_tag-hessischen","64":"product_tag-hessischer","65":"product_tag-hessisches","66":"product_tag-im-freien","67":"product_tag-kaufhaus","68":"product_tag-kaufhaeuser","69":"product_tag-kaufhauses","70":"product_tag-lichtarchitektur","71":"product_tag-nacht","72":"product_tag-nachtaufnahme","73":"product_tag-nachtaufnahmen","74":"product_tag-naechtlich","75":"product_tag-naechtliche","76":"product_tag-naechtlichen","77":"product_tag-naechtlicher","78":"product_tag-naechtliches","79":"product_tag-nachts","80":"product_tag-photo","81":"product_tag-photoabzug","82":"product_tag-photoabzuege","83":"product_tag-photographie","84":"product_tag-photographien","85":"product_tag-print","86":"product_tag-querformat","87":"product_tag-reclame","88":"product_tag-reklame","89":"product_tag-s-w-fotografie","90":"product_tag-s-w-photographie","91":"product_tag-schlussverkauf","92":"product_tag-schwarzweissphotographie","93":"product_tag-schwarz-weiss-fotografie","94":"product_tag-schwarz-weiss-photographie","95":"product_tag-schwarzweiss","96":"product_tag-schwarzweisse","97":"product_tag-schwarzweissen","98":"product_tag-schwarzweisser","99":"product_tag-schwarzweisses","100":"product_tag-schwarzweissfotografie","101":"product_tag-sechziger","102":"product_tag-slogan","103":"product_tag-sommerschlussverkauf","104":"product_tag-ssv","105":"product_tag-stadtverkehr","106":"product_tag-strassenverkehr","107":"product_tag-sw","108":"product_tag-sw-fotografie","109":"product_tag-sw-photographie","110":"product_tag-systematik_126_974_4460","111":"product_tag-tuellmann","112":"product_tag-unscharf","113":"product_tag-unscharfe","114":"product_tag-unscharfen","115":"product_tag-unscharfer","116":"product_tag-unscharfes","117":"product_tag-verkehr","118":"product_tag-von-aussen","119":"product_tag-ware","120":"product_tag-waren","121":"product_tag-warenhaus","122":"product_tag-warenhaeuser","123":"product_tag-warenhauses","124":"product_tag-werbeslogan","125":"product_tag-werbespruch","126":"product_tag-werbesprueche","127":"product_tag-werbslogans","128":"product_tag-werbung","129":"pa_datierung-19828","130":"pa_fotograf-abisag-tuellmann","131":"pa_geografischer_bezug-aufnahmeort-frankfurt-am-main-deutschland","132":"pa_grunddaten_material_technik-foto","133":"pa_inventarnummer-tue-63-085-19a","134":"pa_jahr_von-55020","135":"pa_mediennummer-73724","136":"pa_objekttyp-fotografie","138":"first","139":"instock","140":"product-type-simple"},"yoast_head":"<!-- This site is optimized with the Yoast SEO plugin v27.4 - https:\/\/yoast.com\/product\/yoast-seo-wordpress\/ -->\n<title>Werbung f\u00fcr den Sommerschlussverkauf: &quot;F\u00fcr wenig Geld die sch\u00f6nste Ware&quot; - Abisag T\u00fcllmann<\/title>\n<meta name=\"robots\" content=\"index, follow, max-snippet:-1, max-image-preview:large, max-video-preview:-1\" \/>\n<link rel=\"canonical\" href=\"https:\/\/bpk-archive.de\/tuellmann\/produkt\/werbung-fuer-den-sommerschlussverkauf-fuer-wenig-geld-die-schoenste-ware\/\" \/>\n<meta property=\"og:locale\" content=\"de_DE\" \/>\n<meta property=\"og:type\" content=\"article\" \/>\n<meta property=\"og:title\" content=\"Werbung f\u00fcr den Sommerschlussverkauf: &quot;F\u00fcr wenig Geld die sch\u00f6nste Ware&quot; - Abisag T\u00fcllmann\" \/>\n<meta property=\"og:description\" content=\"Scan vom VINTAGEPRINT\" \/>\n<meta property=\"og:url\" content=\"https:\/\/bpk-archive.de\/tuellmann\/produkt\/werbung-fuer-den-sommerschlussverkauf-fuer-wenig-geld-die-schoenste-ware\/\" \/>\n<meta property=\"og:site_name\" content=\"Abisag T\u00fcllmann\" \/>\n<meta property=\"article:modified_time\" content=\"2020-05-27T15:13:28+00:00\" \/>\n<meta property=\"og:image\" content=\"https:\/\/bpk-archive.de\/tuellmann\/wp-content\/uploads\/2020\/05\/bpk_30037962.jpg\" \/>\n\t<meta property=\"og:image:width\" content=\"1200\" \/>\n\t<meta property=\"og:image:height\" content=\"941\" \/>\n\t<meta property=\"og:image:type\" content=\"image\/jpeg\" \/>\n<meta name=\"twitter:card\" content=\"summary_large_image\" \/>\n<script type=\"application\/ld+json\" class=\"yoast-schema-graph\">{\"@context\":\"https:\\\/\\\/schema.org\",\"@graph\":[{\"@type\":\"WebPage\",\"@id\":\"https:\\\/\\\/bpk-archive.de\\\/tuellmann\\\/produkt\\\/werbung-fuer-den-sommerschlussverkauf-fuer-wenig-geld-die-schoenste-ware\\\/\",\"url\":\"https:\\\/\\\/bpk-archive.de\\\/tuellmann\\\/produkt\\\/werbung-fuer-den-sommerschlussverkauf-fuer-wenig-geld-die-schoenste-ware\\\/\",\"name\":\"Werbung f\u00fcr den Sommerschlussverkauf: \\\"F\u00fcr wenig Geld die sch\u00f6nste Ware\\\" - Abisag T\u00fcllmann\",\"isPartOf\":{\"@id\":\"https:\\\/\\\/bpk-archive.de\\\/tuellmann\\\/#website\"},\"primaryImageOfPage\":{\"@id\":\"https:\\\/\\\/bpk-archive.de\\\/tuellmann\\\/produkt\\\/werbung-fuer-den-sommerschlussverkauf-fuer-wenig-geld-die-schoenste-ware\\\/#primaryimage\"},\"image\":{\"@id\":\"https:\\\/\\\/bpk-archive.de\\\/tuellmann\\\/produkt\\\/werbung-fuer-den-sommerschlussverkauf-fuer-wenig-geld-die-schoenste-ware\\\/#primaryimage\"},\"thumbnailUrl\":\"https:\\\/\\\/bpk-archive.de\\\/tuellmann\\\/wp-content\\\/uploads\\\/2020\\\/05\\\/bpk_30037962.jpg\",\"datePublished\":\"2020-05-27T15:13:15+00:00\",\"dateModified\":\"2020-05-27T15:13:28+00:00\",\"breadcrumb\":{\"@id\":\"https:\\\/\\\/bpk-archive.de\\\/tuellmann\\\/produkt\\\/werbung-fuer-den-sommerschlussverkauf-fuer-wenig-geld-die-schoenste-ware\\\/#breadcrumb\"},\"inLanguage\":\"de\",\"potentialAction\":[{\"@type\":\"ReadAction\",\"target\":[\"https:\\\/\\\/bpk-archive.de\\\/tuellmann\\\/produkt\\\/werbung-fuer-den-sommerschlussverkauf-fuer-wenig-geld-die-schoenste-ware\\\/\"]}]},{\"@type\":\"ImageObject\",\"inLanguage\":\"de\",\"@id\":\"https:\\\/\\\/bpk-archive.de\\\/tuellmann\\\/produkt\\\/werbung-fuer-den-sommerschlussverkauf-fuer-wenig-geld-die-schoenste-ware\\\/#primaryimage\",\"url\":\"https:\\\/\\\/bpk-archive.de\\\/tuellmann\\\/wp-content\\\/uploads\\\/2020\\\/05\\\/bpk_30037962.jpg\",\"contentUrl\":\"https:\\\/\\\/bpk-archive.de\\\/tuellmann\\\/wp-content\\\/uploads\\\/2020\\\/05\\\/bpk_30037962.jpg\",\"width\":1200,\"height\":941,\"caption\":\"Scan vom VINTAGEPRINT Aufnahmedatum: 1963 Material\\\/Technik: Foto Aufnahmeort: Frankfurt am Main \\\/ Deutschland Inventar-Nr.: T\u00fc 63\\\/085-19a\"},{\"@type\":\"BreadcrumbList\",\"@id\":\"https:\\\/\\\/bpk-archive.de\\\/tuellmann\\\/produkt\\\/werbung-fuer-den-sommerschlussverkauf-fuer-wenig-geld-die-schoenste-ware\\\/#breadcrumb\",\"itemListElement\":[{\"@type\":\"ListItem\",\"position\":1,\"name\":\"Startseite\",\"item\":\"https:\\\/\\\/bpk-archive.de\\\/tuellmann\\\/\"},{\"@type\":\"ListItem\",\"position\":2,\"name\":\"Shop\",\"item\":\"https:\\\/\\\/bpk-archive.de\\\/tuellmann\\\/shop\\\/\"},{\"@type\":\"ListItem\",\"position\":3,\"name\":\"Werbung f\u00fcr den Sommerschlussverkauf: &#8220;F\u00fcr wenig Geld die sch\u00f6nste Ware&#8221;\"}]},{\"@type\":\"WebSite\",\"@id\":\"https:\\\/\\\/bpk-archive.de\\\/tuellmann\\\/#website\",\"url\":\"https:\\\/\\\/bpk-archive.de\\\/tuellmann\\\/\",\"name\":\"Abisag T\u00fcllmann\",\"description\":\"Eine weitere WordPress-Website\",\"potentialAction\":[{\"@type\":\"SearchAction\",\"target\":{\"@type\":\"EntryPoint\",\"urlTemplate\":\"https:\\\/\\\/bpk-archive.de\\\/tuellmann\\\/?s={search_term_string}\"},\"query-input\":{\"@type\":\"PropertyValueSpecification\",\"valueRequired\":true,\"valueName\":\"search_term_string\"}}],\"inLanguage\":\"de\"}]}<\/script>\n<!-- \/ Yoast SEO plugin. -->","yoast_head_json":{"title":"Werbung f\u00fcr den Sommerschlussverkauf: \"F\u00fcr wenig Geld die sch\u00f6nste Ware\" - Abisag T\u00fcllmann","robots":{"index":"index","follow":"follow","max-snippet":"max-snippet:-1","max-image-preview":"max-image-preview:large","max-video-preview":"max-video-preview:-1"},"canonical":"https:\/\/bpk-archive.de\/tuellmann\/produkt\/werbung-fuer-den-sommerschlussverkauf-fuer-wenig-geld-die-schoenste-ware\/","og_locale":"de_DE","og_type":"article","og_title":"Werbung f\u00fcr den Sommerschlussverkauf: \"F\u00fcr wenig Geld die sch\u00f6nste Ware\" - Abisag T\u00fcllmann","og_description":"Scan vom VINTAGEPRINT","og_url":"https:\/\/bpk-archive.de\/tuellmann\/produkt\/werbung-fuer-den-sommerschlussverkauf-fuer-wenig-geld-die-schoenste-ware\/","og_site_name":"Abisag T\u00fcllmann","article_modified_time":"2020-05-27T15:13:28+00:00","og_image":[{"width":1200,"height":941,"url":"https:\/\/bpk-archive.de\/tuellmann\/wp-content\/uploads\/2020\/05\/bpk_30037962.jpg","type":"image\/jpeg"}],"twitter_card":"summary_large_image","schema":{"@context":"https:\/\/schema.org","@graph":[{"@type":"WebPage","@id":"https:\/\/bpk-archive.de\/tuellmann\/produkt\/werbung-fuer-den-sommerschlussverkauf-fuer-wenig-geld-die-schoenste-ware\/","url":"https:\/\/bpk-archive.de\/tuellmann\/produkt\/werbung-fuer-den-sommerschlussverkauf-fuer-wenig-geld-die-schoenste-ware\/","name":"Werbung f\u00fcr den Sommerschlussverkauf: \"F\u00fcr wenig Geld die sch\u00f6nste Ware\" - Abisag T\u00fcllmann","isPartOf":{"@id":"https:\/\/bpk-archive.de\/tuellmann\/#website"},"primaryImageOfPage":{"@id":"https:\/\/bpk-archive.de\/tuellmann\/produkt\/werbung-fuer-den-sommerschlussverkauf-fuer-wenig-geld-die-schoenste-ware\/#primaryimage"},"image":{"@id":"https:\/\/bpk-archive.de\/tuellmann\/produkt\/werbung-fuer-den-sommerschlussverkauf-fuer-wenig-geld-die-schoenste-ware\/#primaryimage"},"thumbnailUrl":"https:\/\/bpk-archive.de\/tuellmann\/wp-content\/uploads\/2020\/05\/bpk_30037962.jpg","datePublished":"2020-05-27T15:13:15+00:00","dateModified":"2020-05-27T15:13:28+00:00","breadcrumb":{"@id":"https:\/\/bpk-archive.de\/tuellmann\/produkt\/werbung-fuer-den-sommerschlussverkauf-fuer-wenig-geld-die-schoenste-ware\/#breadcrumb"},"inLanguage":"de","potentialAction":[{"@type":"ReadAction","target":["https:\/\/bpk-archive.de\/tuellmann\/produkt\/werbung-fuer-den-sommerschlussverkauf-fuer-wenig-geld-die-schoenste-ware\/"]}]},{"@type":"ImageObject","inLanguage":"de","@id":"https:\/\/bpk-archive.de\/tuellmann\/produkt\/werbung-fuer-den-sommerschlussverkauf-fuer-wenig-geld-die-schoenste-ware\/#primaryimage","url":"https:\/\/bpk-archive.de\/tuellmann\/wp-content\/uploads\/2020\/05\/bpk_30037962.jpg","contentUrl":"https:\/\/bpk-archive.de\/tuellmann\/wp-content\/uploads\/2020\/05\/bpk_30037962.jpg","width":1200,"height":941,"caption":"Scan vom VINTAGEPRINT Aufnahmedatum: 1963 Material\/Technik: Foto Aufnahmeort: Frankfurt am Main \/ Deutschland Inventar-Nr.: T\u00fc 63\/085-19a"},{"@type":"BreadcrumbList","@id":"https:\/\/bpk-archive.de\/tuellmann\/produkt\/werbung-fuer-den-sommerschlussverkauf-fuer-wenig-geld-die-schoenste-ware\/#breadcrumb","itemListElement":[{"@type":"ListItem","position":1,"name":"Startseite","item":"https:\/\/bpk-archive.de\/tuellmann\/"},{"@type":"ListItem","position":2,"name":"Shop","item":"https:\/\/bpk-archive.de\/tuellmann\/shop\/"},{"@type":"ListItem","position":3,"name":"Werbung f\u00fcr den Sommerschlussverkauf: &#8220;F\u00fcr wenig Geld die sch\u00f6nste Ware&#8221;"}]},{"@type":"WebSite","@id":"https:\/\/bpk-archive.de\/tuellmann\/#website","url":"https:\/\/bpk-archive.de\/tuellmann\/","name":"Abisag T\u00fcllmann","description":"Eine weitere WordPress-Website","potentialAction":[{"@type":"SearchAction","target":{"@type":"EntryPoint","urlTemplate":"https:\/\/bpk-archive.de\/tuellmann\/?s={search_term_string}"},"query-input":{"@type":"PropertyValueSpecification","valueRequired":true,"valueName":"search_term_string"}}],"inLanguage":"de"}]}},"_links":{"self":[{"href":"https:\/\/bpk-archive.de\/tuellmann\/wp-json\/wp\/v2\/product\/70316281","targetHints":{"allow":["GET"]}}],"collection":[{"href":"https:\/\/bpk-archive.de\/tuellmann\/wp-json\/wp\/v2\/product"}],"about":[{"href":"https:\/\/bpk-archive.de\/tuellmann\/wp-json\/wp\/v2\/types\/product"}],"wp:featuredmedia":[{"embeddable":true,"href":"https:\/\/bpk-archive.de\/tuellmann\/wp-json\/wp\/v2\/media\/70315778"}],"wp:attachment":[{"href":"https:\/\/bpk-archive.de\/tuellmann\/wp-json\/wp\/v2\/media?parent=70316281"}],"wp:term":[{"taxonomy":"product_brand","embeddable":true,"href":"https:\/\/bpk-archive.de\/tuellmann\/wp-json\/wp\/v2\/product_brand?post=70316281"},{"taxonomy":"product_cat","embeddable":true,"href":"https:\/\/bpk-archive.de\/tuellmann\/wp-json\/wp\/v2\/product_cat?post=70316281"},{"taxonomy":"product_tag","embeddable":true,"href":"https:\/\/bpk-archive.de\/tuellmann\/wp-json\/wp\/v2\/product_tag?post=70316281"}],"curies":[{"name":"wp","href":"https:\/\/api.w.org\/{rel}","templated":true}]}}