{"id":70316179,"date":"2020-05-27T17:12:01","date_gmt":"2020-05-27T15:12:01","guid":{"rendered":"https:\/\/bpk-archive.de\/tuellmann\/\/atbild\/verlagsvertrag-zwischen-der-frankfurter-societaets-druckerei-und-abisag-tuellmann\/"},"modified":"2020-05-27T17:12:12","modified_gmt":"2020-05-27T15:12:12","slug":"verlagsvertrag-zwischen-der-frankfurter-societaets-druckerei-und-abisag-tuellmann","status":"publish","type":"product","link":"https:\/\/bpk-archive.de\/tuellmann\/produkt\/verlagsvertrag-zwischen-der-frankfurter-societaets-druckerei-und-abisag-tuellmann\/","title":{"rendered":"Verlagsvertrag zwischen der Frankfurter Societ\u00e4ts-Druckerei und Abisag T\u00fcllmann"},"content":{"rendered":"<p>\u00dcber das Buch &#8222;Gro\u00dfstadt&#8220; (Arbeitstitel: &#8222;Frankfurt&#8220;), 22.7.1963, Seite 5 (von 5)<\/p>\n","protected":false},"excerpt":{"rendered":"<p>\u00dcber das Buch &#8222;Gro\u00dfstadt&#8220; (Arbeitstitel: &#8222;Frankfurt&#8220;), 22.7.1963, Seite 5 (von 5)<\/p>\n","protected":false},"featured_media":0,"template":"","meta":[],"product_brand":[],"product_cat":[],"product_tag":[73556],"class_list":{"0":"post-70316179","1":"product","2":"type-product","3":"status-publish","5":"product_tag-at_dokumente","6":"pa_datierung-22-07-1963","7":"pa_fotograf-fotograf-unbekannt","8":"pa_grunddaten_material_technik-druck","9":"pa_mediennummer-73575","10":"pa_objekttyp-allgemein","12":"first","13":"instock","14":"product-type-simple"},"yoast_head":"<!-- This site is optimized with the Yoast SEO plugin v27.3 - https:\/\/yoast.com\/product\/yoast-seo-wordpress\/ -->\n<title>Verlagsvertrag zwischen der Frankfurter Societ\u00e4ts-Druckerei und Abisag T\u00fcllmann - Abisag T\u00fcllmann<\/title>\n<meta name=\"robots\" content=\"index, follow, max-snippet:-1, max-image-preview:large, max-video-preview:-1\" \/>\n<link rel=\"canonical\" href=\"https:\/\/bpk-archive.de\/tuellmann\/produkt\/verlagsvertrag-zwischen-der-frankfurter-societaets-druckerei-und-abisag-tuellmann\/\" \/>\n<meta property=\"og:locale\" content=\"de_DE\" \/>\n<meta property=\"og:type\" content=\"article\" \/>\n<meta property=\"og:title\" content=\"Verlagsvertrag zwischen der Frankfurter Societ\u00e4ts-Druckerei und Abisag T\u00fcllmann - Abisag T\u00fcllmann\" \/>\n<meta property=\"og:description\" content=\"\u00dcber das Buch &#8222;Gro\u00dfstadt&#8220; (Arbeitstitel: &#8222;Frankfurt&#8220;), 22.7.1963, Seite 5 (von 5)\" \/>\n<meta property=\"og:url\" content=\"https:\/\/bpk-archive.de\/tuellmann\/produkt\/verlagsvertrag-zwischen-der-frankfurter-societaets-druckerei-und-abisag-tuellmann\/\" \/>\n<meta property=\"og:site_name\" content=\"Abisag T\u00fcllmann\" \/>\n<meta property=\"article:modified_time\" content=\"2020-05-27T15:12:12+00:00\" \/>\n<meta name=\"twitter:card\" content=\"summary_large_image\" \/>\n<script type=\"application\/ld+json\" class=\"yoast-schema-graph\">{\"@context\":\"https:\\\/\\\/schema.org\",\"@graph\":[{\"@type\":\"WebPage\",\"@id\":\"https:\\\/\\\/bpk-archive.de\\\/tuellmann\\\/produkt\\\/verlagsvertrag-zwischen-der-frankfurter-societaets-druckerei-und-abisag-tuellmann\\\/\",\"url\":\"https:\\\/\\\/bpk-archive.de\\\/tuellmann\\\/produkt\\\/verlagsvertrag-zwischen-der-frankfurter-societaets-druckerei-und-abisag-tuellmann\\\/\",\"name\":\"Verlagsvertrag zwischen der Frankfurter Societ\u00e4ts-Druckerei und Abisag T\u00fcllmann - Abisag T\u00fcllmann\",\"isPartOf\":{\"@id\":\"https:\\\/\\\/bpk-archive.de\\\/tuellmann\\\/#website\"},\"datePublished\":\"2020-05-27T15:12:01+00:00\",\"dateModified\":\"2020-05-27T15:12:12+00:00\",\"breadcrumb\":{\"@id\":\"https:\\\/\\\/bpk-archive.de\\\/tuellmann\\\/produkt\\\/verlagsvertrag-zwischen-der-frankfurter-societaets-druckerei-und-abisag-tuellmann\\\/#breadcrumb\"},\"inLanguage\":\"de\",\"potentialAction\":[{\"@type\":\"ReadAction\",\"target\":[\"https:\\\/\\\/bpk-archive.de\\\/tuellmann\\\/produkt\\\/verlagsvertrag-zwischen-der-frankfurter-societaets-druckerei-und-abisag-tuellmann\\\/\"]}]},{\"@type\":\"BreadcrumbList\",\"@id\":\"https:\\\/\\\/bpk-archive.de\\\/tuellmann\\\/produkt\\\/verlagsvertrag-zwischen-der-frankfurter-societaets-druckerei-und-abisag-tuellmann\\\/#breadcrumb\",\"itemListElement\":[{\"@type\":\"ListItem\",\"position\":1,\"name\":\"Startseite\",\"item\":\"https:\\\/\\\/bpk-archive.de\\\/tuellmann\\\/\"},{\"@type\":\"ListItem\",\"position\":2,\"name\":\"Shop\",\"item\":\"https:\\\/\\\/bpk-archive.de\\\/tuellmann\\\/shop\\\/\"},{\"@type\":\"ListItem\",\"position\":3,\"name\":\"Verlagsvertrag zwischen der Frankfurter Societ\u00e4ts-Druckerei und Abisag T\u00fcllmann\"}]},{\"@type\":\"WebSite\",\"@id\":\"https:\\\/\\\/bpk-archive.de\\\/tuellmann\\\/#website\",\"url\":\"https:\\\/\\\/bpk-archive.de\\\/tuellmann\\\/\",\"name\":\"Abisag T\u00fcllmann\",\"description\":\"Eine weitere WordPress-Website\",\"potentialAction\":[{\"@type\":\"SearchAction\",\"target\":{\"@type\":\"EntryPoint\",\"urlTemplate\":\"https:\\\/\\\/bpk-archive.de\\\/tuellmann\\\/?s={search_term_string}\"},\"query-input\":{\"@type\":\"PropertyValueSpecification\",\"valueRequired\":true,\"valueName\":\"search_term_string\"}}],\"inLanguage\":\"de\"}]}<\/script>\n<!-- \/ Yoast SEO plugin. -->","yoast_head_json":{"title":"Verlagsvertrag zwischen der Frankfurter Societ\u00e4ts-Druckerei und Abisag T\u00fcllmann - Abisag T\u00fcllmann","robots":{"index":"index","follow":"follow","max-snippet":"max-snippet:-1","max-image-preview":"max-image-preview:large","max-video-preview":"max-video-preview:-1"},"canonical":"https:\/\/bpk-archive.de\/tuellmann\/produkt\/verlagsvertrag-zwischen-der-frankfurter-societaets-druckerei-und-abisag-tuellmann\/","og_locale":"de_DE","og_type":"article","og_title":"Verlagsvertrag zwischen der Frankfurter Societ\u00e4ts-Druckerei und Abisag T\u00fcllmann - Abisag T\u00fcllmann","og_description":"\u00dcber das Buch &#8222;Gro\u00dfstadt&#8220; (Arbeitstitel: &#8222;Frankfurt&#8220;), 22.7.1963, Seite 5 (von 5)","og_url":"https:\/\/bpk-archive.de\/tuellmann\/produkt\/verlagsvertrag-zwischen-der-frankfurter-societaets-druckerei-und-abisag-tuellmann\/","og_site_name":"Abisag T\u00fcllmann","article_modified_time":"2020-05-27T15:12:12+00:00","twitter_card":"summary_large_image","schema":{"@context":"https:\/\/schema.org","@graph":[{"@type":"WebPage","@id":"https:\/\/bpk-archive.de\/tuellmann\/produkt\/verlagsvertrag-zwischen-der-frankfurter-societaets-druckerei-und-abisag-tuellmann\/","url":"https:\/\/bpk-archive.de\/tuellmann\/produkt\/verlagsvertrag-zwischen-der-frankfurter-societaets-druckerei-und-abisag-tuellmann\/","name":"Verlagsvertrag zwischen der Frankfurter Societ\u00e4ts-Druckerei und Abisag T\u00fcllmann - Abisag T\u00fcllmann","isPartOf":{"@id":"https:\/\/bpk-archive.de\/tuellmann\/#website"},"datePublished":"2020-05-27T15:12:01+00:00","dateModified":"2020-05-27T15:12:12+00:00","breadcrumb":{"@id":"https:\/\/bpk-archive.de\/tuellmann\/produkt\/verlagsvertrag-zwischen-der-frankfurter-societaets-druckerei-und-abisag-tuellmann\/#breadcrumb"},"inLanguage":"de","potentialAction":[{"@type":"ReadAction","target":["https:\/\/bpk-archive.de\/tuellmann\/produkt\/verlagsvertrag-zwischen-der-frankfurter-societaets-druckerei-und-abisag-tuellmann\/"]}]},{"@type":"BreadcrumbList","@id":"https:\/\/bpk-archive.de\/tuellmann\/produkt\/verlagsvertrag-zwischen-der-frankfurter-societaets-druckerei-und-abisag-tuellmann\/#breadcrumb","itemListElement":[{"@type":"ListItem","position":1,"name":"Startseite","item":"https:\/\/bpk-archive.de\/tuellmann\/"},{"@type":"ListItem","position":2,"name":"Shop","item":"https:\/\/bpk-archive.de\/tuellmann\/shop\/"},{"@type":"ListItem","position":3,"name":"Verlagsvertrag zwischen der Frankfurter Societ\u00e4ts-Druckerei und Abisag T\u00fcllmann"}]},{"@type":"WebSite","@id":"https:\/\/bpk-archive.de\/tuellmann\/#website","url":"https:\/\/bpk-archive.de\/tuellmann\/","name":"Abisag T\u00fcllmann","description":"Eine weitere WordPress-Website","potentialAction":[{"@type":"SearchAction","target":{"@type":"EntryPoint","urlTemplate":"https:\/\/bpk-archive.de\/tuellmann\/?s={search_term_string}"},"query-input":{"@type":"PropertyValueSpecification","valueRequired":true,"valueName":"search_term_string"}}],"inLanguage":"de"}]}},"_links":{"self":[{"href":"https:\/\/bpk-archive.de\/tuellmann\/wp-json\/wp\/v2\/product\/70316179","targetHints":{"allow":["GET"]}}],"collection":[{"href":"https:\/\/bpk-archive.de\/tuellmann\/wp-json\/wp\/v2\/product"}],"about":[{"href":"https:\/\/bpk-archive.de\/tuellmann\/wp-json\/wp\/v2\/types\/product"}],"wp:attachment":[{"href":"https:\/\/bpk-archive.de\/tuellmann\/wp-json\/wp\/v2\/media?parent=70316179"}],"wp:term":[{"taxonomy":"product_brand","embeddable":true,"href":"https:\/\/bpk-archive.de\/tuellmann\/wp-json\/wp\/v2\/product_brand?post=70316179"},{"taxonomy":"product_cat","embeddable":true,"href":"https:\/\/bpk-archive.de\/tuellmann\/wp-json\/wp\/v2\/product_cat?post=70316179"},{"taxonomy":"product_tag","embeddable":true,"href":"https:\/\/bpk-archive.de\/tuellmann\/wp-json\/wp\/v2\/product_tag?post=70316179"}],"curies":[{"name":"wp","href":"https:\/\/api.w.org\/{rel}","templated":true}]}}