{"id":70316162,"date":"2020-05-27T17:11:40","date_gmt":"2020-05-27T15:11:40","guid":{"rendered":"https:\/\/bpk-archive.de\/tuellmann\/\/atbild\/rueckseite-von-kindergarten-st-bernhard-kinder-bauen-einen-turm-aus-baukloetzen-2\/"},"modified":"2020-05-27T17:11:56","modified_gmt":"2020-05-27T15:11:56","slug":"rueckseite-von-kindergarten-st-bernhard-kinder-bauen-einen-turm-aus-baukloetzen-2","status":"publish","type":"product","link":"https:\/\/bpk-archive.de\/tuellmann\/produkt\/rueckseite-von-kindergarten-st-bernhard-kinder-bauen-einen-turm-aus-baukloetzen-2\/","title":{"rendered":"R\u00fcckseite von: Kindergarten St. Bernhard &#8211; Kinder bauen einen Turm aus Baukl\u00f6tzen"},"content":{"rendered":"<p>Vorderseite siehe: 70243179 Serie f\u00fcr die &#8222;Didaktischen Einheiten&#8220; des Deutschen Jugendinstituts M\u00fcnchen (DJI) R\u00fcckseitenbeschriftung von anderer Hand: &#8222;Teufel &#8211; das absolut B\u00f6se? Von au\u00dfen bestimmt? Entscheidungsfreiheit muss immer neu gewonnen werden! Freiheit kann verloren gehen&#8230; &#8222;<\/p>\n","protected":false},"excerpt":{"rendered":"<p>Vorderseite siehe: 70243179 Serie f\u00fcr die &#8222;Didaktischen Einheiten&#8220; des Deutschen Jugendinstituts M\u00fcnchen (DJI) R\u00fcckseitenbeschriftung von anderer Hand: &#8222;Teufel &#8211; das absolut B\u00f6se? Von au\u00dfen bestimmt? Entscheidungsfreiheit muss immer neu gewonnen werden! Freiheit kann verloren gehen&#8230; &#8222;<\/p>\n","protected":false},"featured_media":70292003,"template":"","meta":[],"product_brand":[],"product_cat":[],"product_tag":[13230,13232,13234,13231,13233,13235,73508,73509,62149,13777,62150,62622,48359,48360,54014,54015,53967,50141,62694,73510,73511,73512,73513,13469,13470,13471,13472,54016,62623,54018,54019,52424,52426,53970,53971,13293,13786,13787,13294,13295,13296,13297,51504,49684,51505,13485,13486,13482,13481,13483,13484,53801,48439,49265,49266,48442,48443,48444,48445,48446,13492,13493,13494,13495,13496,13497,62624,54025,14205,14206,14207,54131,14213,14218,14219,62625,51841,51842,54028,73501,73502,73503,73504,73505,13328,13827,13828,13329,13330,13331,13332,13843,51531,51532,49233,49234,47594,47595,13877,13879,62626,13865,13864,13866,13858,13859,13860,13861,13862,13863,49718,49719,13354,13869,13870,13871,13872,50068,50069,48454,48455,48456,48457,48458,48459,48460,48461,48462,53855,13878,13880,62627,62704,62705,62706,62707,48366,48367,47615,48368],"class_list":{"0":"post-70316162","1":"product","2":"type-product","3":"status-publish","4":"has-post-thumbnail","6":"product_tag-1970er-jahre","7":"product_tag-20-jahrhundert-nach-chr","8":"product_tag-20-jh-n-chr","9":"product_tag-20-jahrhundert","10":"product_tag-20-jh","11":"product_tag-70er","12":"product_tag-aberglaube","13":"product_tag-aberglauben","14":"product_tag-abt_005","15":"product_tag-abzug","16":"product_tag-at_paedagogik","17":"product_tag-beelzebub","18":"product_tag-beschriftung","19":"product_tag-beschriftungen","20":"product_tag-bilderfolge","21":"product_tag-bilderserie","22":"product_tag-bilderstrecke","23":"product_tag-bildung","24":"product_tag-bildungswesen","25":"product_tag-boes","26":"product_tag-boese","27":"product_tag-boeser","28":"product_tag-boeses","29":"product_tag-brd","30":"product_tag-bundesrepublik-deutschland","31":"product_tag-deutschland","32":"product_tag-deutschlands","33":"product_tag-didaktik","34":"product_tag-didaktische-einheiten","35":"product_tag-einheit","36":"product_tag-einheits","37":"product_tag-erziehen","38":"product_tag-erziehung","39":"product_tag-folge","40":"product_tag-folgen","41":"product_tag-foto","42":"product_tag-fotoabzug","43":"product_tag-fotoabzuege","44":"product_tag-fotografie","45":"product_tag-fotografien","46":"product_tag-fotografin","47":"product_tag-fotografinnen","48":"product_tag-fotoreihe","49":"product_tag-fotoserie","50":"product_tag-fotostrecke","51":"product_tag-frankfurt-m","52":"product_tag-frankfurt-main","53":"product_tag-frankfurt-a-main","54":"product_tag-frankfurt-a-m","55":"product_tag-frankfurt-am-main","56":"product_tag-frankfurter","57":"product_tag-freiheit","58":"product_tag-gestempelt","59":"product_tag-glaube","60":"product_tag-glauben","61":"product_tag-handschriftlich","62":"product_tag-handschriftliche","63":"product_tag-handschriftlichen","64":"product_tag-handschriftlicher","65":"product_tag-handschriftliches","66":"product_tag-hessen","67":"product_tag-hessisch","68":"product_tag-hessische","69":"product_tag-hessischen","70":"product_tag-hessischer","71":"product_tag-hessisches","72":"product_tag-hoellenfuerst","73":"product_tag-jugendinstitut","74":"product_tag-kind","75":"product_tag-kinde","76":"product_tag-kinder","77":"product_tag-kindergarten","78":"product_tag-kindern","79":"product_tag-kindes","80":"product_tag-kindheit","81":"product_tag-luzifer","82":"product_tag-notiz","83":"product_tag-notizen","84":"product_tag-paedagogik","85":"product_tag-paedagogisch","86":"product_tag-paedagogische","87":"product_tag-paedagogischem","88":"product_tag-paedagogischen","89":"product_tag-paedagogischer","90":"product_tag-photo","91":"product_tag-photoabzug","92":"product_tag-photoabzuege","93":"product_tag-photographie","94":"product_tag-photographien","95":"product_tag-photographin","96":"product_tag-photographinnen","97":"product_tag-print","98":"product_tag-reihe","99":"product_tag-reihen","100":"product_tag-religion","101":"product_tag-religionen","102":"product_tag-rueckansicht","103":"product_tag-rueckseite","104":"product_tag-s-w-fotografie","105":"product_tag-s-w-photographie","106":"product_tag-satan","107":"product_tag-schwarzweissphotographie","108":"product_tag-schwarz-weiss-fotografie","109":"product_tag-schwarz-weiss-photographie","110":"product_tag-schwarzweiss","111":"product_tag-schwarzweisse","112":"product_tag-schwarzweissen","113":"product_tag-schwarzweisser","114":"product_tag-schwarzweisses","115":"product_tag-schwarzweissfotografie","116":"product_tag-serie","117":"product_tag-serien","118":"product_tag-siebziger","119":"product_tag-silbergelatine","120":"product_tag-silbergelatineabzug","121":"product_tag-silbergelatineabzuege","122":"product_tag-silbergelatineprint","123":"product_tag-spiel","124":"product_tag-spiele","125":"product_tag-stempel","126":"product_tag-stempelabdruck","127":"product_tag-stempelabdruecke","128":"product_tag-stempelabdruckes","129":"product_tag-stempelabdrucks","130":"product_tag-stempeldruck","131":"product_tag-stempeldrucke","132":"product_tag-stempeldruckes","133":"product_tag-stempeldrucks","134":"product_tag-stempels","135":"product_tag-sw-fotografie","136":"product_tag-sw-photographie","137":"product_tag-teufel","138":"product_tag-text","139":"product_tag-texte","140":"product_tag-texten","141":"product_tag-textes","142":"product_tag-v","143":"product_tag-verso","144":"product_tag-von-hinten","145":"product_tag-vs","146":"pa_datierung-dezember-1973","147":"pa_fotograf-abisag-tuellmann","148":"pa_geografischer_bezug-aufnahmeort-frankfurt-am-main-deutschland","149":"pa_grunddaten_material_technik-foto-silbergelatine-auf-barytpapier","150":"pa_inventarnummer-tue-73-184-33","151":"pa_jahr_von-54245","152":"pa_massangaben-bildformat-foto-232-x-302-cm","153":"pa_mediennummer-63683","154":"pa_objekttyp-fotografie","156":"first","157":"instock","158":"product-type-simple"},"yoast_head":"<!-- This site is optimized with the Yoast SEO plugin v27.3 - https:\/\/yoast.com\/product\/yoast-seo-wordpress\/ -->\n<title>R\u00fcckseite von: Kindergarten St. Bernhard - Kinder bauen einen Turm aus Baukl\u00f6tzen - Abisag T\u00fcllmann<\/title>\n<meta name=\"robots\" content=\"index, follow, max-snippet:-1, max-image-preview:large, max-video-preview:-1\" \/>\n<link rel=\"canonical\" href=\"https:\/\/bpk-archive.de\/tuellmann\/produkt\/rueckseite-von-kindergarten-st-bernhard-kinder-bauen-einen-turm-aus-baukloetzen-2\/\" \/>\n<meta property=\"og:locale\" content=\"de_DE\" \/>\n<meta property=\"og:type\" content=\"article\" \/>\n<meta property=\"og:title\" content=\"R\u00fcckseite von: Kindergarten St. Bernhard - Kinder bauen einen Turm aus Baukl\u00f6tzen - Abisag T\u00fcllmann\" \/>\n<meta property=\"og:description\" content=\"Vorderseite siehe: 70243179 Serie f\u00fcr die &#8222;Didaktischen Einheiten&#8220; des Deutschen Jugendinstituts M\u00fcnchen (DJI) R\u00fcckseitenbeschriftung von anderer Hand: &#8222;Teufel &#8211; das absolut B\u00f6se? Von au\u00dfen bestimmt? Entscheidungsfreiheit muss immer neu gewonnen werden! Freiheit kann verloren gehen&#8230; &#8222;\" \/>\n<meta property=\"og:url\" content=\"https:\/\/bpk-archive.de\/tuellmann\/produkt\/rueckseite-von-kindergarten-st-bernhard-kinder-bauen-einen-turm-aus-baukloetzen-2\/\" \/>\n<meta property=\"og:site_name\" content=\"Abisag T\u00fcllmann\" \/>\n<meta property=\"article:modified_time\" content=\"2020-05-27T15:11:56+00:00\" \/>\n<meta property=\"og:image\" content=\"https:\/\/bpk-archive.de\/tuellmann\/wp-content\/uploads\/2019\/08\/bpk_70242716.jpg\" \/>\n\t<meta property=\"og:image:width\" content=\"1200\" \/>\n\t<meta property=\"og:image:height\" content=\"935\" \/>\n\t<meta property=\"og:image:type\" content=\"image\/jpeg\" \/>\n<meta name=\"twitter:card\" content=\"summary_large_image\" \/>\n<script type=\"application\/ld+json\" class=\"yoast-schema-graph\">{\"@context\":\"https:\\\/\\\/schema.org\",\"@graph\":[{\"@type\":\"WebPage\",\"@id\":\"https:\\\/\\\/bpk-archive.de\\\/tuellmann\\\/produkt\\\/rueckseite-von-kindergarten-st-bernhard-kinder-bauen-einen-turm-aus-baukloetzen-2\\\/\",\"url\":\"https:\\\/\\\/bpk-archive.de\\\/tuellmann\\\/produkt\\\/rueckseite-von-kindergarten-st-bernhard-kinder-bauen-einen-turm-aus-baukloetzen-2\\\/\",\"name\":\"R\u00fcckseite von: Kindergarten St. Bernhard - Kinder bauen einen Turm aus Baukl\u00f6tzen - Abisag T\u00fcllmann\",\"isPartOf\":{\"@id\":\"https:\\\/\\\/bpk-archive.de\\\/tuellmann\\\/#website\"},\"primaryImageOfPage\":{\"@id\":\"https:\\\/\\\/bpk-archive.de\\\/tuellmann\\\/produkt\\\/rueckseite-von-kindergarten-st-bernhard-kinder-bauen-einen-turm-aus-baukloetzen-2\\\/#primaryimage\"},\"image\":{\"@id\":\"https:\\\/\\\/bpk-archive.de\\\/tuellmann\\\/produkt\\\/rueckseite-von-kindergarten-st-bernhard-kinder-bauen-einen-turm-aus-baukloetzen-2\\\/#primaryimage\"},\"thumbnailUrl\":\"https:\\\/\\\/bpk-archive.de\\\/tuellmann\\\/wp-content\\\/uploads\\\/2019\\\/08\\\/bpk_70242716.jpg\",\"datePublished\":\"2020-05-27T15:11:40+00:00\",\"dateModified\":\"2020-05-27T15:11:56+00:00\",\"breadcrumb\":{\"@id\":\"https:\\\/\\\/bpk-archive.de\\\/tuellmann\\\/produkt\\\/rueckseite-von-kindergarten-st-bernhard-kinder-bauen-einen-turm-aus-baukloetzen-2\\\/#breadcrumb\"},\"inLanguage\":\"de\",\"potentialAction\":[{\"@type\":\"ReadAction\",\"target\":[\"https:\\\/\\\/bpk-archive.de\\\/tuellmann\\\/produkt\\\/rueckseite-von-kindergarten-st-bernhard-kinder-bauen-einen-turm-aus-baukloetzen-2\\\/\"]}]},{\"@type\":\"ImageObject\",\"inLanguage\":\"de\",\"@id\":\"https:\\\/\\\/bpk-archive.de\\\/tuellmann\\\/produkt\\\/rueckseite-von-kindergarten-st-bernhard-kinder-bauen-einen-turm-aus-baukloetzen-2\\\/#primaryimage\",\"url\":\"https:\\\/\\\/bpk-archive.de\\\/tuellmann\\\/wp-content\\\/uploads\\\/2019\\\/08\\\/bpk_70242716.jpg\",\"contentUrl\":\"https:\\\/\\\/bpk-archive.de\\\/tuellmann\\\/wp-content\\\/uploads\\\/2019\\\/08\\\/bpk_70242716.jpg\",\"width\":1200,\"height\":935,\"caption\":\"R\u00fcckseite von: Kindergarten St. Bernhard - Kinder bauen einen Turm aus Baukl\u00f6tzen\"},{\"@type\":\"BreadcrumbList\",\"@id\":\"https:\\\/\\\/bpk-archive.de\\\/tuellmann\\\/produkt\\\/rueckseite-von-kindergarten-st-bernhard-kinder-bauen-einen-turm-aus-baukloetzen-2\\\/#breadcrumb\",\"itemListElement\":[{\"@type\":\"ListItem\",\"position\":1,\"name\":\"Startseite\",\"item\":\"https:\\\/\\\/bpk-archive.de\\\/tuellmann\\\/\"},{\"@type\":\"ListItem\",\"position\":2,\"name\":\"Shop\",\"item\":\"https:\\\/\\\/bpk-archive.de\\\/tuellmann\\\/shop\\\/\"},{\"@type\":\"ListItem\",\"position\":3,\"name\":\"R\u00fcckseite von: Kindergarten St. Bernhard &#8211; Kinder bauen einen Turm aus Baukl\u00f6tzen\"}]},{\"@type\":\"WebSite\",\"@id\":\"https:\\\/\\\/bpk-archive.de\\\/tuellmann\\\/#website\",\"url\":\"https:\\\/\\\/bpk-archive.de\\\/tuellmann\\\/\",\"name\":\"Abisag T\u00fcllmann\",\"description\":\"Eine weitere WordPress-Website\",\"potentialAction\":[{\"@type\":\"SearchAction\",\"target\":{\"@type\":\"EntryPoint\",\"urlTemplate\":\"https:\\\/\\\/bpk-archive.de\\\/tuellmann\\\/?s={search_term_string}\"},\"query-input\":{\"@type\":\"PropertyValueSpecification\",\"valueRequired\":true,\"valueName\":\"search_term_string\"}}],\"inLanguage\":\"de\"}]}<\/script>\n<!-- \/ Yoast SEO plugin. -->","yoast_head_json":{"title":"R\u00fcckseite von: Kindergarten St. Bernhard - Kinder bauen einen Turm aus Baukl\u00f6tzen - Abisag T\u00fcllmann","robots":{"index":"index","follow":"follow","max-snippet":"max-snippet:-1","max-image-preview":"max-image-preview:large","max-video-preview":"max-video-preview:-1"},"canonical":"https:\/\/bpk-archive.de\/tuellmann\/produkt\/rueckseite-von-kindergarten-st-bernhard-kinder-bauen-einen-turm-aus-baukloetzen-2\/","og_locale":"de_DE","og_type":"article","og_title":"R\u00fcckseite von: Kindergarten St. Bernhard - Kinder bauen einen Turm aus Baukl\u00f6tzen - Abisag T\u00fcllmann","og_description":"Vorderseite siehe: 70243179 Serie f\u00fcr die &#8222;Didaktischen Einheiten&#8220; des Deutschen Jugendinstituts M\u00fcnchen (DJI) R\u00fcckseitenbeschriftung von anderer Hand: &#8222;Teufel &#8211; das absolut B\u00f6se? Von au\u00dfen bestimmt? Entscheidungsfreiheit muss immer neu gewonnen werden! Freiheit kann verloren gehen&#8230; &#8222;","og_url":"https:\/\/bpk-archive.de\/tuellmann\/produkt\/rueckseite-von-kindergarten-st-bernhard-kinder-bauen-einen-turm-aus-baukloetzen-2\/","og_site_name":"Abisag T\u00fcllmann","article_modified_time":"2020-05-27T15:11:56+00:00","og_image":[{"width":1200,"height":935,"url":"https:\/\/bpk-archive.de\/tuellmann\/wp-content\/uploads\/2019\/08\/bpk_70242716.jpg","type":"image\/jpeg"}],"twitter_card":"summary_large_image","schema":{"@context":"https:\/\/schema.org","@graph":[{"@type":"WebPage","@id":"https:\/\/bpk-archive.de\/tuellmann\/produkt\/rueckseite-von-kindergarten-st-bernhard-kinder-bauen-einen-turm-aus-baukloetzen-2\/","url":"https:\/\/bpk-archive.de\/tuellmann\/produkt\/rueckseite-von-kindergarten-st-bernhard-kinder-bauen-einen-turm-aus-baukloetzen-2\/","name":"R\u00fcckseite von: Kindergarten St. Bernhard - Kinder bauen einen Turm aus Baukl\u00f6tzen - Abisag T\u00fcllmann","isPartOf":{"@id":"https:\/\/bpk-archive.de\/tuellmann\/#website"},"primaryImageOfPage":{"@id":"https:\/\/bpk-archive.de\/tuellmann\/produkt\/rueckseite-von-kindergarten-st-bernhard-kinder-bauen-einen-turm-aus-baukloetzen-2\/#primaryimage"},"image":{"@id":"https:\/\/bpk-archive.de\/tuellmann\/produkt\/rueckseite-von-kindergarten-st-bernhard-kinder-bauen-einen-turm-aus-baukloetzen-2\/#primaryimage"},"thumbnailUrl":"https:\/\/bpk-archive.de\/tuellmann\/wp-content\/uploads\/2019\/08\/bpk_70242716.jpg","datePublished":"2020-05-27T15:11:40+00:00","dateModified":"2020-05-27T15:11:56+00:00","breadcrumb":{"@id":"https:\/\/bpk-archive.de\/tuellmann\/produkt\/rueckseite-von-kindergarten-st-bernhard-kinder-bauen-einen-turm-aus-baukloetzen-2\/#breadcrumb"},"inLanguage":"de","potentialAction":[{"@type":"ReadAction","target":["https:\/\/bpk-archive.de\/tuellmann\/produkt\/rueckseite-von-kindergarten-st-bernhard-kinder-bauen-einen-turm-aus-baukloetzen-2\/"]}]},{"@type":"ImageObject","inLanguage":"de","@id":"https:\/\/bpk-archive.de\/tuellmann\/produkt\/rueckseite-von-kindergarten-st-bernhard-kinder-bauen-einen-turm-aus-baukloetzen-2\/#primaryimage","url":"https:\/\/bpk-archive.de\/tuellmann\/wp-content\/uploads\/2019\/08\/bpk_70242716.jpg","contentUrl":"https:\/\/bpk-archive.de\/tuellmann\/wp-content\/uploads\/2019\/08\/bpk_70242716.jpg","width":1200,"height":935,"caption":"R\u00fcckseite von: Kindergarten St. Bernhard - Kinder bauen einen Turm aus Baukl\u00f6tzen"},{"@type":"BreadcrumbList","@id":"https:\/\/bpk-archive.de\/tuellmann\/produkt\/rueckseite-von-kindergarten-st-bernhard-kinder-bauen-einen-turm-aus-baukloetzen-2\/#breadcrumb","itemListElement":[{"@type":"ListItem","position":1,"name":"Startseite","item":"https:\/\/bpk-archive.de\/tuellmann\/"},{"@type":"ListItem","position":2,"name":"Shop","item":"https:\/\/bpk-archive.de\/tuellmann\/shop\/"},{"@type":"ListItem","position":3,"name":"R\u00fcckseite von: Kindergarten St. Bernhard &#8211; Kinder bauen einen Turm aus Baukl\u00f6tzen"}]},{"@type":"WebSite","@id":"https:\/\/bpk-archive.de\/tuellmann\/#website","url":"https:\/\/bpk-archive.de\/tuellmann\/","name":"Abisag T\u00fcllmann","description":"Eine weitere WordPress-Website","potentialAction":[{"@type":"SearchAction","target":{"@type":"EntryPoint","urlTemplate":"https:\/\/bpk-archive.de\/tuellmann\/?s={search_term_string}"},"query-input":{"@type":"PropertyValueSpecification","valueRequired":true,"valueName":"search_term_string"}}],"inLanguage":"de"}]}},"_links":{"self":[{"href":"https:\/\/bpk-archive.de\/tuellmann\/wp-json\/wp\/v2\/product\/70316162","targetHints":{"allow":["GET"]}}],"collection":[{"href":"https:\/\/bpk-archive.de\/tuellmann\/wp-json\/wp\/v2\/product"}],"about":[{"href":"https:\/\/bpk-archive.de\/tuellmann\/wp-json\/wp\/v2\/types\/product"}],"wp:featuredmedia":[{"embeddable":true,"href":"https:\/\/bpk-archive.de\/tuellmann\/wp-json\/wp\/v2\/media\/70292003"}],"wp:attachment":[{"href":"https:\/\/bpk-archive.de\/tuellmann\/wp-json\/wp\/v2\/media?parent=70316162"}],"wp:term":[{"taxonomy":"product_brand","embeddable":true,"href":"https:\/\/bpk-archive.de\/tuellmann\/wp-json\/wp\/v2\/product_brand?post=70316162"},{"taxonomy":"product_cat","embeddable":true,"href":"https:\/\/bpk-archive.de\/tuellmann\/wp-json\/wp\/v2\/product_cat?post=70316162"},{"taxonomy":"product_tag","embeddable":true,"href":"https:\/\/bpk-archive.de\/tuellmann\/wp-json\/wp\/v2\/product_tag?post=70316162"}],"curies":[{"name":"wp","href":"https:\/\/api.w.org\/{rel}","templated":true}]}}