{"id":70316156,"date":"2020-05-27T17:11:40","date_gmt":"2020-05-27T15:11:40","guid":{"rendered":"https:\/\/bpk-archive.de\/tuellmann\/\/atbild\/rueckseite-von-lateinunterricht-im-internat-millfield-school-2\/"},"modified":"2020-05-27T17:11:51","modified_gmt":"2020-05-27T15:11:51","slug":"rueckseite-von-lateinunterricht-im-internat-millfield-school-2","status":"publish","type":"product","link":"https:\/\/bpk-archive.de\/tuellmann\/produkt\/rueckseite-von-lateinunterricht-im-internat-millfield-school-2\/","title":{"rendered":"R\u00fcckseite von: Lateinunterricht im Internat Millfield School"},"content":{"rendered":"<p>Vorderseite siehe: 70243156 R\u00fcckseitenbeschriftung von Hand der Fotografin: &#8222;Lateinunterricht in Millfield, einem sehr teuren englischen Internat, wo f\u00fcr 700 Sch\u00fcler 150 Lehrer vorhanden sind&#8220;<\/p>\n","protected":false},"excerpt":{"rendered":"<p>Vorderseite siehe: 70243156 R\u00fcckseitenbeschriftung von Hand der Fotografin: &#8222;Lateinunterricht in Millfield, einem sehr teuren englischen Internat, wo f\u00fcr 700 Sch\u00fcler 150 Lehrer vorhanden sind&#8220;<\/p>\n","protected":false},"featured_media":70292482,"template":"","meta":[],"product_brand":[],"product_cat":[],"product_tag":[13774,13232,13234,13231,13233,13775,62149,13777,62150,53196,51829,48355,48356,48357,48358,48359,48360,50141,62694,55191,55192,55195,55196,55197,55198,55199,55200,62699,62700,62701,62702,62703,62672,55205,55206,55209,55210,55211,48771,48772,48773,48774,48775,52424,52426,13293,13786,13787,13294,13295,13296,13297,47267,14327,55216,55217,48442,48443,48444,48445,48446,62675,62676,62251,52297,52298,52822,52823,50119,54028,73501,73502,73503,73504,73505,48451,48452,13328,13827,13828,13329,13330,13331,13332,47332,13843,48363,47333,47334,47335,47336,47337,47594,47595,13877,13879,48364,48365,62156,50163,50164,54158,13349,13350,62503,13865,13864,13866,13858,13859,13860,13861,13862,13863,13867,13869,13870,13871,13872,55229,48454,48455,48456,48457,48458,48459,48460,48461,48462,13878,13880,59743,48366,55242,48367,47615,48368],"class_list":{"0":"post-70316156","1":"product","2":"type-product","3":"status-publish","4":"has-post-thumbnail","6":"product_tag-1960er-jahre","7":"product_tag-20-jahrhundert-nach-chr","8":"product_tag-20-jh-n-chr","9":"product_tag-20-jahrhundert","10":"product_tag-20-jh","11":"product_tag-60er","12":"product_tag-abt_005","13":"product_tag-abzug","14":"product_tag-at_paedagogik","15":"product_tag-ausland","16":"product_tag-beschreibung","17":"product_tag-beschriftet","18":"product_tag-beschriftete","19":"product_tag-beschrifteter","20":"product_tag-beschriftetes","21":"product_tag-beschriftung","22":"product_tag-beschriftungen","23":"product_tag-bildung","24":"product_tag-bildungswesen","25":"product_tag-brite","26":"product_tag-briten","27":"product_tag-britisch","28":"product_tag-britische","29":"product_tag-britischen","30":"product_tag-britischer","31":"product_tag-britisches","32":"product_tag-british","33":"product_tag-eigenhaendig","34":"product_tag-eigenhaendige","35":"product_tag-eigenhaendigen","36":"product_tag-eigenhaendiger","37":"product_tag-eigenhaendiges","38":"product_tag-eliteschule","39":"product_tag-england","40":"product_tag-englaender","41":"product_tag-englaendern","42":"product_tag-englaenders","43":"product_tag-englands","44":"product_tag-englisch","45":"product_tag-englische","46":"product_tag-englischen","47":"product_tag-englischer","48":"product_tag-englisches","49":"product_tag-erziehen","50":"product_tag-erziehung","51":"product_tag-foto","52":"product_tag-fotoabzug","53":"product_tag-fotoabzuege","54":"product_tag-fotografie","55":"product_tag-fotografien","56":"product_tag-fotografin","57":"product_tag-fotografinnen","58":"product_tag-fotoreportage","59":"product_tag-gesellschaft","60":"product_tag-grossbritannien","61":"product_tag-grossbritanniens","62":"product_tag-handschriftlich","63":"product_tag-handschriftliche","64":"product_tag-handschriftlichen","65":"product_tag-handschriftlicher","66":"product_tag-handschriftliches","67":"product_tag-hochbegabte","68":"product_tag-hochbegabung","69":"product_tag-internat","70":"product_tag-klassenraum","71":"product_tag-klassenzimmer","72":"product_tag-lehrer","73":"product_tag-lehrers","74":"product_tag-lernen","75":"product_tag-paedagogik","76":"product_tag-paedagogisch","77":"product_tag-paedagogische","78":"product_tag-paedagogischem","79":"product_tag-paedagogischen","80":"product_tag-paedagogischer","81":"product_tag-pendant","82":"product_tag-pendants","83":"product_tag-photo","84":"product_tag-photoabzug","85":"product_tag-photoabzuege","86":"product_tag-photographie","87":"product_tag-photographien","88":"product_tag-photographin","89":"product_tag-photographinnen","90":"product_tag-photoreportage","91":"product_tag-print","92":"product_tag-publikation","93":"product_tag-reportage","94":"product_tag-reportagefoto","95":"product_tag-reportagefotografie","96":"product_tag-reportagephoto","97":"product_tag-reportagephotographie","98":"product_tag-rueckansicht","99":"product_tag-rueckseite","100":"product_tag-s-w-fotografie","101":"product_tag-s-w-photographie","102":"product_tag-schrift","103":"product_tag-schriften","104":"product_tag-schulbildung","105":"product_tag-schule","106":"product_tag-schulen","107":"product_tag-schueler","108":"product_tag-schuluniform","109":"product_tag-schuluniformen","110":"product_tag-schulunterricht","111":"product_tag-schwarzweissphotographie","112":"product_tag-schwarz-weiss-fotografie","113":"product_tag-schwarz-weiss-photographie","114":"product_tag-schwarzweiss","115":"product_tag-schwarzweisse","116":"product_tag-schwarzweissen","117":"product_tag-schwarzweisser","118":"product_tag-schwarzweisses","119":"product_tag-schwarzweissfotografie","120":"product_tag-sechziger","121":"product_tag-silbergelatine","122":"product_tag-silbergelatineabzug","123":"product_tag-silbergelatineabzuege","124":"product_tag-silbergelatineprint","125":"product_tag-sixties","126":"product_tag-stempel","127":"product_tag-stempelabdruck","128":"product_tag-stempelabdruecke","129":"product_tag-stempelabdruckes","130":"product_tag-stempelabdrucks","131":"product_tag-stempeldruck","132":"product_tag-stempeldrucke","133":"product_tag-stempeldruckes","134":"product_tag-stempeldrucks","135":"product_tag-sw-fotografie","136":"product_tag-sw-photographie","137":"product_tag-titel","138":"product_tag-v","139":"product_tag-vereinigtes-koenigreich","140":"product_tag-verso","141":"product_tag-von-hinten","142":"product_tag-vs","143":"pa_datierung-juni-1966","144":"pa_fotograf-abisag-tuellmann","145":"pa_geografischer_bezug-aufnahmeort-street-vereinigtes-koenigreich","146":"pa_grunddaten_material_technik-foto-silbergelatine-auf-barytpapier","147":"pa_inventarnummer-tue-66-067-06","148":"pa_jahr_von-54557","149":"pa_massangaben-bildformat-foto-238-x-293-cm","150":"pa_mediennummer-62724","151":"pa_objekttyp-fotografie","153":"first","154":"instock","155":"product-type-simple"},"yoast_head":"<!-- This site is optimized with the Yoast SEO plugin v27.3 - https:\/\/yoast.com\/product\/yoast-seo-wordpress\/ -->\n<title>R\u00fcckseite von: Lateinunterricht im Internat Millfield School - Abisag T\u00fcllmann<\/title>\n<meta name=\"robots\" content=\"index, follow, max-snippet:-1, max-image-preview:large, max-video-preview:-1\" \/>\n<link rel=\"canonical\" href=\"https:\/\/bpk-archive.de\/tuellmann\/produkt\/rueckseite-von-lateinunterricht-im-internat-millfield-school-2\/\" \/>\n<meta property=\"og:locale\" content=\"de_DE\" \/>\n<meta property=\"og:type\" content=\"article\" \/>\n<meta property=\"og:title\" content=\"R\u00fcckseite von: Lateinunterricht im Internat Millfield School - Abisag T\u00fcllmann\" \/>\n<meta property=\"og:description\" content=\"Vorderseite siehe: 70243156 R\u00fcckseitenbeschriftung von Hand der Fotografin: &#8222;Lateinunterricht in Millfield, einem sehr teuren englischen Internat, wo f\u00fcr 700 Sch\u00fcler 150 Lehrer vorhanden sind&#8220;\" \/>\n<meta property=\"og:url\" content=\"https:\/\/bpk-archive.de\/tuellmann\/produkt\/rueckseite-von-lateinunterricht-im-internat-millfield-school-2\/\" \/>\n<meta property=\"og:site_name\" content=\"Abisag T\u00fcllmann\" \/>\n<meta property=\"article:modified_time\" content=\"2020-05-27T15:11:51+00:00\" \/>\n<meta property=\"og:image\" content=\"https:\/\/bpk-archive.de\/tuellmann\/wp-content\/uploads\/2019\/08\/bpk_70243157.jpg\" \/>\n\t<meta property=\"og:image:width\" content=\"1200\" \/>\n\t<meta property=\"og:image:height\" content=\"980\" \/>\n\t<meta property=\"og:image:type\" content=\"image\/jpeg\" \/>\n<meta name=\"twitter:card\" content=\"summary_large_image\" \/>\n<script type=\"application\/ld+json\" class=\"yoast-schema-graph\">{\"@context\":\"https:\\\/\\\/schema.org\",\"@graph\":[{\"@type\":\"WebPage\",\"@id\":\"https:\\\/\\\/bpk-archive.de\\\/tuellmann\\\/produkt\\\/rueckseite-von-lateinunterricht-im-internat-millfield-school-2\\\/\",\"url\":\"https:\\\/\\\/bpk-archive.de\\\/tuellmann\\\/produkt\\\/rueckseite-von-lateinunterricht-im-internat-millfield-school-2\\\/\",\"name\":\"R\u00fcckseite von: Lateinunterricht im Internat Millfield School - Abisag T\u00fcllmann\",\"isPartOf\":{\"@id\":\"https:\\\/\\\/bpk-archive.de\\\/tuellmann\\\/#website\"},\"primaryImageOfPage\":{\"@id\":\"https:\\\/\\\/bpk-archive.de\\\/tuellmann\\\/produkt\\\/rueckseite-von-lateinunterricht-im-internat-millfield-school-2\\\/#primaryimage\"},\"image\":{\"@id\":\"https:\\\/\\\/bpk-archive.de\\\/tuellmann\\\/produkt\\\/rueckseite-von-lateinunterricht-im-internat-millfield-school-2\\\/#primaryimage\"},\"thumbnailUrl\":\"https:\\\/\\\/bpk-archive.de\\\/tuellmann\\\/wp-content\\\/uploads\\\/2019\\\/08\\\/bpk_70243157.jpg\",\"datePublished\":\"2020-05-27T15:11:40+00:00\",\"dateModified\":\"2020-05-27T15:11:51+00:00\",\"breadcrumb\":{\"@id\":\"https:\\\/\\\/bpk-archive.de\\\/tuellmann\\\/produkt\\\/rueckseite-von-lateinunterricht-im-internat-millfield-school-2\\\/#breadcrumb\"},\"inLanguage\":\"de\",\"potentialAction\":[{\"@type\":\"ReadAction\",\"target\":[\"https:\\\/\\\/bpk-archive.de\\\/tuellmann\\\/produkt\\\/rueckseite-von-lateinunterricht-im-internat-millfield-school-2\\\/\"]}]},{\"@type\":\"ImageObject\",\"inLanguage\":\"de\",\"@id\":\"https:\\\/\\\/bpk-archive.de\\\/tuellmann\\\/produkt\\\/rueckseite-von-lateinunterricht-im-internat-millfield-school-2\\\/#primaryimage\",\"url\":\"https:\\\/\\\/bpk-archive.de\\\/tuellmann\\\/wp-content\\\/uploads\\\/2019\\\/08\\\/bpk_70243157.jpg\",\"contentUrl\":\"https:\\\/\\\/bpk-archive.de\\\/tuellmann\\\/wp-content\\\/uploads\\\/2019\\\/08\\\/bpk_70243157.jpg\",\"width\":1200,\"height\":980,\"caption\":\"R\u00fcckseite von: Lateinunterricht im Internat Millfield School\"},{\"@type\":\"BreadcrumbList\",\"@id\":\"https:\\\/\\\/bpk-archive.de\\\/tuellmann\\\/produkt\\\/rueckseite-von-lateinunterricht-im-internat-millfield-school-2\\\/#breadcrumb\",\"itemListElement\":[{\"@type\":\"ListItem\",\"position\":1,\"name\":\"Startseite\",\"item\":\"https:\\\/\\\/bpk-archive.de\\\/tuellmann\\\/\"},{\"@type\":\"ListItem\",\"position\":2,\"name\":\"Shop\",\"item\":\"https:\\\/\\\/bpk-archive.de\\\/tuellmann\\\/shop\\\/\"},{\"@type\":\"ListItem\",\"position\":3,\"name\":\"R\u00fcckseite von: Lateinunterricht im Internat Millfield School\"}]},{\"@type\":\"WebSite\",\"@id\":\"https:\\\/\\\/bpk-archive.de\\\/tuellmann\\\/#website\",\"url\":\"https:\\\/\\\/bpk-archive.de\\\/tuellmann\\\/\",\"name\":\"Abisag T\u00fcllmann\",\"description\":\"Eine weitere WordPress-Website\",\"potentialAction\":[{\"@type\":\"SearchAction\",\"target\":{\"@type\":\"EntryPoint\",\"urlTemplate\":\"https:\\\/\\\/bpk-archive.de\\\/tuellmann\\\/?s={search_term_string}\"},\"query-input\":{\"@type\":\"PropertyValueSpecification\",\"valueRequired\":true,\"valueName\":\"search_term_string\"}}],\"inLanguage\":\"de\"}]}<\/script>\n<!-- \/ Yoast SEO plugin. -->","yoast_head_json":{"title":"R\u00fcckseite von: Lateinunterricht im Internat Millfield School - Abisag T\u00fcllmann","robots":{"index":"index","follow":"follow","max-snippet":"max-snippet:-1","max-image-preview":"max-image-preview:large","max-video-preview":"max-video-preview:-1"},"canonical":"https:\/\/bpk-archive.de\/tuellmann\/produkt\/rueckseite-von-lateinunterricht-im-internat-millfield-school-2\/","og_locale":"de_DE","og_type":"article","og_title":"R\u00fcckseite von: Lateinunterricht im Internat Millfield School - Abisag T\u00fcllmann","og_description":"Vorderseite siehe: 70243156 R\u00fcckseitenbeschriftung von Hand der Fotografin: &#8222;Lateinunterricht in Millfield, einem sehr teuren englischen Internat, wo f\u00fcr 700 Sch\u00fcler 150 Lehrer vorhanden sind&#8220;","og_url":"https:\/\/bpk-archive.de\/tuellmann\/produkt\/rueckseite-von-lateinunterricht-im-internat-millfield-school-2\/","og_site_name":"Abisag T\u00fcllmann","article_modified_time":"2020-05-27T15:11:51+00:00","og_image":[{"width":1200,"height":980,"url":"https:\/\/bpk-archive.de\/tuellmann\/wp-content\/uploads\/2019\/08\/bpk_70243157.jpg","type":"image\/jpeg"}],"twitter_card":"summary_large_image","schema":{"@context":"https:\/\/schema.org","@graph":[{"@type":"WebPage","@id":"https:\/\/bpk-archive.de\/tuellmann\/produkt\/rueckseite-von-lateinunterricht-im-internat-millfield-school-2\/","url":"https:\/\/bpk-archive.de\/tuellmann\/produkt\/rueckseite-von-lateinunterricht-im-internat-millfield-school-2\/","name":"R\u00fcckseite von: Lateinunterricht im Internat Millfield School - Abisag T\u00fcllmann","isPartOf":{"@id":"https:\/\/bpk-archive.de\/tuellmann\/#website"},"primaryImageOfPage":{"@id":"https:\/\/bpk-archive.de\/tuellmann\/produkt\/rueckseite-von-lateinunterricht-im-internat-millfield-school-2\/#primaryimage"},"image":{"@id":"https:\/\/bpk-archive.de\/tuellmann\/produkt\/rueckseite-von-lateinunterricht-im-internat-millfield-school-2\/#primaryimage"},"thumbnailUrl":"https:\/\/bpk-archive.de\/tuellmann\/wp-content\/uploads\/2019\/08\/bpk_70243157.jpg","datePublished":"2020-05-27T15:11:40+00:00","dateModified":"2020-05-27T15:11:51+00:00","breadcrumb":{"@id":"https:\/\/bpk-archive.de\/tuellmann\/produkt\/rueckseite-von-lateinunterricht-im-internat-millfield-school-2\/#breadcrumb"},"inLanguage":"de","potentialAction":[{"@type":"ReadAction","target":["https:\/\/bpk-archive.de\/tuellmann\/produkt\/rueckseite-von-lateinunterricht-im-internat-millfield-school-2\/"]}]},{"@type":"ImageObject","inLanguage":"de","@id":"https:\/\/bpk-archive.de\/tuellmann\/produkt\/rueckseite-von-lateinunterricht-im-internat-millfield-school-2\/#primaryimage","url":"https:\/\/bpk-archive.de\/tuellmann\/wp-content\/uploads\/2019\/08\/bpk_70243157.jpg","contentUrl":"https:\/\/bpk-archive.de\/tuellmann\/wp-content\/uploads\/2019\/08\/bpk_70243157.jpg","width":1200,"height":980,"caption":"R\u00fcckseite von: Lateinunterricht im Internat Millfield School"},{"@type":"BreadcrumbList","@id":"https:\/\/bpk-archive.de\/tuellmann\/produkt\/rueckseite-von-lateinunterricht-im-internat-millfield-school-2\/#breadcrumb","itemListElement":[{"@type":"ListItem","position":1,"name":"Startseite","item":"https:\/\/bpk-archive.de\/tuellmann\/"},{"@type":"ListItem","position":2,"name":"Shop","item":"https:\/\/bpk-archive.de\/tuellmann\/shop\/"},{"@type":"ListItem","position":3,"name":"R\u00fcckseite von: Lateinunterricht im Internat Millfield School"}]},{"@type":"WebSite","@id":"https:\/\/bpk-archive.de\/tuellmann\/#website","url":"https:\/\/bpk-archive.de\/tuellmann\/","name":"Abisag T\u00fcllmann","description":"Eine weitere WordPress-Website","potentialAction":[{"@type":"SearchAction","target":{"@type":"EntryPoint","urlTemplate":"https:\/\/bpk-archive.de\/tuellmann\/?s={search_term_string}"},"query-input":{"@type":"PropertyValueSpecification","valueRequired":true,"valueName":"search_term_string"}}],"inLanguage":"de"}]}},"_links":{"self":[{"href":"https:\/\/bpk-archive.de\/tuellmann\/wp-json\/wp\/v2\/product\/70316156","targetHints":{"allow":["GET"]}}],"collection":[{"href":"https:\/\/bpk-archive.de\/tuellmann\/wp-json\/wp\/v2\/product"}],"about":[{"href":"https:\/\/bpk-archive.de\/tuellmann\/wp-json\/wp\/v2\/types\/product"}],"wp:featuredmedia":[{"embeddable":true,"href":"https:\/\/bpk-archive.de\/tuellmann\/wp-json\/wp\/v2\/media\/70292482"}],"wp:attachment":[{"href":"https:\/\/bpk-archive.de\/tuellmann\/wp-json\/wp\/v2\/media?parent=70316156"}],"wp:term":[{"taxonomy":"product_brand","embeddable":true,"href":"https:\/\/bpk-archive.de\/tuellmann\/wp-json\/wp\/v2\/product_brand?post=70316156"},{"taxonomy":"product_cat","embeddable":true,"href":"https:\/\/bpk-archive.de\/tuellmann\/wp-json\/wp\/v2\/product_cat?post=70316156"},{"taxonomy":"product_tag","embeddable":true,"href":"https:\/\/bpk-archive.de\/tuellmann\/wp-json\/wp\/v2\/product_tag?post=70316156"}],"curies":[{"name":"wp","href":"https:\/\/api.w.org\/{rel}","templated":true}]}}