{"id":70316153,"date":"2020-05-27T17:11:40","date_gmt":"2020-05-27T15:11:40","guid":{"rendered":"https:\/\/bpk-archive.de\/tuellmann\/\/atbild\/rueckseite-von-landerziehungsheim-odenwaldschule-abiturienten-vergleichen-schulaufgaben-in-der-pause-2\/"},"modified":"2020-05-27T17:11:48","modified_gmt":"2020-05-27T15:11:48","slug":"rueckseite-von-landerziehungsheim-odenwaldschule-abiturienten-vergleichen-schulaufgaben-in-der-pause-2","status":"publish","type":"product","link":"https:\/\/bpk-archive.de\/tuellmann\/produkt\/rueckseite-von-landerziehungsheim-odenwaldschule-abiturienten-vergleichen-schulaufgaben-in-der-pause-2\/","title":{"rendered":"R\u00fcckseite von: Landerziehungsheim Odenwaldschule &#8211; Abiturienten vergleichen Schulaufgaben in der Pause"},"content":{"rendered":"<p>Vorderseite siehe: 70243167 R\u00fcckseitenbeschriftung von Hand der Fotografin: &#8222;Abiturienten vergleichen Schulaufgaben in der Pause vor der Stunde&#8220;<\/p>\n","protected":false},"excerpt":{"rendered":"<p>Vorderseite siehe: 70243167 R\u00fcckseitenbeschriftung von Hand der Fotografin: &#8222;Abiturienten vergleichen Schulaufgaben in der Pause vor der Stunde&#8220;<\/p>\n","protected":false},"featured_media":70292515,"template":"","meta":[],"product_brand":[],"product_cat":[],"product_tag":[13774,13232,13234,13231,13233,13775,62149,13777,62150,50202,48355,48356,48357,48358,50141,62694,13469,13470,13253,13254,13255,13256,13257,13471,13472,52424,52426,13293,13786,13787,13294,13295,13296,13297,47267,14327,48439,50115,50116,13492,13493,13494,13495,13496,13497,62251,62253,62254,50119,52130,51841,51842,62260,62261,54028,73501,73502,73503,73504,73505,13328,13827,13828,13329,13330,13331,13332,47332,13843,48363,62241,47594,47595,13877,13879,50120,50121,50163,50164,54158,13346,13347,13865,13864,13866,13858,13859,13860,13861,13862,13863,13867,13869,13870,13871,13872,48454,48455,48456,48457,48458,48459,48460,48461,48462,13878,13880,48366,48367,47615,48368],"class_list":{"0":"post-70316153","1":"product","2":"type-product","3":"status-publish","4":"has-post-thumbnail","6":"product_tag-1960er-jahre","7":"product_tag-20-jahrhundert-nach-chr","8":"product_tag-20-jh-n-chr","9":"product_tag-20-jahrhundert","10":"product_tag-20-jh","11":"product_tag-60er","12":"product_tag-abt_005","13":"product_tag-abzug","14":"product_tag-at_paedagogik","15":"product_tag-ausschnitt","16":"product_tag-beschriftet","17":"product_tag-beschriftete","18":"product_tag-beschrifteter","19":"product_tag-beschriftetes","20":"product_tag-bildung","21":"product_tag-bildungswesen","22":"product_tag-brd","23":"product_tag-bundesrepublik-deutschland","24":"product_tag-deutsch","25":"product_tag-deutsche","26":"product_tag-deutschen","27":"product_tag-deutscher","28":"product_tag-deutsches","29":"product_tag-deutschland","30":"product_tag-deutschlands","31":"product_tag-erziehen","32":"product_tag-erziehung","33":"product_tag-foto","34":"product_tag-fotoabzug","35":"product_tag-fotoabzuege","36":"product_tag-fotografie","37":"product_tag-fotografien","38":"product_tag-fotografin","39":"product_tag-fotografinnen","40":"product_tag-fotoreportage","41":"product_tag-gesellschaft","42":"product_tag-gestempelt","43":"product_tag-hausaufgabe","44":"product_tag-hausaufgaben","45":"product_tag-hessen","46":"product_tag-hessisch","47":"product_tag-hessische","48":"product_tag-hessischen","49":"product_tag-hessischer","50":"product_tag-hessisches","51":"product_tag-internat","52":"product_tag-landerziehungsheim","53":"product_tag-landerziehungsheime","54":"product_tag-lernen","55":"product_tag-markierung","56":"product_tag-notiz","57":"product_tag-notizen","58":"product_tag-odenwald","59":"product_tag-oso","60":"product_tag-paedagogik","61":"product_tag-paedagogisch","62":"product_tag-paedagogische","63":"product_tag-paedagogischem","64":"product_tag-paedagogischen","65":"product_tag-paedagogischer","66":"product_tag-photo","67":"product_tag-photoabzug","68":"product_tag-photoabzuege","69":"product_tag-photographie","70":"product_tag-photographien","71":"product_tag-photographin","72":"product_tag-photographinnen","73":"product_tag-photoreportage","74":"product_tag-print","75":"product_tag-publikation","76":"product_tag-reformpaedagogik","77":"product_tag-rueckansicht","78":"product_tag-rueckseite","79":"product_tag-s-w-fotografie","80":"product_tag-s-w-photographie","81":"product_tag-schulaufgabe","82":"product_tag-schulaufgaben","83":"product_tag-schule","84":"product_tag-schulen","85":"product_tag-schueler","86":"product_tag-schuelerin","87":"product_tag-schuelerinnen","88":"product_tag-schwarzweissphotographie","89":"product_tag-schwarz-weiss-fotografie","90":"product_tag-schwarz-weiss-photographie","91":"product_tag-schwarzweiss","92":"product_tag-schwarzweisse","93":"product_tag-schwarzweissen","94":"product_tag-schwarzweisser","95":"product_tag-schwarzweisses","96":"product_tag-schwarzweissfotografie","97":"product_tag-sechziger","98":"product_tag-silbergelatine","99":"product_tag-silbergelatineabzug","100":"product_tag-silbergelatineabzuege","101":"product_tag-silbergelatineprint","102":"product_tag-stempel","103":"product_tag-stempelabdruck","104":"product_tag-stempelabdruecke","105":"product_tag-stempelabdruckes","106":"product_tag-stempelabdrucks","107":"product_tag-stempeldruck","108":"product_tag-stempeldrucke","109":"product_tag-stempeldruckes","110":"product_tag-stempeldrucks","111":"product_tag-sw-fotografie","112":"product_tag-sw-photographie","113":"product_tag-v","114":"product_tag-verso","115":"product_tag-von-hinten","116":"product_tag-vs","117":"pa_datierung-dezember-1968","118":"pa_fotograf-abisag-tuellmann","119":"pa_geografischer_bezug-aufnahmeort-heppenheim-ober-hambach-deutschland","120":"pa_grunddaten_material_technik-foto-silbergelatine-auf-barytpapier","121":"pa_inventarnummer-tue-68-320-19","122":"pa_jahr_von-14267","123":"pa_massangaben-bildformat-foto-233-x-297-cm","124":"pa_mediennummer-62628","125":"pa_objekttyp-fotografie","127":"first","128":"instock","129":"product-type-simple"},"yoast_head":"<!-- This site is optimized with the Yoast SEO plugin v27.3 - https:\/\/yoast.com\/product\/yoast-seo-wordpress\/ -->\n<title>R\u00fcckseite von: Landerziehungsheim Odenwaldschule - Abiturienten vergleichen Schulaufgaben in der Pause - Abisag T\u00fcllmann<\/title>\n<meta name=\"robots\" content=\"index, follow, max-snippet:-1, max-image-preview:large, max-video-preview:-1\" \/>\n<link rel=\"canonical\" href=\"https:\/\/bpk-archive.de\/tuellmann\/produkt\/rueckseite-von-landerziehungsheim-odenwaldschule-abiturienten-vergleichen-schulaufgaben-in-der-pause-2\/\" \/>\n<meta property=\"og:locale\" content=\"de_DE\" \/>\n<meta property=\"og:type\" content=\"article\" \/>\n<meta property=\"og:title\" content=\"R\u00fcckseite von: Landerziehungsheim Odenwaldschule - Abiturienten vergleichen Schulaufgaben in der Pause - Abisag T\u00fcllmann\" \/>\n<meta property=\"og:description\" content=\"Vorderseite siehe: 70243167 R\u00fcckseitenbeschriftung von Hand der Fotografin: &#8222;Abiturienten vergleichen Schulaufgaben in der Pause vor der Stunde&#8220;\" \/>\n<meta property=\"og:url\" content=\"https:\/\/bpk-archive.de\/tuellmann\/produkt\/rueckseite-von-landerziehungsheim-odenwaldschule-abiturienten-vergleichen-schulaufgaben-in-der-pause-2\/\" \/>\n<meta property=\"og:site_name\" content=\"Abisag T\u00fcllmann\" \/>\n<meta property=\"article:modified_time\" content=\"2020-05-27T15:11:48+00:00\" \/>\n<meta property=\"og:image\" content=\"https:\/\/bpk-archive.de\/tuellmann\/wp-content\/uploads\/2019\/08\/bpk_70243168.jpg\" \/>\n\t<meta property=\"og:image:width\" content=\"1200\" \/>\n\t<meta property=\"og:image:height\" content=\"957\" \/>\n\t<meta property=\"og:image:type\" content=\"image\/jpeg\" \/>\n<meta name=\"twitter:card\" content=\"summary_large_image\" \/>\n<script type=\"application\/ld+json\" class=\"yoast-schema-graph\">{\"@context\":\"https:\\\/\\\/schema.org\",\"@graph\":[{\"@type\":\"WebPage\",\"@id\":\"https:\\\/\\\/bpk-archive.de\\\/tuellmann\\\/produkt\\\/rueckseite-von-landerziehungsheim-odenwaldschule-abiturienten-vergleichen-schulaufgaben-in-der-pause-2\\\/\",\"url\":\"https:\\\/\\\/bpk-archive.de\\\/tuellmann\\\/produkt\\\/rueckseite-von-landerziehungsheim-odenwaldschule-abiturienten-vergleichen-schulaufgaben-in-der-pause-2\\\/\",\"name\":\"R\u00fcckseite von: Landerziehungsheim Odenwaldschule - Abiturienten vergleichen Schulaufgaben in der Pause - Abisag T\u00fcllmann\",\"isPartOf\":{\"@id\":\"https:\\\/\\\/bpk-archive.de\\\/tuellmann\\\/#website\"},\"primaryImageOfPage\":{\"@id\":\"https:\\\/\\\/bpk-archive.de\\\/tuellmann\\\/produkt\\\/rueckseite-von-landerziehungsheim-odenwaldschule-abiturienten-vergleichen-schulaufgaben-in-der-pause-2\\\/#primaryimage\"},\"image\":{\"@id\":\"https:\\\/\\\/bpk-archive.de\\\/tuellmann\\\/produkt\\\/rueckseite-von-landerziehungsheim-odenwaldschule-abiturienten-vergleichen-schulaufgaben-in-der-pause-2\\\/#primaryimage\"},\"thumbnailUrl\":\"https:\\\/\\\/bpk-archive.de\\\/tuellmann\\\/wp-content\\\/uploads\\\/2019\\\/08\\\/bpk_70243168.jpg\",\"datePublished\":\"2020-05-27T15:11:40+00:00\",\"dateModified\":\"2020-05-27T15:11:48+00:00\",\"breadcrumb\":{\"@id\":\"https:\\\/\\\/bpk-archive.de\\\/tuellmann\\\/produkt\\\/rueckseite-von-landerziehungsheim-odenwaldschule-abiturienten-vergleichen-schulaufgaben-in-der-pause-2\\\/#breadcrumb\"},\"inLanguage\":\"de\",\"potentialAction\":[{\"@type\":\"ReadAction\",\"target\":[\"https:\\\/\\\/bpk-archive.de\\\/tuellmann\\\/produkt\\\/rueckseite-von-landerziehungsheim-odenwaldschule-abiturienten-vergleichen-schulaufgaben-in-der-pause-2\\\/\"]}]},{\"@type\":\"ImageObject\",\"inLanguage\":\"de\",\"@id\":\"https:\\\/\\\/bpk-archive.de\\\/tuellmann\\\/produkt\\\/rueckseite-von-landerziehungsheim-odenwaldschule-abiturienten-vergleichen-schulaufgaben-in-der-pause-2\\\/#primaryimage\",\"url\":\"https:\\\/\\\/bpk-archive.de\\\/tuellmann\\\/wp-content\\\/uploads\\\/2019\\\/08\\\/bpk_70243168.jpg\",\"contentUrl\":\"https:\\\/\\\/bpk-archive.de\\\/tuellmann\\\/wp-content\\\/uploads\\\/2019\\\/08\\\/bpk_70243168.jpg\",\"width\":1200,\"height\":957,\"caption\":\"R\u00fcckseite von: Landerziehungsheim Odenwaldschule - Abiturienten vergleichen Schulaufgaben in der Pause\"},{\"@type\":\"BreadcrumbList\",\"@id\":\"https:\\\/\\\/bpk-archive.de\\\/tuellmann\\\/produkt\\\/rueckseite-von-landerziehungsheim-odenwaldschule-abiturienten-vergleichen-schulaufgaben-in-der-pause-2\\\/#breadcrumb\",\"itemListElement\":[{\"@type\":\"ListItem\",\"position\":1,\"name\":\"Startseite\",\"item\":\"https:\\\/\\\/bpk-archive.de\\\/tuellmann\\\/\"},{\"@type\":\"ListItem\",\"position\":2,\"name\":\"Shop\",\"item\":\"https:\\\/\\\/bpk-archive.de\\\/tuellmann\\\/shop\\\/\"},{\"@type\":\"ListItem\",\"position\":3,\"name\":\"R\u00fcckseite von: Landerziehungsheim Odenwaldschule &#8211; Abiturienten vergleichen Schulaufgaben in der Pause\"}]},{\"@type\":\"WebSite\",\"@id\":\"https:\\\/\\\/bpk-archive.de\\\/tuellmann\\\/#website\",\"url\":\"https:\\\/\\\/bpk-archive.de\\\/tuellmann\\\/\",\"name\":\"Abisag T\u00fcllmann\",\"description\":\"Eine weitere WordPress-Website\",\"potentialAction\":[{\"@type\":\"SearchAction\",\"target\":{\"@type\":\"EntryPoint\",\"urlTemplate\":\"https:\\\/\\\/bpk-archive.de\\\/tuellmann\\\/?s={search_term_string}\"},\"query-input\":{\"@type\":\"PropertyValueSpecification\",\"valueRequired\":true,\"valueName\":\"search_term_string\"}}],\"inLanguage\":\"de\"}]}<\/script>\n<!-- \/ Yoast SEO plugin. -->","yoast_head_json":{"title":"R\u00fcckseite von: Landerziehungsheim Odenwaldschule - Abiturienten vergleichen Schulaufgaben in der Pause - Abisag T\u00fcllmann","robots":{"index":"index","follow":"follow","max-snippet":"max-snippet:-1","max-image-preview":"max-image-preview:large","max-video-preview":"max-video-preview:-1"},"canonical":"https:\/\/bpk-archive.de\/tuellmann\/produkt\/rueckseite-von-landerziehungsheim-odenwaldschule-abiturienten-vergleichen-schulaufgaben-in-der-pause-2\/","og_locale":"de_DE","og_type":"article","og_title":"R\u00fcckseite von: Landerziehungsheim Odenwaldschule - Abiturienten vergleichen Schulaufgaben in der Pause - Abisag T\u00fcllmann","og_description":"Vorderseite siehe: 70243167 R\u00fcckseitenbeschriftung von Hand der Fotografin: &#8222;Abiturienten vergleichen Schulaufgaben in der Pause vor der Stunde&#8220;","og_url":"https:\/\/bpk-archive.de\/tuellmann\/produkt\/rueckseite-von-landerziehungsheim-odenwaldschule-abiturienten-vergleichen-schulaufgaben-in-der-pause-2\/","og_site_name":"Abisag T\u00fcllmann","article_modified_time":"2020-05-27T15:11:48+00:00","og_image":[{"width":1200,"height":957,"url":"https:\/\/bpk-archive.de\/tuellmann\/wp-content\/uploads\/2019\/08\/bpk_70243168.jpg","type":"image\/jpeg"}],"twitter_card":"summary_large_image","schema":{"@context":"https:\/\/schema.org","@graph":[{"@type":"WebPage","@id":"https:\/\/bpk-archive.de\/tuellmann\/produkt\/rueckseite-von-landerziehungsheim-odenwaldschule-abiturienten-vergleichen-schulaufgaben-in-der-pause-2\/","url":"https:\/\/bpk-archive.de\/tuellmann\/produkt\/rueckseite-von-landerziehungsheim-odenwaldschule-abiturienten-vergleichen-schulaufgaben-in-der-pause-2\/","name":"R\u00fcckseite von: Landerziehungsheim Odenwaldschule - Abiturienten vergleichen Schulaufgaben in der Pause - Abisag T\u00fcllmann","isPartOf":{"@id":"https:\/\/bpk-archive.de\/tuellmann\/#website"},"primaryImageOfPage":{"@id":"https:\/\/bpk-archive.de\/tuellmann\/produkt\/rueckseite-von-landerziehungsheim-odenwaldschule-abiturienten-vergleichen-schulaufgaben-in-der-pause-2\/#primaryimage"},"image":{"@id":"https:\/\/bpk-archive.de\/tuellmann\/produkt\/rueckseite-von-landerziehungsheim-odenwaldschule-abiturienten-vergleichen-schulaufgaben-in-der-pause-2\/#primaryimage"},"thumbnailUrl":"https:\/\/bpk-archive.de\/tuellmann\/wp-content\/uploads\/2019\/08\/bpk_70243168.jpg","datePublished":"2020-05-27T15:11:40+00:00","dateModified":"2020-05-27T15:11:48+00:00","breadcrumb":{"@id":"https:\/\/bpk-archive.de\/tuellmann\/produkt\/rueckseite-von-landerziehungsheim-odenwaldschule-abiturienten-vergleichen-schulaufgaben-in-der-pause-2\/#breadcrumb"},"inLanguage":"de","potentialAction":[{"@type":"ReadAction","target":["https:\/\/bpk-archive.de\/tuellmann\/produkt\/rueckseite-von-landerziehungsheim-odenwaldschule-abiturienten-vergleichen-schulaufgaben-in-der-pause-2\/"]}]},{"@type":"ImageObject","inLanguage":"de","@id":"https:\/\/bpk-archive.de\/tuellmann\/produkt\/rueckseite-von-landerziehungsheim-odenwaldschule-abiturienten-vergleichen-schulaufgaben-in-der-pause-2\/#primaryimage","url":"https:\/\/bpk-archive.de\/tuellmann\/wp-content\/uploads\/2019\/08\/bpk_70243168.jpg","contentUrl":"https:\/\/bpk-archive.de\/tuellmann\/wp-content\/uploads\/2019\/08\/bpk_70243168.jpg","width":1200,"height":957,"caption":"R\u00fcckseite von: Landerziehungsheim Odenwaldschule - Abiturienten vergleichen Schulaufgaben in der Pause"},{"@type":"BreadcrumbList","@id":"https:\/\/bpk-archive.de\/tuellmann\/produkt\/rueckseite-von-landerziehungsheim-odenwaldschule-abiturienten-vergleichen-schulaufgaben-in-der-pause-2\/#breadcrumb","itemListElement":[{"@type":"ListItem","position":1,"name":"Startseite","item":"https:\/\/bpk-archive.de\/tuellmann\/"},{"@type":"ListItem","position":2,"name":"Shop","item":"https:\/\/bpk-archive.de\/tuellmann\/shop\/"},{"@type":"ListItem","position":3,"name":"R\u00fcckseite von: Landerziehungsheim Odenwaldschule &#8211; Abiturienten vergleichen Schulaufgaben in der Pause"}]},{"@type":"WebSite","@id":"https:\/\/bpk-archive.de\/tuellmann\/#website","url":"https:\/\/bpk-archive.de\/tuellmann\/","name":"Abisag T\u00fcllmann","description":"Eine weitere WordPress-Website","potentialAction":[{"@type":"SearchAction","target":{"@type":"EntryPoint","urlTemplate":"https:\/\/bpk-archive.de\/tuellmann\/?s={search_term_string}"},"query-input":{"@type":"PropertyValueSpecification","valueRequired":true,"valueName":"search_term_string"}}],"inLanguage":"de"}]}},"_links":{"self":[{"href":"https:\/\/bpk-archive.de\/tuellmann\/wp-json\/wp\/v2\/product\/70316153","targetHints":{"allow":["GET"]}}],"collection":[{"href":"https:\/\/bpk-archive.de\/tuellmann\/wp-json\/wp\/v2\/product"}],"about":[{"href":"https:\/\/bpk-archive.de\/tuellmann\/wp-json\/wp\/v2\/types\/product"}],"wp:featuredmedia":[{"embeddable":true,"href":"https:\/\/bpk-archive.de\/tuellmann\/wp-json\/wp\/v2\/media\/70292515"}],"wp:attachment":[{"href":"https:\/\/bpk-archive.de\/tuellmann\/wp-json\/wp\/v2\/media?parent=70316153"}],"wp:term":[{"taxonomy":"product_brand","embeddable":true,"href":"https:\/\/bpk-archive.de\/tuellmann\/wp-json\/wp\/v2\/product_brand?post=70316153"},{"taxonomy":"product_cat","embeddable":true,"href":"https:\/\/bpk-archive.de\/tuellmann\/wp-json\/wp\/v2\/product_cat?post=70316153"},{"taxonomy":"product_tag","embeddable":true,"href":"https:\/\/bpk-archive.de\/tuellmann\/wp-json\/wp\/v2\/product_tag?post=70316153"}],"curies":[{"name":"wp","href":"https:\/\/api.w.org\/{rel}","templated":true}]}}