{"id":70316150,"date":"2020-05-27T17:11:40","date_gmt":"2020-05-27T15:11:40","guid":{"rendered":"https:\/\/bpk-archive.de\/tuellmann\/\/atbild\/rueckseite-von-trauriges-maedchen-im-kindergarten-st-bernhard-2\/"},"modified":"2020-05-27T17:11:45","modified_gmt":"2020-05-27T15:11:45","slug":"rueckseite-von-trauriges-maedchen-im-kindergarten-st-bernhard-2","status":"publish","type":"product","link":"https:\/\/bpk-archive.de\/tuellmann\/produkt\/rueckseite-von-trauriges-maedchen-im-kindergarten-st-bernhard-2\/","title":{"rendered":"R\u00fcckseite von: Trauriges M\u00e4dchen im Kindergarten St. Bernhard"},"content":{"rendered":"<p>Vorderseite siehe: 70248509<\/p>\n","protected":false},"excerpt":{"rendered":"<p>Vorderseite siehe: 70248509<\/p>\n","protected":false},"featured_media":70292707,"template":"","meta":[],"product_brand":[],"product_cat":[],"product_tag":[13230,13232,13234,13231,13233,13235,62149,13777,62150,48355,48356,48357,48358,48359,48360,50141,62694,13469,13470,13471,13472,73499,60275,60276,60277,60278,60279,52424,52426,13293,13786,13787,13294,13295,13296,13297,13485,13486,13482,13481,13483,13484,14327,48442,48443,48444,48445,48446,73500,13492,13493,13494,13495,13496,13497,14205,14206,14207,49695,54131,54132,54133,14213,14218,14219,13310,13311,51841,51842,54028,73501,73502,73503,73504,73505,13328,13827,13828,13329,13330,13331,13332,13843,48363,73506,47594,47595,13877,13879,13865,13864,13866,13858,13859,13860,13861,13862,13863,13354,13869,13870,13871,13872,48454,48455,48456,48457,48458,48459,48460,48461,48462,13878,13880,52000,52001,52002,52003,52004,52005,48366,48367,47615,48368],"class_list":{"0":"post-70316150","1":"product","2":"type-product","3":"status-publish","4":"has-post-thumbnail","6":"product_tag-1970er-jahre","7":"product_tag-20-jahrhundert-nach-chr","8":"product_tag-20-jh-n-chr","9":"product_tag-20-jahrhundert","10":"product_tag-20-jh","11":"product_tag-70er","12":"product_tag-abt_005","13":"product_tag-abzug","14":"product_tag-at_paedagogik","15":"product_tag-beschriftet","16":"product_tag-beschriftete","17":"product_tag-beschrifteter","18":"product_tag-beschriftetes","19":"product_tag-beschriftung","20":"product_tag-beschriftungen","21":"product_tag-bildung","22":"product_tag-bildungswesen","23":"product_tag-brd","24":"product_tag-bundesrepublik-deutschland","25":"product_tag-deutschland","26":"product_tag-deutschlands","27":"product_tag-eile","28":"product_tag-eilig","29":"product_tag-eilige","30":"product_tag-eiligen","31":"product_tag-eiliger","32":"product_tag-eiliges","33":"product_tag-erziehen","34":"product_tag-erziehung","35":"product_tag-foto","36":"product_tag-fotoabzug","37":"product_tag-fotoabzuege","38":"product_tag-fotografie","39":"product_tag-fotografien","40":"product_tag-fotografin","41":"product_tag-fotografinnen","42":"product_tag-frankfurt-m","43":"product_tag-frankfurt-main","44":"product_tag-frankfurt-a-main","45":"product_tag-frankfurt-a-m","46":"product_tag-frankfurt-am-main","47":"product_tag-frankfurter","48":"product_tag-gesellschaft","49":"product_tag-handschriftlich","50":"product_tag-handschriftliche","51":"product_tag-handschriftlichen","52":"product_tag-handschriftlicher","53":"product_tag-handschriftliches","54":"product_tag-hast","55":"product_tag-hessen","56":"product_tag-hessisch","57":"product_tag-hessische","58":"product_tag-hessischen","59":"product_tag-hessischer","60":"product_tag-hessisches","61":"product_tag-kind","62":"product_tag-kinde","63":"product_tag-kinder","64":"product_tag-kindererziehung","65":"product_tag-kindergarten","66":"product_tag-kindergartenkind","67":"product_tag-kindergartenkinder","68":"product_tag-kindern","69":"product_tag-kindes","70":"product_tag-kindheit","71":"product_tag-maedchen","72":"product_tag-maedchens","73":"product_tag-notiz","74":"product_tag-notizen","75":"product_tag-paedagogik","76":"product_tag-paedagogisch","77":"product_tag-paedagogische","78":"product_tag-paedagogischem","79":"product_tag-paedagogischen","80":"product_tag-paedagogischer","81":"product_tag-photo","82":"product_tag-photoabzug","83":"product_tag-photoabzuege","84":"product_tag-photographie","85":"product_tag-photographien","86":"product_tag-photographin","87":"product_tag-photographinnen","88":"product_tag-print","89":"product_tag-publikation","90":"product_tag-rotstift","91":"product_tag-rueckansicht","92":"product_tag-rueckseite","93":"product_tag-s-w-fotografie","94":"product_tag-s-w-photographie","95":"product_tag-schwarzweissphotographie","96":"product_tag-schwarz-weiss-fotografie","97":"product_tag-schwarz-weiss-photographie","98":"product_tag-schwarzweiss","99":"product_tag-schwarzweisse","100":"product_tag-schwarzweissen","101":"product_tag-schwarzweisser","102":"product_tag-schwarzweisses","103":"product_tag-schwarzweissfotografie","104":"product_tag-siebziger","105":"product_tag-silbergelatine","106":"product_tag-silbergelatineabzug","107":"product_tag-silbergelatineabzuege","108":"product_tag-silbergelatineprint","109":"product_tag-stempel","110":"product_tag-stempelabdruck","111":"product_tag-stempelabdruecke","112":"product_tag-stempelabdruckes","113":"product_tag-stempelabdrucks","114":"product_tag-stempeldruck","115":"product_tag-stempeldrucke","116":"product_tag-stempeldruckes","117":"product_tag-stempeldrucks","118":"product_tag-sw-fotografie","119":"product_tag-sw-photographie","120":"product_tag-traurig","121":"product_tag-traurige","122":"product_tag-traurigen","123":"product_tag-trauriger","124":"product_tag-trauriges","125":"product_tag-traurigkeit","126":"product_tag-v","127":"product_tag-verso","128":"product_tag-von-hinten","129":"product_tag-vs","130":"pa_datierung-februar-1974","131":"pa_fotograf-abisag-tuellmann","132":"pa_geografischer_bezug-aufnahmeort-frankfurt-am-main-deutschland","133":"pa_grunddaten_material_technik-foto-silbergelatine-auf-barytpapier","134":"pa_inventarnummer-tue-74-038-19","135":"pa_jahr_von-51802","136":"pa_massangaben-bildformat-foto-233-x-304-cm","137":"pa_mediennummer-67253","138":"pa_objekttyp-fotografie","140":"first","141":"instock","142":"product-type-simple"},"yoast_head":"<!-- This site is optimized with the Yoast SEO plugin v27.3 - https:\/\/yoast.com\/product\/yoast-seo-wordpress\/ -->\n<title>R\u00fcckseite von: Trauriges M\u00e4dchen im Kindergarten St. Bernhard - Abisag T\u00fcllmann<\/title>\n<meta name=\"robots\" content=\"index, follow, max-snippet:-1, max-image-preview:large, max-video-preview:-1\" \/>\n<link rel=\"canonical\" href=\"https:\/\/bpk-archive.de\/tuellmann\/produkt\/rueckseite-von-trauriges-maedchen-im-kindergarten-st-bernhard-2\/\" \/>\n<meta property=\"og:locale\" content=\"de_DE\" \/>\n<meta property=\"og:type\" content=\"article\" \/>\n<meta property=\"og:title\" content=\"R\u00fcckseite von: Trauriges M\u00e4dchen im Kindergarten St. Bernhard - Abisag T\u00fcllmann\" \/>\n<meta property=\"og:description\" content=\"Vorderseite siehe: 70248509\" \/>\n<meta property=\"og:url\" content=\"https:\/\/bpk-archive.de\/tuellmann\/produkt\/rueckseite-von-trauriges-maedchen-im-kindergarten-st-bernhard-2\/\" \/>\n<meta property=\"og:site_name\" content=\"Abisag T\u00fcllmann\" \/>\n<meta property=\"article:modified_time\" content=\"2020-05-27T15:11:45+00:00\" \/>\n<meta property=\"og:image\" content=\"https:\/\/bpk-archive.de\/tuellmann\/wp-content\/uploads\/2019\/08\/bpk_70248510.jpg\" \/>\n\t<meta property=\"og:image:width\" content=\"1200\" \/>\n\t<meta property=\"og:image:height\" content=\"937\" \/>\n\t<meta property=\"og:image:type\" content=\"image\/jpeg\" \/>\n<meta name=\"twitter:card\" content=\"summary_large_image\" \/>\n<script type=\"application\/ld+json\" class=\"yoast-schema-graph\">{\"@context\":\"https:\\\/\\\/schema.org\",\"@graph\":[{\"@type\":\"WebPage\",\"@id\":\"https:\\\/\\\/bpk-archive.de\\\/tuellmann\\\/produkt\\\/rueckseite-von-trauriges-maedchen-im-kindergarten-st-bernhard-2\\\/\",\"url\":\"https:\\\/\\\/bpk-archive.de\\\/tuellmann\\\/produkt\\\/rueckseite-von-trauriges-maedchen-im-kindergarten-st-bernhard-2\\\/\",\"name\":\"R\u00fcckseite von: Trauriges M\u00e4dchen im Kindergarten St. Bernhard - Abisag T\u00fcllmann\",\"isPartOf\":{\"@id\":\"https:\\\/\\\/bpk-archive.de\\\/tuellmann\\\/#website\"},\"primaryImageOfPage\":{\"@id\":\"https:\\\/\\\/bpk-archive.de\\\/tuellmann\\\/produkt\\\/rueckseite-von-trauriges-maedchen-im-kindergarten-st-bernhard-2\\\/#primaryimage\"},\"image\":{\"@id\":\"https:\\\/\\\/bpk-archive.de\\\/tuellmann\\\/produkt\\\/rueckseite-von-trauriges-maedchen-im-kindergarten-st-bernhard-2\\\/#primaryimage\"},\"thumbnailUrl\":\"https:\\\/\\\/bpk-archive.de\\\/tuellmann\\\/wp-content\\\/uploads\\\/2019\\\/08\\\/bpk_70248510.jpg\",\"datePublished\":\"2020-05-27T15:11:40+00:00\",\"dateModified\":\"2020-05-27T15:11:45+00:00\",\"breadcrumb\":{\"@id\":\"https:\\\/\\\/bpk-archive.de\\\/tuellmann\\\/produkt\\\/rueckseite-von-trauriges-maedchen-im-kindergarten-st-bernhard-2\\\/#breadcrumb\"},\"inLanguage\":\"de\",\"potentialAction\":[{\"@type\":\"ReadAction\",\"target\":[\"https:\\\/\\\/bpk-archive.de\\\/tuellmann\\\/produkt\\\/rueckseite-von-trauriges-maedchen-im-kindergarten-st-bernhard-2\\\/\"]}]},{\"@type\":\"ImageObject\",\"inLanguage\":\"de\",\"@id\":\"https:\\\/\\\/bpk-archive.de\\\/tuellmann\\\/produkt\\\/rueckseite-von-trauriges-maedchen-im-kindergarten-st-bernhard-2\\\/#primaryimage\",\"url\":\"https:\\\/\\\/bpk-archive.de\\\/tuellmann\\\/wp-content\\\/uploads\\\/2019\\\/08\\\/bpk_70248510.jpg\",\"contentUrl\":\"https:\\\/\\\/bpk-archive.de\\\/tuellmann\\\/wp-content\\\/uploads\\\/2019\\\/08\\\/bpk_70248510.jpg\",\"width\":1200,\"height\":937,\"caption\":\"R\u00fcckseite von: Trauriges M\u00e4dchen im Kindergarten St. Bernhard\"},{\"@type\":\"BreadcrumbList\",\"@id\":\"https:\\\/\\\/bpk-archive.de\\\/tuellmann\\\/produkt\\\/rueckseite-von-trauriges-maedchen-im-kindergarten-st-bernhard-2\\\/#breadcrumb\",\"itemListElement\":[{\"@type\":\"ListItem\",\"position\":1,\"name\":\"Startseite\",\"item\":\"https:\\\/\\\/bpk-archive.de\\\/tuellmann\\\/\"},{\"@type\":\"ListItem\",\"position\":2,\"name\":\"Shop\",\"item\":\"https:\\\/\\\/bpk-archive.de\\\/tuellmann\\\/shop\\\/\"},{\"@type\":\"ListItem\",\"position\":3,\"name\":\"R\u00fcckseite von: Trauriges M\u00e4dchen im Kindergarten St. Bernhard\"}]},{\"@type\":\"WebSite\",\"@id\":\"https:\\\/\\\/bpk-archive.de\\\/tuellmann\\\/#website\",\"url\":\"https:\\\/\\\/bpk-archive.de\\\/tuellmann\\\/\",\"name\":\"Abisag T\u00fcllmann\",\"description\":\"Eine weitere WordPress-Website\",\"potentialAction\":[{\"@type\":\"SearchAction\",\"target\":{\"@type\":\"EntryPoint\",\"urlTemplate\":\"https:\\\/\\\/bpk-archive.de\\\/tuellmann\\\/?s={search_term_string}\"},\"query-input\":{\"@type\":\"PropertyValueSpecification\",\"valueRequired\":true,\"valueName\":\"search_term_string\"}}],\"inLanguage\":\"de\"}]}<\/script>\n<!-- \/ Yoast SEO plugin. -->","yoast_head_json":{"title":"R\u00fcckseite von: Trauriges M\u00e4dchen im Kindergarten St. Bernhard - Abisag T\u00fcllmann","robots":{"index":"index","follow":"follow","max-snippet":"max-snippet:-1","max-image-preview":"max-image-preview:large","max-video-preview":"max-video-preview:-1"},"canonical":"https:\/\/bpk-archive.de\/tuellmann\/produkt\/rueckseite-von-trauriges-maedchen-im-kindergarten-st-bernhard-2\/","og_locale":"de_DE","og_type":"article","og_title":"R\u00fcckseite von: Trauriges M\u00e4dchen im Kindergarten St. Bernhard - Abisag T\u00fcllmann","og_description":"Vorderseite siehe: 70248509","og_url":"https:\/\/bpk-archive.de\/tuellmann\/produkt\/rueckseite-von-trauriges-maedchen-im-kindergarten-st-bernhard-2\/","og_site_name":"Abisag T\u00fcllmann","article_modified_time":"2020-05-27T15:11:45+00:00","og_image":[{"width":1200,"height":937,"url":"https:\/\/bpk-archive.de\/tuellmann\/wp-content\/uploads\/2019\/08\/bpk_70248510.jpg","type":"image\/jpeg"}],"twitter_card":"summary_large_image","schema":{"@context":"https:\/\/schema.org","@graph":[{"@type":"WebPage","@id":"https:\/\/bpk-archive.de\/tuellmann\/produkt\/rueckseite-von-trauriges-maedchen-im-kindergarten-st-bernhard-2\/","url":"https:\/\/bpk-archive.de\/tuellmann\/produkt\/rueckseite-von-trauriges-maedchen-im-kindergarten-st-bernhard-2\/","name":"R\u00fcckseite von: Trauriges M\u00e4dchen im Kindergarten St. Bernhard - Abisag T\u00fcllmann","isPartOf":{"@id":"https:\/\/bpk-archive.de\/tuellmann\/#website"},"primaryImageOfPage":{"@id":"https:\/\/bpk-archive.de\/tuellmann\/produkt\/rueckseite-von-trauriges-maedchen-im-kindergarten-st-bernhard-2\/#primaryimage"},"image":{"@id":"https:\/\/bpk-archive.de\/tuellmann\/produkt\/rueckseite-von-trauriges-maedchen-im-kindergarten-st-bernhard-2\/#primaryimage"},"thumbnailUrl":"https:\/\/bpk-archive.de\/tuellmann\/wp-content\/uploads\/2019\/08\/bpk_70248510.jpg","datePublished":"2020-05-27T15:11:40+00:00","dateModified":"2020-05-27T15:11:45+00:00","breadcrumb":{"@id":"https:\/\/bpk-archive.de\/tuellmann\/produkt\/rueckseite-von-trauriges-maedchen-im-kindergarten-st-bernhard-2\/#breadcrumb"},"inLanguage":"de","potentialAction":[{"@type":"ReadAction","target":["https:\/\/bpk-archive.de\/tuellmann\/produkt\/rueckseite-von-trauriges-maedchen-im-kindergarten-st-bernhard-2\/"]}]},{"@type":"ImageObject","inLanguage":"de","@id":"https:\/\/bpk-archive.de\/tuellmann\/produkt\/rueckseite-von-trauriges-maedchen-im-kindergarten-st-bernhard-2\/#primaryimage","url":"https:\/\/bpk-archive.de\/tuellmann\/wp-content\/uploads\/2019\/08\/bpk_70248510.jpg","contentUrl":"https:\/\/bpk-archive.de\/tuellmann\/wp-content\/uploads\/2019\/08\/bpk_70248510.jpg","width":1200,"height":937,"caption":"R\u00fcckseite von: Trauriges M\u00e4dchen im Kindergarten St. Bernhard"},{"@type":"BreadcrumbList","@id":"https:\/\/bpk-archive.de\/tuellmann\/produkt\/rueckseite-von-trauriges-maedchen-im-kindergarten-st-bernhard-2\/#breadcrumb","itemListElement":[{"@type":"ListItem","position":1,"name":"Startseite","item":"https:\/\/bpk-archive.de\/tuellmann\/"},{"@type":"ListItem","position":2,"name":"Shop","item":"https:\/\/bpk-archive.de\/tuellmann\/shop\/"},{"@type":"ListItem","position":3,"name":"R\u00fcckseite von: Trauriges M\u00e4dchen im Kindergarten St. Bernhard"}]},{"@type":"WebSite","@id":"https:\/\/bpk-archive.de\/tuellmann\/#website","url":"https:\/\/bpk-archive.de\/tuellmann\/","name":"Abisag T\u00fcllmann","description":"Eine weitere WordPress-Website","potentialAction":[{"@type":"SearchAction","target":{"@type":"EntryPoint","urlTemplate":"https:\/\/bpk-archive.de\/tuellmann\/?s={search_term_string}"},"query-input":{"@type":"PropertyValueSpecification","valueRequired":true,"valueName":"search_term_string"}}],"inLanguage":"de"}]}},"_links":{"self":[{"href":"https:\/\/bpk-archive.de\/tuellmann\/wp-json\/wp\/v2\/product\/70316150","targetHints":{"allow":["GET"]}}],"collection":[{"href":"https:\/\/bpk-archive.de\/tuellmann\/wp-json\/wp\/v2\/product"}],"about":[{"href":"https:\/\/bpk-archive.de\/tuellmann\/wp-json\/wp\/v2\/types\/product"}],"wp:featuredmedia":[{"embeddable":true,"href":"https:\/\/bpk-archive.de\/tuellmann\/wp-json\/wp\/v2\/media\/70292707"}],"wp:attachment":[{"href":"https:\/\/bpk-archive.de\/tuellmann\/wp-json\/wp\/v2\/media?parent=70316150"}],"wp:term":[{"taxonomy":"product_brand","embeddable":true,"href":"https:\/\/bpk-archive.de\/tuellmann\/wp-json\/wp\/v2\/product_brand?post=70316150"},{"taxonomy":"product_cat","embeddable":true,"href":"https:\/\/bpk-archive.de\/tuellmann\/wp-json\/wp\/v2\/product_cat?post=70316150"},{"taxonomy":"product_tag","embeddable":true,"href":"https:\/\/bpk-archive.de\/tuellmann\/wp-json\/wp\/v2\/product_tag?post=70316150"}],"curies":[{"name":"wp","href":"https:\/\/api.w.org\/{rel}","templated":true}]}}