{"id":70316145,"date":"2020-05-27T17:11:40","date_gmt":"2020-05-27T15:11:40","guid":{"rendered":"https:\/\/bpk-archive.de\/tuellmann\/\/atbild\/demonstration-fuer-die-freilassung-von-angela-davis\/"},"modified":"2020-06-25T16:04:03","modified_gmt":"2020-06-25T14:04:03","slug":"demonstration-fuer-die-freilassung-von-angela-davis","status":"publish","type":"product","link":"https:\/\/bpk-archive.de\/tuellmann\/produkt\/demonstration-fuer-die-freilassung-von-angela-davis\/","title":{"rendered":"Demonstration f\u00fcr die Freilassung von Angela Davis"},"content":{"rendered":"<p>anl\u00e4\u00dflich des von Oscar Negt, Herbert Marcuse und Wolfgang Abendroth organisierten Solidarit\u00e4tskongresses ,,Am Beispiel Angela Davis&#8220; an der Goethe-Universit\u00e4t Frankfurt R\u00fcckseitenbeschriftung von anderer Hand: &#8222;Angela-Davis-Kongre\u00df, Juni 1972&#8220;<\/p>\n","protected":false},"excerpt":{"rendered":"<p>anl\u00e4\u00dflich des von Oscar Negt, Herbert Marcuse und Wolfgang Abendroth organisierten Solidarit\u00e4tskongresses ,,Am Beispiel Angela Davis&#8220; an der Goethe-Universit\u00e4t Frankfurt R\u00fcckseitenbeschriftung von anderer Hand: &#8222;Angela-Davis-Kongre\u00df, Juni 1972&#8220;<\/p>\n","protected":false},"featured_media":70315790,"template":"","meta":[],"product_brand":[],"product_cat":[73373],"product_tag":[66108,66111,13230,13232,13234,13231,13233,13235,13777,67869,67870,51250,58903,58904,51251,51252,66109,66110,63629,51714,13250,47988,13784,13785,55409,55410,13469,13470,56798,56799,63310,56800,56801,63311,55411,55201,13958,13959,13607,13608,13609,13610,13611,13612,13613,13615,13616,13617,13618,13619,13620,13621,13622,13623,13624,13253,13254,13255,13256,13257,13471,13472,13260,13261,13268,13269,13270,13271,53792,53793,53794,53795,53796,49500,49501,13293,13786,13787,13294,13295,13296,13297,13485,13486,13482,13481,13483,13484,13487,13488,53797,13974,47735,47736,13975,13976,13977,13978,53801,63312,14066,14327,13492,13493,13494,13495,13496,13497,13301,55218,55219,13626,13627,13319,13320,13321,13322,13323,49229,49230,13328,13827,13828,13329,13330,13331,13332,48266,48267,50733,50734,48496,48497,48498,13829,13835,13836,13842,48269,53482,53803,53483,53484,53804,53485,13843,13641,13642,13643,13644,13645,13646,13647,13648,13649,13653,62166,47594,47595,13877,13879,13865,13864,13866,13351,13352,13353,13858,13859,13860,13861,13862,13863,13354,13869,13870,13871,13872,49236,53808,13519,13520,13521,13522,13523,13524,13876,13878,13880,55236,55239,55240,58838,58836,14079,14080,51272,51273,51274,51275,51276,51277,51278,58837,13375,13376,58840,58839,47615],"class_list":{"0":"post-70316145","1":"product","2":"type-product","3":"status-publish","4":"has-post-thumbnail","6":"product_cat-black-panther","7":"product_tag-davis","8":"product_tag-26-01-1944","9":"product_tag-1970er-jahre","10":"product_tag-20-jahrhundert-nach-chr","11":"product_tag-20-jh-n-chr","12":"product_tag-20-jahrhundert","13":"product_tag-20-jh","14":"product_tag-70er","15":"product_tag-abzug","16":"product_tag-afroamerikanerin","17":"product_tag-afroamerikanerinnen","18":"product_tag-amerikaner","19":"product_tag-amerikanerin","20":"product_tag-amerikanerinnen","21":"product_tag-amerikanern","22":"product_tag-amerikaners","23":"product_tag-angela","24":"product_tag-angela-yvonne","25":"product_tag-angela-davis-solidaritaetskongress","26":"product_tag-at_pressefotografie-brd","27":"product_tag-aussen","28":"product_tag-bild-im-bild","29":"product_tag-bildnis","30":"product_tag-bildnisse","31":"product_tag-black-panther","32":"product_tag-black-power","33":"product_tag-brd","34":"product_tag-bundesrepublik-deutschland","35":"product_tag-buergerrecht","36":"product_tag-buergerrechte","37":"product_tag-buergerrechtler","38":"product_tag-buergerrechtlerin","39":"product_tag-buergerrechtlerinnen","40":"product_tag-buergerrechtlern","41":"product_tag-buergerrechtsbewegung","42":"product_tag-congress","43":"product_tag-damenportraet","44":"product_tag-damenportraets","45":"product_tag-demo","46":"product_tag-demonstrant","47":"product_tag-demonstranten","48":"product_tag-demonstration","49":"product_tag-demonstrationen","50":"product_tag-demonstrationsplakat","51":"product_tag-demonstrationsschild","52":"product_tag-demonstrieren","53":"product_tag-demonstrierend","54":"product_tag-demonstrierende","55":"product_tag-demonstrierenden","56":"product_tag-demonstrierender","57":"product_tag-demonstrierendes","58":"product_tag-demonstriert","59":"product_tag-demoplakat","60":"product_tag-demos","61":"product_tag-demoschild","62":"product_tag-deutsch","63":"product_tag-deutsche","64":"product_tag-deutschen","65":"product_tag-deutscher","66":"product_tag-deutsches","67":"product_tag-deutschland","68":"product_tag-deutschlands","69":"product_tag-draussen","70":"product_tag-dunkelhaeutiger","71":"product_tag-farbige","72":"product_tag-farbigen","73":"product_tag-farbiger","74":"product_tag-farbiges","75":"product_tag-feminismus","76":"product_tag-feministisch","77":"product_tag-feministische","78":"product_tag-feministischer","79":"product_tag-feministisches","80":"product_tag-forderung","81":"product_tag-forderungen","82":"product_tag-foto","83":"product_tag-fotoabzug","84":"product_tag-fotoabzuege","85":"product_tag-fotografie","86":"product_tag-fotografien","87":"product_tag-fotografin","88":"product_tag-fotografinnen","89":"product_tag-frankfurt-m","90":"product_tag-frankfurt-main","91":"product_tag-frankfurt-a-main","92":"product_tag-frankfurt-a-m","93":"product_tag-frankfurt-am-main","94":"product_tag-frankfurter","95":"product_tag-frau","96":"product_tag-frauen","97":"product_tag-frauenbewegung","98":"product_tag-frauenbildnis","99":"product_tag-frauengruppe","100":"product_tag-frauengruppen","101":"product_tag-frauenportrait","102":"product_tag-frauenportraits","103":"product_tag-frauenportraet","104":"product_tag-frauenportraets","105":"product_tag-freiheit","106":"product_tag-freilassung","107":"product_tag-geschichte","108":"product_tag-gesellschaft","109":"product_tag-hessen","110":"product_tag-hessisch","111":"product_tag-hessische","112":"product_tag-hessischen","113":"product_tag-hessischer","114":"product_tag-hessisches","115":"product_tag-im-freien","116":"product_tag-kongress","117":"product_tag-kongresse","118":"product_tag-kundgebung","119":"product_tag-kundgebungen","120":"product_tag-menschenansammlung","121":"product_tag-menschenauflauf","122":"product_tag-menschenmassen","123":"product_tag-menschenmenge","124":"product_tag-menschenschar","125":"product_tag-parole","126":"product_tag-parolen","127":"product_tag-photo","128":"product_tag-photoabzug","129":"product_tag-photoabzuege","130":"product_tag-photographie","131":"product_tag-photographien","132":"product_tag-photographin","133":"product_tag-photographinnen","134":"product_tag-plakat","135":"product_tag-plakate","136":"product_tag-platz","137":"product_tag-plaetze","138":"product_tag-polizei","139":"product_tag-polizist","140":"product_tag-polizisten","141":"product_tag-portrait","142":"product_tag-portraits","143":"product_tag-portraet","144":"product_tag-portraets","145":"product_tag-poster","146":"product_tag-pressefoto","147":"product_tag-pressefotografie","148":"product_tag-pressefotos","149":"product_tag-pressephoto","150":"product_tag-pressephotographie","151":"product_tag-pressephotos","152":"product_tag-print","153":"product_tag-protest","154":"product_tag-proteste","155":"product_tag-protestieren","156":"product_tag-protestierend","157":"product_tag-protestierende","158":"product_tag-protestierenden","159":"product_tag-protestierender","160":"product_tag-protestierendes","161":"product_tag-protestiert","162":"product_tag-protestschild","163":"product_tag-rassendiskriminierung","164":"product_tag-rueckansicht","165":"product_tag-rueckseite","166":"product_tag-s-w-fotografie","167":"product_tag-s-w-photographie","168":"product_tag-schwarzweissphotographie","169":"product_tag-schwarz-weiss-fotografie","170":"product_tag-schwarz-weiss-photographie","171":"product_tag-schwarze","172":"product_tag-schwarzen","173":"product_tag-schwarzer","174":"product_tag-schwarzweiss","175":"product_tag-schwarzweisse","176":"product_tag-schwarzweissen","177":"product_tag-schwarzweisser","178":"product_tag-schwarzweisses","179":"product_tag-schwarzweissfotografie","180":"product_tag-siebziger","181":"product_tag-silbergelatine","182":"product_tag-silbergelatineabzug","183":"product_tag-silbergelatineabzuege","184":"product_tag-silbergelatineprint","185":"product_tag-slogan","186":"product_tag-solidaritaet","187":"product_tag-stehen","188":"product_tag-stehend","189":"product_tag-stehende","190":"product_tag-stehenden","191":"product_tag-stehender","192":"product_tag-stehendes","193":"product_tag-studentenbewegung","194":"product_tag-sw-fotografie","195":"product_tag-sw-photographie","196":"product_tag-teilnehmer","197":"product_tag-teilnehmern","198":"product_tag-teilnehmers","199":"product_tag-u-s-a","200":"product_tag-united-states-of-america","201":"product_tag-universitaet","202":"product_tag-universitaeten","203":"product_tag-us-amerikaner","204":"product_tag-us-amerikaners","205":"product_tag-us-amerikanisch","206":"product_tag-us-amerikanische","207":"product_tag-us-amerikanischen","208":"product_tag-us-amerikanischer","209":"product_tag-us-amerikanisches","210":"product_tag-usa","211":"product_tag-veranstaltung","212":"product_tag-veranstaltungen","213":"product_tag-vereinigte-staaten-von-amerika","214":"product_tag-vereinigten-staaten-von-amerika","215":"product_tag-von-hinten","216":"pa_datierung-03-04-06-1972","217":"pa_fotograf-abisag-tuellmann","218":"pa_geografischer_bezug-aufnahmeort-frankfurt-am-main-deutschland","219":"pa_grunddaten_material_technik-foto-silbergelatine-auf-barytpapier","220":"pa_inventarnummer-tue-72-077-34","221":"pa_jahr_von-54531","222":"pa_massangaben-bildformat-foto-233-x-302-cm","223":"pa_mediennummer-73495","224":"pa_objekttyp-fotografie","225":"pa_personen-angela-davis-1944-us-amerikanische-buergerrechtlerin","227":"first","228":"instock","229":"product-type-simple"},"yoast_head":"<!-- This site is optimized with the Yoast SEO plugin v27.4 - https:\/\/yoast.com\/product\/yoast-seo-wordpress\/ -->\n<title>Demonstration f\u00fcr die Freilassung von Angela Davis - Abisag T\u00fcllmann<\/title>\n<meta name=\"robots\" content=\"index, follow, max-snippet:-1, max-image-preview:large, max-video-preview:-1\" \/>\n<link rel=\"canonical\" href=\"https:\/\/bpk-archive.de\/tuellmann\/produkt\/demonstration-fuer-die-freilassung-von-angela-davis\/\" \/>\n<meta property=\"og:locale\" content=\"de_DE\" \/>\n<meta property=\"og:type\" content=\"article\" \/>\n<meta property=\"og:title\" content=\"Demonstration f\u00fcr die Freilassung von Angela Davis - Abisag T\u00fcllmann\" \/>\n<meta property=\"og:description\" content=\"anl\u00e4\u00dflich des von Oscar Negt, Herbert Marcuse und Wolfgang Abendroth organisierten Solidarit\u00e4tskongresses ,,Am Beispiel Angela Davis&#8220; an der Goethe-Universit\u00e4t Frankfurt R\u00fcckseitenbeschriftung von anderer Hand: &#8222;Angela-Davis-Kongre\u00df, Juni 1972&#8220;\" \/>\n<meta property=\"og:url\" content=\"https:\/\/bpk-archive.de\/tuellmann\/produkt\/demonstration-fuer-die-freilassung-von-angela-davis\/\" \/>\n<meta property=\"og:site_name\" content=\"Abisag T\u00fcllmann\" \/>\n<meta property=\"article:modified_time\" content=\"2020-06-25T14:04:03+00:00\" \/>\n<meta property=\"og:image\" content=\"https:\/\/bpk-archive.de\/tuellmann\/wp-content\/uploads\/2020\/05\/bpk_70279124.jpg\" \/>\n\t<meta property=\"og:image:width\" content=\"1200\" \/>\n\t<meta property=\"og:image:height\" content=\"933\" \/>\n\t<meta property=\"og:image:type\" content=\"image\/jpeg\" \/>\n<meta name=\"twitter:card\" content=\"summary_large_image\" \/>\n<script type=\"application\/ld+json\" class=\"yoast-schema-graph\">{\"@context\":\"https:\\\/\\\/schema.org\",\"@graph\":[{\"@type\":\"WebPage\",\"@id\":\"https:\\\/\\\/bpk-archive.de\\\/tuellmann\\\/produkt\\\/demonstration-fuer-die-freilassung-von-angela-davis\\\/\",\"url\":\"https:\\\/\\\/bpk-archive.de\\\/tuellmann\\\/produkt\\\/demonstration-fuer-die-freilassung-von-angela-davis\\\/\",\"name\":\"Demonstration f\u00fcr die Freilassung von Angela Davis - Abisag T\u00fcllmann\",\"isPartOf\":{\"@id\":\"https:\\\/\\\/bpk-archive.de\\\/tuellmann\\\/#website\"},\"primaryImageOfPage\":{\"@id\":\"https:\\\/\\\/bpk-archive.de\\\/tuellmann\\\/produkt\\\/demonstration-fuer-die-freilassung-von-angela-davis\\\/#primaryimage\"},\"image\":{\"@id\":\"https:\\\/\\\/bpk-archive.de\\\/tuellmann\\\/produkt\\\/demonstration-fuer-die-freilassung-von-angela-davis\\\/#primaryimage\"},\"thumbnailUrl\":\"https:\\\/\\\/bpk-archive.de\\\/tuellmann\\\/wp-content\\\/uploads\\\/2020\\\/05\\\/bpk_70279124.jpg\",\"datePublished\":\"2020-05-27T15:11:40+00:00\",\"dateModified\":\"2020-06-25T14:04:03+00:00\",\"breadcrumb\":{\"@id\":\"https:\\\/\\\/bpk-archive.de\\\/tuellmann\\\/produkt\\\/demonstration-fuer-die-freilassung-von-angela-davis\\\/#breadcrumb\"},\"inLanguage\":\"de\",\"potentialAction\":[{\"@type\":\"ReadAction\",\"target\":[\"https:\\\/\\\/bpk-archive.de\\\/tuellmann\\\/produkt\\\/demonstration-fuer-die-freilassung-von-angela-davis\\\/\"]}]},{\"@type\":\"ImageObject\",\"inLanguage\":\"de\",\"@id\":\"https:\\\/\\\/bpk-archive.de\\\/tuellmann\\\/produkt\\\/demonstration-fuer-die-freilassung-von-angela-davis\\\/#primaryimage\",\"url\":\"https:\\\/\\\/bpk-archive.de\\\/tuellmann\\\/wp-content\\\/uploads\\\/2020\\\/05\\\/bpk_70279124.jpg\",\"contentUrl\":\"https:\\\/\\\/bpk-archive.de\\\/tuellmann\\\/wp-content\\\/uploads\\\/2020\\\/05\\\/bpk_70279124.jpg\",\"width\":1200,\"height\":933,\"caption\":\"anl\u00e4\u00dflich des von Oscar Negt, Herbert Marcuse und Wolfgang Abendroth organisierten Solidarit\u00e4tskongresses \u0084Am Beispiel Angela Davis\u0093 an der Goethe-Universit\u00e4t Frankfurt R\u00fcckseitenbeschriftung von anderer Hand: \\\"Angela-Davis-Kongre\u00df, Juni 1972\\\" Person: Angela Davis (*1944), US-amerikanische B\u00fcrgerrechtlerin Aufnahmedatum: 03. \\\/ 04.06.1972 Material\\\/Technik: Foto \\\/ Silbergelatine auf Barytpapier Bildformat (Foto): 23,3 x 30,2 cm Aufnahmeort: Frankfurt am Main \\\/ Deutschland Inventar-Nr.: T\u00fc 72\\\/077-34\"},{\"@type\":\"BreadcrumbList\",\"@id\":\"https:\\\/\\\/bpk-archive.de\\\/tuellmann\\\/produkt\\\/demonstration-fuer-die-freilassung-von-angela-davis\\\/#breadcrumb\",\"itemListElement\":[{\"@type\":\"ListItem\",\"position\":1,\"name\":\"Startseite\",\"item\":\"https:\\\/\\\/bpk-archive.de\\\/tuellmann\\\/\"},{\"@type\":\"ListItem\",\"position\":2,\"name\":\"Shop\",\"item\":\"https:\\\/\\\/bpk-archive.de\\\/tuellmann\\\/shop\\\/\"},{\"@type\":\"ListItem\",\"position\":3,\"name\":\"Demonstration f\u00fcr die Freilassung von Angela Davis\"}]},{\"@type\":\"WebSite\",\"@id\":\"https:\\\/\\\/bpk-archive.de\\\/tuellmann\\\/#website\",\"url\":\"https:\\\/\\\/bpk-archive.de\\\/tuellmann\\\/\",\"name\":\"Abisag T\u00fcllmann\",\"description\":\"Eine weitere WordPress-Website\",\"potentialAction\":[{\"@type\":\"SearchAction\",\"target\":{\"@type\":\"EntryPoint\",\"urlTemplate\":\"https:\\\/\\\/bpk-archive.de\\\/tuellmann\\\/?s={search_term_string}\"},\"query-input\":{\"@type\":\"PropertyValueSpecification\",\"valueRequired\":true,\"valueName\":\"search_term_string\"}}],\"inLanguage\":\"de\"}]}<\/script>\n<!-- \/ Yoast SEO plugin. -->","yoast_head_json":{"title":"Demonstration f\u00fcr die Freilassung von Angela Davis - Abisag T\u00fcllmann","robots":{"index":"index","follow":"follow","max-snippet":"max-snippet:-1","max-image-preview":"max-image-preview:large","max-video-preview":"max-video-preview:-1"},"canonical":"https:\/\/bpk-archive.de\/tuellmann\/produkt\/demonstration-fuer-die-freilassung-von-angela-davis\/","og_locale":"de_DE","og_type":"article","og_title":"Demonstration f\u00fcr die Freilassung von Angela Davis - Abisag T\u00fcllmann","og_description":"anl\u00e4\u00dflich des von Oscar Negt, Herbert Marcuse und Wolfgang Abendroth organisierten Solidarit\u00e4tskongresses ,,Am Beispiel Angela Davis&#8220; an der Goethe-Universit\u00e4t Frankfurt R\u00fcckseitenbeschriftung von anderer Hand: &#8222;Angela-Davis-Kongre\u00df, Juni 1972&#8220;","og_url":"https:\/\/bpk-archive.de\/tuellmann\/produkt\/demonstration-fuer-die-freilassung-von-angela-davis\/","og_site_name":"Abisag T\u00fcllmann","article_modified_time":"2020-06-25T14:04:03+00:00","og_image":[{"width":1200,"height":933,"url":"https:\/\/bpk-archive.de\/tuellmann\/wp-content\/uploads\/2020\/05\/bpk_70279124.jpg","type":"image\/jpeg"}],"twitter_card":"summary_large_image","schema":{"@context":"https:\/\/schema.org","@graph":[{"@type":"WebPage","@id":"https:\/\/bpk-archive.de\/tuellmann\/produkt\/demonstration-fuer-die-freilassung-von-angela-davis\/","url":"https:\/\/bpk-archive.de\/tuellmann\/produkt\/demonstration-fuer-die-freilassung-von-angela-davis\/","name":"Demonstration f\u00fcr die Freilassung von Angela Davis - Abisag T\u00fcllmann","isPartOf":{"@id":"https:\/\/bpk-archive.de\/tuellmann\/#website"},"primaryImageOfPage":{"@id":"https:\/\/bpk-archive.de\/tuellmann\/produkt\/demonstration-fuer-die-freilassung-von-angela-davis\/#primaryimage"},"image":{"@id":"https:\/\/bpk-archive.de\/tuellmann\/produkt\/demonstration-fuer-die-freilassung-von-angela-davis\/#primaryimage"},"thumbnailUrl":"https:\/\/bpk-archive.de\/tuellmann\/wp-content\/uploads\/2020\/05\/bpk_70279124.jpg","datePublished":"2020-05-27T15:11:40+00:00","dateModified":"2020-06-25T14:04:03+00:00","breadcrumb":{"@id":"https:\/\/bpk-archive.de\/tuellmann\/produkt\/demonstration-fuer-die-freilassung-von-angela-davis\/#breadcrumb"},"inLanguage":"de","potentialAction":[{"@type":"ReadAction","target":["https:\/\/bpk-archive.de\/tuellmann\/produkt\/demonstration-fuer-die-freilassung-von-angela-davis\/"]}]},{"@type":"ImageObject","inLanguage":"de","@id":"https:\/\/bpk-archive.de\/tuellmann\/produkt\/demonstration-fuer-die-freilassung-von-angela-davis\/#primaryimage","url":"https:\/\/bpk-archive.de\/tuellmann\/wp-content\/uploads\/2020\/05\/bpk_70279124.jpg","contentUrl":"https:\/\/bpk-archive.de\/tuellmann\/wp-content\/uploads\/2020\/05\/bpk_70279124.jpg","width":1200,"height":933,"caption":"anl\u00e4\u00dflich des von Oscar Negt, Herbert Marcuse und Wolfgang Abendroth organisierten Solidarit\u00e4tskongresses \u0084Am Beispiel Angela Davis\u0093 an der Goethe-Universit\u00e4t Frankfurt R\u00fcckseitenbeschriftung von anderer Hand: \"Angela-Davis-Kongre\u00df, Juni 1972\" Person: Angela Davis (*1944), US-amerikanische B\u00fcrgerrechtlerin Aufnahmedatum: 03. \/ 04.06.1972 Material\/Technik: Foto \/ Silbergelatine auf Barytpapier Bildformat (Foto): 23,3 x 30,2 cm Aufnahmeort: Frankfurt am Main \/ Deutschland Inventar-Nr.: T\u00fc 72\/077-34"},{"@type":"BreadcrumbList","@id":"https:\/\/bpk-archive.de\/tuellmann\/produkt\/demonstration-fuer-die-freilassung-von-angela-davis\/#breadcrumb","itemListElement":[{"@type":"ListItem","position":1,"name":"Startseite","item":"https:\/\/bpk-archive.de\/tuellmann\/"},{"@type":"ListItem","position":2,"name":"Shop","item":"https:\/\/bpk-archive.de\/tuellmann\/shop\/"},{"@type":"ListItem","position":3,"name":"Demonstration f\u00fcr die Freilassung von Angela Davis"}]},{"@type":"WebSite","@id":"https:\/\/bpk-archive.de\/tuellmann\/#website","url":"https:\/\/bpk-archive.de\/tuellmann\/","name":"Abisag T\u00fcllmann","description":"Eine weitere WordPress-Website","potentialAction":[{"@type":"SearchAction","target":{"@type":"EntryPoint","urlTemplate":"https:\/\/bpk-archive.de\/tuellmann\/?s={search_term_string}"},"query-input":{"@type":"PropertyValueSpecification","valueRequired":true,"valueName":"search_term_string"}}],"inLanguage":"de"}]}},"_links":{"self":[{"href":"https:\/\/bpk-archive.de\/tuellmann\/wp-json\/wp\/v2\/product\/70316145","targetHints":{"allow":["GET"]}}],"collection":[{"href":"https:\/\/bpk-archive.de\/tuellmann\/wp-json\/wp\/v2\/product"}],"about":[{"href":"https:\/\/bpk-archive.de\/tuellmann\/wp-json\/wp\/v2\/types\/product"}],"wp:featuredmedia":[{"embeddable":true,"href":"https:\/\/bpk-archive.de\/tuellmann\/wp-json\/wp\/v2\/media\/70315790"}],"wp:attachment":[{"href":"https:\/\/bpk-archive.de\/tuellmann\/wp-json\/wp\/v2\/media?parent=70316145"}],"wp:term":[{"taxonomy":"product_brand","embeddable":true,"href":"https:\/\/bpk-archive.de\/tuellmann\/wp-json\/wp\/v2\/product_brand?post=70316145"},{"taxonomy":"product_cat","embeddable":true,"href":"https:\/\/bpk-archive.de\/tuellmann\/wp-json\/wp\/v2\/product_cat?post=70316145"},{"taxonomy":"product_tag","embeddable":true,"href":"https:\/\/bpk-archive.de\/tuellmann\/wp-json\/wp\/v2\/product_tag?post=70316145"}],"curies":[{"name":"wp","href":"https:\/\/api.w.org\/{rel}","templated":true}]}}