{"id":70316137,"date":"2020-05-27T17:11:21","date_gmt":"2020-05-27T15:11:21","guid":{"rendered":"https:\/\/bpk-archive.de\/tuellmann\/\/atbild\/rueckseite-von-strickende-tuerkin-mit-maedchen-ihre-tochter-vor-einem-eingangstor-2\/"},"modified":"2020-05-27T17:11:32","modified_gmt":"2020-05-27T15:11:32","slug":"rueckseite-von-strickende-tuerkin-mit-maedchen-ihre-tochter-vor-einem-eingangstor-2","status":"publish","type":"product","link":"https:\/\/bpk-archive.de\/tuellmann\/produkt\/rueckseite-von-strickende-tuerkin-mit-maedchen-ihre-tochter-vor-einem-eingangstor-2\/","title":{"rendered":"R\u00fcckseite von: Strickende T\u00fcrkin mit M\u00e4dchen (ihre Tochter?) vor einem Eingangstor"},"content":{"rendered":"<p>Vorderseite siehe: 70298277<\/p>\n","protected":false},"excerpt":{"rendered":"<p>Vorderseite siehe: 70298277<\/p>\n","protected":false},"featured_media":70293205,"template":"","meta":[],"product_brand":[],"product_cat":[],"product_tag":[13230,13232,13234,13231,13233,13235,53289,13777,47456,47457,47458,47459,47460,47461,47462,53193,53194,53195,48354,53196,53197,13250,47720,47721,47722,47723,47876,47877,47878,47879,14177,13469,13470,13471,13472,13260,47727,47728,47729,47730,47731,47734,51833,13293,13786,13787,13294,13295,13296,13297,47267,13485,13486,13482,13481,13483,13484,13487,13488,53202,53203,53204,53206,53209,53210,14327,48439,48442,48443,48444,48445,48446,13492,13493,13494,13495,13496,13497,13301,47744,47745,47746,13310,13311,49816,47786,47787,49544,51841,51842,13328,13827,13828,13329,13330,13331,13332,47332,53482,53483,53484,53485,13843,48363,47333,47334,47335,47336,47337,47594,47595,13877,13879,13865,13864,13866,13858,13859,13860,13861,13862,13863,13354,13869,13870,13871,13872,48454,48455,48456,48457,48458,48459,48460,48461,48462,53486,13878,13880,53487,53488,53272,53273,53274,53275,53276,53277,48366,51849,48367,47615,48368,47792],"class_list":{"0":"post-70316137","1":"product","2":"type-product","3":"status-publish","4":"has-post-thumbnail","6":"product_tag-1970er-jahre","7":"product_tag-20-jahrhundert-nach-chr","8":"product_tag-20-jh-n-chr","9":"product_tag-20-jahrhundert","10":"product_tag-20-jh","11":"product_tag-70er","12":"product_tag-abt_003","13":"product_tag-abzug","14":"product_tag-arbeit","15":"product_tag-arbeiten","16":"product_tag-arbeitend","17":"product_tag-arbeitende","18":"product_tag-arbeitenden","19":"product_tag-arbeitender","20":"product_tag-arbeitendes","21":"product_tag-arbeitsmigrant","22":"product_tag-arbeitsmigranten","23":"product_tag-at_migranten","24":"product_tag-aufkleber","25":"product_tag-ausland","26":"product_tag-auslaender","27":"product_tag-aussen","28":"product_tag-auswanderer","29":"product_tag-auswanderern","30":"product_tag-auswandern","31":"product_tag-auswanderung","32":"product_tag-beruf","33":"product_tag-berufe","34":"product_tag-berufes","35":"product_tag-berufs","36":"product_tag-blickkontakt","37":"product_tag-brd","38":"product_tag-bundesrepublik-deutschland","39":"product_tag-deutschland","40":"product_tag-deutschlands","41":"product_tag-draussen","42":"product_tag-einwanderer","43":"product_tag-einwandern","44":"product_tag-einwanderung","45":"product_tag-emigrant","46":"product_tag-emigranten","47":"product_tag-emigration","48":"product_tag-erstveroeffentlichung","49":"product_tag-foto","50":"product_tag-fotoabzug","51":"product_tag-fotoabzuege","52":"product_tag-fotografie","53":"product_tag-fotografien","54":"product_tag-fotografin","55":"product_tag-fotografinnen","56":"product_tag-fotoreportage","57":"product_tag-frankfurt-m","58":"product_tag-frankfurt-main","59":"product_tag-frankfurt-a-main","60":"product_tag-frankfurt-a-m","61":"product_tag-frankfurt-am-main","62":"product_tag-frankfurter","63":"product_tag-frau","64":"product_tag-frauen","65":"product_tag-fremdarbeiter","66":"product_tag-fremdarbeitern","67":"product_tag-fremdarbeiters","68":"product_tag-gastarbeiter","69":"product_tag-gastarbeitern","70":"product_tag-gastarbeiters","71":"product_tag-gesellschaft","72":"product_tag-gestempelt","73":"product_tag-handschriftlich","74":"product_tag-handschriftliche","75":"product_tag-handschriftlichen","76":"product_tag-handschriftlicher","77":"product_tag-handschriftliches","78":"product_tag-hessen","79":"product_tag-hessisch","80":"product_tag-hessische","81":"product_tag-hessischen","82":"product_tag-hessischer","83":"product_tag-hessisches","84":"product_tag-im-freien","85":"product_tag-immigrant","86":"product_tag-immigranten","87":"product_tag-immigration","88":"product_tag-maedchen","89":"product_tag-maedchens","90":"product_tag-migrant","91":"product_tag-migranten","92":"product_tag-migration","93":"product_tag-minderheit","94":"product_tag-notiz","95":"product_tag-notizen","96":"product_tag-photo","97":"product_tag-photoabzug","98":"product_tag-photoabzuege","99":"product_tag-photographie","100":"product_tag-photographien","101":"product_tag-photographin","102":"product_tag-photographinnen","103":"product_tag-photoreportage","104":"product_tag-pressefoto","105":"product_tag-pressefotos","106":"product_tag-pressephoto","107":"product_tag-pressephotos","108":"product_tag-print","109":"product_tag-publikation","110":"product_tag-reportage","111":"product_tag-reportagefoto","112":"product_tag-reportagefotografie","113":"product_tag-reportagephoto","114":"product_tag-reportagephotographie","115":"product_tag-rueckansicht","116":"product_tag-rueckseite","117":"product_tag-s-w-fotografie","118":"product_tag-s-w-photographie","119":"product_tag-schwarzweissphotographie","120":"product_tag-schwarz-weiss-fotografie","121":"product_tag-schwarz-weiss-photographie","122":"product_tag-schwarzweiss","123":"product_tag-schwarzweisse","124":"product_tag-schwarzweissen","125":"product_tag-schwarzweisser","126":"product_tag-schwarzweisses","127":"product_tag-schwarzweissfotografie","128":"product_tag-siebziger","129":"product_tag-silbergelatine","130":"product_tag-silbergelatineabzug","131":"product_tag-silbergelatineabzuege","132":"product_tag-silbergelatineprint","133":"product_tag-stempel","134":"product_tag-stempelabdruck","135":"product_tag-stempelabdruecke","136":"product_tag-stempelabdruckes","137":"product_tag-stempelabdrucks","138":"product_tag-stempeldruck","139":"product_tag-stempeldrucke","140":"product_tag-stempeldruckes","141":"product_tag-stempeldrucks","142":"product_tag-stricken","143":"product_tag-sw-fotografie","144":"product_tag-sw-photographie","145":"product_tag-tuerkin","146":"product_tag-tuerkinnen","147":"product_tag-tuerkisch","148":"product_tag-tuerkische","149":"product_tag-tuerkischem","150":"product_tag-tuerkischen","151":"product_tag-tuerkischer","152":"product_tag-tuerkisches","153":"product_tag-v","154":"product_tag-veroeffentlichung","155":"product_tag-verso","156":"product_tag-von-hinten","157":"product_tag-vs","158":"product_tag-zuwanderer","159":"pa_datierung-april-1975","160":"pa_fotograf-abisag-tuellmann","161":"pa_geografischer_bezug-aufnahmeort-frankfurt-am-main-deutschland","162":"pa_grunddaten_material_technik-foto-silbergelatine-auf-barytpapier","163":"pa_inventarnummer-tue-75-043-09a","164":"pa_jahr_von-53481","165":"pa_massangaben-bildformat-foto-233-x-302-cm","166":"pa_mediennummer-53478","167":"pa_objekttyp-fotografie","169":"first","170":"instock","171":"product-type-simple"},"yoast_head":"<!-- This site is optimized with the Yoast SEO plugin v27.4 - https:\/\/yoast.com\/product\/yoast-seo-wordpress\/ -->\n<title>R\u00fcckseite von: Strickende T\u00fcrkin mit M\u00e4dchen (ihre Tochter?) vor einem Eingangstor - Abisag T\u00fcllmann<\/title>\n<meta name=\"robots\" content=\"index, follow, max-snippet:-1, max-image-preview:large, max-video-preview:-1\" \/>\n<link rel=\"canonical\" href=\"https:\/\/bpk-archive.de\/tuellmann\/produkt\/rueckseite-von-strickende-tuerkin-mit-maedchen-ihre-tochter-vor-einem-eingangstor-2\/\" \/>\n<meta property=\"og:locale\" content=\"de_DE\" \/>\n<meta property=\"og:type\" content=\"article\" \/>\n<meta property=\"og:title\" content=\"R\u00fcckseite von: Strickende T\u00fcrkin mit M\u00e4dchen (ihre Tochter?) vor einem Eingangstor - Abisag T\u00fcllmann\" \/>\n<meta property=\"og:description\" content=\"Vorderseite siehe: 70298277\" \/>\n<meta property=\"og:url\" content=\"https:\/\/bpk-archive.de\/tuellmann\/produkt\/rueckseite-von-strickende-tuerkin-mit-maedchen-ihre-tochter-vor-einem-eingangstor-2\/\" \/>\n<meta property=\"og:site_name\" content=\"Abisag T\u00fcllmann\" \/>\n<meta property=\"article:modified_time\" content=\"2020-05-27T15:11:32+00:00\" \/>\n<meta property=\"og:image\" content=\"https:\/\/bpk-archive.de\/tuellmann\/wp-content\/uploads\/2019\/08\/bpk_70298278.jpg\" \/>\n\t<meta property=\"og:image:width\" content=\"1200\" \/>\n\t<meta property=\"og:image:height\" content=\"941\" \/>\n\t<meta property=\"og:image:type\" content=\"image\/jpeg\" \/>\n<meta name=\"twitter:card\" content=\"summary_large_image\" \/>\n<script type=\"application\/ld+json\" class=\"yoast-schema-graph\">{\"@context\":\"https:\\\/\\\/schema.org\",\"@graph\":[{\"@type\":\"WebPage\",\"@id\":\"https:\\\/\\\/bpk-archive.de\\\/tuellmann\\\/produkt\\\/rueckseite-von-strickende-tuerkin-mit-maedchen-ihre-tochter-vor-einem-eingangstor-2\\\/\",\"url\":\"https:\\\/\\\/bpk-archive.de\\\/tuellmann\\\/produkt\\\/rueckseite-von-strickende-tuerkin-mit-maedchen-ihre-tochter-vor-einem-eingangstor-2\\\/\",\"name\":\"R\u00fcckseite von: Strickende T\u00fcrkin mit M\u00e4dchen (ihre Tochter?) vor einem Eingangstor - Abisag T\u00fcllmann\",\"isPartOf\":{\"@id\":\"https:\\\/\\\/bpk-archive.de\\\/tuellmann\\\/#website\"},\"primaryImageOfPage\":{\"@id\":\"https:\\\/\\\/bpk-archive.de\\\/tuellmann\\\/produkt\\\/rueckseite-von-strickende-tuerkin-mit-maedchen-ihre-tochter-vor-einem-eingangstor-2\\\/#primaryimage\"},\"image\":{\"@id\":\"https:\\\/\\\/bpk-archive.de\\\/tuellmann\\\/produkt\\\/rueckseite-von-strickende-tuerkin-mit-maedchen-ihre-tochter-vor-einem-eingangstor-2\\\/#primaryimage\"},\"thumbnailUrl\":\"https:\\\/\\\/bpk-archive.de\\\/tuellmann\\\/wp-content\\\/uploads\\\/2019\\\/08\\\/bpk_70298278.jpg\",\"datePublished\":\"2020-05-27T15:11:21+00:00\",\"dateModified\":\"2020-05-27T15:11:32+00:00\",\"breadcrumb\":{\"@id\":\"https:\\\/\\\/bpk-archive.de\\\/tuellmann\\\/produkt\\\/rueckseite-von-strickende-tuerkin-mit-maedchen-ihre-tochter-vor-einem-eingangstor-2\\\/#breadcrumb\"},\"inLanguage\":\"de\",\"potentialAction\":[{\"@type\":\"ReadAction\",\"target\":[\"https:\\\/\\\/bpk-archive.de\\\/tuellmann\\\/produkt\\\/rueckseite-von-strickende-tuerkin-mit-maedchen-ihre-tochter-vor-einem-eingangstor-2\\\/\"]}]},{\"@type\":\"ImageObject\",\"inLanguage\":\"de\",\"@id\":\"https:\\\/\\\/bpk-archive.de\\\/tuellmann\\\/produkt\\\/rueckseite-von-strickende-tuerkin-mit-maedchen-ihre-tochter-vor-einem-eingangstor-2\\\/#primaryimage\",\"url\":\"https:\\\/\\\/bpk-archive.de\\\/tuellmann\\\/wp-content\\\/uploads\\\/2019\\\/08\\\/bpk_70298278.jpg\",\"contentUrl\":\"https:\\\/\\\/bpk-archive.de\\\/tuellmann\\\/wp-content\\\/uploads\\\/2019\\\/08\\\/bpk_70298278.jpg\",\"width\":1200,\"height\":941,\"caption\":\"R\u00fcckseite von: Strickende T\u00fcrkin mit M\u00e4dchen (ihre Tochter?) vor einem Eingangstor\"},{\"@type\":\"BreadcrumbList\",\"@id\":\"https:\\\/\\\/bpk-archive.de\\\/tuellmann\\\/produkt\\\/rueckseite-von-strickende-tuerkin-mit-maedchen-ihre-tochter-vor-einem-eingangstor-2\\\/#breadcrumb\",\"itemListElement\":[{\"@type\":\"ListItem\",\"position\":1,\"name\":\"Startseite\",\"item\":\"https:\\\/\\\/bpk-archive.de\\\/tuellmann\\\/\"},{\"@type\":\"ListItem\",\"position\":2,\"name\":\"Shop\",\"item\":\"https:\\\/\\\/bpk-archive.de\\\/tuellmann\\\/shop\\\/\"},{\"@type\":\"ListItem\",\"position\":3,\"name\":\"R\u00fcckseite von: Strickende T\u00fcrkin mit M\u00e4dchen (ihre Tochter?) vor einem Eingangstor\"}]},{\"@type\":\"WebSite\",\"@id\":\"https:\\\/\\\/bpk-archive.de\\\/tuellmann\\\/#website\",\"url\":\"https:\\\/\\\/bpk-archive.de\\\/tuellmann\\\/\",\"name\":\"Abisag T\u00fcllmann\",\"description\":\"Eine weitere WordPress-Website\",\"potentialAction\":[{\"@type\":\"SearchAction\",\"target\":{\"@type\":\"EntryPoint\",\"urlTemplate\":\"https:\\\/\\\/bpk-archive.de\\\/tuellmann\\\/?s={search_term_string}\"},\"query-input\":{\"@type\":\"PropertyValueSpecification\",\"valueRequired\":true,\"valueName\":\"search_term_string\"}}],\"inLanguage\":\"de\"}]}<\/script>\n<!-- \/ Yoast SEO plugin. -->","yoast_head_json":{"title":"R\u00fcckseite von: Strickende T\u00fcrkin mit M\u00e4dchen (ihre Tochter?) vor einem Eingangstor - Abisag T\u00fcllmann","robots":{"index":"index","follow":"follow","max-snippet":"max-snippet:-1","max-image-preview":"max-image-preview:large","max-video-preview":"max-video-preview:-1"},"canonical":"https:\/\/bpk-archive.de\/tuellmann\/produkt\/rueckseite-von-strickende-tuerkin-mit-maedchen-ihre-tochter-vor-einem-eingangstor-2\/","og_locale":"de_DE","og_type":"article","og_title":"R\u00fcckseite von: Strickende T\u00fcrkin mit M\u00e4dchen (ihre Tochter?) vor einem Eingangstor - Abisag T\u00fcllmann","og_description":"Vorderseite siehe: 70298277","og_url":"https:\/\/bpk-archive.de\/tuellmann\/produkt\/rueckseite-von-strickende-tuerkin-mit-maedchen-ihre-tochter-vor-einem-eingangstor-2\/","og_site_name":"Abisag T\u00fcllmann","article_modified_time":"2020-05-27T15:11:32+00:00","og_image":[{"width":1200,"height":941,"url":"https:\/\/bpk-archive.de\/tuellmann\/wp-content\/uploads\/2019\/08\/bpk_70298278.jpg","type":"image\/jpeg"}],"twitter_card":"summary_large_image","schema":{"@context":"https:\/\/schema.org","@graph":[{"@type":"WebPage","@id":"https:\/\/bpk-archive.de\/tuellmann\/produkt\/rueckseite-von-strickende-tuerkin-mit-maedchen-ihre-tochter-vor-einem-eingangstor-2\/","url":"https:\/\/bpk-archive.de\/tuellmann\/produkt\/rueckseite-von-strickende-tuerkin-mit-maedchen-ihre-tochter-vor-einem-eingangstor-2\/","name":"R\u00fcckseite von: Strickende T\u00fcrkin mit M\u00e4dchen (ihre Tochter?) vor einem Eingangstor - Abisag T\u00fcllmann","isPartOf":{"@id":"https:\/\/bpk-archive.de\/tuellmann\/#website"},"primaryImageOfPage":{"@id":"https:\/\/bpk-archive.de\/tuellmann\/produkt\/rueckseite-von-strickende-tuerkin-mit-maedchen-ihre-tochter-vor-einem-eingangstor-2\/#primaryimage"},"image":{"@id":"https:\/\/bpk-archive.de\/tuellmann\/produkt\/rueckseite-von-strickende-tuerkin-mit-maedchen-ihre-tochter-vor-einem-eingangstor-2\/#primaryimage"},"thumbnailUrl":"https:\/\/bpk-archive.de\/tuellmann\/wp-content\/uploads\/2019\/08\/bpk_70298278.jpg","datePublished":"2020-05-27T15:11:21+00:00","dateModified":"2020-05-27T15:11:32+00:00","breadcrumb":{"@id":"https:\/\/bpk-archive.de\/tuellmann\/produkt\/rueckseite-von-strickende-tuerkin-mit-maedchen-ihre-tochter-vor-einem-eingangstor-2\/#breadcrumb"},"inLanguage":"de","potentialAction":[{"@type":"ReadAction","target":["https:\/\/bpk-archive.de\/tuellmann\/produkt\/rueckseite-von-strickende-tuerkin-mit-maedchen-ihre-tochter-vor-einem-eingangstor-2\/"]}]},{"@type":"ImageObject","inLanguage":"de","@id":"https:\/\/bpk-archive.de\/tuellmann\/produkt\/rueckseite-von-strickende-tuerkin-mit-maedchen-ihre-tochter-vor-einem-eingangstor-2\/#primaryimage","url":"https:\/\/bpk-archive.de\/tuellmann\/wp-content\/uploads\/2019\/08\/bpk_70298278.jpg","contentUrl":"https:\/\/bpk-archive.de\/tuellmann\/wp-content\/uploads\/2019\/08\/bpk_70298278.jpg","width":1200,"height":941,"caption":"R\u00fcckseite von: Strickende T\u00fcrkin mit M\u00e4dchen (ihre Tochter?) vor einem Eingangstor"},{"@type":"BreadcrumbList","@id":"https:\/\/bpk-archive.de\/tuellmann\/produkt\/rueckseite-von-strickende-tuerkin-mit-maedchen-ihre-tochter-vor-einem-eingangstor-2\/#breadcrumb","itemListElement":[{"@type":"ListItem","position":1,"name":"Startseite","item":"https:\/\/bpk-archive.de\/tuellmann\/"},{"@type":"ListItem","position":2,"name":"Shop","item":"https:\/\/bpk-archive.de\/tuellmann\/shop\/"},{"@type":"ListItem","position":3,"name":"R\u00fcckseite von: Strickende T\u00fcrkin mit M\u00e4dchen (ihre Tochter?) vor einem Eingangstor"}]},{"@type":"WebSite","@id":"https:\/\/bpk-archive.de\/tuellmann\/#website","url":"https:\/\/bpk-archive.de\/tuellmann\/","name":"Abisag T\u00fcllmann","description":"Eine weitere WordPress-Website","potentialAction":[{"@type":"SearchAction","target":{"@type":"EntryPoint","urlTemplate":"https:\/\/bpk-archive.de\/tuellmann\/?s={search_term_string}"},"query-input":{"@type":"PropertyValueSpecification","valueRequired":true,"valueName":"search_term_string"}}],"inLanguage":"de"}]}},"_links":{"self":[{"href":"https:\/\/bpk-archive.de\/tuellmann\/wp-json\/wp\/v2\/product\/70316137","targetHints":{"allow":["GET"]}}],"collection":[{"href":"https:\/\/bpk-archive.de\/tuellmann\/wp-json\/wp\/v2\/product"}],"about":[{"href":"https:\/\/bpk-archive.de\/tuellmann\/wp-json\/wp\/v2\/types\/product"}],"wp:featuredmedia":[{"embeddable":true,"href":"https:\/\/bpk-archive.de\/tuellmann\/wp-json\/wp\/v2\/media\/70293205"}],"wp:attachment":[{"href":"https:\/\/bpk-archive.de\/tuellmann\/wp-json\/wp\/v2\/media?parent=70316137"}],"wp:term":[{"taxonomy":"product_brand","embeddable":true,"href":"https:\/\/bpk-archive.de\/tuellmann\/wp-json\/wp\/v2\/product_brand?post=70316137"},{"taxonomy":"product_cat","embeddable":true,"href":"https:\/\/bpk-archive.de\/tuellmann\/wp-json\/wp\/v2\/product_cat?post=70316137"},{"taxonomy":"product_tag","embeddable":true,"href":"https:\/\/bpk-archive.de\/tuellmann\/wp-json\/wp\/v2\/product_tag?post=70316137"}],"curies":[{"name":"wp","href":"https:\/\/api.w.org\/{rel}","templated":true}]}}