{"id":70316136,"date":"2020-05-27T17:11:21","date_gmt":"2020-05-27T15:11:21","guid":{"rendered":"https:\/\/bpk-archive.de\/tuellmann\/\/atbild\/rueckseite-von-gastarbeiter-in-seiner-unterkunft-2\/"},"modified":"2020-05-27T17:11:31","modified_gmt":"2020-05-27T15:11:31","slug":"rueckseite-von-gastarbeiter-in-seiner-unterkunft-2","status":"publish","type":"product","link":"https:\/\/bpk-archive.de\/tuellmann\/produkt\/rueckseite-von-gastarbeiter-in-seiner-unterkunft-2\/","title":{"rendered":"R\u00fcckseite von: Gastarbeiter in seiner Unterkunft"},"content":{"rendered":"<p>Vorderseite siehe: 70298285 R\u00fcckseitenbeschriftung von anderer Hand: &#8222;Gastarbeiterbaracke der Holzmann AG&#8220;<\/p>\n","protected":false},"excerpt":{"rendered":"<p>Vorderseite siehe: 70298285 R\u00fcckseitenbeschriftung von anderer Hand: &#8222;Gastarbeiterbaracke der Holzmann AG&#8220;<\/p>\n","protected":false},"featured_media":70293229,"template":"","meta":[],"product_brand":[],"product_cat":[],"product_tag":[13230,13232,13234,13231,13233,13235,48094,13777,47456,47457,47458,47459,47460,47461,47462,53193,53194,53195,48354,53196,53197,50202,47720,47721,47722,47723,47876,47877,47878,47879,48355,48356,48357,48358,48359,48360,13469,13470,13253,13254,13255,13256,13257,13471,13472,47727,47728,47729,47730,47731,47734,48771,48772,48773,48774,48775,51833,53368,13293,13786,13787,13294,13295,13296,13297,47267,13485,13486,13482,13481,13483,13484,53202,53203,53204,53206,53209,53210,14327,13492,13493,13494,13495,13496,13497,47744,47745,47746,13818,13819,13826,52130,53369,53370,53371,53372,49816,47786,47787,49544,51841,51842,14229,48451,48452,13328,13827,13828,13329,13330,13331,13332,47332,13843,48363,47333,47334,47335,47336,47337,47594,47595,13877,13879,53328,53329,13865,13864,13866,13858,13859,13860,13861,13862,13863,13354,13869,13870,13871,13872,48454,48455,48456,48457,48458,48459,48460,48461,48462,13878,13880,14250,14251,48366,53373,53374,48367,47615,48368,51858,47792],"class_list":{"0":"post-70316136","1":"product","2":"type-product","3":"status-publish","4":"has-post-thumbnail","6":"product_tag-1970er-jahre","7":"product_tag-20-jahrhundert-nach-chr","8":"product_tag-20-jh-n-chr","9":"product_tag-20-jahrhundert","10":"product_tag-20-jh","11":"product_tag-70er","12":"product_tag-abt_026","13":"product_tag-abzug","14":"product_tag-arbeit","15":"product_tag-arbeiten","16":"product_tag-arbeitend","17":"product_tag-arbeitende","18":"product_tag-arbeitenden","19":"product_tag-arbeitender","20":"product_tag-arbeitendes","21":"product_tag-arbeitsmigrant","22":"product_tag-arbeitsmigranten","23":"product_tag-at_migranten","24":"product_tag-aufkleber","25":"product_tag-ausland","26":"product_tag-auslaender","27":"product_tag-ausschnitt","28":"product_tag-auswanderer","29":"product_tag-auswanderern","30":"product_tag-auswandern","31":"product_tag-auswanderung","32":"product_tag-beruf","33":"product_tag-berufe","34":"product_tag-berufes","35":"product_tag-berufs","36":"product_tag-beschriftet","37":"product_tag-beschriftete","38":"product_tag-beschrifteter","39":"product_tag-beschriftetes","40":"product_tag-beschriftung","41":"product_tag-beschriftungen","42":"product_tag-brd","43":"product_tag-bundesrepublik-deutschland","44":"product_tag-deutsch","45":"product_tag-deutsche","46":"product_tag-deutschen","47":"product_tag-deutscher","48":"product_tag-deutsches","49":"product_tag-deutschland","50":"product_tag-deutschlands","51":"product_tag-einwanderer","52":"product_tag-einwandern","53":"product_tag-einwanderung","54":"product_tag-emigrant","55":"product_tag-emigranten","56":"product_tag-emigration","57":"product_tag-englisch","58":"product_tag-englische","59":"product_tag-englischen","60":"product_tag-englischer","61":"product_tag-englisches","62":"product_tag-erstveroeffentlichung","63":"product_tag-formular","64":"product_tag-foto","65":"product_tag-fotoabzug","66":"product_tag-fotoabzuege","67":"product_tag-fotografie","68":"product_tag-fotografien","69":"product_tag-fotografin","70":"product_tag-fotografinnen","71":"product_tag-fotoreportage","72":"product_tag-frankfurt-m","73":"product_tag-frankfurt-main","74":"product_tag-frankfurt-a-main","75":"product_tag-frankfurt-a-m","76":"product_tag-frankfurt-am-main","77":"product_tag-frankfurter","78":"product_tag-fremdarbeiter","79":"product_tag-fremdarbeitern","80":"product_tag-fremdarbeiters","81":"product_tag-gastarbeiter","82":"product_tag-gastarbeitern","83":"product_tag-gastarbeiters","84":"product_tag-gesellschaft","85":"product_tag-hessen","86":"product_tag-hessisch","87":"product_tag-hessische","88":"product_tag-hessischen","89":"product_tag-hessischer","90":"product_tag-hessisches","91":"product_tag-immigrant","92":"product_tag-immigranten","93":"product_tag-immigration","94":"product_tag-mann","95":"product_tag-maenner","96":"product_tag-mannes","97":"product_tag-markierung","98":"product_tag-mass","99":"product_tag-massangabe","100":"product_tag-massangaben","101":"product_tag-masse","102":"product_tag-migrant","103":"product_tag-migranten","104":"product_tag-migration","105":"product_tag-minderheit","106":"product_tag-notiz","107":"product_tag-notizen","108":"product_tag-obdach","109":"product_tag-pendant","110":"product_tag-pendants","111":"product_tag-photo","112":"product_tag-photoabzug","113":"product_tag-photoabzuege","114":"product_tag-photographie","115":"product_tag-photographien","116":"product_tag-photographin","117":"product_tag-photographinnen","118":"product_tag-photoreportage","119":"product_tag-print","120":"product_tag-publikation","121":"product_tag-reportage","122":"product_tag-reportagefoto","123":"product_tag-reportagefotografie","124":"product_tag-reportagephoto","125":"product_tag-reportagephotographie","126":"product_tag-rueckansicht","127":"product_tag-rueckseite","128":"product_tag-s-w-fotografie","129":"product_tag-s-w-photographie","130":"product_tag-schrank","131":"product_tag-schraenke","132":"product_tag-schwarzweissphotographie","133":"product_tag-schwarz-weiss-fotografie","134":"product_tag-schwarz-weiss-photographie","135":"product_tag-schwarzweiss","136":"product_tag-schwarzweisse","137":"product_tag-schwarzweissen","138":"product_tag-schwarzweisser","139":"product_tag-schwarzweisses","140":"product_tag-schwarzweissfotografie","141":"product_tag-siebziger","142":"product_tag-silbergelatine","143":"product_tag-silbergelatineabzug","144":"product_tag-silbergelatineabzuege","145":"product_tag-silbergelatineprint","146":"product_tag-stempel","147":"product_tag-stempelabdruck","148":"product_tag-stempelabdruecke","149":"product_tag-stempelabdruckes","150":"product_tag-stempelabdrucks","151":"product_tag-stempeldruck","152":"product_tag-stempeldrucke","153":"product_tag-stempeldruckes","154":"product_tag-stempeldrucks","155":"product_tag-sw-fotografie","156":"product_tag-sw-photographie","157":"product_tag-unterkunft","158":"product_tag-unterkuenfte","159":"product_tag-v","160":"product_tag-vergroesserung","161":"product_tag-vergroesserungen","162":"product_tag-verso","163":"product_tag-von-hinten","164":"product_tag-vs","165":"product_tag-zettel","166":"product_tag-zuwanderer","167":"pa_datierung-august-1970","168":"pa_fotograf-abisag-tuellmann","169":"pa_geografischer_bezug-aufnahmeort-frankfurt-am-main-deutschland","170":"pa_grunddaten_material_technik-foto-silbergelatine-auf-barytpapier","171":"pa_inventarnummer-tue-70-252-25a","172":"pa_jahr_von-53324","173":"pa_massangaben-bildformat-foto-392-x-295-cm","174":"pa_mediennummer-53367","175":"pa_objekttyp-fotografie","177":"first","178":"instock","179":"product-type-simple"},"yoast_head":"<!-- This site is optimized with the Yoast SEO plugin v27.4 - https:\/\/yoast.com\/product\/yoast-seo-wordpress\/ -->\n<title>R\u00fcckseite von: Gastarbeiter in seiner Unterkunft - Abisag T\u00fcllmann<\/title>\n<meta name=\"robots\" content=\"index, follow, max-snippet:-1, max-image-preview:large, max-video-preview:-1\" \/>\n<link rel=\"canonical\" href=\"https:\/\/bpk-archive.de\/tuellmann\/produkt\/rueckseite-von-gastarbeiter-in-seiner-unterkunft-2\/\" \/>\n<meta property=\"og:locale\" content=\"de_DE\" \/>\n<meta property=\"og:type\" content=\"article\" \/>\n<meta property=\"og:title\" content=\"R\u00fcckseite von: Gastarbeiter in seiner Unterkunft - Abisag T\u00fcllmann\" \/>\n<meta property=\"og:description\" content=\"Vorderseite siehe: 70298285 R\u00fcckseitenbeschriftung von anderer Hand: &#8222;Gastarbeiterbaracke der Holzmann AG&#8220;\" \/>\n<meta property=\"og:url\" content=\"https:\/\/bpk-archive.de\/tuellmann\/produkt\/rueckseite-von-gastarbeiter-in-seiner-unterkunft-2\/\" \/>\n<meta property=\"og:site_name\" content=\"Abisag T\u00fcllmann\" \/>\n<meta property=\"article:modified_time\" content=\"2020-05-27T15:11:31+00:00\" \/>\n<meta property=\"og:image\" content=\"https:\/\/bpk-archive.de\/tuellmann\/wp-content\/uploads\/2019\/08\/bpk_70298286.jpg\" \/>\n\t<meta property=\"og:image:width\" content=\"911\" \/>\n\t<meta property=\"og:image:height\" content=\"1200\" \/>\n\t<meta property=\"og:image:type\" content=\"image\/jpeg\" \/>\n<meta name=\"twitter:card\" content=\"summary_large_image\" \/>\n<script type=\"application\/ld+json\" class=\"yoast-schema-graph\">{\"@context\":\"https:\\\/\\\/schema.org\",\"@graph\":[{\"@type\":\"WebPage\",\"@id\":\"https:\\\/\\\/bpk-archive.de\\\/tuellmann\\\/produkt\\\/rueckseite-von-gastarbeiter-in-seiner-unterkunft-2\\\/\",\"url\":\"https:\\\/\\\/bpk-archive.de\\\/tuellmann\\\/produkt\\\/rueckseite-von-gastarbeiter-in-seiner-unterkunft-2\\\/\",\"name\":\"R\u00fcckseite von: Gastarbeiter in seiner Unterkunft - Abisag T\u00fcllmann\",\"isPartOf\":{\"@id\":\"https:\\\/\\\/bpk-archive.de\\\/tuellmann\\\/#website\"},\"primaryImageOfPage\":{\"@id\":\"https:\\\/\\\/bpk-archive.de\\\/tuellmann\\\/produkt\\\/rueckseite-von-gastarbeiter-in-seiner-unterkunft-2\\\/#primaryimage\"},\"image\":{\"@id\":\"https:\\\/\\\/bpk-archive.de\\\/tuellmann\\\/produkt\\\/rueckseite-von-gastarbeiter-in-seiner-unterkunft-2\\\/#primaryimage\"},\"thumbnailUrl\":\"https:\\\/\\\/bpk-archive.de\\\/tuellmann\\\/wp-content\\\/uploads\\\/2019\\\/08\\\/bpk_70298286.jpg\",\"datePublished\":\"2020-05-27T15:11:21+00:00\",\"dateModified\":\"2020-05-27T15:11:31+00:00\",\"breadcrumb\":{\"@id\":\"https:\\\/\\\/bpk-archive.de\\\/tuellmann\\\/produkt\\\/rueckseite-von-gastarbeiter-in-seiner-unterkunft-2\\\/#breadcrumb\"},\"inLanguage\":\"de\",\"potentialAction\":[{\"@type\":\"ReadAction\",\"target\":[\"https:\\\/\\\/bpk-archive.de\\\/tuellmann\\\/produkt\\\/rueckseite-von-gastarbeiter-in-seiner-unterkunft-2\\\/\"]}]},{\"@type\":\"ImageObject\",\"inLanguage\":\"de\",\"@id\":\"https:\\\/\\\/bpk-archive.de\\\/tuellmann\\\/produkt\\\/rueckseite-von-gastarbeiter-in-seiner-unterkunft-2\\\/#primaryimage\",\"url\":\"https:\\\/\\\/bpk-archive.de\\\/tuellmann\\\/wp-content\\\/uploads\\\/2019\\\/08\\\/bpk_70298286.jpg\",\"contentUrl\":\"https:\\\/\\\/bpk-archive.de\\\/tuellmann\\\/wp-content\\\/uploads\\\/2019\\\/08\\\/bpk_70298286.jpg\",\"width\":911,\"height\":1200,\"caption\":\"R\u00fcckseite von: Gastarbeiter in seiner Unterkunft\"},{\"@type\":\"BreadcrumbList\",\"@id\":\"https:\\\/\\\/bpk-archive.de\\\/tuellmann\\\/produkt\\\/rueckseite-von-gastarbeiter-in-seiner-unterkunft-2\\\/#breadcrumb\",\"itemListElement\":[{\"@type\":\"ListItem\",\"position\":1,\"name\":\"Startseite\",\"item\":\"https:\\\/\\\/bpk-archive.de\\\/tuellmann\\\/\"},{\"@type\":\"ListItem\",\"position\":2,\"name\":\"Shop\",\"item\":\"https:\\\/\\\/bpk-archive.de\\\/tuellmann\\\/shop\\\/\"},{\"@type\":\"ListItem\",\"position\":3,\"name\":\"R\u00fcckseite von: Gastarbeiter in seiner Unterkunft\"}]},{\"@type\":\"WebSite\",\"@id\":\"https:\\\/\\\/bpk-archive.de\\\/tuellmann\\\/#website\",\"url\":\"https:\\\/\\\/bpk-archive.de\\\/tuellmann\\\/\",\"name\":\"Abisag T\u00fcllmann\",\"description\":\"Eine weitere WordPress-Website\",\"potentialAction\":[{\"@type\":\"SearchAction\",\"target\":{\"@type\":\"EntryPoint\",\"urlTemplate\":\"https:\\\/\\\/bpk-archive.de\\\/tuellmann\\\/?s={search_term_string}\"},\"query-input\":{\"@type\":\"PropertyValueSpecification\",\"valueRequired\":true,\"valueName\":\"search_term_string\"}}],\"inLanguage\":\"de\"}]}<\/script>\n<!-- \/ Yoast SEO plugin. -->","yoast_head_json":{"title":"R\u00fcckseite von: Gastarbeiter in seiner Unterkunft - Abisag T\u00fcllmann","robots":{"index":"index","follow":"follow","max-snippet":"max-snippet:-1","max-image-preview":"max-image-preview:large","max-video-preview":"max-video-preview:-1"},"canonical":"https:\/\/bpk-archive.de\/tuellmann\/produkt\/rueckseite-von-gastarbeiter-in-seiner-unterkunft-2\/","og_locale":"de_DE","og_type":"article","og_title":"R\u00fcckseite von: Gastarbeiter in seiner Unterkunft - Abisag T\u00fcllmann","og_description":"Vorderseite siehe: 70298285 R\u00fcckseitenbeschriftung von anderer Hand: &#8222;Gastarbeiterbaracke der Holzmann AG&#8220;","og_url":"https:\/\/bpk-archive.de\/tuellmann\/produkt\/rueckseite-von-gastarbeiter-in-seiner-unterkunft-2\/","og_site_name":"Abisag T\u00fcllmann","article_modified_time":"2020-05-27T15:11:31+00:00","og_image":[{"width":911,"height":1200,"url":"https:\/\/bpk-archive.de\/tuellmann\/wp-content\/uploads\/2019\/08\/bpk_70298286.jpg","type":"image\/jpeg"}],"twitter_card":"summary_large_image","schema":{"@context":"https:\/\/schema.org","@graph":[{"@type":"WebPage","@id":"https:\/\/bpk-archive.de\/tuellmann\/produkt\/rueckseite-von-gastarbeiter-in-seiner-unterkunft-2\/","url":"https:\/\/bpk-archive.de\/tuellmann\/produkt\/rueckseite-von-gastarbeiter-in-seiner-unterkunft-2\/","name":"R\u00fcckseite von: Gastarbeiter in seiner Unterkunft - Abisag T\u00fcllmann","isPartOf":{"@id":"https:\/\/bpk-archive.de\/tuellmann\/#website"},"primaryImageOfPage":{"@id":"https:\/\/bpk-archive.de\/tuellmann\/produkt\/rueckseite-von-gastarbeiter-in-seiner-unterkunft-2\/#primaryimage"},"image":{"@id":"https:\/\/bpk-archive.de\/tuellmann\/produkt\/rueckseite-von-gastarbeiter-in-seiner-unterkunft-2\/#primaryimage"},"thumbnailUrl":"https:\/\/bpk-archive.de\/tuellmann\/wp-content\/uploads\/2019\/08\/bpk_70298286.jpg","datePublished":"2020-05-27T15:11:21+00:00","dateModified":"2020-05-27T15:11:31+00:00","breadcrumb":{"@id":"https:\/\/bpk-archive.de\/tuellmann\/produkt\/rueckseite-von-gastarbeiter-in-seiner-unterkunft-2\/#breadcrumb"},"inLanguage":"de","potentialAction":[{"@type":"ReadAction","target":["https:\/\/bpk-archive.de\/tuellmann\/produkt\/rueckseite-von-gastarbeiter-in-seiner-unterkunft-2\/"]}]},{"@type":"ImageObject","inLanguage":"de","@id":"https:\/\/bpk-archive.de\/tuellmann\/produkt\/rueckseite-von-gastarbeiter-in-seiner-unterkunft-2\/#primaryimage","url":"https:\/\/bpk-archive.de\/tuellmann\/wp-content\/uploads\/2019\/08\/bpk_70298286.jpg","contentUrl":"https:\/\/bpk-archive.de\/tuellmann\/wp-content\/uploads\/2019\/08\/bpk_70298286.jpg","width":911,"height":1200,"caption":"R\u00fcckseite von: Gastarbeiter in seiner Unterkunft"},{"@type":"BreadcrumbList","@id":"https:\/\/bpk-archive.de\/tuellmann\/produkt\/rueckseite-von-gastarbeiter-in-seiner-unterkunft-2\/#breadcrumb","itemListElement":[{"@type":"ListItem","position":1,"name":"Startseite","item":"https:\/\/bpk-archive.de\/tuellmann\/"},{"@type":"ListItem","position":2,"name":"Shop","item":"https:\/\/bpk-archive.de\/tuellmann\/shop\/"},{"@type":"ListItem","position":3,"name":"R\u00fcckseite von: Gastarbeiter in seiner Unterkunft"}]},{"@type":"WebSite","@id":"https:\/\/bpk-archive.de\/tuellmann\/#website","url":"https:\/\/bpk-archive.de\/tuellmann\/","name":"Abisag T\u00fcllmann","description":"Eine weitere WordPress-Website","potentialAction":[{"@type":"SearchAction","target":{"@type":"EntryPoint","urlTemplate":"https:\/\/bpk-archive.de\/tuellmann\/?s={search_term_string}"},"query-input":{"@type":"PropertyValueSpecification","valueRequired":true,"valueName":"search_term_string"}}],"inLanguage":"de"}]}},"_links":{"self":[{"href":"https:\/\/bpk-archive.de\/tuellmann\/wp-json\/wp\/v2\/product\/70316136","targetHints":{"allow":["GET"]}}],"collection":[{"href":"https:\/\/bpk-archive.de\/tuellmann\/wp-json\/wp\/v2\/product"}],"about":[{"href":"https:\/\/bpk-archive.de\/tuellmann\/wp-json\/wp\/v2\/types\/product"}],"wp:featuredmedia":[{"embeddable":true,"href":"https:\/\/bpk-archive.de\/tuellmann\/wp-json\/wp\/v2\/media\/70293229"}],"wp:attachment":[{"href":"https:\/\/bpk-archive.de\/tuellmann\/wp-json\/wp\/v2\/media?parent=70316136"}],"wp:term":[{"taxonomy":"product_brand","embeddable":true,"href":"https:\/\/bpk-archive.de\/tuellmann\/wp-json\/wp\/v2\/product_brand?post=70316136"},{"taxonomy":"product_cat","embeddable":true,"href":"https:\/\/bpk-archive.de\/tuellmann\/wp-json\/wp\/v2\/product_cat?post=70316136"},{"taxonomy":"product_tag","embeddable":true,"href":"https:\/\/bpk-archive.de\/tuellmann\/wp-json\/wp\/v2\/product_tag?post=70316136"}],"curies":[{"name":"wp","href":"https:\/\/api.w.org\/{rel}","templated":true}]}}