{"id":70316133,"date":"2020-05-27T17:11:21","date_gmt":"2020-05-27T15:11:21","guid":{"rendered":"https:\/\/bpk-archive.de\/tuellmann\/\/atbild\/rueckseite-von-aus-der-serie-fuer-den-fotoroman-erwin-und-gabi-4\/"},"modified":"2020-05-27T17:11:28","modified_gmt":"2020-05-27T15:11:28","slug":"rueckseite-von-aus-der-serie-fuer-den-fotoroman-erwin-und-gabi-4","status":"publish","type":"product","link":"https:\/\/bpk-archive.de\/tuellmann\/produkt\/rueckseite-von-aus-der-serie-fuer-den-fotoroman-erwin-und-gabi-4\/","title":{"rendered":"R\u00fcckseite von: Aus der Serie f\u00fcr den Fotoroman &#8222;Erwin und Gabi&#8220;"},"content":{"rendered":"<p>Vorderseite siehe: 70371001 Nach einer Geschichte von Alexander Kluge; Kamera und Regie: Abisag T\u00fcllmann; Darsteller: Lelle Boendgen-Franz und Walter Witte (Publiziert in: Karl Markus Michel, Harald Wieser (Hg.): Kursbuch 59, April\/Mai 1980, Berlin: Kursbuch\/Rotbuch Verlag, S. 131-142)<\/p>\n","protected":false},"excerpt":{"rendered":"<p>Vorderseite siehe: 70371001 Nach einer Geschichte von Alexander Kluge; Kamera und Regie: Abisag T\u00fcllmann; Darsteller: Lelle Boendgen-Franz und Walter Witte (Publiziert in: Karl Markus Michel, Harald Wieser (Hg.): Kursbuch 59, April\/Mai 1980, Berlin: Kursbuch\/Rotbuch Verlag, S. 131-142)<\/p>\n","protected":false},"featured_media":70293789,"template":"","meta":[],"product_brand":[],"product_cat":[],"product_tag":[47237,13232,13234,13231,13233,47238,59588,13777,47240,59589,59593,13469,13470,13253,13254,13255,13256,13257,13471,13472,59595,47632,59596,47635,47636,47637,47638,49457,49458,49459,13293,13786,13787,13294,13295,13296,13297,51504,59597,49684,51505,13485,13486,13482,13481,13483,13484,59725,57329,59726,57330,51950,51951,51952,51953,51954,51013,13492,13493,13494,13495,13496,13497,57335,57336,57337,57338,57339,57340,57341,59601,59602,54076,54077,14007,59605,14008,14009,48451,48452,13328,13827,13828,13329,13330,13331,13332,13843,47594,47595,13877,13879,13865,13864,13866,13858,13859,13860,13861,13862,13863,49718,49719,13869,13870,13871,13872,13878,13880,49460,59729,60417,60418,48366,48367,47615,48368],"class_list":{"0":"post-70316133","1":"product","2":"type-product","3":"status-publish","4":"has-post-thumbnail","6":"product_tag-1980er-jahre","7":"product_tag-20-jahrhundert-nach-chr","8":"product_tag-20-jh-n-chr","9":"product_tag-20-jahrhundert","10":"product_tag-20-jh","11":"product_tag-80er","12":"product_tag-abt_019","13":"product_tag-abzug","14":"product_tag-achtziger","15":"product_tag-at_erwin","16":"product_tag-beziehung","17":"product_tag-brd","18":"product_tag-bundesrepublik-deutschland","19":"product_tag-deutsch","20":"product_tag-deutsche","21":"product_tag-deutschen","22":"product_tag-deutscher","23":"product_tag-deutsches","24":"product_tag-deutschland","25":"product_tag-deutschlands","26":"product_tag-ehe","27":"product_tag-eheleute","28":"product_tag-ehen","29":"product_tag-ehepaar","30":"product_tag-ehepaare","31":"product_tag-ehepaares","32":"product_tag-ehepaars","33":"product_tag-fernsehapparat","34":"product_tag-fernseher","35":"product_tag-fernsehgeraet","36":"product_tag-foto","37":"product_tag-fotoabzug","38":"product_tag-fotoabzuege","39":"product_tag-fotografie","40":"product_tag-fotografien","41":"product_tag-fotografin","42":"product_tag-fotografinnen","43":"product_tag-fotoreihe","44":"product_tag-fotoroman","45":"product_tag-fotoserie","46":"product_tag-fotostrecke","47":"product_tag-frankfurt-m","48":"product_tag-frankfurt-main","49":"product_tag-frankfurt-a-main","50":"product_tag-frankfurt-a-m","51":"product_tag-frankfurt-am-main","52":"product_tag-frankfurter","53":"product_tag-freigestellt","54":"product_tag-freistellbar","55":"product_tag-freistellen","56":"product_tag-freisteller","57":"product_tag-gemeinsam","58":"product_tag-gemeinsame","59":"product_tag-gemeinsamer","60":"product_tag-gemeinsames","61":"product_tag-gemeinsamkeit","62":"product_tag-gemeinschaft","63":"product_tag-hessen","64":"product_tag-hessisch","65":"product_tag-hessische","66":"product_tag-hessischen","67":"product_tag-hessischer","68":"product_tag-hessisches","69":"product_tag-liebe","70":"product_tag-lieben","71":"product_tag-liebend","72":"product_tag-liebende","73":"product_tag-liebenden","74":"product_tag-liebender","75":"product_tag-liebendes","76":"product_tag-liebesbeziehung","77":"product_tag-liebesbeziehungen","78":"product_tag-liebespaar","79":"product_tag-liebespaare","80":"product_tag-paar","81":"product_tag-paarbeziehung","82":"product_tag-paare","83":"product_tag-paerchen","84":"product_tag-pendant","85":"product_tag-pendants","86":"product_tag-photo","87":"product_tag-photoabzug","88":"product_tag-photoabzuege","89":"product_tag-photographie","90":"product_tag-photographien","91":"product_tag-photographin","92":"product_tag-photographinnen","93":"product_tag-print","94":"product_tag-rueckansicht","95":"product_tag-rueckseite","96":"product_tag-s-w-fotografie","97":"product_tag-s-w-photographie","98":"product_tag-schwarzweissphotographie","99":"product_tag-schwarz-weiss-fotografie","100":"product_tag-schwarz-weiss-photographie","101":"product_tag-schwarzweiss","102":"product_tag-schwarzweisse","103":"product_tag-schwarzweissen","104":"product_tag-schwarzweisser","105":"product_tag-schwarzweisses","106":"product_tag-schwarzweissfotografie","107":"product_tag-serie","108":"product_tag-serien","109":"product_tag-silbergelatine","110":"product_tag-silbergelatineabzug","111":"product_tag-silbergelatineabzuege","112":"product_tag-silbergelatineprint","113":"product_tag-sw-fotografie","114":"product_tag-sw-photographie","115":"product_tag-tv-geraet","116":"product_tag-umrandung","117":"product_tag-umriss","118":"product_tag-umrisse","119":"product_tag-v","120":"product_tag-verso","121":"product_tag-von-hinten","122":"product_tag-vs","123":"pa_datierung-28982","124":"pa_fotograf-abisag-tuellmann","125":"pa_geografischer_bezug-aufnahmeort-frankfurt-am-main-deutschland","126":"pa_grunddaten_material_technik-foto-silbergelatine-auf-barytpapier","127":"pa_inventarnummer-tue-80-021-36a","128":"pa_jahr_von-53247","129":"pa_massangaben-bildformat-foto-18-x-239-cm","130":"pa_mediennummer-60474","131":"pa_objekttyp-fotografie","133":"first","134":"instock","135":"product-type-simple"},"yoast_head":"<!-- This site is optimized with the Yoast SEO plugin v27.4 - https:\/\/yoast.com\/product\/yoast-seo-wordpress\/ -->\n<title>R\u00fcckseite von: Aus der Serie f\u00fcr den Fotoroman &quot;Erwin und Gabi&quot; - Abisag T\u00fcllmann<\/title>\n<meta name=\"robots\" content=\"index, follow, max-snippet:-1, max-image-preview:large, max-video-preview:-1\" \/>\n<link rel=\"canonical\" href=\"https:\/\/bpk-archive.de\/tuellmann\/produkt\/rueckseite-von-aus-der-serie-fuer-den-fotoroman-erwin-und-gabi-4\/\" \/>\n<meta property=\"og:locale\" content=\"de_DE\" \/>\n<meta property=\"og:type\" content=\"article\" \/>\n<meta property=\"og:title\" content=\"R\u00fcckseite von: Aus der Serie f\u00fcr den Fotoroman &quot;Erwin und Gabi&quot; - Abisag T\u00fcllmann\" \/>\n<meta property=\"og:description\" content=\"Vorderseite siehe: 70371001 Nach einer Geschichte von Alexander Kluge; Kamera und Regie: Abisag T\u00fcllmann; Darsteller: Lelle Boendgen-Franz und Walter Witte (Publiziert in: Karl Markus Michel, Harald Wieser (Hg.): Kursbuch 59, April\/Mai 1980, Berlin: Kursbuch\/Rotbuch Verlag, S. 131-142)\" \/>\n<meta property=\"og:url\" content=\"https:\/\/bpk-archive.de\/tuellmann\/produkt\/rueckseite-von-aus-der-serie-fuer-den-fotoroman-erwin-und-gabi-4\/\" \/>\n<meta property=\"og:site_name\" content=\"Abisag T\u00fcllmann\" \/>\n<meta property=\"article:modified_time\" content=\"2020-05-27T15:11:28+00:00\" \/>\n<meta property=\"og:image\" content=\"https:\/\/bpk-archive.de\/tuellmann\/wp-content\/uploads\/2019\/08\/bpk_70371083.jpg\" \/>\n\t<meta property=\"og:image:width\" content=\"1200\" \/>\n\t<meta property=\"og:image:height\" content=\"911\" \/>\n\t<meta property=\"og:image:type\" content=\"image\/jpeg\" \/>\n<meta name=\"twitter:card\" content=\"summary_large_image\" \/>\n<script type=\"application\/ld+json\" class=\"yoast-schema-graph\">{\"@context\":\"https:\\\/\\\/schema.org\",\"@graph\":[{\"@type\":\"WebPage\",\"@id\":\"https:\\\/\\\/bpk-archive.de\\\/tuellmann\\\/produkt\\\/rueckseite-von-aus-der-serie-fuer-den-fotoroman-erwin-und-gabi-4\\\/\",\"url\":\"https:\\\/\\\/bpk-archive.de\\\/tuellmann\\\/produkt\\\/rueckseite-von-aus-der-serie-fuer-den-fotoroman-erwin-und-gabi-4\\\/\",\"name\":\"R\u00fcckseite von: Aus der Serie f\u00fcr den Fotoroman \\\"Erwin und Gabi\\\" - Abisag T\u00fcllmann\",\"isPartOf\":{\"@id\":\"https:\\\/\\\/bpk-archive.de\\\/tuellmann\\\/#website\"},\"primaryImageOfPage\":{\"@id\":\"https:\\\/\\\/bpk-archive.de\\\/tuellmann\\\/produkt\\\/rueckseite-von-aus-der-serie-fuer-den-fotoroman-erwin-und-gabi-4\\\/#primaryimage\"},\"image\":{\"@id\":\"https:\\\/\\\/bpk-archive.de\\\/tuellmann\\\/produkt\\\/rueckseite-von-aus-der-serie-fuer-den-fotoroman-erwin-und-gabi-4\\\/#primaryimage\"},\"thumbnailUrl\":\"https:\\\/\\\/bpk-archive.de\\\/tuellmann\\\/wp-content\\\/uploads\\\/2019\\\/08\\\/bpk_70371083.jpg\",\"datePublished\":\"2020-05-27T15:11:21+00:00\",\"dateModified\":\"2020-05-27T15:11:28+00:00\",\"breadcrumb\":{\"@id\":\"https:\\\/\\\/bpk-archive.de\\\/tuellmann\\\/produkt\\\/rueckseite-von-aus-der-serie-fuer-den-fotoroman-erwin-und-gabi-4\\\/#breadcrumb\"},\"inLanguage\":\"de\",\"potentialAction\":[{\"@type\":\"ReadAction\",\"target\":[\"https:\\\/\\\/bpk-archive.de\\\/tuellmann\\\/produkt\\\/rueckseite-von-aus-der-serie-fuer-den-fotoroman-erwin-und-gabi-4\\\/\"]}]},{\"@type\":\"ImageObject\",\"inLanguage\":\"de\",\"@id\":\"https:\\\/\\\/bpk-archive.de\\\/tuellmann\\\/produkt\\\/rueckseite-von-aus-der-serie-fuer-den-fotoroman-erwin-und-gabi-4\\\/#primaryimage\",\"url\":\"https:\\\/\\\/bpk-archive.de\\\/tuellmann\\\/wp-content\\\/uploads\\\/2019\\\/08\\\/bpk_70371083.jpg\",\"contentUrl\":\"https:\\\/\\\/bpk-archive.de\\\/tuellmann\\\/wp-content\\\/uploads\\\/2019\\\/08\\\/bpk_70371083.jpg\",\"width\":1200,\"height\":911,\"caption\":\"R\u00fcckseite von: Aus der Serie f\u00fcr den Fotoroman \\\"Erwin und Gabi\\\"\"},{\"@type\":\"BreadcrumbList\",\"@id\":\"https:\\\/\\\/bpk-archive.de\\\/tuellmann\\\/produkt\\\/rueckseite-von-aus-der-serie-fuer-den-fotoroman-erwin-und-gabi-4\\\/#breadcrumb\",\"itemListElement\":[{\"@type\":\"ListItem\",\"position\":1,\"name\":\"Startseite\",\"item\":\"https:\\\/\\\/bpk-archive.de\\\/tuellmann\\\/\"},{\"@type\":\"ListItem\",\"position\":2,\"name\":\"Shop\",\"item\":\"https:\\\/\\\/bpk-archive.de\\\/tuellmann\\\/shop\\\/\"},{\"@type\":\"ListItem\",\"position\":3,\"name\":\"R\u00fcckseite von: Aus der Serie f\u00fcr den Fotoroman &#8220;Erwin und Gabi&#8221;\"}]},{\"@type\":\"WebSite\",\"@id\":\"https:\\\/\\\/bpk-archive.de\\\/tuellmann\\\/#website\",\"url\":\"https:\\\/\\\/bpk-archive.de\\\/tuellmann\\\/\",\"name\":\"Abisag T\u00fcllmann\",\"description\":\"Eine weitere WordPress-Website\",\"potentialAction\":[{\"@type\":\"SearchAction\",\"target\":{\"@type\":\"EntryPoint\",\"urlTemplate\":\"https:\\\/\\\/bpk-archive.de\\\/tuellmann\\\/?s={search_term_string}\"},\"query-input\":{\"@type\":\"PropertyValueSpecification\",\"valueRequired\":true,\"valueName\":\"search_term_string\"}}],\"inLanguage\":\"de\"}]}<\/script>\n<!-- \/ Yoast SEO plugin. -->","yoast_head_json":{"title":"R\u00fcckseite von: Aus der Serie f\u00fcr den Fotoroman \"Erwin und Gabi\" - Abisag T\u00fcllmann","robots":{"index":"index","follow":"follow","max-snippet":"max-snippet:-1","max-image-preview":"max-image-preview:large","max-video-preview":"max-video-preview:-1"},"canonical":"https:\/\/bpk-archive.de\/tuellmann\/produkt\/rueckseite-von-aus-der-serie-fuer-den-fotoroman-erwin-und-gabi-4\/","og_locale":"de_DE","og_type":"article","og_title":"R\u00fcckseite von: Aus der Serie f\u00fcr den Fotoroman \"Erwin und Gabi\" - Abisag T\u00fcllmann","og_description":"Vorderseite siehe: 70371001 Nach einer Geschichte von Alexander Kluge; Kamera und Regie: Abisag T\u00fcllmann; Darsteller: Lelle Boendgen-Franz und Walter Witte (Publiziert in: Karl Markus Michel, Harald Wieser (Hg.): Kursbuch 59, April\/Mai 1980, Berlin: Kursbuch\/Rotbuch Verlag, S. 131-142)","og_url":"https:\/\/bpk-archive.de\/tuellmann\/produkt\/rueckseite-von-aus-der-serie-fuer-den-fotoroman-erwin-und-gabi-4\/","og_site_name":"Abisag T\u00fcllmann","article_modified_time":"2020-05-27T15:11:28+00:00","og_image":[{"width":1200,"height":911,"url":"https:\/\/bpk-archive.de\/tuellmann\/wp-content\/uploads\/2019\/08\/bpk_70371083.jpg","type":"image\/jpeg"}],"twitter_card":"summary_large_image","schema":{"@context":"https:\/\/schema.org","@graph":[{"@type":"WebPage","@id":"https:\/\/bpk-archive.de\/tuellmann\/produkt\/rueckseite-von-aus-der-serie-fuer-den-fotoroman-erwin-und-gabi-4\/","url":"https:\/\/bpk-archive.de\/tuellmann\/produkt\/rueckseite-von-aus-der-serie-fuer-den-fotoroman-erwin-und-gabi-4\/","name":"R\u00fcckseite von: Aus der Serie f\u00fcr den Fotoroman \"Erwin und Gabi\" - Abisag T\u00fcllmann","isPartOf":{"@id":"https:\/\/bpk-archive.de\/tuellmann\/#website"},"primaryImageOfPage":{"@id":"https:\/\/bpk-archive.de\/tuellmann\/produkt\/rueckseite-von-aus-der-serie-fuer-den-fotoroman-erwin-und-gabi-4\/#primaryimage"},"image":{"@id":"https:\/\/bpk-archive.de\/tuellmann\/produkt\/rueckseite-von-aus-der-serie-fuer-den-fotoroman-erwin-und-gabi-4\/#primaryimage"},"thumbnailUrl":"https:\/\/bpk-archive.de\/tuellmann\/wp-content\/uploads\/2019\/08\/bpk_70371083.jpg","datePublished":"2020-05-27T15:11:21+00:00","dateModified":"2020-05-27T15:11:28+00:00","breadcrumb":{"@id":"https:\/\/bpk-archive.de\/tuellmann\/produkt\/rueckseite-von-aus-der-serie-fuer-den-fotoroman-erwin-und-gabi-4\/#breadcrumb"},"inLanguage":"de","potentialAction":[{"@type":"ReadAction","target":["https:\/\/bpk-archive.de\/tuellmann\/produkt\/rueckseite-von-aus-der-serie-fuer-den-fotoroman-erwin-und-gabi-4\/"]}]},{"@type":"ImageObject","inLanguage":"de","@id":"https:\/\/bpk-archive.de\/tuellmann\/produkt\/rueckseite-von-aus-der-serie-fuer-den-fotoroman-erwin-und-gabi-4\/#primaryimage","url":"https:\/\/bpk-archive.de\/tuellmann\/wp-content\/uploads\/2019\/08\/bpk_70371083.jpg","contentUrl":"https:\/\/bpk-archive.de\/tuellmann\/wp-content\/uploads\/2019\/08\/bpk_70371083.jpg","width":1200,"height":911,"caption":"R\u00fcckseite von: Aus der Serie f\u00fcr den Fotoroman \"Erwin und Gabi\""},{"@type":"BreadcrumbList","@id":"https:\/\/bpk-archive.de\/tuellmann\/produkt\/rueckseite-von-aus-der-serie-fuer-den-fotoroman-erwin-und-gabi-4\/#breadcrumb","itemListElement":[{"@type":"ListItem","position":1,"name":"Startseite","item":"https:\/\/bpk-archive.de\/tuellmann\/"},{"@type":"ListItem","position":2,"name":"Shop","item":"https:\/\/bpk-archive.de\/tuellmann\/shop\/"},{"@type":"ListItem","position":3,"name":"R\u00fcckseite von: Aus der Serie f\u00fcr den Fotoroman &#8220;Erwin und Gabi&#8221;"}]},{"@type":"WebSite","@id":"https:\/\/bpk-archive.de\/tuellmann\/#website","url":"https:\/\/bpk-archive.de\/tuellmann\/","name":"Abisag T\u00fcllmann","description":"Eine weitere WordPress-Website","potentialAction":[{"@type":"SearchAction","target":{"@type":"EntryPoint","urlTemplate":"https:\/\/bpk-archive.de\/tuellmann\/?s={search_term_string}"},"query-input":{"@type":"PropertyValueSpecification","valueRequired":true,"valueName":"search_term_string"}}],"inLanguage":"de"}]}},"_links":{"self":[{"href":"https:\/\/bpk-archive.de\/tuellmann\/wp-json\/wp\/v2\/product\/70316133","targetHints":{"allow":["GET"]}}],"collection":[{"href":"https:\/\/bpk-archive.de\/tuellmann\/wp-json\/wp\/v2\/product"}],"about":[{"href":"https:\/\/bpk-archive.de\/tuellmann\/wp-json\/wp\/v2\/types\/product"}],"wp:featuredmedia":[{"embeddable":true,"href":"https:\/\/bpk-archive.de\/tuellmann\/wp-json\/wp\/v2\/media\/70293789"}],"wp:attachment":[{"href":"https:\/\/bpk-archive.de\/tuellmann\/wp-json\/wp\/v2\/media?parent=70316133"}],"wp:term":[{"taxonomy":"product_brand","embeddable":true,"href":"https:\/\/bpk-archive.de\/tuellmann\/wp-json\/wp\/v2\/product_brand?post=70316133"},{"taxonomy":"product_cat","embeddable":true,"href":"https:\/\/bpk-archive.de\/tuellmann\/wp-json\/wp\/v2\/product_cat?post=70316133"},{"taxonomy":"product_tag","embeddable":true,"href":"https:\/\/bpk-archive.de\/tuellmann\/wp-json\/wp\/v2\/product_tag?post=70316133"}],"curies":[{"name":"wp","href":"https:\/\/api.w.org\/{rel}","templated":true}]}}