{"id":70316129,"date":"2020-05-27T17:11:21","date_gmt":"2020-05-27T15:11:21","guid":{"rendered":"https:\/\/bpk-archive.de\/tuellmann\/\/atbild\/magnum-die-zeitschrift-fuer-das-moderne-leben-heft-43-august-1962-s-42-43\/"},"modified":"2020-05-27T17:11:25","modified_gmt":"2020-05-27T15:11:25","slug":"magnum-die-zeitschrift-fuer-das-moderne-leben-heft-43-august-1962-s-42-43","status":"publish","type":"product","link":"https:\/\/bpk-archive.de\/tuellmann\/produkt\/magnum-die-zeitschrift-fuer-das-moderne-leben-heft-43-august-1962-s-42-43\/","title":{"rendered":"Magnum. Die Zeitschrift f\u00fcr das moderne Leben, Heft 43, August 1962, S. 42-43"},"content":{"rendered":"<p>Artikel von Werner Hofmann, &#8222;XXXI. Biennale der Kunst in Venedig. So geht es nicht weiter&#8220;, S. 38-46. Unter Verwendung von Fotografien von Abisag T\u00fcllmann: XXXI. Biennale in Venedig, K\u00fcnstlerportr\u00e4ts<\/p>\n","protected":false},"excerpt":{"rendered":"<p>Artikel von Werner Hofmann, &#8222;XXXI. Biennale der Kunst in Venedig. So geht es nicht weiter&#8220;, S. 38-46. Unter Verwendung von Fotografien von Abisag T\u00fcllmann: XXXI. Biennale in Venedig, K\u00fcnstlerportr\u00e4ts<\/p>\n","protected":false},"featured_media":0,"template":"","meta":[],"product_brand":[],"product_cat":[],"product_tag":[13774,13232,13234,13231,13233,13775,73450,73436,13253,13254,13255,13256,13257,73451,73452,53928,53929,48363,13858,13859,13860,13861,13862,13867,47914,47915],"class_list":{"0":"post-70316129","1":"product","2":"type-product","3":"status-publish","5":"product_tag-1960er-jahre","6":"product_tag-20-jahrhundert-nach-chr","7":"product_tag-20-jh-n-chr","8":"product_tag-20-jahrhundert","9":"product_tag-20-jh","10":"product_tag-60er","11":"product_tag-artikel","12":"product_tag-at_publikationen","13":"product_tag-deutsch","14":"product_tag-deutsche","15":"product_tag-deutschen","16":"product_tag-deutscher","17":"product_tag-deutsches","18":"product_tag-druck","19":"product_tag-drucke","20":"product_tag-magazin","21":"product_tag-magazine","22":"product_tag-publikation","23":"product_tag-schwarzweiss","24":"product_tag-schwarzweisse","25":"product_tag-schwarzweissen","26":"product_tag-schwarzweisser","27":"product_tag-schwarzweisses","28":"product_tag-sechziger","29":"product_tag-zeitschrift","30":"product_tag-zeitschriften","31":"pa_datierung-20403","32":"pa_fotograf-abisag-tuellmann","33":"pa_grunddaten_material_technik-druck","34":"pa_mediennummer-73484","35":"pa_objekttyp-allgemein","37":"first","38":"instock","39":"product-type-simple"},"yoast_head":"<!-- This site is optimized with the Yoast SEO plugin v27.4 - https:\/\/yoast.com\/product\/yoast-seo-wordpress\/ -->\n<title>Magnum. Die Zeitschrift f\u00fcr das moderne Leben, Heft 43, August 1962, S. 42-43 - Abisag T\u00fcllmann<\/title>\n<meta name=\"robots\" content=\"index, follow, max-snippet:-1, max-image-preview:large, max-video-preview:-1\" \/>\n<link rel=\"canonical\" href=\"https:\/\/bpk-archive.de\/tuellmann\/produkt\/magnum-die-zeitschrift-fuer-das-moderne-leben-heft-43-august-1962-s-42-43\/\" \/>\n<meta property=\"og:locale\" content=\"de_DE\" \/>\n<meta property=\"og:type\" content=\"article\" \/>\n<meta property=\"og:title\" content=\"Magnum. Die Zeitschrift f\u00fcr das moderne Leben, Heft 43, August 1962, S. 42-43 - Abisag T\u00fcllmann\" \/>\n<meta property=\"og:description\" content=\"Artikel von Werner Hofmann, &#8222;XXXI. Biennale der Kunst in Venedig. So geht es nicht weiter&#8220;, S. 38-46. Unter Verwendung von Fotografien von Abisag T\u00fcllmann: XXXI. Biennale in Venedig, K\u00fcnstlerportr\u00e4ts\" \/>\n<meta property=\"og:url\" content=\"https:\/\/bpk-archive.de\/tuellmann\/produkt\/magnum-die-zeitschrift-fuer-das-moderne-leben-heft-43-august-1962-s-42-43\/\" \/>\n<meta property=\"og:site_name\" content=\"Abisag T\u00fcllmann\" \/>\n<meta property=\"article:modified_time\" content=\"2020-05-27T15:11:25+00:00\" \/>\n<meta name=\"twitter:card\" content=\"summary_large_image\" \/>\n<script type=\"application\/ld+json\" class=\"yoast-schema-graph\">{\"@context\":\"https:\\\/\\\/schema.org\",\"@graph\":[{\"@type\":\"WebPage\",\"@id\":\"https:\\\/\\\/bpk-archive.de\\\/tuellmann\\\/produkt\\\/magnum-die-zeitschrift-fuer-das-moderne-leben-heft-43-august-1962-s-42-43\\\/\",\"url\":\"https:\\\/\\\/bpk-archive.de\\\/tuellmann\\\/produkt\\\/magnum-die-zeitschrift-fuer-das-moderne-leben-heft-43-august-1962-s-42-43\\\/\",\"name\":\"Magnum. Die Zeitschrift f\u00fcr das moderne Leben, Heft 43, August 1962, S. 42-43 - Abisag T\u00fcllmann\",\"isPartOf\":{\"@id\":\"https:\\\/\\\/bpk-archive.de\\\/tuellmann\\\/#website\"},\"datePublished\":\"2020-05-27T15:11:21+00:00\",\"dateModified\":\"2020-05-27T15:11:25+00:00\",\"breadcrumb\":{\"@id\":\"https:\\\/\\\/bpk-archive.de\\\/tuellmann\\\/produkt\\\/magnum-die-zeitschrift-fuer-das-moderne-leben-heft-43-august-1962-s-42-43\\\/#breadcrumb\"},\"inLanguage\":\"de\",\"potentialAction\":[{\"@type\":\"ReadAction\",\"target\":[\"https:\\\/\\\/bpk-archive.de\\\/tuellmann\\\/produkt\\\/magnum-die-zeitschrift-fuer-das-moderne-leben-heft-43-august-1962-s-42-43\\\/\"]}]},{\"@type\":\"BreadcrumbList\",\"@id\":\"https:\\\/\\\/bpk-archive.de\\\/tuellmann\\\/produkt\\\/magnum-die-zeitschrift-fuer-das-moderne-leben-heft-43-august-1962-s-42-43\\\/#breadcrumb\",\"itemListElement\":[{\"@type\":\"ListItem\",\"position\":1,\"name\":\"Startseite\",\"item\":\"https:\\\/\\\/bpk-archive.de\\\/tuellmann\\\/\"},{\"@type\":\"ListItem\",\"position\":2,\"name\":\"Shop\",\"item\":\"https:\\\/\\\/bpk-archive.de\\\/tuellmann\\\/shop\\\/\"},{\"@type\":\"ListItem\",\"position\":3,\"name\":\"Magnum. Die Zeitschrift f\u00fcr das moderne Leben, Heft 43, August 1962, S. 42-43\"}]},{\"@type\":\"WebSite\",\"@id\":\"https:\\\/\\\/bpk-archive.de\\\/tuellmann\\\/#website\",\"url\":\"https:\\\/\\\/bpk-archive.de\\\/tuellmann\\\/\",\"name\":\"Abisag T\u00fcllmann\",\"description\":\"Eine weitere WordPress-Website\",\"potentialAction\":[{\"@type\":\"SearchAction\",\"target\":{\"@type\":\"EntryPoint\",\"urlTemplate\":\"https:\\\/\\\/bpk-archive.de\\\/tuellmann\\\/?s={search_term_string}\"},\"query-input\":{\"@type\":\"PropertyValueSpecification\",\"valueRequired\":true,\"valueName\":\"search_term_string\"}}],\"inLanguage\":\"de\"}]}<\/script>\n<!-- \/ Yoast SEO plugin. -->","yoast_head_json":{"title":"Magnum. Die Zeitschrift f\u00fcr das moderne Leben, Heft 43, August 1962, S. 42-43 - Abisag T\u00fcllmann","robots":{"index":"index","follow":"follow","max-snippet":"max-snippet:-1","max-image-preview":"max-image-preview:large","max-video-preview":"max-video-preview:-1"},"canonical":"https:\/\/bpk-archive.de\/tuellmann\/produkt\/magnum-die-zeitschrift-fuer-das-moderne-leben-heft-43-august-1962-s-42-43\/","og_locale":"de_DE","og_type":"article","og_title":"Magnum. Die Zeitschrift f\u00fcr das moderne Leben, Heft 43, August 1962, S. 42-43 - Abisag T\u00fcllmann","og_description":"Artikel von Werner Hofmann, &#8222;XXXI. Biennale der Kunst in Venedig. So geht es nicht weiter&#8220;, S. 38-46. Unter Verwendung von Fotografien von Abisag T\u00fcllmann: XXXI. Biennale in Venedig, K\u00fcnstlerportr\u00e4ts","og_url":"https:\/\/bpk-archive.de\/tuellmann\/produkt\/magnum-die-zeitschrift-fuer-das-moderne-leben-heft-43-august-1962-s-42-43\/","og_site_name":"Abisag T\u00fcllmann","article_modified_time":"2020-05-27T15:11:25+00:00","twitter_card":"summary_large_image","schema":{"@context":"https:\/\/schema.org","@graph":[{"@type":"WebPage","@id":"https:\/\/bpk-archive.de\/tuellmann\/produkt\/magnum-die-zeitschrift-fuer-das-moderne-leben-heft-43-august-1962-s-42-43\/","url":"https:\/\/bpk-archive.de\/tuellmann\/produkt\/magnum-die-zeitschrift-fuer-das-moderne-leben-heft-43-august-1962-s-42-43\/","name":"Magnum. Die Zeitschrift f\u00fcr das moderne Leben, Heft 43, August 1962, S. 42-43 - Abisag T\u00fcllmann","isPartOf":{"@id":"https:\/\/bpk-archive.de\/tuellmann\/#website"},"datePublished":"2020-05-27T15:11:21+00:00","dateModified":"2020-05-27T15:11:25+00:00","breadcrumb":{"@id":"https:\/\/bpk-archive.de\/tuellmann\/produkt\/magnum-die-zeitschrift-fuer-das-moderne-leben-heft-43-august-1962-s-42-43\/#breadcrumb"},"inLanguage":"de","potentialAction":[{"@type":"ReadAction","target":["https:\/\/bpk-archive.de\/tuellmann\/produkt\/magnum-die-zeitschrift-fuer-das-moderne-leben-heft-43-august-1962-s-42-43\/"]}]},{"@type":"BreadcrumbList","@id":"https:\/\/bpk-archive.de\/tuellmann\/produkt\/magnum-die-zeitschrift-fuer-das-moderne-leben-heft-43-august-1962-s-42-43\/#breadcrumb","itemListElement":[{"@type":"ListItem","position":1,"name":"Startseite","item":"https:\/\/bpk-archive.de\/tuellmann\/"},{"@type":"ListItem","position":2,"name":"Shop","item":"https:\/\/bpk-archive.de\/tuellmann\/shop\/"},{"@type":"ListItem","position":3,"name":"Magnum. Die Zeitschrift f\u00fcr das moderne Leben, Heft 43, August 1962, S. 42-43"}]},{"@type":"WebSite","@id":"https:\/\/bpk-archive.de\/tuellmann\/#website","url":"https:\/\/bpk-archive.de\/tuellmann\/","name":"Abisag T\u00fcllmann","description":"Eine weitere WordPress-Website","potentialAction":[{"@type":"SearchAction","target":{"@type":"EntryPoint","urlTemplate":"https:\/\/bpk-archive.de\/tuellmann\/?s={search_term_string}"},"query-input":{"@type":"PropertyValueSpecification","valueRequired":true,"valueName":"search_term_string"}}],"inLanguage":"de"}]}},"_links":{"self":[{"href":"https:\/\/bpk-archive.de\/tuellmann\/wp-json\/wp\/v2\/product\/70316129","targetHints":{"allow":["GET"]}}],"collection":[{"href":"https:\/\/bpk-archive.de\/tuellmann\/wp-json\/wp\/v2\/product"}],"about":[{"href":"https:\/\/bpk-archive.de\/tuellmann\/wp-json\/wp\/v2\/types\/product"}],"wp:attachment":[{"href":"https:\/\/bpk-archive.de\/tuellmann\/wp-json\/wp\/v2\/media?parent=70316129"}],"wp:term":[{"taxonomy":"product_brand","embeddable":true,"href":"https:\/\/bpk-archive.de\/tuellmann\/wp-json\/wp\/v2\/product_brand?post=70316129"},{"taxonomy":"product_cat","embeddable":true,"href":"https:\/\/bpk-archive.de\/tuellmann\/wp-json\/wp\/v2\/product_cat?post=70316129"},{"taxonomy":"product_tag","embeddable":true,"href":"https:\/\/bpk-archive.de\/tuellmann\/wp-json\/wp\/v2\/product_tag?post=70316129"}],"curies":[{"name":"wp","href":"https:\/\/api.w.org\/{rel}","templated":true}]}}