{"id":70316105,"date":"2020-05-27T17:11:02","date_gmt":"2020-05-27T15:11:02","guid":{"rendered":"https:\/\/bpk-archive.de\/tuellmann\/\/atbild\/diskus-frankfurter-studentinnenzeitung-39-jahrgang-heft-3-juli-1990-s-30-31\/"},"modified":"2020-05-27T17:11:02","modified_gmt":"2020-05-27T15:11:02","slug":"diskus-frankfurter-studentinnenzeitung-39-jahrgang-heft-3-juli-1990-s-30-31","status":"publish","type":"product","link":"https:\/\/bpk-archive.de\/tuellmann\/produkt\/diskus-frankfurter-studentinnenzeitung-39-jahrgang-heft-3-juli-1990-s-30-31\/","title":{"rendered":"diskus. Frankfurter StudentInnenzeitung, 39. Jahrgang, Heft 3, Juli 1990, S. 30-31"},"content":{"rendered":"<p>Artikel von Dagmar Gan\u00dfloser, &#8222;&#8218;Wir riefen Arbeitskr\u00e4fte, es kamen Menschen'&#8220;, S. 30-34. Unter Verwendung einer Fotografie von Abisag T\u00fcllmann: Unterkunft f\u00fcr italienische Gastarbeiter, Mediennummer: 20034916<\/p>\n","protected":false},"excerpt":{"rendered":"<p>Artikel von Dagmar Gan\u00dfloser, &#8222;&#8218;Wir riefen Arbeitskr\u00e4fte, es kamen Menschen&#8217;&#8220;, S. 30-34. Unter Verwendung einer Fotografie von Abisag T\u00fcllmann: Unterkunft f\u00fcr italienische Gastarbeiter, Mediennummer: 20034916<\/p>\n","protected":false},"featured_media":0,"template":"","meta":[],"product_brand":[],"product_cat":[],"product_tag":[73436],"class_list":{"0":"post-70316105","1":"product","2":"type-product","3":"status-publish","5":"product_tag-at_publikationen","6":"pa_fotograf-abisag-tuellmann","7":"pa_grunddaten_material_technik-druck","8":"pa_mediennummer-73460","9":"pa_objekttyp-allgemein","11":"first","12":"instock","13":"product-type-simple"},"yoast_head":"<!-- This site is optimized with the Yoast SEO plugin v27.4 - https:\/\/yoast.com\/product\/yoast-seo-wordpress\/ -->\n<title>diskus. Frankfurter StudentInnenzeitung, 39. Jahrgang, Heft 3, Juli 1990, S. 30-31 - Abisag T\u00fcllmann<\/title>\n<meta name=\"robots\" content=\"index, follow, max-snippet:-1, max-image-preview:large, max-video-preview:-1\" \/>\n<link rel=\"canonical\" href=\"https:\/\/bpk-archive.de\/tuellmann\/produkt\/diskus-frankfurter-studentinnenzeitung-39-jahrgang-heft-3-juli-1990-s-30-31\/\" \/>\n<meta property=\"og:locale\" content=\"de_DE\" \/>\n<meta property=\"og:type\" content=\"article\" \/>\n<meta property=\"og:title\" content=\"diskus. Frankfurter StudentInnenzeitung, 39. Jahrgang, Heft 3, Juli 1990, S. 30-31 - Abisag T\u00fcllmann\" \/>\n<meta property=\"og:description\" content=\"Artikel von Dagmar Gan\u00dfloser, &#8222;&#8218;Wir riefen Arbeitskr\u00e4fte, es kamen Menschen&#039;&#8220;, S. 30-34. Unter Verwendung einer Fotografie von Abisag T\u00fcllmann: Unterkunft f\u00fcr italienische Gastarbeiter, Mediennummer: 20034916\" \/>\n<meta property=\"og:url\" content=\"https:\/\/bpk-archive.de\/tuellmann\/produkt\/diskus-frankfurter-studentinnenzeitung-39-jahrgang-heft-3-juli-1990-s-30-31\/\" \/>\n<meta property=\"og:site_name\" content=\"Abisag T\u00fcllmann\" \/>\n<meta name=\"twitter:card\" content=\"summary_large_image\" \/>\n<script type=\"application\/ld+json\" class=\"yoast-schema-graph\">{\"@context\":\"https:\\\/\\\/schema.org\",\"@graph\":[{\"@type\":\"WebPage\",\"@id\":\"https:\\\/\\\/bpk-archive.de\\\/tuellmann\\\/produkt\\\/diskus-frankfurter-studentinnenzeitung-39-jahrgang-heft-3-juli-1990-s-30-31\\\/\",\"url\":\"https:\\\/\\\/bpk-archive.de\\\/tuellmann\\\/produkt\\\/diskus-frankfurter-studentinnenzeitung-39-jahrgang-heft-3-juli-1990-s-30-31\\\/\",\"name\":\"diskus. Frankfurter StudentInnenzeitung, 39. Jahrgang, Heft 3, Juli 1990, S. 30-31 - Abisag T\u00fcllmann\",\"isPartOf\":{\"@id\":\"https:\\\/\\\/bpk-archive.de\\\/tuellmann\\\/#website\"},\"datePublished\":\"2020-05-27T15:11:02+00:00\",\"breadcrumb\":{\"@id\":\"https:\\\/\\\/bpk-archive.de\\\/tuellmann\\\/produkt\\\/diskus-frankfurter-studentinnenzeitung-39-jahrgang-heft-3-juli-1990-s-30-31\\\/#breadcrumb\"},\"inLanguage\":\"de\",\"potentialAction\":[{\"@type\":\"ReadAction\",\"target\":[\"https:\\\/\\\/bpk-archive.de\\\/tuellmann\\\/produkt\\\/diskus-frankfurter-studentinnenzeitung-39-jahrgang-heft-3-juli-1990-s-30-31\\\/\"]}]},{\"@type\":\"BreadcrumbList\",\"@id\":\"https:\\\/\\\/bpk-archive.de\\\/tuellmann\\\/produkt\\\/diskus-frankfurter-studentinnenzeitung-39-jahrgang-heft-3-juli-1990-s-30-31\\\/#breadcrumb\",\"itemListElement\":[{\"@type\":\"ListItem\",\"position\":1,\"name\":\"Startseite\",\"item\":\"https:\\\/\\\/bpk-archive.de\\\/tuellmann\\\/\"},{\"@type\":\"ListItem\",\"position\":2,\"name\":\"Shop\",\"item\":\"https:\\\/\\\/bpk-archive.de\\\/tuellmann\\\/shop\\\/\"},{\"@type\":\"ListItem\",\"position\":3,\"name\":\"diskus. Frankfurter StudentInnenzeitung, 39. Jahrgang, Heft 3, Juli 1990, S. 30-31\"}]},{\"@type\":\"WebSite\",\"@id\":\"https:\\\/\\\/bpk-archive.de\\\/tuellmann\\\/#website\",\"url\":\"https:\\\/\\\/bpk-archive.de\\\/tuellmann\\\/\",\"name\":\"Abisag T\u00fcllmann\",\"description\":\"Eine weitere WordPress-Website\",\"potentialAction\":[{\"@type\":\"SearchAction\",\"target\":{\"@type\":\"EntryPoint\",\"urlTemplate\":\"https:\\\/\\\/bpk-archive.de\\\/tuellmann\\\/?s={search_term_string}\"},\"query-input\":{\"@type\":\"PropertyValueSpecification\",\"valueRequired\":true,\"valueName\":\"search_term_string\"}}],\"inLanguage\":\"de\"}]}<\/script>\n<!-- \/ Yoast SEO plugin. -->","yoast_head_json":{"title":"diskus. Frankfurter StudentInnenzeitung, 39. Jahrgang, Heft 3, Juli 1990, S. 30-31 - Abisag T\u00fcllmann","robots":{"index":"index","follow":"follow","max-snippet":"max-snippet:-1","max-image-preview":"max-image-preview:large","max-video-preview":"max-video-preview:-1"},"canonical":"https:\/\/bpk-archive.de\/tuellmann\/produkt\/diskus-frankfurter-studentinnenzeitung-39-jahrgang-heft-3-juli-1990-s-30-31\/","og_locale":"de_DE","og_type":"article","og_title":"diskus. Frankfurter StudentInnenzeitung, 39. Jahrgang, Heft 3, Juli 1990, S. 30-31 - Abisag T\u00fcllmann","og_description":"Artikel von Dagmar Gan\u00dfloser, &#8222;&#8218;Wir riefen Arbeitskr\u00e4fte, es kamen Menschen'&#8220;, S. 30-34. Unter Verwendung einer Fotografie von Abisag T\u00fcllmann: Unterkunft f\u00fcr italienische Gastarbeiter, Mediennummer: 20034916","og_url":"https:\/\/bpk-archive.de\/tuellmann\/produkt\/diskus-frankfurter-studentinnenzeitung-39-jahrgang-heft-3-juli-1990-s-30-31\/","og_site_name":"Abisag T\u00fcllmann","twitter_card":"summary_large_image","schema":{"@context":"https:\/\/schema.org","@graph":[{"@type":"WebPage","@id":"https:\/\/bpk-archive.de\/tuellmann\/produkt\/diskus-frankfurter-studentinnenzeitung-39-jahrgang-heft-3-juli-1990-s-30-31\/","url":"https:\/\/bpk-archive.de\/tuellmann\/produkt\/diskus-frankfurter-studentinnenzeitung-39-jahrgang-heft-3-juli-1990-s-30-31\/","name":"diskus. Frankfurter StudentInnenzeitung, 39. Jahrgang, Heft 3, Juli 1990, S. 30-31 - Abisag T\u00fcllmann","isPartOf":{"@id":"https:\/\/bpk-archive.de\/tuellmann\/#website"},"datePublished":"2020-05-27T15:11:02+00:00","breadcrumb":{"@id":"https:\/\/bpk-archive.de\/tuellmann\/produkt\/diskus-frankfurter-studentinnenzeitung-39-jahrgang-heft-3-juli-1990-s-30-31\/#breadcrumb"},"inLanguage":"de","potentialAction":[{"@type":"ReadAction","target":["https:\/\/bpk-archive.de\/tuellmann\/produkt\/diskus-frankfurter-studentinnenzeitung-39-jahrgang-heft-3-juli-1990-s-30-31\/"]}]},{"@type":"BreadcrumbList","@id":"https:\/\/bpk-archive.de\/tuellmann\/produkt\/diskus-frankfurter-studentinnenzeitung-39-jahrgang-heft-3-juli-1990-s-30-31\/#breadcrumb","itemListElement":[{"@type":"ListItem","position":1,"name":"Startseite","item":"https:\/\/bpk-archive.de\/tuellmann\/"},{"@type":"ListItem","position":2,"name":"Shop","item":"https:\/\/bpk-archive.de\/tuellmann\/shop\/"},{"@type":"ListItem","position":3,"name":"diskus. Frankfurter StudentInnenzeitung, 39. Jahrgang, Heft 3, Juli 1990, S. 30-31"}]},{"@type":"WebSite","@id":"https:\/\/bpk-archive.de\/tuellmann\/#website","url":"https:\/\/bpk-archive.de\/tuellmann\/","name":"Abisag T\u00fcllmann","description":"Eine weitere WordPress-Website","potentialAction":[{"@type":"SearchAction","target":{"@type":"EntryPoint","urlTemplate":"https:\/\/bpk-archive.de\/tuellmann\/?s={search_term_string}"},"query-input":{"@type":"PropertyValueSpecification","valueRequired":true,"valueName":"search_term_string"}}],"inLanguage":"de"}]}},"_links":{"self":[{"href":"https:\/\/bpk-archive.de\/tuellmann\/wp-json\/wp\/v2\/product\/70316105","targetHints":{"allow":["GET"]}}],"collection":[{"href":"https:\/\/bpk-archive.de\/tuellmann\/wp-json\/wp\/v2\/product"}],"about":[{"href":"https:\/\/bpk-archive.de\/tuellmann\/wp-json\/wp\/v2\/types\/product"}],"wp:attachment":[{"href":"https:\/\/bpk-archive.de\/tuellmann\/wp-json\/wp\/v2\/media?parent=70316105"}],"wp:term":[{"taxonomy":"product_brand","embeddable":true,"href":"https:\/\/bpk-archive.de\/tuellmann\/wp-json\/wp\/v2\/product_brand?post=70316105"},{"taxonomy":"product_cat","embeddable":true,"href":"https:\/\/bpk-archive.de\/tuellmann\/wp-json\/wp\/v2\/product_cat?post=70316105"},{"taxonomy":"product_tag","embeddable":true,"href":"https:\/\/bpk-archive.de\/tuellmann\/wp-json\/wp\/v2\/product_tag?post=70316105"}],"curies":[{"name":"wp","href":"https:\/\/api.w.org\/{rel}","templated":true}]}}