{"id":70316101,"date":"2020-05-27T17:10:45","date_gmt":"2020-05-27T15:10:45","guid":{"rendered":"https:\/\/bpk-archive.de\/tuellmann\/\/atbild\/la-nouvelle-critique-politique-marxisme-culture-heft-102-maerz-1977-s-40-41\/"},"modified":"2020-05-27T17:10:58","modified_gmt":"2020-05-27T15:10:58","slug":"la-nouvelle-critique-politique-marxisme-culture-heft-102-maerz-1977-s-40-41","status":"publish","type":"product","link":"https:\/\/bpk-archive.de\/tuellmann\/produkt\/la-nouvelle-critique-politique-marxisme-culture-heft-102-maerz-1977-s-40-41\/","title":{"rendered":"La Nouvelle Critique. Politique, marxisme, culture, Heft 102, M\u00e4rz 1977, S. 40-41"},"content":{"rendered":"<p>Artikel von Martin Verlet, &#8222;Afrique australe. La br\u00e8che, le verrou et l&#8217;enjeu populaire&#8220;, S. 36-42. Unter Verwendung von Fotografien von Abisag T\u00fcllmann: Industrieanlage in S\u00fcdafrika; Auf dem B\u00fcrgersteig sitzender Zeitungsjunge mit Kunden in Durban, Inventarnummer: T\u00fc 71\/222-03a; Apartheid in S\u00fcdafrika: Jugendliche in Durban auf einer Sitzbank, die ausschlie\u00dflich Wei\u00dfen vorbehalten ist, Mediennummer: 20034735; Apartheid in S\u00fcdafrika: Ein Eisenbahnwagen nur f\u00fcr Wei\u00dfe, Inventarnummer: T\u00fc 71\/230-23<\/p>\n","protected":false},"excerpt":{"rendered":"<p>Artikel von Martin Verlet, &#8222;Afrique australe. La br\u00e8che, le verrou et l&#8217;enjeu populaire&#8220;, S. 36-42. Unter Verwendung von Fotografien von Abisag T\u00fcllmann: Industrieanlage in S\u00fcdafrika; Auf dem B\u00fcrgersteig sitzender Zeitungsjunge mit Kunden in Durban, Inventarnummer: T\u00fc 71\/222-03a; Apartheid in S\u00fcdafrika: Jugendliche in Durban auf einer Sitzbank, die ausschlie\u00dflich Wei\u00dfen vorbehalten ist, Mediennummer: 20034735; Apartheid in [&hellip;]<\/p>\n","protected":false},"featured_media":0,"template":"","meta":[],"product_brand":[],"product_cat":[],"product_tag":[73436],"class_list":{"0":"post-70316101","1":"product","2":"type-product","3":"status-publish","5":"product_tag-at_publikationen","6":"pa_fotograf-abisag-tuellmann","7":"pa_grunddaten_material_technik-druck","8":"pa_mediennummer-73456","9":"pa_objekttyp-allgemein","11":"first","12":"instock","13":"product-type-simple"},"yoast_head":"<!-- This site is optimized with the Yoast SEO plugin v27.4 - https:\/\/yoast.com\/product\/yoast-seo-wordpress\/ -->\n<title>La Nouvelle Critique. Politique, marxisme, culture, Heft 102, M\u00e4rz 1977, S. 40-41 - Abisag T\u00fcllmann<\/title>\n<meta name=\"robots\" content=\"index, follow, max-snippet:-1, max-image-preview:large, max-video-preview:-1\" \/>\n<link rel=\"canonical\" href=\"https:\/\/bpk-archive.de\/tuellmann\/produkt\/la-nouvelle-critique-politique-marxisme-culture-heft-102-maerz-1977-s-40-41\/\" \/>\n<meta property=\"og:locale\" content=\"de_DE\" \/>\n<meta property=\"og:type\" content=\"article\" \/>\n<meta property=\"og:title\" content=\"La Nouvelle Critique. Politique, marxisme, culture, Heft 102, M\u00e4rz 1977, S. 40-41 - Abisag T\u00fcllmann\" \/>\n<meta property=\"og:description\" content=\"Artikel von Martin Verlet, &#8222;Afrique australe. La br\u00e8che, le verrou et l&#8217;enjeu populaire&#8220;, S. 36-42. Unter Verwendung von Fotografien von Abisag T\u00fcllmann: Industrieanlage in S\u00fcdafrika; Auf dem B\u00fcrgersteig sitzender Zeitungsjunge mit Kunden in Durban, Inventarnummer: T\u00fc 71\/222-03a; Apartheid in S\u00fcdafrika: Jugendliche in Durban auf einer Sitzbank, die ausschlie\u00dflich Wei\u00dfen vorbehalten ist, Mediennummer: 20034735; Apartheid in [&hellip;]\" \/>\n<meta property=\"og:url\" content=\"https:\/\/bpk-archive.de\/tuellmann\/produkt\/la-nouvelle-critique-politique-marxisme-culture-heft-102-maerz-1977-s-40-41\/\" \/>\n<meta property=\"og:site_name\" content=\"Abisag T\u00fcllmann\" \/>\n<meta property=\"article:modified_time\" content=\"2020-05-27T15:10:58+00:00\" \/>\n<meta name=\"twitter:card\" content=\"summary_large_image\" \/>\n<script type=\"application\/ld+json\" class=\"yoast-schema-graph\">{\"@context\":\"https:\\\/\\\/schema.org\",\"@graph\":[{\"@type\":\"WebPage\",\"@id\":\"https:\\\/\\\/bpk-archive.de\\\/tuellmann\\\/produkt\\\/la-nouvelle-critique-politique-marxisme-culture-heft-102-maerz-1977-s-40-41\\\/\",\"url\":\"https:\\\/\\\/bpk-archive.de\\\/tuellmann\\\/produkt\\\/la-nouvelle-critique-politique-marxisme-culture-heft-102-maerz-1977-s-40-41\\\/\",\"name\":\"La Nouvelle Critique. Politique, marxisme, culture, Heft 102, M\u00e4rz 1977, S. 40-41 - Abisag T\u00fcllmann\",\"isPartOf\":{\"@id\":\"https:\\\/\\\/bpk-archive.de\\\/tuellmann\\\/#website\"},\"datePublished\":\"2020-05-27T15:10:45+00:00\",\"dateModified\":\"2020-05-27T15:10:58+00:00\",\"breadcrumb\":{\"@id\":\"https:\\\/\\\/bpk-archive.de\\\/tuellmann\\\/produkt\\\/la-nouvelle-critique-politique-marxisme-culture-heft-102-maerz-1977-s-40-41\\\/#breadcrumb\"},\"inLanguage\":\"de\",\"potentialAction\":[{\"@type\":\"ReadAction\",\"target\":[\"https:\\\/\\\/bpk-archive.de\\\/tuellmann\\\/produkt\\\/la-nouvelle-critique-politique-marxisme-culture-heft-102-maerz-1977-s-40-41\\\/\"]}]},{\"@type\":\"BreadcrumbList\",\"@id\":\"https:\\\/\\\/bpk-archive.de\\\/tuellmann\\\/produkt\\\/la-nouvelle-critique-politique-marxisme-culture-heft-102-maerz-1977-s-40-41\\\/#breadcrumb\",\"itemListElement\":[{\"@type\":\"ListItem\",\"position\":1,\"name\":\"Startseite\",\"item\":\"https:\\\/\\\/bpk-archive.de\\\/tuellmann\\\/\"},{\"@type\":\"ListItem\",\"position\":2,\"name\":\"Shop\",\"item\":\"https:\\\/\\\/bpk-archive.de\\\/tuellmann\\\/shop\\\/\"},{\"@type\":\"ListItem\",\"position\":3,\"name\":\"La Nouvelle Critique. Politique, marxisme, culture, Heft 102, M\u00e4rz 1977, S. 40-41\"}]},{\"@type\":\"WebSite\",\"@id\":\"https:\\\/\\\/bpk-archive.de\\\/tuellmann\\\/#website\",\"url\":\"https:\\\/\\\/bpk-archive.de\\\/tuellmann\\\/\",\"name\":\"Abisag T\u00fcllmann\",\"description\":\"Eine weitere WordPress-Website\",\"potentialAction\":[{\"@type\":\"SearchAction\",\"target\":{\"@type\":\"EntryPoint\",\"urlTemplate\":\"https:\\\/\\\/bpk-archive.de\\\/tuellmann\\\/?s={search_term_string}\"},\"query-input\":{\"@type\":\"PropertyValueSpecification\",\"valueRequired\":true,\"valueName\":\"search_term_string\"}}],\"inLanguage\":\"de\"}]}<\/script>\n<!-- \/ Yoast SEO plugin. -->","yoast_head_json":{"title":"La Nouvelle Critique. Politique, marxisme, culture, Heft 102, M\u00e4rz 1977, S. 40-41 - Abisag T\u00fcllmann","robots":{"index":"index","follow":"follow","max-snippet":"max-snippet:-1","max-image-preview":"max-image-preview:large","max-video-preview":"max-video-preview:-1"},"canonical":"https:\/\/bpk-archive.de\/tuellmann\/produkt\/la-nouvelle-critique-politique-marxisme-culture-heft-102-maerz-1977-s-40-41\/","og_locale":"de_DE","og_type":"article","og_title":"La Nouvelle Critique. Politique, marxisme, culture, Heft 102, M\u00e4rz 1977, S. 40-41 - Abisag T\u00fcllmann","og_description":"Artikel von Martin Verlet, &#8222;Afrique australe. La br\u00e8che, le verrou et l&#8217;enjeu populaire&#8220;, S. 36-42. Unter Verwendung von Fotografien von Abisag T\u00fcllmann: Industrieanlage in S\u00fcdafrika; Auf dem B\u00fcrgersteig sitzender Zeitungsjunge mit Kunden in Durban, Inventarnummer: T\u00fc 71\/222-03a; Apartheid in S\u00fcdafrika: Jugendliche in Durban auf einer Sitzbank, die ausschlie\u00dflich Wei\u00dfen vorbehalten ist, Mediennummer: 20034735; Apartheid in [&hellip;]","og_url":"https:\/\/bpk-archive.de\/tuellmann\/produkt\/la-nouvelle-critique-politique-marxisme-culture-heft-102-maerz-1977-s-40-41\/","og_site_name":"Abisag T\u00fcllmann","article_modified_time":"2020-05-27T15:10:58+00:00","twitter_card":"summary_large_image","schema":{"@context":"https:\/\/schema.org","@graph":[{"@type":"WebPage","@id":"https:\/\/bpk-archive.de\/tuellmann\/produkt\/la-nouvelle-critique-politique-marxisme-culture-heft-102-maerz-1977-s-40-41\/","url":"https:\/\/bpk-archive.de\/tuellmann\/produkt\/la-nouvelle-critique-politique-marxisme-culture-heft-102-maerz-1977-s-40-41\/","name":"La Nouvelle Critique. Politique, marxisme, culture, Heft 102, M\u00e4rz 1977, S. 40-41 - Abisag T\u00fcllmann","isPartOf":{"@id":"https:\/\/bpk-archive.de\/tuellmann\/#website"},"datePublished":"2020-05-27T15:10:45+00:00","dateModified":"2020-05-27T15:10:58+00:00","breadcrumb":{"@id":"https:\/\/bpk-archive.de\/tuellmann\/produkt\/la-nouvelle-critique-politique-marxisme-culture-heft-102-maerz-1977-s-40-41\/#breadcrumb"},"inLanguage":"de","potentialAction":[{"@type":"ReadAction","target":["https:\/\/bpk-archive.de\/tuellmann\/produkt\/la-nouvelle-critique-politique-marxisme-culture-heft-102-maerz-1977-s-40-41\/"]}]},{"@type":"BreadcrumbList","@id":"https:\/\/bpk-archive.de\/tuellmann\/produkt\/la-nouvelle-critique-politique-marxisme-culture-heft-102-maerz-1977-s-40-41\/#breadcrumb","itemListElement":[{"@type":"ListItem","position":1,"name":"Startseite","item":"https:\/\/bpk-archive.de\/tuellmann\/"},{"@type":"ListItem","position":2,"name":"Shop","item":"https:\/\/bpk-archive.de\/tuellmann\/shop\/"},{"@type":"ListItem","position":3,"name":"La Nouvelle Critique. Politique, marxisme, culture, Heft 102, M\u00e4rz 1977, S. 40-41"}]},{"@type":"WebSite","@id":"https:\/\/bpk-archive.de\/tuellmann\/#website","url":"https:\/\/bpk-archive.de\/tuellmann\/","name":"Abisag T\u00fcllmann","description":"Eine weitere WordPress-Website","potentialAction":[{"@type":"SearchAction","target":{"@type":"EntryPoint","urlTemplate":"https:\/\/bpk-archive.de\/tuellmann\/?s={search_term_string}"},"query-input":{"@type":"PropertyValueSpecification","valueRequired":true,"valueName":"search_term_string"}}],"inLanguage":"de"}]}},"_links":{"self":[{"href":"https:\/\/bpk-archive.de\/tuellmann\/wp-json\/wp\/v2\/product\/70316101","targetHints":{"allow":["GET"]}}],"collection":[{"href":"https:\/\/bpk-archive.de\/tuellmann\/wp-json\/wp\/v2\/product"}],"about":[{"href":"https:\/\/bpk-archive.de\/tuellmann\/wp-json\/wp\/v2\/types\/product"}],"wp:attachment":[{"href":"https:\/\/bpk-archive.de\/tuellmann\/wp-json\/wp\/v2\/media?parent=70316101"}],"wp:term":[{"taxonomy":"product_brand","embeddable":true,"href":"https:\/\/bpk-archive.de\/tuellmann\/wp-json\/wp\/v2\/product_brand?post=70316101"},{"taxonomy":"product_cat","embeddable":true,"href":"https:\/\/bpk-archive.de\/tuellmann\/wp-json\/wp\/v2\/product_cat?post=70316101"},{"taxonomy":"product_tag","embeddable":true,"href":"https:\/\/bpk-archive.de\/tuellmann\/wp-json\/wp\/v2\/product_tag?post=70316101"}],"curies":[{"name":"wp","href":"https:\/\/api.w.org\/{rel}","templated":true}]}}