{"id":70314331,"date":"2019-11-15T13:56:32","date_gmt":"2019-11-15T12:56:32","guid":{"rendered":"https:\/\/bpk-archive.de\/tuellmann\/\/atbild\/serie-menschen-im-buero-buero-und-bar-der-agentur-fwo-ortmeyer\/"},"modified":"2019-11-15T13:56:37","modified_gmt":"2019-11-15T12:56:37","slug":"serie-menschen-im-buero-buero-und-bar-der-agentur-fwo-ortmeyer","status":"publish","type":"product","link":"https:\/\/bpk-archive.de\/tuellmann\/produkt\/serie-menschen-im-buero-buero-und-bar-der-agentur-fwo-ortmeyer\/","title":{"rendered":"Serie: &#8222;Menschen im B\u00fcro&#8220;: B\u00fcro und Bar der Agentur F!W!O! (Ortmeyer)"},"content":{"rendered":"<p>Angestellte<\/p>\n","protected":false},"excerpt":{"rendered":"<p>Angestellte<\/p>\n","protected":false},"featured_media":70304214,"template":"","meta":[],"product_brand":[],"product_cat":[],"product_tag":[],"class_list":{"0":"post-70314331","1":"product","2":"type-product","3":"status-publish","4":"has-post-thumbnail","6":"pa_datierung-55664","7":"pa_fotograf-abisag-tuellmann","8":"pa_grunddaten_material_technik-foto-kontaktbogen","9":"pa_interne_nummer-69-02-070","10":"pa_inventarnummer-tue69-070","11":"pa_mediennummer-71536","12":"pa_objekttyp-kontaktbogen","14":"first","15":"instock","16":"product-type-simple"},"yoast_head":"<!-- This site is optimized with the Yoast SEO plugin v27.4 - https:\/\/yoast.com\/product\/yoast-seo-wordpress\/ -->\n<title>Serie: &quot;Menschen im B\u00fcro&quot;: B\u00fcro und Bar der Agentur F!W!O! (Ortmeyer) - Abisag T\u00fcllmann<\/title>\n<meta name=\"robots\" content=\"index, follow, max-snippet:-1, max-image-preview:large, max-video-preview:-1\" \/>\n<link rel=\"canonical\" href=\"https:\/\/bpk-archive.de\/tuellmann\/produkt\/serie-menschen-im-buero-buero-und-bar-der-agentur-fwo-ortmeyer\/\" \/>\n<meta property=\"og:locale\" content=\"de_DE\" \/>\n<meta property=\"og:type\" content=\"article\" \/>\n<meta property=\"og:title\" content=\"Serie: &quot;Menschen im B\u00fcro&quot;: B\u00fcro und Bar der Agentur F!W!O! (Ortmeyer) - Abisag T\u00fcllmann\" \/>\n<meta property=\"og:description\" content=\"Angestellte\" \/>\n<meta property=\"og:url\" content=\"https:\/\/bpk-archive.de\/tuellmann\/produkt\/serie-menschen-im-buero-buero-und-bar-der-agentur-fwo-ortmeyer\/\" \/>\n<meta property=\"og:site_name\" content=\"Abisag T\u00fcllmann\" \/>\n<meta property=\"article:modified_time\" content=\"2019-11-15T12:56:37+00:00\" \/>\n<meta property=\"og:image\" content=\"https:\/\/bpk-archive.de\/tuellmann\/wp-content\/uploads\/2019\/10\/70383170-1057x1300.jpg\" \/>\n\t<meta property=\"og:image:width\" content=\"1057\" \/>\n\t<meta property=\"og:image:height\" content=\"1300\" \/>\n\t<meta property=\"og:image:type\" content=\"image\/jpeg\" \/>\n<meta name=\"twitter:card\" content=\"summary_large_image\" \/>\n<script type=\"application\/ld+json\" class=\"yoast-schema-graph\">{\"@context\":\"https:\\\/\\\/schema.org\",\"@graph\":[{\"@type\":\"WebPage\",\"@id\":\"https:\\\/\\\/bpk-archive.de\\\/tuellmann\\\/produkt\\\/serie-menschen-im-buero-buero-und-bar-der-agentur-fwo-ortmeyer\\\/\",\"url\":\"https:\\\/\\\/bpk-archive.de\\\/tuellmann\\\/produkt\\\/serie-menschen-im-buero-buero-und-bar-der-agentur-fwo-ortmeyer\\\/\",\"name\":\"Serie: \\\"Menschen im B\u00fcro\\\": B\u00fcro und Bar der Agentur F!W!O! (Ortmeyer) - Abisag T\u00fcllmann\",\"isPartOf\":{\"@id\":\"https:\\\/\\\/bpk-archive.de\\\/tuellmann\\\/#website\"},\"primaryImageOfPage\":{\"@id\":\"https:\\\/\\\/bpk-archive.de\\\/tuellmann\\\/produkt\\\/serie-menschen-im-buero-buero-und-bar-der-agentur-fwo-ortmeyer\\\/#primaryimage\"},\"image\":{\"@id\":\"https:\\\/\\\/bpk-archive.de\\\/tuellmann\\\/produkt\\\/serie-menschen-im-buero-buero-und-bar-der-agentur-fwo-ortmeyer\\\/#primaryimage\"},\"thumbnailUrl\":\"https:\\\/\\\/bpk-archive.de\\\/tuellmann\\\/wp-content\\\/uploads\\\/2019\\\/10\\\/70383170.jpg\",\"datePublished\":\"2019-11-15T12:56:32+00:00\",\"dateModified\":\"2019-11-15T12:56:37+00:00\",\"breadcrumb\":{\"@id\":\"https:\\\/\\\/bpk-archive.de\\\/tuellmann\\\/produkt\\\/serie-menschen-im-buero-buero-und-bar-der-agentur-fwo-ortmeyer\\\/#breadcrumb\"},\"inLanguage\":\"de\",\"potentialAction\":[{\"@type\":\"ReadAction\",\"target\":[\"https:\\\/\\\/bpk-archive.de\\\/tuellmann\\\/produkt\\\/serie-menschen-im-buero-buero-und-bar-der-agentur-fwo-ortmeyer\\\/\"]}]},{\"@type\":\"ImageObject\",\"inLanguage\":\"de\",\"@id\":\"https:\\\/\\\/bpk-archive.de\\\/tuellmann\\\/produkt\\\/serie-menschen-im-buero-buero-und-bar-der-agentur-fwo-ortmeyer\\\/#primaryimage\",\"url\":\"https:\\\/\\\/bpk-archive.de\\\/tuellmann\\\/wp-content\\\/uploads\\\/2019\\\/10\\\/70383170.jpg\",\"contentUrl\":\"https:\\\/\\\/bpk-archive.de\\\/tuellmann\\\/wp-content\\\/uploads\\\/2019\\\/10\\\/70383170.jpg\",\"width\":3679,\"height\":4524},{\"@type\":\"BreadcrumbList\",\"@id\":\"https:\\\/\\\/bpk-archive.de\\\/tuellmann\\\/produkt\\\/serie-menschen-im-buero-buero-und-bar-der-agentur-fwo-ortmeyer\\\/#breadcrumb\",\"itemListElement\":[{\"@type\":\"ListItem\",\"position\":1,\"name\":\"Startseite\",\"item\":\"https:\\\/\\\/bpk-archive.de\\\/tuellmann\\\/\"},{\"@type\":\"ListItem\",\"position\":2,\"name\":\"Shop\",\"item\":\"https:\\\/\\\/bpk-archive.de\\\/tuellmann\\\/shop\\\/\"},{\"@type\":\"ListItem\",\"position\":3,\"name\":\"Serie: &#8222;Menschen im B\u00fcro&#8220;: B\u00fcro und Bar der Agentur F!W!O! (Ortmeyer)\"}]},{\"@type\":\"WebSite\",\"@id\":\"https:\\\/\\\/bpk-archive.de\\\/tuellmann\\\/#website\",\"url\":\"https:\\\/\\\/bpk-archive.de\\\/tuellmann\\\/\",\"name\":\"Abisag T\u00fcllmann\",\"description\":\"Eine weitere WordPress-Website\",\"potentialAction\":[{\"@type\":\"SearchAction\",\"target\":{\"@type\":\"EntryPoint\",\"urlTemplate\":\"https:\\\/\\\/bpk-archive.de\\\/tuellmann\\\/?s={search_term_string}\"},\"query-input\":{\"@type\":\"PropertyValueSpecification\",\"valueRequired\":true,\"valueName\":\"search_term_string\"}}],\"inLanguage\":\"de\"}]}<\/script>\n<!-- \/ Yoast SEO plugin. -->","yoast_head_json":{"title":"Serie: \"Menschen im B\u00fcro\": B\u00fcro und Bar der Agentur F!W!O! (Ortmeyer) - Abisag T\u00fcllmann","robots":{"index":"index","follow":"follow","max-snippet":"max-snippet:-1","max-image-preview":"max-image-preview:large","max-video-preview":"max-video-preview:-1"},"canonical":"https:\/\/bpk-archive.de\/tuellmann\/produkt\/serie-menschen-im-buero-buero-und-bar-der-agentur-fwo-ortmeyer\/","og_locale":"de_DE","og_type":"article","og_title":"Serie: \"Menschen im B\u00fcro\": B\u00fcro und Bar der Agentur F!W!O! (Ortmeyer) - Abisag T\u00fcllmann","og_description":"Angestellte","og_url":"https:\/\/bpk-archive.de\/tuellmann\/produkt\/serie-menschen-im-buero-buero-und-bar-der-agentur-fwo-ortmeyer\/","og_site_name":"Abisag T\u00fcllmann","article_modified_time":"2019-11-15T12:56:37+00:00","og_image":[{"width":1057,"height":1300,"url":"https:\/\/bpk-archive.de\/tuellmann\/wp-content\/uploads\/2019\/10\/70383170-1057x1300.jpg","type":"image\/jpeg"}],"twitter_card":"summary_large_image","schema":{"@context":"https:\/\/schema.org","@graph":[{"@type":"WebPage","@id":"https:\/\/bpk-archive.de\/tuellmann\/produkt\/serie-menschen-im-buero-buero-und-bar-der-agentur-fwo-ortmeyer\/","url":"https:\/\/bpk-archive.de\/tuellmann\/produkt\/serie-menschen-im-buero-buero-und-bar-der-agentur-fwo-ortmeyer\/","name":"Serie: \"Menschen im B\u00fcro\": B\u00fcro und Bar der Agentur F!W!O! (Ortmeyer) - Abisag T\u00fcllmann","isPartOf":{"@id":"https:\/\/bpk-archive.de\/tuellmann\/#website"},"primaryImageOfPage":{"@id":"https:\/\/bpk-archive.de\/tuellmann\/produkt\/serie-menschen-im-buero-buero-und-bar-der-agentur-fwo-ortmeyer\/#primaryimage"},"image":{"@id":"https:\/\/bpk-archive.de\/tuellmann\/produkt\/serie-menschen-im-buero-buero-und-bar-der-agentur-fwo-ortmeyer\/#primaryimage"},"thumbnailUrl":"https:\/\/bpk-archive.de\/tuellmann\/wp-content\/uploads\/2019\/10\/70383170.jpg","datePublished":"2019-11-15T12:56:32+00:00","dateModified":"2019-11-15T12:56:37+00:00","breadcrumb":{"@id":"https:\/\/bpk-archive.de\/tuellmann\/produkt\/serie-menschen-im-buero-buero-und-bar-der-agentur-fwo-ortmeyer\/#breadcrumb"},"inLanguage":"de","potentialAction":[{"@type":"ReadAction","target":["https:\/\/bpk-archive.de\/tuellmann\/produkt\/serie-menschen-im-buero-buero-und-bar-der-agentur-fwo-ortmeyer\/"]}]},{"@type":"ImageObject","inLanguage":"de","@id":"https:\/\/bpk-archive.de\/tuellmann\/produkt\/serie-menschen-im-buero-buero-und-bar-der-agentur-fwo-ortmeyer\/#primaryimage","url":"https:\/\/bpk-archive.de\/tuellmann\/wp-content\/uploads\/2019\/10\/70383170.jpg","contentUrl":"https:\/\/bpk-archive.de\/tuellmann\/wp-content\/uploads\/2019\/10\/70383170.jpg","width":3679,"height":4524},{"@type":"BreadcrumbList","@id":"https:\/\/bpk-archive.de\/tuellmann\/produkt\/serie-menschen-im-buero-buero-und-bar-der-agentur-fwo-ortmeyer\/#breadcrumb","itemListElement":[{"@type":"ListItem","position":1,"name":"Startseite","item":"https:\/\/bpk-archive.de\/tuellmann\/"},{"@type":"ListItem","position":2,"name":"Shop","item":"https:\/\/bpk-archive.de\/tuellmann\/shop\/"},{"@type":"ListItem","position":3,"name":"Serie: &#8222;Menschen im B\u00fcro&#8220;: B\u00fcro und Bar der Agentur F!W!O! (Ortmeyer)"}]},{"@type":"WebSite","@id":"https:\/\/bpk-archive.de\/tuellmann\/#website","url":"https:\/\/bpk-archive.de\/tuellmann\/","name":"Abisag T\u00fcllmann","description":"Eine weitere WordPress-Website","potentialAction":[{"@type":"SearchAction","target":{"@type":"EntryPoint","urlTemplate":"https:\/\/bpk-archive.de\/tuellmann\/?s={search_term_string}"},"query-input":{"@type":"PropertyValueSpecification","valueRequired":true,"valueName":"search_term_string"}}],"inLanguage":"de"}]}},"_links":{"self":[{"href":"https:\/\/bpk-archive.de\/tuellmann\/wp-json\/wp\/v2\/product\/70314331","targetHints":{"allow":["GET"]}}],"collection":[{"href":"https:\/\/bpk-archive.de\/tuellmann\/wp-json\/wp\/v2\/product"}],"about":[{"href":"https:\/\/bpk-archive.de\/tuellmann\/wp-json\/wp\/v2\/types\/product"}],"wp:featuredmedia":[{"embeddable":true,"href":"https:\/\/bpk-archive.de\/tuellmann\/wp-json\/wp\/v2\/media\/70304214"}],"wp:attachment":[{"href":"https:\/\/bpk-archive.de\/tuellmann\/wp-json\/wp\/v2\/media?parent=70314331"}],"wp:term":[{"taxonomy":"product_brand","embeddable":true,"href":"https:\/\/bpk-archive.de\/tuellmann\/wp-json\/wp\/v2\/product_brand?post=70314331"},{"taxonomy":"product_cat","embeddable":true,"href":"https:\/\/bpk-archive.de\/tuellmann\/wp-json\/wp\/v2\/product_cat?post=70314331"},{"taxonomy":"product_tag","embeddable":true,"href":"https:\/\/bpk-archive.de\/tuellmann\/wp-json\/wp\/v2\/product_tag?post=70314331"}],"curies":[{"name":"wp","href":"https:\/\/api.w.org\/{rel}","templated":true}]}}