{"id":70310378,"date":"2019-11-15T12:36:56","date_gmt":"2019-11-15T11:36:56","guid":{"rendered":"https:\/\/bpk-archive.de\/tuellmann\/\/atbild\/ensemble-modern-konzert-im-rahmen-der-veranstaltung-gesaenge-vom-ueberleben-hallein-varese\/"},"modified":"2019-11-15T12:37:03","modified_gmt":"2019-11-15T11:37:03","slug":"ensemble-modern-konzert-im-rahmen-der-veranstaltung-gesaenge-vom-ueberleben-hallein-varese","status":"publish","type":"product","link":"https:\/\/bpk-archive.de\/tuellmann\/produkt\/ensemble-modern-konzert-im-rahmen-der-veranstaltung-gesaenge-vom-ueberleben-hallein-varese\/","title":{"rendered":"Ensemble Modern, Konzert im Rahmen der Veranstaltung &#8222;Ges\u00e4nge vom \u00dcberleben&#8220;, Hallein Varese"},"content":{"rendered":"","protected":false},"excerpt":{"rendered":"","protected":false},"featured_media":70301155,"template":"","meta":[],"product_brand":[],"product_cat":[],"product_tag":[],"class_list":{"0":"post-70310378","1":"product","2":"type-product","3":"status-publish","4":"has-post-thumbnail","6":"pa_datierung-jul-95","7":"pa_fotograf-abisag-tuellmann","8":"pa_grunddaten_material_technik-foto-kontaktbogen","9":"pa_inventarnummer-tue95-051","10":"pa_mediennummer-25523","11":"pa_objekttyp-kontaktbogen","13":"first","14":"instock","15":"product-type-simple"},"yoast_head":"<!-- This site is optimized with the Yoast SEO plugin v27.4 - https:\/\/yoast.com\/product\/yoast-seo-wordpress\/ -->\n<title>Ensemble Modern, Konzert im Rahmen der Veranstaltung &quot;Ges\u00e4nge vom \u00dcberleben&quot;, Hallein Varese - Abisag T\u00fcllmann<\/title>\n<meta name=\"robots\" content=\"index, follow, max-snippet:-1, max-image-preview:large, max-video-preview:-1\" \/>\n<link rel=\"canonical\" href=\"https:\/\/bpk-archive.de\/tuellmann\/produkt\/ensemble-modern-konzert-im-rahmen-der-veranstaltung-gesaenge-vom-ueberleben-hallein-varese\/\" \/>\n<meta property=\"og:locale\" content=\"de_DE\" \/>\n<meta property=\"og:type\" content=\"article\" \/>\n<meta property=\"og:title\" content=\"Ensemble Modern, Konzert im Rahmen der Veranstaltung &quot;Ges\u00e4nge vom \u00dcberleben&quot;, Hallein Varese - Abisag T\u00fcllmann\" \/>\n<meta property=\"og:url\" content=\"https:\/\/bpk-archive.de\/tuellmann\/produkt\/ensemble-modern-konzert-im-rahmen-der-veranstaltung-gesaenge-vom-ueberleben-hallein-varese\/\" \/>\n<meta property=\"og:site_name\" content=\"Abisag T\u00fcllmann\" \/>\n<meta property=\"article:modified_time\" content=\"2019-11-15T11:37:03+00:00\" \/>\n<meta property=\"og:image\" content=\"https:\/\/bpk-archive.de\/tuellmann\/wp-content\/uploads\/2019\/10\/70380011-1033x1300.jpg\" \/>\n\t<meta property=\"og:image:width\" content=\"1033\" \/>\n\t<meta property=\"og:image:height\" content=\"1300\" \/>\n\t<meta property=\"og:image:type\" content=\"image\/jpeg\" \/>\n<meta name=\"twitter:card\" content=\"summary_large_image\" \/>\n<script type=\"application\/ld+json\" class=\"yoast-schema-graph\">{\"@context\":\"https:\\\/\\\/schema.org\",\"@graph\":[{\"@type\":\"WebPage\",\"@id\":\"https:\\\/\\\/bpk-archive.de\\\/tuellmann\\\/produkt\\\/ensemble-modern-konzert-im-rahmen-der-veranstaltung-gesaenge-vom-ueberleben-hallein-varese\\\/\",\"url\":\"https:\\\/\\\/bpk-archive.de\\\/tuellmann\\\/produkt\\\/ensemble-modern-konzert-im-rahmen-der-veranstaltung-gesaenge-vom-ueberleben-hallein-varese\\\/\",\"name\":\"Ensemble Modern, Konzert im Rahmen der Veranstaltung \\\"Ges\u00e4nge vom \u00dcberleben\\\", Hallein Varese - Abisag T\u00fcllmann\",\"isPartOf\":{\"@id\":\"https:\\\/\\\/bpk-archive.de\\\/tuellmann\\\/#website\"},\"primaryImageOfPage\":{\"@id\":\"https:\\\/\\\/bpk-archive.de\\\/tuellmann\\\/produkt\\\/ensemble-modern-konzert-im-rahmen-der-veranstaltung-gesaenge-vom-ueberleben-hallein-varese\\\/#primaryimage\"},\"image\":{\"@id\":\"https:\\\/\\\/bpk-archive.de\\\/tuellmann\\\/produkt\\\/ensemble-modern-konzert-im-rahmen-der-veranstaltung-gesaenge-vom-ueberleben-hallein-varese\\\/#primaryimage\"},\"thumbnailUrl\":\"https:\\\/\\\/bpk-archive.de\\\/tuellmann\\\/wp-content\\\/uploads\\\/2019\\\/10\\\/70380011.jpg\",\"datePublished\":\"2019-11-15T11:36:56+00:00\",\"dateModified\":\"2019-11-15T11:37:03+00:00\",\"breadcrumb\":{\"@id\":\"https:\\\/\\\/bpk-archive.de\\\/tuellmann\\\/produkt\\\/ensemble-modern-konzert-im-rahmen-der-veranstaltung-gesaenge-vom-ueberleben-hallein-varese\\\/#breadcrumb\"},\"inLanguage\":\"de\",\"potentialAction\":[{\"@type\":\"ReadAction\",\"target\":[\"https:\\\/\\\/bpk-archive.de\\\/tuellmann\\\/produkt\\\/ensemble-modern-konzert-im-rahmen-der-veranstaltung-gesaenge-vom-ueberleben-hallein-varese\\\/\"]}]},{\"@type\":\"ImageObject\",\"inLanguage\":\"de\",\"@id\":\"https:\\\/\\\/bpk-archive.de\\\/tuellmann\\\/produkt\\\/ensemble-modern-konzert-im-rahmen-der-veranstaltung-gesaenge-vom-ueberleben-hallein-varese\\\/#primaryimage\",\"url\":\"https:\\\/\\\/bpk-archive.de\\\/tuellmann\\\/wp-content\\\/uploads\\\/2019\\\/10\\\/70380011.jpg\",\"contentUrl\":\"https:\\\/\\\/bpk-archive.de\\\/tuellmann\\\/wp-content\\\/uploads\\\/2019\\\/10\\\/70380011.jpg\",\"width\":3585,\"height\":4512},{\"@type\":\"BreadcrumbList\",\"@id\":\"https:\\\/\\\/bpk-archive.de\\\/tuellmann\\\/produkt\\\/ensemble-modern-konzert-im-rahmen-der-veranstaltung-gesaenge-vom-ueberleben-hallein-varese\\\/#breadcrumb\",\"itemListElement\":[{\"@type\":\"ListItem\",\"position\":1,\"name\":\"Startseite\",\"item\":\"https:\\\/\\\/bpk-archive.de\\\/tuellmann\\\/\"},{\"@type\":\"ListItem\",\"position\":2,\"name\":\"Shop\",\"item\":\"https:\\\/\\\/bpk-archive.de\\\/tuellmann\\\/shop\\\/\"},{\"@type\":\"ListItem\",\"position\":3,\"name\":\"Ensemble Modern, Konzert im Rahmen der Veranstaltung &#8220;Ges\u00e4nge vom \u00dcberleben&#8221;, Hallein Varese\"}]},{\"@type\":\"WebSite\",\"@id\":\"https:\\\/\\\/bpk-archive.de\\\/tuellmann\\\/#website\",\"url\":\"https:\\\/\\\/bpk-archive.de\\\/tuellmann\\\/\",\"name\":\"Abisag T\u00fcllmann\",\"description\":\"Eine weitere WordPress-Website\",\"potentialAction\":[{\"@type\":\"SearchAction\",\"target\":{\"@type\":\"EntryPoint\",\"urlTemplate\":\"https:\\\/\\\/bpk-archive.de\\\/tuellmann\\\/?s={search_term_string}\"},\"query-input\":{\"@type\":\"PropertyValueSpecification\",\"valueRequired\":true,\"valueName\":\"search_term_string\"}}],\"inLanguage\":\"de\"}]}<\/script>\n<!-- \/ Yoast SEO plugin. -->","yoast_head_json":{"title":"Ensemble Modern, Konzert im Rahmen der Veranstaltung \"Ges\u00e4nge vom \u00dcberleben\", Hallein Varese - Abisag T\u00fcllmann","robots":{"index":"index","follow":"follow","max-snippet":"max-snippet:-1","max-image-preview":"max-image-preview:large","max-video-preview":"max-video-preview:-1"},"canonical":"https:\/\/bpk-archive.de\/tuellmann\/produkt\/ensemble-modern-konzert-im-rahmen-der-veranstaltung-gesaenge-vom-ueberleben-hallein-varese\/","og_locale":"de_DE","og_type":"article","og_title":"Ensemble Modern, Konzert im Rahmen der Veranstaltung \"Ges\u00e4nge vom \u00dcberleben\", Hallein Varese - Abisag T\u00fcllmann","og_url":"https:\/\/bpk-archive.de\/tuellmann\/produkt\/ensemble-modern-konzert-im-rahmen-der-veranstaltung-gesaenge-vom-ueberleben-hallein-varese\/","og_site_name":"Abisag T\u00fcllmann","article_modified_time":"2019-11-15T11:37:03+00:00","og_image":[{"width":1033,"height":1300,"url":"https:\/\/bpk-archive.de\/tuellmann\/wp-content\/uploads\/2019\/10\/70380011-1033x1300.jpg","type":"image\/jpeg"}],"twitter_card":"summary_large_image","schema":{"@context":"https:\/\/schema.org","@graph":[{"@type":"WebPage","@id":"https:\/\/bpk-archive.de\/tuellmann\/produkt\/ensemble-modern-konzert-im-rahmen-der-veranstaltung-gesaenge-vom-ueberleben-hallein-varese\/","url":"https:\/\/bpk-archive.de\/tuellmann\/produkt\/ensemble-modern-konzert-im-rahmen-der-veranstaltung-gesaenge-vom-ueberleben-hallein-varese\/","name":"Ensemble Modern, Konzert im Rahmen der Veranstaltung \"Ges\u00e4nge vom \u00dcberleben\", Hallein Varese - Abisag T\u00fcllmann","isPartOf":{"@id":"https:\/\/bpk-archive.de\/tuellmann\/#website"},"primaryImageOfPage":{"@id":"https:\/\/bpk-archive.de\/tuellmann\/produkt\/ensemble-modern-konzert-im-rahmen-der-veranstaltung-gesaenge-vom-ueberleben-hallein-varese\/#primaryimage"},"image":{"@id":"https:\/\/bpk-archive.de\/tuellmann\/produkt\/ensemble-modern-konzert-im-rahmen-der-veranstaltung-gesaenge-vom-ueberleben-hallein-varese\/#primaryimage"},"thumbnailUrl":"https:\/\/bpk-archive.de\/tuellmann\/wp-content\/uploads\/2019\/10\/70380011.jpg","datePublished":"2019-11-15T11:36:56+00:00","dateModified":"2019-11-15T11:37:03+00:00","breadcrumb":{"@id":"https:\/\/bpk-archive.de\/tuellmann\/produkt\/ensemble-modern-konzert-im-rahmen-der-veranstaltung-gesaenge-vom-ueberleben-hallein-varese\/#breadcrumb"},"inLanguage":"de","potentialAction":[{"@type":"ReadAction","target":["https:\/\/bpk-archive.de\/tuellmann\/produkt\/ensemble-modern-konzert-im-rahmen-der-veranstaltung-gesaenge-vom-ueberleben-hallein-varese\/"]}]},{"@type":"ImageObject","inLanguage":"de","@id":"https:\/\/bpk-archive.de\/tuellmann\/produkt\/ensemble-modern-konzert-im-rahmen-der-veranstaltung-gesaenge-vom-ueberleben-hallein-varese\/#primaryimage","url":"https:\/\/bpk-archive.de\/tuellmann\/wp-content\/uploads\/2019\/10\/70380011.jpg","contentUrl":"https:\/\/bpk-archive.de\/tuellmann\/wp-content\/uploads\/2019\/10\/70380011.jpg","width":3585,"height":4512},{"@type":"BreadcrumbList","@id":"https:\/\/bpk-archive.de\/tuellmann\/produkt\/ensemble-modern-konzert-im-rahmen-der-veranstaltung-gesaenge-vom-ueberleben-hallein-varese\/#breadcrumb","itemListElement":[{"@type":"ListItem","position":1,"name":"Startseite","item":"https:\/\/bpk-archive.de\/tuellmann\/"},{"@type":"ListItem","position":2,"name":"Shop","item":"https:\/\/bpk-archive.de\/tuellmann\/shop\/"},{"@type":"ListItem","position":3,"name":"Ensemble Modern, Konzert im Rahmen der Veranstaltung &#8220;Ges\u00e4nge vom \u00dcberleben&#8221;, Hallein Varese"}]},{"@type":"WebSite","@id":"https:\/\/bpk-archive.de\/tuellmann\/#website","url":"https:\/\/bpk-archive.de\/tuellmann\/","name":"Abisag T\u00fcllmann","description":"Eine weitere WordPress-Website","potentialAction":[{"@type":"SearchAction","target":{"@type":"EntryPoint","urlTemplate":"https:\/\/bpk-archive.de\/tuellmann\/?s={search_term_string}"},"query-input":{"@type":"PropertyValueSpecification","valueRequired":true,"valueName":"search_term_string"}}],"inLanguage":"de"}]}},"_links":{"self":[{"href":"https:\/\/bpk-archive.de\/tuellmann\/wp-json\/wp\/v2\/product\/70310378","targetHints":{"allow":["GET"]}}],"collection":[{"href":"https:\/\/bpk-archive.de\/tuellmann\/wp-json\/wp\/v2\/product"}],"about":[{"href":"https:\/\/bpk-archive.de\/tuellmann\/wp-json\/wp\/v2\/types\/product"}],"wp:featuredmedia":[{"embeddable":true,"href":"https:\/\/bpk-archive.de\/tuellmann\/wp-json\/wp\/v2\/media\/70301155"}],"wp:attachment":[{"href":"https:\/\/bpk-archive.de\/tuellmann\/wp-json\/wp\/v2\/media?parent=70310378"}],"wp:term":[{"taxonomy":"product_brand","embeddable":true,"href":"https:\/\/bpk-archive.de\/tuellmann\/wp-json\/wp\/v2\/product_brand?post=70310378"},{"taxonomy":"product_cat","embeddable":true,"href":"https:\/\/bpk-archive.de\/tuellmann\/wp-json\/wp\/v2\/product_cat?post=70310378"},{"taxonomy":"product_tag","embeddable":true,"href":"https:\/\/bpk-archive.de\/tuellmann\/wp-json\/wp\/v2\/product_tag?post=70310378"}],"curies":[{"name":"wp","href":"https:\/\/api.w.org\/{rel}","templated":true}]}}