{"id":70310200,"date":"2019-11-15T12:02:31","date_gmt":"2019-11-15T11:02:31","guid":{"rendered":"https:\/\/bpk-archive.de\/tuellmann\/\/atbild\/baustelle-hausabriss-frau-mit-hund-auf-dem-arm-obdachloser-portraets-mann-maenner-in-buero-vor-landschaftsfoto-interviewsituation\/"},"modified":"2019-11-15T12:02:41","modified_gmt":"2019-11-15T11:02:41","slug":"baustelle-hausabriss-frau-mit-hund-auf-dem-arm-obdachloser-portraets-mann-maenner-in-buero-vor-landschaftsfoto-interviewsituation","status":"publish","type":"product","link":"https:\/\/bpk-archive.de\/tuellmann\/produkt\/baustelle-hausabriss-frau-mit-hund-auf-dem-arm-obdachloser-portraets-mann-maenner-in-buero-vor-landschaftsfoto-interviewsituation\/","title":{"rendered":"[Baustelle, Hausabriss; Frau mit Hund auf dem Arm; Obdachloser; Portr\u00e4ts Mann; M\u00e4nner in B\u00fcro vor Landschaftsfoto, Interviewsituation]"},"content":{"rendered":"","protected":false},"excerpt":{"rendered":"","protected":false},"featured_media":0,"template":"","meta":[],"product_brand":[],"product_cat":[],"product_tag":[],"class_list":{"0":"post-70310200","1":"product","2":"type-product","3":"status-publish","5":"pa_fotograf-abisag-tuellmann","6":"pa_grunddaten_material_technik-foto-kontaktbogen","7":"pa_inventarnummer-tue-p-045","8":"pa_mediennummer-25196","9":"pa_objekttyp-kontaktbogen","11":"first","12":"instock","13":"product-type-simple"},"yoast_head":"<!-- This site is optimized with the Yoast SEO plugin v27.3 - https:\/\/yoast.com\/product\/yoast-seo-wordpress\/ -->\n<title>[Baustelle, Hausabriss; Frau mit Hund auf dem Arm; Obdachloser; Portr\u00e4ts Mann; M\u00e4nner in B\u00fcro vor Landschaftsfoto, Interviewsituation] - Abisag T\u00fcllmann<\/title>\n<meta name=\"robots\" content=\"index, follow, max-snippet:-1, max-image-preview:large, max-video-preview:-1\" \/>\n<link rel=\"canonical\" href=\"https:\/\/bpk-archive.de\/tuellmann\/produkt\/baustelle-hausabriss-frau-mit-hund-auf-dem-arm-obdachloser-portraets-mann-maenner-in-buero-vor-landschaftsfoto-interviewsituation\/\" \/>\n<meta property=\"og:locale\" content=\"de_DE\" \/>\n<meta property=\"og:type\" content=\"article\" \/>\n<meta property=\"og:title\" content=\"[Baustelle, Hausabriss; Frau mit Hund auf dem Arm; Obdachloser; Portr\u00e4ts Mann; M\u00e4nner in B\u00fcro vor Landschaftsfoto, Interviewsituation] - Abisag T\u00fcllmann\" \/>\n<meta property=\"og:url\" content=\"https:\/\/bpk-archive.de\/tuellmann\/produkt\/baustelle-hausabriss-frau-mit-hund-auf-dem-arm-obdachloser-portraets-mann-maenner-in-buero-vor-landschaftsfoto-interviewsituation\/\" \/>\n<meta property=\"og:site_name\" content=\"Abisag T\u00fcllmann\" \/>\n<meta property=\"article:modified_time\" content=\"2019-11-15T11:02:41+00:00\" \/>\n<meta name=\"twitter:card\" content=\"summary_large_image\" \/>\n<script type=\"application\/ld+json\" class=\"yoast-schema-graph\">{\"@context\":\"https:\\\/\\\/schema.org\",\"@graph\":[{\"@type\":\"WebPage\",\"@id\":\"https:\\\/\\\/bpk-archive.de\\\/tuellmann\\\/produkt\\\/baustelle-hausabriss-frau-mit-hund-auf-dem-arm-obdachloser-portraets-mann-maenner-in-buero-vor-landschaftsfoto-interviewsituation\\\/\",\"url\":\"https:\\\/\\\/bpk-archive.de\\\/tuellmann\\\/produkt\\\/baustelle-hausabriss-frau-mit-hund-auf-dem-arm-obdachloser-portraets-mann-maenner-in-buero-vor-landschaftsfoto-interviewsituation\\\/\",\"name\":\"[Baustelle, Hausabriss; Frau mit Hund auf dem Arm; Obdachloser; Portr\u00e4ts Mann; M\u00e4nner in B\u00fcro vor Landschaftsfoto, Interviewsituation] - Abisag T\u00fcllmann\",\"isPartOf\":{\"@id\":\"https:\\\/\\\/bpk-archive.de\\\/tuellmann\\\/#website\"},\"datePublished\":\"2019-11-15T11:02:31+00:00\",\"dateModified\":\"2019-11-15T11:02:41+00:00\",\"breadcrumb\":{\"@id\":\"https:\\\/\\\/bpk-archive.de\\\/tuellmann\\\/produkt\\\/baustelle-hausabriss-frau-mit-hund-auf-dem-arm-obdachloser-portraets-mann-maenner-in-buero-vor-landschaftsfoto-interviewsituation\\\/#breadcrumb\"},\"inLanguage\":\"de\",\"potentialAction\":[{\"@type\":\"ReadAction\",\"target\":[\"https:\\\/\\\/bpk-archive.de\\\/tuellmann\\\/produkt\\\/baustelle-hausabriss-frau-mit-hund-auf-dem-arm-obdachloser-portraets-mann-maenner-in-buero-vor-landschaftsfoto-interviewsituation\\\/\"]}]},{\"@type\":\"BreadcrumbList\",\"@id\":\"https:\\\/\\\/bpk-archive.de\\\/tuellmann\\\/produkt\\\/baustelle-hausabriss-frau-mit-hund-auf-dem-arm-obdachloser-portraets-mann-maenner-in-buero-vor-landschaftsfoto-interviewsituation\\\/#breadcrumb\",\"itemListElement\":[{\"@type\":\"ListItem\",\"position\":1,\"name\":\"Startseite\",\"item\":\"https:\\\/\\\/bpk-archive.de\\\/tuellmann\\\/\"},{\"@type\":\"ListItem\",\"position\":2,\"name\":\"Shop\",\"item\":\"https:\\\/\\\/bpk-archive.de\\\/tuellmann\\\/shop\\\/\"},{\"@type\":\"ListItem\",\"position\":3,\"name\":\"[Baustelle, Hausabriss; Frau mit Hund auf dem Arm; Obdachloser; Portr\u00e4ts Mann; M\u00e4nner in B\u00fcro vor Landschaftsfoto, Interviewsituation]\"}]},{\"@type\":\"WebSite\",\"@id\":\"https:\\\/\\\/bpk-archive.de\\\/tuellmann\\\/#website\",\"url\":\"https:\\\/\\\/bpk-archive.de\\\/tuellmann\\\/\",\"name\":\"Abisag T\u00fcllmann\",\"description\":\"Eine weitere WordPress-Website\",\"potentialAction\":[{\"@type\":\"SearchAction\",\"target\":{\"@type\":\"EntryPoint\",\"urlTemplate\":\"https:\\\/\\\/bpk-archive.de\\\/tuellmann\\\/?s={search_term_string}\"},\"query-input\":{\"@type\":\"PropertyValueSpecification\",\"valueRequired\":true,\"valueName\":\"search_term_string\"}}],\"inLanguage\":\"de\"}]}<\/script>\n<!-- \/ Yoast SEO plugin. -->","yoast_head_json":{"title":"[Baustelle, Hausabriss; Frau mit Hund auf dem Arm; Obdachloser; Portr\u00e4ts Mann; M\u00e4nner in B\u00fcro vor Landschaftsfoto, Interviewsituation] - Abisag T\u00fcllmann","robots":{"index":"index","follow":"follow","max-snippet":"max-snippet:-1","max-image-preview":"max-image-preview:large","max-video-preview":"max-video-preview:-1"},"canonical":"https:\/\/bpk-archive.de\/tuellmann\/produkt\/baustelle-hausabriss-frau-mit-hund-auf-dem-arm-obdachloser-portraets-mann-maenner-in-buero-vor-landschaftsfoto-interviewsituation\/","og_locale":"de_DE","og_type":"article","og_title":"[Baustelle, Hausabriss; Frau mit Hund auf dem Arm; Obdachloser; Portr\u00e4ts Mann; M\u00e4nner in B\u00fcro vor Landschaftsfoto, Interviewsituation] - Abisag T\u00fcllmann","og_url":"https:\/\/bpk-archive.de\/tuellmann\/produkt\/baustelle-hausabriss-frau-mit-hund-auf-dem-arm-obdachloser-portraets-mann-maenner-in-buero-vor-landschaftsfoto-interviewsituation\/","og_site_name":"Abisag T\u00fcllmann","article_modified_time":"2019-11-15T11:02:41+00:00","twitter_card":"summary_large_image","schema":{"@context":"https:\/\/schema.org","@graph":[{"@type":"WebPage","@id":"https:\/\/bpk-archive.de\/tuellmann\/produkt\/baustelle-hausabriss-frau-mit-hund-auf-dem-arm-obdachloser-portraets-mann-maenner-in-buero-vor-landschaftsfoto-interviewsituation\/","url":"https:\/\/bpk-archive.de\/tuellmann\/produkt\/baustelle-hausabriss-frau-mit-hund-auf-dem-arm-obdachloser-portraets-mann-maenner-in-buero-vor-landschaftsfoto-interviewsituation\/","name":"[Baustelle, Hausabriss; Frau mit Hund auf dem Arm; Obdachloser; Portr\u00e4ts Mann; M\u00e4nner in B\u00fcro vor Landschaftsfoto, Interviewsituation] - Abisag T\u00fcllmann","isPartOf":{"@id":"https:\/\/bpk-archive.de\/tuellmann\/#website"},"datePublished":"2019-11-15T11:02:31+00:00","dateModified":"2019-11-15T11:02:41+00:00","breadcrumb":{"@id":"https:\/\/bpk-archive.de\/tuellmann\/produkt\/baustelle-hausabriss-frau-mit-hund-auf-dem-arm-obdachloser-portraets-mann-maenner-in-buero-vor-landschaftsfoto-interviewsituation\/#breadcrumb"},"inLanguage":"de","potentialAction":[{"@type":"ReadAction","target":["https:\/\/bpk-archive.de\/tuellmann\/produkt\/baustelle-hausabriss-frau-mit-hund-auf-dem-arm-obdachloser-portraets-mann-maenner-in-buero-vor-landschaftsfoto-interviewsituation\/"]}]},{"@type":"BreadcrumbList","@id":"https:\/\/bpk-archive.de\/tuellmann\/produkt\/baustelle-hausabriss-frau-mit-hund-auf-dem-arm-obdachloser-portraets-mann-maenner-in-buero-vor-landschaftsfoto-interviewsituation\/#breadcrumb","itemListElement":[{"@type":"ListItem","position":1,"name":"Startseite","item":"https:\/\/bpk-archive.de\/tuellmann\/"},{"@type":"ListItem","position":2,"name":"Shop","item":"https:\/\/bpk-archive.de\/tuellmann\/shop\/"},{"@type":"ListItem","position":3,"name":"[Baustelle, Hausabriss; Frau mit Hund auf dem Arm; Obdachloser; Portr\u00e4ts Mann; M\u00e4nner in B\u00fcro vor Landschaftsfoto, Interviewsituation]"}]},{"@type":"WebSite","@id":"https:\/\/bpk-archive.de\/tuellmann\/#website","url":"https:\/\/bpk-archive.de\/tuellmann\/","name":"Abisag T\u00fcllmann","description":"Eine weitere WordPress-Website","potentialAction":[{"@type":"SearchAction","target":{"@type":"EntryPoint","urlTemplate":"https:\/\/bpk-archive.de\/tuellmann\/?s={search_term_string}"},"query-input":{"@type":"PropertyValueSpecification","valueRequired":true,"valueName":"search_term_string"}}],"inLanguage":"de"}]}},"_links":{"self":[{"href":"https:\/\/bpk-archive.de\/tuellmann\/wp-json\/wp\/v2\/product\/70310200","targetHints":{"allow":["GET"]}}],"collection":[{"href":"https:\/\/bpk-archive.de\/tuellmann\/wp-json\/wp\/v2\/product"}],"about":[{"href":"https:\/\/bpk-archive.de\/tuellmann\/wp-json\/wp\/v2\/types\/product"}],"wp:attachment":[{"href":"https:\/\/bpk-archive.de\/tuellmann\/wp-json\/wp\/v2\/media?parent=70310200"}],"wp:term":[{"taxonomy":"product_brand","embeddable":true,"href":"https:\/\/bpk-archive.de\/tuellmann\/wp-json\/wp\/v2\/product_brand?post=70310200"},{"taxonomy":"product_cat","embeddable":true,"href":"https:\/\/bpk-archive.de\/tuellmann\/wp-json\/wp\/v2\/product_cat?post=70310200"},{"taxonomy":"product_tag","embeddable":true,"href":"https:\/\/bpk-archive.de\/tuellmann\/wp-json\/wp\/v2\/product_tag?post=70310200"}],"curies":[{"name":"wp","href":"https:\/\/api.w.org\/{rel}","templated":true}]}}