{"id":70310059,"date":"2019-11-15T12:00:54","date_gmt":"2019-11-15T11:00:54","guid":{"rendered":"https:\/\/bpk-archive.de\/tuellmann\/\/atbild\/oberfinanzdirektion-frankfurt-vier-paare-fuer-vier-raeume-in-den-frankfurter-finanzaemtern\/"},"modified":"2019-11-15T12:01:06","modified_gmt":"2019-11-15T11:01:06","slug":"oberfinanzdirektion-frankfurt-vier-paare-fuer-vier-raeume-in-den-frankfurter-finanzaemtern","status":"publish","type":"product","link":"https:\/\/bpk-archive.de\/tuellmann\/produkt\/oberfinanzdirektion-frankfurt-vier-paare-fuer-vier-raeume-in-den-frankfurter-finanzaemtern\/","title":{"rendered":"&#8222;Oberfinanzdirektion Frankfurt &#8211; Vier Paare f\u00fcr vier R\u00e4ume in den Frankfurter Finanz\u00e4mtern&#8220;"},"content":{"rendered":"<p>Frankfurter Stadtwald im Winter<\/p>\n","protected":false},"excerpt":{"rendered":"<p>Frankfurter Stadtwald im Winter<\/p>\n","protected":false},"featured_media":70301323,"template":"","meta":[],"product_brand":[],"product_cat":[],"product_tag":[],"class_list":{"0":"post-70310059","1":"product","2":"type-product","3":"status-publish","4":"has-post-thumbnail","6":"pa_fotograf-abisag-tuellmann","7":"pa_grunddaten_material_technik-foto-kontaktbogen","8":"pa_interne_nummer-tue-s-d-009","9":"pa_inventarnummer-tues-d-009","10":"pa_mediennummer-24830","11":"pa_objekttyp-kontaktbogen","13":"first","14":"instock","15":"product-type-simple"},"yoast_head":"<!-- This site is optimized with the Yoast SEO plugin v27.4 - https:\/\/yoast.com\/product\/yoast-seo-wordpress\/ -->\n<title>&quot;Oberfinanzdirektion Frankfurt - Vier Paare f\u00fcr vier R\u00e4ume in den Frankfurter Finanz\u00e4mtern&quot; - Abisag T\u00fcllmann<\/title>\n<meta name=\"robots\" content=\"index, follow, max-snippet:-1, max-image-preview:large, max-video-preview:-1\" \/>\n<link rel=\"canonical\" href=\"https:\/\/bpk-archive.de\/tuellmann\/produkt\/oberfinanzdirektion-frankfurt-vier-paare-fuer-vier-raeume-in-den-frankfurter-finanzaemtern\/\" \/>\n<meta property=\"og:locale\" content=\"de_DE\" \/>\n<meta property=\"og:type\" content=\"article\" \/>\n<meta property=\"og:title\" content=\"&quot;Oberfinanzdirektion Frankfurt - Vier Paare f\u00fcr vier R\u00e4ume in den Frankfurter Finanz\u00e4mtern&quot; - Abisag T\u00fcllmann\" \/>\n<meta property=\"og:description\" content=\"Frankfurter Stadtwald im Winter\" \/>\n<meta property=\"og:url\" content=\"https:\/\/bpk-archive.de\/tuellmann\/produkt\/oberfinanzdirektion-frankfurt-vier-paare-fuer-vier-raeume-in-den-frankfurter-finanzaemtern\/\" \/>\n<meta property=\"og:site_name\" content=\"Abisag T\u00fcllmann\" \/>\n<meta property=\"article:modified_time\" content=\"2019-11-15T11:01:06+00:00\" \/>\n<meta property=\"og:image\" content=\"https:\/\/bpk-archive.de\/tuellmann\/wp-content\/uploads\/2019\/10\/70380304-1077x1300.jpg\" \/>\n\t<meta property=\"og:image:width\" content=\"1077\" \/>\n\t<meta property=\"og:image:height\" content=\"1300\" \/>\n\t<meta property=\"og:image:type\" content=\"image\/jpeg\" \/>\n<meta name=\"twitter:card\" content=\"summary_large_image\" \/>\n<script type=\"application\/ld+json\" class=\"yoast-schema-graph\">{\"@context\":\"https:\\\/\\\/schema.org\",\"@graph\":[{\"@type\":\"WebPage\",\"@id\":\"https:\\\/\\\/bpk-archive.de\\\/tuellmann\\\/produkt\\\/oberfinanzdirektion-frankfurt-vier-paare-fuer-vier-raeume-in-den-frankfurter-finanzaemtern\\\/\",\"url\":\"https:\\\/\\\/bpk-archive.de\\\/tuellmann\\\/produkt\\\/oberfinanzdirektion-frankfurt-vier-paare-fuer-vier-raeume-in-den-frankfurter-finanzaemtern\\\/\",\"name\":\"\\\"Oberfinanzdirektion Frankfurt - Vier Paare f\u00fcr vier R\u00e4ume in den Frankfurter Finanz\u00e4mtern\\\" - Abisag T\u00fcllmann\",\"isPartOf\":{\"@id\":\"https:\\\/\\\/bpk-archive.de\\\/tuellmann\\\/#website\"},\"primaryImageOfPage\":{\"@id\":\"https:\\\/\\\/bpk-archive.de\\\/tuellmann\\\/produkt\\\/oberfinanzdirektion-frankfurt-vier-paare-fuer-vier-raeume-in-den-frankfurter-finanzaemtern\\\/#primaryimage\"},\"image\":{\"@id\":\"https:\\\/\\\/bpk-archive.de\\\/tuellmann\\\/produkt\\\/oberfinanzdirektion-frankfurt-vier-paare-fuer-vier-raeume-in-den-frankfurter-finanzaemtern\\\/#primaryimage\"},\"thumbnailUrl\":\"https:\\\/\\\/bpk-archive.de\\\/tuellmann\\\/wp-content\\\/uploads\\\/2019\\\/10\\\/70380304.jpg\",\"datePublished\":\"2019-11-15T11:00:54+00:00\",\"dateModified\":\"2019-11-15T11:01:06+00:00\",\"breadcrumb\":{\"@id\":\"https:\\\/\\\/bpk-archive.de\\\/tuellmann\\\/produkt\\\/oberfinanzdirektion-frankfurt-vier-paare-fuer-vier-raeume-in-den-frankfurter-finanzaemtern\\\/#breadcrumb\"},\"inLanguage\":\"de\",\"potentialAction\":[{\"@type\":\"ReadAction\",\"target\":[\"https:\\\/\\\/bpk-archive.de\\\/tuellmann\\\/produkt\\\/oberfinanzdirektion-frankfurt-vier-paare-fuer-vier-raeume-in-den-frankfurter-finanzaemtern\\\/\"]}]},{\"@type\":\"ImageObject\",\"inLanguage\":\"de\",\"@id\":\"https:\\\/\\\/bpk-archive.de\\\/tuellmann\\\/produkt\\\/oberfinanzdirektion-frankfurt-vier-paare-fuer-vier-raeume-in-den-frankfurter-finanzaemtern\\\/#primaryimage\",\"url\":\"https:\\\/\\\/bpk-archive.de\\\/tuellmann\\\/wp-content\\\/uploads\\\/2019\\\/10\\\/70380304.jpg\",\"contentUrl\":\"https:\\\/\\\/bpk-archive.de\\\/tuellmann\\\/wp-content\\\/uploads\\\/2019\\\/10\\\/70380304.jpg\",\"width\":3683,\"height\":4444},{\"@type\":\"BreadcrumbList\",\"@id\":\"https:\\\/\\\/bpk-archive.de\\\/tuellmann\\\/produkt\\\/oberfinanzdirektion-frankfurt-vier-paare-fuer-vier-raeume-in-den-frankfurter-finanzaemtern\\\/#breadcrumb\",\"itemListElement\":[{\"@type\":\"ListItem\",\"position\":1,\"name\":\"Startseite\",\"item\":\"https:\\\/\\\/bpk-archive.de\\\/tuellmann\\\/\"},{\"@type\":\"ListItem\",\"position\":2,\"name\":\"Shop\",\"item\":\"https:\\\/\\\/bpk-archive.de\\\/tuellmann\\\/shop\\\/\"},{\"@type\":\"ListItem\",\"position\":3,\"name\":\"&#8220;Oberfinanzdirektion Frankfurt &#8211; Vier Paare f\u00fcr vier R\u00e4ume in den Frankfurter Finanz\u00e4mtern&#8221;\"}]},{\"@type\":\"WebSite\",\"@id\":\"https:\\\/\\\/bpk-archive.de\\\/tuellmann\\\/#website\",\"url\":\"https:\\\/\\\/bpk-archive.de\\\/tuellmann\\\/\",\"name\":\"Abisag T\u00fcllmann\",\"description\":\"Eine weitere WordPress-Website\",\"potentialAction\":[{\"@type\":\"SearchAction\",\"target\":{\"@type\":\"EntryPoint\",\"urlTemplate\":\"https:\\\/\\\/bpk-archive.de\\\/tuellmann\\\/?s={search_term_string}\"},\"query-input\":{\"@type\":\"PropertyValueSpecification\",\"valueRequired\":true,\"valueName\":\"search_term_string\"}}],\"inLanguage\":\"de\"}]}<\/script>\n<!-- \/ Yoast SEO plugin. -->","yoast_head_json":{"title":"\"Oberfinanzdirektion Frankfurt - Vier Paare f\u00fcr vier R\u00e4ume in den Frankfurter Finanz\u00e4mtern\" - Abisag T\u00fcllmann","robots":{"index":"index","follow":"follow","max-snippet":"max-snippet:-1","max-image-preview":"max-image-preview:large","max-video-preview":"max-video-preview:-1"},"canonical":"https:\/\/bpk-archive.de\/tuellmann\/produkt\/oberfinanzdirektion-frankfurt-vier-paare-fuer-vier-raeume-in-den-frankfurter-finanzaemtern\/","og_locale":"de_DE","og_type":"article","og_title":"\"Oberfinanzdirektion Frankfurt - Vier Paare f\u00fcr vier R\u00e4ume in den Frankfurter Finanz\u00e4mtern\" - Abisag T\u00fcllmann","og_description":"Frankfurter Stadtwald im Winter","og_url":"https:\/\/bpk-archive.de\/tuellmann\/produkt\/oberfinanzdirektion-frankfurt-vier-paare-fuer-vier-raeume-in-den-frankfurter-finanzaemtern\/","og_site_name":"Abisag T\u00fcllmann","article_modified_time":"2019-11-15T11:01:06+00:00","og_image":[{"width":1077,"height":1300,"url":"https:\/\/bpk-archive.de\/tuellmann\/wp-content\/uploads\/2019\/10\/70380304-1077x1300.jpg","type":"image\/jpeg"}],"twitter_card":"summary_large_image","schema":{"@context":"https:\/\/schema.org","@graph":[{"@type":"WebPage","@id":"https:\/\/bpk-archive.de\/tuellmann\/produkt\/oberfinanzdirektion-frankfurt-vier-paare-fuer-vier-raeume-in-den-frankfurter-finanzaemtern\/","url":"https:\/\/bpk-archive.de\/tuellmann\/produkt\/oberfinanzdirektion-frankfurt-vier-paare-fuer-vier-raeume-in-den-frankfurter-finanzaemtern\/","name":"\"Oberfinanzdirektion Frankfurt - Vier Paare f\u00fcr vier R\u00e4ume in den Frankfurter Finanz\u00e4mtern\" - Abisag T\u00fcllmann","isPartOf":{"@id":"https:\/\/bpk-archive.de\/tuellmann\/#website"},"primaryImageOfPage":{"@id":"https:\/\/bpk-archive.de\/tuellmann\/produkt\/oberfinanzdirektion-frankfurt-vier-paare-fuer-vier-raeume-in-den-frankfurter-finanzaemtern\/#primaryimage"},"image":{"@id":"https:\/\/bpk-archive.de\/tuellmann\/produkt\/oberfinanzdirektion-frankfurt-vier-paare-fuer-vier-raeume-in-den-frankfurter-finanzaemtern\/#primaryimage"},"thumbnailUrl":"https:\/\/bpk-archive.de\/tuellmann\/wp-content\/uploads\/2019\/10\/70380304.jpg","datePublished":"2019-11-15T11:00:54+00:00","dateModified":"2019-11-15T11:01:06+00:00","breadcrumb":{"@id":"https:\/\/bpk-archive.de\/tuellmann\/produkt\/oberfinanzdirektion-frankfurt-vier-paare-fuer-vier-raeume-in-den-frankfurter-finanzaemtern\/#breadcrumb"},"inLanguage":"de","potentialAction":[{"@type":"ReadAction","target":["https:\/\/bpk-archive.de\/tuellmann\/produkt\/oberfinanzdirektion-frankfurt-vier-paare-fuer-vier-raeume-in-den-frankfurter-finanzaemtern\/"]}]},{"@type":"ImageObject","inLanguage":"de","@id":"https:\/\/bpk-archive.de\/tuellmann\/produkt\/oberfinanzdirektion-frankfurt-vier-paare-fuer-vier-raeume-in-den-frankfurter-finanzaemtern\/#primaryimage","url":"https:\/\/bpk-archive.de\/tuellmann\/wp-content\/uploads\/2019\/10\/70380304.jpg","contentUrl":"https:\/\/bpk-archive.de\/tuellmann\/wp-content\/uploads\/2019\/10\/70380304.jpg","width":3683,"height":4444},{"@type":"BreadcrumbList","@id":"https:\/\/bpk-archive.de\/tuellmann\/produkt\/oberfinanzdirektion-frankfurt-vier-paare-fuer-vier-raeume-in-den-frankfurter-finanzaemtern\/#breadcrumb","itemListElement":[{"@type":"ListItem","position":1,"name":"Startseite","item":"https:\/\/bpk-archive.de\/tuellmann\/"},{"@type":"ListItem","position":2,"name":"Shop","item":"https:\/\/bpk-archive.de\/tuellmann\/shop\/"},{"@type":"ListItem","position":3,"name":"&#8220;Oberfinanzdirektion Frankfurt &#8211; Vier Paare f\u00fcr vier R\u00e4ume in den Frankfurter Finanz\u00e4mtern&#8221;"}]},{"@type":"WebSite","@id":"https:\/\/bpk-archive.de\/tuellmann\/#website","url":"https:\/\/bpk-archive.de\/tuellmann\/","name":"Abisag T\u00fcllmann","description":"Eine weitere WordPress-Website","potentialAction":[{"@type":"SearchAction","target":{"@type":"EntryPoint","urlTemplate":"https:\/\/bpk-archive.de\/tuellmann\/?s={search_term_string}"},"query-input":{"@type":"PropertyValueSpecification","valueRequired":true,"valueName":"search_term_string"}}],"inLanguage":"de"}]}},"_links":{"self":[{"href":"https:\/\/bpk-archive.de\/tuellmann\/wp-json\/wp\/v2\/product\/70310059","targetHints":{"allow":["GET"]}}],"collection":[{"href":"https:\/\/bpk-archive.de\/tuellmann\/wp-json\/wp\/v2\/product"}],"about":[{"href":"https:\/\/bpk-archive.de\/tuellmann\/wp-json\/wp\/v2\/types\/product"}],"wp:featuredmedia":[{"embeddable":true,"href":"https:\/\/bpk-archive.de\/tuellmann\/wp-json\/wp\/v2\/media\/70301323"}],"wp:attachment":[{"href":"https:\/\/bpk-archive.de\/tuellmann\/wp-json\/wp\/v2\/media?parent=70310059"}],"wp:term":[{"taxonomy":"product_brand","embeddable":true,"href":"https:\/\/bpk-archive.de\/tuellmann\/wp-json\/wp\/v2\/product_brand?post=70310059"},{"taxonomy":"product_cat","embeddable":true,"href":"https:\/\/bpk-archive.de\/tuellmann\/wp-json\/wp\/v2\/product_cat?post=70310059"},{"taxonomy":"product_tag","embeddable":true,"href":"https:\/\/bpk-archive.de\/tuellmann\/wp-json\/wp\/v2\/product_tag?post=70310059"}],"curies":[{"name":"wp","href":"https:\/\/api.w.org\/{rel}","templated":true}]}}