{"id":70309766,"date":"2019-11-15T11:57:47","date_gmt":"2019-11-15T10:57:47","guid":{"rendered":"https:\/\/bpk-archive.de\/tuellmann\/\/atbild\/oberlindau-staufenstr-kinder-spielen-mit-eisschrank-haeuser-einkaufszentrum-u-a-kunden-mit-persil-eimer\/"},"modified":"2019-11-15T11:57:52","modified_gmt":"2019-11-15T10:57:52","slug":"oberlindau-staufenstr-kinder-spielen-mit-eisschrank-haeuser-einkaufszentrum-u-a-kunden-mit-persil-eimer","status":"publish","type":"product","link":"https:\/\/bpk-archive.de\/tuellmann\/produkt\/oberlindau-staufenstr-kinder-spielen-mit-eisschrank-haeuser-einkaufszentrum-u-a-kunden-mit-persil-eimer\/","title":{"rendered":"Oberlindau-Staufenstr.: Kinder spielen mit Eisschrank, H\u00e4user; Einkaufszentrum: u.a. Kunden mit Persil-Eimer"},"content":{"rendered":"<p>Westendsanierung, Stra\u00dfenleben, Kinder<\/p>\n","protected":false},"excerpt":{"rendered":"<p>Westendsanierung, Stra\u00dfenleben, Kinder<\/p>\n","protected":false},"featured_media":70301633,"template":"","meta":[],"product_brand":[],"product_cat":[],"product_tag":[],"class_list":{"0":"post-70309766","1":"product","2":"type-product","3":"status-publish","4":"has-post-thumbnail","6":"pa_fotograf-abisag-tuellmann","7":"pa_grunddaten_material_technik-foto-kontaktbogen","8":"pa_interne_nummer-w-67-iii-33","9":"pa_inventarnummer-tuew-67-033","10":"pa_mediennummer-24069","11":"pa_objekttyp-kontaktbogen","13":"first","14":"instock","15":"product-type-simple"},"yoast_head":"<!-- This site is optimized with the Yoast SEO plugin v27.4 - https:\/\/yoast.com\/product\/yoast-seo-wordpress\/ -->\n<title>Oberlindau-Staufenstr.: Kinder spielen mit Eisschrank, H\u00e4user; Einkaufszentrum: u.a. Kunden mit Persil-Eimer - Abisag T\u00fcllmann<\/title>\n<meta name=\"robots\" content=\"index, follow, max-snippet:-1, max-image-preview:large, max-video-preview:-1\" \/>\n<link rel=\"canonical\" href=\"https:\/\/bpk-archive.de\/tuellmann\/produkt\/oberlindau-staufenstr-kinder-spielen-mit-eisschrank-haeuser-einkaufszentrum-u-a-kunden-mit-persil-eimer\/\" \/>\n<meta property=\"og:locale\" content=\"de_DE\" \/>\n<meta property=\"og:type\" content=\"article\" \/>\n<meta property=\"og:title\" content=\"Oberlindau-Staufenstr.: Kinder spielen mit Eisschrank, H\u00e4user; Einkaufszentrum: u.a. Kunden mit Persil-Eimer - Abisag T\u00fcllmann\" \/>\n<meta property=\"og:description\" content=\"Westendsanierung, Stra\u00dfenleben, Kinder\" \/>\n<meta property=\"og:url\" content=\"https:\/\/bpk-archive.de\/tuellmann\/produkt\/oberlindau-staufenstr-kinder-spielen-mit-eisschrank-haeuser-einkaufszentrum-u-a-kunden-mit-persil-eimer\/\" \/>\n<meta property=\"og:site_name\" content=\"Abisag T\u00fcllmann\" \/>\n<meta property=\"article:modified_time\" content=\"2019-11-15T10:57:52+00:00\" \/>\n<meta property=\"og:image\" content=\"https:\/\/bpk-archive.de\/tuellmann\/wp-content\/uploads\/2019\/10\/70380594-1015x1300.jpg\" \/>\n\t<meta property=\"og:image:width\" content=\"1015\" \/>\n\t<meta property=\"og:image:height\" content=\"1300\" \/>\n\t<meta property=\"og:image:type\" content=\"image\/jpeg\" \/>\n<meta name=\"twitter:card\" content=\"summary_large_image\" \/>\n<script type=\"application\/ld+json\" class=\"yoast-schema-graph\">{\"@context\":\"https:\\\/\\\/schema.org\",\"@graph\":[{\"@type\":\"WebPage\",\"@id\":\"https:\\\/\\\/bpk-archive.de\\\/tuellmann\\\/produkt\\\/oberlindau-staufenstr-kinder-spielen-mit-eisschrank-haeuser-einkaufszentrum-u-a-kunden-mit-persil-eimer\\\/\",\"url\":\"https:\\\/\\\/bpk-archive.de\\\/tuellmann\\\/produkt\\\/oberlindau-staufenstr-kinder-spielen-mit-eisschrank-haeuser-einkaufszentrum-u-a-kunden-mit-persil-eimer\\\/\",\"name\":\"Oberlindau-Staufenstr.: Kinder spielen mit Eisschrank, H\u00e4user; Einkaufszentrum: u.a. Kunden mit Persil-Eimer - Abisag T\u00fcllmann\",\"isPartOf\":{\"@id\":\"https:\\\/\\\/bpk-archive.de\\\/tuellmann\\\/#website\"},\"primaryImageOfPage\":{\"@id\":\"https:\\\/\\\/bpk-archive.de\\\/tuellmann\\\/produkt\\\/oberlindau-staufenstr-kinder-spielen-mit-eisschrank-haeuser-einkaufszentrum-u-a-kunden-mit-persil-eimer\\\/#primaryimage\"},\"image\":{\"@id\":\"https:\\\/\\\/bpk-archive.de\\\/tuellmann\\\/produkt\\\/oberlindau-staufenstr-kinder-spielen-mit-eisschrank-haeuser-einkaufszentrum-u-a-kunden-mit-persil-eimer\\\/#primaryimage\"},\"thumbnailUrl\":\"https:\\\/\\\/bpk-archive.de\\\/tuellmann\\\/wp-content\\\/uploads\\\/2019\\\/10\\\/70380594.jpg\",\"datePublished\":\"2019-11-15T10:57:47+00:00\",\"dateModified\":\"2019-11-15T10:57:52+00:00\",\"breadcrumb\":{\"@id\":\"https:\\\/\\\/bpk-archive.de\\\/tuellmann\\\/produkt\\\/oberlindau-staufenstr-kinder-spielen-mit-eisschrank-haeuser-einkaufszentrum-u-a-kunden-mit-persil-eimer\\\/#breadcrumb\"},\"inLanguage\":\"de\",\"potentialAction\":[{\"@type\":\"ReadAction\",\"target\":[\"https:\\\/\\\/bpk-archive.de\\\/tuellmann\\\/produkt\\\/oberlindau-staufenstr-kinder-spielen-mit-eisschrank-haeuser-einkaufszentrum-u-a-kunden-mit-persil-eimer\\\/\"]}]},{\"@type\":\"ImageObject\",\"inLanguage\":\"de\",\"@id\":\"https:\\\/\\\/bpk-archive.de\\\/tuellmann\\\/produkt\\\/oberlindau-staufenstr-kinder-spielen-mit-eisschrank-haeuser-einkaufszentrum-u-a-kunden-mit-persil-eimer\\\/#primaryimage\",\"url\":\"https:\\\/\\\/bpk-archive.de\\\/tuellmann\\\/wp-content\\\/uploads\\\/2019\\\/10\\\/70380594.jpg\",\"contentUrl\":\"https:\\\/\\\/bpk-archive.de\\\/tuellmann\\\/wp-content\\\/uploads\\\/2019\\\/10\\\/70380594.jpg\",\"width\":3586,\"height\":4593},{\"@type\":\"BreadcrumbList\",\"@id\":\"https:\\\/\\\/bpk-archive.de\\\/tuellmann\\\/produkt\\\/oberlindau-staufenstr-kinder-spielen-mit-eisschrank-haeuser-einkaufszentrum-u-a-kunden-mit-persil-eimer\\\/#breadcrumb\",\"itemListElement\":[{\"@type\":\"ListItem\",\"position\":1,\"name\":\"Startseite\",\"item\":\"https:\\\/\\\/bpk-archive.de\\\/tuellmann\\\/\"},{\"@type\":\"ListItem\",\"position\":2,\"name\":\"Shop\",\"item\":\"https:\\\/\\\/bpk-archive.de\\\/tuellmann\\\/shop\\\/\"},{\"@type\":\"ListItem\",\"position\":3,\"name\":\"Oberlindau-Staufenstr.: Kinder spielen mit Eisschrank, H\u00e4user; Einkaufszentrum: u.a. Kunden mit Persil-Eimer\"}]},{\"@type\":\"WebSite\",\"@id\":\"https:\\\/\\\/bpk-archive.de\\\/tuellmann\\\/#website\",\"url\":\"https:\\\/\\\/bpk-archive.de\\\/tuellmann\\\/\",\"name\":\"Abisag T\u00fcllmann\",\"description\":\"Eine weitere WordPress-Website\",\"potentialAction\":[{\"@type\":\"SearchAction\",\"target\":{\"@type\":\"EntryPoint\",\"urlTemplate\":\"https:\\\/\\\/bpk-archive.de\\\/tuellmann\\\/?s={search_term_string}\"},\"query-input\":{\"@type\":\"PropertyValueSpecification\",\"valueRequired\":true,\"valueName\":\"search_term_string\"}}],\"inLanguage\":\"de\"}]}<\/script>\n<!-- \/ Yoast SEO plugin. -->","yoast_head_json":{"title":"Oberlindau-Staufenstr.: Kinder spielen mit Eisschrank, H\u00e4user; Einkaufszentrum: u.a. Kunden mit Persil-Eimer - Abisag T\u00fcllmann","robots":{"index":"index","follow":"follow","max-snippet":"max-snippet:-1","max-image-preview":"max-image-preview:large","max-video-preview":"max-video-preview:-1"},"canonical":"https:\/\/bpk-archive.de\/tuellmann\/produkt\/oberlindau-staufenstr-kinder-spielen-mit-eisschrank-haeuser-einkaufszentrum-u-a-kunden-mit-persil-eimer\/","og_locale":"de_DE","og_type":"article","og_title":"Oberlindau-Staufenstr.: Kinder spielen mit Eisschrank, H\u00e4user; Einkaufszentrum: u.a. Kunden mit Persil-Eimer - Abisag T\u00fcllmann","og_description":"Westendsanierung, Stra\u00dfenleben, Kinder","og_url":"https:\/\/bpk-archive.de\/tuellmann\/produkt\/oberlindau-staufenstr-kinder-spielen-mit-eisschrank-haeuser-einkaufszentrum-u-a-kunden-mit-persil-eimer\/","og_site_name":"Abisag T\u00fcllmann","article_modified_time":"2019-11-15T10:57:52+00:00","og_image":[{"width":1015,"height":1300,"url":"https:\/\/bpk-archive.de\/tuellmann\/wp-content\/uploads\/2019\/10\/70380594-1015x1300.jpg","type":"image\/jpeg"}],"twitter_card":"summary_large_image","schema":{"@context":"https:\/\/schema.org","@graph":[{"@type":"WebPage","@id":"https:\/\/bpk-archive.de\/tuellmann\/produkt\/oberlindau-staufenstr-kinder-spielen-mit-eisschrank-haeuser-einkaufszentrum-u-a-kunden-mit-persil-eimer\/","url":"https:\/\/bpk-archive.de\/tuellmann\/produkt\/oberlindau-staufenstr-kinder-spielen-mit-eisschrank-haeuser-einkaufszentrum-u-a-kunden-mit-persil-eimer\/","name":"Oberlindau-Staufenstr.: Kinder spielen mit Eisschrank, H\u00e4user; Einkaufszentrum: u.a. Kunden mit Persil-Eimer - Abisag T\u00fcllmann","isPartOf":{"@id":"https:\/\/bpk-archive.de\/tuellmann\/#website"},"primaryImageOfPage":{"@id":"https:\/\/bpk-archive.de\/tuellmann\/produkt\/oberlindau-staufenstr-kinder-spielen-mit-eisschrank-haeuser-einkaufszentrum-u-a-kunden-mit-persil-eimer\/#primaryimage"},"image":{"@id":"https:\/\/bpk-archive.de\/tuellmann\/produkt\/oberlindau-staufenstr-kinder-spielen-mit-eisschrank-haeuser-einkaufszentrum-u-a-kunden-mit-persil-eimer\/#primaryimage"},"thumbnailUrl":"https:\/\/bpk-archive.de\/tuellmann\/wp-content\/uploads\/2019\/10\/70380594.jpg","datePublished":"2019-11-15T10:57:47+00:00","dateModified":"2019-11-15T10:57:52+00:00","breadcrumb":{"@id":"https:\/\/bpk-archive.de\/tuellmann\/produkt\/oberlindau-staufenstr-kinder-spielen-mit-eisschrank-haeuser-einkaufszentrum-u-a-kunden-mit-persil-eimer\/#breadcrumb"},"inLanguage":"de","potentialAction":[{"@type":"ReadAction","target":["https:\/\/bpk-archive.de\/tuellmann\/produkt\/oberlindau-staufenstr-kinder-spielen-mit-eisschrank-haeuser-einkaufszentrum-u-a-kunden-mit-persil-eimer\/"]}]},{"@type":"ImageObject","inLanguage":"de","@id":"https:\/\/bpk-archive.de\/tuellmann\/produkt\/oberlindau-staufenstr-kinder-spielen-mit-eisschrank-haeuser-einkaufszentrum-u-a-kunden-mit-persil-eimer\/#primaryimage","url":"https:\/\/bpk-archive.de\/tuellmann\/wp-content\/uploads\/2019\/10\/70380594.jpg","contentUrl":"https:\/\/bpk-archive.de\/tuellmann\/wp-content\/uploads\/2019\/10\/70380594.jpg","width":3586,"height":4593},{"@type":"BreadcrumbList","@id":"https:\/\/bpk-archive.de\/tuellmann\/produkt\/oberlindau-staufenstr-kinder-spielen-mit-eisschrank-haeuser-einkaufszentrum-u-a-kunden-mit-persil-eimer\/#breadcrumb","itemListElement":[{"@type":"ListItem","position":1,"name":"Startseite","item":"https:\/\/bpk-archive.de\/tuellmann\/"},{"@type":"ListItem","position":2,"name":"Shop","item":"https:\/\/bpk-archive.de\/tuellmann\/shop\/"},{"@type":"ListItem","position":3,"name":"Oberlindau-Staufenstr.: Kinder spielen mit Eisschrank, H\u00e4user; Einkaufszentrum: u.a. Kunden mit Persil-Eimer"}]},{"@type":"WebSite","@id":"https:\/\/bpk-archive.de\/tuellmann\/#website","url":"https:\/\/bpk-archive.de\/tuellmann\/","name":"Abisag T\u00fcllmann","description":"Eine weitere WordPress-Website","potentialAction":[{"@type":"SearchAction","target":{"@type":"EntryPoint","urlTemplate":"https:\/\/bpk-archive.de\/tuellmann\/?s={search_term_string}"},"query-input":{"@type":"PropertyValueSpecification","valueRequired":true,"valueName":"search_term_string"}}],"inLanguage":"de"}]}},"_links":{"self":[{"href":"https:\/\/bpk-archive.de\/tuellmann\/wp-json\/wp\/v2\/product\/70309766","targetHints":{"allow":["GET"]}}],"collection":[{"href":"https:\/\/bpk-archive.de\/tuellmann\/wp-json\/wp\/v2\/product"}],"about":[{"href":"https:\/\/bpk-archive.de\/tuellmann\/wp-json\/wp\/v2\/types\/product"}],"wp:featuredmedia":[{"embeddable":true,"href":"https:\/\/bpk-archive.de\/tuellmann\/wp-json\/wp\/v2\/media\/70301633"}],"wp:attachment":[{"href":"https:\/\/bpk-archive.de\/tuellmann\/wp-json\/wp\/v2\/media?parent=70309766"}],"wp:term":[{"taxonomy":"product_brand","embeddable":true,"href":"https:\/\/bpk-archive.de\/tuellmann\/wp-json\/wp\/v2\/product_brand?post=70309766"},{"taxonomy":"product_cat","embeddable":true,"href":"https:\/\/bpk-archive.de\/tuellmann\/wp-json\/wp\/v2\/product_cat?post=70309766"},{"taxonomy":"product_tag","embeddable":true,"href":"https:\/\/bpk-archive.de\/tuellmann\/wp-json\/wp\/v2\/product_tag?post=70309766"}],"curies":[{"name":"wp","href":"https:\/\/api.w.org\/{rel}","templated":true}]}}