{"id":70308366,"date":"2019-11-15T11:13:00","date_gmt":"2019-11-15T10:13:00","guid":{"rendered":"https:\/\/bpk-archive.de\/tuellmann\/\/atbild\/frankfurt-am-main-cafe-kranzler-fitnesscenter-mechanische-gymnastik\/"},"modified":"2019-11-15T11:13:08","modified_gmt":"2019-11-15T10:13:08","slug":"frankfurt-am-main-cafe-kranzler-fitnesscenter-mechanische-gymnastik","status":"publish","type":"product","link":"https:\/\/bpk-archive.de\/tuellmann\/produkt\/frankfurt-am-main-cafe-kranzler-fitnesscenter-mechanische-gymnastik\/","title":{"rendered":"Frankfurt am Main: Caf\u00e9 Kranzler, Fitnesscenter (mechanische Gymnastik)"},"content":{"rendered":"<p>Stra\u00dfenszenen, Caf\u00e9s, K\u00f6rperkultur<\/p>\n","protected":false},"excerpt":{"rendered":"<p>Stra\u00dfenszenen, Caf\u00e9s, K\u00f6rperkultur<\/p>\n","protected":false},"featured_media":70303000,"template":"","meta":[],"product_brand":[],"product_cat":[],"product_tag":[],"class_list":{"0":"post-70308366","1":"product","2":"type-product","3":"status-publish","4":"has-post-thumbnail","6":"pa_datierung-19828","7":"pa_fotograf-abisag-tuellmann","8":"pa_grunddaten_material_technik-foto-kontaktbogen","9":"pa_interne_nummer-63-10-157","10":"pa_inventarnummer-tue63-157","11":"pa_mediennummer-19930","12":"pa_objekttyp-kontaktbogen","14":"first","15":"instock","16":"product-type-simple"},"yoast_head":"<!-- This site is optimized with the Yoast SEO plugin v27.4 - https:\/\/yoast.com\/product\/yoast-seo-wordpress\/ -->\n<title>Frankfurt am Main: Caf\u00e9 Kranzler, Fitnesscenter (mechanische Gymnastik) - Abisag T\u00fcllmann<\/title>\n<meta name=\"robots\" content=\"index, follow, max-snippet:-1, max-image-preview:large, max-video-preview:-1\" \/>\n<link rel=\"canonical\" href=\"https:\/\/bpk-archive.de\/tuellmann\/produkt\/frankfurt-am-main-cafe-kranzler-fitnesscenter-mechanische-gymnastik\/\" \/>\n<meta property=\"og:locale\" content=\"de_DE\" \/>\n<meta property=\"og:type\" content=\"article\" \/>\n<meta property=\"og:title\" content=\"Frankfurt am Main: Caf\u00e9 Kranzler, Fitnesscenter (mechanische Gymnastik) - Abisag T\u00fcllmann\" \/>\n<meta property=\"og:description\" content=\"Stra\u00dfenszenen, Caf\u00e9s, K\u00f6rperkultur\" \/>\n<meta property=\"og:url\" content=\"https:\/\/bpk-archive.de\/tuellmann\/produkt\/frankfurt-am-main-cafe-kranzler-fitnesscenter-mechanische-gymnastik\/\" \/>\n<meta property=\"og:site_name\" content=\"Abisag T\u00fcllmann\" \/>\n<meta property=\"article:modified_time\" content=\"2019-11-15T10:13:08+00:00\" \/>\n<meta property=\"og:image\" content=\"https:\/\/bpk-archive.de\/tuellmann\/wp-content\/uploads\/2019\/10\/70381967-1015x1300.jpg\" \/>\n\t<meta property=\"og:image:width\" content=\"1015\" \/>\n\t<meta property=\"og:image:height\" content=\"1300\" \/>\n\t<meta property=\"og:image:type\" content=\"image\/jpeg\" \/>\n<meta name=\"twitter:card\" content=\"summary_large_image\" \/>\n<script type=\"application\/ld+json\" class=\"yoast-schema-graph\">{\"@context\":\"https:\\\/\\\/schema.org\",\"@graph\":[{\"@type\":\"WebPage\",\"@id\":\"https:\\\/\\\/bpk-archive.de\\\/tuellmann\\\/produkt\\\/frankfurt-am-main-cafe-kranzler-fitnesscenter-mechanische-gymnastik\\\/\",\"url\":\"https:\\\/\\\/bpk-archive.de\\\/tuellmann\\\/produkt\\\/frankfurt-am-main-cafe-kranzler-fitnesscenter-mechanische-gymnastik\\\/\",\"name\":\"Frankfurt am Main: Caf\u00e9 Kranzler, Fitnesscenter (mechanische Gymnastik) - Abisag T\u00fcllmann\",\"isPartOf\":{\"@id\":\"https:\\\/\\\/bpk-archive.de\\\/tuellmann\\\/#website\"},\"primaryImageOfPage\":{\"@id\":\"https:\\\/\\\/bpk-archive.de\\\/tuellmann\\\/produkt\\\/frankfurt-am-main-cafe-kranzler-fitnesscenter-mechanische-gymnastik\\\/#primaryimage\"},\"image\":{\"@id\":\"https:\\\/\\\/bpk-archive.de\\\/tuellmann\\\/produkt\\\/frankfurt-am-main-cafe-kranzler-fitnesscenter-mechanische-gymnastik\\\/#primaryimage\"},\"thumbnailUrl\":\"https:\\\/\\\/bpk-archive.de\\\/tuellmann\\\/wp-content\\\/uploads\\\/2019\\\/10\\\/70381967.jpg\",\"datePublished\":\"2019-11-15T10:13:00+00:00\",\"dateModified\":\"2019-11-15T10:13:08+00:00\",\"breadcrumb\":{\"@id\":\"https:\\\/\\\/bpk-archive.de\\\/tuellmann\\\/produkt\\\/frankfurt-am-main-cafe-kranzler-fitnesscenter-mechanische-gymnastik\\\/#breadcrumb\"},\"inLanguage\":\"de\",\"potentialAction\":[{\"@type\":\"ReadAction\",\"target\":[\"https:\\\/\\\/bpk-archive.de\\\/tuellmann\\\/produkt\\\/frankfurt-am-main-cafe-kranzler-fitnesscenter-mechanische-gymnastik\\\/\"]}]},{\"@type\":\"ImageObject\",\"inLanguage\":\"de\",\"@id\":\"https:\\\/\\\/bpk-archive.de\\\/tuellmann\\\/produkt\\\/frankfurt-am-main-cafe-kranzler-fitnesscenter-mechanische-gymnastik\\\/#primaryimage\",\"url\":\"https:\\\/\\\/bpk-archive.de\\\/tuellmann\\\/wp-content\\\/uploads\\\/2019\\\/10\\\/70381967.jpg\",\"contentUrl\":\"https:\\\/\\\/bpk-archive.de\\\/tuellmann\\\/wp-content\\\/uploads\\\/2019\\\/10\\\/70381967.jpg\",\"width\":3653,\"height\":4678},{\"@type\":\"BreadcrumbList\",\"@id\":\"https:\\\/\\\/bpk-archive.de\\\/tuellmann\\\/produkt\\\/frankfurt-am-main-cafe-kranzler-fitnesscenter-mechanische-gymnastik\\\/#breadcrumb\",\"itemListElement\":[{\"@type\":\"ListItem\",\"position\":1,\"name\":\"Startseite\",\"item\":\"https:\\\/\\\/bpk-archive.de\\\/tuellmann\\\/\"},{\"@type\":\"ListItem\",\"position\":2,\"name\":\"Shop\",\"item\":\"https:\\\/\\\/bpk-archive.de\\\/tuellmann\\\/shop\\\/\"},{\"@type\":\"ListItem\",\"position\":3,\"name\":\"Frankfurt am Main: Caf\u00e9 Kranzler, Fitnesscenter (mechanische Gymnastik)\"}]},{\"@type\":\"WebSite\",\"@id\":\"https:\\\/\\\/bpk-archive.de\\\/tuellmann\\\/#website\",\"url\":\"https:\\\/\\\/bpk-archive.de\\\/tuellmann\\\/\",\"name\":\"Abisag T\u00fcllmann\",\"description\":\"Eine weitere WordPress-Website\",\"potentialAction\":[{\"@type\":\"SearchAction\",\"target\":{\"@type\":\"EntryPoint\",\"urlTemplate\":\"https:\\\/\\\/bpk-archive.de\\\/tuellmann\\\/?s={search_term_string}\"},\"query-input\":{\"@type\":\"PropertyValueSpecification\",\"valueRequired\":true,\"valueName\":\"search_term_string\"}}],\"inLanguage\":\"de\"}]}<\/script>\n<!-- \/ Yoast SEO plugin. -->","yoast_head_json":{"title":"Frankfurt am Main: Caf\u00e9 Kranzler, Fitnesscenter (mechanische Gymnastik) - Abisag T\u00fcllmann","robots":{"index":"index","follow":"follow","max-snippet":"max-snippet:-1","max-image-preview":"max-image-preview:large","max-video-preview":"max-video-preview:-1"},"canonical":"https:\/\/bpk-archive.de\/tuellmann\/produkt\/frankfurt-am-main-cafe-kranzler-fitnesscenter-mechanische-gymnastik\/","og_locale":"de_DE","og_type":"article","og_title":"Frankfurt am Main: Caf\u00e9 Kranzler, Fitnesscenter (mechanische Gymnastik) - Abisag T\u00fcllmann","og_description":"Stra\u00dfenszenen, Caf\u00e9s, K\u00f6rperkultur","og_url":"https:\/\/bpk-archive.de\/tuellmann\/produkt\/frankfurt-am-main-cafe-kranzler-fitnesscenter-mechanische-gymnastik\/","og_site_name":"Abisag T\u00fcllmann","article_modified_time":"2019-11-15T10:13:08+00:00","og_image":[{"width":1015,"height":1300,"url":"https:\/\/bpk-archive.de\/tuellmann\/wp-content\/uploads\/2019\/10\/70381967-1015x1300.jpg","type":"image\/jpeg"}],"twitter_card":"summary_large_image","schema":{"@context":"https:\/\/schema.org","@graph":[{"@type":"WebPage","@id":"https:\/\/bpk-archive.de\/tuellmann\/produkt\/frankfurt-am-main-cafe-kranzler-fitnesscenter-mechanische-gymnastik\/","url":"https:\/\/bpk-archive.de\/tuellmann\/produkt\/frankfurt-am-main-cafe-kranzler-fitnesscenter-mechanische-gymnastik\/","name":"Frankfurt am Main: Caf\u00e9 Kranzler, Fitnesscenter (mechanische Gymnastik) - Abisag T\u00fcllmann","isPartOf":{"@id":"https:\/\/bpk-archive.de\/tuellmann\/#website"},"primaryImageOfPage":{"@id":"https:\/\/bpk-archive.de\/tuellmann\/produkt\/frankfurt-am-main-cafe-kranzler-fitnesscenter-mechanische-gymnastik\/#primaryimage"},"image":{"@id":"https:\/\/bpk-archive.de\/tuellmann\/produkt\/frankfurt-am-main-cafe-kranzler-fitnesscenter-mechanische-gymnastik\/#primaryimage"},"thumbnailUrl":"https:\/\/bpk-archive.de\/tuellmann\/wp-content\/uploads\/2019\/10\/70381967.jpg","datePublished":"2019-11-15T10:13:00+00:00","dateModified":"2019-11-15T10:13:08+00:00","breadcrumb":{"@id":"https:\/\/bpk-archive.de\/tuellmann\/produkt\/frankfurt-am-main-cafe-kranzler-fitnesscenter-mechanische-gymnastik\/#breadcrumb"},"inLanguage":"de","potentialAction":[{"@type":"ReadAction","target":["https:\/\/bpk-archive.de\/tuellmann\/produkt\/frankfurt-am-main-cafe-kranzler-fitnesscenter-mechanische-gymnastik\/"]}]},{"@type":"ImageObject","inLanguage":"de","@id":"https:\/\/bpk-archive.de\/tuellmann\/produkt\/frankfurt-am-main-cafe-kranzler-fitnesscenter-mechanische-gymnastik\/#primaryimage","url":"https:\/\/bpk-archive.de\/tuellmann\/wp-content\/uploads\/2019\/10\/70381967.jpg","contentUrl":"https:\/\/bpk-archive.de\/tuellmann\/wp-content\/uploads\/2019\/10\/70381967.jpg","width":3653,"height":4678},{"@type":"BreadcrumbList","@id":"https:\/\/bpk-archive.de\/tuellmann\/produkt\/frankfurt-am-main-cafe-kranzler-fitnesscenter-mechanische-gymnastik\/#breadcrumb","itemListElement":[{"@type":"ListItem","position":1,"name":"Startseite","item":"https:\/\/bpk-archive.de\/tuellmann\/"},{"@type":"ListItem","position":2,"name":"Shop","item":"https:\/\/bpk-archive.de\/tuellmann\/shop\/"},{"@type":"ListItem","position":3,"name":"Frankfurt am Main: Caf\u00e9 Kranzler, Fitnesscenter (mechanische Gymnastik)"}]},{"@type":"WebSite","@id":"https:\/\/bpk-archive.de\/tuellmann\/#website","url":"https:\/\/bpk-archive.de\/tuellmann\/","name":"Abisag T\u00fcllmann","description":"Eine weitere WordPress-Website","potentialAction":[{"@type":"SearchAction","target":{"@type":"EntryPoint","urlTemplate":"https:\/\/bpk-archive.de\/tuellmann\/?s={search_term_string}"},"query-input":{"@type":"PropertyValueSpecification","valueRequired":true,"valueName":"search_term_string"}}],"inLanguage":"de"}]}},"_links":{"self":[{"href":"https:\/\/bpk-archive.de\/tuellmann\/wp-json\/wp\/v2\/product\/70308366","targetHints":{"allow":["GET"]}}],"collection":[{"href":"https:\/\/bpk-archive.de\/tuellmann\/wp-json\/wp\/v2\/product"}],"about":[{"href":"https:\/\/bpk-archive.de\/tuellmann\/wp-json\/wp\/v2\/types\/product"}],"wp:featuredmedia":[{"embeddable":true,"href":"https:\/\/bpk-archive.de\/tuellmann\/wp-json\/wp\/v2\/media\/70303000"}],"wp:attachment":[{"href":"https:\/\/bpk-archive.de\/tuellmann\/wp-json\/wp\/v2\/media?parent=70308366"}],"wp:term":[{"taxonomy":"product_brand","embeddable":true,"href":"https:\/\/bpk-archive.de\/tuellmann\/wp-json\/wp\/v2\/product_brand?post=70308366"},{"taxonomy":"product_cat","embeddable":true,"href":"https:\/\/bpk-archive.de\/tuellmann\/wp-json\/wp\/v2\/product_cat?post=70308366"},{"taxonomy":"product_tag","embeddable":true,"href":"https:\/\/bpk-archive.de\/tuellmann\/wp-json\/wp\/v2\/product_tag?post=70308366"}],"curies":[{"name":"wp","href":"https:\/\/api.w.org\/{rel}","templated":true}]}}