{"id":70307876,"date":"2019-11-15T10:50:17","date_gmt":"2019-11-15T09:50:17","guid":{"rendered":"https:\/\/bpk-archive.de\/tuellmann\/\/atbild\/colin-lanceley-waermestube-troedelmarkt\/"},"modified":"2019-11-15T10:50:19","modified_gmt":"2019-11-15T09:50:19","slug":"colin-lanceley-waermestube-troedelmarkt","status":"publish","type":"product","link":"https:\/\/bpk-archive.de\/tuellmann\/produkt\/colin-lanceley-waermestube-troedelmarkt\/","title":{"rendered":"Colin Lanceley; W\u00e4rmestube; Tr\u00f6delmarkt"},"content":{"rendered":"<p>Portr\u00e4ts<\/p>\n","protected":false},"excerpt":{"rendered":"<p>Portr\u00e4ts<\/p>\n","protected":false},"featured_media":70303474,"template":"","meta":[],"product_brand":[],"product_cat":[],"product_tag":[],"class_list":{"0":"post-70307876","1":"product","2":"type-product","3":"status-publish","4":"has-post-thumbnail","6":"pa_datierung-18144","7":"pa_fotograf-abisag-tuellmann","8":"pa_grunddaten_material_technik-foto-kontaktbogen","9":"pa_interne_nummer-66-06-071","10":"pa_inventarnummer-tue66-071","11":"pa_mediennummer-18509","12":"pa_objekttyp-kontaktbogen","14":"first","15":"instock","16":"product-type-simple"},"yoast_head":"<!-- This site is optimized with the Yoast SEO plugin v27.3 - https:\/\/yoast.com\/product\/yoast-seo-wordpress\/ -->\n<title>Colin Lanceley; W\u00e4rmestube; Tr\u00f6delmarkt - Abisag T\u00fcllmann<\/title>\n<meta name=\"robots\" content=\"index, follow, max-snippet:-1, max-image-preview:large, max-video-preview:-1\" \/>\n<link rel=\"canonical\" href=\"https:\/\/bpk-archive.de\/tuellmann\/produkt\/colin-lanceley-waermestube-troedelmarkt\/\" \/>\n<meta property=\"og:locale\" content=\"de_DE\" \/>\n<meta property=\"og:type\" content=\"article\" \/>\n<meta property=\"og:title\" content=\"Colin Lanceley; W\u00e4rmestube; Tr\u00f6delmarkt - Abisag T\u00fcllmann\" \/>\n<meta property=\"og:description\" content=\"Portr\u00e4ts\" \/>\n<meta property=\"og:url\" content=\"https:\/\/bpk-archive.de\/tuellmann\/produkt\/colin-lanceley-waermestube-troedelmarkt\/\" \/>\n<meta property=\"og:site_name\" content=\"Abisag T\u00fcllmann\" \/>\n<meta property=\"article:modified_time\" content=\"2019-11-15T09:50:19+00:00\" \/>\n<meta property=\"og:image\" content=\"https:\/\/bpk-archive.de\/tuellmann\/wp-content\/uploads\/2019\/10\/70382439-1300x1066.jpg\" \/>\n\t<meta property=\"og:image:width\" content=\"1300\" \/>\n\t<meta property=\"og:image:height\" content=\"1066\" \/>\n\t<meta property=\"og:image:type\" content=\"image\/jpeg\" \/>\n<meta name=\"twitter:card\" content=\"summary_large_image\" \/>\n<script type=\"application\/ld+json\" class=\"yoast-schema-graph\">{\"@context\":\"https:\\\/\\\/schema.org\",\"@graph\":[{\"@type\":\"WebPage\",\"@id\":\"https:\\\/\\\/bpk-archive.de\\\/tuellmann\\\/produkt\\\/colin-lanceley-waermestube-troedelmarkt\\\/\",\"url\":\"https:\\\/\\\/bpk-archive.de\\\/tuellmann\\\/produkt\\\/colin-lanceley-waermestube-troedelmarkt\\\/\",\"name\":\"Colin Lanceley; W\u00e4rmestube; Tr\u00f6delmarkt - Abisag T\u00fcllmann\",\"isPartOf\":{\"@id\":\"https:\\\/\\\/bpk-archive.de\\\/tuellmann\\\/#website\"},\"primaryImageOfPage\":{\"@id\":\"https:\\\/\\\/bpk-archive.de\\\/tuellmann\\\/produkt\\\/colin-lanceley-waermestube-troedelmarkt\\\/#primaryimage\"},\"image\":{\"@id\":\"https:\\\/\\\/bpk-archive.de\\\/tuellmann\\\/produkt\\\/colin-lanceley-waermestube-troedelmarkt\\\/#primaryimage\"},\"thumbnailUrl\":\"https:\\\/\\\/bpk-archive.de\\\/tuellmann\\\/wp-content\\\/uploads\\\/2019\\\/10\\\/70382439.jpg\",\"datePublished\":\"2019-11-15T09:50:17+00:00\",\"dateModified\":\"2019-11-15T09:50:19+00:00\",\"breadcrumb\":{\"@id\":\"https:\\\/\\\/bpk-archive.de\\\/tuellmann\\\/produkt\\\/colin-lanceley-waermestube-troedelmarkt\\\/#breadcrumb\"},\"inLanguage\":\"de\",\"potentialAction\":[{\"@type\":\"ReadAction\",\"target\":[\"https:\\\/\\\/bpk-archive.de\\\/tuellmann\\\/produkt\\\/colin-lanceley-waermestube-troedelmarkt\\\/\"]}]},{\"@type\":\"ImageObject\",\"inLanguage\":\"de\",\"@id\":\"https:\\\/\\\/bpk-archive.de\\\/tuellmann\\\/produkt\\\/colin-lanceley-waermestube-troedelmarkt\\\/#primaryimage\",\"url\":\"https:\\\/\\\/bpk-archive.de\\\/tuellmann\\\/wp-content\\\/uploads\\\/2019\\\/10\\\/70382439.jpg\",\"contentUrl\":\"https:\\\/\\\/bpk-archive.de\\\/tuellmann\\\/wp-content\\\/uploads\\\/2019\\\/10\\\/70382439.jpg\",\"width\":4587,\"height\":3763},{\"@type\":\"BreadcrumbList\",\"@id\":\"https:\\\/\\\/bpk-archive.de\\\/tuellmann\\\/produkt\\\/colin-lanceley-waermestube-troedelmarkt\\\/#breadcrumb\",\"itemListElement\":[{\"@type\":\"ListItem\",\"position\":1,\"name\":\"Startseite\",\"item\":\"https:\\\/\\\/bpk-archive.de\\\/tuellmann\\\/\"},{\"@type\":\"ListItem\",\"position\":2,\"name\":\"Shop\",\"item\":\"https:\\\/\\\/bpk-archive.de\\\/tuellmann\\\/shop\\\/\"},{\"@type\":\"ListItem\",\"position\":3,\"name\":\"Colin Lanceley; W\u00e4rmestube; Tr\u00f6delmarkt\"}]},{\"@type\":\"WebSite\",\"@id\":\"https:\\\/\\\/bpk-archive.de\\\/tuellmann\\\/#website\",\"url\":\"https:\\\/\\\/bpk-archive.de\\\/tuellmann\\\/\",\"name\":\"Abisag T\u00fcllmann\",\"description\":\"Eine weitere WordPress-Website\",\"potentialAction\":[{\"@type\":\"SearchAction\",\"target\":{\"@type\":\"EntryPoint\",\"urlTemplate\":\"https:\\\/\\\/bpk-archive.de\\\/tuellmann\\\/?s={search_term_string}\"},\"query-input\":{\"@type\":\"PropertyValueSpecification\",\"valueRequired\":true,\"valueName\":\"search_term_string\"}}],\"inLanguage\":\"de\"}]}<\/script>\n<!-- \/ Yoast SEO plugin. -->","yoast_head_json":{"title":"Colin Lanceley; W\u00e4rmestube; Tr\u00f6delmarkt - Abisag T\u00fcllmann","robots":{"index":"index","follow":"follow","max-snippet":"max-snippet:-1","max-image-preview":"max-image-preview:large","max-video-preview":"max-video-preview:-1"},"canonical":"https:\/\/bpk-archive.de\/tuellmann\/produkt\/colin-lanceley-waermestube-troedelmarkt\/","og_locale":"de_DE","og_type":"article","og_title":"Colin Lanceley; W\u00e4rmestube; Tr\u00f6delmarkt - Abisag T\u00fcllmann","og_description":"Portr\u00e4ts","og_url":"https:\/\/bpk-archive.de\/tuellmann\/produkt\/colin-lanceley-waermestube-troedelmarkt\/","og_site_name":"Abisag T\u00fcllmann","article_modified_time":"2019-11-15T09:50:19+00:00","og_image":[{"width":1300,"height":1066,"url":"https:\/\/bpk-archive.de\/tuellmann\/wp-content\/uploads\/2019\/10\/70382439-1300x1066.jpg","type":"image\/jpeg"}],"twitter_card":"summary_large_image","schema":{"@context":"https:\/\/schema.org","@graph":[{"@type":"WebPage","@id":"https:\/\/bpk-archive.de\/tuellmann\/produkt\/colin-lanceley-waermestube-troedelmarkt\/","url":"https:\/\/bpk-archive.de\/tuellmann\/produkt\/colin-lanceley-waermestube-troedelmarkt\/","name":"Colin Lanceley; W\u00e4rmestube; Tr\u00f6delmarkt - Abisag T\u00fcllmann","isPartOf":{"@id":"https:\/\/bpk-archive.de\/tuellmann\/#website"},"primaryImageOfPage":{"@id":"https:\/\/bpk-archive.de\/tuellmann\/produkt\/colin-lanceley-waermestube-troedelmarkt\/#primaryimage"},"image":{"@id":"https:\/\/bpk-archive.de\/tuellmann\/produkt\/colin-lanceley-waermestube-troedelmarkt\/#primaryimage"},"thumbnailUrl":"https:\/\/bpk-archive.de\/tuellmann\/wp-content\/uploads\/2019\/10\/70382439.jpg","datePublished":"2019-11-15T09:50:17+00:00","dateModified":"2019-11-15T09:50:19+00:00","breadcrumb":{"@id":"https:\/\/bpk-archive.de\/tuellmann\/produkt\/colin-lanceley-waermestube-troedelmarkt\/#breadcrumb"},"inLanguage":"de","potentialAction":[{"@type":"ReadAction","target":["https:\/\/bpk-archive.de\/tuellmann\/produkt\/colin-lanceley-waermestube-troedelmarkt\/"]}]},{"@type":"ImageObject","inLanguage":"de","@id":"https:\/\/bpk-archive.de\/tuellmann\/produkt\/colin-lanceley-waermestube-troedelmarkt\/#primaryimage","url":"https:\/\/bpk-archive.de\/tuellmann\/wp-content\/uploads\/2019\/10\/70382439.jpg","contentUrl":"https:\/\/bpk-archive.de\/tuellmann\/wp-content\/uploads\/2019\/10\/70382439.jpg","width":4587,"height":3763},{"@type":"BreadcrumbList","@id":"https:\/\/bpk-archive.de\/tuellmann\/produkt\/colin-lanceley-waermestube-troedelmarkt\/#breadcrumb","itemListElement":[{"@type":"ListItem","position":1,"name":"Startseite","item":"https:\/\/bpk-archive.de\/tuellmann\/"},{"@type":"ListItem","position":2,"name":"Shop","item":"https:\/\/bpk-archive.de\/tuellmann\/shop\/"},{"@type":"ListItem","position":3,"name":"Colin Lanceley; W\u00e4rmestube; Tr\u00f6delmarkt"}]},{"@type":"WebSite","@id":"https:\/\/bpk-archive.de\/tuellmann\/#website","url":"https:\/\/bpk-archive.de\/tuellmann\/","name":"Abisag T\u00fcllmann","description":"Eine weitere WordPress-Website","potentialAction":[{"@type":"SearchAction","target":{"@type":"EntryPoint","urlTemplate":"https:\/\/bpk-archive.de\/tuellmann\/?s={search_term_string}"},"query-input":{"@type":"PropertyValueSpecification","valueRequired":true,"valueName":"search_term_string"}}],"inLanguage":"de"}]}},"_links":{"self":[{"href":"https:\/\/bpk-archive.de\/tuellmann\/wp-json\/wp\/v2\/product\/70307876","targetHints":{"allow":["GET"]}}],"collection":[{"href":"https:\/\/bpk-archive.de\/tuellmann\/wp-json\/wp\/v2\/product"}],"about":[{"href":"https:\/\/bpk-archive.de\/tuellmann\/wp-json\/wp\/v2\/types\/product"}],"wp:featuredmedia":[{"embeddable":true,"href":"https:\/\/bpk-archive.de\/tuellmann\/wp-json\/wp\/v2\/media\/70303474"}],"wp:attachment":[{"href":"https:\/\/bpk-archive.de\/tuellmann\/wp-json\/wp\/v2\/media?parent=70307876"}],"wp:term":[{"taxonomy":"product_brand","embeddable":true,"href":"https:\/\/bpk-archive.de\/tuellmann\/wp-json\/wp\/v2\/product_brand?post=70307876"},{"taxonomy":"product_cat","embeddable":true,"href":"https:\/\/bpk-archive.de\/tuellmann\/wp-json\/wp\/v2\/product_cat?post=70307876"},{"taxonomy":"product_tag","embeddable":true,"href":"https:\/\/bpk-archive.de\/tuellmann\/wp-json\/wp\/v2\/product_tag?post=70307876"}],"curies":[{"name":"wp","href":"https:\/\/api.w.org\/{rel}","templated":true}]}}