{"id":70307719,"date":"2019-11-15T10:48:39","date_gmt":"2019-11-15T09:48:39","guid":{"rendered":"https:\/\/bpk-archive.de\/tuellmann\/\/atbild\/im-px-nach-kambodscha-demo-npd-veranstaltung-am-vorabend-des-treffens-stoph-brandt-von-thadden\/"},"modified":"2019-11-15T10:48:43","modified_gmt":"2019-11-15T09:48:43","slug":"im-px-nach-kambodscha-demo-npd-veranstaltung-am-vorabend-des-treffens-stoph-brandt-von-thadden","status":"publish","type":"product","link":"https:\/\/bpk-archive.de\/tuellmann\/produkt\/im-px-nach-kambodscha-demo-npd-veranstaltung-am-vorabend-des-treffens-stoph-brandt-von-thadden\/","title":{"rendered":"im PX ( nach Kambodscha Demo); NPD-Veranstaltung am Vorabend des Treffens: Stoph, Brandt, von Thadden"},"content":{"rendered":"<p>B\u00fcrgerinitiativen und Protestbewegungen, Portr\u00e4ts, Parteien<\/p>\n","protected":false},"excerpt":{"rendered":"<p>B\u00fcrgerinitiativen und Protestbewegungen, Portr\u00e4ts, Parteien<\/p>\n","protected":false},"featured_media":70304701,"template":"","meta":[],"product_brand":[],"product_cat":[],"product_tag":[],"class_list":{"0":"post-70307719","1":"product","2":"type-product","3":"status-publish","4":"has-post-thumbnail","6":"pa_datierung-13381","7":"pa_fotograf-abisag-tuellmann","8":"pa_grunddaten_material_technik-foto-kontaktbogen","9":"pa_interne_nummer-70-05-156","10":"pa_inventarnummer-tue70-156","11":"pa_mediennummer-18035","12":"pa_objekttyp-kontaktbogen","14":"first","15":"instock","16":"product-type-simple"},"yoast_head":"<!-- This site is optimized with the Yoast SEO plugin v27.3 - https:\/\/yoast.com\/product\/yoast-seo-wordpress\/ -->\n<title>im PX ( nach Kambodscha Demo); NPD-Veranstaltung am Vorabend des Treffens: Stoph, Brandt, von Thadden - Abisag T\u00fcllmann<\/title>\n<meta name=\"robots\" content=\"index, follow, max-snippet:-1, max-image-preview:large, max-video-preview:-1\" \/>\n<link rel=\"canonical\" href=\"https:\/\/bpk-archive.de\/tuellmann\/produkt\/im-px-nach-kambodscha-demo-npd-veranstaltung-am-vorabend-des-treffens-stoph-brandt-von-thadden\/\" \/>\n<meta property=\"og:locale\" content=\"de_DE\" \/>\n<meta property=\"og:type\" content=\"article\" \/>\n<meta property=\"og:title\" content=\"im PX ( nach Kambodscha Demo); NPD-Veranstaltung am Vorabend des Treffens: Stoph, Brandt, von Thadden - Abisag T\u00fcllmann\" \/>\n<meta property=\"og:description\" content=\"B\u00fcrgerinitiativen und Protestbewegungen, Portr\u00e4ts, Parteien\" \/>\n<meta property=\"og:url\" content=\"https:\/\/bpk-archive.de\/tuellmann\/produkt\/im-px-nach-kambodscha-demo-npd-veranstaltung-am-vorabend-des-treffens-stoph-brandt-von-thadden\/\" \/>\n<meta property=\"og:site_name\" content=\"Abisag T\u00fcllmann\" \/>\n<meta property=\"article:modified_time\" content=\"2019-11-15T09:48:43+00:00\" \/>\n<meta property=\"og:image\" content=\"https:\/\/bpk-archive.de\/tuellmann\/wp-content\/uploads\/2019\/10\/70383664-1053x1300.jpg\" \/>\n\t<meta property=\"og:image:width\" content=\"1053\" \/>\n\t<meta property=\"og:image:height\" content=\"1300\" \/>\n\t<meta property=\"og:image:type\" content=\"image\/jpeg\" \/>\n<meta name=\"twitter:card\" content=\"summary_large_image\" \/>\n<script type=\"application\/ld+json\" class=\"yoast-schema-graph\">{\"@context\":\"https:\\\/\\\/schema.org\",\"@graph\":[{\"@type\":\"WebPage\",\"@id\":\"https:\\\/\\\/bpk-archive.de\\\/tuellmann\\\/produkt\\\/im-px-nach-kambodscha-demo-npd-veranstaltung-am-vorabend-des-treffens-stoph-brandt-von-thadden\\\/\",\"url\":\"https:\\\/\\\/bpk-archive.de\\\/tuellmann\\\/produkt\\\/im-px-nach-kambodscha-demo-npd-veranstaltung-am-vorabend-des-treffens-stoph-brandt-von-thadden\\\/\",\"name\":\"im PX ( nach Kambodscha Demo); NPD-Veranstaltung am Vorabend des Treffens: Stoph, Brandt, von Thadden - Abisag T\u00fcllmann\",\"isPartOf\":{\"@id\":\"https:\\\/\\\/bpk-archive.de\\\/tuellmann\\\/#website\"},\"primaryImageOfPage\":{\"@id\":\"https:\\\/\\\/bpk-archive.de\\\/tuellmann\\\/produkt\\\/im-px-nach-kambodscha-demo-npd-veranstaltung-am-vorabend-des-treffens-stoph-brandt-von-thadden\\\/#primaryimage\"},\"image\":{\"@id\":\"https:\\\/\\\/bpk-archive.de\\\/tuellmann\\\/produkt\\\/im-px-nach-kambodscha-demo-npd-veranstaltung-am-vorabend-des-treffens-stoph-brandt-von-thadden\\\/#primaryimage\"},\"thumbnailUrl\":\"https:\\\/\\\/bpk-archive.de\\\/tuellmann\\\/wp-content\\\/uploads\\\/2019\\\/10\\\/70383664.jpg\",\"datePublished\":\"2019-11-15T09:48:39+00:00\",\"dateModified\":\"2019-11-15T09:48:43+00:00\",\"breadcrumb\":{\"@id\":\"https:\\\/\\\/bpk-archive.de\\\/tuellmann\\\/produkt\\\/im-px-nach-kambodscha-demo-npd-veranstaltung-am-vorabend-des-treffens-stoph-brandt-von-thadden\\\/#breadcrumb\"},\"inLanguage\":\"de\",\"potentialAction\":[{\"@type\":\"ReadAction\",\"target\":[\"https:\\\/\\\/bpk-archive.de\\\/tuellmann\\\/produkt\\\/im-px-nach-kambodscha-demo-npd-veranstaltung-am-vorabend-des-treffens-stoph-brandt-von-thadden\\\/\"]}]},{\"@type\":\"ImageObject\",\"inLanguage\":\"de\",\"@id\":\"https:\\\/\\\/bpk-archive.de\\\/tuellmann\\\/produkt\\\/im-px-nach-kambodscha-demo-npd-veranstaltung-am-vorabend-des-treffens-stoph-brandt-von-thadden\\\/#primaryimage\",\"url\":\"https:\\\/\\\/bpk-archive.de\\\/tuellmann\\\/wp-content\\\/uploads\\\/2019\\\/10\\\/70383664.jpg\",\"contentUrl\":\"https:\\\/\\\/bpk-archive.de\\\/tuellmann\\\/wp-content\\\/uploads\\\/2019\\\/10\\\/70383664.jpg\",\"width\":3684,\"height\":4548},{\"@type\":\"BreadcrumbList\",\"@id\":\"https:\\\/\\\/bpk-archive.de\\\/tuellmann\\\/produkt\\\/im-px-nach-kambodscha-demo-npd-veranstaltung-am-vorabend-des-treffens-stoph-brandt-von-thadden\\\/#breadcrumb\",\"itemListElement\":[{\"@type\":\"ListItem\",\"position\":1,\"name\":\"Startseite\",\"item\":\"https:\\\/\\\/bpk-archive.de\\\/tuellmann\\\/\"},{\"@type\":\"ListItem\",\"position\":2,\"name\":\"Shop\",\"item\":\"https:\\\/\\\/bpk-archive.de\\\/tuellmann\\\/shop\\\/\"},{\"@type\":\"ListItem\",\"position\":3,\"name\":\"im PX ( nach Kambodscha Demo); NPD-Veranstaltung am Vorabend des Treffens: Stoph, Brandt, von Thadden\"}]},{\"@type\":\"WebSite\",\"@id\":\"https:\\\/\\\/bpk-archive.de\\\/tuellmann\\\/#website\",\"url\":\"https:\\\/\\\/bpk-archive.de\\\/tuellmann\\\/\",\"name\":\"Abisag T\u00fcllmann\",\"description\":\"Eine weitere WordPress-Website\",\"potentialAction\":[{\"@type\":\"SearchAction\",\"target\":{\"@type\":\"EntryPoint\",\"urlTemplate\":\"https:\\\/\\\/bpk-archive.de\\\/tuellmann\\\/?s={search_term_string}\"},\"query-input\":{\"@type\":\"PropertyValueSpecification\",\"valueRequired\":true,\"valueName\":\"search_term_string\"}}],\"inLanguage\":\"de\"}]}<\/script>\n<!-- \/ Yoast SEO plugin. -->","yoast_head_json":{"title":"im PX ( nach Kambodscha Demo); NPD-Veranstaltung am Vorabend des Treffens: Stoph, Brandt, von Thadden - Abisag T\u00fcllmann","robots":{"index":"index","follow":"follow","max-snippet":"max-snippet:-1","max-image-preview":"max-image-preview:large","max-video-preview":"max-video-preview:-1"},"canonical":"https:\/\/bpk-archive.de\/tuellmann\/produkt\/im-px-nach-kambodscha-demo-npd-veranstaltung-am-vorabend-des-treffens-stoph-brandt-von-thadden\/","og_locale":"de_DE","og_type":"article","og_title":"im PX ( nach Kambodscha Demo); NPD-Veranstaltung am Vorabend des Treffens: Stoph, Brandt, von Thadden - Abisag T\u00fcllmann","og_description":"B\u00fcrgerinitiativen und Protestbewegungen, Portr\u00e4ts, Parteien","og_url":"https:\/\/bpk-archive.de\/tuellmann\/produkt\/im-px-nach-kambodscha-demo-npd-veranstaltung-am-vorabend-des-treffens-stoph-brandt-von-thadden\/","og_site_name":"Abisag T\u00fcllmann","article_modified_time":"2019-11-15T09:48:43+00:00","og_image":[{"width":1053,"height":1300,"url":"https:\/\/bpk-archive.de\/tuellmann\/wp-content\/uploads\/2019\/10\/70383664-1053x1300.jpg","type":"image\/jpeg"}],"twitter_card":"summary_large_image","schema":{"@context":"https:\/\/schema.org","@graph":[{"@type":"WebPage","@id":"https:\/\/bpk-archive.de\/tuellmann\/produkt\/im-px-nach-kambodscha-demo-npd-veranstaltung-am-vorabend-des-treffens-stoph-brandt-von-thadden\/","url":"https:\/\/bpk-archive.de\/tuellmann\/produkt\/im-px-nach-kambodscha-demo-npd-veranstaltung-am-vorabend-des-treffens-stoph-brandt-von-thadden\/","name":"im PX ( nach Kambodscha Demo); NPD-Veranstaltung am Vorabend des Treffens: Stoph, Brandt, von Thadden - Abisag T\u00fcllmann","isPartOf":{"@id":"https:\/\/bpk-archive.de\/tuellmann\/#website"},"primaryImageOfPage":{"@id":"https:\/\/bpk-archive.de\/tuellmann\/produkt\/im-px-nach-kambodscha-demo-npd-veranstaltung-am-vorabend-des-treffens-stoph-brandt-von-thadden\/#primaryimage"},"image":{"@id":"https:\/\/bpk-archive.de\/tuellmann\/produkt\/im-px-nach-kambodscha-demo-npd-veranstaltung-am-vorabend-des-treffens-stoph-brandt-von-thadden\/#primaryimage"},"thumbnailUrl":"https:\/\/bpk-archive.de\/tuellmann\/wp-content\/uploads\/2019\/10\/70383664.jpg","datePublished":"2019-11-15T09:48:39+00:00","dateModified":"2019-11-15T09:48:43+00:00","breadcrumb":{"@id":"https:\/\/bpk-archive.de\/tuellmann\/produkt\/im-px-nach-kambodscha-demo-npd-veranstaltung-am-vorabend-des-treffens-stoph-brandt-von-thadden\/#breadcrumb"},"inLanguage":"de","potentialAction":[{"@type":"ReadAction","target":["https:\/\/bpk-archive.de\/tuellmann\/produkt\/im-px-nach-kambodscha-demo-npd-veranstaltung-am-vorabend-des-treffens-stoph-brandt-von-thadden\/"]}]},{"@type":"ImageObject","inLanguage":"de","@id":"https:\/\/bpk-archive.de\/tuellmann\/produkt\/im-px-nach-kambodscha-demo-npd-veranstaltung-am-vorabend-des-treffens-stoph-brandt-von-thadden\/#primaryimage","url":"https:\/\/bpk-archive.de\/tuellmann\/wp-content\/uploads\/2019\/10\/70383664.jpg","contentUrl":"https:\/\/bpk-archive.de\/tuellmann\/wp-content\/uploads\/2019\/10\/70383664.jpg","width":3684,"height":4548},{"@type":"BreadcrumbList","@id":"https:\/\/bpk-archive.de\/tuellmann\/produkt\/im-px-nach-kambodscha-demo-npd-veranstaltung-am-vorabend-des-treffens-stoph-brandt-von-thadden\/#breadcrumb","itemListElement":[{"@type":"ListItem","position":1,"name":"Startseite","item":"https:\/\/bpk-archive.de\/tuellmann\/"},{"@type":"ListItem","position":2,"name":"Shop","item":"https:\/\/bpk-archive.de\/tuellmann\/shop\/"},{"@type":"ListItem","position":3,"name":"im PX ( nach Kambodscha Demo); NPD-Veranstaltung am Vorabend des Treffens: Stoph, Brandt, von Thadden"}]},{"@type":"WebSite","@id":"https:\/\/bpk-archive.de\/tuellmann\/#website","url":"https:\/\/bpk-archive.de\/tuellmann\/","name":"Abisag T\u00fcllmann","description":"Eine weitere WordPress-Website","potentialAction":[{"@type":"SearchAction","target":{"@type":"EntryPoint","urlTemplate":"https:\/\/bpk-archive.de\/tuellmann\/?s={search_term_string}"},"query-input":{"@type":"PropertyValueSpecification","valueRequired":true,"valueName":"search_term_string"}}],"inLanguage":"de"}]}},"_links":{"self":[{"href":"https:\/\/bpk-archive.de\/tuellmann\/wp-json\/wp\/v2\/product\/70307719","targetHints":{"allow":["GET"]}}],"collection":[{"href":"https:\/\/bpk-archive.de\/tuellmann\/wp-json\/wp\/v2\/product"}],"about":[{"href":"https:\/\/bpk-archive.de\/tuellmann\/wp-json\/wp\/v2\/types\/product"}],"wp:featuredmedia":[{"embeddable":true,"href":"https:\/\/bpk-archive.de\/tuellmann\/wp-json\/wp\/v2\/media\/70304701"}],"wp:attachment":[{"href":"https:\/\/bpk-archive.de\/tuellmann\/wp-json\/wp\/v2\/media?parent=70307719"}],"wp:term":[{"taxonomy":"product_brand","embeddable":true,"href":"https:\/\/bpk-archive.de\/tuellmann\/wp-json\/wp\/v2\/product_brand?post=70307719"},{"taxonomy":"product_cat","embeddable":true,"href":"https:\/\/bpk-archive.de\/tuellmann\/wp-json\/wp\/v2\/product_cat?post=70307719"},{"taxonomy":"product_tag","embeddable":true,"href":"https:\/\/bpk-archive.de\/tuellmann\/wp-json\/wp\/v2\/product_tag?post=70307719"}],"curies":[{"name":"wp","href":"https:\/\/api.w.org\/{rel}","templated":true}]}}