{"id":70306906,"date":"2019-11-11T15:55:24","date_gmt":"2019-11-11T14:55:24","guid":{"rendered":"https:\/\/bpk-archive.de\/tuellmann\/\/atbild\/bockenheim-fotos-fuer-artikel-herbert-huebner-und-walter-seibel-2\/"},"modified":"2019-11-11T15:55:25","modified_gmt":"2019-11-11T14:55:25","slug":"bockenheim-fotos-fuer-artikel-herbert-huebner-und-walter-seibel-2","status":"publish","type":"product","link":"https:\/\/bpk-archive.de\/tuellmann\/produkt\/bockenheim-fotos-fuer-artikel-herbert-huebner-und-walter-seibel-2\/","title":{"rendered":"Bockenheim (Fotos f\u00fcr Artikel Herbert H\u00fcbner und Walter Seibel)"},"content":{"rendered":"","protected":false},"excerpt":{"rendered":"","protected":false},"featured_media":0,"template":"","meta":[],"product_brand":[],"product_cat":[],"product_tag":[],"class_list":{"0":"post-70306906","1":"product","2":"type-product","3":"status-publish","5":"pa_datierung-may-73","6":"pa_fotograf-abisag-tuellmann","7":"pa_geografischer_bezug-bockenheim","8":"pa_grunddaten_material_technik-foto-kontaktbogen","9":"pa_inventarnummer-tue73-031","10":"pa_mediennummer-16359","11":"pa_objekttyp-kontaktbogen","13":"first","14":"instock","15":"product-type-simple"},"yoast_head":"<!-- This site is optimized with the Yoast SEO plugin v27.4 - https:\/\/yoast.com\/product\/yoast-seo-wordpress\/ -->\n<title>Bockenheim (Fotos f\u00fcr Artikel Herbert H\u00fcbner und Walter Seibel) - Abisag T\u00fcllmann<\/title>\n<meta name=\"robots\" content=\"index, follow, max-snippet:-1, max-image-preview:large, max-video-preview:-1\" \/>\n<link rel=\"canonical\" href=\"https:\/\/bpk-archive.de\/tuellmann\/produkt\/bockenheim-fotos-fuer-artikel-herbert-huebner-und-walter-seibel-2\/\" \/>\n<meta property=\"og:locale\" content=\"de_DE\" \/>\n<meta property=\"og:type\" content=\"article\" \/>\n<meta property=\"og:title\" content=\"Bockenheim (Fotos f\u00fcr Artikel Herbert H\u00fcbner und Walter Seibel) - Abisag T\u00fcllmann\" \/>\n<meta property=\"og:url\" content=\"https:\/\/bpk-archive.de\/tuellmann\/produkt\/bockenheim-fotos-fuer-artikel-herbert-huebner-und-walter-seibel-2\/\" \/>\n<meta property=\"og:site_name\" content=\"Abisag T\u00fcllmann\" \/>\n<meta property=\"article:modified_time\" content=\"2019-11-11T14:55:25+00:00\" \/>\n<meta name=\"twitter:card\" content=\"summary_large_image\" \/>\n<script type=\"application\/ld+json\" class=\"yoast-schema-graph\">{\"@context\":\"https:\\\/\\\/schema.org\",\"@graph\":[{\"@type\":\"WebPage\",\"@id\":\"https:\\\/\\\/bpk-archive.de\\\/tuellmann\\\/produkt\\\/bockenheim-fotos-fuer-artikel-herbert-huebner-und-walter-seibel-2\\\/\",\"url\":\"https:\\\/\\\/bpk-archive.de\\\/tuellmann\\\/produkt\\\/bockenheim-fotos-fuer-artikel-herbert-huebner-und-walter-seibel-2\\\/\",\"name\":\"Bockenheim (Fotos f\u00fcr Artikel Herbert H\u00fcbner und Walter Seibel) - Abisag T\u00fcllmann\",\"isPartOf\":{\"@id\":\"https:\\\/\\\/bpk-archive.de\\\/tuellmann\\\/#website\"},\"datePublished\":\"2019-11-11T14:55:24+00:00\",\"dateModified\":\"2019-11-11T14:55:25+00:00\",\"breadcrumb\":{\"@id\":\"https:\\\/\\\/bpk-archive.de\\\/tuellmann\\\/produkt\\\/bockenheim-fotos-fuer-artikel-herbert-huebner-und-walter-seibel-2\\\/#breadcrumb\"},\"inLanguage\":\"de\",\"potentialAction\":[{\"@type\":\"ReadAction\",\"target\":[\"https:\\\/\\\/bpk-archive.de\\\/tuellmann\\\/produkt\\\/bockenheim-fotos-fuer-artikel-herbert-huebner-und-walter-seibel-2\\\/\"]}]},{\"@type\":\"BreadcrumbList\",\"@id\":\"https:\\\/\\\/bpk-archive.de\\\/tuellmann\\\/produkt\\\/bockenheim-fotos-fuer-artikel-herbert-huebner-und-walter-seibel-2\\\/#breadcrumb\",\"itemListElement\":[{\"@type\":\"ListItem\",\"position\":1,\"name\":\"Startseite\",\"item\":\"https:\\\/\\\/bpk-archive.de\\\/tuellmann\\\/\"},{\"@type\":\"ListItem\",\"position\":2,\"name\":\"Shop\",\"item\":\"https:\\\/\\\/bpk-archive.de\\\/tuellmann\\\/shop\\\/\"},{\"@type\":\"ListItem\",\"position\":3,\"name\":\"Bockenheim (Fotos f\u00fcr Artikel Herbert H\u00fcbner und Walter Seibel)\"}]},{\"@type\":\"WebSite\",\"@id\":\"https:\\\/\\\/bpk-archive.de\\\/tuellmann\\\/#website\",\"url\":\"https:\\\/\\\/bpk-archive.de\\\/tuellmann\\\/\",\"name\":\"Abisag T\u00fcllmann\",\"description\":\"Eine weitere WordPress-Website\",\"potentialAction\":[{\"@type\":\"SearchAction\",\"target\":{\"@type\":\"EntryPoint\",\"urlTemplate\":\"https:\\\/\\\/bpk-archive.de\\\/tuellmann\\\/?s={search_term_string}\"},\"query-input\":{\"@type\":\"PropertyValueSpecification\",\"valueRequired\":true,\"valueName\":\"search_term_string\"}}],\"inLanguage\":\"de\"}]}<\/script>\n<!-- \/ Yoast SEO plugin. -->","yoast_head_json":{"title":"Bockenheim (Fotos f\u00fcr Artikel Herbert H\u00fcbner und Walter Seibel) - Abisag T\u00fcllmann","robots":{"index":"index","follow":"follow","max-snippet":"max-snippet:-1","max-image-preview":"max-image-preview:large","max-video-preview":"max-video-preview:-1"},"canonical":"https:\/\/bpk-archive.de\/tuellmann\/produkt\/bockenheim-fotos-fuer-artikel-herbert-huebner-und-walter-seibel-2\/","og_locale":"de_DE","og_type":"article","og_title":"Bockenheim (Fotos f\u00fcr Artikel Herbert H\u00fcbner und Walter Seibel) - Abisag T\u00fcllmann","og_url":"https:\/\/bpk-archive.de\/tuellmann\/produkt\/bockenheim-fotos-fuer-artikel-herbert-huebner-und-walter-seibel-2\/","og_site_name":"Abisag T\u00fcllmann","article_modified_time":"2019-11-11T14:55:25+00:00","twitter_card":"summary_large_image","schema":{"@context":"https:\/\/schema.org","@graph":[{"@type":"WebPage","@id":"https:\/\/bpk-archive.de\/tuellmann\/produkt\/bockenheim-fotos-fuer-artikel-herbert-huebner-und-walter-seibel-2\/","url":"https:\/\/bpk-archive.de\/tuellmann\/produkt\/bockenheim-fotos-fuer-artikel-herbert-huebner-und-walter-seibel-2\/","name":"Bockenheim (Fotos f\u00fcr Artikel Herbert H\u00fcbner und Walter Seibel) - Abisag T\u00fcllmann","isPartOf":{"@id":"https:\/\/bpk-archive.de\/tuellmann\/#website"},"datePublished":"2019-11-11T14:55:24+00:00","dateModified":"2019-11-11T14:55:25+00:00","breadcrumb":{"@id":"https:\/\/bpk-archive.de\/tuellmann\/produkt\/bockenheim-fotos-fuer-artikel-herbert-huebner-und-walter-seibel-2\/#breadcrumb"},"inLanguage":"de","potentialAction":[{"@type":"ReadAction","target":["https:\/\/bpk-archive.de\/tuellmann\/produkt\/bockenheim-fotos-fuer-artikel-herbert-huebner-und-walter-seibel-2\/"]}]},{"@type":"BreadcrumbList","@id":"https:\/\/bpk-archive.de\/tuellmann\/produkt\/bockenheim-fotos-fuer-artikel-herbert-huebner-und-walter-seibel-2\/#breadcrumb","itemListElement":[{"@type":"ListItem","position":1,"name":"Startseite","item":"https:\/\/bpk-archive.de\/tuellmann\/"},{"@type":"ListItem","position":2,"name":"Shop","item":"https:\/\/bpk-archive.de\/tuellmann\/shop\/"},{"@type":"ListItem","position":3,"name":"Bockenheim (Fotos f\u00fcr Artikel Herbert H\u00fcbner und Walter Seibel)"}]},{"@type":"WebSite","@id":"https:\/\/bpk-archive.de\/tuellmann\/#website","url":"https:\/\/bpk-archive.de\/tuellmann\/","name":"Abisag T\u00fcllmann","description":"Eine weitere WordPress-Website","potentialAction":[{"@type":"SearchAction","target":{"@type":"EntryPoint","urlTemplate":"https:\/\/bpk-archive.de\/tuellmann\/?s={search_term_string}"},"query-input":{"@type":"PropertyValueSpecification","valueRequired":true,"valueName":"search_term_string"}}],"inLanguage":"de"}]}},"_links":{"self":[{"href":"https:\/\/bpk-archive.de\/tuellmann\/wp-json\/wp\/v2\/product\/70306906","targetHints":{"allow":["GET"]}}],"collection":[{"href":"https:\/\/bpk-archive.de\/tuellmann\/wp-json\/wp\/v2\/product"}],"about":[{"href":"https:\/\/bpk-archive.de\/tuellmann\/wp-json\/wp\/v2\/types\/product"}],"wp:attachment":[{"href":"https:\/\/bpk-archive.de\/tuellmann\/wp-json\/wp\/v2\/media?parent=70306906"}],"wp:term":[{"taxonomy":"product_brand","embeddable":true,"href":"https:\/\/bpk-archive.de\/tuellmann\/wp-json\/wp\/v2\/product_brand?post=70306906"},{"taxonomy":"product_cat","embeddable":true,"href":"https:\/\/bpk-archive.de\/tuellmann\/wp-json\/wp\/v2\/product_cat?post=70306906"},{"taxonomy":"product_tag","embeddable":true,"href":"https:\/\/bpk-archive.de\/tuellmann\/wp-json\/wp\/v2\/product_tag?post=70306906"}],"curies":[{"name":"wp","href":"https:\/\/api.w.org\/{rel}","templated":true}]}}