{"id":70297504,"date":"2019-09-05T16:27:10","date_gmt":"2019-09-05T14:27:10","guid":{"rendered":"http:\/\/abisagtuellmann.bpk-news.de\/atbild\/junge-mit-selbstgebautem-filmprojektor-im-seki-township-bei-salisbury-rhodesien-heute-simbabwe\/"},"modified":"2020-08-12T10:12:23","modified_gmt":"2020-08-12T08:12:23","slug":"junge-mit-selbstgebautem-filmprojektor-im-seki-township-bei-salisbury-rhodesien-heute-simbabwe","status":"publish","type":"product","link":"https:\/\/bpk-archive.de\/tuellmann\/produkt\/junge-mit-selbstgebautem-filmprojektor-im-seki-township-bei-salisbury-rhodesien-heute-simbabwe\/","title":{"rendered":"Junge mit selbstgebautem Filmprojektor im Seki-Township bei Salisbury, Rhodesien (heute Simbabwe)"},"content":{"rendered":"<p>Da es in der Wohnsiedlung f\u00fcr Schwarze keine Elektrizit\u00e4t gibt, hat er einen Filmprojektor konstruiert, der ohne Strom l\u00e4uft R\u00fcckseitenbeschriftung von Hand der Fotografin: &#8222;Zimbabwe: dieser Junge hat sich einen Filmprojektor gebastelt, lebt in einem Vorort von Harare, in dem es keinen Strom gibt (keine Elektrizit\u00e4t, meine ich)&#8220;<\/p>\n","protected":false},"excerpt":{"rendered":"<p>Da es in der Wohnsiedlung f\u00fcr Schwarze keine Elektrizit\u00e4t gibt, hat er einen Filmprojektor konstruiert, der ohne Strom l\u00e4uft R\u00fcckseitenbeschriftung von Hand der Fotografin: &#8222;Zimbabwe: dieser Junge hat sich einen Filmprojektor gebastelt, lebt in einem Vorort von Harare, in dem es keinen Strom gibt (keine Elektrizit\u00e4t, meine ich)&#8220;<\/p>\n","protected":false},"featured_media":70292433,"template":"","meta":[],"product_brand":[],"product_cat":[73394],"product_tag":[13230,13232,13234,13231,13233,13235,62055,13777,13236,13237,13240,13241,13242,13243,13244,13245,14311,14312,14313,48420,14314,14315,14316,14173,13250,13784,13785,14177,14178,14179,13253,13254,13255,13256,13257,13260,13261,14185,68993,68994,68995,68996,68997,68998,13268,13269,13270,13271,68999,69000,69001,69002,13293,13786,13787,13294,13295,13296,13297,49828,49829,55559,55560,49830,49831,52319,52320,13301,51984,51985,51986,51987,51988,51989,13813,13814,14203,14204,14205,14206,14207,14208,14209,14210,14213,14214,14215,14216,14217,50178,14218,14219,69003,69004,14220,14221,14225,14226,14227,14228,13328,13827,13828,13329,13330,13331,13332,13829,13830,13831,13832,13833,13834,13835,13836,13837,13838,13839,13840,13841,13842,14231,13843,69005,69006,14238,14239,14240,56605,56606,56607,56608,56609,13877,13879,13865,13864,13866,13351,13352,13353,13858,13859,13860,13861,13862,13863,69007,62982,56274,56275,56276,56277,56278,13354,48160,48161,13869,13870,13871,13872,14241,14242,56611,56612,56613,56614,56615,56616,48423,48424,50184,13519,13520,13521,13522,13523,13524,13363,13364,13365,13366,13367,13368,13369,13878,13880,69008,48431,48432,14254],"class_list":{"0":"post-70297504","1":"product","2":"type-product","3":"status-publish","4":"has-post-thumbnail","6":"product_cat-simbabwe","7":"product_tag-1970er-jahre","8":"product_tag-20-jahrhundert-nach-chr","9":"product_tag-20-jh-n-chr","10":"product_tag-20-jahrhundert","11":"product_tag-20-jh","12":"product_tag-70er","13":"product_tag-abt_025","14":"product_tag-abzug","15":"product_tag-afrika","16":"product_tag-afrikaner","17":"product_tag-afrikanisch","18":"product_tag-afrikanische","19":"product_tag-afrikanischen","20":"product_tag-afrikanischer","21":"product_tag-afrikanisches","22":"product_tag-afrikas","23":"product_tag-arm","24":"product_tag-arme","25":"product_tag-armen","26":"product_tag-armenviertel","27":"product_tag-armer","28":"product_tag-armes","29":"product_tag-armut","30":"product_tag-at_rhodesien","31":"product_tag-aussen","32":"product_tag-bildnis","33":"product_tag-bildnisse","34":"product_tag-blickkontakt","35":"product_tag-bube","36":"product_tag-buben","37":"product_tag-deutsch","38":"product_tag-deutsche","39":"product_tag-deutschen","40":"product_tag-deutscher","41":"product_tag-deutsches","42":"product_tag-draussen","43":"product_tag-dunkelhaeutiger","44":"product_tag-elendsviertel","45":"product_tag-erfinderisch","46":"product_tag-erfinderische","47":"product_tag-erfinderischer","48":"product_tag-erfindung","49":"product_tag-erfindungen","50":"product_tag-erfindungsgeist","51":"product_tag-farbige","52":"product_tag-farbigen","53":"product_tag-farbiger","54":"product_tag-farbiges","55":"product_tag-filmfan","56":"product_tag-filmfans","57":"product_tag-filmprojektor","58":"product_tag-filmprojektoren","59":"product_tag-foto","60":"product_tag-fotoabzug","61":"product_tag-fotoabzuege","62":"product_tag-fotografie","63":"product_tag-fotografien","64":"product_tag-fotografin","65":"product_tag-fotografinnen","66":"product_tag-henne","67":"product_tag-hennen","68":"product_tag-hueftbild","69":"product_tag-hueftbilder","70":"product_tag-huhn","71":"product_tag-huehner","72":"product_tag-huehnerstall","73":"product_tag-huehnerstaelle","74":"product_tag-im-freien","75":"product_tag-improvisation","76":"product_tag-improvisiert","77":"product_tag-improvisierte","78":"product_tag-improvisierten","79":"product_tag-improvisierter","80":"product_tag-improvisiertes","81":"product_tag-junge","82":"product_tag-jungen","83":"product_tag-jungens","84":"product_tag-jungs","85":"product_tag-kind","86":"product_tag-kinde","87":"product_tag-kinder","88":"product_tag-kinderbild","89":"product_tag-kinderbildnis","90":"product_tag-kinderbildnisse","91":"product_tag-kindern","92":"product_tag-kinderportrait","93":"product_tag-kinderportraits","94":"product_tag-kinderportraet","95":"product_tag-kinderportraets","96":"product_tag-kinderspielzeug","97":"product_tag-kindes","98":"product_tag-kindheit","99":"product_tag-kinofan","100":"product_tag-kinofans","101":"product_tag-knabe","102":"product_tag-knaben","103":"product_tag-not","104":"product_tag-noete","105":"product_tag-notlage","106":"product_tag-notlagen","107":"product_tag-photo","108":"product_tag-photoabzug","109":"product_tag-photoabzuege","110":"product_tag-photographie","111":"product_tag-photographien","112":"product_tag-photographin","113":"product_tag-photographinnen","114":"product_tag-portrait","115":"product_tag-portraitaufnahme","116":"product_tag-portraitfoto","117":"product_tag-portraitfotografie","118":"product_tag-portraitphoto","119":"product_tag-portraitphotographie","120":"product_tag-portraits","121":"product_tag-portraet","122":"product_tag-portraetaufnahme","123":"product_tag-portraetfoto","124":"product_tag-portraetfotografie","125":"product_tag-portraetphoto","126":"product_tag-portraetphotographie","127":"product_tag-portraets","128":"product_tag-posieren","129":"product_tag-print","130":"product_tag-projektionsapparat","131":"product_tag-projektor","132":"product_tag-rhodesien","133":"product_tag-rhodesier","134":"product_tag-rhodesisch","135":"product_tag-rhodesische","136":"product_tag-rhodesischem","137":"product_tag-rhodesischen","138":"product_tag-rhodesischer","139":"product_tag-rhodesisches","140":"product_tag-s-w-fotografie","141":"product_tag-s-w-photographie","142":"product_tag-schwarzweissphotographie","143":"product_tag-schwarz-weiss-fotografie","144":"product_tag-schwarz-weiss-photographie","145":"product_tag-schwarze","146":"product_tag-schwarzen","147":"product_tag-schwarzer","148":"product_tag-schwarzweiss","149":"product_tag-schwarzweisse","150":"product_tag-schwarzweissen","151":"product_tag-schwarzweisser","152":"product_tag-schwarzweisses","153":"product_tag-schwarzweissfotografie","154":"product_tag-selbstgebastelt","155":"product_tag-selbstgebaut","156":"product_tag-selbstgemacht","157":"product_tag-selbstgemachte","158":"product_tag-selbstgemachten","159":"product_tag-selbstgemachter","160":"product_tag-selbstgemachtes","161":"product_tag-siebziger","162":"product_tag-siedlung","163":"product_tag-siedlungen","164":"product_tag-silbergelatine","165":"product_tag-silbergelatineabzug","166":"product_tag-silbergelatineabzuege","167":"product_tag-silbergelatineprint","168":"product_tag-simbabwe","169":"product_tag-simbabwer","170":"product_tag-simbabwisch","171":"product_tag-simbabwische","172":"product_tag-simbabwischem","173":"product_tag-simbabwischen","174":"product_tag-simbabwischer","175":"product_tag-simbabwisches","176":"product_tag-slum","177":"product_tag-slums","178":"product_tag-spielzeug","179":"product_tag-stehen","180":"product_tag-stehend","181":"product_tag-stehende","182":"product_tag-stehenden","183":"product_tag-stehender","184":"product_tag-stehendes","185":"product_tag-suedafrika","186":"product_tag-suedafrikanisch","187":"product_tag-suedafrikanische","188":"product_tag-suedafrikanischen","189":"product_tag-suedafrikanischer","190":"product_tag-suedafrikanisches","191":"product_tag-suedafrikas","192":"product_tag-sw-fotografie","193":"product_tag-sw-photographie","194":"product_tag-vorort","195":"product_tag-wohnsiedlung","196":"product_tag-wohnsiedlungen","197":"product_tag-zimbabwe","198":"pa_datierung-april-1979","199":"pa_fotograf-abisag-tuellmann","200":"pa_geografischer_bezug-aufnahmeort-rhodesien-simbabwe","201":"pa_grunddaten_material_technik-foto-silbergelatine-auf-barytpapier","202":"pa_inventarnummer-tue-79-100-27a","203":"pa_jahr_von-14087","204":"pa_massangaben-bildformat-foto-306-x-397-cm","205":"pa_mediennummer-68990","206":"pa_objekt_typ-fotografie","208":"first","209":"instock","210":"product-type-simple"},"yoast_head":"<!-- This site is optimized with the Yoast SEO plugin v27.4 - https:\/\/yoast.com\/product\/yoast-seo-wordpress\/ -->\n<title>Junge mit selbstgebautem Filmprojektor im Seki-Township bei Salisbury, Rhodesien (heute Simbabwe) - Abisag T\u00fcllmann<\/title>\n<meta name=\"robots\" content=\"index, follow, max-snippet:-1, max-image-preview:large, max-video-preview:-1\" \/>\n<link rel=\"canonical\" href=\"https:\/\/bpk-archive.de\/tuellmann\/produkt\/junge-mit-selbstgebautem-filmprojektor-im-seki-township-bei-salisbury-rhodesien-heute-simbabwe\/\" \/>\n<meta property=\"og:locale\" content=\"de_DE\" \/>\n<meta property=\"og:type\" content=\"article\" \/>\n<meta property=\"og:title\" content=\"Junge mit selbstgebautem Filmprojektor im Seki-Township bei Salisbury, Rhodesien (heute Simbabwe) - Abisag T\u00fcllmann\" \/>\n<meta property=\"og:description\" content=\"Da es in der Wohnsiedlung f\u00fcr Schwarze keine Elektrizit\u00e4t gibt, hat er einen Filmprojektor konstruiert, der ohne Strom l\u00e4uft R\u00fcckseitenbeschriftung von Hand der Fotografin: &#8222;Zimbabwe: dieser Junge hat sich einen Filmprojektor gebastelt, lebt in einem Vorort von Harare, in dem es keinen Strom gibt (keine Elektrizit\u00e4t, meine ich)&#8220;\" \/>\n<meta property=\"og:url\" content=\"https:\/\/bpk-archive.de\/tuellmann\/produkt\/junge-mit-selbstgebautem-filmprojektor-im-seki-township-bei-salisbury-rhodesien-heute-simbabwe\/\" \/>\n<meta property=\"og:site_name\" content=\"Abisag T\u00fcllmann\" \/>\n<meta property=\"article:modified_time\" content=\"2020-08-12T08:12:23+00:00\" \/>\n<meta property=\"og:image\" content=\"https:\/\/bpk-archive.de\/tuellmann\/wp-content\/uploads\/2019\/08\/bpk_70243036.jpg\" \/>\n\t<meta property=\"og:image:width\" content=\"1200\" \/>\n\t<meta property=\"og:image:height\" content=\"929\" \/>\n\t<meta property=\"og:image:type\" content=\"image\/jpeg\" \/>\n<meta name=\"twitter:card\" content=\"summary_large_image\" \/>\n<script type=\"application\/ld+json\" class=\"yoast-schema-graph\">{\"@context\":\"https:\\\/\\\/schema.org\",\"@graph\":[{\"@type\":\"WebPage\",\"@id\":\"https:\\\/\\\/bpk-archive.de\\\/tuellmann\\\/produkt\\\/junge-mit-selbstgebautem-filmprojektor-im-seki-township-bei-salisbury-rhodesien-heute-simbabwe\\\/\",\"url\":\"https:\\\/\\\/bpk-archive.de\\\/tuellmann\\\/produkt\\\/junge-mit-selbstgebautem-filmprojektor-im-seki-township-bei-salisbury-rhodesien-heute-simbabwe\\\/\",\"name\":\"Junge mit selbstgebautem Filmprojektor im Seki-Township bei Salisbury, Rhodesien (heute Simbabwe) - Abisag T\u00fcllmann\",\"isPartOf\":{\"@id\":\"https:\\\/\\\/bpk-archive.de\\\/tuellmann\\\/#website\"},\"primaryImageOfPage\":{\"@id\":\"https:\\\/\\\/bpk-archive.de\\\/tuellmann\\\/produkt\\\/junge-mit-selbstgebautem-filmprojektor-im-seki-township-bei-salisbury-rhodesien-heute-simbabwe\\\/#primaryimage\"},\"image\":{\"@id\":\"https:\\\/\\\/bpk-archive.de\\\/tuellmann\\\/produkt\\\/junge-mit-selbstgebautem-filmprojektor-im-seki-township-bei-salisbury-rhodesien-heute-simbabwe\\\/#primaryimage\"},\"thumbnailUrl\":\"https:\\\/\\\/bpk-archive.de\\\/tuellmann\\\/wp-content\\\/uploads\\\/2019\\\/08\\\/bpk_70243036.jpg\",\"datePublished\":\"2019-09-05T14:27:10+00:00\",\"dateModified\":\"2020-08-12T08:12:23+00:00\",\"breadcrumb\":{\"@id\":\"https:\\\/\\\/bpk-archive.de\\\/tuellmann\\\/produkt\\\/junge-mit-selbstgebautem-filmprojektor-im-seki-township-bei-salisbury-rhodesien-heute-simbabwe\\\/#breadcrumb\"},\"inLanguage\":\"de\",\"potentialAction\":[{\"@type\":\"ReadAction\",\"target\":[\"https:\\\/\\\/bpk-archive.de\\\/tuellmann\\\/produkt\\\/junge-mit-selbstgebautem-filmprojektor-im-seki-township-bei-salisbury-rhodesien-heute-simbabwe\\\/\"]}]},{\"@type\":\"ImageObject\",\"inLanguage\":\"de\",\"@id\":\"https:\\\/\\\/bpk-archive.de\\\/tuellmann\\\/produkt\\\/junge-mit-selbstgebautem-filmprojektor-im-seki-township-bei-salisbury-rhodesien-heute-simbabwe\\\/#primaryimage\",\"url\":\"https:\\\/\\\/bpk-archive.de\\\/tuellmann\\\/wp-content\\\/uploads\\\/2019\\\/08\\\/bpk_70243036.jpg\",\"contentUrl\":\"https:\\\/\\\/bpk-archive.de\\\/tuellmann\\\/wp-content\\\/uploads\\\/2019\\\/08\\\/bpk_70243036.jpg\",\"width\":1200,\"height\":929,\"caption\":\"Junge mit selbstgebautem Filmprojektor im Seki-Township bei Salisbury, Rhodesien (heute Simbabwe)\"},{\"@type\":\"BreadcrumbList\",\"@id\":\"https:\\\/\\\/bpk-archive.de\\\/tuellmann\\\/produkt\\\/junge-mit-selbstgebautem-filmprojektor-im-seki-township-bei-salisbury-rhodesien-heute-simbabwe\\\/#breadcrumb\",\"itemListElement\":[{\"@type\":\"ListItem\",\"position\":1,\"name\":\"Startseite\",\"item\":\"https:\\\/\\\/bpk-archive.de\\\/tuellmann\\\/\"},{\"@type\":\"ListItem\",\"position\":2,\"name\":\"Shop\",\"item\":\"https:\\\/\\\/bpk-archive.de\\\/tuellmann\\\/shop\\\/\"},{\"@type\":\"ListItem\",\"position\":3,\"name\":\"Junge mit selbstgebautem Filmprojektor im Seki-Township bei Salisbury, Rhodesien (heute Simbabwe)\"}]},{\"@type\":\"WebSite\",\"@id\":\"https:\\\/\\\/bpk-archive.de\\\/tuellmann\\\/#website\",\"url\":\"https:\\\/\\\/bpk-archive.de\\\/tuellmann\\\/\",\"name\":\"Abisag T\u00fcllmann\",\"description\":\"Eine weitere WordPress-Website\",\"potentialAction\":[{\"@type\":\"SearchAction\",\"target\":{\"@type\":\"EntryPoint\",\"urlTemplate\":\"https:\\\/\\\/bpk-archive.de\\\/tuellmann\\\/?s={search_term_string}\"},\"query-input\":{\"@type\":\"PropertyValueSpecification\",\"valueRequired\":true,\"valueName\":\"search_term_string\"}}],\"inLanguage\":\"de\"}]}<\/script>\n<!-- \/ Yoast SEO plugin. -->","yoast_head_json":{"title":"Junge mit selbstgebautem Filmprojektor im Seki-Township bei Salisbury, Rhodesien (heute Simbabwe) - Abisag T\u00fcllmann","robots":{"index":"index","follow":"follow","max-snippet":"max-snippet:-1","max-image-preview":"max-image-preview:large","max-video-preview":"max-video-preview:-1"},"canonical":"https:\/\/bpk-archive.de\/tuellmann\/produkt\/junge-mit-selbstgebautem-filmprojektor-im-seki-township-bei-salisbury-rhodesien-heute-simbabwe\/","og_locale":"de_DE","og_type":"article","og_title":"Junge mit selbstgebautem Filmprojektor im Seki-Township bei Salisbury, Rhodesien (heute Simbabwe) - Abisag T\u00fcllmann","og_description":"Da es in der Wohnsiedlung f\u00fcr Schwarze keine Elektrizit\u00e4t gibt, hat er einen Filmprojektor konstruiert, der ohne Strom l\u00e4uft R\u00fcckseitenbeschriftung von Hand der Fotografin: &#8222;Zimbabwe: dieser Junge hat sich einen Filmprojektor gebastelt, lebt in einem Vorort von Harare, in dem es keinen Strom gibt (keine Elektrizit\u00e4t, meine ich)&#8220;","og_url":"https:\/\/bpk-archive.de\/tuellmann\/produkt\/junge-mit-selbstgebautem-filmprojektor-im-seki-township-bei-salisbury-rhodesien-heute-simbabwe\/","og_site_name":"Abisag T\u00fcllmann","article_modified_time":"2020-08-12T08:12:23+00:00","og_image":[{"width":1200,"height":929,"url":"https:\/\/bpk-archive.de\/tuellmann\/wp-content\/uploads\/2019\/08\/bpk_70243036.jpg","type":"image\/jpeg"}],"twitter_card":"summary_large_image","schema":{"@context":"https:\/\/schema.org","@graph":[{"@type":"WebPage","@id":"https:\/\/bpk-archive.de\/tuellmann\/produkt\/junge-mit-selbstgebautem-filmprojektor-im-seki-township-bei-salisbury-rhodesien-heute-simbabwe\/","url":"https:\/\/bpk-archive.de\/tuellmann\/produkt\/junge-mit-selbstgebautem-filmprojektor-im-seki-township-bei-salisbury-rhodesien-heute-simbabwe\/","name":"Junge mit selbstgebautem Filmprojektor im Seki-Township bei Salisbury, Rhodesien (heute Simbabwe) - Abisag T\u00fcllmann","isPartOf":{"@id":"https:\/\/bpk-archive.de\/tuellmann\/#website"},"primaryImageOfPage":{"@id":"https:\/\/bpk-archive.de\/tuellmann\/produkt\/junge-mit-selbstgebautem-filmprojektor-im-seki-township-bei-salisbury-rhodesien-heute-simbabwe\/#primaryimage"},"image":{"@id":"https:\/\/bpk-archive.de\/tuellmann\/produkt\/junge-mit-selbstgebautem-filmprojektor-im-seki-township-bei-salisbury-rhodesien-heute-simbabwe\/#primaryimage"},"thumbnailUrl":"https:\/\/bpk-archive.de\/tuellmann\/wp-content\/uploads\/2019\/08\/bpk_70243036.jpg","datePublished":"2019-09-05T14:27:10+00:00","dateModified":"2020-08-12T08:12:23+00:00","breadcrumb":{"@id":"https:\/\/bpk-archive.de\/tuellmann\/produkt\/junge-mit-selbstgebautem-filmprojektor-im-seki-township-bei-salisbury-rhodesien-heute-simbabwe\/#breadcrumb"},"inLanguage":"de","potentialAction":[{"@type":"ReadAction","target":["https:\/\/bpk-archive.de\/tuellmann\/produkt\/junge-mit-selbstgebautem-filmprojektor-im-seki-township-bei-salisbury-rhodesien-heute-simbabwe\/"]}]},{"@type":"ImageObject","inLanguage":"de","@id":"https:\/\/bpk-archive.de\/tuellmann\/produkt\/junge-mit-selbstgebautem-filmprojektor-im-seki-township-bei-salisbury-rhodesien-heute-simbabwe\/#primaryimage","url":"https:\/\/bpk-archive.de\/tuellmann\/wp-content\/uploads\/2019\/08\/bpk_70243036.jpg","contentUrl":"https:\/\/bpk-archive.de\/tuellmann\/wp-content\/uploads\/2019\/08\/bpk_70243036.jpg","width":1200,"height":929,"caption":"Junge mit selbstgebautem Filmprojektor im Seki-Township bei Salisbury, Rhodesien (heute Simbabwe)"},{"@type":"BreadcrumbList","@id":"https:\/\/bpk-archive.de\/tuellmann\/produkt\/junge-mit-selbstgebautem-filmprojektor-im-seki-township-bei-salisbury-rhodesien-heute-simbabwe\/#breadcrumb","itemListElement":[{"@type":"ListItem","position":1,"name":"Startseite","item":"https:\/\/bpk-archive.de\/tuellmann\/"},{"@type":"ListItem","position":2,"name":"Shop","item":"https:\/\/bpk-archive.de\/tuellmann\/shop\/"},{"@type":"ListItem","position":3,"name":"Junge mit selbstgebautem Filmprojektor im Seki-Township bei Salisbury, Rhodesien (heute Simbabwe)"}]},{"@type":"WebSite","@id":"https:\/\/bpk-archive.de\/tuellmann\/#website","url":"https:\/\/bpk-archive.de\/tuellmann\/","name":"Abisag T\u00fcllmann","description":"Eine weitere WordPress-Website","potentialAction":[{"@type":"SearchAction","target":{"@type":"EntryPoint","urlTemplate":"https:\/\/bpk-archive.de\/tuellmann\/?s={search_term_string}"},"query-input":{"@type":"PropertyValueSpecification","valueRequired":true,"valueName":"search_term_string"}}],"inLanguage":"de"}]}},"_links":{"self":[{"href":"https:\/\/bpk-archive.de\/tuellmann\/wp-json\/wp\/v2\/product\/70297504","targetHints":{"allow":["GET"]}}],"collection":[{"href":"https:\/\/bpk-archive.de\/tuellmann\/wp-json\/wp\/v2\/product"}],"about":[{"href":"https:\/\/bpk-archive.de\/tuellmann\/wp-json\/wp\/v2\/types\/product"}],"wp:featuredmedia":[{"embeddable":true,"href":"https:\/\/bpk-archive.de\/tuellmann\/wp-json\/wp\/v2\/media\/70292433"}],"wp:attachment":[{"href":"https:\/\/bpk-archive.de\/tuellmann\/wp-json\/wp\/v2\/media?parent=70297504"}],"wp:term":[{"taxonomy":"product_brand","embeddable":true,"href":"https:\/\/bpk-archive.de\/tuellmann\/wp-json\/wp\/v2\/product_brand?post=70297504"},{"taxonomy":"product_cat","embeddable":true,"href":"https:\/\/bpk-archive.de\/tuellmann\/wp-json\/wp\/v2\/product_cat?post=70297504"},{"taxonomy":"product_tag","embeddable":true,"href":"https:\/\/bpk-archive.de\/tuellmann\/wp-json\/wp\/v2\/product_tag?post=70297504"}],"curies":[{"name":"wp","href":"https:\/\/api.w.org\/{rel}","templated":true}]}}