{"id":70297496,"date":"2019-09-05T16:26:50","date_gmt":"2019-09-05T14:26:50","guid":{"rendered":"http:\/\/abisagtuellmann.bpk-news.de\/atbild\/umzug-zum-1-mai-in-algier-3\/"},"modified":"2020-06-25T11:48:52","modified_gmt":"2020-06-25T09:48:52","slug":"umzug-zum-1-mai-in-algier-3","status":"publish","type":"product","link":"https:\/\/bpk-archive.de\/tuellmann\/produkt\/umzug-zum-1-mai-in-algier-3\/","title":{"rendered":"Umzug zum 1. Mai in Algier"},"content":{"rendered":"<p>Parole auf einem Transparent: &#8222;Vive la solidarit\u00e9 des peuples pour la libert\u00e9 et l&#8217;ind\u00e9pendance&#8220; R\u00fcckseitenbeschriftung von anderer Hand: &#8222;Algerien, Algier 1970, 1. Mai Kundgebung&#8220;<\/p>\n","protected":false},"excerpt":{"rendered":"<p>Parole auf einem Transparent: &#8222;Vive la solidarit\u00e9 des peuples pour la libert\u00e9 et l&#8217;ind\u00e9pendance&#8220; R\u00fcckseitenbeschriftung von anderer Hand: &#8222;Algerien, Algier 1970, 1. Mai Kundgebung&#8220;<\/p>\n","protected":false},"featured_media":70292454,"template":"","meta":[],"product_brand":[],"product_cat":[73370],"product_tag":[13230,13232,13234,13231,13233,13235,14172,13777,13236,13237,13240,13241,13242,13243,13244,13245,13595,13596,13597,13598,13599,13600,13601,13602,13603,49357,49358,13604,13605,68821,13250,13606,49362,13607,13608,13609,13610,13611,13623,13253,13254,13255,13256,13257,13260,13625,67535,67536,13293,13786,13787,13294,13295,13296,13297,51357,51358,51359,51360,51361,53801,47378,47379,47380,47381,47382,13301,49372,13626,13627,13628,13629,13630,13631,13632,13818,13819,48012,48013,13826,13312,13313,13314,13315,13316,13317,13633,13634,13635,13636,13637,13638,13639,13640,49229,49230,13328,13827,13828,13329,13330,13331,13332,13843,51807,51808,13877,13879,13343,13344,13865,13864,13866,13858,13859,13860,13861,13862,13863,13868,13354,13869,13870,13871,13872,49236,53808,13357,13358,13359,68945,13878,13880,13654,13655,13656,13370,13371,13657,13658,13372,13882,51814,51817,51818],"class_list":{"0":"post-70297496","1":"product","2":"type-product","3":"status-publish","4":"has-post-thumbnail","6":"product_cat-algerien","7":"product_tag-1970er-jahre","8":"product_tag-20-jahrhundert-nach-chr","9":"product_tag-20-jh-n-chr","10":"product_tag-20-jahrhundert","11":"product_tag-20-jh","12":"product_tag-70er","13":"product_tag-abt_010","14":"product_tag-abzug","15":"product_tag-afrika","16":"product_tag-afrikaner","17":"product_tag-afrikanisch","18":"product_tag-afrikanische","19":"product_tag-afrikanischen","20":"product_tag-afrikanischer","21":"product_tag-afrikanisches","22":"product_tag-afrikas","23":"product_tag-alger","24":"product_tag-algerien","25":"product_tag-algeriens","26":"product_tag-algerier","27":"product_tag-algerisch","28":"product_tag-algerische","29":"product_tag-algerischer","30":"product_tag-algerisches","31":"product_tag-algier","32":"product_tag-applaudieren","33":"product_tag-applaus","34":"product_tag-arbeiter","35":"product_tag-arbeitern","36":"product_tag-at_algerien","37":"product_tag-aussen","38":"product_tag-banner","39":"product_tag-beifall","40":"product_tag-demo","41":"product_tag-demonstrant","42":"product_tag-demonstranten","43":"product_tag-demonstration","44":"product_tag-demonstrationen","45":"product_tag-demos","46":"product_tag-deutsch","47":"product_tag-deutsche","48":"product_tag-deutschen","49":"product_tag-deutscher","50":"product_tag-deutsches","51":"product_tag-draussen","52":"product_tag-erster-mai","53":"product_tag-festumzug","54":"product_tag-festumzuege","55":"product_tag-foto","56":"product_tag-fotoabzug","57":"product_tag-fotoabzuege","58":"product_tag-fotografie","59":"product_tag-fotografien","60":"product_tag-fotografin","61":"product_tag-fotografinnen","62":"product_tag-franzoesisch","63":"product_tag-franzoesische","64":"product_tag-franzoesischen","65":"product_tag-franzoesischer","66":"product_tag-franzoesisches","67":"product_tag-freiheit","68":"product_tag-gehen","69":"product_tag-gehend","70":"product_tag-gehende","71":"product_tag-gehender","72":"product_tag-gehendes","73":"product_tag-im-freien","74":"product_tag-klatschen","75":"product_tag-kundgebung","76":"product_tag-kundgebungen","77":"product_tag-maidemonstration","78":"product_tag-maidemonstrationen","79":"product_tag-maifeiertag","80":"product_tag-maikundgebung","81":"product_tag-maikundgebungen","82":"product_tag-mann","83":"product_tag-maenner","84":"product_tag-maennergruppe","85":"product_tag-maennergruppen","86":"product_tag-mannes","87":"product_tag-marschieren","88":"product_tag-marschierend","89":"product_tag-marschierende","90":"product_tag-marschierenden","91":"product_tag-marschierender","92":"product_tag-marschierendes","93":"product_tag-nordafrika","94":"product_tag-nordafrikaner","95":"product_tag-nordafrikanisch","96":"product_tag-nordafrikanische","97":"product_tag-nordafrikanischen","98":"product_tag-nordafrikanischer","99":"product_tag-nordafrikanisches","100":"product_tag-nordafrikas","101":"product_tag-parole","102":"product_tag-parolen","103":"product_tag-photo","104":"product_tag-photoabzug","105":"product_tag-photoabzuege","106":"product_tag-photographie","107":"product_tag-photographien","108":"product_tag-photographin","109":"product_tag-photographinnen","110":"product_tag-print","111":"product_tag-publikum","112":"product_tag-publikums","113":"product_tag-s-w-fotografie","114":"product_tag-s-w-photographie","115":"product_tag-schriftband","116":"product_tag-schriftbaender","117":"product_tag-schwarzweissphotographie","118":"product_tag-schwarz-weiss-fotografie","119":"product_tag-schwarz-weiss-photographie","120":"product_tag-schwarzweiss","121":"product_tag-schwarzweisse","122":"product_tag-schwarzweissen","123":"product_tag-schwarzweisser","124":"product_tag-schwarzweisses","125":"product_tag-schwarzweissfotografie","126":"product_tag-seitlich","127":"product_tag-siebziger","128":"product_tag-silbergelatine","129":"product_tag-silbergelatineabzug","130":"product_tag-silbergelatineabzuege","131":"product_tag-silbergelatineprint","132":"product_tag-slogan","133":"product_tag-solidaritaet","134":"product_tag-spruchband","135":"product_tag-spruchbaender","136":"product_tag-spruchbaendern","137":"product_tag-strassenumzug","138":"product_tag-sw-fotografie","139":"product_tag-sw-photographie","140":"product_tag-tag-der-arbeit","141":"product_tag-transparent","142":"product_tag-transparente","143":"product_tag-tribuene","144":"product_tag-tribuenen","145":"product_tag-umzug","146":"product_tag-umzuege","147":"product_tag-unabhaengigkeit","148":"product_tag-zur-seite","149":"product_tag-zuschauer","150":"product_tag-zuschauern","151":"product_tag-zuschauers","152":"pa_datierung-01-05-1970","153":"pa_fotograf-abisag-tuellmann","154":"pa_geografischer_bezug-aufnahmeort-algier-algerien","155":"pa_grunddaten_material_technik-foto-silbergelatine-auf-barytpapier","156":"pa_inventarnummer-tue-70-144-05","157":"pa_jahr_von-53324","158":"pa_massangaben-bildformat-foto-234-x-30-cm","159":"pa_mediennummer-68967","160":"pa_objekt_typ-fotografie","162":"first","163":"instock","164":"product-type-simple"},"yoast_head":"<!-- This site is optimized with the Yoast SEO plugin v27.4 - https:\/\/yoast.com\/product\/yoast-seo-wordpress\/ -->\n<title>Umzug zum 1. Mai in Algier - Abisag T\u00fcllmann<\/title>\n<meta name=\"robots\" content=\"index, follow, max-snippet:-1, max-image-preview:large, max-video-preview:-1\" \/>\n<link rel=\"canonical\" href=\"https:\/\/bpk-archive.de\/tuellmann\/produkt\/umzug-zum-1-mai-in-algier-3\/\" \/>\n<meta property=\"og:locale\" content=\"de_DE\" \/>\n<meta property=\"og:type\" content=\"article\" \/>\n<meta property=\"og:title\" content=\"Umzug zum 1. Mai in Algier - Abisag T\u00fcllmann\" \/>\n<meta property=\"og:description\" content=\"Parole auf einem Transparent: &#8222;Vive la solidarit\u00e9 des peuples pour la libert\u00e9 et l&#8217;ind\u00e9pendance&#8220; R\u00fcckseitenbeschriftung von anderer Hand: &#8222;Algerien, Algier 1970, 1. Mai Kundgebung&#8220;\" \/>\n<meta property=\"og:url\" content=\"https:\/\/bpk-archive.de\/tuellmann\/produkt\/umzug-zum-1-mai-in-algier-3\/\" \/>\n<meta property=\"og:site_name\" content=\"Abisag T\u00fcllmann\" \/>\n<meta property=\"article:modified_time\" content=\"2020-06-25T09:48:52+00:00\" \/>\n<meta property=\"og:image\" content=\"https:\/\/bpk-archive.de\/tuellmann\/wp-content\/uploads\/2019\/08\/bpk_70243043.jpg\" \/>\n\t<meta property=\"og:image:width\" content=\"1200\" \/>\n\t<meta property=\"og:image:height\" content=\"937\" \/>\n\t<meta property=\"og:image:type\" content=\"image\/jpeg\" \/>\n<meta name=\"twitter:card\" content=\"summary_large_image\" \/>\n<script type=\"application\/ld+json\" class=\"yoast-schema-graph\">{\"@context\":\"https:\\\/\\\/schema.org\",\"@graph\":[{\"@type\":\"WebPage\",\"@id\":\"https:\\\/\\\/bpk-archive.de\\\/tuellmann\\\/produkt\\\/umzug-zum-1-mai-in-algier-3\\\/\",\"url\":\"https:\\\/\\\/bpk-archive.de\\\/tuellmann\\\/produkt\\\/umzug-zum-1-mai-in-algier-3\\\/\",\"name\":\"Umzug zum 1. Mai in Algier - Abisag T\u00fcllmann\",\"isPartOf\":{\"@id\":\"https:\\\/\\\/bpk-archive.de\\\/tuellmann\\\/#website\"},\"primaryImageOfPage\":{\"@id\":\"https:\\\/\\\/bpk-archive.de\\\/tuellmann\\\/produkt\\\/umzug-zum-1-mai-in-algier-3\\\/#primaryimage\"},\"image\":{\"@id\":\"https:\\\/\\\/bpk-archive.de\\\/tuellmann\\\/produkt\\\/umzug-zum-1-mai-in-algier-3\\\/#primaryimage\"},\"thumbnailUrl\":\"https:\\\/\\\/bpk-archive.de\\\/tuellmann\\\/wp-content\\\/uploads\\\/2019\\\/08\\\/bpk_70243043.jpg\",\"datePublished\":\"2019-09-05T14:26:50+00:00\",\"dateModified\":\"2020-06-25T09:48:52+00:00\",\"breadcrumb\":{\"@id\":\"https:\\\/\\\/bpk-archive.de\\\/tuellmann\\\/produkt\\\/umzug-zum-1-mai-in-algier-3\\\/#breadcrumb\"},\"inLanguage\":\"de\",\"potentialAction\":[{\"@type\":\"ReadAction\",\"target\":[\"https:\\\/\\\/bpk-archive.de\\\/tuellmann\\\/produkt\\\/umzug-zum-1-mai-in-algier-3\\\/\"]}]},{\"@type\":\"ImageObject\",\"inLanguage\":\"de\",\"@id\":\"https:\\\/\\\/bpk-archive.de\\\/tuellmann\\\/produkt\\\/umzug-zum-1-mai-in-algier-3\\\/#primaryimage\",\"url\":\"https:\\\/\\\/bpk-archive.de\\\/tuellmann\\\/wp-content\\\/uploads\\\/2019\\\/08\\\/bpk_70243043.jpg\",\"contentUrl\":\"https:\\\/\\\/bpk-archive.de\\\/tuellmann\\\/wp-content\\\/uploads\\\/2019\\\/08\\\/bpk_70243043.jpg\",\"width\":1200,\"height\":937,\"caption\":\"Umzug zum 1. Mai in Algier\"},{\"@type\":\"BreadcrumbList\",\"@id\":\"https:\\\/\\\/bpk-archive.de\\\/tuellmann\\\/produkt\\\/umzug-zum-1-mai-in-algier-3\\\/#breadcrumb\",\"itemListElement\":[{\"@type\":\"ListItem\",\"position\":1,\"name\":\"Startseite\",\"item\":\"https:\\\/\\\/bpk-archive.de\\\/tuellmann\\\/\"},{\"@type\":\"ListItem\",\"position\":2,\"name\":\"Shop\",\"item\":\"https:\\\/\\\/bpk-archive.de\\\/tuellmann\\\/shop\\\/\"},{\"@type\":\"ListItem\",\"position\":3,\"name\":\"Umzug zum 1. Mai in Algier\"}]},{\"@type\":\"WebSite\",\"@id\":\"https:\\\/\\\/bpk-archive.de\\\/tuellmann\\\/#website\",\"url\":\"https:\\\/\\\/bpk-archive.de\\\/tuellmann\\\/\",\"name\":\"Abisag T\u00fcllmann\",\"description\":\"Eine weitere WordPress-Website\",\"potentialAction\":[{\"@type\":\"SearchAction\",\"target\":{\"@type\":\"EntryPoint\",\"urlTemplate\":\"https:\\\/\\\/bpk-archive.de\\\/tuellmann\\\/?s={search_term_string}\"},\"query-input\":{\"@type\":\"PropertyValueSpecification\",\"valueRequired\":true,\"valueName\":\"search_term_string\"}}],\"inLanguage\":\"de\"}]}<\/script>\n<!-- \/ Yoast SEO plugin. -->","yoast_head_json":{"title":"Umzug zum 1. Mai in Algier - Abisag T\u00fcllmann","robots":{"index":"index","follow":"follow","max-snippet":"max-snippet:-1","max-image-preview":"max-image-preview:large","max-video-preview":"max-video-preview:-1"},"canonical":"https:\/\/bpk-archive.de\/tuellmann\/produkt\/umzug-zum-1-mai-in-algier-3\/","og_locale":"de_DE","og_type":"article","og_title":"Umzug zum 1. Mai in Algier - Abisag T\u00fcllmann","og_description":"Parole auf einem Transparent: &#8222;Vive la solidarit\u00e9 des peuples pour la libert\u00e9 et l&#8217;ind\u00e9pendance&#8220; R\u00fcckseitenbeschriftung von anderer Hand: &#8222;Algerien, Algier 1970, 1. Mai Kundgebung&#8220;","og_url":"https:\/\/bpk-archive.de\/tuellmann\/produkt\/umzug-zum-1-mai-in-algier-3\/","og_site_name":"Abisag T\u00fcllmann","article_modified_time":"2020-06-25T09:48:52+00:00","og_image":[{"width":1200,"height":937,"url":"https:\/\/bpk-archive.de\/tuellmann\/wp-content\/uploads\/2019\/08\/bpk_70243043.jpg","type":"image\/jpeg"}],"twitter_card":"summary_large_image","schema":{"@context":"https:\/\/schema.org","@graph":[{"@type":"WebPage","@id":"https:\/\/bpk-archive.de\/tuellmann\/produkt\/umzug-zum-1-mai-in-algier-3\/","url":"https:\/\/bpk-archive.de\/tuellmann\/produkt\/umzug-zum-1-mai-in-algier-3\/","name":"Umzug zum 1. Mai in Algier - Abisag T\u00fcllmann","isPartOf":{"@id":"https:\/\/bpk-archive.de\/tuellmann\/#website"},"primaryImageOfPage":{"@id":"https:\/\/bpk-archive.de\/tuellmann\/produkt\/umzug-zum-1-mai-in-algier-3\/#primaryimage"},"image":{"@id":"https:\/\/bpk-archive.de\/tuellmann\/produkt\/umzug-zum-1-mai-in-algier-3\/#primaryimage"},"thumbnailUrl":"https:\/\/bpk-archive.de\/tuellmann\/wp-content\/uploads\/2019\/08\/bpk_70243043.jpg","datePublished":"2019-09-05T14:26:50+00:00","dateModified":"2020-06-25T09:48:52+00:00","breadcrumb":{"@id":"https:\/\/bpk-archive.de\/tuellmann\/produkt\/umzug-zum-1-mai-in-algier-3\/#breadcrumb"},"inLanguage":"de","potentialAction":[{"@type":"ReadAction","target":["https:\/\/bpk-archive.de\/tuellmann\/produkt\/umzug-zum-1-mai-in-algier-3\/"]}]},{"@type":"ImageObject","inLanguage":"de","@id":"https:\/\/bpk-archive.de\/tuellmann\/produkt\/umzug-zum-1-mai-in-algier-3\/#primaryimage","url":"https:\/\/bpk-archive.de\/tuellmann\/wp-content\/uploads\/2019\/08\/bpk_70243043.jpg","contentUrl":"https:\/\/bpk-archive.de\/tuellmann\/wp-content\/uploads\/2019\/08\/bpk_70243043.jpg","width":1200,"height":937,"caption":"Umzug zum 1. Mai in Algier"},{"@type":"BreadcrumbList","@id":"https:\/\/bpk-archive.de\/tuellmann\/produkt\/umzug-zum-1-mai-in-algier-3\/#breadcrumb","itemListElement":[{"@type":"ListItem","position":1,"name":"Startseite","item":"https:\/\/bpk-archive.de\/tuellmann\/"},{"@type":"ListItem","position":2,"name":"Shop","item":"https:\/\/bpk-archive.de\/tuellmann\/shop\/"},{"@type":"ListItem","position":3,"name":"Umzug zum 1. Mai in Algier"}]},{"@type":"WebSite","@id":"https:\/\/bpk-archive.de\/tuellmann\/#website","url":"https:\/\/bpk-archive.de\/tuellmann\/","name":"Abisag T\u00fcllmann","description":"Eine weitere WordPress-Website","potentialAction":[{"@type":"SearchAction","target":{"@type":"EntryPoint","urlTemplate":"https:\/\/bpk-archive.de\/tuellmann\/?s={search_term_string}"},"query-input":{"@type":"PropertyValueSpecification","valueRequired":true,"valueName":"search_term_string"}}],"inLanguage":"de"}]}},"_links":{"self":[{"href":"https:\/\/bpk-archive.de\/tuellmann\/wp-json\/wp\/v2\/product\/70297496","targetHints":{"allow":["GET"]}}],"collection":[{"href":"https:\/\/bpk-archive.de\/tuellmann\/wp-json\/wp\/v2\/product"}],"about":[{"href":"https:\/\/bpk-archive.de\/tuellmann\/wp-json\/wp\/v2\/types\/product"}],"wp:featuredmedia":[{"embeddable":true,"href":"https:\/\/bpk-archive.de\/tuellmann\/wp-json\/wp\/v2\/media\/70292454"}],"wp:attachment":[{"href":"https:\/\/bpk-archive.de\/tuellmann\/wp-json\/wp\/v2\/media?parent=70297496"}],"wp:term":[{"taxonomy":"product_brand","embeddable":true,"href":"https:\/\/bpk-archive.de\/tuellmann\/wp-json\/wp\/v2\/product_brand?post=70297496"},{"taxonomy":"product_cat","embeddable":true,"href":"https:\/\/bpk-archive.de\/tuellmann\/wp-json\/wp\/v2\/product_cat?post=70297496"},{"taxonomy":"product_tag","embeddable":true,"href":"https:\/\/bpk-archive.de\/tuellmann\/wp-json\/wp\/v2\/product_tag?post=70297496"}],"curies":[{"name":"wp","href":"https:\/\/api.w.org\/{rel}","templated":true}]}}