{"id":70297494,"date":"2019-09-05T16:26:50","date_gmt":"2019-09-05T14:26:50","guid":{"rendered":"http:\/\/abisagtuellmann.bpk-news.de\/atbild\/strassenszene-in-lusaka-sambia\/"},"modified":"2020-08-11T17:00:16","modified_gmt":"2020-08-11T15:00:16","slug":"strassenszene-in-lusaka-sambia","status":"publish","type":"product","link":"https:\/\/bpk-archive.de\/tuellmann\/produkt\/strassenszene-in-lusaka-sambia\/","title":{"rendered":"Stra\u00dfenszene in Lusaka, Sambia"},"content":{"rendered":"<p>Menschen vor einer Bar mit Coca Cola-Reklame R\u00fcckseitenbeschriftung von Hand der Fotografin: &#8222;Lusaka&#8220;<\/p>\n","protected":false},"excerpt":{"rendered":"<p>Menschen vor einer Bar mit Coca Cola-Reklame R\u00fcckseitenbeschriftung von Hand der Fotografin: &#8222;Lusaka&#8220;<\/p>\n","protected":false},"featured_media":70292359,"template":"","meta":[],"product_brand":[],"product_cat":[73369],"product_tag":[13230,13232,13234,13231,13233,13235,62361,13777,13236,13237,13240,13241,13242,13243,13244,13245,60555,13250,49019,49020,47549,47550,47551,47552,47553,48770,47365,47366,47367,53353,53354,52917,13253,13254,13255,13256,13257,13260,13261,48211,48212,48213,48214,48215,49919,49920,49921,49922,49923,48216,48217,48218,48219,13268,13269,13270,13271,13293,13786,13787,13294,13295,13296,13297,47556,47377,49063,13301,47561,47562,54429,13328,13827,13828,13329,13330,13331,13332,54430,13843,49046,49047,52962,52963,13877,13879,13333,13334,13335,13338,13339,13340,13341,13342,13345,13865,13864,13866,13351,13352,13353,13858,13859,13860,13861,13862,13863,13354,13869,13870,13871,13872,48165,48166,54390,47408,47409,48226,13363,13364,13365,13366,13367,13368,13369,13878,13880,48286,48287,49048,62377],"class_list":{"0":"post-70297494","1":"product","2":"type-product","3":"status-publish","4":"has-post-thumbnail","6":"product_cat-sambia","7":"product_tag-1970er-jahre","8":"product_tag-20-jahrhundert-nach-chr","9":"product_tag-20-jh-n-chr","10":"product_tag-20-jahrhundert","11":"product_tag-20-jh","12":"product_tag-70er","13":"product_tag-abt_011","14":"product_tag-abzug","15":"product_tag-afrika","16":"product_tag-afrikaner","17":"product_tag-afrikanisch","18":"product_tag-afrikanische","19":"product_tag-afrikanischen","20":"product_tag-afrikanischer","21":"product_tag-afrikanisches","22":"product_tag-afrikas","23":"product_tag-at_sambia","24":"product_tag-aussen","25":"product_tag-aussenreklame","26":"product_tag-aussenwerbung","27":"product_tag-auto","28":"product_tag-automobil","29":"product_tag-automobile","30":"product_tag-automobils","31":"product_tag-autos","32":"product_tag-bar","33":"product_tag-bauten","34":"product_tag-bauwerk","35":"product_tag-bauwerke","36":"product_tag-bier","37":"product_tag-biere","38":"product_tag-coca-cola","39":"product_tag-deutsch","40":"product_tag-deutsche","41":"product_tag-deutschen","42":"product_tag-deutscher","43":"product_tag-deutsches","44":"product_tag-draussen","45":"product_tag-dunkelhaeutiger","46":"product_tag-fahren","47":"product_tag-fahrend","48":"product_tag-fahrende","49":"product_tag-fahrender","50":"product_tag-fahrendes","51":"product_tag-fahrrad","52":"product_tag-fahrraeder","53":"product_tag-fahrraedern","54":"product_tag-fahrrades","55":"product_tag-fahrrads","56":"product_tag-faehrt","57":"product_tag-fahrzeug","58":"product_tag-fahrzeuge","59":"product_tag-fahrzeugen","60":"product_tag-farbige","61":"product_tag-farbigen","62":"product_tag-farbiger","63":"product_tag-farbiges","64":"product_tag-foto","65":"product_tag-fotoabzug","66":"product_tag-fotoabzuege","67":"product_tag-fotografie","68":"product_tag-fotografien","69":"product_tag-fotografin","70":"product_tag-fotografinnen","71":"product_tag-fussgaenger","72":"product_tag-gebaeude","73":"product_tag-grossplakat","74":"product_tag-im-freien","75":"product_tag-passant","76":"product_tag-passanten","77":"product_tag-personenkraftwagen","78":"product_tag-photo","79":"product_tag-photoabzug","80":"product_tag-photoabzuege","81":"product_tag-photographie","82":"product_tag-photographien","83":"product_tag-photographin","84":"product_tag-photographinnen","85":"product_tag-pkw","86":"product_tag-print","87":"product_tag-reclame","88":"product_tag-reklame","89":"product_tag-reklameschild","90":"product_tag-reklameschilder","91":"product_tag-s-w-fotografie","92":"product_tag-s-w-photographie","93":"product_tag-sambia","94":"product_tag-sambias","95":"product_tag-sambier","96":"product_tag-sambisch","97":"product_tag-sambische","98":"product_tag-sambischem","99":"product_tag-sambischen","100":"product_tag-sambischer","101":"product_tag-schriftzug","102":"product_tag-schwarzweissphotographie","103":"product_tag-schwarz-weiss-fotografie","104":"product_tag-schwarz-weiss-photographie","105":"product_tag-schwarze","106":"product_tag-schwarzen","107":"product_tag-schwarzer","108":"product_tag-schwarzweiss","109":"product_tag-schwarzweisse","110":"product_tag-schwarzweissen","111":"product_tag-schwarzweisser","112":"product_tag-schwarzweisses","113":"product_tag-schwarzweissfotografie","114":"product_tag-siebziger","115":"product_tag-silbergelatine","116":"product_tag-silbergelatineabzug","117":"product_tag-silbergelatineabzuege","118":"product_tag-silbergelatineprint","119":"product_tag-strasse","120":"product_tag-strassen","121":"product_tag-strassenkreuzung","122":"product_tag-strassenleben","123":"product_tag-strassenszene","124":"product_tag-strassenverkehr","125":"product_tag-suedafrika","126":"product_tag-suedafrikanisch","127":"product_tag-suedafrikanische","128":"product_tag-suedafrikanischen","129":"product_tag-suedafrikanischer","130":"product_tag-suedafrikanisches","131":"product_tag-suedafrikas","132":"product_tag-sw-fotografie","133":"product_tag-sw-photographie","134":"product_tag-werbeplakat","135":"product_tag-werbeplakate","136":"product_tag-werbung","137":"product_tag-zambia","138":"pa_datierung-oktober-1974","139":"pa_fotograf-abisag-tuellmann","140":"pa_geografischer_bezug-aufnahmeort-lusaka-sambia","141":"pa_grunddaten_material_technik-foto-silbergelatine-auf-barytpapier","142":"pa_inventarnummer-tue-74-210-31a","143":"pa_jahr_von-51802","144":"pa_massangaben-bildformat-foto-22-x-293-cm","145":"pa_mediennummer-68963","146":"pa_objekt_typ-fotografie","148":"first","149":"instock","150":"product-type-simple"},"yoast_head":"<!-- This site is optimized with the Yoast SEO plugin v27.3 - https:\/\/yoast.com\/product\/yoast-seo-wordpress\/ -->\n<title>Stra\u00dfenszene in Lusaka, Sambia - Abisag T\u00fcllmann<\/title>\n<meta name=\"robots\" content=\"index, follow, max-snippet:-1, max-image-preview:large, max-video-preview:-1\" \/>\n<link rel=\"canonical\" href=\"https:\/\/bpk-archive.de\/tuellmann\/produkt\/strassenszene-in-lusaka-sambia\/\" \/>\n<meta property=\"og:locale\" content=\"de_DE\" \/>\n<meta property=\"og:type\" content=\"article\" \/>\n<meta property=\"og:title\" content=\"Stra\u00dfenszene in Lusaka, Sambia - Abisag T\u00fcllmann\" \/>\n<meta property=\"og:description\" content=\"Menschen vor einer Bar mit Coca Cola-Reklame R\u00fcckseitenbeschriftung von Hand der Fotografin: &#8222;Lusaka&#8220;\" \/>\n<meta property=\"og:url\" content=\"https:\/\/bpk-archive.de\/tuellmann\/produkt\/strassenszene-in-lusaka-sambia\/\" \/>\n<meta property=\"og:site_name\" content=\"Abisag T\u00fcllmann\" \/>\n<meta property=\"article:modified_time\" content=\"2020-08-11T15:00:16+00:00\" \/>\n<meta property=\"og:image\" content=\"https:\/\/bpk-archive.de\/tuellmann\/wp-content\/uploads\/2019\/08\/bpk_70243066.jpg\" \/>\n\t<meta property=\"og:image:width\" content=\"1200\" \/>\n\t<meta property=\"og:image:height\" content=\"909\" \/>\n\t<meta property=\"og:image:type\" content=\"image\/jpeg\" \/>\n<meta name=\"twitter:card\" content=\"summary_large_image\" \/>\n<script type=\"application\/ld+json\" class=\"yoast-schema-graph\">{\"@context\":\"https:\\\/\\\/schema.org\",\"@graph\":[{\"@type\":\"WebPage\",\"@id\":\"https:\\\/\\\/bpk-archive.de\\\/tuellmann\\\/produkt\\\/strassenszene-in-lusaka-sambia\\\/\",\"url\":\"https:\\\/\\\/bpk-archive.de\\\/tuellmann\\\/produkt\\\/strassenszene-in-lusaka-sambia\\\/\",\"name\":\"Stra\u00dfenszene in Lusaka, Sambia - Abisag T\u00fcllmann\",\"isPartOf\":{\"@id\":\"https:\\\/\\\/bpk-archive.de\\\/tuellmann\\\/#website\"},\"primaryImageOfPage\":{\"@id\":\"https:\\\/\\\/bpk-archive.de\\\/tuellmann\\\/produkt\\\/strassenszene-in-lusaka-sambia\\\/#primaryimage\"},\"image\":{\"@id\":\"https:\\\/\\\/bpk-archive.de\\\/tuellmann\\\/produkt\\\/strassenszene-in-lusaka-sambia\\\/#primaryimage\"},\"thumbnailUrl\":\"https:\\\/\\\/bpk-archive.de\\\/tuellmann\\\/wp-content\\\/uploads\\\/2019\\\/08\\\/bpk_70243066.jpg\",\"datePublished\":\"2019-09-05T14:26:50+00:00\",\"dateModified\":\"2020-08-11T15:00:16+00:00\",\"breadcrumb\":{\"@id\":\"https:\\\/\\\/bpk-archive.de\\\/tuellmann\\\/produkt\\\/strassenszene-in-lusaka-sambia\\\/#breadcrumb\"},\"inLanguage\":\"de\",\"potentialAction\":[{\"@type\":\"ReadAction\",\"target\":[\"https:\\\/\\\/bpk-archive.de\\\/tuellmann\\\/produkt\\\/strassenszene-in-lusaka-sambia\\\/\"]}]},{\"@type\":\"ImageObject\",\"inLanguage\":\"de\",\"@id\":\"https:\\\/\\\/bpk-archive.de\\\/tuellmann\\\/produkt\\\/strassenszene-in-lusaka-sambia\\\/#primaryimage\",\"url\":\"https:\\\/\\\/bpk-archive.de\\\/tuellmann\\\/wp-content\\\/uploads\\\/2019\\\/08\\\/bpk_70243066.jpg\",\"contentUrl\":\"https:\\\/\\\/bpk-archive.de\\\/tuellmann\\\/wp-content\\\/uploads\\\/2019\\\/08\\\/bpk_70243066.jpg\",\"width\":1200,\"height\":909,\"caption\":\"Stra\u00dfenszene in Lusaka, Sambia\"},{\"@type\":\"BreadcrumbList\",\"@id\":\"https:\\\/\\\/bpk-archive.de\\\/tuellmann\\\/produkt\\\/strassenszene-in-lusaka-sambia\\\/#breadcrumb\",\"itemListElement\":[{\"@type\":\"ListItem\",\"position\":1,\"name\":\"Startseite\",\"item\":\"https:\\\/\\\/bpk-archive.de\\\/tuellmann\\\/\"},{\"@type\":\"ListItem\",\"position\":2,\"name\":\"Shop\",\"item\":\"https:\\\/\\\/bpk-archive.de\\\/tuellmann\\\/shop\\\/\"},{\"@type\":\"ListItem\",\"position\":3,\"name\":\"Stra\u00dfenszene in Lusaka, Sambia\"}]},{\"@type\":\"WebSite\",\"@id\":\"https:\\\/\\\/bpk-archive.de\\\/tuellmann\\\/#website\",\"url\":\"https:\\\/\\\/bpk-archive.de\\\/tuellmann\\\/\",\"name\":\"Abisag T\u00fcllmann\",\"description\":\"Eine weitere WordPress-Website\",\"potentialAction\":[{\"@type\":\"SearchAction\",\"target\":{\"@type\":\"EntryPoint\",\"urlTemplate\":\"https:\\\/\\\/bpk-archive.de\\\/tuellmann\\\/?s={search_term_string}\"},\"query-input\":{\"@type\":\"PropertyValueSpecification\",\"valueRequired\":true,\"valueName\":\"search_term_string\"}}],\"inLanguage\":\"de\"}]}<\/script>\n<!-- \/ Yoast SEO plugin. -->","yoast_head_json":{"title":"Stra\u00dfenszene in Lusaka, Sambia - Abisag T\u00fcllmann","robots":{"index":"index","follow":"follow","max-snippet":"max-snippet:-1","max-image-preview":"max-image-preview:large","max-video-preview":"max-video-preview:-1"},"canonical":"https:\/\/bpk-archive.de\/tuellmann\/produkt\/strassenszene-in-lusaka-sambia\/","og_locale":"de_DE","og_type":"article","og_title":"Stra\u00dfenszene in Lusaka, Sambia - Abisag T\u00fcllmann","og_description":"Menschen vor einer Bar mit Coca Cola-Reklame R\u00fcckseitenbeschriftung von Hand der Fotografin: &#8222;Lusaka&#8220;","og_url":"https:\/\/bpk-archive.de\/tuellmann\/produkt\/strassenszene-in-lusaka-sambia\/","og_site_name":"Abisag T\u00fcllmann","article_modified_time":"2020-08-11T15:00:16+00:00","og_image":[{"width":1200,"height":909,"url":"https:\/\/bpk-archive.de\/tuellmann\/wp-content\/uploads\/2019\/08\/bpk_70243066.jpg","type":"image\/jpeg"}],"twitter_card":"summary_large_image","schema":{"@context":"https:\/\/schema.org","@graph":[{"@type":"WebPage","@id":"https:\/\/bpk-archive.de\/tuellmann\/produkt\/strassenszene-in-lusaka-sambia\/","url":"https:\/\/bpk-archive.de\/tuellmann\/produkt\/strassenszene-in-lusaka-sambia\/","name":"Stra\u00dfenszene in Lusaka, Sambia - Abisag T\u00fcllmann","isPartOf":{"@id":"https:\/\/bpk-archive.de\/tuellmann\/#website"},"primaryImageOfPage":{"@id":"https:\/\/bpk-archive.de\/tuellmann\/produkt\/strassenszene-in-lusaka-sambia\/#primaryimage"},"image":{"@id":"https:\/\/bpk-archive.de\/tuellmann\/produkt\/strassenszene-in-lusaka-sambia\/#primaryimage"},"thumbnailUrl":"https:\/\/bpk-archive.de\/tuellmann\/wp-content\/uploads\/2019\/08\/bpk_70243066.jpg","datePublished":"2019-09-05T14:26:50+00:00","dateModified":"2020-08-11T15:00:16+00:00","breadcrumb":{"@id":"https:\/\/bpk-archive.de\/tuellmann\/produkt\/strassenszene-in-lusaka-sambia\/#breadcrumb"},"inLanguage":"de","potentialAction":[{"@type":"ReadAction","target":["https:\/\/bpk-archive.de\/tuellmann\/produkt\/strassenszene-in-lusaka-sambia\/"]}]},{"@type":"ImageObject","inLanguage":"de","@id":"https:\/\/bpk-archive.de\/tuellmann\/produkt\/strassenszene-in-lusaka-sambia\/#primaryimage","url":"https:\/\/bpk-archive.de\/tuellmann\/wp-content\/uploads\/2019\/08\/bpk_70243066.jpg","contentUrl":"https:\/\/bpk-archive.de\/tuellmann\/wp-content\/uploads\/2019\/08\/bpk_70243066.jpg","width":1200,"height":909,"caption":"Stra\u00dfenszene in Lusaka, Sambia"},{"@type":"BreadcrumbList","@id":"https:\/\/bpk-archive.de\/tuellmann\/produkt\/strassenszene-in-lusaka-sambia\/#breadcrumb","itemListElement":[{"@type":"ListItem","position":1,"name":"Startseite","item":"https:\/\/bpk-archive.de\/tuellmann\/"},{"@type":"ListItem","position":2,"name":"Shop","item":"https:\/\/bpk-archive.de\/tuellmann\/shop\/"},{"@type":"ListItem","position":3,"name":"Stra\u00dfenszene in Lusaka, Sambia"}]},{"@type":"WebSite","@id":"https:\/\/bpk-archive.de\/tuellmann\/#website","url":"https:\/\/bpk-archive.de\/tuellmann\/","name":"Abisag T\u00fcllmann","description":"Eine weitere WordPress-Website","potentialAction":[{"@type":"SearchAction","target":{"@type":"EntryPoint","urlTemplate":"https:\/\/bpk-archive.de\/tuellmann\/?s={search_term_string}"},"query-input":{"@type":"PropertyValueSpecification","valueRequired":true,"valueName":"search_term_string"}}],"inLanguage":"de"}]}},"_links":{"self":[{"href":"https:\/\/bpk-archive.de\/tuellmann\/wp-json\/wp\/v2\/product\/70297494","targetHints":{"allow":["GET"]}}],"collection":[{"href":"https:\/\/bpk-archive.de\/tuellmann\/wp-json\/wp\/v2\/product"}],"about":[{"href":"https:\/\/bpk-archive.de\/tuellmann\/wp-json\/wp\/v2\/types\/product"}],"wp:featuredmedia":[{"embeddable":true,"href":"https:\/\/bpk-archive.de\/tuellmann\/wp-json\/wp\/v2\/media\/70292359"}],"wp:attachment":[{"href":"https:\/\/bpk-archive.de\/tuellmann\/wp-json\/wp\/v2\/media?parent=70297494"}],"wp:term":[{"taxonomy":"product_brand","embeddable":true,"href":"https:\/\/bpk-archive.de\/tuellmann\/wp-json\/wp\/v2\/product_brand?post=70297494"},{"taxonomy":"product_cat","embeddable":true,"href":"https:\/\/bpk-archive.de\/tuellmann\/wp-json\/wp\/v2\/product_cat?post=70297494"},{"taxonomy":"product_tag","embeddable":true,"href":"https:\/\/bpk-archive.de\/tuellmann\/wp-json\/wp\/v2\/product_tag?post=70297494"}],"curies":[{"name":"wp","href":"https:\/\/api.w.org\/{rel}","templated":true}]}}