{"id":70297480,"date":"2019-09-05T16:26:50","date_gmt":"2019-09-05T14:26:50","guid":{"rendered":"http:\/\/abisagtuellmann.bpk-news.de\/atbild\/der-kuenstler-arman-im-franzoesischen-pavillon-auf-der-34-biennale-von-venedig\/"},"modified":"2019-09-05T16:26:53","modified_gmt":"2019-09-05T14:26:53","slug":"der-kuenstler-arman-im-franzoesischen-pavillon-auf-der-34-biennale-von-venedig","status":"publish","type":"product","link":"https:\/\/bpk-archive.de\/tuellmann\/produkt\/der-kuenstler-arman-im-franzoesischen-pavillon-auf-der-34-biennale-von-venedig\/","title":{"rendered":"Der K\u00fcnstler Arman im franz\u00f6sischen Pavillon auf der 34. Biennale von Venedig"},"content":{"rendered":"<p>R\u00fcckseitenbeschriftung von Hand der Fotografin: &#8222;Arman&#8220;<\/p>\n","protected":false},"excerpt":{"rendered":"<p>R\u00fcckseitenbeschriftung von Hand der Fotografin: &#8222;Arman&#8220;<\/p>\n","protected":false},"featured_media":70292218,"template":"","meta":[],"product_brand":[],"product_cat":[],"product_tag":[68890,68888,13774,13232,13234,13231,13233,13775,63025,13777,51250,51251,51252,68889,60161,50837,50838,56058,56059,56064,56065,13784,13785,50567,50568,50569,50570,56072,13253,13254,13255,13256,13257,13473,13293,13786,13787,13294,13295,13296,13297,51355,51356,51357,51358,51359,51360,51361,13498,51508,51509,51510,51511,51512,51513,51514,51515,51516,56428,56080,13499,13500,56081,58080,58081,60163,60164,60165,60166,58082,13505,13506,13818,13819,13826,51518,51519,51520,51521,51522,51523,51524,51597,51599,68891,51600,51602,68892,56082,56083,56084,47899,47900,13328,13827,13828,13329,13330,13331,13332,13829,13830,13831,13832,13833,13834,13835,13836,13837,13838,13839,13840,13841,13842,13843,13877,13879,13865,13864,13866,13858,13859,13860,13861,13862,13863,13867,47701,13869,13870,13871,13872,51537,51538,51539,51540,51541,51542,51543,51544,13878,13880,51272,51273,51274,51275,51276,51277,51278,55983,55984,55985,55986,55987,55988,55989,55990,55991,55992,55993,13525,56096,56097],"class_list":{"0":"post-70297480","1":"product","2":"type-product","3":"status-publish","4":"has-post-thumbnail","6":"product_tag-armand-pierre-fernandez","7":"product_tag-17-11-1928-22-10-2005","8":"product_tag-1960er-jahre","9":"product_tag-20-jahrhundert-nach-chr","10":"product_tag-20-jh-n-chr","11":"product_tag-20-jahrhundert","12":"product_tag-20-jh","13":"product_tag-60er","14":"product_tag-abt_007","15":"product_tag-abzug","16":"product_tag-amerikaner","17":"product_tag-amerikanern","18":"product_tag-amerikaners","19":"product_tag-arman","20":"product_tag-at_kunst","21":"product_tag-ausstellung","22":"product_tag-ausstellungen","23":"product_tag-ausstellungspavillon","24":"product_tag-ausstellungspavillons","25":"product_tag-biennale","26":"product_tag-bildende-kunst","27":"product_tag-bildnis","28":"product_tag-bildnisse","29":"product_tag-brustbild","30":"product_tag-brustbilder","31":"product_tag-brustbildnis","32":"product_tag-bruststueck","33":"product_tag-contemporary-art","34":"product_tag-deutsch","35":"product_tag-deutsche","36":"product_tag-deutschen","37":"product_tag-deutscher","38":"product_tag-deutsches","39":"product_tag-drinnen","40":"product_tag-foto","41":"product_tag-fotoabzug","42":"product_tag-fotoabzuege","43":"product_tag-fotografie","44":"product_tag-fotografien","45":"product_tag-fotografin","46":"product_tag-fotografinnen","47":"product_tag-franzose","48":"product_tag-franzosen","49":"product_tag-franzoesisch","50":"product_tag-franzoesische","51":"product_tag-franzoesischen","52":"product_tag-franzoesischer","53":"product_tag-franzoesisches","54":"product_tag-innen","55":"product_tag-italien","56":"product_tag-italiener","57":"product_tag-italienern","58":"product_tag-italienisch","59":"product_tag-italienische","60":"product_tag-italienischen","61":"product_tag-italienischer","62":"product_tag-italienisches","63":"product_tag-italiens","64":"product_tag-kultur","65":"product_tag-kunst","66":"product_tag-kunstausstellung","67":"product_tag-kunstausstellungen","68":"product_tag-kuenste","69":"product_tag-kuenstler","70":"product_tag-kuenstlern","71":"product_tag-kuenstlerportrait","72":"product_tag-kuenstlerportraits","73":"product_tag-kuenstlerportraet","74":"product_tag-kuenstlerportraets","75":"product_tag-kuenstlers","76":"product_tag-kunstwerk","77":"product_tag-kunstwerke","78":"product_tag-mann","79":"product_tag-maenner","80":"product_tag-mannes","81":"product_tag-mediterran","82":"product_tag-mediterrane","83":"product_tag-mediterranen","84":"product_tag-mediterraner","85":"product_tag-mediterranes","86":"product_tag-mittelmeerland","87":"product_tag-mittelmeerlaender","88":"product_tag-norditalien","89":"product_tag-norditalienisch","90":"product_tag-nouveau-realisme","91":"product_tag-oberitalien","92":"product_tag-oberitalienisch","93":"product_tag-objektkunst","94":"product_tag-pavillion","95":"product_tag-pavillon","96":"product_tag-pavillons","97":"product_tag-persoenlichkeit","98":"product_tag-persoenlichkeiten","99":"product_tag-photo","100":"product_tag-photoabzug","101":"product_tag-photoabzuege","102":"product_tag-photographie","103":"product_tag-photographien","104":"product_tag-photographin","105":"product_tag-photographinnen","106":"product_tag-portrait","107":"product_tag-portraitaufnahme","108":"product_tag-portraitfoto","109":"product_tag-portraitfotografie","110":"product_tag-portraitphoto","111":"product_tag-portraitphotographie","112":"product_tag-portraits","113":"product_tag-portraet","114":"product_tag-portraetaufnahme","115":"product_tag-portraetfoto","116":"product_tag-portraetfotografie","117":"product_tag-portraetphoto","118":"product_tag-portraetphotographie","119":"product_tag-portraets","120":"product_tag-print","121":"product_tag-s-w-fotografie","122":"product_tag-s-w-photographie","123":"product_tag-schwarzweissphotographie","124":"product_tag-schwarz-weiss-fotografie","125":"product_tag-schwarz-weiss-photographie","126":"product_tag-schwarzweiss","127":"product_tag-schwarzweisse","128":"product_tag-schwarzweissen","129":"product_tag-schwarzweisser","130":"product_tag-schwarzweisses","131":"product_tag-schwarzweissfotografie","132":"product_tag-sechziger","133":"product_tag-seitenblick","134":"product_tag-silbergelatine","135":"product_tag-silbergelatineabzug","136":"product_tag-silbergelatineabzuege","137":"product_tag-silbergelatineprint","138":"product_tag-suedeuropa","139":"product_tag-suedeuropaeer","140":"product_tag-suedeuropaeisch","141":"product_tag-suedeuropaeische","142":"product_tag-suedeuropaeischem","143":"product_tag-suedeuropaeischen","144":"product_tag-suedeuropaeischer","145":"product_tag-suedeuropaeisches","146":"product_tag-sw-fotografie","147":"product_tag-sw-photographie","148":"product_tag-us-amerikaner","149":"product_tag-us-amerikaners","150":"product_tag-us-amerikanisch","151":"product_tag-us-amerikanische","152":"product_tag-us-amerikanischen","153":"product_tag-us-amerikanischer","154":"product_tag-us-amerikanisches","155":"product_tag-venedig","156":"product_tag-venedigs","157":"product_tag-venezianer","158":"product_tag-venezianern","159":"product_tag-venezianers","160":"product_tag-venezianisch","161":"product_tag-venezianische","162":"product_tag-venezianischem","163":"product_tag-venezianischen","164":"product_tag-venezianischer","165":"product_tag-venezianisches","166":"product_tag-von-innen","167":"product_tag-zeitgenoessische-kunst","168":"product_tag-zeitgenoessischen-kunst","169":"pa_datierung-juni-1968","170":"pa_fotograf-abisag-tuellmann","171":"pa_geografischer_bezug-aufnahmeort-venedig-italien","172":"pa_grunddaten_material_technik-foto-silbergelatine-auf-barytpapier","173":"pa_inventarnummer-tue-68-103-29a","174":"pa_jahr_von-14267","175":"pa_massangaben-bildformat-foto-231-x-298-cm","176":"pa_mediennummer-68885","177":"pa_objekt_typ-fotografie","179":"first","180":"instock","181":"product-type-simple"},"yoast_head":"<!-- This site is optimized with the Yoast SEO plugin v27.3 - https:\/\/yoast.com\/product\/yoast-seo-wordpress\/ -->\n<title>Der K\u00fcnstler Arman im franz\u00f6sischen Pavillon auf der 34. Biennale von Venedig - Abisag T\u00fcllmann<\/title>\n<meta name=\"robots\" content=\"index, follow, max-snippet:-1, max-image-preview:large, max-video-preview:-1\" \/>\n<link rel=\"canonical\" href=\"https:\/\/bpk-archive.de\/tuellmann\/produkt\/der-kuenstler-arman-im-franzoesischen-pavillon-auf-der-34-biennale-von-venedig\/\" \/>\n<meta property=\"og:locale\" content=\"de_DE\" \/>\n<meta property=\"og:type\" content=\"article\" \/>\n<meta property=\"og:title\" content=\"Der K\u00fcnstler Arman im franz\u00f6sischen Pavillon auf der 34. Biennale von Venedig - Abisag T\u00fcllmann\" \/>\n<meta property=\"og:description\" content=\"R\u00fcckseitenbeschriftung von Hand der Fotografin: &#8222;Arman&#8220;\" \/>\n<meta property=\"og:url\" content=\"https:\/\/bpk-archive.de\/tuellmann\/produkt\/der-kuenstler-arman-im-franzoesischen-pavillon-auf-der-34-biennale-von-venedig\/\" \/>\n<meta property=\"og:site_name\" content=\"Abisag T\u00fcllmann\" \/>\n<meta property=\"article:modified_time\" content=\"2019-09-05T14:26:53+00:00\" \/>\n<meta property=\"og:image\" content=\"https:\/\/bpk-archive.de\/tuellmann\/wp-content\/uploads\/2019\/08\/bpk_70242889.jpg\" \/>\n\t<meta property=\"og:image:width\" content=\"1200\" \/>\n\t<meta property=\"og:image:height\" content=\"944\" \/>\n\t<meta property=\"og:image:type\" content=\"image\/jpeg\" \/>\n<meta name=\"twitter:card\" content=\"summary_large_image\" \/>\n<script type=\"application\/ld+json\" class=\"yoast-schema-graph\">{\"@context\":\"https:\\\/\\\/schema.org\",\"@graph\":[{\"@type\":\"WebPage\",\"@id\":\"https:\\\/\\\/bpk-archive.de\\\/tuellmann\\\/produkt\\\/der-kuenstler-arman-im-franzoesischen-pavillon-auf-der-34-biennale-von-venedig\\\/\",\"url\":\"https:\\\/\\\/bpk-archive.de\\\/tuellmann\\\/produkt\\\/der-kuenstler-arman-im-franzoesischen-pavillon-auf-der-34-biennale-von-venedig\\\/\",\"name\":\"Der K\u00fcnstler Arman im franz\u00f6sischen Pavillon auf der 34. Biennale von Venedig - Abisag T\u00fcllmann\",\"isPartOf\":{\"@id\":\"https:\\\/\\\/bpk-archive.de\\\/tuellmann\\\/#website\"},\"primaryImageOfPage\":{\"@id\":\"https:\\\/\\\/bpk-archive.de\\\/tuellmann\\\/produkt\\\/der-kuenstler-arman-im-franzoesischen-pavillon-auf-der-34-biennale-von-venedig\\\/#primaryimage\"},\"image\":{\"@id\":\"https:\\\/\\\/bpk-archive.de\\\/tuellmann\\\/produkt\\\/der-kuenstler-arman-im-franzoesischen-pavillon-auf-der-34-biennale-von-venedig\\\/#primaryimage\"},\"thumbnailUrl\":\"https:\\\/\\\/bpk-archive.de\\\/tuellmann\\\/wp-content\\\/uploads\\\/2019\\\/08\\\/bpk_70242889.jpg\",\"datePublished\":\"2019-09-05T14:26:50+00:00\",\"dateModified\":\"2019-09-05T14:26:53+00:00\",\"breadcrumb\":{\"@id\":\"https:\\\/\\\/bpk-archive.de\\\/tuellmann\\\/produkt\\\/der-kuenstler-arman-im-franzoesischen-pavillon-auf-der-34-biennale-von-venedig\\\/#breadcrumb\"},\"inLanguage\":\"de\",\"potentialAction\":[{\"@type\":\"ReadAction\",\"target\":[\"https:\\\/\\\/bpk-archive.de\\\/tuellmann\\\/produkt\\\/der-kuenstler-arman-im-franzoesischen-pavillon-auf-der-34-biennale-von-venedig\\\/\"]}]},{\"@type\":\"ImageObject\",\"inLanguage\":\"de\",\"@id\":\"https:\\\/\\\/bpk-archive.de\\\/tuellmann\\\/produkt\\\/der-kuenstler-arman-im-franzoesischen-pavillon-auf-der-34-biennale-von-venedig\\\/#primaryimage\",\"url\":\"https:\\\/\\\/bpk-archive.de\\\/tuellmann\\\/wp-content\\\/uploads\\\/2019\\\/08\\\/bpk_70242889.jpg\",\"contentUrl\":\"https:\\\/\\\/bpk-archive.de\\\/tuellmann\\\/wp-content\\\/uploads\\\/2019\\\/08\\\/bpk_70242889.jpg\",\"width\":1200,\"height\":944,\"caption\":\"Der K\u00fcnstler Arman im franz\u00f6sischen Pavillon auf der 34. Biennale von Venedig\"},{\"@type\":\"BreadcrumbList\",\"@id\":\"https:\\\/\\\/bpk-archive.de\\\/tuellmann\\\/produkt\\\/der-kuenstler-arman-im-franzoesischen-pavillon-auf-der-34-biennale-von-venedig\\\/#breadcrumb\",\"itemListElement\":[{\"@type\":\"ListItem\",\"position\":1,\"name\":\"Startseite\",\"item\":\"https:\\\/\\\/bpk-archive.de\\\/tuellmann\\\/\"},{\"@type\":\"ListItem\",\"position\":2,\"name\":\"Shop\",\"item\":\"https:\\\/\\\/bpk-archive.de\\\/tuellmann\\\/shop\\\/\"},{\"@type\":\"ListItem\",\"position\":3,\"name\":\"Der K\u00fcnstler Arman im franz\u00f6sischen Pavillon auf der 34. Biennale von Venedig\"}]},{\"@type\":\"WebSite\",\"@id\":\"https:\\\/\\\/bpk-archive.de\\\/tuellmann\\\/#website\",\"url\":\"https:\\\/\\\/bpk-archive.de\\\/tuellmann\\\/\",\"name\":\"Abisag T\u00fcllmann\",\"description\":\"Eine weitere WordPress-Website\",\"potentialAction\":[{\"@type\":\"SearchAction\",\"target\":{\"@type\":\"EntryPoint\",\"urlTemplate\":\"https:\\\/\\\/bpk-archive.de\\\/tuellmann\\\/?s={search_term_string}\"},\"query-input\":{\"@type\":\"PropertyValueSpecification\",\"valueRequired\":true,\"valueName\":\"search_term_string\"}}],\"inLanguage\":\"de\"}]}<\/script>\n<!-- \/ Yoast SEO plugin. -->","yoast_head_json":{"title":"Der K\u00fcnstler Arman im franz\u00f6sischen Pavillon auf der 34. Biennale von Venedig - Abisag T\u00fcllmann","robots":{"index":"index","follow":"follow","max-snippet":"max-snippet:-1","max-image-preview":"max-image-preview:large","max-video-preview":"max-video-preview:-1"},"canonical":"https:\/\/bpk-archive.de\/tuellmann\/produkt\/der-kuenstler-arman-im-franzoesischen-pavillon-auf-der-34-biennale-von-venedig\/","og_locale":"de_DE","og_type":"article","og_title":"Der K\u00fcnstler Arman im franz\u00f6sischen Pavillon auf der 34. Biennale von Venedig - Abisag T\u00fcllmann","og_description":"R\u00fcckseitenbeschriftung von Hand der Fotografin: &#8222;Arman&#8220;","og_url":"https:\/\/bpk-archive.de\/tuellmann\/produkt\/der-kuenstler-arman-im-franzoesischen-pavillon-auf-der-34-biennale-von-venedig\/","og_site_name":"Abisag T\u00fcllmann","article_modified_time":"2019-09-05T14:26:53+00:00","og_image":[{"width":1200,"height":944,"url":"https:\/\/bpk-archive.de\/tuellmann\/wp-content\/uploads\/2019\/08\/bpk_70242889.jpg","type":"image\/jpeg"}],"twitter_card":"summary_large_image","schema":{"@context":"https:\/\/schema.org","@graph":[{"@type":"WebPage","@id":"https:\/\/bpk-archive.de\/tuellmann\/produkt\/der-kuenstler-arman-im-franzoesischen-pavillon-auf-der-34-biennale-von-venedig\/","url":"https:\/\/bpk-archive.de\/tuellmann\/produkt\/der-kuenstler-arman-im-franzoesischen-pavillon-auf-der-34-biennale-von-venedig\/","name":"Der K\u00fcnstler Arman im franz\u00f6sischen Pavillon auf der 34. Biennale von Venedig - Abisag T\u00fcllmann","isPartOf":{"@id":"https:\/\/bpk-archive.de\/tuellmann\/#website"},"primaryImageOfPage":{"@id":"https:\/\/bpk-archive.de\/tuellmann\/produkt\/der-kuenstler-arman-im-franzoesischen-pavillon-auf-der-34-biennale-von-venedig\/#primaryimage"},"image":{"@id":"https:\/\/bpk-archive.de\/tuellmann\/produkt\/der-kuenstler-arman-im-franzoesischen-pavillon-auf-der-34-biennale-von-venedig\/#primaryimage"},"thumbnailUrl":"https:\/\/bpk-archive.de\/tuellmann\/wp-content\/uploads\/2019\/08\/bpk_70242889.jpg","datePublished":"2019-09-05T14:26:50+00:00","dateModified":"2019-09-05T14:26:53+00:00","breadcrumb":{"@id":"https:\/\/bpk-archive.de\/tuellmann\/produkt\/der-kuenstler-arman-im-franzoesischen-pavillon-auf-der-34-biennale-von-venedig\/#breadcrumb"},"inLanguage":"de","potentialAction":[{"@type":"ReadAction","target":["https:\/\/bpk-archive.de\/tuellmann\/produkt\/der-kuenstler-arman-im-franzoesischen-pavillon-auf-der-34-biennale-von-venedig\/"]}]},{"@type":"ImageObject","inLanguage":"de","@id":"https:\/\/bpk-archive.de\/tuellmann\/produkt\/der-kuenstler-arman-im-franzoesischen-pavillon-auf-der-34-biennale-von-venedig\/#primaryimage","url":"https:\/\/bpk-archive.de\/tuellmann\/wp-content\/uploads\/2019\/08\/bpk_70242889.jpg","contentUrl":"https:\/\/bpk-archive.de\/tuellmann\/wp-content\/uploads\/2019\/08\/bpk_70242889.jpg","width":1200,"height":944,"caption":"Der K\u00fcnstler Arman im franz\u00f6sischen Pavillon auf der 34. Biennale von Venedig"},{"@type":"BreadcrumbList","@id":"https:\/\/bpk-archive.de\/tuellmann\/produkt\/der-kuenstler-arman-im-franzoesischen-pavillon-auf-der-34-biennale-von-venedig\/#breadcrumb","itemListElement":[{"@type":"ListItem","position":1,"name":"Startseite","item":"https:\/\/bpk-archive.de\/tuellmann\/"},{"@type":"ListItem","position":2,"name":"Shop","item":"https:\/\/bpk-archive.de\/tuellmann\/shop\/"},{"@type":"ListItem","position":3,"name":"Der K\u00fcnstler Arman im franz\u00f6sischen Pavillon auf der 34. Biennale von Venedig"}]},{"@type":"WebSite","@id":"https:\/\/bpk-archive.de\/tuellmann\/#website","url":"https:\/\/bpk-archive.de\/tuellmann\/","name":"Abisag T\u00fcllmann","description":"Eine weitere WordPress-Website","potentialAction":[{"@type":"SearchAction","target":{"@type":"EntryPoint","urlTemplate":"https:\/\/bpk-archive.de\/tuellmann\/?s={search_term_string}"},"query-input":{"@type":"PropertyValueSpecification","valueRequired":true,"valueName":"search_term_string"}}],"inLanguage":"de"}]}},"_links":{"self":[{"href":"https:\/\/bpk-archive.de\/tuellmann\/wp-json\/wp\/v2\/product\/70297480","targetHints":{"allow":["GET"]}}],"collection":[{"href":"https:\/\/bpk-archive.de\/tuellmann\/wp-json\/wp\/v2\/product"}],"about":[{"href":"https:\/\/bpk-archive.de\/tuellmann\/wp-json\/wp\/v2\/types\/product"}],"wp:featuredmedia":[{"embeddable":true,"href":"https:\/\/bpk-archive.de\/tuellmann\/wp-json\/wp\/v2\/media\/70292218"}],"wp:attachment":[{"href":"https:\/\/bpk-archive.de\/tuellmann\/wp-json\/wp\/v2\/media?parent=70297480"}],"wp:term":[{"taxonomy":"product_brand","embeddable":true,"href":"https:\/\/bpk-archive.de\/tuellmann\/wp-json\/wp\/v2\/product_brand?post=70297480"},{"taxonomy":"product_cat","embeddable":true,"href":"https:\/\/bpk-archive.de\/tuellmann\/wp-json\/wp\/v2\/product_cat?post=70297480"},{"taxonomy":"product_tag","embeddable":true,"href":"https:\/\/bpk-archive.de\/tuellmann\/wp-json\/wp\/v2\/product_tag?post=70297480"}],"curies":[{"name":"wp","href":"https:\/\/api.w.org\/{rel}","templated":true}]}}